{"id":29703,"date":"2024-05-30T02:21:55","date_gmt":"2024-05-30T02:21:55","guid":{"rendered":"https:\/\/www.v6.newmessage.org\/it\/?page_id=29703"},"modified":"2024-05-30T02:32:22","modified_gmt":"2024-05-30T02:32:22","slug":"linee-guida-per-prepararsi-alla-comunita-piu-grande","status":"publish","type":"page","link":"https:\/\/www.v6.newmessage.org\/it\/il-messaggio\/volume-2\/prepararsi-per-la-comunita-piu-grande\/linee-guida-per-prepararsi-alla-comunita-piu-grande","title":{"rendered":"Linee Guida per Prepararsi alla Comunit\u00e0 Pi\u00f9 Grande"},"content":{"rendered":"<div><!-- Version 7.06--><\/div>\n\n<div class=\"tabgroup \"><ul class=\"tabs\"><li><a href=\"#tabs-1\">Ascolta<\/a><\/li>\n<li><a href=\"#tabs-2\">Nota<\/a><\/li><\/ul>\n <div id=\"tabs-1\"><\/p>\n<p>Ascolta la Rivelazione originale in Inglese:<\/p>\n<div id=\"jquery_jplayer_1\" class=\"jp-jplayer\"><\/div>\n\t\t\t\t<div id=\"jp_container_1\" class=\"jp-audio\">\n\t\t\t\t<div class=\"jp-type-single\"><div class=\"jp-control\"><a href=\"javascript:;\" class=\"jp-play\" tabindex=\"1\">play<\/a><a href=\"javascript:;\" class=\"jp-pause\" tabindex=\"1\">pause<\/a><\/div> <div class=\"jp-gui jp-interface\"><div class=\"jp-volume\"><div class=\"jp-volume-bar\"><div class=\"jp-volume-bar-value\"><\/div><\/div><\/div><div class=\"jp-progress\"><div class=\"jp-seek-bar\"><div class=\"jp-play-bar\"><\/div><\/div><\/div><\/div>\t\t\t\t\t<div class=\"jp-no-solution\"><span>Update Required<\/span>To play the media you will need to either update your browser to a recent version or update your <a href=\"http:\/\/get.adobe.com\/flashplayer\/\" target=\"_blank\">Flash plugin<\/a>.<\/div><\/div><\/div>\n\t\t\t<script type='text\/javascript'>\n\t\t\t\tjQuery(document).ready(function() {\n\t\t\t\t\tif (typeof (sermonMedia) == 'function') {\n\t\t\t\t\t\tsermonMedia.addAudio('', \"jquery_jplayer_1\");\n\t\t\t\t\t}\n\t\t\t\t\tjQuery.jPlayer.timeFormat.showHour = true;\n\t\t\t\t\tjQuery(\"#jquery_jplayer_1\").jPlayer({\n\t\t\t\t\t\tready: function(event) {\n\t\t\t\t\t\t\tjQuery(this).jPlayer(\"setMedia\", {mp3: 'https:\/\/www.newmessage.org\/av\/guidelines-for-preparing-for-the-greater-community.mp3'});\n\t\t\t\t\t\t},\n\t\t\t\t\t\tplay: function() {\n\t\t\t\t\t\t\tjQuery(this).jPlayer(\"pauseOthers\");\n\t\t\t\t\t\t},\n\t\t\t\t\t\tswfPath: ThemeData.directory_uri+\"\/swf\",\n\t\t\t\t\t\tsolution: \"html, flash\",\n\t\t\t\t\t\tpreload: \"metadata\",\n\t\t\t\t\t\twmode: \"window\",\n\t\t\t\t\t\tsupplied: \"mp3\",\n\t\t\t\t\t\tcssSelectorAncestor: '#jp_container_1'\n\t\t\t\t\t});\n\t\t\t\t});\n\t\t\t<\/script><\/p>\n<p><a title=\"Guidelines for Preparing for the Greater Community\" href=\"https:\/\/www.newmessage.org\/av\/guidelines-for-preparing-for-the-greater-community.mp3\">Download<\/a> (clicca Il mouse a destra per Il download)<\/p>\n<p class=\"revelation_details\"><em>Come rivelato al Messaggero di Dio<br \/>\nMarshall Vian Summers<br \/>\nil 19 Giugno 2008<br \/>\na Boulder, Colorado<\/em><\/p>\n<div class=\"toggle toggle-white\"><h4 class=\"trigger \"><span class=\"t_ico\"><\/span><a href=\"#\">Nota Sulla Registrazione<\/a><\/h4><div class=\"toggle_container \"><br \/>\n<p>Quella che state sentendo in questa registrazione \u00e8 la voce della <u>Assemblea <\/u>Angelica che sta parlando tramite il <u>Messaggero <\/u>Marshall Vian Summers.<\/p>\n<p>Qua, la comunicazione originale di Dio, che esiste al di l\u00e0 delle parole, \u00e8 tradotta nel linguaggio e nella comprensione umana dall\u2019Assemblea Angelica che veglia sul mondo. Poi l\u2019Assemblea consegna il Messaggio di Dio tramite il Messaggero.<\/p>\n<p>In questo notevole processo, la Voce della Rivelazione sta parlando di nuovo. La Parola e il suono della Voce sono nel mondo. Per la prima volta nella storia, la registrazione dell\u2019originale rivelazione parlata \u00e8 disponibile affinch\u00e9 voi e il mondo la possiate sentire.<\/p>\n<p>Possiate voi essere i destinatari di questo dono di Rivelazione e possiate essere aperti a ricevere il suo Messaggio unico per voi e per la vostra vita.<\/p>\n<br \/>\n<\/div><\/div>\n<p><\/div>\n<div id=\"tabs-2\"><br \/>\n<em>Nota per il Lettore:<br \/>\nQuesta traduzione \u00e8 stata fornita alla Society da uno studente del Nuovo Messaggio che si \u00e8 offerto volontario per tradurre il testo originale in Inglese. Noi rendiamo questa traduzione disponibile al mondo in questa forma iniziale affinch\u00e9 le persone abbiano la possibilit\u00e0 di interagire con una porzione del Nuovo Messaggio nella propria lingua.<\/em><br \/>\n<\/div>\n\t\t\t\t<div align=\"right\">\n\t\t\t<div class=\"fb-like\" data-href=\"\" data-layout=\"button_count\" data-action=\"like\" data-show-faces=\"false\" data-share=\"false\"><\/div>\n\t\t\t<div class=\"fb-share-button\" data-layout=\"button_count\"> <\/div>\n\t\t\t<div class=\"fb_iframe_widget\"><a href=\"https:\/\/twitter.com\/godsnewmessage?ref_src=twsrc%5Etfw\" class=\"twitter-follow-button\" data-show-count=\"false\">Follow @godsnewmessage<\/a><script async src=\"https:\/\/platform.twitter.com\/widgets.js\" charset=\"utf-8\"><\/script><\/div>\n\t\t\t<\/div> <\/div> \n\n<ol>\n<li style=\"font-weight: 400;\" aria-level=\"1\"><span style=\"font-weight: 400;\">Inizia a leggere i Briefing degli <a href=\"https:\/\/www.alliesofhumanity.org\/it\/\">Alleati dell&#8217;Umanit\u00e0<\/a> e studiali a fondo.<\/span><\/li>\n<li style=\"font-weight: 400;\" aria-level=\"1\"><span style=\"font-weight: 400;\">Leggi tutto quello che puoi sulla <\/span><a href=\"https:\/\/www.v6.newmessage.org\/it\/il-messaggio\/volume-1\/la-comunita-piu-grande\"><span style=\"font-weight: 400;\">Comunit\u00e0 Pi\u00f9 Grande<\/span><\/a><span style=\"font-weight: 400;\"> all&#8217;interno dell&#8217;Insegnamento, <\/span><a href=\"https:\/\/www.v6.newmessage.org\/it\/il-messaggio\/volume-2\/spiritualita-della-comunita-piu-grande\/cosa-e-la-via-della-conoscenza-della-comunita-piu-grande\"><span style=\"font-weight: 400;\">La Via della Conoscenza della Comunit\u00e0 Pi\u00f9 Grande.<\/span><\/a><\/li>\n<li style=\"font-weight: 400;\" aria-level=\"1\"><span style=\"font-weight: 400;\">Informati quanto pi\u00f9 possibile sulla presenza di forze aliene nel mondo.<\/span><\/li>\n<li style=\"font-weight: 400;\" aria-level=\"1\"><span style=\"font-weight: 400;\">Incoraggia l&#8217;unit\u00e0 umana, sottolineando la vulnerabilit\u00e0 dell&#8217;umanit\u00e0 all&#8217;Intromissione e alla persuasione nell&#8217;universo e il fatto che l&#8217;umanit\u00e0 ha poche o nessuna difesa stabilita per affrontare le influenze della Comunit\u00e0 Pi\u00f9 Grande in cui vivi.<\/span><\/li>\n<li style=\"font-weight: 400;\" aria-level=\"1\"><span style=\"font-weight: 400;\">Sostieni la disclosure della presenza extraterrestre\u2014divulgazione da parte dei governi, divulgazione da parte dell&#8217;Intromissione stessa e divulgazione da parte del pubblico, che \u00e8 gi\u00e0 stato colpito in molti modi.<\/span><\/li>\n<li style=\"font-weight: 400;\" aria-level=\"1\"><span style=\"font-weight: 400;\">Pensa a te stesso che stai vivendo all&#8217;interno di una Comunit\u00e0 Pi\u00f9 Grande di vita intelligente, una Comunit\u00e0 Pi\u00f9 Grande in cui la vita si \u00e8 evoluta e la tecnologia si \u00e8 accelerata, ma una Comunit\u00e0 Pi\u00f9 Grande in cui i limiti della vita fisica si ripercuotono ancora su tutti coloro che esistono nell&#8217;universo fisico.<\/span><\/li>\n<li style=\"font-weight: 400;\" aria-level=\"1\"><span style=\"font-weight: 400;\">Non cadere preda delle persuasioni e degli incitamenti di alcuna presenza extraterrestre attiva nel mondo e che interferisce negli affari umani. Non credere che qualcuno verr\u00e0 qui a salvare o a soccorrere un&#8217;umanit\u00e0 in difficolt\u00e0 e [riconosci] che coloro che fingono di farlo sono qui per i loro scopi\u2014sfruttare la debolezza, le divisioni e le superstizioni dell&#8217;umanit\u00e0.<\/span><\/li>\n<li style=\"font-weight: 400;\" aria-level=\"1\"><span style=\"font-weight: 400;\">Vedi l&#8217;umanit\u00e0 e te stesso come i popoli nativi del mondo che stanno affrontando l&#8217;Intromissione. Cosa devono fare i popoli nativi per proteggere i loro confini e per determinare come, quando e dove deve avvenire l&#8217;attivit\u00e0 di contatto con l&#8217;esterno per il bene dei popoli nativi del mondo?<\/span><\/li>\n<li style=\"font-weight: 400;\" aria-level=\"1\"><span style=\"font-weight: 400;\">Non credere che altre razze abbiano diritti su questo mondo, o che siano geneticamente legate alla razza umana, o che siano i genitori o le guide dell&#8217;umanit\u00e0 in qualche modo. Questa \u00e8 una falsit\u00e0 che viene presentata dalle forze che stanno intervenendo nel mondo di oggi.<\/span><\/li>\n<li style=\"font-weight: 400;\" aria-level=\"1\"><span style=\"font-weight: 400;\">Comprendi perch\u00e9 gli Alleati dell&#8217;umanit\u00e0 non sono presenti nel mondo e hanno assunto una posizione di non-interferenza, limitandosi a condividere la loro saggezza e le loro intuizioni per coloro che cercano di conoscere la vita al di l\u00e0 di questo mondo.<\/span><\/li>\n<li style=\"font-weight: 400;\" aria-level=\"1\"><span style=\"font-weight: 400;\">Preparati per le<\/span><a href=\"https:\/\/www.v6.newmessage.org\/it\/il-messaggio\/volume-4\/le-grandi-onde-del-cambiamento\"><span style=\"font-weight: 400;\"> Grandi Onde del cambiamento<\/span><\/a><span style=\"font-weight: 400;\"> che stanno arrivando nel mondo in modo da essere in una posizione forte per navigare in queste Grandi Onde del cambiamento e per essere al servizio degli altri. In questo modo sosterrai l&#8217;umanit\u00e0 e la preparerai per il suo futuro all&#8217;interno di una Comunit\u00e0 Pi\u00f9 Grande di vita intelligente.<\/span><\/li>\n<li style=\"font-weight: 400;\" aria-level=\"1\"><span style=\"font-weight: 400;\">Non lasciare che qualcuno ti convinca che le forze che stanno intervenendo nel mondo siano qui per il bene dell&#8217;umanit\u00e0. Questo rappresenta una confusione da parte della famiglia umana e un inganno da parte di quelle forze che sono gi\u00e0 qui.<\/span><\/li>\n<li style=\"font-weight: 400;\" aria-level=\"1\"><span style=\"font-weight: 400;\">Comprendi che l&#8217;umanit\u00e0 deve stabilire un confine con lo spazio, che i tentativi di Intromissione e di persuasione saranno continui e che l&#8217;umanit\u00e0\u2014perch\u00e9 \u00e8 divisa e perch\u00e9 \u00e8 ignorante sulle realt\u00e0 della vita nell&#8217;universo\u2014\u00e8 particolarmente vulnerabile alla persuasione e all&#8217;Intromissione esterna.<\/span><\/li>\n<li style=\"font-weight: 400;\" aria-level=\"1\"><span style=\"font-weight: 400;\">Scopri se tu stesso hai avuto contatti con forze extraterrestri, sia attraverso l&#8217;ambiente mentale che attraverso un contatto fisico diretto. Sii coraggioso nel chiederti: &#8220;Ho avuto un contatto diretto con una forza extraterrestre? E se s\u00ec, qual \u00e8 stata la natura del contatto e cosa \u00e8 successo?&#8221;.<\/span><\/li>\n<li style=\"font-weight: 400;\" aria-level=\"1\"><span style=\"font-weight: 400;\">Denuncia la guerra come un indebolimento della famiglia umana di fronte alla Comunit\u00e0 Pi\u00f9 Grande. Enfatizza l&#8217;unit\u00e0 e la cooperazione nell&#8217;umanit\u00e0 che sta affrontando le Grandi Onde del cambiamento e che si sta preparando ai grandi incontri con la Comunit\u00e0 Pi\u00f9 Grande in cui esiste.<\/span><\/li>\n<li style=\"font-weight: 400;\" aria-level=\"1\"><span style=\"font-weight: 400;\">Condividi i Briefing degli Alleati dell&#8217;Umanit\u00e0 con il maggior numero di persone possibile e invia la Dichiarazione di Sovranit\u00e0 Umana ai tuoi amici e colleghi e ai leader governativi. Pi\u00f9 persone lo sapranno, pi\u00f9 forte sar\u00e0 l&#8217;umanit\u00e0 e pi\u00f9 sar\u00e0 in grado di respingere l&#8217;Intromissione e la persuasione per stabilire la propria rotta e diventare una razza libera e avanzata nell&#8217;universo.<\/span><\/li>\n<li style=\"font-weight: 400;\" aria-level=\"1\"><span style=\"font-weight: 400;\">Non credere che il rapimento di esseri umani da parte di forze extraterrestri sia vantaggioso per l&#8217;umanit\u00e0. Cerca di capire che questi rapimenti hanno il solo scopo di allevare un essere ibrido in grado di influenzare i governi, il commercio e le istituzioni religiose, oltre che di creare una rete di sostenitori per l&#8217;Intromissione stessa. Si tratta di una grave violazione dei vostri diritti e del vostro benessere e di un&#8217;enorme minaccia per il futuro e la libert\u00e0 dell&#8217;umanit\u00e0.<\/span><\/li>\n<li style=\"font-weight: 400;\" aria-level=\"1\"><span style=\"font-weight: 400;\">Riconosci che una tecnologia avanzata non equivale a un&#8217;etica e a una moralit\u00e0 avanzate. Usa l&#8217;umanit\u00e0 come buon esempio di questo. Non pensare che coloro che hanno acquisito la capacit\u00e0 di viaggiare nello spazio rappresentano un progresso nell&#8217;etica, nella morale, nella religione o nella spiritualit\u00e0. Non pensare che possano insegnarti qualcosa a riguardo, perch\u00e9 in molti casi sei pi\u00f9 avanti di loro nella consapevolezza della realt\u00e0 di Dio e della natura della tua spiritualit\u00e0.<\/span><\/li>\n<li style=\"font-weight: 400;\" aria-level=\"1\"><span style=\"font-weight: 400;\">Comprendi che per essere libera nell&#8217;universo, l&#8217;umanit\u00e0 dovr\u00e0 soddisfare tre requisiti: unit\u00e0, autosufficienza e discrezione. L&#8217;umanit\u00e0 dovr\u00e0 raggiungere questi obiettivi in misura molto elevata. Al momento, nessuno di questi viene coltivato adeguatamente. Questo rappresenta l&#8217;enfasi e il focus per unire l&#8217;umanit\u00e0 nella propria difesa e prepararla a emergere in un&#8217;arena di vita pi\u00f9 grande.<\/span><\/li>\n<li style=\"font-weight: 400;\" aria-level=\"1\"><span style=\"font-weight: 400;\">Comprendi che l&#8217;Intromissione che c&#8217;\u00e8 oggi nel mondo \u00e8 qui per spezzare l&#8217;unit\u00e0 umana. \u00c8 qui per abbattere la capacit\u00e0 dell&#8217;umanit\u00e0 di essere autosufficiente ed \u00e8 qui per imparare il pi\u00f9 possibile sulla natura umana, sul comportamento umano e sulla societ\u00e0 umana, minando cos\u00ec la vostra discrezione e mettendo a nudo le vostre debolezze.<\/span><\/li>\n<li style=\"font-weight: 400;\" aria-level=\"1\"><span style=\"font-weight: 400;\">Guarda le stelle con chiarezza e sobriet\u00e0. \u00c8 un ambiente sfidante ma meraviglioso nell&#8217;universo, ma devi essere forte e determinato per emergere in questa arena pi\u00f9 grande.<\/span><\/li>\n<li style=\"font-weight: 400;\" aria-level=\"1\"><span style=\"font-weight: 400;\">Impara <\/span><a href=\"https:\/\/www.v6.newmessage.org\/it\/il-messaggio\/volume-3\/vivere-la-via-della-conoscenza\"><span style=\"font-weight: 400;\">la Via della Conoscenza<\/span><\/a><span style=\"font-weight: 400;\"> e costruisci le tue fondamenta nella Conoscenza in modo che ti protegga dalla persuasione e dall&#8217;Intromissione e che ti guidi nel servizio all&#8217;umanit\u00e0, per prepararla a diventare pi\u00f9 unita, pi\u00f9 determinata e pi\u00f9 capace di rispondere e funzionare all&#8217;interno di una Comunit\u00e0 Pi\u00f9 Grande di vita.<\/span><\/li>\n<li style=\"font-weight: 400;\" aria-level=\"1\"><span style=\"font-weight: 400;\">Comprendi che Dio ha fornito un avvertimento e una preparazione per la Comunit\u00e0 Pi\u00f9 Grande, in modo che l&#8217;umanit\u00e0 possa attraversare in modo sicuro questa grande soglia e realizzare una maggiore unit\u00e0 e cooperazione tra la famiglia umana, e prepararsi sia alla realt\u00e0 che alla spiritualit\u00e0 della vita nell&#8217;universo.<\/span><\/li>\n<li style=\"font-weight: 400;\" aria-level=\"1\"><span style=\"font-weight: 400;\">Non pensare che una qualsiasi razza venga fisicamente qui a salvare l&#8217;umanit\u00e0. \u00c8 l&#8217;umanit\u00e0 stessa che deve costruire la sua unit\u00e0 e la sua cooperazione, la sua forza e la sua determinazione. Educare le persone alla realt\u00e0 e alla spiritualit\u00e0 della vita nell&#8217;universo \u00e8 una preparazione essenziale per sostenere questo progresso. Tutte le razze che vengono qui e affermano di essere qui per salvare l&#8217;umanit\u00e0 rappresentano un grande pericolo e un grande inganno.<\/span><\/li>\n<li style=\"font-weight: 400;\" aria-level=\"1\"><span style=\"font-weight: 400;\">Mantieni la fiducia in te stesso e nel potere e nella potenza della famiglia umana. Non perdere la fiducia nei leader o nelle istituzioni umane, a prescindere dalle loro falsit\u00e0 o dai loro errori. L&#8217;umanit\u00e0 ha la forza nascosta di respingere l&#8217;Intromissione e la persuasione e di emergere in una Comunit\u00e0 Pi\u00f9 Grande di vita intelligente come razza libera e autodeterminata. Non permettere a nulla di scalfire questa fede e questa fiducia, perch\u00e9 oggi nel mondo ci sono molte forze che cercano di fare proprio questo.<\/span><\/li>\n<li style=\"font-weight: 400;\" aria-level=\"1\"><span style=\"font-weight: 400;\">Riconosci in che misura puoi avere un&#8217;origine e una realt\u00e0 della Comunit\u00e0 Pi\u00f9 Grande all&#8217;interno di te stesso. \u00c8 possibile che tu abbia vissuto in altri mondi e che la tua esperienza della Comunit\u00e0 Pi\u00f9 Grande faccia parte delle tue fondamenta. Accetta questa possibilit\u00e0 e lascia che le rivelazioni in merito, qualsivoglia esse siano, emergano nella tua mente nel corso del tempo. Sei un cittadino non solo di questo mondo, ma di una Comunit\u00e0 Pi\u00f9 Grande di vita intelligente e questo rappresenta, in un contesto pi\u00f9 ampio, il significato e il potere delle tue relazioni e della tua spiritualit\u00e0.<\/span><\/li>\n<li style=\"font-weight: 400;\" aria-level=\"1\"><span style=\"font-weight: 400;\">Comprendi che l&#8217;umanit\u00e0 ha un destino nella Comunit\u00e0 Pi\u00f9 Grande, un destino come razza libera e autodeterminata. Ma per raggiungere e realizzare questo destino, l&#8217;umanit\u00e0 deve diventare unita; deve cessare le guerre e i conflitti; deve imparare a limitare i danni che sta creando sulla Terra per creare un&#8217;esistenza sostenibile e autosufficiente qui in questo mondo.<\/span><\/li>\n<li style=\"font-weight: 400;\" aria-level=\"1\"><span style=\"font-weight: 400;\">Comprendi che l&#8217;umanit\u00e0 non potr\u00e0 andare a sfruttare e saccheggiare la Comunit\u00e0 Pi\u00f9 Grande, perch\u00e9 al di l\u00e0 di questo sistema solare, le terre, le regioni e le rotte di viaggio sono di propriet\u00e0 di altri. L&#8217;umanit\u00e0 dovr\u00e0 imparare a diventare autosufficiente all&#8217;interno della propria sfera di influenza in questo sistema solare. Se riuscir\u00e0 a raggiungere questo obiettivo, allora potr\u00e0 respingere l&#8217;Intromissione e l&#8217;influenza dall&#8217;esterno e affermarsi come razza libera e autodeterminata nell&#8217;universo.<\/span><\/li>\n<\/ol>\n","protected":false},"excerpt":{"rendered":"<p>Linee Guida per Prepararsi alla Comunit\u00e0 Pi\u00f9 Grande:<br \/>\nInizia a leggere i Briefing degli Alleati dell&#8217;Umanit\u00e0 e studiali a fondo.<br \/>\nLeggi tutto quello che puoi sulla Comunit\u00e0 Pi\u00f9 Grande all&#8217;interno dell&#8217;Insegnamento, La Via della Conoscenza della Comunit\u00e0 Pi\u00f9 Grande.<br \/>\nInformati quanto pi\u00f9 possibile sulla presenza di forze aliene nel mondo.<br \/>\nIncoraggia l&#8217;unit\u00e0 umana, sottolineando la vulnerabilit\u00e0 dell&#8217;umanit\u00e0 all&#8217;Intromissione e alla persuasione nell&#8217;universo e il fatto che l&#8217;umanit\u00e0 ha poche o nessuna difesa stabilita per affrontare le influenze della Comunit\u00e0 Pi\u00f9 Grande in cui vivi.<br \/>\nSostieni la disclosure della presenza extraterrestre\u2014divulgazione da parte dei governi, divulgazione da parte dell&#8217;Intromissione stessa e divulgazione da parte del pubblico, che \u00e8 gi\u00e0 stato colpito in molti modi.<br \/>\nPensa a te stesso che stai vivendo all&#8217;interno di una Comunit\u00e0 Pi\u00f9 Grande di vita intelligente, una Comunit\u00e0 Pi\u00f9 Grande in cui la vita si \u00e8 evoluta e la tecnologia si \u00e8 accelerata, ma una Comunit\u00e0 Pi\u00f9 Grande in cui i limiti della vita fisica si ripercuotono ancora su tutti coloro che esistono nell&#8217;universo fisico.<br \/>\nNon cadere preda delle persuasioni e degli incitamenti di alcuna presenza extraterrestre attiva nel mondo e che interferisce negli affari umani. Non credere che qualcuno verr\u00e0 qui a salvare o a soccorrere un&#8217;umanit\u00e0 in difficolt\u00e0 e [riconosci] che coloro che fingono di farlo sono qui per i loro scopi\u2014sfruttare la debolezza, le divisioni e le superstizioni dell&#8217;umanit\u00e0.<br \/>\nVedi l&#8217;umanit\u00e0 e te stesso come i popoli nativi del mondo che stanno affrontando l&#8217;Intromissione. Cosa devono fare i popoli nativi per proteggere i loro confini e per determinare come, quando e dove deve avvenire l&#8217;attivit\u00e0 di contatto con l&#8217;esterno per il bene dei popoli nativi del mondo?<br \/>\nNon credere che altre razze abbiano diritti su questo mondo, o che siano geneticamente legate alla razza umana, o che siano i genitori o le guide dell&#8217;umanit\u00e0 in qualche modo. Questa \u00e8 una falsit\u00e0 che viene presentata dalle forze che stanno intervenendo nel mondo di oggi.<br \/>\nComprendi perch\u00e9 gli Alleati dell&#8217;umanit\u00e0 non sono presenti nel mondo e hanno assunto una posizione di non-interferenza, limitandosi a condividere la loro saggezza e le loro intuizioni per coloro che cercano di conoscere la vita al di l\u00e0 di questo mondo.<br \/>\nPreparati per le Grandi Onde del cambiamento che stanno arrivando nel mondo in modo da essere in una posizione forte per navigare in queste Grandi Onde del cambiamento e per essere al servizio degli altri. In questo modo sosterrai l&#8217;umanit\u00e0 e la preparerai per il suo futuro all&#8217;interno di una Comunit\u00e0 Pi\u00f9 Grande di vita intelligente.<\/p>\n","protected":false},"author":62,"featured_media":0,"parent":28642,"menu_order":0,"comment_status":"closed","ping_status":"closed","template":"template-leftsidebar.php","meta":{"_monsterinsights_skip_tracking":false,"_monsterinsights_sitenote_active":false,"_monsterinsights_sitenote_note":"","_monsterinsights_sitenote_category":0,"footnotes":""},"categories":[110,943,76,471],"tags":[749,740,745,750,945,1356,743,748,741,746,747,742],"_links":{"self":[{"href":"https:\/\/www.v6.newmessage.org\/it\/wp-json\/wp\/v2\/pages\/29703"}],"collection":[{"href":"https:\/\/www.v6.newmessage.org\/it\/wp-json\/wp\/v2\/pages"}],"about":[{"href":"https:\/\/www.v6.newmessage.org\/it\/wp-json\/wp\/v2\/types\/page"}],"author":[{"embeddable":true,"href":"https:\/\/www.v6.newmessage.org\/it\/wp-json\/wp\/v2\/users\/62"}],"replies":[{"embeddable":true,"href":"https:\/\/www.v6.newmessage.org\/it\/wp-json\/wp\/v2\/comments?post=29703"}],"version-history":[{"count":6,"href":"https:\/\/www.v6.newmessage.org\/it\/wp-json\/wp\/v2\/pages\/29703\/revisions"}],"predecessor-version":[{"id":29710,"href":"https:\/\/www.v6.newmessage.org\/it\/wp-json\/wp\/v2\/pages\/29703\/revisions\/29710"}],"up":[{"embeddable":true,"href":"https:\/\/www.v6.newmessage.org\/it\/wp-json\/wp\/v2\/pages\/28642"}],"wp:attachment":[{"href":"https:\/\/www.v6.newmessage.org\/it\/wp-json\/wp\/v2\/media?parent=29703"}],"wp:term":[{"taxonomy":"category","embeddable":true,"href":"https:\/\/www.v6.newmessage.org\/it\/wp-json\/wp\/v2\/categories?post=29703"},{"taxonomy":"post_tag","embeddable":true,"href":"https:\/\/www.v6.newmessage.org\/it\/wp-json\/wp\/v2\/tags?post=29703"}],"curies":[{"name":"wp","href":"https:\/\/api.w.org\/{rel}","templated":true}]}}