{"id":29620,"date":"2023-11-20T02:15:34","date_gmt":"2023-11-20T02:15:34","guid":{"rendered":"https:\/\/www.newmessage.org\/it\/?page_id=29620"},"modified":"2023-11-20T02:16:49","modified_gmt":"2023-11-20T02:16:49","slug":"lobiettivo-e-lo-scopo-della-rivelazione","status":"publish","type":"page","link":"https:\/\/www.v6.newmessage.org\/it\/il-messaggio\/volume-5\/la-profezia-del-nuovo-mondo\/lobiettivo-e-lo-scopo-della-rivelazione","title":{"rendered":"L&#8217;Obiettivo e lo Scopo della Rivelazione"},"content":{"rendered":"<div><!-- version: 6.1 --><\/div>\n\n<div class=\"tabgroup \"><ul class=\"tabs\"><li><a href=\"#tabs-1\">Ascolta<\/a><\/li>\n<li><a href=\"#tabs-2\">Story<\/a><\/li>\n<li><a href=\"#tabs-3\">Commenta<\/a><\/li>\n<li><a href=\"#tabs-4\">Nota<\/a><\/li><\/ul>\n <div id=\"tabs-1\">\n<p>Ascolta la Voce della Rivelazione Originale in Inglese:<\/p>\n\t\t\t\t<div id=\"jquery_jplayer_1\" class=\"jp-jplayer\"><\/div>\n\t\t\t\t<div id=\"jp_container_1\" class=\"jp-audio\">\n\t\t\t\t<div class=\"jp-type-single\"><div class=\"jp-control\"><a href=\"javascript:;\" class=\"jp-play\" tabindex=\"1\">play<\/a><a href=\"javascript:;\" class=\"jp-pause\" tabindex=\"1\">pause<\/a><\/div> <div class=\"jp-gui jp-interface\"><div class=\"jp-volume\"><div class=\"jp-volume-bar\"><div class=\"jp-volume-bar-value\"><\/div><\/div><\/div><div class=\"jp-progress\"><div class=\"jp-seek-bar\"><div class=\"jp-play-bar\"><\/div><\/div><\/div><\/div>\t\t\t\t\t<div class=\"jp-no-solution\"><span>Update Required<\/span>To play the media you will need to either update your browser to a recent version or update your <a href=\"http:\/\/get.adobe.com\/flashplayer\/\" target=\"_blank\">Flash plugin<\/a>.<\/div><\/div><\/div>\n\t\t\t<script type='text\/javascript'>\n\t\t\t\tjQuery(document).ready(function() {\n\t\t\t\t\tif (typeof (sermonMedia) == 'function') {\n\t\t\t\t\t\tsermonMedia.addAudio('', \"jquery_jplayer_1\");\n\t\t\t\t\t}\n\t\t\t\t\tjQuery.jPlayer.timeFormat.showHour = true;\n\t\t\t\t\tjQuery(\"#jquery_jplayer_1\").jPlayer({\n\t\t\t\t\t\tready: function(event) {\n\t\t\t\t\t\t\tjQuery(this).jPlayer(\"setMedia\", {mp3: 'https:\/\/www.newmessage.org\/av\/the-goal-and-purpose-of-the-revelation.mp3'});\n\t\t\t\t\t\t},\n\t\t\t\t\t\tplay: function() {\n\t\t\t\t\t\t\tjQuery(this).jPlayer(\"pauseOthers\");\n\t\t\t\t\t\t},\n\t\t\t\t\t\tswfPath: ThemeData.directory_uri+\"\/swf\",\n\t\t\t\t\t\tsolution: \"html, flash\",\n\t\t\t\t\t\tpreload: \"metadata\",\n\t\t\t\t\t\twmode: \"window\",\n\t\t\t\t\t\tsupplied: \"mp3\",\n\t\t\t\t\t\tcssSelectorAncestor: '#jp_container_1'\n\t\t\t\t\t});\n\t\t\t\t});\n\t\t\t<\/script>\n<p><a title=\"The Goal and Purpose of Revelation\" href=\"https:\/\/www.newmessage.org\/av\/the-goal-and-purpose-of-the-revelation.mp3\">Download<\/a>(clicca tasto destro del mouse)<\/p>\n<p><em>Come rivelato a<br \/>\nMarshall Vian Summers<br \/>\nil 3 Novembre 2012<br \/>\na Kuala Lumpur, Malesia<br \/>\n<\/em><\/p>\n<div class=\"toggle toggle-white\"><h4 class=\"trigger \"><span class=\"t_ico\"><\/span><a href=\"#\">Note riguardo a questa registrazione<\/a><\/h4><div class=\"toggle_container \"><br \/>\n<p>Quella che state sentendo in questa registrazione \u00e8 la voce della <u>Assemblea <\/u>Angelica che sta parlando tramite il <u>Messaggero <\/u>Marshall Vian Summers.<\/p>\n<p>Qua, la comunicazione originale di Dio, che esiste al di l\u00e0 delle parole, \u00e8 tradotta nel linguaggio e nella comprensione umana dall\u2019Assemblea Angelica che veglia sul mondo. Poi l\u2019Assemblea consegna il Messaggio di Dio tramite il Messaggero.<\/p>\n<p>In questo notevole processo, la Voce della Rivelazione sta parlando di nuovo. La Parola e il suono della Voce sono nel mondo. Per la prima volta nella storia, la registrazione dell\u2019originale rivelazione parlata \u00e8 disponibile affinch\u00e9 voi e il mondo la possiate sentire.<\/p>\n<p>Possiate voi essere i destinatari di questo dono di Rivelazione e possiate essere aperti a ricevere il suo Messaggio unico per voi e per la vostra vita.<\/p>\n<br \/>\n<\/div><\/div>\n<p><\/div>\n<div id=\"tabs-2\"><br \/>\n<strong><span style=\"font-weight: 400;\"><a href=\"\/gods-messenger\/journeys-messenger\/prophet-of-god-in-malaysia\">Leggi la storia di come fu ricevuta questa Rivelazione (in inglese)<\/a>. Story by Reed Summers<\/span><\/strong><br \/>\n<\/div>\n<div id=\"tabs-3\"><\/p>\n<p><a class='simple_button_link ' style='background-color: #4f8fd6' href='https:\/\/www.community.newmessage.org\/'   ><span>Commenta<\/span><\/a>&#8216;Questa Rivelazione&#8217; sul sito della Worldwide Community (necessario effettuare la registrazione gratuita)<\/p>\n<p><\/div>\n<div id=\"tabs-4\"><br \/>\n<em>Nota per il Lettore:<br \/>\nQuesta traduzione \u00e8 stata fornita a The Society da uno studente del Nuovo Messaggio che si \u00e8 offerto volontario per tradurre il testo originale in Inglese. Noi rendiamo questa traduzione disponibile al mondo in questa forma iniziale affinch\u00e9 le persone abbiano la possibilit\u00e0 di interagire con una porzione del Nuovo Messaggio nella propria lingua.<\/em><br \/>\n<\/div>\n\t\t\t\t<div align=\"right\">\n\t\t\t<div class=\"fb-like\" data-href=\"\" data-layout=\"button_count\" data-action=\"like\" data-show-faces=\"false\" data-share=\"false\"><\/div>\n\t\t\t<div class=\"fb-share-button\" data-layout=\"button_count\"> <\/div>\n\t\t\t<div class=\"fb_iframe_widget\"><a href=\"https:\/\/twitter.com\/godsnewmessage?ref_src=twsrc%5Etfw\" class=\"twitter-follow-button\" data-show-count=\"false\">Follow @godsnewmessage<\/a><script async src=\"https:\/\/platform.twitter.com\/widgets.js\" charset=\"utf-8\"><\/script><\/div>\n\t\t\t<\/div> <\/div> \n<br \/>\nL&#8217;umanit\u00e0 sta entrando in una fase pericolosa del suo sviluppo, una fase in cui esaurir\u00e0 le risorse del mondo in molti modi, portando alla contrazione economica e, in alcuni luoghi, al collasso completo.<\/p>\n<p>L&#8217;umanit\u00e0 ha saccheggiato la Terra a tal punto da non poter sostenere una popolazione cos\u00ec numerosa come in passato e sar\u00e0 necessario adottare grandi misure per riorganizzare la civilt\u00e0 e porre fine a guerre e conflitti in modo che l&#8217;umanit\u00e0 possa costruire nuove fondamenta in un mondo degradato e impoverito.<\/p>\n<p>Le persone non se ne rendono conto di questo, ovviamente. Pensano che la Terra sia illimitata, che provveder\u00e0 per sempre ai loro desideri vaganti\u2014il desiderio di ricchezza, di crescita e di espansione. Ma, purtroppo, la Terra ha dei limiti, cos\u00ec come ognuno di voi, e questi limiti sono stati raggiunti in molti modi.<\/p>\n<p>L&#8217;umanit\u00e0 si trova a un grande punto di svolta in cui dovr\u00e0 decidere, con un numero infinito di decisioni, se perseguire un percorso di crescita ed espansione, di competizione e di conflitto con le altre nazioni per l&#8217;accesso alle risorse rimanenti del mondo, oppure se l&#8217;umanit\u00e0 riconoscer\u00e0 la sua condizione collettiva, il suo destino in comune, e comincer\u00e0 a lavorare per costruire una maggiore sicurezza per la comunit\u00e0 mondiale stessa e non solo una sicurezza maggiore per la propria nazione, trib\u00f9 o gruppo.<\/p>\n<p>Questa \u00e8 una grande prova che tutte le razze emergenti nell&#8217;universo devono affrontare e superare, perch\u00e9 tutte esauriranno le risorse del loro mondo, il che pone un&#8217;enorme serie di problemi di adattamento, cooperazione e maggiore unit\u00e0.<\/p>\n<p>L&#8217;umanit\u00e0 ha raggiunto questa grande soglia. Ha anche raggiunto la grande soglia in cui dovr\u00e0 confrontarsi con forze invasive provenienti dall&#8217;universo, che sono qui per approfittare della situazione, per presentarsi come benevoli, illuminati e onnipotenti\u2014qualit\u00e0 da cui un&#8217;umanit\u00e0 indebolita e disperata pu\u00f2 essere facilmente sedotta.<\/p>\n<p>Questi incitamenti sono gi\u00e0 stati esercitati sui leader della religione, delle nazioni e del commercio. Chi di loro riesce a vedere l&#8217;inganno? Chi di loro \u00e8 abbastanza forte con La Conoscenza che Dio ha dato a loro per riconoscere l&#8217;inganno? Chi tra voi \u00e8 in grado di riconoscere l&#8217;inganno?<\/p>\n<p>Tutto questo fa parte della grande soglia che l&#8217;umanit\u00e0 sta iniziando a varcare, che metter\u00e0 gruppo contro gruppo, nazione contro nazione. La competizione diventer\u00e0 molto conflittuale. Le nazioni si contenderanno l&#8217;accesso a risorse preziose che si riducono all&#8217;interno dei loro paesi. Sar\u00e0 una situazione che richiede una grande moderazione e il riconoscimento che nessuna nazione pu\u00f2 fallire ora senza immense conseguenze per il mondo intero.<\/p>\n<p>Le economie sono sotto pressione. I governi stanno esaurendo le risorse. Si tratta di una situazione in continuo cambiamento, su una scala mai vista prima in questo mondo, sebbene si sia ripetuta innumerevoli volte nell&#8217;universo che vi circonda, da razze molto diverse da voi, ma che si sono comunque trovate in una grave situazione, un grande insieme di dilemmi. Si sono anche trovati ad affrontare l&#8217;intervento dell&#8217;universo che li circonda, cosa che spesso avviene a una soglia come questa. \u00c8 una grande opportunit\u00e0 per piccoli gruppi e altre nazioni di avere accesso alle risorse del mondo e al suo valore senza l&#8217;uso di armi o della forza.<\/p>\n<p>L&#8217;umanit\u00e0 \u00e8 seduta su un pianeta apprezzato da altri. Non conosce la sua vulnerabilit\u00e0 in questo senso. \u00c8 sconsiderata e irresponsabile nell&#8217;uso del mondo e ora deve fare i conti con il grande cambiamento che ha portato all&#8217;acqua, all&#8217;energia, all&#8217;ambiente, al paesaggio, alla produzione alimentare a livello mondiale\u2014tutti gli elementi essenziali che rendono la vita qui possibile e sostenibile.<\/p>\n<p>Il Signore di tutto l&#8217;universo riconosce questa grande soglia e ha inviato un Nuovo Messaggio nel mondo per preparare l&#8217;umanit\u00e0 a una nuova esperienza mondiale e per preparare l&#8217;umanit\u00e0 alla Comunit\u00e0 Pi\u00f9 Grande, perch\u00e9 l&#8217;umanit\u00e0 non sa nulla riguardo a questo.<\/p>\n<p>L&#8217;obiettivo della Rivelazione di Dio \u00e8 quello di aiutare l&#8217;umanit\u00e0 a superare questo difficilissimo periodo di transizione, in cui la tentazione del conflitto, della guerra, dell&#8217;esasperazione, del rancore e della dissoluzione economica \u00e8 molto grande.<\/p>\n<p>L&#8217;obiettivo della Rivelazione \u00e8 quello di guidare l&#8217;umanit\u00e0 attraverso questo grande, difficile e oscuro passaggio in modo tale che essa [l&#8217;umanit\u00e0] possa costruire una nuova base per la civilt\u00e0 umana e iniziare a prepararsi e ad acquisire la saggezza necessaria per affrontare un universo pieno di vita intelligente\u2014un universo non umano, un universo competitivo, un universo di cui l&#8217;umanit\u00e0 non sa nulla.<\/p>\n<p>Dio ha anche inviato una Rivelazione riguardo alla vita e alla spiritualit\u00e0 nell&#8217;universo e ha fornito i Passi verso La Conoscenza affinch\u00e9 tutti possano avere l&#8217;opportunit\u00e0 di sviluppare la forza superiore che Dio ha dato a ogni persona\u2014per guidarla, proteggerla e condurla a una vita superiore di servizio e realizzazione nel mondo.<\/p>\n<p>Per coloro che non riconoscono il grande bisogno e la difficile situazione dell&#8217;umanit\u00e0, la Rivelazione di Dio sar\u00e0 disorientante. Non capiranno. Penseranno che sia come il passato, oppure la ignoreranno del tutto. Penseranno che sia un commento alle altre religioni o una ribellione contro le altre religioni. Potrebbero vederla come una competizione con altre religioni. Ma non \u00e8 nulla di tutto questo. \u00c8 qui per preparare l&#8217;umanit\u00e0 a una nuova realt\u00e0 nel mondo e a una nuova realt\u00e0 di vita all&#8217;interno di una Comunit\u00e0 Pi\u00f9 Grande di vita\u2014le pi\u00f9 grandi soglie che la famiglia umana abbia mai affrontato e che potrebbe mai affrontare nell&#8217;intero arco della sua evoluzione.<\/p>\n<p>Le Rivelazioni del passato non possono preparare l&#8217;umanit\u00e0 a questo, perch\u00e9 sono state date nel mondo antico, che non stava affrontando queste grandi calamit\u00e0. Sono state date per aiutare a costruire la civilt\u00e0 umana e per dare alle persone di diverse nazioni, culture ed epoche l&#8217;opportunit\u00e0 di accedere al potere e alla presenza della Conoscenza all&#8217;interno dell&#8217;individuo, che \u00e8 il luogo in cui le persone possono connettersi con Dio e rispondere alla Volont\u00e0 di Dio. Ma questa opportunit\u00e0 nelle passate Rivelazioni \u00e8 stata oscurata dalle leggi, dal controllo e dal dominio di organizzazioni, governi e individui ambiziosi.<\/p>\n<p>Il Signore dell&#8217;universo si rende conto che questa \u00e8 la prima volta che viene data una Rivelazione in una comunit\u00e0 mondiale, una comunit\u00e0 globale con commercio e comunicazione globali. \u00c8 la prima volta che l&#8217;umanit\u00e0 potr\u00e0 ascoltare la voce della Rivelazione, una voce come quella che parl\u00f2 a Ges\u00f9, Buddha e Muhammad.<\/p>\n<p>\u00c8 una cosa molto difficile portare un Nuovo Messaggio da Dio nel mondo, e a questo scopo \u00e8 stato inviato un Messaggero, un uomo di vero carattere, un uomo senza una posizione nel mondo, un uomo che pu\u00f2 portare, esprimere e dimostrare la grazia, la compassione e il potere della Rivelazione.<\/p>\n<p>Se non conosci il grande bisogno dell&#8217;umanit\u00e0, come puoi riconoscere la necessit\u00e0 che Dio parli di nuovo? E chi pu\u00f2 dire che Dio non possa parlare di nuovo? Nemmeno i grandi santi e profeti possono dirlo. Nemmeno i testi sacri possono dirlo. Nemmeno la Schiera Angelica pu\u00f2 dirlo. Pertanto, non essere ignorante e arrogante e non fare tali affermazioni o assumere tali supposizioni, perch\u00e9 non sai cosa Dio far\u00e0 in seguito.<\/p>\n<p>Dio ha parlato di nuovo in un momento di grande necessit\u00e0, di prova e di difficolt\u00e0 per la famiglia umana. Perch\u00e9 tutta la civilt\u00e0 umana \u00e8 a rischio, dove tutto ci\u00f2 che c&#8217;\u00e8 di buono nel mondo, tutto ci\u00f2 che \u00e8 stato stabilito per il bene dell&#8217;umanit\u00e0 \u00e8 ora a rischio. Il futuro e il benessere di tutti i popoli e le nazioni sono ora a rischio.<\/p>\n<p>Le religioni del mondo sono fratturate al loro interno e sono in lotta tra loro. Non possono preparare l&#8217;umanit\u00e0 per un nuovo mondo e di certo non possono preparare l&#8217;umanit\u00e0 per il suo futuro e il suo destino come razza libera all&#8217;interno dell&#8217;universo, dove la libert\u00e0 \u00e8 rara e deve essere guadagnata e sostenuta con grande attenzione e vigilanza.<\/p>\n<p>L&#8217;obiettivo della Rivelazione \u00e8 quello di dare all&#8217;umanit\u00e0 questa grande possibilit\u00e0 nel momento di maggiore difficolt\u00e0, sfida e incertezza, pi\u00f9 grande persino delle guerre mondiali e dei conflitti questo sar\u00e0; pi\u00f9 grande di qualsiasi cosa l&#8217;umanit\u00e0 abbia mai affrontato prima. Non aspettare che l&#8217;onda cresca e che la soglia diventi troppo opprimente per iniziare a prepararti, altrimenti sar\u00e0 troppo tardi e sarai travolto, trascinato da un mare di cambiamenti che non avevi previsto e per i quali non sei preparato.<\/p>\n<p>Il Signore dell&#8217;universo ama l&#8217;umanit\u00e0 e ha inviato l&#8217;avvertimento, la benedizione e la preparazione. \u00c8 qui. Tu puoi vedere questo perch\u00e9 La Conoscenza vive dentro di te. La Conoscenza che va oltre il regno e la portata dell&#8217;intelletto, nel profondo di te, risponder\u00e0 naturalmente a questo. Ma se La Conoscenza \u00e8 sconosciuta a te, se sei estraneo a te stesso e alla tua natura pi\u00f9 profonda, allora potresti avere grandi difficolt\u00e0 a riconoscere il bisogno profondo e la risposta e la risoluzione di Dio a questo bisogno.<\/p>\n<p>\u00c8 un momento di grande prova per l&#8217;umanit\u00e0. Le decisioni prese nei prossimi due decenni determineranno il tipo di tragitto che la famiglia umana dovr\u00e0 intraprendere in futuro. Sar\u00e0 un percorso di disperazione, conflitto e guerra, di fronte all&#8217;influenza sempre crescente della Comunit\u00e0 Pi\u00f9 Grande che vi circonda per dividere e sopraffare l&#8217;umanit\u00e0 senza l&#8217;uso della forza, utilizzando i poteri della persuasione, dell&#8217;incitamento e dello scoraggiamento, che sono stati coltivati a un livello molto pi\u00f9 alto di quello raggiunto qui nel mondo?<\/p>\n<p>La gente potrebbe dire: &#8220;Bene, se tutto questo \u00e8 vero, non abbiamo speranza. Non abbiamo aspettative. Non possiamo superare queste cose&#8221;. Ma tu puoi e devi farlo, perch\u00e9 il potere della Conoscenza \u00e8 dentro di te e non pu\u00f2 essere sconfitto dalla sovversione, dalla manipolazione o dalle manifestazioni del male. Non ha paura del mondo. Non \u00e8 governata dal mondo. Rappresenta la parte di te che non ha mai lasciato Dio e questa \u00e8 la chiave del successo dell&#8217;umanit\u00e0.<\/p>\n<p>Anche al di l\u00e0 degli sforzi pi\u00f9 eroici e dei grandi risultati, sar\u00e0 il potere della Conoscenza che frener\u00e0 l&#8217;umanit\u00e0 dalla guerra e dall&#8217;autodistruzione. Sar\u00e0 La Conoscenza a dare il segno a coloro che daranno un grande contributo al mondo. Sar\u00e0 La Conoscenza a dare alle persone la forza, il coraggio e la determinazione per affrontare le grandi tempeste che verranno. Sar\u00e0 La Conoscenza che incoragger\u00e0 la cooperazione e l&#8217;unit\u00e0 di fronte a circostanze difficili e aggravanti. Sar\u00e0 l&#8217;ineffabile e invisibile potere di Dio all&#8217;interno dell&#8217;individuo che pu\u00f2 spingere l&#8217;umanit\u00e0 ad andare avanti e a costruire un futuro diverso dal passato, costruito ora su una saggezza che non esisteva prima, costruito con un consenso che non esisteva prima, costruito per necessit\u00e0 e non per teoria o preferenza, costruito perch\u00e9 deve essere costruito altrimenti l&#8217;umanit\u00e0 perder\u00e0 il controllo di questo mondo e di se stessa.<\/p>\n<p>Mai prima d&#8217;ora \u00e8 stata lanciata una tale sfida alla famiglia umana, ma questa sfida \u00e8 davanti a te ora. Se riesci a guardare con occhi limpidi e obiettivi, vedrai i segni di questa situazione in tutto il mondo. Vedrai l&#8217;ansia sui volti delle persone. Sentirai le lamentele e i malumori dovuti alla paura e all&#8217;incertezza. Vedrai la distruzione delle strutture e delle economie dell&#8217;umanit\u00e0. E vedrai gli esperti in difficolt\u00e0, incapaci di controllare o dirigere la situazione con successo.<\/p>\n<p>Questa \u00e8 la tua grande chiamata e il tuo grande momento nel mondo, perch\u00e9 la tua chiamata emerger\u00e0 di fronte a grandi avversit\u00e0 e necessit\u00e0. Se ti nascondi nel piacere o nella fantasia, la grandezza che \u00e8 in te non emerger\u00e0 e la tua vita sar\u00e0 degradata, incerta e tragica.<\/p>\n<p>Non cadere in questa situazione, perch\u00e9 sei qui per uno scopo superiore. Il Messaggero di Dio parler\u00e0 di questo scopo. E la Rivelazione di Dio chiamer\u00e0 questo scopo e ti dar\u00e0 i Passi verso La Conoscenza per prepararti a questo scopo. E acquisirai una nuova relazione con il mondo. Invece di essere un luogo che ti frustra e ti delude, diventa il terreno perfetto per imparare, l&#8217;ambiente perfetto per dare il tuo contributo, il luogo perfetto per te per la consapevolezza della Conoscenza e la scoperta dei tuoi grandi doni e capacit\u00e0.<\/p>\n<p>Lascia che i critici siano critici, perch\u00e9 sono ignoranti e non possono rispondere. Lascia che le persone si voltino dall&#8217;altra parte, perch\u00e9 sono troppo spaventate o troppo ignare per riconoscere il grande bisogno e la grande risposta che \u00e8 stata data. Lascia che gli altri ignorino ci\u00f2 che \u00e8 essenziale, ma dentro di te non puoi pi\u00f9 ignorare queste cose. Ti \u00e8 costato caro ignorarle in passato. Hai gi\u00e0 fallito in tanti modi nell&#8217;ottenere la forza, il coraggio e il potere che Dio ti ha dato. Hai dato via la tua vita e di conseguenza sei arrabbiato, frustrato e isolato. Sii onesto e vedrai queste cose dentro di te. Non fingere.<\/p>\n<p>Sei nel mondo per uno scopo superiore. Se non stai lavorando per questo scopo, la tua vita \u00e8 frustrata. \u00c8 confusa. \u00c8 persa\u2014ora \u00e8 governata dalla volont\u00e0 e dai desideri degli altri\u2014ora \u00e8 governata dalle circostanze, ora \u00e8 governata da cose che ritieni fuori dal tuo controllo.<\/p>\n<p>L&#8217;obiettivo della Rivelazione \u00e8 quello di dare alle persone questo potere essenziale e centrale, perch\u00e9 non pu\u00f2 essere costruito da pochi individui ispirati. Deve avere la determinazione di molti. Deve avere il lavoro e la volont\u00e0 di molti. Non pu\u00f2 essere qualcosa messo insieme da esperti o da gruppi nascosti, altrimenti il risultato non sar\u00e0 favorevole.<\/p>\n<p>Questa \u00e8 una chiamata per i molti, non per i pochi, perch\u00e9 i molti devono costruire il nuovo mondo e ricostruire la civilt\u00e0 umana da ci\u00f2 che esisteva prima.<\/p>\n<p>Ricevi quindi la Rivelazione. \u00c8 la risposta per la tua vita. \u00c8 una chiamata per la tua vita. \u00c8 una preparazione per la tua vita. Incontra o ascolta il Messaggero mentre \u00e8 ancora nel mondo, nei suoi ultimi anni sulla Terra. Sar\u00e0 una grande benedizione per te farlo, perch\u00e9 egli porta con s\u00e9 la presenza e il potere e la sua vita \u00e8 una dimostrazione del grande successo che ti aspetta.<\/p>\n<p>Osserva il mondo senza giudizio e condanna e sarai in grado di vedere i segni. Sentirai delle cose, le ascolterai e le percepirai. Non giungere a conclusioni, ma lascia che queste esperienze si sviluppino nella tua consapevolezza e avrai un&#8217;esperienza del tutto nuova del mondo. Se La Conoscenza \u00e8 con te e tu sei con La Conoscenza, sarai in grado di vedere queste cose senza paura e apprensione, riconoscendo che questo \u00e8 il mondo che sei venuto a servire e che il tuo servizio al mondo sar\u00e0 il tuo pi\u00f9 grande compimento e la tua pi\u00f9 grande realizzazione qui.<\/p>\n<p>L&#8217;obiettivo della Rivelazione \u00e8 quello di restituire il potere, la dignit\u00e0 e lo scopo alla vita delle persone. Fornisce le basi per l&#8217;esistenza di relazioni autentiche e di grandi matrimoni. Chiamer\u00e0 l&#8217;umanit\u00e0 in un ambiente di vita pi\u00f9 grande per la preparazione alla Comunit\u00e0 Pi\u00f9 Grande e per gestire le risorse del mondo in modo che possano durare nel futuro, cos\u00ec che il mondo possa continuare a sostenere la civilt\u00e0 umana in un modo molto migliore di quanto sia mai stato fatto prima.<\/p>\n<p>Questa \u00e8 la Nostra benedizione per il mondo. \u00c8 il Nostro dono per il mondo\u2014Noi che parliamo all\u2019unisono, Noi che vegliamo sul mondo, Noi che guidiamo il mondo, Noi che riceviamo la Rivelazione per il mondo. Non conoscerete i nostri nomi, perch\u00e9 non \u00e8 importante. L&#8217;importante \u00e8 che tu possa ascoltare, sentire e vedere la Rivelazione e rispondere alla sua grande chiamata e risvegliarti dal sogno di realizzazione e delusione che tanto ti preoccupa in questo momento.<\/p>\n<p>Senti dentro di te gli stimoli per qualcosa di pi\u00f9 grande, perch\u00e9 non stai ancora vivendo la vita che sei destinato a vivere e sei chiamato a quella vita proprio ora, nel momento di maggiore necessit\u00e0 e conseguenza nel mondo.<\/p>\n<p>Stai con la verit\u00e0 dentro di te, che esiste al di l\u00e0 delle tue credenze, delle tue idee e dei tuoi ammonimenti. Segui il sentiero misterioso, perch\u00e9 ti porter\u00e0 oltre il passato della tua vita verso un futuro pi\u00f9 grande\u2014un futuro di relazioni pi\u00f9 grandi, di un significato e di uno scopo maggiori. \u00c8 in questo modo che realizzerai il tuo destino nel mondo, un destino che non pu\u00f2 essere riconosciuto senza riconoscere i bisogni e le realt\u00e0 del mondo che ti circonda.<\/p>\n<p>Che questo potere e questa benedizione siano con te, perch\u00e9 La Conoscenza \u00e8 con te. Dio ti ha gi\u00e0 dato tutto ci\u00f2 di cui avrai bisogno per compiere questo grande percorso di vita. Ora devi acquisire la volont\u00e0, la determinazione e il coraggio di intraprendere questo cammino, che ti restituir\u00e0 tutte queste qualit\u00e0, che in passato sono state cos\u00ec carenti.<\/p>\n","protected":false},"excerpt":{"rendered":"<p>L&#8217;umanit\u00e0 sta entrando in una fase pericolosa del suo sviluppo, una fase in cui esaurir\u00e0 le risorse del mondo in molti modi, portando alla contrazione economica e, in alcuni luoghi, al collasso completo.<\/p>\n<p>L&#8217;umanit\u00e0 ha saccheggiato la Terra a tal punto da non poter sostenere una popolazione cos\u00ec numerosa come in passato e sar\u00e0 necessario adottare grandi misure per riorganizzare la civilt\u00e0 e porre fine a guerre e conflitti in modo che l&#8217;umanit\u00e0 possa costruire nuove fondamenta in un mondo degradato e impoverito.<\/p>\n<p>Le persone non se ne rendono conto di questo, ovviamente. Pensano che la Terra sia illimitata, che provveder\u00e0 per sempre ai loro desideri vaganti\u2014il desiderio di ricchezza, di crescita e di espansione. Ma, purtroppo, la Terra ha dei limiti, cos\u00ec come ognuno di voi, e questi limiti sono stati raggiunti in molti modi.<\/p>\n<p>L&#8217;umanit\u00e0 si trova a un grande punto di svolta in cui dovr\u00e0 decidere, con un numero infinito di decisioni, se perseguire un percorso di crescita ed espansione, di competizione e di conflitto con le altre nazioni per l&#8217;accesso alle risorse rimanenti del mondo, oppure se l&#8217;umanit\u00e0 riconoscer\u00e0 la sua condizione collettiva, il suo destino in comune, e comincer\u00e0 a lavorare per costruire una maggiore sicurezza per la comunit\u00e0 mondiale stessa e non solo una sicurezza maggiore per la propria nazione, trib\u00f9 o gruppo.<\/p>\n","protected":false},"author":62,"featured_media":0,"parent":29005,"menu_order":0,"comment_status":"closed","ping_status":"closed","template":"template-leftsidebar.php","meta":{"_monsterinsights_skip_tracking":false,"_monsterinsights_sitenote_active":false,"_monsterinsights_sitenote_note":"","_monsterinsights_sitenote_category":0,"footnotes":""},"categories":[1065,76,498],"tags":[749,740,745,1326,1064,743,748,741,746,744,747,1067,742],"_links":{"self":[{"href":"https:\/\/www.v6.newmessage.org\/it\/wp-json\/wp\/v2\/pages\/29620"}],"collection":[{"href":"https:\/\/www.v6.newmessage.org\/it\/wp-json\/wp\/v2\/pages"}],"about":[{"href":"https:\/\/www.v6.newmessage.org\/it\/wp-json\/wp\/v2\/types\/page"}],"author":[{"embeddable":true,"href":"https:\/\/www.v6.newmessage.org\/it\/wp-json\/wp\/v2\/users\/62"}],"replies":[{"embeddable":true,"href":"https:\/\/www.v6.newmessage.org\/it\/wp-json\/wp\/v2\/comments?post=29620"}],"version-history":[{"count":3,"href":"https:\/\/www.v6.newmessage.org\/it\/wp-json\/wp\/v2\/pages\/29620\/revisions"}],"predecessor-version":[{"id":29626,"href":"https:\/\/www.v6.newmessage.org\/it\/wp-json\/wp\/v2\/pages\/29620\/revisions\/29626"}],"up":[{"embeddable":true,"href":"https:\/\/www.v6.newmessage.org\/it\/wp-json\/wp\/v2\/pages\/29005"}],"wp:attachment":[{"href":"https:\/\/www.v6.newmessage.org\/it\/wp-json\/wp\/v2\/media?parent=29620"}],"wp:term":[{"taxonomy":"category","embeddable":true,"href":"https:\/\/www.v6.newmessage.org\/it\/wp-json\/wp\/v2\/categories?post=29620"},{"taxonomy":"post_tag","embeddable":true,"href":"https:\/\/www.v6.newmessage.org\/it\/wp-json\/wp\/v2\/tags?post=29620"}],"curies":[{"name":"wp","href":"https:\/\/api.w.org\/{rel}","templated":true}]}}