{"id":29598,"date":"2023-11-06T00:00:20","date_gmt":"2023-11-06T00:00:20","guid":{"rendered":"https:\/\/www.newmessage.org\/it\/?page_id=29598"},"modified":"2023-11-06T00:00:20","modified_gmt":"2023-11-06T00:00:20","slug":"la-nave","status":"publish","type":"page","link":"https:\/\/www.v6.newmessage.org\/it\/il-messaggio\/volume-2\/costruire-la-fondazione-per-una-nuova-vita\/la-nave","title":{"rendered":"La Nave"},"content":{"rendered":"<div><\/div>\n<div class=\"tabgroup \"><ul class=\"tabs\"><li><a href=\"#tabs-1\">Ascolta<\/a><\/li>\n<li><a href=\"#tabs-2\">Commenta<\/a><\/li>\n<li><a href=\"#tabs-3\">Guarda<\/a><\/li>\n<li><a href=\"#tabs-4\">Nota<\/a><\/li><\/ul>\n <div id=\"tabs-1\"><\/p>\n<p>Ascolta la Voce della Rivelazione Originale in Inglese:<\/p>\n\t\t\t\t<div id=\"jquery_jplayer_1\" class=\"jp-jplayer\"><\/div>\n\t\t\t\t<div id=\"jp_container_1\" class=\"jp-audio\">\n\t\t\t\t<div class=\"jp-type-single\"><div class=\"jp-control\"><a href=\"javascript:;\" class=\"jp-play\" tabindex=\"1\">play<\/a><a href=\"javascript:;\" class=\"jp-pause\" tabindex=\"1\">pause<\/a><\/div> <div class=\"jp-gui jp-interface\"><div class=\"jp-volume\"><div class=\"jp-volume-bar\"><div class=\"jp-volume-bar-value\"><\/div><\/div><\/div><div class=\"jp-progress\"><div class=\"jp-seek-bar\"><div class=\"jp-play-bar\"><\/div><\/div><\/div><\/div>\t\t\t\t\t<div class=\"jp-no-solution\"><span>Update Required<\/span>To play the media you will need to either update your browser to a recent version or update your <a href=\"http:\/\/get.adobe.com\/flashplayer\/\" target=\"_blank\">Flash plugin<\/a>.<\/div><\/div><\/div>\n\t\t\t<script type='text\/javascript'>\n\t\t\t\tjQuery(document).ready(function() {\n\t\t\t\t\tif (typeof (sermonMedia) == 'function') {\n\t\t\t\t\t\tsermonMedia.addAudio('', \"jquery_jplayer_1\");\n\t\t\t\t\t}\n\t\t\t\t\tjQuery.jPlayer.timeFormat.showHour = true;\n\t\t\t\t\tjQuery(\"#jquery_jplayer_1\").jPlayer({\n\t\t\t\t\t\tready: function(event) {\n\t\t\t\t\t\t\tjQuery(this).jPlayer(\"setMedia\", {mp3: 'https:\/\/newmessage.org\/av\/the-ship.mp3'});\n\t\t\t\t\t\t},\n\t\t\t\t\t\tplay: function() {\n\t\t\t\t\t\t\tjQuery(this).jPlayer(\"pauseOthers\");\n\t\t\t\t\t\t},\n\t\t\t\t\t\tswfPath: ThemeData.directory_uri+\"\/swf\",\n\t\t\t\t\t\tsolution: \"html, flash\",\n\t\t\t\t\t\tpreload: \"metadata\",\n\t\t\t\t\t\twmode: \"window\",\n\t\t\t\t\t\tsupplied: \"mp3\",\n\t\t\t\t\t\tcssSelectorAncestor: '#jp_container_1'\n\t\t\t\t\t});\n\t\t\t\t});\n\t\t\t<\/script>\n<p><a title=\"The Ship\" href=\"https:\/\/newmessage.org\/av\/the-ship.mp3\">Download<\/a> (clicca tasto destro del mouse)<\/p>\n<p><a href=\"https:\/\/www.community.newmessage.org\/the-ship\/\"><img decoding=\"async\" class=\"wp-image-50451\" src=\"https:\/\/www.newmessage.org\/wp-content\/uploads\/2020\/09\/the-ship-image-300x157.jpeg\" alt=\"\" \/><\/a><\/p>\n<p class=\"revelation_details\"><em>Come rivelato a<br \/>\nMarshall Vian Summers<br \/>\nIl 28 Dicembre 2013<br \/>\na Boulder, Colorado<br \/>\n<\/em><\/p>\n<div class=\"toggle toggle-white\"><h4 class=\"trigger \"><span class=\"t_ico\"><\/span><a href=\"#\">Note riguardo a questa registrazione<\/a><\/h4><div class=\"toggle_container \"><br \/>\n<p>Quella che state sentendo in questa registrazione \u00e8 la voce della <u>Assemblea <\/u>Angelica che sta parlando tramite il <u>Messaggero <\/u>Marshall Vian Summers.<\/p>\n<p>Qua, la comunicazione originale di Dio, che esiste al di l\u00e0 delle parole, \u00e8 tradotta nel linguaggio e nella comprensione umana dall\u2019Assemblea Angelica che veglia sul mondo. Poi l\u2019Assemblea consegna il Messaggio di Dio tramite il Messaggero.<\/p>\n<p>In questo notevole processo, la Voce della Rivelazione sta parlando di nuovo. La Parola e il suono della Voce sono nel mondo. Per la prima volta nella storia, la registrazione dell\u2019originale rivelazione parlata \u00e8 disponibile affinch\u00e9 voi e il mondo la possiate sentire.<\/p>\n<p>Possiate voi essere i destinatari di questo dono di Rivelazione e possiate essere aperti a ricevere il suo Messaggio unico per voi e per la vostra vita.<\/p>\n<br \/>\n<\/div><\/div><br \/>\n<\/div>\n<div id=\"tabs-2\"><\/p>\n<p><a class='simple_button_link ' style='background-color: #4f8fd6' href='https:\/\/www.community.newmessage.org\/groups\/italian\/'   ><span>Commenta<\/span><\/a>Questa Rivelazione nel Worldwide Community Site (registrazione gratuita)<\/p>\n<p><a href=\"https:\/\/www.community.newmessage.org\/the-ship\/\"><img decoding=\"async\" class=\"wp-image-50451\" src=\"https:\/\/www.newmessage.org\/wp-content\/uploads\/2020\/09\/the-ship-image-300x157.jpeg\" alt=\"\" \/><\/a><br \/>\n<\/div>\n<div id=\"tabs-3\"><\/p>\n<p><iframe loading=\"lazy\" title=\"The Ship\" width=\"275\" height=\"155\" src=\"https:\/\/www.youtube.com\/embed\/zPV0c0b0sVg?feature=oembed\" frameborder=\"0\" allow=\"accelerometer; autoplay; clipboard-write; encrypted-media; gyroscope; picture-in-picture; web-share\" allowfullscreen><\/iframe><\/p>\n<p><\/div>\n<div id=\"tabs-4\"><br \/>\n<em>Nota per il Lettore:<br \/>\nQuesta traduzione \u00e8 stata fornita a The Society da uno studente del Nuovo Messaggio che si \u00e8 offerto volontario per tradurre il testo originale in Inglese. Noi rendiamo questa traduzione disponibile al mondo in questa forma iniziale affinch\u00e9 le persone abbiano la possibilit\u00e0 di interagire con una porzione del Nuovo Messaggio nella propria lingua.<\/em><br \/>\n<\/div>\n\t\t\t\t<div align=\"right\">\n\t\t\t<div class=\"fb-like\" data-href=\"\" data-layout=\"button_count\" data-action=\"like\" data-show-faces=\"false\" data-share=\"false\"><\/div>\n\t\t\t<div class=\"fb-share-button\" data-layout=\"button_count\"> <\/div>\n\t\t\t<div class=\"fb_iframe_widget\"><a href=\"https:\/\/twitter.com\/godsnewmessage?ref_src=twsrc%5Etfw\" class=\"twitter-follow-button\" data-show-count=\"false\">Follow @godsnewmessage<\/a><script async src=\"https:\/\/platform.twitter.com\/widgets.js\" charset=\"utf-8\"><\/script><\/div>\n\t\t\t<\/div> <\/div> \n<br \/>\nLa tua vita \u00e8 come una nave che naviga nel mondo, naviga nell&#8217;ambiente fisico con tutte le sue sfide e influenze e naviga anche nell&#8217;ambiente mentale con tutte le sue sfide e influenze.<\/p>\n<p>Su questa nave hai l&#8217;imbarcazione, hai l&#8217;equipaggio e hai il capitano. E al di l\u00e0 del capitano, tu hai l&#8217;Autorit\u00e0 che dirige la nave, dandole uno scopo, una direzione e un destino.<\/p>\n<p>Con questa semplice analogia, puoi iniziare a vedere te stesso in modo pi\u00f9 oggettivo, il che \u00e8 necessario ora. Infatti, il mondo sta subendo grandi cambiamenti e le influenze del tuo ambiente mentale e fisico ti stanno trattenendo in grande misura.<\/p>\n<p>Il tuo corpo \u00e8 il veicolo fisico, adattato al suo ambiente, uno strumento meraviglioso se guidato correttamente. Pu\u00f2 navigare in tutto il mondo se ha un capitano saggio e un equipaggio capace. Ha bisogno di molte cose per rimanere a galla e deve essere curato molto bene, altrimenti pu\u00f2 fallire in alto mare con risultati disastrosi. Non \u00e8 una cosa perfetta, ma \u00e8 in grado di raggiungere risultati meravigliosi se \u00e8 ben tenuto e diretto correttamente.<\/p>\n<p>Il tuo equipaggio \u00e8 costituito dai tuoi pensieri e dalle tue emozioni, da ci\u00f2 che la mente produce per dirigere il corpo. Qui hai un equipaggio funzionale o un equipaggio disfunzionale, un equipaggio fedele o un equipaggio infedele, un equipaggio competente o un equipaggio incompetente. E la loro competenza o incompetenza determiner\u00e0 quanto lontano potr\u00e0 andare questa nave, quanto potr\u00e0 resistere ai venti e alle onde del mondo e quanto potr\u00e0 adattarsi alla presenza di altre navi e ai pericoli che esse comportano.<\/p>\n<p>Poi c&#8217;\u00e8 il capitano. Il capitano sei tu. \u00c8 persino pi\u00f9 grande della tua mente, perch\u00e9 tu sei pi\u00f9 grande della tua mente, perch\u00e9 la mente \u00e8 l&#8217;equipaggio. Tu sei il capitano. Se non dirigi correttamente l&#8217;equipaggio, questo diventer\u00e0 caotico e disordinato e tutto inizier\u00e0 a diventare inefficiente, e ne seguira\u2019 il collasso.<\/p>\n<p>Oltre al capitano, c&#8217;\u00e8 la Grande Autorit\u00e0 che d\u00e0 alla nave il suo scopo, il suo destino, il suo carico. Il tuo compito \u00e8  portare a termine la missione assegnata a questa nave in queste acque, in questo mondo. Senza uno scopo superiore, allora, il capitano e l&#8217;equipaggio non avranno un senso di scopo superiore e il disordine ne seguir\u00e0 sicuramente.<\/p>\n<p>Affinch\u00e9 il capitano sia veramente il capitano, deve conoscere il carico e il destino, cos\u00ec come tutte le varianti della navigazione nei grandi mari della vita. Devi avere un piede in entrambi i mondi. Devi essere in grado di governare e gestire la nave, ma anche di portare a termine lo scopo superiore della nave in modo che possa avere successo nel suo viaggio nella vita.<\/p>\n<p>Noi ti forniamo questa analogia affinch\u00e9 tu possa guardare la tua vita in modo pi\u00f9 oggettivo e non essere sommerso dai tuoi pensieri e sentimenti al punto da non riuscire a vedere nulla.<\/p>\n<p>Il capitano deve essere obiettivo. Il capitano deve avere autorit\u00e0. Perch\u00e9 l&#8217;Autorit\u00e0 Superiore non gestisce la nave giorno per giorno. Non sta regolando le vele giorno per giorno. Non sta navigando nelle acque giorno per giorno. Questo \u00e8 il lavoro del capitano e dell&#8217;equipaggio. Questo \u00e8 il lavoro che spetta a te e alla tua mente.<\/p>\n<p>Pertanto, non puoi diventare passivo e pensare che l&#8217;Autorit\u00e0 Superiore gestisca e diriga tutto, perch\u00e9 non \u00e8 affatto cos\u00ec, vedi. Ti d\u00e0 una direzione e uno scopo. Ti d\u00e0 degli avvertimenti. Ti comunica le condizioni del mondo. Ma al di l\u00e0 di questo, sei tu che devi navigare nelle acque mutevoli, nelle condizioni mutevoli, nelle tempeste e nei pericoli che esse comportano.<\/p>\n<p>Il capitano deve avere autorit\u00e0 sull&#8217;equipaggio, altrimenti l&#8217;equipaggio diventer\u00e0 caotico e ribelle. Questa \u00e8 la condizione della maggior parte delle persone. Non hanno alcun controllo sulla loro mente, su dove va. Sono spinti qui e l\u00e0 dalle loro passioni e paure o dalle intenzioni degli altri. Sono sempre preoccupati perch\u00e9 non riescono a focalizzare bene la mente. Non conoscono restrizioni.<\/p>\n<p>Ma su una nave in mare, devi avere un grande controllo. Non puoi lasciarti guidare da passioni, compulsioni e dipendenze, altrimenti la nave affonder\u00e0 e tutto andr\u00e0 perduto.<\/p>\n<p>Il capitano deve essere forte, chiaro e attento all&#8217;ambiente in cui si trova in ogni momento. Il capitano deve conoscere le condizioni della nave in ogni momento e le condizioni dell&#8217;equipaggio in ogni momento. Il capitano deve capire che la nave ha bisogno di alcune cose fondamentali per mantenere la sua struttura\u2014il suo armamento, le sue vele, tutto, tutte le sue provviste. Il capitano deve anche fornire all&#8217;equipaggio ci\u00f2 di cui ha bisogno: la stabilit\u00e0, la certezza e la direzione. Tu, come capitano, ottieni la sicurezza e la direzione dall&#8217;Autorit\u00e0 Superiore e dalle fondamenta della tua saggezza, guidata dalla Conoscenza che \u00e8 in te.<\/p>\n<p>Tutti hanno una nave, ma la maggior parte non salpa mai. Non riescono nemmeno a lasciare il porto. Sono sempre in rovina e non sono in grado di portare avanti un viaggio superiore. I loro equipaggi sono dispersi, fuori controllo. Non possono funzionare nella loro vera capacit\u00e0. Allora regna la confusione\u2014la frustrazione, la dipendenza e il dubbio su se stessi.<\/p>\n<p>Il mondo \u00e8 un luogo rischioso per un piccolo veliero. E le comodit\u00e0 e la sicurezza del porto non possono pi\u00f9 essere con te una volta che sei partito. Non puoi correre a riva per ogni piccola cosa di cui hai bisogno. Non puoi fare affidamento sugli altri. Devi sapere di cosa hai bisogno e devi governare ci\u00f2 che hai.<\/p>\n<p>Questo \u00e8 ci\u00f2 che significa essere una persona nel mondo che vive uno scopo superiore. La tua vita non pu\u00f2 essere in disordine. I tuoi obblighi non possono essere affidati a persone che non hanno una direzione. I tuoi obblighi devono essere in linea con ci\u00f2 che stai facendo veramente qui. E devi avere la libert\u00e0 di seguire ci\u00f2 che \u00e8 necessario per te.<\/p>\n<p>Altrimenti non potrai essere il capitano della tua nave. Sar\u00e0 governata da altri. Sar\u00e0 di propriet\u00e0 della societ\u00e0 o della capitaneria di porto. Sarai incatenato al molo per sempre, senza poter partire. Sarai perso e arenato a terra. Sar\u00e0 una condizione miserabile per te.<\/p>\n<p>Per questo motivo, in qualit\u00e0 di capitano, le tue orecchie devono essere rivolte al cielo, ma la tua mente deve occuparsi degli affari del giorno. Devi essere spirituale e pratico allo stesso tempo. Devi essere realistico in merito ai tuoi affari e alle condizioni che ti circondano, ma sempre attento alla direzione superiore che ti viene fornita dall\u2019Autorit\u00e0 Superiore.<\/p>\n<p>Qui non puoi fare affidamento sulle scritture, perch\u00e9 non possono dirti le mutevoli condizioni di questo mare, che cambiano in ogni momento. Forse possono tracciare una mappa del mondo, ma ci vuole una capacit\u00e0 e una saggezza superiori nel momento per navigare in tutto questo.<\/p>\n<p>Ecco perch\u00e9 Dio ti ha dato La Conoscenza per guidarti, perch\u00e9 non puoi guidare te stesso in modo efficace. Devi diventare il capitano della tua nave, altrimenti non sarai mai in grado di intraprendere la tua missione superiore qui. Devi avere l&#8217;autorit\u00e0 e il controllo sulla tua mente\u2014dirigendola, frenandola, trattenendola quando \u00e8 necessario, provvedendo ai suoi bisogni primari, apprezzandola, ma mantenendo sempre la tua superiore autorit\u00e0 su di essa.<\/p>\n<p>Che grande sfida \u00e8 questa. Questo \u00e8 un apprendimento continuo. Al momento, sei cos\u00ec debole in questo senso che non hai idea di cosa significhi essere veramente responsabile di te stesso in modo efficace e compassionevole, in modo da poter rispondere al potere della Conoscenza e al significato delle tue relazioni.<\/p>\n<p>Dio ti ha affidato una missione superiore, ma tu devi tracciare la rotta. Il mondo sta cambiando cos\u00ec rapidamente che non puoi basare le tue azioni su vecchie ipotesi o su ci\u00f2 che \u00e8 stato fatto in precedenza. Devi tracciare la tua rotta. Devi guidare il tuo equipaggio. Devi assicurarti che la tua nave abbia tutte le provviste necessarie. Perch\u00e9 passer\u00e0 molto tempo prima di approdare alla costa pi\u00f9 lontana e dovrai essere in grado di sopravvivere e mantenerti nel frattempo.<\/p>\n<p>Anche se molto probabilmente vivi sulla terraferma e sei circondato da persone e infrastrutture\u2014la tua nazione, la tua cultura e tutto ci\u00f2 a cui sei abituato\u2014stai comunque partendo per una rotta superiore. Questo ti richieder\u00e0 di tracciare la tua strada e di trattenerti dal regalare la tua vita a persone e situazioni che non sono promettenti per te.<\/p>\n<p>Mentre ti imbarchi, vedrai che ti stai avviando mentre gli altri non lo fanno e non sei veramente pi\u00f9 con loro. Oh, s\u00ec, sono laggi\u00f9. Li vedi, ma loro non si stanno imbarcando e tu s\u00ec. In questo modo, vengono lasciati indietro e tu devi lasciarli indietro nella tua mente e onorare il fatto che sei chiamato a qualcosa di pi\u00f9 grande.<\/p>\n<p>Questo \u00e9 come se la tua nave lasciasse il porto e partisse in mare aperto\u2014un grande panorama senza alcun punto di approdo in vista.<\/p>\n<p>Qui c&#8217;\u00e8 La Conoscenza a guidarti, il tuo equipaggio a servirti e il tuo veicolo a portarti avanti. Sei circondato da persone, luoghi e cose, ma ti stai imbarcando in un viaggio completamente nuovo, in cui non puoi vivere la tua vita secondo i vecchi presupposti. Perch\u00e9 il capitano della nave non pu\u00f2 basarsi solo sulle ipotesi. Devi essere in grado di reagire alle mutevoli condizioni e adattarti correttamente ad esse.<\/p>\n<p>Chiunque si sia imbarcato nel modo di cui Noi stiamo parlando si sentir\u00e0 come una nave in mare aperto. Loro stanno andando dove gli altri non vanno. Loro vedono le cose in modo molto diverso da come le vedevano prima. Loro devono controllare i loro pensieri e frenare le loro tendenze per poter continuare. Devono essere sensibili al loro ambiente, alla loro condizione fisica e al loro impegno con gli altri in misura molto maggiore rispetto al semplice agire in modo casuale con le persone.<\/p>\n<p>Loro ora hanno una serie di requisiti di gran lunga superiori e devono acquisire l&#8217;autodisciplina e la confidenza con se stessi per seguire questi requisiti. Mentre coloro che sono rimasti nel porto sono ubriachi e dissoluti, senza un vero scopo e una vera direzione, il capitano in mare deve essere sempre vigile, sempre attento all&#8217;equipaggio e all&#8217;ambiente stesso\u2014osservando, non sognando, non fantasticando, ma osservando, guardando i segni del mondo, sempre attento alle condizioni della nave e all&#8217;alleanza dell&#8217;equipaggio.<\/p>\n<p>Per navigare, devi essere preparato. La tua nave deve essere degna. L&#8217;equipaggio deve essere pronto. Le provviste devono essere presenti. Ti affidi al mondo. Fai affidamento sulla scienza. Ti affidi a tutto ci\u00f2 che \u00e8 pratico. Ma devi anche affidarti al Mistero per sapere come reagire alle circostanze imprevedibili che sicuramente incontrerai.<\/p>\n<p>Ora lavori per un&#8217;Autorit\u00e0 Superiore che ti ha dato questa nave, che ti ha dato questo percorso, che ti ha dato questo destino superiore che ti ha portato via dalla riva. Sai chi servi. Conosci i tuoi doveri. Non sei confuso al riguardo. Non sei un pirata, che serve solo se stesso\u2014che assalta altre navi, che ruba tutto ci\u00f2 che pu\u00f2, che \u00e8 pericoloso in mare.<\/p>\n<p>Dio ti ha mandato nel mondo per compiere cose specifiche e ti ha dato La Conoscenza per darti la chiarezza di ci\u00f2 che deve essere fatto e il potere di fare queste cose\u2014il potere di superare la tua ambivalenza, la tua debolezza e le persuasioni degli altri.<\/p>\n<p>Se vivi solo per te stesso, non saprai nulla di tutto ci\u00f2. Rimarrai bloccato sulla riva, passando da una taverna all&#8217;altra, un&#8217;anima persa e infelice, incapace di compiere il tuo destino superiore, cercando il piacere dove puoi, ma senza mai essere in pace con te stesso. Guardi le navi che salpano e il tuo cuore affonda perch\u00e9 tu stesso non puoi partire.<\/p>\n<p>Non lasciare che questo sia il tuo destino. Ma per fuggire da questa prigione\u2014la prigione della riva\u2014devi avere un&#8217; Autorit\u00e0 Superiore che ti guidi e devi diventare forte, organizzato, vigile e attento a tutto ci\u00f2 che riguarda il tuo scopo e la tua capacit\u00e0 di partire.<\/p>\n<p>Qui non si pu\u00f2 sognare. Non c&#8217;\u00e8 pigrizia. Non c&#8217;\u00e8 indolenza. Non c&#8217;\u00e8 dipendenza. Devi lasciare persone, luoghi e cose per partire. Ecco cosa significa andare veramente da qualche parte nella vita. Se rimani dove \u00e8 comodo, caldo e sicuro, non soddisferai mai il bisogno superiore della tua anima. Sarai solo uno spettatore della vita, bloccato su questa riva con tutti i suoi rischi e la sua corruzione.<\/p>\n<p>Tu costruisci la tua vita imparando ad essere il capitano di questa nave chiamata vita. \u00c8 a questo che serve veramente tutta la tua istruzione\u2014a darti la stabilit\u00e0, la chiarezza e le relazioni necessarie per vivere una vita superiore. Qui i tuoi svaghi e i tuoi passatempi non sono importanti. Anche se possono darti piacere a volte, non possono sostituire le tue responsabilit\u00e0 maggiori.<\/p>\n<p>Dio ti ha dato la nave. Dio ti ha dato la mente e l&#8217;equipaggio. E Dio ti sta riservando il tuo scopo e il tuo destino superiore una volta che la tua nave sar\u00e0 in grado di partire e ti sarai liberato dagli attaccamenti dello stare a riva e dai terribili compromessi che possono trattenerti.<\/p>\n<p>Chiunque risponda a una chiamata superiore nella vita si sentir\u00e0 come se stesse partendo, lasciandosi alle spalle persone, luoghi e cose, entrando in nuove acque, dovendo assumersi responsabilit\u00e0 superiori, dovendo essere veramente responsabile delle proprie decisioni. Perch\u00e9 il capitano deve prendere le decisioni ora, affidandosi alla sua esperienza, alla sua saggezza e alla guida del Cielo. Deve prendere le decisioni. Non pu\u00f2 delegare a nessuno, perch\u00e9 in mare non c&#8217;\u00e8 nessun altro a cui delegare.<\/p>\n<p>Questa \u00e8 la fiducia in te stesso che devi avere ora, non affidandoti alle tue convinzioni e alle tue idee, perch\u00e9 possono essere errate e persino ingannevoli. Devi affidarti a un&#8217;esperienza pi\u00f9 profonda, a una maggiore saggezza pratica e a un discernimento superiore di te stesso, del tuo equipaggio, della tua nave e dell&#8217;ambiente che cambia.<\/p>\n<p>Non pensare che questo sia un compito troppo grande per te, perch\u00e9 sei stato progettato per questo. L&#8217;analogia e il quadro che Noi ti stiamo dipingendo si riferiscono interamente alla tua condizione e alle sfide e ai pericoli che devi affrontare oggi.<\/p>\n<p>Qui devi seguire ci\u00f2 che \u00e8 forte in te e non ci\u00f2 che \u00e8 debole. Qui devi trattenerti continuamente dal cadere in preda alle tue passioni e alle persuasioni degli altri. Qui devi tenerti in disparte per costruire la tua forza, lontano da coloro che sono deboli e non sono disposti a farlo, perch\u00e9 non possono essere tuoi compagni ora.<\/p>\n<p>Dio ti redime dandoti qualcosa di importante da fare e dandoti il potere di vedere cosa c&#8217;\u00e8 da fare e la forza di lasciare la riva\u2014 la riva del tuo passato, la riva del mondo indulgente e impoverito, la riva delle facili supposizioni e delle deboli alleanze, la riva della compiacenza, della convenienza e della disillusione.<\/p>\n<p>Dio ti ha dato i <a href=\"https:\/\/www.newmessage.org\/it\/il-messaggio\/volume-3\/passi-verso-la-conoscenza\/\">Passi verso La Conoscenza<\/a> affinch\u00e9 tu possa costruire la tua forza e i <a href=\"https:\/\/www.newmessage.org\/it\/il-messaggio\/volume-3\/vivere-la-via-della-conoscenza\/i-quattro-pilastri-della-vita\/\">Quattro Pilastri<\/a> della tua vita: il Pilastro delle Relazioni, il Pilastro della Salute, il Pilastro del Lavoro e della Provvidenza e il Pilastro dello Sviluppo Spirituale\u2014tutti loro, non uno a scapito degli altri, ma tutti. Perch\u00e9 per essere il capitano della tua nave, per avere questa libert\u00e0, per avere questo viaggio, per avere questa realizzazione, devi avere questa maggiore responsabilit\u00e0 e preparazione. Non c&#8217;\u00e8 altro modo.<\/p>\n<p>Ma la tua nave non viagger\u00e0 da sola, perch\u00e9 sei destinato ad essere unito ad alcuni altri. Quindi non viaggi per i grandi mari come una nave sola, ma come una piccola armata, un convoglio. Viaggiate insieme, ma tutti voi dovete essere in grado di farlo. Perch\u00e9 ora devi rendere conto agli altri del tuo viaggio. Il tuo fallimento avr\u00e0 un impatto sul loro successo e persino sulla loro sopravvivenza.<\/p>\n<p>Qui ti viene dato un potere, ma anche una grande responsabilit\u00e0. Qui ti viene dato un impegno verso gli altri, ma anche grandi relazioni. Qui la tua nave si unisce ad altre per intraprendere un viaggio superiore. Qui ti unisci a certe persone per portare avanti un compito pi\u00f9 grande e soddisfare un bisogno superiore.<\/p>\n<p>Questo \u00e8 ci\u00f2 che ti porta lontano dalla riva. Perch\u00e9 da questo momento in poi puoi visitare la riva, ma non puoi viverci. Puoi servire la riva, ma non puoi diventare il suo residente permanente e confinato.<\/p>\n<p>Questo \u00e8 il significato superiore delle Nostre parole che condividiamo con voi oggi.<\/p>\n","protected":false},"excerpt":{"rendered":"<p>La tua vita \u00e8 come una nave che naviga nel mondo, naviga nell&#8217;ambiente fisico con tutte le sue sfide e influenze e naviga anche nell&#8217;ambiente mentale con tutte le sue sfide e influenze.<\/p>\n<p>Su questa nave hai l&#8217;imbarcazione, hai l&#8217;equipaggio e hai il capitano. E al di l\u00e0 del capitano, tu hai l&#8217;Autorit\u00e0 che dirige la nave, dandole uno scopo, una direzione e un destino.<\/p>\n<p>Con questa semplice analogia, puoi iniziare a vedere te stesso in modo pi\u00f9 oggettivo, il che \u00e8 necessario ora. Infatti, il mondo sta subendo grandi cambiamenti e le influenze del tuo ambiente mentale e fisico ti stanno trattenendo in grande misura.<\/p>\n<p>Il tuo corpo \u00e8 il veicolo fisico, adattato al suo ambiente, uno strumento meraviglioso se guidato correttamente. Pu\u00f2 navigare in tutto il mondo se ha un capitano saggio e un equipaggio capace. Ha bisogno di molte cose per rimanere a galla e deve essere curato molto bene, altrimenti pu\u00f2 fallire in alto mare con risultati disastrosi. Non \u00e8 una cosa perfetta, ma \u00e8 in grado di raggiungere risultati meravigliosi se \u00e8 ben tenuto e diretto correttamente.<\/p>\n","protected":false},"author":62,"featured_media":0,"parent":29379,"menu_order":1,"comment_status":"closed","ping_status":"closed","template":"template-leftsidebar.php","meta":{"_monsterinsights_skip_tracking":false,"_monsterinsights_sitenote_active":false,"_monsterinsights_sitenote_note":"","_monsterinsights_sitenote_category":0,"footnotes":""},"categories":[1215,76,467],"tags":[1057,1217,749,1104,740,1248,745,750,1247,1102,1246,1317,743,748,741,746,744,747,1316,792],"_links":{"self":[{"href":"https:\/\/www.v6.newmessage.org\/it\/wp-json\/wp\/v2\/pages\/29598"}],"collection":[{"href":"https:\/\/www.v6.newmessage.org\/it\/wp-json\/wp\/v2\/pages"}],"about":[{"href":"https:\/\/www.v6.newmessage.org\/it\/wp-json\/wp\/v2\/types\/page"}],"author":[{"embeddable":true,"href":"https:\/\/www.v6.newmessage.org\/it\/wp-json\/wp\/v2\/users\/62"}],"replies":[{"embeddable":true,"href":"https:\/\/www.v6.newmessage.org\/it\/wp-json\/wp\/v2\/comments?post=29598"}],"version-history":[{"count":2,"href":"https:\/\/www.v6.newmessage.org\/it\/wp-json\/wp\/v2\/pages\/29598\/revisions"}],"predecessor-version":[{"id":29602,"href":"https:\/\/www.v6.newmessage.org\/it\/wp-json\/wp\/v2\/pages\/29598\/revisions\/29602"}],"up":[{"embeddable":true,"href":"https:\/\/www.v6.newmessage.org\/it\/wp-json\/wp\/v2\/pages\/29379"}],"wp:attachment":[{"href":"https:\/\/www.v6.newmessage.org\/it\/wp-json\/wp\/v2\/media?parent=29598"}],"wp:term":[{"taxonomy":"category","embeddable":true,"href":"https:\/\/www.v6.newmessage.org\/it\/wp-json\/wp\/v2\/categories?post=29598"},{"taxonomy":"post_tag","embeddable":true,"href":"https:\/\/www.v6.newmessage.org\/it\/wp-json\/wp\/v2\/tags?post=29598"}],"curies":[{"name":"wp","href":"https:\/\/api.w.org\/{rel}","templated":true}]}}