{"id":29576,"date":"2023-10-04T02:10:58","date_gmt":"2023-10-04T02:10:58","guid":{"rendered":"https:\/\/www.newmessage.org\/it\/?page_id=29576"},"modified":"2023-10-04T02:10:58","modified_gmt":"2023-10-04T02:10:58","slug":"i-guardiani","status":"publish","type":"page","link":"https:\/\/www.v6.newmessage.org\/it\/il-messaggio\/volume-2\/la-comunita-mondiale-del-nuovo-messaggio-di-dio\/i-guardiani","title":{"rendered":"I Guardiani"},"content":{"rendered":"<div><!-- Version 3.3 Verse --><\/div>\n\n<div class=\"tabgroup \"><ul class=\"tabs\"><li><a href=\"#tabs-1\">Ascolta<\/a><\/li>\n<li><a href=\"#tabs-2\">Nota<\/a><\/li><\/ul>\n <div id=\"tabs-1\"><\/p>\n<p>Ascolta la Voce della Rivelazione Originale in Inglese:<\/p>\n<div id=\"jquery_jplayer_1\" class=\"jp-jplayer\"><\/div>\n\t\t\t\t<div id=\"jp_container_1\" class=\"jp-audio\">\n\t\t\t\t<div class=\"jp-type-single\"><div class=\"jp-control\"><a href=\"javascript:;\" class=\"jp-play\" tabindex=\"1\">play<\/a><a href=\"javascript:;\" class=\"jp-pause\" tabindex=\"1\">pause<\/a><\/div> <div class=\"jp-gui jp-interface\"><div class=\"jp-volume\"><div class=\"jp-volume-bar\"><div class=\"jp-volume-bar-value\"><\/div><\/div><\/div><div class=\"jp-progress\"><div class=\"jp-seek-bar\"><div class=\"jp-play-bar\"><\/div><\/div><\/div><\/div>\t\t\t\t\t<div class=\"jp-no-solution\"><span>Update Required<\/span>To play the media you will need to either update your browser to a recent version or update your <a href=\"http:\/\/get.adobe.com\/flashplayer\/\" target=\"_blank\">Flash plugin<\/a>.<\/div><\/div><\/div>\n\t\t\t<script type='text\/javascript'>\n\t\t\t\tjQuery(document).ready(function() {\n\t\t\t\t\tif (typeof (sermonMedia) == 'function') {\n\t\t\t\t\t\tsermonMedia.addAudio('', \"jquery_jplayer_1\");\n\t\t\t\t\t}\n\t\t\t\t\tjQuery.jPlayer.timeFormat.showHour = true;\n\t\t\t\t\tjQuery(\"#jquery_jplayer_1\").jPlayer({\n\t\t\t\t\t\tready: function(event) {\n\t\t\t\t\t\t\tjQuery(this).jPlayer(\"setMedia\", {mp3: 'https:\/\/www.newmessage.org\/av\/the-guardians.mp3'});\n\t\t\t\t\t\t},\n\t\t\t\t\t\tplay: function() {\n\t\t\t\t\t\t\tjQuery(this).jPlayer(\"pauseOthers\");\n\t\t\t\t\t\t},\n\t\t\t\t\t\tswfPath: ThemeData.directory_uri+\"\/swf\",\n\t\t\t\t\t\tsolution: \"html, flash\",\n\t\t\t\t\t\tpreload: \"metadata\",\n\t\t\t\t\t\twmode: \"window\",\n\t\t\t\t\t\tsupplied: \"mp3\",\n\t\t\t\t\t\tcssSelectorAncestor: '#jp_container_1'\n\t\t\t\t\t});\n\t\t\t\t});\n\t\t\t<\/script><\/p>\n<p><a title=\"The Guardians\" href=\"https:\/\/www.newmessage.org\/av\/the-guardians.mp3\">Download<\/a> (clicca il pulsante destro del mouse)<\/p>\n<p><a href=\"https:\/\/www.community.newmessage.org\/the-guardians\/\"><img decoding=\"async\" class=\"alignnone size-medium wp-image-50501 imgborder\" src=\"https:\/\/www.newmessage.org\/wp-content\/uploads\/2020\/09\/the-guardians-image-300x157.jpeg\" alt=\"\" \/><\/a><\/p>\n<p class=\"revelation_details\"><em>Come rivelato a<br \/>\nMarshall Vian Summers<br \/>\nil 15 Gennaio 2015<br \/>\na Istanbul, Turchia<br \/>\n<\/em><\/p>\n<div class=\"toggle toggle-white\"><h4 class=\"trigger \"><span class=\"t_ico\"><\/span><a href=\"#\">Note riguardo a questa registrazione<\/a><\/h4><div class=\"toggle_container \"><br \/>\n<p>Quella che state sentendo in questa registrazione \u00e8 la voce della <u>Assemblea <\/u>Angelica che sta parlando tramite il <u>Messaggero <\/u>Marshall Vian Summers.<\/p>\n<p>Qua, la comunicazione originale di Dio, che esiste al di l\u00e0 delle parole, \u00e8 tradotta nel linguaggio e nella comprensione umana dall\u2019Assemblea Angelica che veglia sul mondo. Poi l\u2019Assemblea consegna il Messaggio di Dio tramite il Messaggero.<\/p>\n<p>In questo notevole processo, la Voce della Rivelazione sta parlando di nuovo. La Parola e il suono della Voce sono nel mondo. Per la prima volta nella storia, la registrazione dell\u2019originale rivelazione parlata \u00e8 disponibile affinch\u00e9 voi e il mondo la possiate sentire.<\/p>\n<p>Possiate voi essere i destinatari di questo dono di Rivelazione e possiate essere aperti a ricevere il suo Messaggio unico per voi e per la vostra vita.<\/p>\n<br \/>\n<\/div><\/div><br \/>\n<\/div>\n<div id=\"tabs-2\"><br \/>\n<em>Nota per il Lettore:<br \/>\nQuesta traduzione \u00e8 stata fornita a The Society da uno studente del Nuovo Messaggio che si \u00e8 offerto volontario per tradurre il testo originale in Inglese. Noi rendiamo questa traduzione disponibile al mondo in questa forma iniziale affinch\u00e9 le persone abbiano la possibilit\u00e0 di interagire con una porzione del Nuovo Messaggio nella propria lingua.<\/em><br \/>\n<\/div>\n\t\t\t\t<div align=\"right\">\n\t\t\t<div class=\"fb-like\" data-href=\"\" data-layout=\"button_count\" data-action=\"like\" data-show-faces=\"false\" data-share=\"false\"><\/div>\n\t\t\t<div class=\"fb-share-button\" data-layout=\"button_count\"> <\/div>\n\t\t\t<div class=\"fb_iframe_widget\"><a href=\"https:\/\/twitter.com\/godsnewmessage?ref_src=twsrc%5Etfw\" class=\"twitter-follow-button\" data-show-count=\"false\">Follow @godsnewmessage<\/a><script async src=\"https:\/\/platform.twitter.com\/widgets.js\" charset=\"utf-8\"><\/script><\/div>\n\t\t\t<\/div> <\/div> \n\n<p>Una grande Rivelazione viene ora data al mondo, pi\u00f9 grande e pi\u00f9 ampia di qualsiasi altra cosa sia mai stata presentata qui prima d&#8217;ora\u2014data ora ad un mondo letterato, ad un mondo di commercio e comunicazione globale, fornita adesso ad un mondo che sta affrontando le Grandi Onde del cambiamento ambientale e tutti i disagi che porteranno, una grande soglia per la quale l&#8217;umanit\u00e0 \u00e8 impreparata e non risponde.<\/p>\n<p>\u00c8 una cosa preziosa, una grande Rivelazione di Dio, data forse solo una volta in un millennio in un momento di grande necessit\u00e0, cambiamento e opportunit\u00e0.<\/p>\n<p>Ma il mondo \u00e8 un luogo corrotto. \u00c8 il mondo dei separati, che hanno perso temporaneamente la loro connessione con Dio. Tutto ci\u00f2 che \u00e8 puro e che viene portato qui pu\u00f2 essere facilmente alterato, cambiato, frainteso e applicato male, come \u00e8 successo con tutte le grandi Rivelazioni precedenti date nel corso del tempo.<\/p>\n<p>Noi custodiamo la Rivelazione originale e il suo significato, ma ci\u00f2 che accade qui sulla Terra \u00e8 fuori dal Nostro controllo. La corruzione che pu\u00f2 avvenire \u00e8 significativa e pu\u00f2 alterare il significato e lo scopo della Rivelazione rispetto alla sua intenzione originale.<\/p>\n<p>Per questo motivo, ci devono essere quelli che possono custodirla e che preservano la sua purezza. Perch\u00e9 ci saranno infatti persone che cercheranno di alterarla e di unirla ad altre cose, cambiandone la formulazione e il significato per adattarla alle loro preferenze e alle loro idee precedenti, alternandole per adattarle ad altri insegnamenti e alle Rivelazioni precedenti. Infatti, \u00e8 molto difficile per le persone accettare che Dio abbia parlato di nuovo e che le Rivelazioni di Dio non siano vincolate dal passato o dalle aspettative o supposizioni umane passate.<\/p>\n<p>Pertanto, ci devono essere coloro che custodiscono la Rivelazione pura. Anche se ora \u00e8 data e registrata accuratamente in forma pura, pu\u00f2 comunque essere cambiata e manipolata. Purtroppo, ci sar\u00e0 chi cercher\u00e0 di farlo per i propri scopi.<\/p>\n<p>Ecco perch\u00e9 abbiamo creato un gruppo di persone intorno al Messaggero. Si chiamano &#8220;The Society&#8221;. Pensiamo a loro come a dei Guardiani. Devono proteggere il Messaggio, il Messaggero e la loro comunit\u00e0 principale dalle infiltrazioni, dall&#8217;opposizione e dalla corruzione dall&#8217;interno e dall&#8217;esterno. Perch\u00e9 anche loro vivono ancora nella separazione e sono inclini all&#8217;errore tra di loro.<\/p>\n<p>Quindi \u00e8 una sfida molto grande, vedi, mantenere questa fedelt\u00e0, questo impegno, essere fedeli al Messaggio e al Messaggero, anche quando non c&#8217;\u00e8 pi\u00f9\u2014preservare le sue parole e preservare gli Insegnamenti nella loro forma originale, perch\u00e9 nulla deve essere aggiunto o tolto qui. Anche se le persone lo faranno perch\u00e9 sono ignoranti e non capiscono ci\u00f2 che stanno ricevendo, questo nucleo di persone deve sempre preservare l&#8217;Insegnamento completo.<\/p>\n<p>Anche se non lo riescono a capire, anche se in alcuni punti li confonde, anche se trovano una contraddizione al suo interno, \u00e8 tutto l\u00ec per uno scopo. Anche se non coincide con gli insegnamenti e le tradizioni precedenti, \u00e8 tutto l\u00ec per uno scopo.<\/p>\n<p>Le Rivelazioni di Dio fanno parte di un Piano Superiore per far progredire l&#8217;umanit\u00e0 nel suo sviluppo e nella sua evoluzione, per prepararla a una comunit\u00e0 mondiale e per prepararla ai rigori della vita nell&#8217;universo che la circonda.<\/p>\n<p>Le persone non pensano in questi termini, ovviamente. Pensano solo in termini di periodi di tempo molto limitati\u2014le supposizioni, le tradizioni e le credenze umane. Ma lo scopo superiore del Piano di Dio va oltre tutte queste cose e non pu\u00f2 essere contenuto solo nelle idee e nelle credenze umane.<\/p>\n<p>Anche se non puoi capirlo completamente, \u00e8 necessario che tu veda che si tratta di un Grande Piano che va oltre la comprensione umana e che tutte le grandi Rivelazioni sono state date per uno scopo.<\/p>\n<p>E ora Dio ha parlato di nuovo. E l&#8217;opportunit\u00e0 di portare questo messaggio al mondo intero \u00e8 immensa in questo momento. E catturare la voce della Rivelazione, cosa che non \u00e8 mai stato possibile in passato, \u00e8 di estrema importanza.<\/p>\n<p>Ma ci devono essere ancora coloro che sono impegnati a mantenere la Rivelazione pura. Anche al di l\u00e0 del gruppo di persone chiamate ad assistere il Messaggero\u2014il Circolo del Messaggero, i suoi compagni\u2014tutti i veri studenti della Rivelazione devono essere impegnati in questo senso.<\/p>\n<p>Saranno tentati di unirla a cose che gi\u00e0 amano o apprezzano. Cercheranno di unirla ad altre tradizioni e maestri, idee e credenze che forse sono state utili in passato. Ma non appena lo fanno, la purezza e la coerenza della Rivelazione cominciano ad essere alterate.<\/p>\n<p>Qualcosa di puro donato dal Cielo al mondo, alla terra e alla realt\u00e0 dei separati \u00e8 ovviamente un compito pericoloso e rischioso. Stiamo facendo tutto il possibile per assicurarci che la Rivelazione originale venga preservata. In passato sono stati commessi molti errori riguardo a come gli Insegnamenti [passati] sarebbero stati ricevuti, come sarebbero stati studiati e chi li avrebbe guidati e condotti nel tempo. Stiamo facendo del Nostro meglio per evitare i grandi errori che sono stati commessi a questo proposito.<\/p>\n<p>Anche i Messaggeri precedenti non si sono resi pienamente conto dell&#8217;importanza della loro missione mentre erano qui sulla Terra, quindi non sono state prese alcune precauzioni. \u00c8 comprensibile. Una volta tornati all&#8217;Assemblea Angelica da cui erano venuti, hanno potuto vedere molto chiaramente il quadro generale. Ma mentre i grandi Messaggeri sono nel mondo, sono esseri umani, per un tempo\u2014limitati dalla percezione e comprensione umana e dalle circostanze della loro vita in quel momento.<\/p>\n<p>I limiti della percezione riguardano tutti, dai pi\u00f9 saggi ai pi\u00f9 sciocchi. Perch\u00e9 non puoi vedere ci\u00f2 che il Cielo vede. Non puoi sapere ci\u00f2 che il Cielo sa, pienamente. Ma svolgere il tuo ruolo essenziale \u00e8 la cosa pi\u00f9 importante, pi\u00f9 importante che avere una risposta a tutte le tue domande, pi\u00f9 importante che cercare di capire ogni aspetto della vita, perch\u00e9 in tutta onest\u00e0, questo non \u00e8 possibile.<\/p>\n<p>Chiunque riceva la Rivelazione, quindi, deve conservarla nella sua forma pura, al meglio delle proprie capacit\u00e0, tornando sempre alla Rivelazione cos\u00ec come \u00e8 stata data. Infatti, ora viene data nei termini pi\u00f9 chiari possibili, con molte ripetizioni e chiarimenti, riducendo al minimo la necessit\u00e0 di commenti umani, che prima rappresentavano un grande problema.<\/p>\n<p>Alcune parti della Rivelazione saranno difficili da capire per le persone, date le loro associazioni passate e la loro visione limitata del mondo. Ma devono lavorare su questo. Questo \u00e8 il loro lavoro. Questo \u00e8 il loro compito. Dio non sta dando al mondo alimenti per bambini. [Dio] gli sta dando il vero nutrimento di cui ha bisogno, che richiede una comprensione e una volont\u00e0 superiori, una maggiore apertura e tolleranza tra le persone, le nazioni e le religioni del mondo.<\/p>\n<p>Molte cose dovranno essere cambiate e modificate nella vostra comprensione affinch\u00e9 voi possiate procedere in questa prossima grande fase dello sviluppo umano e della sfida umana.<\/p>\n<p>Tutti coloro che ricevono la Rivelazione, quindi, sono incoraggiati a riceverla in umilt\u00e0 e onest\u00e0, disposti ad accettarla e a seguirla\u2014accettando di non poter capire tutto, accettando di non essere perfetti come studenti. Ma la perfezione non \u00e8 ci\u00f2 che ci si aspetta o che si richiede. \u00c8 la fedelt\u00e0. \u00c8 la coerenza. \u00c8 l&#8217;impegno.<\/p>\n<p>Come studente inciamperai. Avrai difficolt\u00e0 a capire alcune cose. Dovrai imparare ad applicare la Rivelazione da solo in certe situazioni o chiedere consiglio a coloro che sono tra i suoi guardiani pi\u00f9 puri.<\/p>\n<p>Qui non puoi pensare di essere un maestro o un esperto, perch\u00e9 non sei stato mandato qui per essere questo o fare questo, ma per svolgere il tuo ruolo essenziale, che non sar\u00e0 glorioso, che non richieder\u00e0 grande fama e riconoscimento. Puoi avvicinarti con onest\u00e0 e semplicit\u00e0. Volendo e pretendendo consenso e riconoscimento, non saprai come procedere. E metterai in pericolo la Rivelazione e coloro che sono destinati a riceverla.<\/p>\n<p>Quindi, con questo potere che la Rivelazione ti conferisce, devi avere una grande responsabilit\u00e0 e un grande controllo. Questi sono sempre i requisiti per ricevere il vero potere e la vera abilit\u00e0.<\/p>\n<p>Pi\u00f9 diventi forte, pi\u00f9 devi frenare le tue tendenze deboli e acquisire la saggezza necessaria per portare avanti la tua forza in modo positivo e costruttivo.<\/p>\n<p>Infatti, non sei solo il destinatario della Rivelazione, ma ne diventi anche il guardiano e questa responsabilit\u00e0 \u00e8 affidata anche a te.<\/p>\n<p>Se alteri la Rivelazione, questa andr\u00e0 fuori obiettivo per te. Cambia le parole e il suo potere diminuir\u00e0. Se la associ ad altri insegnanti o insegnamenti, perderai di vista la sua autenticit\u00e0 e la sua potenza. Lascia fuori alcune parti e non avrai il quadro completo della tua vita. Mettila in discussione, rifiutala, negala e volterai le spalle a chi l&#8217;ha mandata per benedirti, guidarti e darti una speranza superiore.<\/p>\n<p>La tutela \u00e8 molto importante. Il Nuovo Messaggio \u00e8 molto aperto. Permette molte risposte umane. Non \u00e8 pieno di condanne. D\u00e0 alle persone un enorme potere, ma richiede anche un&#8217;enorme responsabilit\u00e0.<\/p>\n<p>Il dono della Rivelazione per la persona \u00e8 stato in gran parte soppresso o omesso dalle precedenti Rivelazioni, con alcune eccezioni. Ma questo non pu\u00f2 essere il caso ora. Non pu\u00f2 essere sotto il controllo totale delle autorit\u00e0 religiose o dei governi, perch\u00e9 non \u00e8 stata data per questo scopo.<\/p>\n<p>Tuttavia, la sua purezza deve essere mantenuta. Non deve essere associata ad altre cose. Devi abbandonare ci\u00f2 che hai imparato in precedenza se vuoi davvero imparare qui. Devi lasciarti andare alla Rivelazione, a Dio e all&#8217;Assemblea Angelica che te l&#8217;ha portata in parole che puoi capire. Non puoi usarla come una risorsa, n\u00e9 usarla per cercare di ottenere amore, ricchezza o potere, perch\u00e9 non la capirai e non riceverai la vera potenza che ti offre.<\/p>\n<p>Sebbene alcune persone siano state incaricate ad essere i guardiani della Rivelazione, sia ora che in futuro, a tutti coloro che possono riceverla viene chiesto di assumersi questa responsabilit\u00e0. Il cielo osserver\u00e0 chi \u00e8 in grado di farlo e chi no. Il cielo osserver\u00e0 chi diventer\u00e0 il vero destinatario e sostenitore della Nuova Rivelazione di Dio per il mondo.<\/p>\n<p>Se vuoi essere un guardiano in questo senso, devi sempre fare riferimento a coloro che sono stati inviati per essere i compagni del Messaggero. E non puoi lasciare il Messaggero fuori dal quadro, perch\u00e9 chi \u00e8 e da dove viene fa parte della Rivelazione.<\/p>\n<p>Gran parte dell&#8217;Insegnamento riguarda lui e il processo della Rivelazione, affinch\u00e9 tu possa capire come Dio opera nel mondo e come Dio ha operato qui in passato, per il quale non ci sono tracce e ben poco si sa dei tempi in cui i veri Messaggeri sono venuti nel mondo in passato.<\/p>\n<p>Ma ora, per la prima volta, puoi capire come Dio opera in questo modo\u2014non per benedire solo un individuo o un gruppo qua e l\u00e0, ma per guidare il mondo intero in un&#8217;epoca diversa della sua vita nel mondo. La Nuova Rivelazione per il mondo non \u00e8 altro che questo: un Messaggio per guidare tutta l&#8217;umanit\u00e0.<\/p>\n<p>Ma, ovviamente, le persone lo useranno per cercare di guidare se stesse perch\u00e9 vivono ancora nella separazione. Credono ancora di potersi realizzare usando tutti e tutto come risorsa per i propri scopi. Ma il vero guardiano capisce che questo \u00e8 falso e che fallir\u00e0 sempre. \u00c8 sempre distruttivo e manipolativo e non \u00e8 mai onesto.<\/p>\n<p>Il grande dono che Dio ti ha fatto ti d\u00e0 questa rara e unica opportunit\u00e0 di recuperare il vero manto dell&#8217;autorit\u00e0 nella tua vita. Ma questa autorit\u00e0 fa parte di un&#8217;Autorit\u00e0 Superiore che \u00e8 al di l\u00e0 del mondo. Ma deve essere guidata dalla saggezza e dalla cautela, e per questo la Nuova Rivelazione di Dio offre una grande quantit\u00e0 di indicazioni, consigli e istruzioni.<\/p>\n<p>Devi proteggere il Messaggio e il Messaggero e, oltre alla vita del Messaggero, la sua memoria. Egli \u00e8 imperfetto. Non puoi fare di lui un idolo. Ma tutti i Messaggeri erano imperfetti, anche se le persone li hanno trasformati in idoli da adorare.<\/p>\n<p>Se questo pu\u00f2 essere fatto, c&#8217;\u00e8 una nuova speranza per l&#8217;umanit\u00e0. Perch\u00e9 questo \u00e8 il dono di Dio all&#8217;umanit\u00e0. Tuttavia, l&#8217;umanit\u00e0 sta fallendo ogni giorno che passa. \u00c8 impreparata al grande cambiamento che sta arrivando nel mondo. \u00c8 ignorante e impreparata alle influenze dell&#8217;universo che la circonda e che in questo momento hanno un impatto distruttivo sulla famiglia umana. Sta continuando il suo percorso sconsiderato di realizzazione individuale e di potere nazionale, spogliando il mondo delle sue risorse vitali a un ritmo che non ha precedenti e che pu\u00f2 solo portare alla rovina in futuro se queste azioni continuano.<\/p>\n<p>Non pensare che il Nuovo Messaggio sia qui solo per la tua felicit\u00e0, la tua pace o le tue idee sull&#8217;illuminazione. \u00c8 qui per impegnarti a servire il mondo, a prevenire il collasso della civilt\u00e0 umana e a preparare il futuro dell&#8217;umanit\u00e0 in un universo pieno di vita intelligente, un universo non umano dove la libert\u00e0 \u00e8 rara.<\/p>\n<p>Qui non c&#8217;\u00e8 grandezza personale. Nessuna celebrit\u00e0. Nessuna maestria. Solo il puro servizio che sei stato mandato qui per rendere, che \u00e8 l&#8217;unica cosa che pu\u00f2 appagare la tua vita e darle un senso e uno scopo, l&#8217;unica cosa che pu\u00f2 liberarti dagli errori del tuo passato, l&#8217;unica cosa che pu\u00f2 unirti a coloro che ti hanno mandato, nel tuo viaggio superiore qui.<\/p>\n<p>Noi siamo i guardiani della libert\u00e0 umana e della redenzione. Dovete diventare i guardiani della Rivelazione che Dio ha inviato nel mondo.<\/p>\n<p>Anche se pratichi un&#8217;altra religione, anche se sei fedele a quella, mantieni la Nuova Rivelazione di Dio in purezza. Non cercare di unirla ad altre cose. In questo modo, pu\u00f2 servire alla tua tradizione. In questo modo, potr\u00e0 essere utile a tutto ci\u00f2 che ti circonda.<\/p>\n<p>Questo \u00e8 il prossimo passo per l&#8217;umanit\u00e0. Questo \u00e8 il grande aggiornamento che deve essere dato alla consapevolezza e alla responsabilit\u00e0 umana. Questa \u00e8 la grande protezione che l&#8217;umanit\u00e0 deve costruire nel mondo per assicurarsi il futuro, il benessere, la libert\u00e0 e la sovranit\u00e0 su chi governer\u00e0 questo mondo e su che tipo di mondo sar\u00e0, per te, per i tuoi figli e per le generazioni a venire.<\/p>\n<p>\u00c8 molto importante che tra un secolo le persone possano leggere la Rivelazione nella sua forma pura. Stiamo facendo tutto il possibile per garantirlo. \u00c8 cos\u00ec importante che tra cinque secoli le persone possano leggere la Rivelazione nella sua forma pura.<\/p>\n<p>Spetter\u00e0 ai guardiani sulla Terra renderlo possibile. Anche in tempi di grandi pressioni e cambiamenti convulsi, la purezza della Rivelazione deve essere mantenuta. Perch\u00e9 \u00e8 un dono non solo per questi tempi, ma anche per i tempi a venire, persino per quelli che vanno oltre la tua vita\u2014la realt\u00e0 che i tuoi figli dovranno affrontare e i loro figli e cos\u00ec via.<\/p>\n<p>Infatti, quando Dio parla al mondo, non \u00e8 solo per quel momento, ma per i tempi a venire\u2014i tempi che puoi percepire e vedere, e i tempi che sono oltre la portata della tua visione e del tuo capire. Ecco quanto \u00e8 grande la Rivelazione. Ed \u00e8 per questo che la sua purezza deve essere preservata, affinch\u00e9 possa servire coloro che devono ancora venire e benedire il mondo che i tuoi occhi non possono ancora vedere.<\/p>\n","protected":false},"excerpt":{"rendered":"<p>Una grande Rivelazione viene ora data al mondo, pi\u00f9 grande e pi\u00f9 ampia di qualsiasi altra cosa sia mai stata presentata qui prima d&#8217;ora\u2014data ora ad un mondo letterato, ad un mondo di commercio e comunicazione globale, fornita adesso ad un mondo che sta affrontando le Grandi Onde del cambiamento ambientale e tutti i disagi che porteranno, una grande soglia per la quale l&#8217;umanit\u00e0 \u00e8 impreparata e non risponde.<\/p>\n<p>\u00c8 una cosa preziosa, una grande Rivelazione di Dio, data forse solo una volta in un millennio in un momento di grande necessit\u00e0, cambiamento e opportunit\u00e0.<\/p>\n<p>Ma il mondo \u00e8 un luogo corrotto. \u00c8 il mondo dei separati, che hanno perso temporaneamente la loro connessione con Dio. Tutto ci\u00f2 che \u00e8 puro e che viene portato qui pu\u00f2 essere facilmente alterato, cambiato, frainteso e applicato male, come \u00e8 successo con tutte le grandi Rivelazioni precedenti date nel corso del tempo.<\/p>\n<p>Noi custodiamo la Rivelazione originale e il suo significato, ma ci\u00f2 che accade qui sulla Terra \u00e8 fuori dal Nostro controllo. La corruzione che pu\u00f2 avvenire \u00e8 significativa e pu\u00f2 alterare il significato e lo scopo della Rivelazione rispetto alla sua intenzione originale.<\/p>\n","protected":false},"author":62,"featured_media":0,"parent":28582,"menu_order":0,"comment_status":"closed","ping_status":"closed","template":"template-leftsidebar.php","meta":{"_monsterinsights_skip_tracking":false,"_monsterinsights_sitenote_active":false,"_monsterinsights_sitenote_note":"","_monsterinsights_sitenote_category":0,"footnotes":""},"categories":[932,117,76,467],"tags":[749,740,745,750,1305,743,748,741,746,744,747,1306,676,1204,742],"_links":{"self":[{"href":"https:\/\/www.v6.newmessage.org\/it\/wp-json\/wp\/v2\/pages\/29576"}],"collection":[{"href":"https:\/\/www.v6.newmessage.org\/it\/wp-json\/wp\/v2\/pages"}],"about":[{"href":"https:\/\/www.v6.newmessage.org\/it\/wp-json\/wp\/v2\/types\/page"}],"author":[{"embeddable":true,"href":"https:\/\/www.v6.newmessage.org\/it\/wp-json\/wp\/v2\/users\/62"}],"replies":[{"embeddable":true,"href":"https:\/\/www.v6.newmessage.org\/it\/wp-json\/wp\/v2\/comments?post=29576"}],"version-history":[{"count":1,"href":"https:\/\/www.v6.newmessage.org\/it\/wp-json\/wp\/v2\/pages\/29576\/revisions"}],"predecessor-version":[{"id":29580,"href":"https:\/\/www.v6.newmessage.org\/it\/wp-json\/wp\/v2\/pages\/29576\/revisions\/29580"}],"up":[{"embeddable":true,"href":"https:\/\/www.v6.newmessage.org\/it\/wp-json\/wp\/v2\/pages\/28582"}],"wp:attachment":[{"href":"https:\/\/www.v6.newmessage.org\/it\/wp-json\/wp\/v2\/media?parent=29576"}],"wp:term":[{"taxonomy":"category","embeddable":true,"href":"https:\/\/www.v6.newmessage.org\/it\/wp-json\/wp\/v2\/categories?post=29576"},{"taxonomy":"post_tag","embeddable":true,"href":"https:\/\/www.v6.newmessage.org\/it\/wp-json\/wp\/v2\/tags?post=29576"}],"curies":[{"name":"wp","href":"https:\/\/api.w.org\/{rel}","templated":true}]}}