{"id":29562,"date":"2023-09-22T06:20:10","date_gmt":"2023-09-22T06:20:10","guid":{"rendered":"https:\/\/www.newmessage.org\/it\/?page_id=29562"},"modified":"2023-09-22T06:20:10","modified_gmt":"2023-09-22T06:20:10","slug":"sostenere-la-nuova-rivelazione-di-dio","status":"publish","type":"page","link":"https:\/\/www.v6.newmessage.org\/it\/il-messaggio\/volume-2\/la-comunita-mondiale-del-nuovo-messaggio-di-dio\/sostenere-la-nuova-rivelazione-di-dio","title":{"rendered":"Sostenere la Nuova Rivelazione di Dio"},"content":{"rendered":"<div><!-- Version 3.5 Verse --><\/div>\n\n<div class=\"tabgroup \"><ul class=\"tabs\"><li><a href=\"#tabs-1\">Ascolta<\/a><\/li>\n<li><a href=\"#tabs-2\">Nota<\/a><\/li><\/ul>\n <div id=\"tabs-1\"><\/p>\n<p>Ascolta la Voce della Rivelazione Originale in Inglese:<\/p>\n<div id=\"jquery_jplayer_1\" class=\"jp-jplayer\"><\/div>\n\t\t\t\t<div id=\"jp_container_1\" class=\"jp-audio\">\n\t\t\t\t<div class=\"jp-type-single\"><div class=\"jp-control\"><a href=\"javascript:;\" class=\"jp-play\" tabindex=\"1\">play<\/a><a href=\"javascript:;\" class=\"jp-pause\" tabindex=\"1\">pause<\/a><\/div> <div class=\"jp-gui jp-interface\"><div class=\"jp-volume\"><div class=\"jp-volume-bar\"><div class=\"jp-volume-bar-value\"><\/div><\/div><\/div><div class=\"jp-progress\"><div class=\"jp-seek-bar\"><div class=\"jp-play-bar\"><\/div><\/div><\/div><\/div>\t\t\t\t\t<div class=\"jp-no-solution\"><span>Update Required<\/span>To play the media you will need to either update your browser to a recent version or update your <a href=\"http:\/\/get.adobe.com\/flashplayer\/\" target=\"_blank\">Flash plugin<\/a>.<\/div><\/div><\/div>\n\t\t\t<script type='text\/javascript'>\n\t\t\t\tjQuery(document).ready(function() {\n\t\t\t\t\tif (typeof (sermonMedia) == 'function') {\n\t\t\t\t\t\tsermonMedia.addAudio('', \"jquery_jplayer_1\");\n\t\t\t\t\t}\n\t\t\t\t\tjQuery.jPlayer.timeFormat.showHour = true;\n\t\t\t\t\tjQuery(\"#jquery_jplayer_1\").jPlayer({\n\t\t\t\t\t\tready: function(event) {\n\t\t\t\t\t\t\tjQuery(this).jPlayer(\"setMedia\", {mp3: 'https:\/\/www.newmessage.org\/av\/supporting-gods-new-revelation.mp3'});\n\t\t\t\t\t\t},\n\t\t\t\t\t\tplay: function() {\n\t\t\t\t\t\t\tjQuery(this).jPlayer(\"pauseOthers\");\n\t\t\t\t\t\t},\n\t\t\t\t\t\tswfPath: ThemeData.directory_uri+\"\/swf\",\n\t\t\t\t\t\tsolution: \"html, flash\",\n\t\t\t\t\t\tpreload: \"metadata\",\n\t\t\t\t\t\twmode: \"window\",\n\t\t\t\t\t\tsupplied: \"mp3\",\n\t\t\t\t\t\tcssSelectorAncestor: '#jp_container_1'\n\t\t\t\t\t});\n\t\t\t\t});\n\t\t\t<\/script><\/p>\n<p><a title=\"Supporting God\u2019s New Revelation\" href=\"https:\/\/www.newmessage.org\/av\/supporting-gods-new-revelation.mp3\">Download<\/a> (clicca il pulsante destro del mouse)<\/p>\n<p><a href=\"https:\/\/www.community.newmessage.org\/supporting-gods-new-revelation\/\"><img decoding=\"async\" class=\"aligncenter size-medium wp-image-50550 imgborder\" src=\"https:\/\/www.newmessage.org\/wp-content\/uploads\/2020\/09\/supporting-gods-new-revelation-image-300x157.jpeg\" alt=\"\" \/><\/a><\/p>\n<p class=\"revelation_details\"><em>Come rivelato a<br \/>\nMarshall Vian Summers<br \/>\nil 1\u00b0 Febbraio 2009<br \/>\na Boulder, Colorado<br \/>\n<\/em><\/p>\n<div class=\"toggle toggle-white\"><h4 class=\"trigger \"><span class=\"t_ico\"><\/span><a href=\"#\">Note riguardo a questa registrazione<\/a><\/h4><div class=\"toggle_container \"><br \/>\n<p>Quella che state sentendo in questa registrazione \u00e8 la voce della <u>Assemblea <\/u>Angelica che sta parlando tramite il <u>Messaggero <\/u>Marshall Vian Summers.<\/p>\n<p>Qua, la comunicazione originale di Dio, che esiste al di l\u00e0 delle parole, \u00e8 tradotta nel linguaggio e nella comprensione umana dall\u2019Assemblea Angelica che veglia sul mondo. Poi l\u2019Assemblea consegna il Messaggio di Dio tramite il Messaggero.<\/p>\n<p>In questo notevole processo, la Voce della Rivelazione sta parlando di nuovo. La Parola e il suono della Voce sono nel mondo. Per la prima volta nella storia, la registrazione dell\u2019originale rivelazione parlata \u00e8 disponibile affinch\u00e9 voi e il mondo la possiate sentire.<\/p>\n<p>Possiate voi essere i destinatari di questo dono di Rivelazione e possiate essere aperti a ricevere il suo Messaggio unico per voi e per la vostra vita.<\/p>\n<br \/>\n<\/div><\/div><br \/>\n<\/div>\n<div id=\"tabs-2\"><br \/>\n<em>Nota per il Lettore:<br \/>\nQuesta traduzione \u00e8 stata fornita a The Society da uno studente del Nuovo Messaggio che si \u00e8 offerto volontario per tradurre il testo originale in Inglese. Noi rendiamo questa traduzione disponibile al mondo in questa forma iniziale affinch\u00e9 le persone abbiano la possibilit\u00e0 di interagire con una porzione del Nuovo Messaggio nella propria lingua.<\/em><br \/>\n<\/div>\n\t\t\t\t<div align=\"right\">\n\t\t\t<div class=\"fb-like\" data-href=\"\" data-layout=\"button_count\" data-action=\"like\" data-show-faces=\"false\" data-share=\"false\"><\/div>\n\t\t\t<div class=\"fb-share-button\" data-layout=\"button_count\"> <\/div>\n\t\t\t<div class=\"fb_iframe_widget\"><a href=\"https:\/\/twitter.com\/godsnewmessage?ref_src=twsrc%5Etfw\" class=\"twitter-follow-button\" data-show-count=\"false\">Follow @godsnewmessage<\/a><script async src=\"https:\/\/platform.twitter.com\/widgets.js\" charset=\"utf-8\"><\/script><\/div>\n\t\t\t<\/div> <\/div> \n\n<p>Il Creatore di tutta la vita ha inviato un Nuovo Messaggio nel mondo, un Nuovo Messaggio per preparare l&#8217;umanit\u00e0 al grande cambiamento che sta arrivando nel mondo e per preparare l&#8217;umanit\u00e0 all&#8217;incontro con la vita nell&#8217;universo, un incontro che cambier\u00e0 il destino della famiglia umana.<\/p>\n<p>Questo Nuovo Messaggio \u00e8 stato inviato per chiarire il vero significato e lo scopo della spiritualit\u00e0 umana e l&#8217;unit\u00e0 essenziale di tutte le religioni del mondo come diversi percorsi verso Dio che sono stati iniziati da Dio e che sono stati cambiati dalle persone.<\/p>\n<p>Un Messaggero \u00e8 stato inviato per consegnare il Nuovo Messaggio da Dio. \u00c8 un uomo umile, un uomo senza posizione sociale, un uomo che ha dedicato la sua vita a prepararsi a ricevere il Nuovo Messaggio e a riceverlo per un lungo periodo di tempo, senza riconoscimenti e senza fanfare di alcun tipo. Ha dedicato la sua vita a questo. \u00c8 impegnato dedicando il suo tempo e le sue risorse a questo.<\/p>\n<p>\u00c8 lui che pu\u00f2 portare il Nuovo Messaggio da Dio nel mondo, perch\u00e9 \u00e8 stato concepito e scelto per questo prima di venire nel mondo. Nessuno pu\u00f2 sostituirlo nel suo ruolo e non ci sar\u00e0 un altro Messaggero per molto tempo. I Nuovi Messaggi di Dio, infatti, arrivano di rado e sono destinati a servire le esigenze dell&#8217;umanit\u00e0 per molto tempo nel futuro.<\/p>\n<p>\u00c8 perch\u00e9 queste Rivelazioni parlano della grande natura e del destino dell&#8217;umanit\u00e0 che vengono spesso fraintese al momento della loro introduzione. Vengono spesso fraintese perch\u00e9 sembrano non affrontare i problemi di cui le persone si occupano al momento. Non sembrano rispondere alle richieste di tutti. Non riflettono gli ammonimenti delle persone, gli uni contro gli altri. Non riflettono i pregiudizi del giorno o le lotte politiche o sociali del momento.<\/p>\n<p>Invece, questi Nuovi Messaggi preparano l&#8217;umanit\u00e0 per la sua prossima fase, il suo prossimo passo di evoluzione e sviluppo, fornendo un potere unificante e il potere della redenzione in una nuova forma\u2014non per sostituire le vecchie forme, ma per aggiungere un&#8217;altra dimensione di comprensione.<\/p>\n<p>Il Nuovo Messaggio \u00e8 di per s\u00e9 molto vasto. Non pu\u00f2 essere riassunto in una frase o in una parola. La sua presenza nel mondo indica che stai vivendo in un&#8217;epoca di Rivelazione, un&#8217;epoca in cui un Nuovo Messaggio da Dio sarebbe stato inviato nel mondo per la protezione e il progresso dell&#8217;umanit\u00e0.<\/p>\n<p>Non \u00e8 la fine dei tempi come molti pensano. \u00c8 la fine di un&#8217;era e l&#8217;inizio di una nuova fase della vita, come se la famiglia umana passasse dall&#8217;adolescenza a uno stato maggiore di maturit\u00e0 e di et\u00e0 adulta. Il successo di questo passaggio e il suo esito positivo dipenderanno in gran parte dalla capacit\u00e0 delle persone di riconoscere ed esprimere gli insegnamenti fondamentali presentati nel Nuovo Messaggio da Dio.<\/p>\n<p>Forse li presenteranno senza alcuna consapevolezza del Nuovo Messaggio, perch\u00e9 la verit\u00e0 del Nuovo Messaggio vive nel cuore di tutti. Forse troveranno un espressione attraverso le loro tradizioni religiose. Questo va bene. Ma per molte persone il Nuovo Messaggio sar\u00e0 la loro Rivelazione. Sar\u00e0 la loro chiamata. Fornir\u00e0 loro la preparazione che non possono trovare altrove.<\/p>\n<p>Che una verit\u00e0 pi\u00f9 grande arrivi da una tradizione o da un&#8217;altra, da un Nuovo Messaggio da Dio o da un antico insegnamento, non ha importanza, purch\u00e9 la verit\u00e0 venga realizzata, sperimentata ed espressa. Dio non ha preferenze in questo campo\u2014che una persona trovi il suo pi\u00f9 grande contributo al mondo attraverso la sua tradizione Cristiana, o la sua tradizione Islamica, o la sua tradizione Buddista o qualsiasi altra tradizione, purch\u00e9 la verit\u00e0 piu&#8217; grande sia realizzata, sperimentata ed espressa. Dio non \u00e8 vincolato dai pregiudizi, dalle inimicizie e dalle false credenze che circoscrivono la consapevolezza e la percezione umana.<\/p>\n<p>Ma l&#8217;umanit\u00e0 si sta avvicinando a una grande soglia, per la quale \u00e8 inconsapevole e impreparata. Le Grandi Onde del cambiamento stanno arrivando nel mondo e l&#8217;umanit\u00e0 sta affrontando un\u2019Intromissione da parte di razze esploratrici dell&#8217;universo, che sono qui per approfittare di un&#8217;umanit\u00e0 debole e divisa.<\/p>\n<p>Le grandi Rivelazioni che sono state date nel corso del tempo non possono preparare l&#8217;umanit\u00e0 a queste due grandi soglie, le pi\u00f9 grandi soglie che l&#8217;umanit\u00e0 dovr\u00e0 mai affrontare, soglie che stanno convergendo sulla famiglia umana in questo momento.<\/p>\n<p>Questo ha richiesto una Nuova Rivelazione da parte del Creatore di tutta la vita, una Rivelazione che risuona con tutte le Rivelazioni di Dio, ma che presenta informazioni, prospettive e preparazione diverse da qualsiasi altra cosa sia stata data all&#8217;umanit\u00e0 in precedenza. Perch\u00e9 state entrando in un nuovo tempo con nuovi rischi e nuovi pericoli.<\/p>\n<p>Il Nuovo Messaggio di Dio non \u00e8 per una trib\u00f9, una nazione o una regione. \u00c8 per preparare l&#8217;umanit\u00e0 al grande cambiamento che sta arrivando e per rivelare ci\u00f2 che \u00e8 comune tra di voi e il potere e l&#8217;Intelligenza della vostra spiritualit\u00e0 che deve essere chiamata in causa ora come mai prima.<\/p>\n<p>Devi quindi ricevere il Nuovo Messaggio e vedere cosa ti rivela, non solo su ci\u00f2 che si prospetta all&#8217;orizzonte del mondo, ma anche sulla tua natura e sul tuo scopo per il quale sei qui in questo momento.<\/p>\n<p>Infatti, non sei nato per caso e hai uno scopo e una missione pi\u00f9 grandi da sperimentare e da compiere nel mondo. \u00c8 questo scopo e questa missione che ti daranno la pi\u00f9 grande soddisfazione e la pi\u00f9 grande esperienza di ricongiungimento con la tua vera natura e con la Fonte della tua vera natura.<\/p>\n<p>\u00c8 importante che tu sappia che il Messaggio e il Messaggero devono essere assistiti e sostenuti. Lui sta portando una Nuova Rivelazione all&#8217;umanit\u00e0, ma sono in pochi ad essere consapevoli della sua esistenza. C&#8217;\u00e8 un piccolo gruppo di persone che \u00e8 stato chiamato ad assisterlo nella sua grande missione. Ma ora avr\u00e0 bisogno dell&#8217;assistenza di molte pi\u00f9 persone. Avr\u00e0 bisogno del loro sostegno.<\/p>\n<p>Deve creare un veicolo attraverso il quale presentare il Nuovo Messaggio nella sua forma pura, cosa che sta cercando di fare ora con tutti i suoi sforzi e talenti, e con i talenti della sua famiglia e di coloro che sono stati chiamati ad assisterlo. Non pu\u00f2 farlo senza l&#8217;aiuto di altri.<\/p>\n<p>Per Marshall Vian Summers, il sostegno \u00e8 per il Nuovo Messaggio. Riceve solo un piccolo compenso dal suo lavoro e la sua vita \u00e8 semplice e umile. Non ha bisogno di grandi cose. Ma il suo sforzo \u00e8 grande e richieder\u00e0 la partecipazione e il sostegno finanziario di molte persone in tutto il mondo.<\/p>\n<p>Il Messaggero non ha ambizioni, quindi far\u00e0 solo ci\u00f2 che gli viene richiesto e non di pi\u00f9. Non cerca la gloria. Non cerca di costruire un&#8217;enorme struttura o organizzazione. Non cerca un ampio riconoscimento. Perch\u00e9 si rende conto che queste cose porteranno pericolo nella sua vita e anche tribolazione.<\/p>\n<p>Sebbene il mondo abbia un enorme bisogno di un Nuovo Messaggio da Dio, non \u00e8 ancora consapevole di questo bisogno e non accoglier\u00e0 con favore una Rivelazione del genere, anche se la sua saggezza \u00e8 molto richiesta in questo momento.<\/p>\n<p>Ci\u00f2 di cui ha bisogno \u00e8 che il Nuovo Messaggio diventi accessibile alle persone\u2014alle persone delle nazioni ricche, alle persone delle nazioni povere, alle persone sole, ai disperati, agli oppressi e agli impoveriti, ai ricchi e ai potenti, a coloro che hanno privilegi e a coloro che non ne hanno, a coloro che vivono all&#8217;Ovest e a coloro che vivono all&#8217;Est.<\/p>\n<p>Come pu\u00f2 un uomo con risorse limitate raggiungere le persone del mondo in un breve periodo di tempo? Perch\u00e9 non avete molto tempo per prepararvi alle Grandi Onde del cambiamento che stanno arrivando nel mondo. Non hai molto tempo per prepararti ad affrontare la realt\u00e0 della vita nell&#8217;universo che ti circonda. Come possono un uomo e un piccolo gruppo di assistenti, con risorse molto limitate, raggiungere il mondo nei pochi anni che l&#8217;umanit\u00e0 ha a disposizione per prepararsi?<\/p>\n<p>Le Grandi Onde del cambiamento stanno gi\u00e0 colpendo il mondo\u2014cambiamento ambientale, cambiamenti climatici, condizioni meteorologiche violente, distruzione della produzione alimentare, perdita delle risorse idriche, crescente instabilit\u00e0 e difficolt\u00e0 economiche e politiche e il grande rischio di guerre tra gruppi e nazioni per l&#8217;accesso alle risorse rimanenti.<\/p>\n<p>Come pu\u00f2 il Messaggero raggiungere il mondo? Avr\u00e0 bisogno del tuo sostegno e della tua assistenza. Le sue esigenze personali sono piccole, ma quelle della sua missione sono grandi. \u00c8 impegnato a portare la purezza del Nuovo Messaggio nel mondo. Ed \u00e8 lui il prescelto e preparato per fare questo.<\/p>\n<p>Quindi la domanda sorge: Come reagiresti se ci fosse un Nuovo Messaggio da Dio che viene dato al mondo? Lo giudicheresti? Lo respingeresti? Lo condanneresti apertamente? Penseresti che sia falso prima di indagarlo tu stesso? Indagheresti tu stesso? Lo sperimenteresti e lo prenderesti a cuore?<\/p>\n<p>Tu che stai vivendo in un tempo di Rivelazione e anche in un tempo di grande e crescente pericolo per l&#8217;umanit\u00e0\u2014pericolo dall&#8217;esterno e pericolo dall&#8217;interno\u2014non riceveresti un Nuovo Messaggio da Dio per guidare l&#8217;umanit\u00e0 e per prepararla ai tempi difficili e incerti che si presentano?<\/p>\n<p>Se ti rendessi conto che questo \u00e8 davvero un Nuovo Messaggio da Dio e non il prodotto dell&#8217;immaginazione di un uomo, che non \u00e8 un inganno di alcun tipo ma la realt\u00e0, e che sta accadendo nella tua vita in questo momento, come reagiresti? Cosa faresti per sostenere questo Nuovo Messaggio e per iniziare a ricevere il dono della grazia e del potere che porterebbe nella tua vita e come potresti estenderlo ad altri, che ne hanno cos\u00ec tanto bisogno in questo momento?<\/p>\n<p>Perch\u00e9 l&#8217;umanit\u00e0 sta perdendo fiducia in se stessa. Sta diventando sempre pi\u00f9 debole e diffratta. Non \u00e8 preparata a ci\u00f2 che sta arrivando all&#8217;orizzonte. Sta vivendo su una serie di presupposti che non saranno in grado di sostenere l&#8217;umanit\u00e0 nel futuro.<\/p>\n<p>\u00c8 perch\u00e9 l&#8217;umanit\u00e0 non sta rispondendo al grande cambiamento del suo tempo che un Nuovo Messaggio da Dio \u00e8 stato inviato al mondo. \u00c8 perch\u00e9 la comprensione dell&#8217;umanit\u00e0 sulla spiritualit\u00e0 e sul destino della famiglia umana \u00e8 cos\u00ec circoscritta dal passato che l&#8217;umanit\u00e0 non riesce a capire che sta entrando in una serie di circostanze molto diverse.<\/p>\n<p>Le preghiere delle persone di tutto il mondo hanno trovato risposta nel Nuovo Messaggio da Dio. Non \u00e8 qui per sostituire le religioni del mondo, ma per farle capire meglio, per allargare i loro orizzonti e per portare una superiore unit\u00e0 tra di esse e al loro interno.<\/p>\n<p>Pertanto, il Messaggio e il Messaggero avranno bisogno del tuo riconoscimento, della tua consapevolezza e del tuo sostegno. Devi guardare dentro di te per rispondere a queste domande e per capire come rispondere a questa grande Chiamata. Ma prima devi guardare al Nuovo Messaggio e capire veramente cos&#8217;\u00e8, perch\u00e9 \u00e8 qui e perch\u00e9 il suo arrivo \u00e8 senza precedenti nel mondo. Per farlo in modo oggettivo e onesto, devi guardare la tua vita in modo oggettivo e onesto.<\/p>\n<p>Hai trovato il vero sentiero che devi percorrere? Stai rispondendo alla Conoscenza pi\u00f9 profonda che Dio ha messo dentro di te e che \u00e8 l\u00ec per guidarti, proteggerti e portarti avanti? Stai vivendo la vita che sai di dover vivere? Stai scoprendo ed esprimendo i tuoi veri doni alla luce di ci\u00f2 che il mondo ha veramente bisogno di te e non solo di ci\u00f2 che vuoi dare? Sei nel posto giusto con le persone giuste a fare le cose che devi veramente fare ora? Oppure la tua vita \u00e8 alla deriva e confusa? O si \u00e8 arenata, si \u00e9 frenata, o spostata?<\/p>\n<p>Solo tu puoi rispondere a queste domande. Ma sono domande che devi fare e che devi continuare a fare, non come se ci fosse una semplice risposta che ti viene in mente, ma come una domanda con cui devi convivere, una domanda che ti riveler\u00e0 la risposta nel tempo, man mano che sarai pronto a riceverla da solo.<\/p>\n<p>C&#8217;\u00e8 una corrispondenza tra te e il Creatore di tutta la vita, ma avviene a un livello pi\u00f9 profondo dentro di te. Il Nuovo Messaggio da Dio rivela come puoi sperimentare questa corrispondenza e ricevere il potere, la forza e la visione che Dio sta presentando per il bene di tutta l&#8217;umanit\u00e0.<\/p>\n<p>Mentre l&#8217;umanit\u00e0 si trova alle soglie di grandi sconvolgimenti, turbolenze e difficolt\u00e0, quale sar\u00e0 la visione? Quale sar\u00e0 la forza motivante per preservare la libert\u00e0 umana e costruire l&#8217;unit\u00e0 umana? Che cosa preparer\u00e0 l&#8217;umanit\u00e0 per un futuro che non pu\u00f2 prevedere e per il suo destino all&#8217;interno di una Comunit\u00e0 Pi\u00f9 Grande di vita intelligente nell&#8217;universo\u2014un destino che ora pesa sulla famiglia umana e che non pu\u00f2 essere evitato senza un grande costo per il vostro futuro?<\/p>\n<p>Non \u00e8 il momento di reagire con la paura. Non \u00e8 il momento di negare e rifiutare. \u00c8 il momento di indagare e di ricevere il Nuovo Messaggio, per vedere cosa ha da dare a te e al mondo.<\/p>\n<p>\u00c8 il momento, quindi, di sostenere il Nuovo Messaggio e il Messaggero affinch\u00e9 possa portare questo dono all&#8217;umanit\u00e0 a quante pi\u00f9 persone possibile in un breve periodo di tempo. L&#8217;umanit\u00e0 non ha molto tempo per prepararsi alle Grandi Onde del cambiamento. Non ha molto tempo per prepararsi all&#8217;incontro con la vita nell&#8217;universo, un incontro che sta gi\u00e0 avvenendo a detrimento dell&#8217;umanit\u00e0.<\/p>\n<p>Per queste cose non hai una risposta. E se sei davvero onesto con te stesso, ti renderai conto di non avere veramente una risposta. Non sai cosa sta succedendo nell&#8217;universo che ti circonda. Non sai come prepararti alla realt\u00e0 della vita l\u00ec. Non conosci la complessit\u00e0 degli eventi che stanno convergendo sul mondo e che continueranno a convergere nel futuro. Non sai come preparare te stesso, la tua mente, la tua vita, le tue circostanze. Come farai a proteggere la tua famiglia e le persone di cui ti devi prendere cura di fronte a sfide cos\u00ec grandi e difficili?<\/p>\n<p>Per questo hai bisogno di un Nuovo Messaggio da Dio. E hai bisogno della saggezza che l&#8217;umanit\u00e0 ha acquisito nel corso del tempo su come reagire a grandi e inaspettati cambiamenti nel mondo. Non \u00e8 una nazione o un gruppo ad essere messo a dura prova. \u00c8 l&#8217;intera famiglia umana.<\/p>\n<p>Non pensare mai che Dio abbia gi\u00e0 dato tutte le Rivelazioni al mondo, perch\u00e9 Dio ha ancora molto da dire alla famiglia umana. Dio non ha abbandonato la famiglia umana. Dio ha ancora pi\u00f9 saggezza da impartire alla famiglia umana.<\/p>\n<p>\u00c8 questa Saggezza che ora sei chiamato a ricevere, a sostenere e a condividere per il bene di tutti e per illuminare la tua stessa vita, il valore della tua esistenza e i doni che sei stato mandato nel mondo per dare.<\/p>\n<p>Le preghiere a Dio sono state esaudite, ma la risposta \u00e8 inaspettata. \u00c8 diversa da quella che le persone si aspettano perch\u00e9 Dio non \u00e8 legato alle aspettative umane, alle preferenze umane e ai pregiudizi umani.<\/p>\n<p>Dio risponde alla tua domanda oggi e per i giorni a venire, per gli anni a venire e per i bisogni dei tuoi figli e dei loro figli. Ecco quanto \u00e8 veramente grande il Nuovo Messaggio da Dio.<\/p>\n<p>Ma devi vedere queste cose da te. Devi indagare sulla Nuova Rivelazione di Dio per l&#8217;umanit\u00e0. Devi avere il coraggio di farlo, la fede di farlo, la confidenza con te stesso per farlo\u2014mettendo da parte la rabbia, i giudizi, le preferenze e il rancore del passato. Il solo fatto di farlo \u00e8 un notevole passo avanti, necessario per la tua formazione.<\/p>\n<p>Perch\u00e9 hai bisogno dei doni del Creatore. Che tu abbia una religione o meno, che tu creda in Dio o meno, hai bisogno dei doni e della saggezza del Creatore. Ne hai bisogno oggi e ne avrai sempre pi\u00f9 bisogno quando i tempi si faranno pi\u00f9 difficili nel mondo.<\/p>\n<p>Ricevi, quindi, questo dono di importanza senza precedenti, un dono che non puoi comprendere a livello intellettuale. Ricevi questo dono e sostieni la sua venuta nel mondo affinch\u00e9 l&#8217;umanit\u00e0 abbia un futuro, un futuro migliore del suo passato; affinch\u00e9 le religioni dell&#8217;umanit\u00e0 lavorino di concerto tra loro; affinch\u00e9 le nazioni si rendano conto che devono affrontare insieme le Grandi Onde del cambiamento e la sfida di emergere in una Comunit\u00e0 Pi\u00f9 Grande di vita intelligente nell&#8217;universo.<\/p>\n<p>Solo queste grandi sfide hanno il potere di superare le inimicizie umane, le divisioni storiche e tutte le crisi del mondo che minacciano di fratturare ulteriormente la famiglia umana, mettendola in opposizione a se stessa in un momento in cui l&#8217;unit\u00e0 e la cooperazione umana saranno fondamentali per il vostro successo.<\/p>\n<p>Questo \u00e8 il dono. Ricevilo bene. E condividilo con gli altri. Senti il potere e la presenza della Conoscenza che sta emergendo nella tua vita, perch\u00e9 \u00e8 a questa Conoscenza che il Nuovo Messaggio parler\u00e0, risuoner\u00e0 e far\u00e0 appello. \u00c8 il potere dello Spirito dentro di te che ti dar\u00e0 la forza, la visione e la saggezza per navigare nelle acque incerte che vi aspettano.<\/p>\n<p>Per questo, hai bisogno di una saggezza superiore, di una visione superiore e di una forza superiore. Queste cose non puoi crearle da solo. Non puoi fabbricarle. Non sono il prodotto della tua sola forza di volont\u00e0. La forza deve venire dal profondo di te stesso. \u00c8 questa forza che il Nuovo Messaggio da Dio richiamer\u00e0 in te e in tutti.<\/p>\n","protected":false},"excerpt":{"rendered":"<p>Il Creatore di tutta la vita ha inviato un Nuovo Messaggio nel mondo, un Nuovo Messaggio per preparare l&#8217;umanit\u00e0 al grande cambiamento che sta arrivando nel mondo e per preparare l&#8217;umanit\u00e0 all&#8217;incontro con la vita nell&#8217;universo, un incontro che cambier\u00e0 il destino della famiglia umana.<\/p>\n<p>Questo Nuovo Messaggio \u00e8 stato inviato per chiarire il vero significato e lo scopo della spiritualit\u00e0 umana e l&#8217;unit\u00e0 essenziale di tutte le religioni del mondo come diversi percorsi verso Dio che sono stati iniziati da Dio e che sono stati cambiati dalle persone.<\/p>\n<p>Un Messaggero \u00e8 stato inviato per consegnare il Nuovo Messaggio da Dio. \u00c8 un uomo umile, un uomo senza posizione sociale, un uomo che ha dedicato la sua vita a prepararsi a ricevere il Nuovo Messaggio e a riceverlo per un lungo periodo di tempo, senza riconoscimenti e senza fanfare di alcun tipo. Ha dedicato la sua vita a questo. \u00c8 impegnato dedicando il suo tempo e le sue risorse a questo.<\/p>\n","protected":false},"author":62,"featured_media":0,"parent":28582,"menu_order":0,"comment_status":"closed","ping_status":"closed","template":"template-leftsidebar.php","meta":{"_monsterinsights_skip_tracking":false,"_monsterinsights_sitenote_active":false,"_monsterinsights_sitenote_note":"","_monsterinsights_sitenote_category":0,"footnotes":""},"categories":[932,118,76,467],"tags":[749,740,745,750,677,743,748,741,746,744,1298,747,1297,676,742],"_links":{"self":[{"href":"https:\/\/www.v6.newmessage.org\/it\/wp-json\/wp\/v2\/pages\/29562"}],"collection":[{"href":"https:\/\/www.v6.newmessage.org\/it\/wp-json\/wp\/v2\/pages"}],"about":[{"href":"https:\/\/www.v6.newmessage.org\/it\/wp-json\/wp\/v2\/types\/page"}],"author":[{"embeddable":true,"href":"https:\/\/www.v6.newmessage.org\/it\/wp-json\/wp\/v2\/users\/62"}],"replies":[{"embeddable":true,"href":"https:\/\/www.v6.newmessage.org\/it\/wp-json\/wp\/v2\/comments?post=29562"}],"version-history":[{"count":1,"href":"https:\/\/www.v6.newmessage.org\/it\/wp-json\/wp\/v2\/pages\/29562\/revisions"}],"predecessor-version":[{"id":29566,"href":"https:\/\/www.v6.newmessage.org\/it\/wp-json\/wp\/v2\/pages\/29562\/revisions\/29566"}],"up":[{"embeddable":true,"href":"https:\/\/www.v6.newmessage.org\/it\/wp-json\/wp\/v2\/pages\/28582"}],"wp:attachment":[{"href":"https:\/\/www.v6.newmessage.org\/it\/wp-json\/wp\/v2\/media?parent=29562"}],"wp:term":[{"taxonomy":"category","embeddable":true,"href":"https:\/\/www.v6.newmessage.org\/it\/wp-json\/wp\/v2\/categories?post=29562"},{"taxonomy":"post_tag","embeddable":true,"href":"https:\/\/www.v6.newmessage.org\/it\/wp-json\/wp\/v2\/tags?post=29562"}],"curies":[{"name":"wp","href":"https:\/\/api.w.org\/{rel}","templated":true}]}}