{"id":29558,"date":"2023-09-22T06:18:32","date_gmt":"2023-09-22T06:18:32","guid":{"rendered":"https:\/\/www.newmessage.org\/it\/?page_id=29558"},"modified":"2023-09-22T06:18:32","modified_gmt":"2023-09-22T06:18:32","slug":"testimoniare-la-rivelazione","status":"publish","type":"page","link":"https:\/\/www.v6.newmessage.org\/it\/il-messaggio\/volume-2\/la-comunita-mondiale-del-nuovo-messaggio-di-dio\/testimoniare-la-rivelazione","title":{"rendered":"Testimoniare la Rivelazione"},"content":{"rendered":"<div><!-- Version 3.5 Verse --><\/div>\n\n<div class=\"tabgroup \"><ul class=\"tabs\"><li><a href=\"#tabs-1\">Ascolta<\/a><\/li>\n<li><a href=\"#tabs-2\">Nota<\/a><\/li><\/ul>\n <div id=\"tabs-1\"><\/p>\n<p>Ascolta la Voce della Rivelazione Originale in Inglese:<\/p>\n<div id=\"jquery_jplayer_1\" class=\"jp-jplayer\"><\/div>\n\t\t\t\t<div id=\"jp_container_1\" class=\"jp-audio\">\n\t\t\t\t<div class=\"jp-type-single\"><div class=\"jp-control\"><a href=\"javascript:;\" class=\"jp-play\" tabindex=\"1\">play<\/a><a href=\"javascript:;\" class=\"jp-pause\" tabindex=\"1\">pause<\/a><\/div> <div class=\"jp-gui jp-interface\"><div class=\"jp-volume\"><div class=\"jp-volume-bar\"><div class=\"jp-volume-bar-value\"><\/div><\/div><\/div><div class=\"jp-progress\"><div class=\"jp-seek-bar\"><div class=\"jp-play-bar\"><\/div><\/div><\/div><\/div>\t\t\t\t\t<div class=\"jp-no-solution\"><span>Update Required<\/span>To play the media you will need to either update your browser to a recent version or update your <a href=\"http:\/\/get.adobe.com\/flashplayer\/\" target=\"_blank\">Flash plugin<\/a>.<\/div><\/div><\/div>\n\t\t\t<script type='text\/javascript'>\n\t\t\t\tjQuery(document).ready(function() {\n\t\t\t\t\tif (typeof (sermonMedia) == 'function') {\n\t\t\t\t\t\tsermonMedia.addAudio('', \"jquery_jplayer_1\");\n\t\t\t\t\t}\n\t\t\t\t\tjQuery.jPlayer.timeFormat.showHour = true;\n\t\t\t\t\tjQuery(\"#jquery_jplayer_1\").jPlayer({\n\t\t\t\t\t\tready: function(event) {\n\t\t\t\t\t\t\tjQuery(this).jPlayer(\"setMedia\", {mp3: 'https:\/\/newmessage.org\/av\/witnessing-the-revelation.mp3'});\n\t\t\t\t\t\t},\n\t\t\t\t\t\tplay: function() {\n\t\t\t\t\t\t\tjQuery(this).jPlayer(\"pauseOthers\");\n\t\t\t\t\t\t},\n\t\t\t\t\t\tswfPath: ThemeData.directory_uri+\"\/swf\",\n\t\t\t\t\t\tsolution: \"html, flash\",\n\t\t\t\t\t\tpreload: \"metadata\",\n\t\t\t\t\t\twmode: \"window\",\n\t\t\t\t\t\tsupplied: \"mp3\",\n\t\t\t\t\t\tcssSelectorAncestor: '#jp_container_1'\n\t\t\t\t\t});\n\t\t\t\t});\n\t\t\t<\/script><\/p>\n<p><a title=\"Being a Person of the New Message\" href=\"https:\/\/newmessage.org\/av\/witnessing-the-revelation.mp3\">Download<\/a> (clicca il pulsante destro del mouse)<\/p>\n<p><a href=\"https:\/\/www.community.newmessage.org\/witnessing-the-revelation\/\"><img decoding=\"async\" class=\"aligncenter size-medium wp-image-50553 imgborder\" src=\"https:\/\/www.newmessage.org\/wp-content\/uploads\/2020\/09\/witnessing-the-revelation-image-300x157.jpeg\" alt=\"\" \/><\/a><\/p>\n<p class=\"revelation_details\"><em>Come rivelato a<br \/>\nMarshall Vian Summers<br \/>\nil 24 Giugno 2011<br \/>\na Boulder, Colorado<br \/>\n<\/em><\/p>\n<div class=\"toggle toggle-white\"><h4 class=\"trigger \"><span class=\"t_ico\"><\/span><a href=\"#\">Note riguardo a questa registrazione<\/a><\/h4><div class=\"toggle_container \"><br \/>\n<p>Quella che state sentendo in questa registrazione \u00e8 la voce della <u>Assemblea <\/u>Angelica che sta parlando tramite il <u>Messaggero <\/u>Marshall Vian Summers.<\/p>\n<p>Qua, la comunicazione originale di Dio, che esiste al di l\u00e0 delle parole, \u00e8 tradotta nel linguaggio e nella comprensione umana dall\u2019Assemblea Angelica che veglia sul mondo. Poi l\u2019Assemblea consegna il Messaggio di Dio tramite il Messaggero.<\/p>\n<p>In questo notevole processo, la Voce della Rivelazione sta parlando di nuovo. La Parola e il suono della Voce sono nel mondo. Per la prima volta nella storia, la registrazione dell\u2019originale rivelazione parlata \u00e8 disponibile affinch\u00e9 voi e il mondo la possiate sentire.<\/p>\n<p>Possiate voi essere i destinatari di questo dono di Rivelazione e possiate essere aperti a ricevere il suo Messaggio unico per voi e per la vostra vita.<\/p>\n<br \/>\n<\/div><\/div><br \/>\n<\/div>\n<div id=\"tabs-2\"><br \/>\n<em>Nota per il Lettore:<br \/>\nQuesta traduzione \u00e8 stata fornita a The Society da uno studente del Nuovo Messaggio che si \u00e8 offerto volontario per tradurre il testo originale in Inglese. Noi rendiamo questa traduzione disponibile al mondo in questa forma iniziale affinch\u00e9 le persone abbiano la possibilit\u00e0 di interagire con una porzione del Nuovo Messaggio nella propria lingua.<\/em><br \/>\n<\/div>\n\t\t\t\t<div align=\"right\">\n\t\t\t<div class=\"fb-like\" data-href=\"\" data-layout=\"button_count\" data-action=\"like\" data-show-faces=\"false\" data-share=\"false\"><\/div>\n\t\t\t<div class=\"fb-share-button\" data-layout=\"button_count\"> <\/div>\n\t\t\t<div class=\"fb_iframe_widget\"><a href=\"https:\/\/twitter.com\/godsnewmessage?ref_src=twsrc%5Etfw\" class=\"twitter-follow-button\" data-show-count=\"false\">Follow @godsnewmessage<\/a><script async src=\"https:\/\/platform.twitter.com\/widgets.js\" charset=\"utf-8\"><\/script><\/div>\n\t\t\t<\/div> <\/div> \n\n<p>Il Messaggero \u00e8 nel mondo. Ha portato con s\u00e9 un grande Messaggio per l&#8217;umanit\u00e0, un Messaggio che sta ricevendo da oltre 25 anni, un Messaggio completo abbastanza da guidare l&#8217;umanit\u00e0 verso il prossimo grande passo della sua evoluzione e del suo sviluppo.<\/p>\n<p>Eppure \u00e8 un uomo comune, ma solo in apparenza. Infatti, porta con s\u00e9 il seme di una comprensione e di una realt\u00e0 superiori: la realt\u00e0 della vita nell&#8217;universo; la realt\u00e0 di maggiori dimensioni spirituali del mondo e oltre; la realt\u00e0 dello scopo, del significato e della direzione; la realt\u00e0 del contatto con la Presenza Angelica, che \u00e8 responsabile del benessere e del progresso della famiglia umana.<\/p>\n<p>Molte persone cercheranno di respingerlo. Molti lo condanneranno o lo ridicolizzeranno. Chi lo difender\u00e0? Chi di voi testimonier\u00e0 la Rivelazione? Chi di voi \u00e8 abbastanza forte, coraggioso e onesto per farlo?<\/p>\n<p>La presenza del Messaggero \u00e8 preziosa nel mondo. Lui \u00e8 vulnerabile. Ci saranno altri gruppi e individui che cercheranno di distruggerlo man mano che la sua proclamazione diventer\u00e0 pi\u00f9 riconosciuta e pi\u00f9 percepibile nel mondo. Chi sar\u00e0 testimone della Rivelazione?<\/p>\n<p>La gente vuole molte cose dal Creatore di tutta la vita. E la gente vorr\u00e0 molte cose dal Messaggero che \u00e8 stato inviato, l&#8217;unico Messaggero nel mondo oggi e nei molti giorni a venire.<\/p>\n<p>Le persone vogliono miracoli. Le persone vogliono essere salvate dalle loro circostanze. Le persone vogliono ricevere favori ed assoluzioni. Le persone vogliono essere servite. Le persone vogliono essere rafforzate. Le persone vogliono la vittoria in guerra e la prosperit\u00e0 in pace.<\/p>\n<p>Porteranno queste aspettative al Messaggero, in particolare a lui. Ma lui pu\u00f2 solo indicare la strada verso la Rivelazione, che \u00e8 pi\u00f9 profonda e completa di quanto la maggior parte delle persone si renda conto e richieder\u00e0 un maggiore impegno e discernimento, una maggiore pratica e un&#8217;applicazione onesta.<\/p>\n<p>Chi pu\u00f2 parlare di questo? Chi pu\u00f2 correggere i molti errori che sorgeranno intorno a questa proclamazione? Anche tra coloro che risponderanno positivamente, ci saranno false aspettative. Ci saranno richieste inespresse. Ci saranno critiche e giudizi sul fatto che il Messaggio e il Messaggero non corrispondono alle aspettative della gente. Chi parler\u00e0 di questo?<\/p>\n<p>Il Messaggio e il Messaggero richiedono molti testimoni. Richiedono una grande espressione di riconoscimento e di scopo. E per coloro che hanno questo destino, \u00e8 la cosa pi\u00f9 importante di tutta la loro vita. Quando lasceranno questo mondo e torneranno alla loro Famiglia Spirituale, gli verr\u00e0 chiesto: &#8220;Hai parlato per il Messaggero? Hai riconosciuto il Messaggero? Hai sostenuto il Messaggero?&#8221;<\/p>\n<p>Sar\u00e0 l&#8217;evento e l&#8217;opportunit\u00e0 pi\u00f9 grande e significativa della loro vita. Chi pu\u00f2 rispondere a questo? Chi pu\u00f2 riconoscerlo? Chi pu\u00f2 essere all&#8217;altezza di questa occasione, la pi\u00f9 grande che avranno? Le persone vogliono molte cose, ma ci\u00f2 che \u00e8 richiesto a loro \u00e8 un&#8217;altra cosa.<\/p>\n<p>Nel tempo della Rivelazione, le priorit\u00e0 cambiano. Questo \u00e8 un evento che accade solo ogni [millennio] e tu sei presente nel mondo per questo.<\/p>\n<p>Vedrai il Messaggero che viene maltrattato, ridicolizzato e malignato. Che cosa significa per te, che sei il beneficiario della Nuova Rivelazione di Dio? Che cosa susciter\u00e0 in te, che sei stato benedetto e onorato di ricevere il Nuovo Messaggio per l&#8217;umanit\u00e0 e di essere uno dei suoi primi riceventi?<\/p>\n<p>Se non riesci a sentire e vedere queste cose di cui Noi parliamo, allora dove sta andando la tua mente? Cosa potrebbe essere pi\u00f9 importante di questo per te? La tua felicit\u00e0? La tua sicurezza? L&#8217;approvazione degli altri? La tua posizione sociale? Questa \u00e8 una domanda e un dilemma per ogni persona che pu\u00f2 rispondere.<\/p>\n<p>Se coloro che si oppongono al Messaggero vengono da te e ti chiedono: &#8220;In cosa credi? Qual \u00e8 la tua posizione?&#8221;, che cosa risponderai? Se il Messaggero viene negato, ignorato o diffamato, cosa risponderai a questo?<\/p>\n<p>Le persone sono ansiose di ricevere le benedizioni e i benefici della Rivelazione, ma questi benefici comportano una responsabilit\u00e0, la capacit\u00e0 di rispondere. Ti chiedono di essere un testimone e non un semplice ricevitore\u2014praticando da solo in segreto, nascosto da qualche parte nel mondo.<\/p>\n<p>Chi parler\u00e0 per la Rivelazione quando arriveranno le sfide? Chi parler\u00e0 quando ci sar\u00e0 una reazione contro il Messaggio e il Messaggero, e coloro che sembrano cos\u00ec rispettabili e nobili nella societ\u00e0 condanneranno colui che \u00e8 stato scelto per portare la Rivelazione di Dio nel mondo?<\/p>\n<p>Come ti sentirai e cosa penserai quando vedrai coloro che ammiri, coloro che rispetti, quando si rivoltano contro la Rivelazione? Questo ti getter\u00e0 nel dubbio e nella confusione? Ti far\u00e0 sentire impotente e senza speranza?<\/p>\n<p>Guarda indietro nella storia. Qualcuno dei grandi Messaggeri \u00e8 mai stato accolto nel proprio tempo o compreso con successo da coloro che gli erano vicini?<\/p>\n<p>Se il Messaggero assumesse il potere politico, certamente ci sarebbero molte alleanze. Oh, certamente, ci sarebbero molti accordi. Oh, certamente, molti sembrerebbero seguire, desiderosi di essere dalla parte vincente del conflitto. Oh, s\u00ec, molti arriverebbero, lodando e riconoscendo il Messaggero, perch\u00e9 cercano di trarre vantaggio dalla sua presenza e dalla sua posizione. Oh, s\u00ec, i ministri fedeli apparirebbero. Oh, s\u00ec, il popolo sarebbe eccitato ed entusiasta.<\/p>\n<p>E cos&#8217;\u00e8 questo per il Messaggero, avere una grande schiera di persone che non capiscono, le cui aspettative sono errate, le cui alleanze sono disoneste, il cui rispetto e la cui adulazione sono false e facilmente distrutte da altri?<\/p>\n<p>Chi testimonier\u00e0 sulla base della forza della Conoscenza, dell&#8217;Intelligenza pi\u00f9 profonda che \u00e8 in loro?<\/p>\n<p>In queste prime fasi della Proclamazione, il Messaggero sar\u00e0 ignorato. Sar\u00e0 condannato apertamente, criticato aspramente\u2014chiamato un diavolo, chiamato uno sciocco, chiamato un manipolatore, chiamato in tutti i modi da coloro che non possono o non vogliono rispondere, condannato da coloro che cercano solo di preservare e proteggere la loro posizione attuale e i loro investimenti precedenti, coloro che non avranno il coraggio di mettere in discussione le loro alleanze, le loro credenze o le loro supposizioni.<\/p>\n<p>E, ovviamente, gli esperti non se la caveranno meglio, coloro che hanno investito cos\u00ec tanto in se stessi, hanno pagato tali prezzi e fatto cos\u00ec tanti compromessi per acquisire la loro posizione di autorit\u00e0 nella societ\u00e0. Rischieranno tutto questo per riconoscere un uomo poco riconosciuto, un uomo che ha solo un piccolo gruppo di seguaci, un uomo il cui Messaggio sembra oltraggioso e la cui proclamazione suscita rifiuto e risentimento? Questi esperti rischieranno la loro reputazione, la loro posizione sociale, il loro impiego, per testimoniare la Rivelazione? I politici rischieranno tutto ci\u00f2 in cui hanno investito\u2014la loro posizione, i loro successi\u2014per riconoscere il Messaggero?<\/p>\n<p>No, vedi, questo onere ricade su di te e su altri, molti altri. Non cercare l&#8217;\u00e9lite o le persone altamente rispettabili che rischiano la loro posizione per testimoniare la Rivelazione. Non pensare che il Messaggero abbia bisogno solo di essere collegato a certe persone potenti, perch\u00e9 in questo caso giocheresti il ruolo di Giuda\u2014con buone intenzioni, forse, ma cieco di fronte alla realt\u00e0 della situazione.<\/p>\n<p>Il Messaggero possiede la chiave del futuro e del successo dell&#8217;umanit\u00e0. Chi ne sar\u00e0 testimone? Chi assumer\u00e0 questa posizione, una posizione che il mondo non stima e non riconosce? Arriveranno molte persone che vorranno molte cose. Ci saranno teste che annuiranno e volti sorridenti, ma chi ne sar\u00e0 testimone?<\/p>\n<p>Tu che cerchi uno scopo e un significato nella tua vita devi capire che questo \u00e8 il suo significato finale\u2014che devi lottare per qualcosa di pi\u00f9 grande di te stesso, pi\u00f9 grande dei tuoi interessi o vantaggi personali, pi\u00f9 grande della tua aspirazione privata. Devi difendere qualcosa di pi\u00f9 grande di fronte all&#8217;opposizione, di fronte all&#8217;ignoranza, alla follia e al rifiuto.<\/p>\n<p>Questo ti far\u00e0 uscire dall&#8217;ombra. Questo ti far\u00e0 uscire dalla tua negazione. Questo chiamer\u00e0 gli altri ad uscire dalla loro misera e nascosta esistenza. Questo far\u00e0 uscire le persone dalla loro bassa autostima. Questo far\u00e0 uscire le persone dal dubbio e dal ripudio di se stesse, chiamate ora a essere testimoni di qualcosa di superiore, di magnifico, di profondo ed efficace, di cui l&#8217;umanit\u00e0 ha bisogno, ma che non pu\u00f2 fornire da sola.<\/p>\n<p>Perch\u00e9 tutti coloro che possono ricevere le benedizioni del Creatore ora, dovranno affrontare queste domande, prima o poi. Non possono limitarsi a ricevere\u2014volendo di pi\u00f9, aspettandosi di pi\u00f9, ringraziando ed essendo riconoscenti\u2014perch\u00e9 anche loro devono raggiungere una posizione di espressione di se stessi. Anche loro devono difendere ci\u00f2 che li sta aiutando cos\u00ec tanto. Anche loro devono rischiare le proprie paure e i propri dubbi per dare un&#8217;espressione superiore agli altri. Anche loro devono affrontare il rifiuto sociale.<\/p>\n<p>\u00c8 la natura della loro chiamata. Non c&#8217;\u00e8 chiamata o scopo che non implichi alcune di queste cose. Non basta proclamare uno scopo per se stessi per vivere felici e contenti. Non basta rispondere alla propria chiamata perch\u00e9 tutto vada per il verso giusto.<\/p>\n<p>Per servire il mondo, devi affrontare il mondo. Devi avere il coraggio di affrontare il mondo e le sue realt\u00e0. Devi costruire la forza dentro di te per farlo e per fornire qualcosa che il mondo non si pu\u00f2 fornire da solo, qualcosa di cui c&#8217;\u00e8 bisogno e che non \u00e8 disponibile, qualcosa che gli altri non possono fare o non vogliono fare.<\/p>\n<p>Non delegare agli altri, perch\u00e9 sei tu che sei chiamato. Questo \u00e8 il significato dello scopo e della chiamata. Essere chiamati significa essere chiamati fuori dall&#8217;ordinario, dai luoghi affollati, da ci\u00f2 che tutti gli altri fanno, pensano e di cui si preoccupano, significa uscire dalle linee, essere chiamati fuori dalla vita normale in modo tale da poter ricevere una saggezza e una rivelazione superiori.<\/p>\n<p>Che cos&#8217;\u00e8 uno scopo superiore se non assumere qualcosa di pi\u00f9 grande delle tue normali attivit\u00e0 e servire qualcosa che vada oltre il tuo interesse personale e la tua edificazione personale? Rispondere alla Rivelazione, quindi, \u00e8 una perfetta dimostrazione di queste cose.<\/p>\n<p>Perch\u00e9 coloro che non possono o non vorranno testimoniare la Rivelazione non hanno ancora la grande forza di cui hanno bisogno e non sono abbastanza forti con La Conoscenza, oppure hanno troppa paura di oltrepassare quella soglia in cui diventano veri comunicatori nel mondo piuttosto che qualcuno che si \u00e8 ritirato dal mondo, e che ha paura del mondo, e sta cercando di proteggere ci\u00f2 che ha dal mondo. Non tutti sono pronti a farlo in questo momento, ma \u00e8 l\u00ec che porta la strada per tutti.<\/p>\n<p>Devi sostenere qualcosa. E la tua dimostrazione deve essere reale e non solo psicologica. Deve essere palpabile e non solo a livello di pensiero. Dovrai fare dei sacrifici. Dovrai rinunciare a qualcosa. Dovrai rischiare le cose per essa. Ed \u00e8 questo che separa coloro la cui chiamata \u00e8 vera e potente da coloro che fingono o sono troppo deboli per rispondere pienamente.<\/p>\n<p>Il Messaggero \u00e8 nel mondo. Chi gli render\u00e0 testimonianza, in base alla forza del proprio riconoscimento? Chi coglier\u00e0 l&#8217;occasione per parlare agli altri? Chi permetter\u00e0 alla propria vita di essere rimodellata dalla Conoscenza, e permetter\u00e0 alle proprie priorit\u00e0 di cambiare naturalmente, e permetter\u00e0 al proprio pensiero di diventare uniforme, potente e penetrante? Chi permetter\u00e0 alla propria vita di essere cambiata e alterata e di attraversare i periodi di incertezza che questo richieder\u00e0 lungo il cammino?<\/p>\n<p>Certamente non la persona che sente di dover avere sempre il controllo, la cui certezza si basa sulla forza delle proprie convinzioni e idee e sulla rigidit\u00e0 delle proprie vite. Loro non hanno la confidenza o la fiducia in se stessi per sottoporsi ad un vero e proprio processo di preparazione, che li porter\u00e0 nell&#8217;incertezza e spezzer\u00e0 la loro falsa e dannosa regimentazione.<\/p>\n<p>Chi pensa solo a se stesso non lo far\u00e0, perch\u00e9 mette a rischio le cose che sta cercando di acquisire per se stesso. Cercheranno di usare la Rivelazione di Dio per arricchirsi politicamente, socialmente, economicamente e persino spiritualmente. Ma non diventeranno veri sostenitori. Non porteranno testimonianza al Messaggero perch\u00e9 vogliono che tutti portino testimonianza a loro.<\/p>\n<p>Non \u00e8 questo il desiderio o l&#8217;intenzione del Messaggero, essere oggetto di tanta attenzione e concentrazione. Lui \u00e8 un uomo umile. Non cerca questo riconoscimento e questo \u00e8 parte del motivo per cui \u00e8 stato scelto come rappresentante di Dio in questa epoca di sviluppo dell&#8217;umanit\u00e0.<\/p>\n<p>Perch\u00e9 gli ambiziosi e gli egoisti non vengono mai scelti perch\u00e9 non sono degni di fiducia. Non hanno la consapevolezza di se stessi o l&#8217;onest\u00e0 di assumersi una responsabilit\u00e0 superiore. L&#8217;umilt\u00e0 \u00e8 il prodotto dell&#8217;onest\u00e0 e della misericordia, due cose che gli egoisti non hanno ancora raggiunto.<\/p>\n<p>Dev&#8217;essere sacrificato il Messaggero per mano dell&#8217;opposizione mentre i suoi veri seguaci rimangono muti, silenziosi e impotenti? La Nuova Rivelazione sar\u00e0 profanata e ripudiata mentre coloro che sono stati scelti per esserne i testimoni rimarranno in silenzio e in disparte, temendo per se stessi?<\/p>\n<p>Pensare che il Messaggero possa comunicare tutto e rispondere a tutto significa caricarlo di un peso impossibile, perch\u00e9 deve avere molti testimoni in molti luoghi. E loro devono fare attenzione se vivono in paesi in cui c&#8217;\u00e8 una repressione politica o religiosa. Devono esercitare grande discernimento e discrezione su dove e quando condividere la Rivelazione.<\/p>\n<p>Il martirio qui non \u00e8 l&#8217;enfasi. Si tratta di comunicazione. \u00c8 la relazione. \u00c8 diffondere la Rivelazione\u2014in superficie o sotto terra, a seconda dell&#8217;ambiente politico, sociale e religioso in cui uno vive.<\/p>\n<p>Ma la comunicazione e la relazione devono essere estese e ampliate. Non basta essere un fervente credente, perch\u00e9 questo deve tradursi in azione, non solo nel rinnovare e rivedere la propria vita, ma anche nel diventare un testimone di ci\u00f2 che \u00e8 la fonte della propria straordinaria restaurazione. Questo separer\u00e0 i veri rispondenti da coloro che sono qui per altri motivi o che sono troppo deboli per elevarsi al di sopra del proprio interesse personale.<\/p>\n<p>Fai in modo che questa sia la base della tua comprensione degli altri che rispondono. \u00c8 quello che fanno che conta, non quello che dicono o che proclamano sul momento. Permetteranno alla loro vita di essere veramente cambiata, alterata e rimodellata dalla Rivelazione e dal potere della Conoscenza dentro di loro? Porteranno la testimonianza del Messaggero come un atto di contributo spontaneo e naturale? Oppure rimarranno sullo sfondo, complottando e pianificando come trarre vantaggio senza dover pagare alcun prezzo o correre alcun rischio?<\/p>\n<p>Questo fa parte del fardello del Messaggero, perch\u00e9 anche tra coloro che sembrano rispondere positivamente, ci sono sempre dei pericoli. Colui che tradir\u00e0 il Messaggero verr\u00e0 dai ranghi dei suoi sostenitori. Lo studente scontento o fallito, invece di assumersi la responsabilit\u00e0 delle proprie difficolt\u00e0 e dei propri limiti, cercher\u00e0 di negare o sminuire il Messaggio e il Messaggero. Questo accade sempre durante i periodi di Rivelazione. Lo vedrai accadere.<\/p>\n<p>La tua risposta alla Rivelazione \u00e8 una risposta alla vita e alla Fonte della vita. Rivela sia i tuoi punti di forza che le tue debolezze. Ti mostra quali influenze nella tua vita sono utili e quali sono dannose, perch\u00e9 di fronte alla Rivelazione non c&#8217;\u00e8 terreno neutrale. Questo polarizza le persone, come \u00e8 giusto che sia, perch\u00e9 ci deve essere un impatto. La persona che sembra indifferente o disinteressata, beh, non \u00e8 in una posizione neutrale.<\/p>\n<p>Pensa a coloro che hanno fallito nel rispondere ai tempi dei grandi Messaggeri del passato. A cosa pensavano? Come potevano non vedere ci\u00f2 che era davanti a loro? Come potevano non riconoscere colui che portava loro la promessa di una vita superiore? Come \u00e8 possibile che siano rimasti a guardare e che abbiano permesso che il Messaggio e il Messaggero venissero denigrati?<\/p>\n<p>La loro neutralit\u00e0 \u00e8 espressione di un&#8217;immensa codardia, oppure sono morti nei confronti di se stessi e del mondo e non possono rispondere. Non possono essere responsabili, perch\u00e9 non sono in grado di rispondere.<\/p>\n<p>Il Messaggero deve proclamare il Nuovo Messaggio e deve identificare ci\u00f2 che sta distruggendo la civilt\u00e0 umana, il futuro e la libert\u00e0 dell&#8217;umanit\u00e0. Molto di ci\u00f2 che dir\u00e0 sar\u00e0 molto impegnativo. Ti metter\u00e0 a disagio perch\u00e9 \u00e8 questo che fa la Rivelazione\u2014ti mette a disagio.<\/p>\n<p>La Rivelazione porta con s\u00e9 sia conferma che disagio perch\u00e9 richiede un cambiamento. Ti richiede di riconsiderare la tua vita, i tuoi impegni e le tue attivit\u00e0. \u00c8 una sfida, non una semplice consolazione.<\/p>\n<p>La pressione \u00e8 sul ricevente, non per rispondere immediatamente, ma per rispondere. Il modo come loro risponderanno dir\u00e0 tutto sulle loro circostanze, sul loro stato d&#8217;animo e su come si valutano.<\/p>\n<p>Che ci siano molti testimoni del Messaggio e del Messaggero. Che ci siano molti che possano rispondere e ricevere il dono della preparazione e portarlo nella loro vita con vera determinazione e misericordia.<\/p>\n<p>Che il mondo ascolti ci\u00f2 che la Rivelazione ha da dire. Che ascoltino la voce della Rivelazione. Che rispondano al Messaggero in ogni modo possibile.<\/p>\n<p>Sii un veicolo per questo e la tua vita sar\u00e0 giustificata, il tuo scopo realizzato e i frutti di tutte le tue sofferenze e conquiste avranno il massimo significato e il massimo valore per il mondo.<\/p>\n","protected":false},"excerpt":{"rendered":"<p>Il Messaggero \u00e8 nel mondo. Ha portato con s\u00e9 un grande Messaggio per l&#8217;umanit\u00e0, un Messaggio che sta ricevendo da oltre 25 anni, un Messaggio completo abbastanza da guidare l&#8217;umanit\u00e0 verso il prossimo grande passo della sua evoluzione e del suo sviluppo.<\/p>\n<p>Eppure \u00e8 un uomo comune, ma solo in apparenza. Infatti, porta con s\u00e9 il seme di una comprensione e di una realt\u00e0 superiori: la realt\u00e0 della vita nell&#8217;universo; la realt\u00e0 di maggiori dimensioni spirituali del mondo e oltre; la realt\u00e0 dello scopo, del significato e della direzione; la realt\u00e0 del contatto con la Presenza Angelica, che \u00e8 responsabile del benessere e del progresso della famiglia umana.<\/p>\n<p>Molte persone cercheranno di respingerlo. Molti lo condanneranno o lo ridicolizzeranno. Chi lo difender\u00e0? Chi di voi testimonier\u00e0 la Rivelazione? Chi di voi \u00e8 abbastanza forte, coraggioso e onesto per farlo?<\/p>\n<p>La presenza del Messaggero \u00e8 preziosa nel mondo. Lui \u00e8 vulnerabile. Ci saranno altri gruppi e individui che cercheranno di distruggerlo man mano che la sua proclamazione diventer\u00e0 pi\u00f9 riconosciuta e pi\u00f9 percepibile nel mondo. Chi sar\u00e0 testimone della Rivelazione?<\/p>\n","protected":false},"author":62,"featured_media":0,"parent":28582,"menu_order":0,"comment_status":"closed","ping_status":"closed","template":"template-leftsidebar.php","meta":{"_monsterinsights_skip_tracking":false,"_monsterinsights_sitenote_active":false,"_monsterinsights_sitenote_note":"","_monsterinsights_sitenote_category":0,"footnotes":""},"categories":[932,118,76,467],"tags":[749,740,745,750,677,743,748,741,746,744,747,1294,676,742,445],"_links":{"self":[{"href":"https:\/\/www.v6.newmessage.org\/it\/wp-json\/wp\/v2\/pages\/29558"}],"collection":[{"href":"https:\/\/www.v6.newmessage.org\/it\/wp-json\/wp\/v2\/pages"}],"about":[{"href":"https:\/\/www.v6.newmessage.org\/it\/wp-json\/wp\/v2\/types\/page"}],"author":[{"embeddable":true,"href":"https:\/\/www.v6.newmessage.org\/it\/wp-json\/wp\/v2\/users\/62"}],"replies":[{"embeddable":true,"href":"https:\/\/www.v6.newmessage.org\/it\/wp-json\/wp\/v2\/comments?post=29558"}],"version-history":[{"count":2,"href":"https:\/\/www.v6.newmessage.org\/it\/wp-json\/wp\/v2\/pages\/29558\/revisions"}],"predecessor-version":[{"id":29564,"href":"https:\/\/www.v6.newmessage.org\/it\/wp-json\/wp\/v2\/pages\/29558\/revisions\/29564"}],"up":[{"embeddable":true,"href":"https:\/\/www.v6.newmessage.org\/it\/wp-json\/wp\/v2\/pages\/28582"}],"wp:attachment":[{"href":"https:\/\/www.v6.newmessage.org\/it\/wp-json\/wp\/v2\/media?parent=29558"}],"wp:term":[{"taxonomy":"category","embeddable":true,"href":"https:\/\/www.v6.newmessage.org\/it\/wp-json\/wp\/v2\/categories?post=29558"},{"taxonomy":"post_tag","embeddable":true,"href":"https:\/\/www.v6.newmessage.org\/it\/wp-json\/wp\/v2\/tags?post=29558"}],"curies":[{"name":"wp","href":"https:\/\/api.w.org\/{rel}","templated":true}]}}