{"id":29506,"date":"2023-08-01T03:17:56","date_gmt":"2023-08-01T03:17:56","guid":{"rendered":"https:\/\/www.newmessage.org\/it\/?page_id=29506"},"modified":"2023-08-01T03:17:56","modified_gmt":"2023-08-01T03:17:56","slug":"il-perdono","status":"publish","type":"page","link":"https:\/\/www.v6.newmessage.org\/it\/il-messaggio\/volume-5\/saggezza-dalla-comunita-piu-grande-volume-primo\/il-perdono","title":{"rendered":"Il Perdono"},"content":{"rendered":"<div><!-- Version 3.2 Verse --><\/div>\n<div class=\"tabgroup \"><ul class=\"tabs\"><li><a href=\"#tabs-1\">Info<\/a><\/li>\n<li><a href=\"#tabs-2\">Commenta<\/a><\/li>\n<li><a href=\"#tabs-3\">Nota<\/a><\/li><\/ul>\n <div id=\"tabs-1\"><\/p>\n<p class=\"revelation_details\"><em>Come rivelato a<br \/>\nMarshall Vian Summers<br \/>\nil 13 Maggio 1988<br \/>\na Dallas, Texas<br \/>\n<\/em><\/p>\n<div class=\"toggle toggle-white\"><h4 class=\"trigger \"><span class=\"t_ico\"><\/span><a href=\"#\">Informazioni riguardo a questo testo<\/a><\/h4><div class=\"toggle_container \"><br \/>\n<p>Quello che state leggendo in questo testo \u00e8 la trascrizione della voce originale della Assemblea Angelica cos\u00ec come ha parlato tramite il Messaggero Marshall Vian Summers.<\/p>\n<p>Qua, la comunicazione originale di Dio, che esiste al di l\u00e0 delle parole, \u00e8 tradotta nel linguaggio e nella comprensione umana dall\u2019Assemblea Angelica che veglia sul mondo. Poi l\u2019Assemblea consegna il Messaggio di Dio tramite il Messaggero, dopo di che, la comunicazione \u00e8 trascritta e resa disponibile a voi e a tutto il mondo.<\/p>\n<p>In questo notevole processo, la Voce della Rivelazione sta parlando di nuovo. La Parola e il suono della Voce sono nel mondo. Possiate voi essere i destinatari di questo dono di Rivelazione e possiate essere aperti a ricevere il suo Messaggio unico per voi e per la vostra vita.<\/p>\n<br \/>\n<\/div><\/div>\n<p><\/div>\n<div id=\"tabs-2\"><\/p>\n<p><a class='simple_button_link ' style='background-color: #4f8fd6' href='https:\/\/www.community.newmessage.org\/forums\/italian\/'   ><span>Commenta<\/span><\/a> Questa Rivelazione nel Worldwide Community Site (registrazione gratuita)<\/p>\n<p><\/div>\n<div id=\"tabs-3\"><br \/>\n<em>Nota per il Lettore:<br \/>\nQuesta traduzione \u00e8 stata fornita a The Society da uno studente del Nuovo Messaggio che si \u00e8 offerto volontario per tradurre il testo originale in Inglese. Noi rendiamo questa traduzione disponibile al mondo in questa forma iniziale affinch\u00e9 le persone abbiano la possibilit\u00e0 di interagire con una porzione del Nuovo Messaggio nella propria lingua.<\/em><br \/>\n<\/div>\n\t\t\t\t<div align=\"right\">\n\t\t\t<div class=\"fb-like\" data-href=\"\" data-layout=\"button_count\" data-action=\"like\" data-show-faces=\"false\" data-share=\"false\"><\/div>\n\t\t\t<div class=\"fb-share-button\" data-layout=\"button_count\"> <\/div>\n\t\t\t<div class=\"fb_iframe_widget\"><a href=\"https:\/\/twitter.com\/godsnewmessage?ref_src=twsrc%5Etfw\" class=\"twitter-follow-button\" data-show-count=\"false\">Follow @godsnewmessage<\/a><script async src=\"https:\/\/platform.twitter.com\/widgets.js\" charset=\"utf-8\"><\/script><\/div>\n\t\t\t<\/div> <\/div> \n<br \/>\nVorrei fornirvi un quadro di riferimento per guardare al perdono ed un&#8217;opportunit\u00e0 per vedere la sua importanza per il vostro sviluppo e la vostra felicit\u00e0. Al giorno d&#8217;oggi c&#8217;\u00e8 molto idealismo sul perdono. Molte persone che hanno sviluppato una comprensione del pensiero spirituale hanno studiato libri e insegnamenti che trattano a lungo questo argomento, fino a considerarlo il fulcro della concentrazione. Per altre persone, forse, non \u00e8 un argomento a cui hanno pensato molto. Tuttavia, quando inizi a esaminare la tua mente, ad osservare i tuoi pensieri, i tuoi sentimenti e il tuo comportamento, ti rendi conto della rilevanza di questo grande argomento.<\/p>\n<p>Vogliamo quindi parlare del perdono perch\u00e9 rappresenta una via di redenzione. \u00c8 un&#8217;attivit\u00e0, se cos\u00ec possiamo chiamarla, che merita la tua attenzione. \u00c8 rilevante perch\u00e9 c&#8217;\u00e8 molto da perdonare. Il mondo in cui vivi ti turba facilmente. Hai molti giudizi su di te e quindi sugli altri. Sei aggravato da molte circostanze ed eventi, grandi e piccoli. Se vuoi iniziare a scoprire la tua vera qualit\u00e0 mentale e le tue vere capacit\u00e0, come puoi farlo o intraprenderlo quando sei assalito da cos\u00ec tante cose che ti aggravano? Come iniziare?<\/p>\n<p>Il fatto \u00e8 che le persone non iniziano. Non iniziano mai. Sono come semi caduti dal cielo che non si aprono e non germogliano mai. Quello che contengono all&#8217;interno di un&#8217;apparenza cos\u00ec semplice \u00e8 una ricchezza di vita e di possibilit\u00e0 di vita. Siete tutti semi, gettati sulla terra, che cercano di germogliare. Siete in un terreno fertile. Avete bisogno di nutrimento e di qualcuno che si occupi del vostro sviluppo. Ci\u00f2 che possiedi dentro di te \u00e8 molto pi\u00f9 grande di quanto la tua forma attuale indichi\u2014qualcosa di cos\u00ec piccolo e apparentemente cos\u00ec limitato che possiede una cos\u00ec grande forza vitale.<\/p>\n<p>Allora, cosa ti ostacola? \u00c8 il perdono ad essere d&#8217;intralcio? Beh, \u00e8 cos\u00ec, ma c&#8217;\u00e8 di pi\u00f9, quindi vorrei ampliare l&#8217;idea del perdono\u2014i giudizi che hai nei confronti di te stesso, degli altri e della vita in generale. Questi giudizi ti trattengono nel lato personale della tua mente. Di fatto, costituiscono la tua mente personale, che rappresenta un senso di identit\u00e0 molto limitato. Tutti nel mondo hanno questo  perch\u00e9 fa parte dell&#8217;essere al mondo. Tuttavia, al di l\u00e0 di questa identit\u00e0 limitata, si trova la vera ragione per cui sei venuto qui. Non puoi conoscere il tuo scopo dalla tua mente personale. Il valore della mente personale \u00e8 quello di fornire un mezzo affinch\u00e9 la Vita Superiore inizi a esprimersi in questo mondo. Noi chiamiamo questa Conoscenza, un termine che include tutto.<\/p>\n<p>Questi gravi giudizi che hai su te stesso e sugli altri\u2014molti dei quali sembrano essere cos\u00ec sostanziati dalla vita\u2014cosa possono fare per te, che possiedi il Seme di Dio? Quando il mio discorso sar\u00e0 terminato, potresti protestare un po&#8217; perch\u00e9, vedi, dir\u00f2 che il tuo non perdonare  non \u00e8 giustificato e tu dirai: &#8220;Oh, come puoi dire una cosa del genere? Guarda cosa \u00e8 successo qui. Queste persone sono state terribilmente aggredite e ferite e c&#8217;\u00e8 distruzione ovunque. Come puoi dire che le mie idee sono ingiustificate? Quello che sta accadendo non \u00e8 forse un evento terribile?&#8221;. Per questo troverai un grande consenso nel mondo, ma i tuoi pensieri al riguardo sono ancora ingiustificati. Puoi considerarli veri se vuoi rimanere nella tua mente personale, perch\u00e9 cosa pensa la mente personale? Ha paura, ha eccitazione e ha giudizio. Se togli il giudizio, le cose iniziano a rompersi. Allora inizierai a vedere oltre l&#8217;apparenza delle cose.<\/p>\n<p>Non sei stato mandato nel mondo per giudicare il mondo. Il mondo \u00e8 un posto ridicolo, quindi perch\u00e9 giudicarlo? \u00c8 una creazione magnifica e bellissima, ma non ha alcun senso. Ma tu non sei venuto qui per dare un senso al mondo. Sei venuto qui per portare con te qualcosa di importante che desidera crescere e che, con il giusto ambiente, l&#8217;incoraggiamento e, ovviamente, il tuo permesso, crescer\u00e0 da solo. Questa \u00e8 la tua vita pi\u00f9 grande. La tua mente personale \u00e8 come un guscio che contiene il neonato. Una volta che il bambino inizia a rompere il guscio, quest&#8217;ultimo viene scartato e la vita che ne emerge \u00e8 molto pi\u00f9 grande e naturale. Il giudizio ed il perdono ti legano al tuo guscio.  Molti di voi si rendono conto del peso e del carico di portare tale giudizio e del dolore di intrattenere tale mancanza di non perdonare. Sono come sbarre lungo la tua strada.<\/p>\n<p>Il perdono ti libera temporaneamente. Ora puoi respirare tranquillamente. Hai appena eliminato un nemico dalla tua vita. Questo produce un grande sollievo. Il perdono produce sempre un sollievo e con il sollievo sei in grado di vedere la situazione in modo diverso. Ora non \u00e8 pi\u00f9 una minaccia per te. Se \u00e8 ridicolo, non importa. La vita qui \u00e8 ridicola! \u00c8 per questo che sei venuto.<\/p>\n<p>Le persone vengono nel mondo e dicono: &#8220;Dov&#8217;\u00e8 tutta la roba buona per me?&#8221; e rimangono deluse. Il mondo non ha quello che vuoi tu, ma tu hai quello di cui il mondo ha bisogno. Tu hai un senso. Il mondo no. Se il mondo ha un senso,allora  tu no. Pi\u00f9 il mondo ha senso, meno ne hai tu. E Dio di certo non ha senso. Come pu\u00f2 Dio permettere che accadano cose del genere? O Dio non esiste, o Dio \u00e8 malvagio, o tu sei cos\u00ec cattivo, cos\u00ec criminale che Dio ti sta punendo mandandoti in questo posto. Tutto questo \u00e8 ridicolo! Il mondo ha senso dal punto di vista meccanico, ma al di l\u00e0 di questo non ha senso. Se riesci ad accettare questo, allora smetterai di lamentarti. Siete venuti per dare qualcosa al mondo, tutti voi. Ovviamente, la tua mancanza di perdonare ti impedisce di farlo. Quindi, il perdono \u00e8 un peso. Ti fa sentire indegno dei doni che ti presentiamo e che ti ricordiamo.<\/p>\n<p>Vedi, alla base dei tuoi giudizi sugli altri e sul mondo c&#8217;\u00e8 la tua personale vergogna. Perch\u00e9 c&#8217;\u00e8 vergogna? Perch\u00e9 hai dei giudizi che la vita non condivide e di conseguenza hai rifiutato la vita. Dio ha reso la tua guarigione molto semplice, diretta e senza complicazioni. La vita senza Dio \u00e8 estremamente complicata e terribilmente paurosa. \u00c8 sempre assalita dall&#8217;ansia e dalla minaccia dell&#8217;annientamento. L&#8217;unico modo in cui le persone possono vivere nel mondo \u00e8 avere un qualche tipo di dio. Se non sperimenti Dio, ti inventi un dio. Tutti hanno un dio nel mondo. Vivere senza Dio, la vita non ha senso. \u00c8 finita. Quindi, se non sperimenti Dio, ti inventi un dio e poi cerchi di sperimentare il dio che hai creato. Ma il dio che hai inventato non \u00e8 del tutto soddisfacente e quindi c&#8217;\u00e8 delusione su delusione.<\/p>\n<p>Ora, tutti qui hanno dei giudizi su se stessi, vero? Non sei abbastanza perfetto, non sei esemplare nelle aree giuste, non sai fare questo, sei stupido in quest&#8217;area, sei troppo alto, troppo basso, troppo magro, troppo grasso, troppo sciocco, troppo serio, e cos\u00ec via! E le persone chiedono: &#8220;Come posso liberarmi di questi terribili giudizi? Vedo che ho questi giudizi. Mi legano, mi imprigionano, mi pesano. Mi tormentano. Come posso liberarmene?&#8221; Beh, non puoi liberartene dove sei, ma puoi fare qualcos&#8217;altro nella vita in cui non sono necessari, e allora inizieranno ad evaporare. Dio ha un Piano e come funziona il Piano \u00e8 che ti d\u00e0 qualcosa di significativo da fare nella vita. Ti d\u00e0 una base significativa per le relazioni e la partecipazione. Puoi risolvere questi giudizi? Non puoi. Non puoi rimanere nella stanza del perdono e migliorarla, ma puoi lasciare la stanza.<\/p>\n<p>Le persone chiedono: &#8220;Come posso liberarmi di questo peso che mi porto dentro? La mia mente \u00e8 come una corona di spine&#8221;. Non puoi rendere le spine pi\u00f9 confortevoli, ma puoi fare qualcosa nella vita che permetta al seme che porti con te di emergere. Questa \u00e8 la fonte della vera guarigione. In questo, non sei semplicemente reso pi\u00f9 esteticamente attraente o dato sollievo o conforto temporaneo. Non \u00e8 sufficiente, vedi, che io dica che i vostri giudizi contro di voi non hanno alcuna base. Li rinunci perch\u00e9 l&#8217;ho detto io?  &#8220;Beh, il maestro dice che non devo pensare in questo modo. Non penser\u00f2 mai pi\u00f9 in questo modo&#8221;. Poof! I pensieri sono spariti! &#8220;\u00c8 un grande guaritore! Ha fatto un incantesimo di guarigione su di me!&#8221;. Ora vedo i titoli dei giornali. &#8220;Il prossimo Messia \u00e8 qui&#8221;.<\/p>\n<p>Non vogliamo essere troppo seri su questo argomento perch\u00e9 tu lo sei gi\u00e0. \u00c8 una cosa importante. Non puoi negarlo, ma non devi nemmeno crocifiggerti per questo. Seguire La Conoscenza \u00e8 la via da seguire. Tu inizi a prendere decisioni basate sulle tue inclinazioni pi\u00f9 profonde, ma questo \u00e8 solo l&#8217;inizio. Non pensare che La Conoscenza sia solo un processo di decisione intuitivo. Oh, no! Questi sono solo i primi passi, i piccoli passi. Ma questi primi passi sono molto importanti perch\u00e9 seguire La Conoscenza significa allontanarsi da tutti coloro che ti accusano, sia internamente che esternamente, per seguire qualcosa che ora ritieni pi\u00f9 importante. In questo caso devi dare sempre pi\u00f9 valore alla tua Conoscenza, che cancella il tuo odio verso te stesso. Tuttavia, non avrai successo se pensi di essere grandioso. I piccoli semi non sono ancora grandiosi. Coloro che apprezzano il loro vero valore sono disposti ad essere piccoli. Non \u00e8 un affronto per loro. Chi odia se stesso non sopporta l&#8217;idea. Per loro \u00e8 doloroso. Se Dio potesse essere un seme, quanto sarebbe piccolo, quanto sarebbe umile\u2014nessuna identit\u00e0 da proteggere.<\/p>\n<p>Quindi, segui la Via della Conoscenza. \u00c8 cos\u00ec semplice, ma allo stesso tempo \u00e8 cos\u00ec imponente. La via semplice \u00e8 la via che comanda. Rende la tua vita molto diretta. Non puoi sederti in disparte e immaginare come potrebbe essere la vita. Non devi avere idee complesse sulla natura umana perch\u00e9 la natura umana non \u00e8 complessa. L&#8217;unica cosa complessa nell&#8217;universo \u00e8 la confusione. Tu non sei complesso. Non pensare che questo sia degradante. Le persone amano pensare di essere esseri radiosi multidimensionali che possiedono tutte le potenzialit\u00e0. Tu sei pi\u00f9 grande di tutto questo. Un piccolo seme della vita \u00e8 pi\u00f9 grande di tutto questo.<\/p>\n<p>Perch\u00e9 il perdono \u00e8 un tale sollievo? Perch\u00e9 permette alla tua mente di aprirsi e rilassarsi. Perch\u00e9 il perdono \u00e8 cos\u00ec difficile da realizzare? Perch\u00e9 hai paura di andare oltre la tua mente. Preferisci rimanere infelice con piccole idee e masticarle, come piccole caramelle dure, piuttosto che andare oltre nell&#8217;incertezza. Ovviamente, quello di cui sto parlando \u00e8 un profondo cambiamento di pensiero. Non \u00e8 un cambiamento che puoi ottenere tu. Non puoi cambiare la tua mente. Puoi cambiare le tue abitudini di discernimento, puoi cambiare le tue decisioni, ma ci\u00f2 che ti cambia \u00e8 pi\u00f9 grande. Ci\u00f2 che esce dal tuo guscio \u00e8 qualcosa che non hai inventato e che non puoi dirigere. Non perdonare non fa altro che tenerlo dentro. Ci\u00f2 che emerge sei tu. Non ha una coscienza propria perch\u00e9 non sta cercando di essere qualcos&#8217;altro, quindi non si confronta n\u00e9 si contrappone ad altre cose.<\/p>\n<p>Insegniamo alle persone a riconoscere la loro Conoscenza, a iniziare ad usarla e ad intraprendere la via della Conoscenza secondo l&#8217; Antico Insegnamento. Immediatamente le persone si trovano di fronte ad alcuni ostacoli. Il primo di questi ostacoli \u00e8 il dubbio su se stessi, che riflette l&#8217;odio per se stessi. Puoi fidarti di qualcosa dentro di te quando la tua mente ti ha ingannato cos\u00ec tante volte, quando tante volte hai scoperto di aver sbagliato quando pensavi di aver ragione, quando hai fatto cos\u00ec tante volte cose stupide? Puoi fidarti di qualcosa dentro di te che non riesci a definire e che sperimenti raramente? Puoi farlo?<\/p>\n<p>Nella Via della Conoscenza ti diamo delle pratiche molto semplici. Santo cielo, le pratiche sono semplici! &#8220;Oh, sono cos\u00ec difficili!&#8221;, potresti dire. Perch\u00e9 \u00e8 difficile se dico: &#8220;Esercitiamoci a sperimentare La Conoscenza per trenta minuti al giorno&#8221;. &#8220;Ah! \u00c8 difficile!&#8221; Perch\u00e9 \u00e8 difficile? Passi molto pi\u00f9 tempo in bagno a guardarti. Perch\u00e9 \u00e8 difficile? \u00c8 difficile perch\u00e9 non pensi che tu ne vali la pena. Questo si tratta di un vero e proprio investimento su te stesso.<\/p>\n<p>Ora, lasciateci fare questo punto molto importante. Le persone sono terrorizzate dai propri giudizi. Ecco perch\u00e9 guardarsi dentro, all&#8217;inizio, pu\u00f2 sembrare cos\u00ec inquietante. L\u00ec dentro \u00e8 tutto buio, sai, e ci sono pensieri, ricordi e immagini terribili. Il mondo ti ha insegnato l&#8217;odio. Il mondo te lo insegna perch\u00e9 non sa nulla. Tu sai qualcosa. Ecco perch\u00e9 il mondo non \u00e8 il tuo luogo d&#8217;origine. Tu sei un visitatore. Non fai semplicemente parte dell&#8217;apparato biologico di questo mondo. Tu porti con te il seme della Conoscenza. La Conoscenza inutilizzata \u00e8 un fardello terribile. \u00c8 la fonte delle nevrosi di tutti. \u00c8 come avere un braccio che non usi mai. Beh, \u00e8 una cosa scomoda da portare in giro tutto il giorno, no? Avere questa cosa che penzola dal tuo corpo\u2014 funziona, ma non lo usi mai. \u00c8 sempre d&#8217;intralcio. Prova ad indossare una camicia con una sola mano. Che seccatura!<\/p>\n<p>Cosi\u2019 quando gli individui iniziano a seguire la loro Conoscenza, devono confrontarsi con i propri dubbi e con la paura di essere giudicati. Sono le loro stesse idee a spaventarli. Ci\u00f2 che li spaventa sono le loro stesse idee! Ebbene, l&#8217;unico modo per sapere che un&#8217;idea \u00e8 solo un&#8217;idea \u00e8 affrontarla se ti ostacola. Se diventi uno studente della Conoscenza e inizi a seguire un potere pi\u00f9 profondo dentro di te, ti troverai di fronte ai tuoi dubbi e ai tuoi giudizi sulla vita.<\/p>\n<p>Vedi, alla Conoscenza non interessa cosa hai fatto. Desidera solo emanare da dentro di te. Le persone pensano, in termini psicologici, di portare con s\u00e9 tutti questi problemi irrisolti del passato. Le persone pensano: &#8220;Devo dedicare i prossimi vent&#8217;anni a risolverli e poi, forse, potr\u00f2 essere un essere umano felice e godermi le cose con un nuovo punto di vista&#8221;. Beh, questo pone la risoluzione convenientemente nel futuro, non \u00e8 vero? Venti anni per risolvere il tuo passato sono ridicoli! Finiresti la tua vita come un seme non aperto. Non \u00e8 quello che stiamo proponendo.<\/p>\n<p>Scoprirai che puoi vivere la vita in modo molto efficace senza dover esprimere giudizi. E una volta che avrai fatto l&#8217;esperienza di farlo, che puoi fare anche all&#8217;inizio, questo rafforzer\u00e0 la tua convinzione che ci\u00f2 che stai seguendo \u00e8 degno della tua completa devozione. Questo ti redimer\u00e0 ai tuoi stessi occhi perch\u00e9 vedrai il tuo valore in relazione a qualcosa di molto grande. Il valore delle persone deve essere dimostrato a loro. Non mi basta dire: &#8220;Potete dimenticare di non piacervi perch\u00e9 siete tutti meravigliosi&#8221;. Ora, lo direi perch\u00e9 \u00e8 vero. A me piacete molto, ma \u00e8 sufficiente? Il vostro valore deve essere dimostrato. Dio far\u00e0 la maggior parte del lavoro e tu avrai tutto il merito. Dio non ha bisogno del merito.<\/p>\n<p>Il percorso della risoluzione richiede, tuttavia, che tu sia molto consapevole del momento. Qui puoi iniziare ad accorgerti che stai emettendo giudizi e accuse contro te stesso e gli altri ed essere abbastanza presente da poterlo verificare quando ci\u00f2 inizia a verificarsi e scegliere un modo diverso.  Vedi, il lato personale della tua mente \u00e8 fatto di abitudini. \u00c8 tutto qui, sono abitudini. \u00c8 un&#8217;intera rete di abitudini. Ecco perch\u00e9 continua a ripetersi in continuazione. Pi\u00f9 osservi la tua mente personale, pi\u00f9 ti accorgi di quanto sia ripetitiva perch\u00e9 \u00e8 cos\u00ec che mantiene la sua identit\u00e0. Il tuo lato personale non \u00e8 da condannare o da buttare via. \u00c8 utile. Capisce i dettagli ed \u00e8 molto utile, ma \u00e8 un dio molto povero.<\/p>\n<p>Quindi, per iniziare a seguire La Conoscenza, devi renderti conto che ce n&#8217;\u00e8 bisogno e sentire di esserne degno. Questo \u00e8 gi\u00e0 di per s\u00e9 un passo verso il riconoscimento e un passo importante per allontanarsi dall&#8217;odio verso se stessi. Cambiare semplicemente i tuoi pensieri su di te non risolver\u00e0 il dilemma perch\u00e9 non soddisfa i tuoi veri bisogni. Seguire qualcosa dentro di te che non si basa sui tuoi giudizi ti allontana completamente da loro. Senza la tua attenzione e la tua riaffermazione, iniziano semplicemente a dissolversi. Ecco perch\u00e9 Dio ti d\u00e0 qualcosa di significativo da fare che non ha nulla a che fare con i tuoi conflitti. Potresti dire: &#8220;Sono qui per risolvere questo e quello&#8221;, ma questo \u00e8 semplicemente il tuo modo di cercare di rendere la tua nuova vita rilevante per quella vecchia.<\/p>\n<p>La sopravvivenza non \u00e8 la preoccupazione principale dell&#8217;uomo e della donna della Conoscenza. Sono in grado di contribuire alla vita perch\u00e9 possiedono ci\u00f2 che la vita qui non ha e quindi hanno una vita non impoverita. Sono individui che sono in grado di dare un senso al mondo. Non sono grandiosi, eppure questo significato pu\u00f2 scaturire da loro. Tutto ci\u00f2 che le persone vogliono fare \u00e8 appartenere ad un posto e fornire un valore alla loro situazione\u2014essere a casa da qualche parte ed essere parte di qualcosa di reale. Allora  potranno iniziare a stabilirsi e a partecipare, e il loro valore e il loro significato saranno dimostrati in continuazione, perch\u00e9 il valore e il significato possono solo essere dimostrati.<\/p>\n<p>Poich\u00e9 vivi in un mondo di limitazioni, avrai sempre dei limiti e commetterai sempre degli errori qui. Tuttavia, ora non hai alcuna base di condanna perch\u00e9 non stai cercando di fare apparire il mondo bello. In realt\u00e0, non stai cercando di fare nulla. Ora sei attivo nel permettere alla Conoscenza di dirigere il tuo contributo. Se sei troppo grasso, troppo magro, troppo alto, troppo basso, troppo sciocco, troppo serio, troppo qualsiasi cosa, non importa. Il disperato tentativo di giustificare te stesso, quella grande imbracatura, ora inizia ad andare via.<\/p>\n<p>Vedi, Dio \u00e8 come l&#8217;aria. Tutti dipendono assolutamente da Dio, ma non pensano mai a Dio. Le persone si preoccupano solo degli oggetti, ma l&#8217;essenza stessa che li mantiene momento per momento e che fornisce questo mondo incontaminato in cui vivono \u00e8 data per scontata e non ci si pensa mai. Quando l&#8217;essenza \u00e8 pi\u00f9 importante di tutto ci\u00f2 che vedi, allora sentirai un grande potere nella tua vita e la gratitudine ti accompagner\u00e0.<\/p>\n<p>Dio sta riportando tutti a Casa. Questa \u00e8 la tua Conoscenza\u2014che ti trascina a Casa, attirandoti, avvicinandoti. Quando La Conoscenza inizier\u00e0 ad emergere, cercher\u00e0 di realizzarsi e l&#8217;intera base della mancanza di perdono scomparir\u00e0. Ci\u00f2 di cui il mondo ha bisogno \u00e8 che gli individui trovino e portino qui la loro Antica Casa. A quel punto il mondo cesser\u00e0 di essere un luogo di negazione.<\/p>\n","protected":false},"excerpt":{"rendered":"<p>Vorrei fornirvi un quadro di riferimento per guardare al perdono ed un&#8217;opportunit\u00e0 per vedere la sua importanza per il vostro sviluppo e la vostra felicit\u00e0. Al giorno d&#8217;oggi c&#8217;\u00e8 molto idealismo sul perdono. Molte persone che hanno sviluppato una comprensione del pensiero spirituale hanno studiato libri e insegnamenti che trattano a lungo questo argomento, fino a considerarlo il fulcro della concentrazione. Per altre persone, forse, non \u00e8 un argomento a cui hanno pensato molto. Tuttavia, quando inizi a esaminare la tua mente, ad osservare i tuoi pensieri, i tuoi sentimenti e il tuo comportamento, ti rendi conto della rilevanza di questo grande argomento.<\/p>\n<p>Vogliamo quindi parlare del perdono perch\u00e9 rappresenta una via di redenzione. \u00c8 un&#8217;attivit\u00e0, se cos\u00ec possiamo chiamarla, che merita la tua attenzione. \u00c8 rilevante perch\u00e9 c&#8217;\u00e8 molto da perdonare. Il mondo in cui vivi ti turba facilmente. Hai molti giudizi su di te e quindi sugli altri. Sei aggravato da molte circostanze ed eventi, grandi e piccoli. Se vuoi iniziare a scoprire la tua vera qualit\u00e0 mentale e le tue vere capacit\u00e0, come puoi farlo o intraprenderlo quando sei assalito da cos\u00ec tante cose che ti aggravano? Come iniziare?<\/p>\n","protected":false},"author":62,"featured_media":0,"parent":13089,"menu_order":0,"comment_status":"closed","ping_status":"closed","template":"template-leftsidebar.php","meta":{"_monsterinsights_skip_tracking":false,"_monsterinsights_sitenote_active":false,"_monsterinsights_sitenote_note":"","_monsterinsights_sitenote_category":0,"footnotes":""},"categories":[76,30,77,483],"tags":[749,740,745,750,966,743,748,741,746,744,747,742,719],"_links":{"self":[{"href":"https:\/\/www.v6.newmessage.org\/it\/wp-json\/wp\/v2\/pages\/29506"}],"collection":[{"href":"https:\/\/www.v6.newmessage.org\/it\/wp-json\/wp\/v2\/pages"}],"about":[{"href":"https:\/\/www.v6.newmessage.org\/it\/wp-json\/wp\/v2\/types\/page"}],"author":[{"embeddable":true,"href":"https:\/\/www.v6.newmessage.org\/it\/wp-json\/wp\/v2\/users\/62"}],"replies":[{"embeddable":true,"href":"https:\/\/www.v6.newmessage.org\/it\/wp-json\/wp\/v2\/comments?post=29506"}],"version-history":[{"count":2,"href":"https:\/\/www.v6.newmessage.org\/it\/wp-json\/wp\/v2\/pages\/29506\/revisions"}],"predecessor-version":[{"id":29510,"href":"https:\/\/www.v6.newmessage.org\/it\/wp-json\/wp\/v2\/pages\/29506\/revisions\/29510"}],"up":[{"embeddable":true,"href":"https:\/\/www.v6.newmessage.org\/it\/wp-json\/wp\/v2\/pages\/13089"}],"wp:attachment":[{"href":"https:\/\/www.v6.newmessage.org\/it\/wp-json\/wp\/v2\/media?parent=29506"}],"wp:term":[{"taxonomy":"category","embeddable":true,"href":"https:\/\/www.v6.newmessage.org\/it\/wp-json\/wp\/v2\/categories?post=29506"},{"taxonomy":"post_tag","embeddable":true,"href":"https:\/\/www.v6.newmessage.org\/it\/wp-json\/wp\/v2\/tags?post=29506"}],"curies":[{"name":"wp","href":"https:\/\/api.w.org\/{rel}","templated":true}]}}