{"id":29497,"date":"2023-08-01T01:39:45","date_gmt":"2023-08-01T01:39:45","guid":{"rendered":"https:\/\/www.newmessage.org\/it\/?page_id=29497"},"modified":"2023-08-01T01:39:45","modified_gmt":"2023-08-01T01:39:45","slug":"lunione-profonda-con-dio","status":"publish","type":"page","link":"https:\/\/www.v6.newmessage.org\/it\/il-messaggio\/volume-4\/la-nuova-esperienza-di-dio\/lunione-profonda-con-dio","title":{"rendered":"L\u2019Unione Profonda con Dio"},"content":{"rendered":"<div><\/div>\n<div class=\"tabgroup \"><ul class=\"tabs\"><li><a href=\"#tabs-1\">Ascolta<\/a><\/li>\n<li><a href=\"#tabs-2\">Nota<\/a><\/li><\/ul>\n <div id=\"tabs-1\"><\/p>\n<p>Ascolta la Rivelazione originale in Inglese:<\/p>\n\t\t\t\t<div id=\"jquery_jplayer_1\" class=\"jp-jplayer\"><\/div>\n\t\t\t\t<div id=\"jp_container_1\" class=\"jp-audio\">\n\t\t\t\t<div class=\"jp-type-single\"><div class=\"jp-control\"><a href=\"javascript:;\" class=\"jp-play\" tabindex=\"1\">play<\/a><a href=\"javascript:;\" class=\"jp-pause\" tabindex=\"1\">pause<\/a><\/div> <div class=\"jp-gui jp-interface\"><div class=\"jp-volume\"><div class=\"jp-volume-bar\"><div class=\"jp-volume-bar-value\"><\/div><\/div><\/div><div class=\"jp-progress\"><div class=\"jp-seek-bar\"><div class=\"jp-play-bar\"><\/div><\/div><\/div><\/div>\t\t\t\t\t<div class=\"jp-no-solution\"><span>Update Required<\/span>To play the media you will need to either update your browser to a recent version or update your <a href=\"http:\/\/get.adobe.com\/flashplayer\/\" target=\"_blank\">Flash plugin<\/a>.<\/div><\/div><\/div>\n\t\t\t<script type='text\/javascript'>\n\t\t\t\tjQuery(document).ready(function() {\n\t\t\t\t\tif (typeof (sermonMedia) == 'function') {\n\t\t\t\t\t\tsermonMedia.addAudio('', \"jquery_jplayer_1\");\n\t\t\t\t\t}\n\t\t\t\t\tjQuery.jPlayer.timeFormat.showHour = true;\n\t\t\t\t\tjQuery(\"#jquery_jplayer_1\").jPlayer({\n\t\t\t\t\t\tready: function(event) {\n\t\t\t\t\t\t\tjQuery(this).jPlayer(\"setMedia\", {mp3: 'https:\/\/www.newmessage.org\/av\/the-deep-union-with-god.mp3'});\n\t\t\t\t\t\t},\n\t\t\t\t\t\tplay: function() {\n\t\t\t\t\t\t\tjQuery(this).jPlayer(\"pauseOthers\");\n\t\t\t\t\t\t},\n\t\t\t\t\t\tswfPath: ThemeData.directory_uri+\"\/swf\",\n\t\t\t\t\t\tsolution: \"html, flash\",\n\t\t\t\t\t\tpreload: \"metadata\",\n\t\t\t\t\t\twmode: \"window\",\n\t\t\t\t\t\tsupplied: \"mp3\",\n\t\t\t\t\t\tcssSelectorAncestor: '#jp_container_1'\n\t\t\t\t\t});\n\t\t\t\t});\n\t\t\t<\/script>\n<p><a title=\"The Deep Union with God\" href=\"https:\/\/www.newmessage.org\/av\/the-deep-union-with-god.mp3\">Download<\/a> (clicca il tasto destro del mouse per il download)<\/p>\n<p class=\"revelation_details\"><em>Come rivelato a<br \/>\nMarshall Vian Summers<br \/>\nil 24 Maggio 2014<br \/>\na Boulder, Colorado<br \/>\n<\/em><\/p>\n<div class=\"toggle toggle-white\"><h4 class=\"trigger \"><span class=\"t_ico\"><\/span><a href=\"#\">Riguardo a questo testo<\/a><\/h4><div class=\"toggle_container \"><br \/>\n<p>Quello che state leggendo in questo testo \u00e8 la trascrizione della voce originale della Assemblea Angelica cos\u00ec come ha parlato tramite il Messaggero Marshall Vian Summers.<\/p>\n<p>Qua, la comunicazione originale di Dio, che esiste al di l\u00e0 delle parole, \u00e8 tradotta nel linguaggio e nella comprensione umana dall\u2019Assemblea Angelica che veglia sul mondo. Poi l\u2019Assemblea consegna il Messaggio di Dio tramite il Messaggero, dopo di che, la comunicazione \u00e8 trascritta e resa disponibile a voi e a tutto il mondo.<\/p>\n<p>In questo notevole processo, la Voce della Rivelazione sta parlando di nuovo. La Parola e il suono della Voce sono nel mondo. Possiate voi essere i destinatari di questo dono di Rivelazione e possiate essere aperti a ricevere il suo Messaggio unico per voi e per la vostra vita.<\/p>\n<br \/>\n<\/div><\/div><br \/>\n<\/div>\n<div id=\"tabs-2\"><br \/>\n<em>Nota per il Lettore:<br \/>\nQuesta traduzione \u00e8 stata fornita a The Society da uno studente del Nuovo Messaggio che si \u00e8 offerto volontario per tradurre il testo originale in Inglese. Noi rendiamo questa traduzione disponibile al mondo in questa forma iniziale affinch\u00e9 le persone abbiano la possibilit\u00e0 di interagire con una porzione del Nuovo Messaggio nella propria lingua.<\/em><br \/>\n<\/div>\n\t\t\t\t<div align=\"right\">\n\t\t\t<div class=\"fb-like\" data-href=\"\" data-layout=\"button_count\" data-action=\"like\" data-show-faces=\"false\" data-share=\"false\"><\/div>\n\t\t\t<div class=\"fb-share-button\" data-layout=\"button_count\"> <\/div>\n\t\t\t<div class=\"fb_iframe_widget\"><a href=\"https:\/\/twitter.com\/godsnewmessage?ref_src=twsrc%5Etfw\" class=\"twitter-follow-button\" data-show-count=\"false\">Follow @godsnewmessage<\/a><script async src=\"https:\/\/platform.twitter.com\/widgets.js\" charset=\"utf-8\"><\/script><\/div>\n\t\t\t<\/div> <\/div> \n<br \/>\nLa realt\u00e0 di Dio e il Piano di Dio per l&#8217;universo sono al di l\u00e0 della tua comprensione e capacit\u00e0 intellettuale, ma l&#8217;opportunit\u00e0 di sperimentare la profonda unione con Dio \u00e8 dentro di te ed \u00e8 sempre presente.<\/p>\n<p>Questa \u00e8 l&#8217;esperienza di una relazione profonda, la relazione pi\u00f9 profonda che tu possa avere e che mai avrai. \u00c8 una relazione che hai gi\u00e0. Infatti, anche se la tua anima vaga in questa realt\u00e0 fisica, vivendo in uno stato separato di consapevolezza, la parte pi\u00f9 profonda di te non ha mai lasciato Dio. Quella profonda unione con Dio vive ancora dentro di te, in attesa di essere scoperta, di essere sperimentata, di essere realizzata.<\/p>\n<p>Avere una comprensione intellettuale di Dio sar\u00e0 sempre una cosa molto insufficiente e inadeguata. Anche se le persone possono basare le loro credenze, idee e ammonizioni su questo, significa che non stanno sperimentando l&#8217;unione profonda e stanno cercando di affidarsi alle loro facolt\u00e0 intellettuali per capire cosa sia la realt\u00e0.<\/p>\n<p>Quando Noi parliamo di Dio, Noi parliamo del Dio dell&#8217;intero universo e di tutte le dimensioni dell&#8217;universo, di innumerevoli razze di esseri con innumerevoli religioni, tutte diverse tra loro nell&#8217;aspetto e nell&#8217;orientamento. Noi stiamo parlando di un Dio di un universo non umano in cui la libert\u00e0 \u00e8 rara.<\/p>\n<p>Quindi non pensare mai di essere stato creato a somiglianza di Dio, perch\u00e9 Dio non ha alcuna somiglianza, essendo sempre presente e permeando ogni cosa. Infatti, mentre vivi nella Separazione e stai attraversando questa vita in questo mondo, sei ancora parte della Creazione, che non cambia mai e che \u00e8 per sempre, senza inizio e senza fine.<\/p>\n<p>Queste cose sono chiaramente al di l\u00e0 della vostra immaginazione e della capacit\u00e0 di comprendere del vostro intelletto. Non vi \u00e8 possibile creare immagini di questo perch\u00e9 non esiste un&#8217;immagine che sia per sempre. Non potete davvero creare dei concetti adeguati, perch\u00e9 i concetti non sono eterni e voi avete a che fare con qualcosa che \u00e8 per sempre. L&#8217;immaginazione pu\u00f2 considerare le cose solo nel tempo, nella realt\u00e0 fisica. Ecco perch\u00e9 non pu\u00f2 concepire la pace. Non pu\u00f2 concepire la vera equanimit\u00e0. Non pu\u00f2 concepire la vera felicit\u00e0. Non pu\u00f2 concepire una relazione pura. Perch\u00e9 queste cose sono per sempre.<\/p>\n<p>Pertanto, il tuo intelletto \u00e8 stato progettato per navigare nel mondo e per risolvere i problemi, perch\u00e9 questo \u00e8 un mondo in cui si risolvono i problemi. E ci sono le Grandi Onde del cambiamento all&#8217;orizzonte che metteranno alla prova il vostro intelletto pi\u00f9 di quanto possiate immaginare al momento. Ma la vostra esperienza di vera relazione, la vostra esperienza di profonda felicit\u00e0, la vostra esperienza di equanimit\u00e0 richiedono un orientamento diverso dentro di voi. Va bene avere delle immagini che lo rappresentino in qualche modo, ma non dovete mai confondere queste immagini, queste idee e queste parabole con la realt\u00e0 stessa, che \u00e8 molto pi\u00f9 grande, che \u00e8 completa.<\/p>\n<p>Hai bisogno dell&#8217;unione con Dio per conoscere la tua forza pi\u00f9 profonda e per poter comprendere che hai uno scopo superiore per il quale sei nel mondo, che ti verr\u00e0 rivelato man mano che vai avanti.<\/p>\n<p>Qui devi allontanarti dalla tua vita in superficie e dalla tua mente che opera in superficie, sempre presa da piani, obiettivi e risoluzione di problemi, dalla fantasia, dal conflitto e dalla dissociazione. Qui devi rivolgere la tua attenzione verso l&#8217;interno, verso la grande quiete e tranquillit\u00e0 che esiste sotto la superficie della mente. Trova dei metodi per entrare in questo regno pi\u00f9 profondo ed espansivo, che \u00e8 cos\u00ec diverso dalla tua vita in superficie.<\/p>\n<p>\u00c8 come l&#8217;oceano, che \u00e8 sempre turbolento in superficie, sferzato dai venti del mondo, apparentemente caotico e senza uno scopo o una direzione chiara. Ma quando ci si addentra nelle profondit\u00e0, la realt\u00e0 \u00e8 completamente diversa. \u00c8 tranquilla, \u00e8 pervasiva e dimostra poco degli impatti che si verificano in superficie. La pi\u00f9 grande tempesta del mondo potrebbe essere in corso sopra di te, ma quando sei nelle profondit\u00e0, anche solo sotto la superficie, si tratta di una realt\u00e0 e di un&#8217;esperienza completamente diversa.<\/p>\n<p>Qui non venite per ottenere risposte, cercare scuse o pregare solo per ottenere i risultati desiderati. Venite qui semplicemente per essere nella Presenza.<\/p>\n<p>La Nuova Rivelazione di Dio per il mondo ti ha fornito i Passi verso La Conoscenza, il grande insegnamento universale che ti preparer\u00e0 a questo impegno pi\u00f9 profondo in modo che tu possa iniziare a renderti conto che vivi con due menti\u2014la tua mente terrena, che \u00e8 stata condizionata dalla tua famiglia, dalla cultura e forse dalla religione; e la mente pi\u00f9 profonda della Conoscenza che rappresenta la parte di te che \u00e8 ancora connessa a Dio. Sono completamente diverse.<\/p>\n<p>La Conoscenza dentro di te \u00e8 tranquilla e vigile. \u00c8 sempre aperta alla volont\u00e0 del Creatore. Non ti parler\u00e0 in particolare a parole, se non forse con frasi molto brevi. \u00c8 pi\u00f9 probabile che ti dia degli impulsi, dei freni per trattenerti o degli incoraggiamenti per farti avanzare quando \u00e8 necessario. \u00c8 un potere e una forza dentro di te. Rappresenta la corrente pi\u00f9 profonda della tua vita. Da sola racchiude il tuo vero scopo e il riconoscimento di coloro che serviranno a questo scopo e che svolgeranno ruoli importanti nella tua scoperta ed espressione di questo scopo. \u00c8 anche la tua esperienza di unione con Dio, che \u00e8 silenziosa e pervasiva.<\/p>\n<p>Qui il tuo desiderio e la tua capacit\u00e0 devono crescere. Il tuo desiderio deve crescere perch\u00e9 devi capire che hai bisogno di questo per essere nutrito, restaurato, rafforzato, in modo che nel tempo tu possa diventare senza paura, pi\u00f9 chiaro e pi\u00f9 capace di partecipare nel mondo per uno scopo pi\u00f9 grande.<\/p>\n<p>Hai bisogno di questa unione profonda perch\u00e9 \u00e8 la tua relazione pi\u00f9 importante. La tua incapacit\u00e0 di sperimentare questo rappresenta la tua incapacit\u00e0 di sperimentare il riconoscimento, l&#8217;armonia e persino l&#8217;intimit\u00e0 con gli altri.<\/p>\n<p>Ci\u00f2 che limita il tuo impegno con Dio \u00e8 ci\u00f2 che limita il tuo impegno con le persone e con il mondo nel suo complesso. \u00c8 per questo che le persone vivono nelle loro idee, credenze e concetti, raramente nel momento, raramente sperimentando la Presenza di Dio e il significato della loro esistenza.<\/p>\n<p>Qui, in questo impegno pi\u00f9 profondo, le tue idee non sono importanti. Le tue convinzioni sono solo degli impedimenti. Le tue paure, le tue preoccupazioni, i tuoi piani e i tuoi obiettivi sono solo distrazioni. Perch\u00e9 nell&#8217;unione profonda non hanno importanza.<\/p>\n<p>Qui inizi ad aprire le tue capacit\u00e0. In questo momento forse lo puoi sperimentare solo per uno o due secondi, per periodi brevissimi, prima che la tua mente si chiuda e risalga in superficie. Lo sperimenterai ripetutamente quando inizierai a prepararti per l&#8217;impegno.<\/p>\n<p>Vedrai quanto sei dominato dal tuo pensare e dal mondo che ti circonda. Devi vedere questo per capire il tuo stato attuale e quello di quasi tutti quelli che ti circondano. Non incolpare te stesso. \u00c8 la prova che vivi nella Separazione.<\/p>\n<p>Ma man mano che fai i Passi verso La Conoscenza, costruisci la tua capacit\u00e0 di sperimentare l&#8217;ineffabile Presenza di Dio e trovi il modo di scendere sotto la superficie. Ti consigliamo di ripetere le parole Na Rahn, Na Rahn e di prestare tutta la tua attenzione. \u00c8 come un ascensore che ti porta in profondit\u00e0, sotto la superficie della mente.<\/p>\n<p>Le relazioni sono invisibili. Non \u00e8 quello che vedi e tocchi. \u00c8 ci\u00f2 che senti e conosci la vera prova di una grande relazione\u2014una grande relazione con una persona, una grande relazione con il lavoro nel mondo, una grande relazione con un luogo, una grande relazione con il mondo intero.<\/p>\n<p>La tua relazione pi\u00f9 importante \u00e8 quella con Dio. \u00c8 invisibile. Chi sei \u00e8 davvero invisibile. Chi eri prima di venire al mondo, chi sarai quando lascerai questo mondo, \u00e8 qualcosa che non puoi percepire con i tuoi occhi.<\/p>\n<p>Entri nel regno pi\u00f9 profondo ed \u00e8 buio, ma proseguendo, \u00e8 pieno di Presenza. Ogni momento che puoi trascorrere impegnato con questa Presenza, senza domande, senza concetti, senza la tua mente superficiale, ti ristorer\u00e0 e ti dar\u00e0 forza e coraggio che non potrai ricevere da nessun altro luogo.<\/p>\n<p>Quando ascolti le Nostre Voci, che ti parlano ora insieme, puoi evocare questo profondo senso di relazione, il potere invisibile della vera unione. Ogni momento che trascorri qui, diventi meno schiavo del mondo, meno schiavo dei tuoi sensi, meno schiavo delle tue paure e dei tuoi obblighi verso gli altri, meno schiavo delle tue fantasie e  desideri\u2014indeboliti da ogni momento che trascorri nella Presenza.<\/p>\n<p>C&#8217;\u00e8 un altro grande vantaggio qui, quando questa connessione si instaura sempre di pi\u00f9, La Conoscenza sar\u00e0 in grado di parlarti e tu potrai sentirla e percepirla. La Conoscenza ti parla comunque, ma raramente la senti o la percepisci. Ma ora stai costruendo la connessione, che \u00e8 molto pi\u00f9 importante dell&#8217;ottenere idee o risposte alle tue domande. Infatti, grazie alla creazione di questa connessione, passo dopo passo, tutto ci\u00f2 che hai bisogno di vedere, conoscere e sentire potr\u00e0 arrivare a te e tu sarai in grado di ascoltarla. Sarai in grado di rimanere in contatto con essa. E sarai in grado di portare avanti qualsiasi cosa ti chieda nella tua vita.<\/p>\n<p>Quando sarai stanco delle relazioni vuote, di ricerche senza speranza, dello sforzo di ottenere ci\u00f2 che vuoi dal mondo e di tutta la corruzione che si crea dentro di te ed intorno a te, cercherai sempre di pi\u00f9 l&#8217;unione profonda. Nient&#8217;altro pu\u00f2 darti ci\u00f2 di cui hai veramente bisogno, i veri bisogni della tua anima.<\/p>\n<p>\u00c8 qui che inizia il ritorno a Dio, forse all&#8217;inizio in modo impercettibile. \u00c8 il grande punto di svolta. Perch\u00e9 Dio \u00e8 la Grande Attrazione della tua vita, pi\u00f9 grande di qualsiasi immagine di ricchezza, bellezza o fascino in questo mondo o in qualsiasi altro mondo\u2014pi\u00f9 pervasivo, pi\u00f9 completo, pi\u00f9 profondo e pi\u00f9 permanente di qualsiasi altra cosa tu possa pensare o avere per te.<\/p>\n<p>Pertanto, costruisci la capacit\u00e0 e il desiderio di farlo in modo naturale. Infatti, una volta girato l&#8217;angolo, cercherai sempre di pi\u00f9 ci\u00f2 che \u00e8 reale e permanente e sarai in grado di affrontare il mondo che cambia e si trasforma in modo pi\u00f9 efficace\u2014con meno aggravamento, meno infelicit\u00e0 e meno sofferenza. Sarai in grado di vedere cose che prima non potevi vedere, di sentire cose che prima non potevi sentire e di vedere il potere della Conoscenza che opera negli altri e in te stesso.<\/p>\n<p>La tua pratica spirituale pi\u00f9 importante \u00e8 sperimentare questa Presenza pi\u00f9 profonda. Non \u00e8 la presenza di una persona. Non \u00e8 la presenza di un angelo. Non \u00e8 la presenza di una divinit\u00e0. \u00c8 la Presenza della tua Fonte e di tutta la Creazione.<\/p>\n<p>\u00c8 pi\u00f9 grande di quanto tu possa sperimentare in questa vita. Ma se ti aprirai ad essa, il tuo cuore si riempir\u00e0, la tua mente si purificher\u00e0 e si alleggerir\u00e0 e saprai che sei permanente anche se viaggi in questo mondo. Saprai di essere amato anche se il vero amore sembra essere cos\u00ec lontano e difficile da trovare qui. Saprai di essere qui per uno scopo perch\u00e9 Dio ti ha mandato qui per uno scopo. Sarai paziente, sapendo che le cose si sveleranno man mano che procederai, sollevandoti cos\u00ec da continue speculazioni.<\/p>\n<p>Inizierai a sperimentare le meraviglie della vita qui, le piccole gioie e i semplici piaceri dell&#8217;essere al mondo, come mai prima d&#8217;ora, perch\u00e9 ora puoi sentire cose che prima non potevi sentire, vedere cose che prima non potevi vedere e udire cose che prima non potevi udire.<\/p>\n<p>La Presenza \u00e8 saggia oltre ogni immaginazione. Ti terr\u00e0 lontano da molte cose che ti distrarranno e che ti porteranno fuori strada. Devi essere disposto a farlo e accettarlo per la tua protezione e sicurezza. Come il piccolo neonato che stringe l&#8217;oggetto pericoloso che deve essere portato via, a volte potresti piangere perch\u00e9 non ti vengono date le cose che desideri o perch\u00e9 non riesci a tenere qualcosa di cui pensi di aver bisogno, e piangerai come piange il piccolo neonato. Ma devi avere fiducia nel fatto che \u00e8 per la tua protezione, anche se in questo momento non riesci ancora a capire perch\u00e9 o come.<\/p>\n<p>Dio non ti dar\u00e0 tutto quello che vuoi. Dio ti dar\u00e0 la possibilit\u00e0 di vivere la vera vita per cui sei venuto a vivere, e di trovare le vere relazioni che faranno parte di questa vita pi\u00f9 grande, e di essere libero da gran parte della schiavit\u00f9 del mondo e da gran parte della sofferenza, della miseria e della disperazione che vedrai intorno a te. Avrai questa profonda libert\u00e0. \u00c8 una libert\u00e0 pi\u00f9 grande di quella politica, pi\u00f9 grande di qualsiasi libert\u00e0 tu possa immaginare, ma \u00e8 tutto per uno scopo pi\u00f9 grande. \u00c8 per prepararti a questo scopo in modo che tu sia libero di vederlo, di conoscerlo e di seguirlo sempre di pi\u00f9.<\/p>\n<p>Qui non stai cercando la beatitudine. Stai cercando la relazione\u2014la tua utile relazione con Dio e la profonda unione con Dio che \u00e8 al di l\u00e0 dell&#8217;espressione, al di l\u00e0 della descrizione, al di l\u00e0 delle parole e delle immagini, eppure \u00e8 sempre presente dentro di te\u2014che ti chiama, in attesa che tu risponda.<\/p>\n","protected":false},"excerpt":{"rendered":"<p>La realt\u00e0 di Dio e il Piano di Dio per l&#8217;universo sono al di l\u00e0 della tua comprensione e capacit\u00e0 intellettuale, ma l&#8217;opportunit\u00e0 di sperimentare la profonda unione con Dio \u00e8 dentro di te ed \u00e8 sempre presente.<\/p>\n<p>Questa \u00e8 l&#8217;esperienza di una relazione profonda, la relazione pi\u00f9 profonda che tu possa avere e che mai avrai. \u00c8 una relazione che hai gi\u00e0. Infatti, anche se la tua anima vaga in questa realt\u00e0 fisica, vivendo in uno stato separato di consapevolezza, la parte pi\u00f9 profonda di te non ha mai lasciato Dio. Quella profonda unione con Dio vive ancora dentro di te, in attesa di essere scoperta, di essere sperimentata, di essere realizzata.<\/p>\n<p>Avere una comprensione intellettuale di Dio sar\u00e0 sempre una cosa molto insufficiente e inadeguata. Anche se le persone possono basare le loro credenze, idee e ammonizioni su questo, significa che non stanno sperimentando l&#8217;unione profonda e stanno cercando di affidarsi alle loro facolt\u00e0 intellettuali per capire cosa sia la realt\u00e0.<\/p>\n","protected":false},"author":62,"featured_media":0,"parent":29209,"menu_order":13,"comment_status":"closed","ping_status":"closed","template":"template-leftsidebar.php","meta":{"_monsterinsights_skip_tracking":false,"_monsterinsights_sitenote_active":false,"_monsterinsights_sitenote_note":"","_monsterinsights_sitenote_category":0,"footnotes":""},"categories":[76,1164],"tags":[749,740,745,750,1165,1262,743,748,741,746,744,747,742],"_links":{"self":[{"href":"https:\/\/www.v6.newmessage.org\/it\/wp-json\/wp\/v2\/pages\/29497"}],"collection":[{"href":"https:\/\/www.v6.newmessage.org\/it\/wp-json\/wp\/v2\/pages"}],"about":[{"href":"https:\/\/www.v6.newmessage.org\/it\/wp-json\/wp\/v2\/types\/page"}],"author":[{"embeddable":true,"href":"https:\/\/www.v6.newmessage.org\/it\/wp-json\/wp\/v2\/users\/62"}],"replies":[{"embeddable":true,"href":"https:\/\/www.v6.newmessage.org\/it\/wp-json\/wp\/v2\/comments?post=29497"}],"version-history":[{"count":1,"href":"https:\/\/www.v6.newmessage.org\/it\/wp-json\/wp\/v2\/pages\/29497\/revisions"}],"predecessor-version":[{"id":29498,"href":"https:\/\/www.v6.newmessage.org\/it\/wp-json\/wp\/v2\/pages\/29497\/revisions\/29498"}],"up":[{"embeddable":true,"href":"https:\/\/www.v6.newmessage.org\/it\/wp-json\/wp\/v2\/pages\/29209"}],"wp:attachment":[{"href":"https:\/\/www.v6.newmessage.org\/it\/wp-json\/wp\/v2\/media?parent=29497"}],"wp:term":[{"taxonomy":"category","embeddable":true,"href":"https:\/\/www.v6.newmessage.org\/it\/wp-json\/wp\/v2\/categories?post=29497"},{"taxonomy":"post_tag","embeddable":true,"href":"https:\/\/www.v6.newmessage.org\/it\/wp-json\/wp\/v2\/tags?post=29497"}],"curies":[{"name":"wp","href":"https:\/\/api.w.org\/{rel}","templated":true}]}}