{"id":29494,"date":"2023-08-01T01:33:32","date_gmt":"2023-08-01T01:33:32","guid":{"rendered":"https:\/\/www.newmessage.org\/it\/?page_id=29494"},"modified":"2023-08-01T01:33:32","modified_gmt":"2023-08-01T01:33:32","slug":"i-giorni-santi","status":"publish","type":"page","link":"https:\/\/www.v6.newmessage.org\/it\/il-messaggio\/volume-4\/la-nuova-esperienza-di-dio\/i-giorni-santi","title":{"rendered":"I Giorni Santi"},"content":{"rendered":"<div><\/div>\n<div class=\"tabgroup \"><ul class=\"tabs\"><li><a href=\"#tabs-1\">Informazioni<\/a><\/li>\n<li><a href=\"#tabs-2\">Nota<\/a><\/li><\/ul>\n <div id=\"tabs-1\"><\/p>\n<p><a href=\"https:\/\/www.community.newmessage.org\/the-holy-days\/\"><img decoding=\"async\" class=\"alignnone size-medium wp-image-50654 imgborder\" src=\"https:\/\/www.newmessage.org\/wp-content\/uploads\/2022\/12\/the-holy-days-feature-image-600x314.jpg\" alt=\"\" \/><\/a><\/p>\n<p class=\"revelation_details\"><em>Come rivelato a<br \/>\nMarshall Vian Summers<br \/>\nil 25 Dicembre 2014<br \/>\na Istanbul, Turchia<br \/>\n<\/em><\/p>\n<div class=\"toggle toggle-white\"><h4 class=\"trigger \"><span class=\"t_ico\"><\/span><a href=\"#\">Riguardo a questo testo<\/a><\/h4><div class=\"toggle_container \"><br \/>\n<p>Quello che state leggendo in questo testo \u00e8 la trascrizione della voce originale della Assemblea Angelica cos\u00ec come ha parlato tramite il Messaggero Marshall Vian Summers.<\/p>\n<p>Qua, la comunicazione originale di Dio, che esiste al di l\u00e0 delle parole, \u00e8 tradotta nel linguaggio e nella comprensione umana dall\u2019Assemblea Angelica che veglia sul mondo. Poi l\u2019Assemblea consegna il Messaggio di Dio tramite il Messaggero, dopo di che, la comunicazione \u00e8 trascritta e resa disponibile a voi e a tutto il mondo.<\/p>\n<p>In questo notevole processo, la Voce della Rivelazione sta parlando di nuovo. La Parola e il suono della Voce sono nel mondo. Possiate voi essere i destinatari di questo dono di Rivelazione e possiate essere aperti a ricevere il suo Messaggio unico per voi e per la vostra vita.<\/p>\n<br \/>\n<\/div><\/div><br \/>\n<\/div>\n<div id=\"tabs-2\"><br \/>\n<em>Nota per il Lettore:<br \/>\nQuesta traduzione \u00e8 stata fornita a The Society da uno studente del Nuovo Messaggio che si \u00e8 offerto volontario per tradurre il testo originale in Inglese. Noi rendiamo questa traduzione disponibile al mondo in questa forma iniziale affinch\u00e9 le persone abbiano la possibilit\u00e0 di interagire con una porzione del Nuovo Messaggio nella propria lingua.<\/em><br \/>\n<\/div>\n\t\t\t\t<div align=\"right\">\n\t\t\t<div class=\"fb-like\" data-href=\"\" data-layout=\"button_count\" data-action=\"like\" data-show-faces=\"false\" data-share=\"false\"><\/div>\n\t\t\t<div class=\"fb-share-button\" data-layout=\"button_count\"> <\/div>\n\t\t\t<div class=\"fb_iframe_widget\"><a href=\"https:\/\/twitter.com\/godsnewmessage?ref_src=twsrc%5Etfw\" class=\"twitter-follow-button\" data-show-count=\"false\">Follow @godsnewmessage<\/a><script async src=\"https:\/\/platform.twitter.com\/widgets.js\" charset=\"utf-8\"><\/script><\/div>\n\t\t\t<\/div> <\/div> \n<br \/>\nOggi parleremo dei Giorni Santi in questo Giorno Santo, in cui si onora uno dei grandi Messaggeri inviati sulla Terra dall&#8217;Assemblea Angelica. Anche se questa non \u00e8 la data esatta della sua nascita, \u00e8 celebrata qui.<\/p>\n<p>I Giorni Santi rappresentano un ricordo della tua Fonte, della tua origine e del tuo destino e, se praticato veramente, un ricordo dello scopo superiore, anche se non puoi ancora definirlo, che ti ha portato nel mondo.<\/p>\n<p>Sei qui per uno scopo, il che significa che hai un destino nell&#8217;essere al mondo\u2014un destino che va oltre i tuoi pensieri, i tuoi piani e i tuoi obiettivi, in attesa del momento in cui sarai pronto per iniziare a prepararti.<\/p>\n<p>Ci\u00f2 che rende santi i giorni \u00e8 il ricordo, il volgere la mente verso il Cielo e verso ci\u00f2 che il Cielo ha posto dentro di te per seguirlo, La Conoscenza pi\u00f9 profonda molto al di sotto della superficie della mente.<\/p>\n<p>Ogni giorno in cui questo pu\u00f2 essere praticato e considerato \u00e8 un giorno santo. Perch\u00e9 devi costruire il tuo ponte verso Dio come Dio ha gi\u00e0 costruito il suo ponte verso di te. E ogni giorno in cui pratichi veramente, seriamente, intenzionalmente, dedicandoti allo sforzo e all&#8217;impegno, costruisci questo ponte\u2014la tua parte del ponte che deve essere costruita da te.<\/p>\n<p>Non \u00e8 solo una questione di credo o di associazione o di rituale o di visitare la moschea, la chiesa o il tempio. L&#8217;attivit\u00e0 santa consiste nel costruire un impegno, un luogo nella tua mente in cui si svolga\u2014 un luogo sacro, uno spazio nella giungla dei pensieri e delle influenze del mondo, un luogo sacro, un luogo di impegno e di ricordo, un luogo di preghiera, un luogo di resa e di sottomissione.<\/p>\n<p>Tu non sai di cosa hai veramente bisogno nella vita, al di l\u00e0 dei requisiti di base che sono necessari per vivere in un ambiente fisico come questo. Devi quindi pregare affinch\u00e9 questo ti venga rivelato.<\/p>\n<p>Questo richiede un approccio serio, un approccio umile. Perch\u00e9 Dio non \u00e8 qui per costruire l&#8217;idea che hai di te stesso, ma per riportarti allo scopo per cui sei venuto e alla forza, all&#8217;umilt\u00e0 e alla misericordia che ti serviranno per affrontarlo nel tempo. Questo \u00e8 ci\u00f2 che rende santo questo giorno e tutti i giorni in cui pratichi e ti impegni, santo.<\/p>\n<p>Perch\u00e9 il tuo ricordo di Ges\u00f9, di Muhammad, di Buddha o dei grandi profeti di un tempo deve essere un ricordo della tua antica relazione con la tua Fonte, perch\u00e9 questo \u00e8 ci\u00f2 che le loro vite hanno dimostrato e continuano a dimostrare, riverberandosi attraverso tutte le riflessioni del tempo\u2014dell\u2019epoche, della civilt\u00e0, della storia, dell&#8217;espansione della consapevolezza umana, della scienza, dell&#8217;educazione, di tutto.<\/p>\n<p>Ci\u00f2 che permea tutti questi sforzi e attivit\u00e0 \u00e8 il ricordo della tua Fonte. E se questo ricordo \u00e8 vero e autentico, e se ti sei liberato a sufficienza dall&#8217;oppressione religiosa e dalle costrizioni culturali, sarai in grado di vedere chiaramente che sei stato mandato qui per uno scopo, che non puoi definire da solo. Perch\u00e9 deve esserti rivelato nel corso del tempo. Per questo, devi prepararti.<\/p>\n<p>Dio ha inviato la grande preparazione ora a tutte le trib\u00f9 e a tutti i popoli della Terra, per fare i Passi verso La Conoscenza, l&#8217;intelligenza pi\u00f9 profonda che Dio ha posto all&#8217;interno di ogni persona, in attesa di essere scoperta\u2014data in un linguaggio cos\u00ec semplice, cos\u00ec chiaro, eppure con una profondit\u00e0 cos\u00ec grande che non si pu\u00f2 esaurire; data in un linguaggio cos\u00ec semplice e chiaro da essere tradotto facilmente, con un minimo di distorsione, con un minimo di confusione; data con la ripetizione in modo che ogni frase possa essere compresa pi\u00f9 chiaramente, pi\u00f9 efficacemente, pi\u00f9 puramente.<\/p>\n<p>Questo \u00e8 ci\u00f2 che si pratica nei Giorni Santi\u2014i giorni del ricordo, della confessione, della sottomissione, della riverenza per la propria vita e per quella degli altri. [Questo \u00e8] un giorno di misericordia; un giorno in cui non giudichi e non condanni gli altri o te stesso; un giorno in cui pratichi una grande tolleranza a questo proposito; un giorno in cui sospendi le tue credenze, le tue convinzioni, i tuoi atteggiamenti in modo da poter ascoltare e percepire e sentire, al di l\u00e0 delle normali ossessioni e preoccupazioni della tua mente.<\/p>\n<p>Da dove sei venuto, ogni giorno \u00e8 santo, ma non ci sono giorni non santi, quindi questi pensieri non si presenteranno mai. Ma in questa vita, in questo mondo, ci dev&#8217;essere uno sforzo e un ricordo. Ci deve essere un approccio e un mezzo di preparazione. Non si tratta semplicemente di recitare le scritture o di eseguire un rituale in un ambiente religioso. \u00c8 qualcosa di pi\u00f9 puro che pu\u00f2 essere fatto ovunque, da chiunque e in qualsiasi circostanza.<\/p>\n<p>\u00c8 il tuo onesto appello a conoscere il tuo scopo superiore e, attraverso questo, a riallacciare i rapporti con coloro che ti hanno mandato nel mondo, coloro che rappresentano la fonte della tua vita e lo scopo del tuo essere qui\u2014cose che non puoi definire da solo, cose che nemmeno la religione stessa pu\u00f2 definire appieno, perch\u00e9 vanno ben oltre la consapevolezza e la comprensione umana.<\/p>\n<p>Che tu sia stato istruito o meno al pensiero religioso, l&#8217;impegno deve essere puro e privo di preoccupazioni umane, ammonimenti umani e idee fisse nella mente affinch\u00e9 questo impegno sia chiaro ed efficace.<\/p>\n<p>Qui rinunci a ci\u00f2 che pensi e credi, anche alle tue credenze religiose, per un periodo di tempo, per aprire la tua mente alla rivelazione\u2014la rivelazione della tua vera natura e della relazione con la tua Fonte e con coloro che ti hanno mandato nel mondo, che vegliano su di te anche adesso.<\/p>\n<p>Qui puoi osservare le date di nascita di tutti i grandi Messaggeri, perch\u00e9 tutti provengono dall&#8217;Assemblea Angelica. Sono stati tutti inviati da Dio in un momento cruciale di svolta nell&#8217;evoluzione e nella crescita dell&#8217;umanit\u00e0, nell&#8217;espansione e nel cambiamento della civilt\u00e0 umana\u2014 un Piano cos\u00ec perfetto, cos\u00ec grande, cos\u00ec ampio che nessuna mente al mondo potrebbe concepire.<\/p>\n<p>Perch\u00e9 Dio non parla solo per questo momento, ma anche per il futuro. E Dio ha parlato ancora una volta in un momento di massima sfida e travaglio, mentre l&#8217;umanit\u00e0 si trova ad affrontare un mondo in cui le risorse stanno diminuendo e la popolazione \u00e8 in aumento; un periodo di sconvolgimenti; un periodo di turbamento e instabilit\u00e0 ambientale; un periodo diverso da qualsiasi altro che si sia mai verificato nella storia e nella memoria dell&#8217;umanit\u00e0.<\/p>\n<p>Dio ha parlato di nuovo e nessuno al mondo pu\u00f2 dire che Dio non possa parlare di nuovo\u2014nessun santo, nessun profeta, nessun messaggero, nemmeno l&#8217;Assemblea Angelica pu\u00f2 dire cosa far\u00e0 Dio in seguito. Dio agisce quando Dio vuole. Questo \u00e8 al di l\u00e0 della conoscenza umana e della comprensione umana.<\/p>\n<p>Affinch\u00e9 questi giorni siano santi, devi comprendere ci\u00f2 che Noi vi stiamo dicendo qui oggi, altrimenti la vostra osservanza sar\u00e0 superficiale. Servir\u00e0 solo a rafforzare le vostre idee e nozioni su voi stessi e sul mondo che vi circonda. Ma queste sono solo le vostre idee e quelle degli altri. Il santo impegno non ha ancora avuto luogo.<\/p>\n<p>Devi rinunciare alla tua comprensione per una maggiore comprensione. E in questi tempi di pratica e di osservanza, questo \u00e8 ci\u00f2 che devi fare, vedi.<\/p>\n<p>Qui non consegni la tua vita a Dio, perch\u00e9 Dio ha bisogno della tua intelligenza. Dio ha bisogno della tua esperienza terrena. Dio ha bisogno delle tue capacit\u00e0 qui sulla Terra per portare avanti il Grande Piano.<\/p>\n<p>Devi essere il capitano della tua nave, ma solo Dio sa dove sta andando, qual \u00e8 il suo vero carico e il significato del viaggio stesso.<\/p>\n<p>Qui non puoi abbandonare completamente la tua mente, perch\u00e9 la tua mente deve avere un consigliere superiore che la guidi, una relazione superiore che la unisca, un amore superiore che la guarisca, uno scopo superiore che le dia una direzione.<\/p>\n<p>Dovete ascoltare le parole di cui Noi parliamo, o la santit\u00e0 sar\u00e0 solo un&#8217;idea, un pensiero, una convinzione. Venererai persone, luoghi e cose invece della tua Fonte. Anche la grandiosit\u00e0 delle cerimonie religiose ti affasciner\u00e0, ma non \u00e8 ancora l&#8217;impegno sacro di cui parliamo oggi.<\/p>\n<p>I giorni sacri che vengono commemorati in memoria dei grandi Profeti e Messaggeri sono un&#8217;opportunit\u00e0 per voi di sperimentare questo, una tregua dalla vostra vita sociale, dalla vostra vita secolare; un&#8217;opportunit\u00e0 per impegnarvi in una relazione pi\u00f9 profonda con la Fonte della vostra vita e con coloro che vi hanno mandato nel mondo, che vegliano su di voi anche adesso.<\/p>\n<p>Tutto questo \u00e8 misterioso. Non puoi capirlo. Ma devi imparare a partecipare a ci\u00f2 che non puoi capire, altrimenti la tua mente rimarr\u00e0 piccola e governata dal mondo e dalle forze del mondo, dalle persuasioni del mondo, dall&#8217;angoscia e dalla rabbia del mondo, dall&#8217;oppressione e dalla corruzione del mondo.<\/p>\n<p>Questo \u00e8 ci\u00f2 che ha dovuto fare Ges\u00f9. Questo \u00e8 ci\u00f2 che ha dovuto fare Muhammad. Questo \u00e8 ci\u00f2 che ha dovuto fare il Buddha, permettere che la loro comprensione venisse eclissata\u2014non da una fede pi\u00f9 grande, ma da una direzione pi\u00f9 grande\u2014per essere guidati al di l\u00e0 della loro comprensione al servizio del mondo che non potevano nemmeno vedere o capire, al servizio del futuro, che era ben al di l\u00e0 della loro esperienza attuale in quel momento.<\/p>\n<p>Puoi lodarli, ma l&#8217;impegno \u00e8 davanti a te. Non sei alla loro altezza, ma devi imparare dal loro esempio. Devi praticare ci\u00f2 che hanno praticato loro, forse in misura minore all&#8217;inizio, ma comunque l&#8217;impegno \u00e8 l\u00ec che ti aspetta.<\/p>\n<p>Dio \u00e8 con te, ma tu stai guardando dall&#8217;altra parte, con la mente presa dal mondo\u2014i tuoi progetti, le tue paure, i tuoi giudizi, i tuoi ricordi ossessionanti, i tuoi scoraggiamenti, le tue oppressioni, la tua vita sovraccarica di lavoro, la tua vita senza uno scopo superiore che la guidi.<\/p>\n<p>Per essere un vero seguace di uno dei grandi Messaggeri, devi prepararti alla tua rivelazione personale, che \u00e8 ci\u00f2 di cui parliamo oggi. Non \u00e8 una cosa grandiosa, ma sar\u00e0 l&#8217;esperienza pi\u00f9 importante della tua vita e ti fornir\u00e0 tutto ci\u00f2 che cerchi all&#8217;esterno ma che non riesci a trovare.<\/p>\n<p>La realizzazione, il significato, l&#8217;incoraggiamento e la forza devono provenire da questo impegno, altrimenti sarai un prigioniero del mondo e nulla di pi\u00f9. Non importa quanto grandi siano le tue convinzioni, anche se sei il capo della chiesa o della moschea; anche se sei un grande oratore religioso, cos\u00ec eloquente con le parole, sarai comunque un prigioniero qui\u2014non ancora liberato, non ancora veramente guidato, non ancora veramente ispirato.<\/p>\n<p>Non pensare che ci\u00f2 che Noi ti stiamo dicendo sia al di l\u00e0 di te o che sia un compito troppo grande, o troppo opprimente o troppo confuso da considerare, perch\u00e9 il tuo cuore risponder\u00e0 se sarai abbastanza libero di rispondere. Sei stato creato per questo. Non sei stato creato per essere uno schiavo del mondo, uno schiavo della povert\u00e0 o della ricchezza, o uno schiavo solo degli obblighi familiari.<\/p>\n<p>Sei stato creato per uno scopo pi\u00f9 grande. Anche se la sua espressione sar\u00e0 semplice e umile nel mondo, si tratta di uno scopo superiore per via della sua Fonte, per via di ci\u00f2 che serve, che \u00e8 al di l\u00e0 della comprensione umana perch\u00e9 non serve solo a tutti coloro che ti circondano e che conosci, ma al mondo intero come parte del Grande Piano di Dio.<\/p>\n<p>Questa \u00e8 la benedizione che Noi vi portiamo oggi\u2014un invito, un incoraggiamento, con rispetto, valorizzando la vostra vita come facciamo Noi. Ti stiamo dando un percorso chiaro attraverso il labirinto e la giungla della comprensione e della confusione umana.<\/p>\n<p>Ti stiamo offrendo una via d&#8217;uscita da una situazione disperata verso una vita pi\u00f9 grande, pi\u00f9 grande non solo in termini di circostanze, ma anche in termini di esperienza\u2014la tua capacit\u00e0 di apprezzare ogni piccola cosa meravigliosa, la tua capacit\u00e0 di essere felice nel momento, la tua capacit\u00e0 di vedere le persone con misericordia invece che con condanna, la tua capacit\u00e0 di vedere la tua vita come un&#8217;opportunit\u00e0 continua di entrare in contatto con la tua Fonte e di prepararti per la missione e lo scopo pi\u00f9 grandi per cui sei venuto e che rappresentano l&#8217;unico vero significato del tuo essere qui.<\/p>\n<p>Lascia che questi santi giorni siano un richiamo, quindi, un&#8217;opportunit\u00e0 per vedere oltre la tua prospettiva attuale, un&#8217;opportunit\u00e0 per aprirti alla Grazia\u2014senza petizioni, senza cercare dispense, senza cercare di usare Dio come una sorta di servo personale, perch\u00e9 questo \u00e8 arrogante e sciocco e non avr\u00e0 mai un buon risultato.<\/p>\n<p>Tu vieni per dare te stesso, per offrire te stesso, e per questo Dio ti d\u00e0 una pratica, un modo per prepararti, perch\u00e9 hai bisogno di prepararti. Non puoi andare da nessuna parte senza questo. E la tua volont\u00e0 di prepararti, giorno dopo giorno, a prescindere dalle tue esperienze quotidiane, \u00e8 la tua risposta a Dio. \u00c8 il modo in cui commemori la tua relazione costruendo la tua parte del ponte verso la tua Fonte.<\/p>\n<p>Questo \u00e8 il tuo lavoro da fare. Pregare e credere \u00e8 solo una parte dell&#8217;equazione. Devi costruire il ponte, seguendo il percorso che Dio ti ha dato\u2014un percorso pi\u00f9 grande che \u00e8 davanti a te ora.<\/p>\n","protected":false},"excerpt":{"rendered":"<p>Oggi parleremo dei Giorni Santi in questo Giorno Santo, in cui si onora uno dei grandi Messaggeri inviati sulla Terra dall&#8217;Assemblea Angelica. Anche se questa non \u00e8 la data esatta della sua nascita, \u00e8 celebrata qui.<\/p>\n<p>I Giorni Santi rappresentano un ricordo della tua Fonte, della tua origine e del tuo destino e, se praticato veramente, un ricordo dello scopo superiore, anche se non puoi ancora definirlo, che ti ha portato nel mondo.<\/p>\n<p>Sei qui per uno scopo, il che significa che hai un destino nell&#8217;essere al mondo\u2014un destino che va oltre i tuoi pensieri, i tuoi piani e i tuoi obiettivi, in attesa del momento in cui sarai pronto per iniziare a prepararti.<\/p>\n<p>Ci\u00f2 che rende santi i giorni \u00e8 il ricordo, il volgere la mente verso il Cielo e verso ci\u00f2 che il Cielo ha posto dentro di te per seguirlo, La Conoscenza pi\u00f9 profonda molto al di sotto della superficie della mente.<\/p>\n","protected":false},"author":62,"featured_media":0,"parent":29209,"menu_order":13,"comment_status":"closed","ping_status":"closed","template":"template-leftsidebar.php","meta":{"_monsterinsights_skip_tracking":false,"_monsterinsights_sitenote_active":false,"_monsterinsights_sitenote_note":"","_monsterinsights_sitenote_category":0,"footnotes":""},"categories":[76,1164],"tags":[749,740,745,750,1261,743,748,741,746,744,747,1260,742],"_links":{"self":[{"href":"https:\/\/www.v6.newmessage.org\/it\/wp-json\/wp\/v2\/pages\/29494"}],"collection":[{"href":"https:\/\/www.v6.newmessage.org\/it\/wp-json\/wp\/v2\/pages"}],"about":[{"href":"https:\/\/www.v6.newmessage.org\/it\/wp-json\/wp\/v2\/types\/page"}],"author":[{"embeddable":true,"href":"https:\/\/www.v6.newmessage.org\/it\/wp-json\/wp\/v2\/users\/62"}],"replies":[{"embeddable":true,"href":"https:\/\/www.v6.newmessage.org\/it\/wp-json\/wp\/v2\/comments?post=29494"}],"version-history":[{"count":1,"href":"https:\/\/www.v6.newmessage.org\/it\/wp-json\/wp\/v2\/pages\/29494\/revisions"}],"predecessor-version":[{"id":29496,"href":"https:\/\/www.v6.newmessage.org\/it\/wp-json\/wp\/v2\/pages\/29494\/revisions\/29496"}],"up":[{"embeddable":true,"href":"https:\/\/www.v6.newmessage.org\/it\/wp-json\/wp\/v2\/pages\/29209"}],"wp:attachment":[{"href":"https:\/\/www.v6.newmessage.org\/it\/wp-json\/wp\/v2\/media?parent=29494"}],"wp:term":[{"taxonomy":"category","embeddable":true,"href":"https:\/\/www.v6.newmessage.org\/it\/wp-json\/wp\/v2\/categories?post=29494"},{"taxonomy":"post_tag","embeddable":true,"href":"https:\/\/www.v6.newmessage.org\/it\/wp-json\/wp\/v2\/tags?post=29494"}],"curies":[{"name":"wp","href":"https:\/\/api.w.org\/{rel}","templated":true}]}}