{"id":29456,"date":"2023-07-02T02:05:29","date_gmt":"2023-07-02T02:05:29","guid":{"rendered":"https:\/\/www.newmessage.org\/it\/?page_id=29456"},"modified":"2023-07-02T02:08:14","modified_gmt":"2023-07-02T02:08:14","slug":"la-grande-soglia","status":"publish","type":"page","link":"https:\/\/www.v6.newmessage.org\/it\/il-messaggio\/volume-1\/il-tempo-della-rivelazione\/la-grande-soglia","title":{"rendered":"La Grande Soglia"},"content":{"rendered":"<div><!-- Master Archive version 4.1--><\/div>\n<div class=\"tabgroup \"><ul class=\"tabs\"><li><a href=\"#tabs-1\">Informazioni<\/a><\/li>\n<li><a href=\"#tabs-2\">Nota<\/a><\/li><\/ul>\n <div id=\"tabs-1\"><\/p>\n<p><em>Come rivelato a<br \/>\nMarshall Vian Summers<br \/>\nil 10 Febbraio 2011<br \/>\na Seattle, Washington<br \/>\n<\/em><\/p>\n<div class=\"toggle toggle-white\"><h4 class=\"trigger \"><span class=\"t_ico\"><\/span><a href=\"#\">Note riguardo a questa pubblicazione<\/a><\/h4><div class=\"toggle_container \"><br \/>\n<p>Quello che state leggendo in questo testo \u00e8 la trascrizione della voce originale della Assemblea Angelica cos\u00ec come ha parlato tramite il Messaggero Marshall Vian Summers.<\/p>\n<p>Qua, la comunicazione originale di Dio, che esiste al di l\u00e0 delle parole, \u00e8 tradotta nel linguaggio e nella comprensione umana dall\u2019Assemblea Angelica che veglia sul mondo. Poi l\u2019Assemblea consegna il Messaggio di Dio tramite il Messaggero, dopo di che, la comunicazione \u00e8 trascritta e resa disponibile a voi e a tutto il mondo.<\/p>\n<p>In questo notevole processo, la Voce della Rivelazione sta parlando di nuovo. La Parola e il suono della Voce sono nel mondo. Possiate voi essere i destinatari di questo dono di Rivelazione e possiate essere aperti a ricevere il suo Messaggio unico per voi e per la vostra vita.<\/p>\n<br \/>\n<\/div><\/div>\n<p><\/div>\n<div id=\"tabs-2\"><br \/>\n<em>Nota per il Lettore:<br \/>\nQuesta traduzione \u00e8 stata fornita a The Society da uno studente del Nuovo Messaggio che si \u00e8 offerto volontario per tradurre il testo originale in Inglese. Noi rendiamo questa traduzione disponibile al mondo in questa forma iniziale affinch\u00e9 le persone abbiano la possibilit\u00e0 di interagire con una porzione del Nuovo Messaggio nella propria lingua.<\/em><br \/>\n<\/div>\n\t\t\t\t<div align=\"right\">\n\t\t\t<div class=\"fb-like\" data-href=\"\" data-layout=\"button_count\" data-action=\"like\" data-show-faces=\"false\" data-share=\"false\"><\/div>\n\t\t\t<div class=\"fb-share-button\" data-layout=\"button_count\"> <\/div>\n\t\t\t<div class=\"fb_iframe_widget\"><a href=\"https:\/\/twitter.com\/godsnewmessage?ref_src=twsrc%5Etfw\" class=\"twitter-follow-button\" data-show-count=\"false\">Follow @godsnewmessage<\/a><script async src=\"https:\/\/platform.twitter.com\/widgets.js\" charset=\"utf-8\"><\/script><\/div>\n\t\t\t<\/div> <\/div> \n<br \/>\nQuesto \u00e8 un tempo in cui le persone devono cominciare a riconoscere che una Nuova Rivelazione \u00e8 nel mondo, una Rivelazione dal Creatore di tutta la vita. \u00c8 una Rivelazione che \u00e8 stata data perch\u00e9 l&#8217;umanit\u00e0 sta affrontando un grande cambiamento nel mondo e anche i pericoli e le opportunit\u00e0 di incontrare vita intelligente nell&#8217;universo.<\/p>\n<p>\u00c8 una grande soglia in cui il futuro dell&#8217;umanit\u00e0 sar\u00e0 determinato, si vedr\u00e0 se quel futuro sar\u00e0 grandioso o disastroso. Questo \u00e8 il grande punto di svolta, vedete. Non \u00e8 semplicemente la vita di sempre. Non \u00e8 solo una continuazione del passato. \u00c8 una soglia. \u00c8 una soglia nella tua vita. \u00c8 una soglia nel tuo mondo. \u00c8 una soglia che influenzer\u00e0 tutto ci\u00f2 che apprezzi e tutto ci\u00f2 che ti \u00e8 caro.<\/p>\n<p>Puoi sentirlo nella tua natura pi\u00f9 profonda\u2014la preoccupazione, l\u2019ansia, l\u2019inquietudine. Forse cerchi di fuggire da queste cose. Forse te le farai passare con spiegazioni che ti darai. Ma sono reali e sono un segno dentro di te che stai vivendo un grande punto di svolta, una grande soglia.<\/p>\n<p>\u00c8 durante questo punto di svolta, in cui si determiner\u00e0 il futuro dell&#8217;umanit\u00e0 e dove si stabilir\u00e0 lo scenario\u2014o dalla saggezza dell&#8217;umanit\u00e0 o dalla sua ignoranza e arroganza\u2014che la Rivelazione di Dio \u00e8 arrivata nel mondo.<\/p>\n<p>Si tratta di una Rivelazione diversa da qualsiasi altra che il Creatore di tutta la vita abbia mai fornito qui. Pur onorando le grandi Rivelazioni del passato, fornisce cose che l&#8217;umanit\u00e0 non ha mai visto o sentito prima.<\/p>\n<p>Un Messaggero \u00e8 stato inviato qui per ricevere questo Messaggio e per portarlo nel mondo al meglio delle sue capacit\u00e0. \u00c8 un uomo umile, un uomo senza posizione nel mondo. \u00c8 un uomo a cui si sono uniti alcuni individui coraggiosi che lo hanno aiutato a portare questa grande Rivelazione. \u00c8 cos\u00ec grande, infatti, che riceverla ha occupato la maggior parte della sua vita adulta.<\/p>\n<p>Le persone che incontrano questo per la prima volta sono sopraffatte dall&#8217;immensit\u00e0 di questa Rivelazione, dalla profondit\u00e0 del suo Insegnamento e dalla portata della sua enfasi. Fornisce soluzioni a problemi che l&#8217;umanit\u00e0 non ha ancora riconosciuto. Si rivolge a ci\u00f2 che state affrontando oggi, che affronterete domani e che affronterete tra cinquant&#8217;anni e tra cent\u2019anni.<\/p>\n<p>Questa \u00e8 la soglia, vedete. La vita ha grandi soglie. La tua vita individuale ha soglie importanti. Poi ci sono soglie per tutta l&#8217;umanit\u00e0 che hanno a che fare con l&#8217;evoluzione e il destino dell&#8217;umanit\u00e0 all&#8217;interno di un&#8217;arena pi\u00f9 ampia di vita nell&#8217;universo, un destino che \u00e8 al di l\u00e0 del regno della preoccupazione o della consapevolezza della maggior parte delle persone.<\/p>\n<p>La tua capacit\u00e0 di riconoscere la Rivelazione sar\u00e0 determinata da quanto profondamente puoi sperimentare la tua natura e dall&#8217;onest\u00e0 che porti nella tua autoindagine e a ci\u00f2 che dirai a te stesso. Questo \u00e8 in realt\u00e0 pi\u00f9 un commento sul destinatario che sul Messaggio stesso, perch\u00e9 il Messaggio \u00e8 puro. Non \u00e8 stato corrotto. \u00c8 indenne. \u00c8 l&#8217;originale, l&#8217;Insegnamento puro.<\/p>\n<p>Non \u00e8 semplicemente spiegato da persone secoli dopo, formulato in un insegnamento religioso, in una pratica e una teologia. \u00c8 vivo. \u00c8 organico. \u00c8 nel mondo di oggi\u2014in attesa di essere scoperto, in attesa di essere ricevuto, in attesa di essere applicato e vissuto.<\/p>\n<p>Forse non ti rendi conto di quanto sei fortunato a vivere in un momento di Rivelazione. Forse non riconosci la grande provvidenza di essere consapevole che c&#8217;\u00e8 una tale Rivelazione davanti a te, di essere tra i primi a scoprirla, a sperimentare la sua grazia e potenza e a ricevere la sua saggezza e guida.<\/p>\n<p>Molte persone la negheranno, ovviamente. La negheranno non perch\u00e9 si rendono conto che \u00e8 falsa, ma perch\u00e9 ne hanno paura\u2014paura di ci\u00f2 che potrebbe rivelare, paura che potrebbero dover riconsiderare le loro convinzioni, le loro opinioni e attivit\u00e0, paura che potrebbero dover rivalutare le loro vite o riconsiderare l&#8217;intera nozione di Dio e destino, scopo e significato.<\/p>\n<p>Molte persone sono troppo pigre per considerare queste cose, quindi rifiuteranno la Nuova Rivelazione, senza nemmeno guardarla, senza nemmeno rispondere. Senza nemmeno riceverla, la rifiuteranno.<\/p>\n<p>Ma anche cos\u00ec, la Rivelazione deve essere data, perch\u00e9 questo \u00e8 il tempo della Rivelazione, e il bisogno \u00e8 schiacciante per la Rivelazione, perch\u00e9 l&#8217;umanit\u00e0 non ha molto tempo per prepararsi e per determinare quale tipo di futuro avr\u00e0.<\/p>\n<p>Se la Rivelazione non venisse data e non venisse presentata al mondo, allora il futuro dell&#8217;umanit\u00e0 sarebbe disastroso, e il risultato sarebbe prevedibile\u2014l&#8217;umanit\u00e0 e la civilt\u00e0 umana inizieranno a vacillare e collassare, portando a immense sofferenze e perdite di vite umane.<\/p>\n<p>Grandi civilt\u00e0 hanno fallito prima, e tale fallimento \u00e8 un rischio reale. Ecco perch\u00e9 Dio sta fornendo un Nuovo Messaggio per l&#8217;umanit\u00e0.<\/p>\n<p>Puoi mettere in discussione il Messaggero. Puoi cercare di trovare dei difetti in lui. Egli \u00e8 fallibile. \u00c8 un essere umano. Ha vissuto una vita normale nella prima parte della sua vita. Ha commesso degli errori. Non pretende di essere perfetto. Ma i Messaggeri non sono mai perfetti. Hanno tutti seguito un percorso molto simile e le loro Rivelazioni sono state cos\u00ec spesso alterate o modificate nel corso del tempo, o addirittura perse all&#8217;inizio, che \u00e8 difficile per le persone sapere cosa hanno effettivamente detto, cosa hanno effettivamente fatto ed \u00e8 difficile ricevere una registrazione o una trascrizione delle loro parole e un resoconto onesto delle loro azioni e dei loro compimenti.<\/p>\n<p>Ecco perch\u00e9 la Nuova Rivelazione viene data nella sua forma pura, in modo che le persone possano ascoltare, vedere e sentire da sole, senza che venga tradotta secoli dopo da qualcuno che non era presente all&#8217;inizio.<\/p>\n<p>Questo \u00e8 necessario ora, perch\u00e9 l&#8217;umanit\u00e0 non ha molto tempo. Non avete decenni per considerare queste cose, perch\u00e9 avete messo in moto un cambiamento nel mondo che accelerer\u00e0 e sar\u00e0 al di l\u00e0 del vostro controllo e che oggi \u00e8 gi\u00e0 al di l\u00e0 del vostro controllo.<\/p>\n<p>Questo \u00e8 il momento cruciale in cui vivi. Non ti rendi conto di quale grande svolta sia. Non ti rendi conto del significato della tua vita in questo momento o del senso della tua esistenza qui perch\u00e9 pensi a questo solo in termini di desideri e paure. Ma visto da un punto di vista superiore, sei qui per vivere in un momento di decisione, un momento di riconoscimento, un momento di impegno attivo nel mondo, un momento di Rivelazione,<\/p>\n<p>Questo \u00e8 il tuo destino. Questa \u00e8 la chiamata. Non ti rendi ancora conto di ci\u00f2 che \u00e8 davanti a te e di ci\u00f2 che \u00e8 dentro di te, di ci\u00f2 che il mondo richieder\u00e0 da te e di ci\u00f2 che il mondo dovr\u00e0 affrontare.<\/p>\n<p>Ecco perch\u00e9 il Nuovo Messaggio \u00e8 qui, perch\u00e9 fornisce ci\u00f2 che l&#8217;umanit\u00e0 non pu\u00f2 procurarsi da sola. Rivela che l&#8217;umanit\u00e0 non pu\u00f2 vedere e sapere da sola. Fornisce una preparazione per ogni persona, con cui compiere i passi verso un&#8217;Intelligenza superiore dentro di loro, un&#8217;intelligenza chiamata Conoscenza.<\/p>\n<p>Gli sciocchi rideranno, scherniranno e ridicolizzeranno perch\u00e9 hanno paura. Il saggio risponder\u00e0. Gli onesti risponderanno. I sinceri risponderanno perch\u00e9 sono onesti, saggi e sinceri.<\/p>\n<p>Dovete ascoltare il vostro cuore nell&#8217;essere con il Nuovo Messaggio. Non sar\u00e0 conforme alle vostre idee o credenze. Non convalider\u00e0 le vostre religioni perch\u00e9 viene da Dio, e Dio non \u00e8 legato a queste cose. La Rivelazione di Dio non \u00e8 un prodotto di un conseguimento umano, del fallimento umano o dell&#8217;immaginazione umana. Questo \u00e8 ci\u00f2 che la rende pura e potente. Questo \u00e8 ci\u00f2 che rende la sua Rivelazione forte e duratura. Questo \u00e8 ci\u00f2 che gli permette di parlare lungo gli Antichi Corridoi della tua mente in un luogo pi\u00f9 profondo e sacro dentro di te, un luogo che \u00e8 raramente visitato e poco conosciuto.<\/p>\n<p>Questo \u00e8 ci\u00f2 che il Nuovo Messaggio ti rivela. Rivela i segreti pi\u00f9 profondi della tua anima. Rivela la tua natura pi\u00f9 profonda a livello della Conoscenza. Rivela ci\u00f2 che sta arrivando nel mondo, e rivela ci\u00f2 che l&#8217;umanit\u00e0 dovr\u00e0 affrontare mentre si trova sulla soglia di una Comunit\u00e0 Pi\u00f9 Grande di vita nell&#8217;universo. Risponder\u00e0 a domande che forse non hai mai fatto e aprir\u00e0 la porta a una Nuova Rivelazione che verr\u00e0 a te.<\/p>\n<p>Questa \u00e8 la soglia. Non si ripeter\u00e0 per molto tempo, perch\u00e9 le soglie sono rare. Sono grandi punti di svolta nell&#8217;evoluzione di una razza, di un mondo.<\/p>\n<p>Conoscere questo e vedere questo \u00e8 rispondere ai grandi eventi del vostro tempo e alle grandi opportunit\u00e0 e contributi del vostro tempo. Il mondo \u00e8 sempre pi\u00f9 scuro ogni giorno che passa, e con ogni giorno che passa, si hanno sempre meno risposte.<\/p>\n<p>Sii onesto su questo. Accetta questo. Perch\u00e9 non hai una risposta per il mondo, e se sei onesto, ti stai rendendo conto che l&#8217;umanit\u00e0 \u00e8 in grave pericolo\u2014dal crollo all&#8217;interno e dalla competizione all&#8217;esterno, minacciando tutto ci\u00f2 che apprezzi e tutto ci\u00f2 che dai per scontato che sar\u00e0 l\u00ec per te in futuro.<\/p>\n<p>\u00c8 un periodo spaventoso, ma \u00e8 un momento serio. \u00c8 un tempo di Rivelazione. \u00c8 un tempo in cui i piaceri normali, le fughe semplici e le fantasie della vita possono tradirti, perch\u00e9 c&#8217;\u00e8 una chiamata pi\u00f9 grande. C&#8217;\u00e8 una grande soglia.<\/p>\n<p>Questo \u00e8 il momento. Non \u00e8 tra qualche anno. Non \u00e8 quando vuoi tu, perch\u00e9 non vieni a Dio secondo le tue condizioni. Vieni a Dio alle condizioni di Dio. Non diventi saggio secondo le tue condizioni. Diventi saggio secondo le condizioni che la saggezza stessa prescrive. Non diventi potente perch\u00e9 vuoi semplicemente esserlo. Diventi potente scegliendo una voce superiore all&#8217;interno di te stesso e rimanendo con un potere superiore che risiede nel profondo di te, al di l\u00e0 del regno e della portata dell&#8217;intelletto.<\/p>\n<p>Questa \u00e8 la grande soglia. Sentirai che la tua vita si sta muovendo verso qualcosa di importante, che \u00e8 per qualcosa di importante e che \u00e8 sempre stata destinata a qualcosa di importante. Se questa \u00e8 la tua esperienza, stai gi\u00e0 sperimentando la soglia e la Rivelazione.<\/p>\n<p>Lascia che questa Rivelazione illumini la tua vita e parli nel profondo della tua anima, perch\u00e9 solo Dio pu\u00f2 parlare l\u00ec. La persona pi\u00f9 intelligente, la persona pi\u00f9 eloquente, non pu\u00f2 raggiungere questa profondit\u00e0 a meno che Dio non l&#8217;abbia ispirata.<\/p>\n<p>La Rivelazione \u00e8 ora nel mondo. Il Messaggero ha impiegato 25 anni per riceverla. \u00c8 cos\u00ec vasta. \u00c8 il Messaggio pi\u00f9 grande e completo che sia mai stato dato all&#8217;umanit\u00e0 perch\u00e9 il mondo ha bisogno di sapere. Le persone compassionevoli di tutto il mondo hanno bisogno di sapere. E le persone che sentono la grande pressione di questo tempo hanno bisogno di sapere.<\/p>\n<p>Nessuno pu\u00f2 rispondere alle loro domande. Nessun governo, nessun leader, nessuna persona entusiasta, nessun grande artista pu\u00f2 rispondere a queste domande. Le risposte devono essere date a un livello pi\u00f9 profondo da un Potere Superiore. E questo \u00e8 ci\u00f2 che il Nuovo Messaggio \u00e8 qui per fare.<\/p>\n<p>\u00c8 necessario che l&#8217;umanit\u00e0 abbia chiarezza ora. Non pu\u00f2 perdersi nella fantasia o nella confusione se vuole prendere le decisioni che garantiranno il suo futuro e daranno un destino superiore alla famiglia umana.<\/p>\n<p>Questo richieder\u00e0 la tua partecipazione. Per questo sono necessari il tuo cuore e il tuo spirito. \u00c8 per questo che sei venuto. Non puoi creare veramente la tua vita, perch\u00e9 \u00e8 destinata a qualcosa che sar\u00e0 il prodotto di ci\u00f2 che tutti creano. Sar\u00e0 il mondo a chiamarti fuori, perch\u00e9 non puoi evocare la tua grandezza da solo.<\/p>\n<p>Questa \u00e8 la soglia, la grande soglia, in cui hai la possibilit\u00e0 di scoprire lo scopo e la direzione superiore della tua vita, non perch\u00e9 ti viene detto, ma perch\u00e9 ti sono stati dati i mezzi per scoprirlo e sperimentarlo.<\/p>\n<p>Lascia che la grande soglia rimodelli la tua vita e le dia il significato che non potresti mai darle tu stesso. Lascia che ti porti nel mondo con gli occhi limpidi. Lascia che ti liberi dalla manipolazione e dall&#8217;oppressione. Lascia che ti liberi dalle catene e dalle manette che ti trattengono e che opprimono la tua mente e la tua vita. Lascia che ti riveli che hai un destino pi\u00f9 grande in concerto con gli altri e che hai veri doni da dare a un mondo bisognoso, che deve essere guidato dal Potere Superiore dentro di te.<\/p>\n<p>Questa \u00e8 la grande soglia. Questo \u00e8 il motivo per cui Dio ha inviato un Nuovo Messaggio nel mondo, un Messaggio pi\u00f9 completo, pi\u00f9 comprensivo, di tutto ci\u00f2 che \u00e8 mai stato dato alla famiglia umana prima.<\/p>\n<p>Questo \u00e8 il dono e il tempo. Questa \u00e8 la grande soglia.<\/p>\n","protected":false},"excerpt":{"rendered":"<p>\u00c8 un tempo in cui le persone devono cominciare a riconoscere che una Nuova Rivelazione \u00e8 nel mondo, una Rivelazione dal Creatore di tutta la vita. \u00c8 una Rivelazione che \u00e8 stata data perch\u00e9 l&#8217;umanit\u00e0 sta affrontando un grande cambiamento nel mondo e anche i pericoli e le opportunit\u00e0 di incontrare vita intelligente nell&#8217;universo.<\/p>\n<p>\u00c8 una grande soglia in cui il futuro dell&#8217;umanit\u00e0 sar\u00e0 determinato, si vedr\u00e0 se quel futuro sar\u00e0 grandioso o disastroso. Questo \u00e8 il grande punto di svolta, vedete. Non \u00e8 semplicemente la vita di sempre. Non \u00e8 solo una continuazione del passato. \u00c8 una soglia. \u00c8 una soglia nella tua vita. \u00c8 una soglia nel tuo mondo. \u00c8 una soglia che influenzer\u00e0 tutto ci\u00f2 che apprezzi e tutto ci\u00f2 che ti \u00e8 caro.<\/p>\n<p>Puoi sentirlo nella tua natura pi\u00f9 profonda\u2014la preoccupazione, l\u2019ansia, l\u2019inquietudine. Forse cerchi di fuggire da queste cose. Forse te le farai passare con spiegazioni che ti darai. Ma sono reali e sono un segno dentro di te che stai vivendo un grande punto di svolta, una grande soglia.<\/p>\n<p>\u00c8 durante questo punto di svolta, in cui si determiner\u00e0 il futuro dell&#8217;umanit\u00e0 e dove si stabilir\u00e0 lo scenario\u2014o dalla saggezza dell&#8217;umanit\u00e0 o dalla sua ignoranza e arroganza\u2014che la Rivelazione di Dio \u00e8 arrivata nel mondo.<\/p>\n<p>Si tratta di una Rivelazione diversa da qualsiasi altra che il Creatore di tutta la vita abbia mai fornito qui. Pur onorando le grandi Rivelazioni del passato, fornisce cose che l&#8217;umanit\u00e0 non ha mai visto o sentito prima.<\/p>\n","protected":false},"author":62,"featured_media":0,"parent":29172,"menu_order":2,"comment_status":"closed","ping_status":"closed","template":"template-leftsidebar.php","meta":{"_monsterinsights_skip_tracking":false,"_monsterinsights_sitenote_active":false,"_monsterinsights_sitenote_note":"","_monsterinsights_sitenote_category":0,"footnotes":""},"categories":[76,30,1136,460],"tags":[749,740,751,745,752,750,1138,1135,1242,743,748,741,746,744,747,1243,1137,742],"_links":{"self":[{"href":"https:\/\/www.v6.newmessage.org\/it\/wp-json\/wp\/v2\/pages\/29456"}],"collection":[{"href":"https:\/\/www.v6.newmessage.org\/it\/wp-json\/wp\/v2\/pages"}],"about":[{"href":"https:\/\/www.v6.newmessage.org\/it\/wp-json\/wp\/v2\/types\/page"}],"author":[{"embeddable":true,"href":"https:\/\/www.v6.newmessage.org\/it\/wp-json\/wp\/v2\/users\/62"}],"replies":[{"embeddable":true,"href":"https:\/\/www.v6.newmessage.org\/it\/wp-json\/wp\/v2\/comments?post=29456"}],"version-history":[{"count":2,"href":"https:\/\/www.v6.newmessage.org\/it\/wp-json\/wp\/v2\/pages\/29456\/revisions"}],"predecessor-version":[{"id":29459,"href":"https:\/\/www.v6.newmessage.org\/it\/wp-json\/wp\/v2\/pages\/29456\/revisions\/29459"}],"up":[{"embeddable":true,"href":"https:\/\/www.v6.newmessage.org\/it\/wp-json\/wp\/v2\/pages\/29172"}],"wp:attachment":[{"href":"https:\/\/www.v6.newmessage.org\/it\/wp-json\/wp\/v2\/media?parent=29456"}],"wp:term":[{"taxonomy":"category","embeddable":true,"href":"https:\/\/www.v6.newmessage.org\/it\/wp-json\/wp\/v2\/categories?post=29456"},{"taxonomy":"post_tag","embeddable":true,"href":"https:\/\/www.v6.newmessage.org\/it\/wp-json\/wp\/v2\/tags?post=29456"}],"curies":[{"name":"wp","href":"https:\/\/api.w.org\/{rel}","templated":true}]}}