{"id":29404,"date":"2023-04-11T23:59:18","date_gmt":"2023-04-11T23:59:18","guid":{"rendered":"https:\/\/www.newmessage.org\/it\/?page_id=29404"},"modified":"2024-01-02T05:35:53","modified_gmt":"2024-01-02T05:35:53","slug":"approfondire-la-propria-pratica-spirituale","status":"publish","type":"page","link":"https:\/\/www.v6.newmessage.org\/it\/il-messaggio\/volume-3\/approfondire-la-propria-pratica-spirituale","title":{"rendered":"Approfondire la Propria Pratica Spirituale"},"content":{"rendered":"<p>Nuovo Libro in Preparazione: Approfondire la Propria Pratica Spirituale<br \/>\n<img decoding=\"async\" class=\"alignright size-large wp-image-49750 imgborder\" src=\"https:\/\/www.newmessage.org\/wp-content\/uploads\/2020\/07\/DSP-Gray-Cover-399x600.png\" alt=\"Deepening you Spiritual Practice - temporary grey book front cover\" \/><em>Deepening Your Spiritual Practice<\/em> is a forthcoming book of Revelation.<\/p>\n<p><em>Deepening Your Spiritual Practice<\/em> is a book in <a href=\"\/the-message\/volume-3\">Volume 3<\/a> of The New Message from God.<\/p>\n<p>The book contain the original spoken Revelations received by the Messenger <a href=\"\/gods-messenger\/who-is-marshall-vian-summers\">Marshall Vian Summers<\/a>. The Messenger has been directed by the Source of the New Message to gather the revelations of the New Message into the sacred books and Volumes of God\u2019s New Message.<\/p>\n<p>&nbsp;<\/p>\n<p style=\"text-align: left;\"><div class=\"toggle toggle-white\"><h4 class=\"trigger \"><span class=\"t_ico\"><\/span><a href=\"#\">More about the volumes of the New Message from God<\/a><\/h4><div class=\"toggle_container \"><br \/>\n<div data-post-id='24520' class='insert-page insert-page-24520 '><p>Il Nuovo Messaggio da Dio in definitiva sar\u00e0 contenuto in sei volumi individuali. Ogni volume contiene due o pi\u00f9 libri e ogni libro \u00e8 organizzato in capitoli.<\/p>\n<p>Pertanto, la struttura futura del Nuovo Messaggio da Dio si potrebbe esprimere nel modo seguente:<\/p>\n<div id=\"attachment_24097\" style=\"width: 227px\" class=\"wp-caption alignright\"><a href=\"https:\/\/www.newmessage.org\/wp-content\/uploads\/2015\/08\/Volumes-Books-InfoGraphic.001.jpg\"><img loading=\"lazy\" decoding=\"async\" aria-describedby=\"caption-attachment-24097\" class=\"imgborder \" src=\"https:\/\/www.newmessage.org\/wp-content\/uploads\/2015\/08\/Volumes-Books-InfoGraphic.001.jpg\" alt=\"The New Message One Book\" width=\"217\" height=\"234\" \/><\/a><p id=\"caption-attachment-24097\" class=\"wp-caption-text\">Il Libro Unico del Nuovo Messaggio<\/p><\/div>\n<p><strong>Volume &gt; Libro &gt; Capitolo &gt; Verso.<br \/>\n<\/strong><\/p>\n<p>Il Nuovo Messaggio da Dio contiene la pi\u00f9 grande mole di Rivelazione mai data al mondo. Si rivolge a quasi tutti gli aspetti delle nostre vite, presentando delle nuove realt\u00e0 mai rivelate in precedenza. La Societ\u00e0 (\u201cThe Society for the New Message from God\u201d &#8211; La Societ\u00e0 per il Nuovo Messaggio da Dio) sta lavorando per rendere i libri del Nuovo Messaggio e le Rivelazioni parlate disponibili e accessibili al mondo.<\/p>\n<p>Attualmente, La Societ\u00e0 \u00e8 in grado di offrire un grande numero di registrazioni originali della Voce della Rivelazione. Qua siete invitati a sentire la potenza e il mistero della \u201cVoce\u201d proprio come parl\u00f2 in origine al Messaggero in stato di Rivelazione. Mai prima d\u2019ora era stato possibile udire la Voce originale della Rivelazione.<\/p>\n<p>La compilazione dell\u2019intero Nuovo Messaggio \u00e8 un lavoro che \u00e8 in corso, intrapreso in un lungo periodo di tempo. In aggiunta, la Rivelazione continua ad oggi con nuovi insegnamenti che sono dati ogni anno. Per questo motivo, la selezione degli insegnamenti di ogni libro potrebbe variare. Ne consegue che anche i titoli dei libri potrebbero cambiare per meglio rispecchiare la crescita di ogni libro. State vivendo in un tempo di Rivelazione e siete testimoni del processo di Rivelazione che si dispiega davanti a voi.<\/p>\n<p><strong>Libri Online<\/strong><\/p>\n<p>La Societ\u00e0 sta lavorando per rendere il Nuovo Messaggio disponibile al mondo gratuitamente online. Attualmente un certo numero di libri del Nuovo Messaggio sono disponibili gratuitamente presso www.newmessage.org dove potete esplorare la biblioteca di libri gratuiti online.<\/p>\n<p><strong>Pubblicazioni Future<\/strong><\/p>\n<p>La Societ\u00e0 continuer\u00e0 a mandare avanti la sua visione di pubblicare la totalit\u00e0 del Nuovo Messaggio da Dio, nei suoi libri e volumi, e forse un giorno come un unico libro, semplicemente chiamato: \u201cIl Nuovo Messaggio da Dio.\u201d Questa \u00e8 una impresa enorme per la quale La Societ\u00e0 ha bisogno del vostro contributo e della vostra partecipazione. Per favore considerate la possibilit\u00e0 di fare una donazione o di diventare un Pilastro del Nuovo Messaggio per supportare questa sacra causa. Vi ringraziamo per il vostro supporto<\/p>\n<\/div><br \/>\n<\/div><\/div>\n<div class=\"background-color-bridesmaid padding-20\">\n<h2 style=\"text-align: left;\"><span style=\"color: #525252;\">Indice dei Contenuti<\/span><\/h2>\n<p><a href=\"https:\/\/www.newmessage.org\/it\/il-messaggio\/volume-3\/approfondire-la-propria-pratica-spirituale\/la-voce-interiore\/\">La Voce Interiore<\/a><br \/>\n<a href=\"https:\/\/www.newmessage.org\/it\/il-messaggio\/volume-3\/approfondire-la-propria-pratica-spirituale\/la-mente-calma\/\">La Mente Calma<\/a><br \/>\n<a href=\"https:\/\/www.newmessage.org\/it\/il-messaggio\/volume-3\/approfondire-la-propria-pratica-spirituale\/il-ritiro-spirituale\/\">Il Ritiro Spirituale<\/a><br \/>\n<a href=\"https:\/\/www.newmessage.org\/it\/il-messaggio\/volume-3\/approfondire-la-propria-pratica-spirituale\/approfondire-la-propria-pratica-spirituale\">Approfondire la Propria Pratica Spirituale<\/a><br \/>\n<a href=\"https:\/\/www.newmessage.org\/it\/il-messaggio\/volume-3\/approfondire-la-propria-pratica-spirituale\/andare-sotto-la-superficie-della-mente\/\">Andare Sotto La Superficie Della Mente<\/a><\/p>\n<\/div>\n","protected":false},"excerpt":{"rendered":"<p>Nuovo Libro in Preparazione: Approfondire la Propria Pratica Spirituale Deepening Your Spiritual Practice is a forthcoming book of Revelation. Deepening Your Spiritual Practice is a book in Volume 3 of The New Message from God. The book contain the original spoken Revelations received by the Messenger Marshall Vian Summers. The Messenger has been directed by\u2026 <a class=\"read-more\" href=\"https:\/\/www.v6.newmessage.org\/it\/more-about-the-volumes\"><span>Read More<\/span><\/a><\/p>\n","protected":false},"author":62,"featured_media":0,"parent":16314,"menu_order":2,"comment_status":"closed","ping_status":"closed","template":"template-leftsidebar.php","meta":{"_monsterinsights_skip_tracking":false,"_monsterinsights_sitenote_active":false,"_monsterinsights_sitenote_note":"","_monsterinsights_sitenote_category":0,"footnotes":""},"categories":[1224,470],"tags":[878,749,740,745,750,727,741,746,744,747,1223,742],"_links":{"self":[{"href":"https:\/\/www.v6.newmessage.org\/it\/wp-json\/wp\/v2\/pages\/29404"}],"collection":[{"href":"https:\/\/www.v6.newmessage.org\/it\/wp-json\/wp\/v2\/pages"}],"about":[{"href":"https:\/\/www.v6.newmessage.org\/it\/wp-json\/wp\/v2\/types\/page"}],"author":[{"embeddable":true,"href":"https:\/\/www.v6.newmessage.org\/it\/wp-json\/wp\/v2\/users\/62"}],"replies":[{"embeddable":true,"href":"https:\/\/www.v6.newmessage.org\/it\/wp-json\/wp\/v2\/comments?post=29404"}],"version-history":[{"count":6,"href":"https:\/\/www.v6.newmessage.org\/it\/wp-json\/wp\/v2\/pages\/29404\/revisions"}],"predecessor-version":[{"id":29646,"href":"https:\/\/www.v6.newmessage.org\/it\/wp-json\/wp\/v2\/pages\/29404\/revisions\/29646"}],"up":[{"embeddable":true,"href":"https:\/\/www.v6.newmessage.org\/it\/wp-json\/wp\/v2\/pages\/16314"}],"wp:attachment":[{"href":"https:\/\/www.v6.newmessage.org\/it\/wp-json\/wp\/v2\/media?parent=29404"}],"wp:term":[{"taxonomy":"category","embeddable":true,"href":"https:\/\/www.v6.newmessage.org\/it\/wp-json\/wp\/v2\/categories?post=29404"},{"taxonomy":"post_tag","embeddable":true,"href":"https:\/\/www.v6.newmessage.org\/it\/wp-json\/wp\/v2\/tags?post=29404"}],"curies":[{"name":"wp","href":"https:\/\/api.w.org\/{rel}","templated":true}]}}