{"id":29379,"date":"2023-01-25T23:39:43","date_gmt":"2023-01-25T23:39:43","guid":{"rendered":"https:\/\/www.newmessage.org\/it\/?page_id=29379"},"modified":"2023-11-05T23:50:04","modified_gmt":"2023-11-05T23:50:04","slug":"costruire-la-fondazione-per-una-nuova-vita","status":"publish","type":"page","link":"https:\/\/www.v6.newmessage.org\/it\/il-messaggio\/volume-2\/costruire-la-fondazione-per-una-nuova-vita","title":{"rendered":"Costruire la Fondazione per una Nuova Vita"},"content":{"rendered":"<p><img loading=\"lazy\" decoding=\"async\" class=\"imgborder wp-image-53484 size-large alignright\" src=\"https:\/\/www.newmessage.org\/wp-content\/uploads\/2022\/03\/Vol-2-BTF-Grayscale-20220320-1-398x600.png\" alt=\"\" width=\"398\" height=\"600\" \/><em>Building the Foundation for a New Life<\/em> is an upcoming new book to be released by The Society for the New Message. The remainder of the book will be available soon. We will send an announcement to you by email as soon as this book is released, and will update this book web page to include all chapters.<\/p>\n<p>If you haven&#8217;t already subscribed to the New Message Mailing List and would like to receive news and updates about new releases, please do so by <a href=\"#anchor\">scrolling down<\/a> to the <strong>Signup to Mailing List<\/strong> on the left sidebar and enter your email address. Contents of this book may change at the time of publication.<\/p>\n<p><em>Building the Foundation for a New Life<\/em> is a book of <a title=\"Volume 2\" href=\"\/the-message\/volume-2\">Volume 2<\/a>\u00a0of the New Message from God.<\/p>\n<p>The current revelations selected for this book are not final and may change upon publication of the book.<\/p>\n<div style=\"color: #525252; line-height: 1.5;\"><div class=\"toggle toggle-white\"><h4 class=\"trigger \"><span class=\"t_ico\"><\/span><a href=\"#\">More about the volumes of the New Message from God<\/a><\/h4><div class=\"toggle_container \"><br \/>\n<div data-post-id='24520' class='insert-page insert-page-24520 '><p>Il Nuovo Messaggio da Dio in definitiva sar\u00e0 contenuto in sei volumi individuali. Ogni volume contiene due o pi\u00f9 libri e ogni libro \u00e8 organizzato in capitoli.<\/p>\n<p>Pertanto, la struttura futura del Nuovo Messaggio da Dio si potrebbe esprimere nel modo seguente:<\/p>\n<div id=\"attachment_24097\" style=\"width: 227px\" class=\"wp-caption alignright\"><a href=\"https:\/\/www.newmessage.org\/wp-content\/uploads\/2015\/08\/Volumes-Books-InfoGraphic.001.jpg\"><img loading=\"lazy\" decoding=\"async\" aria-describedby=\"caption-attachment-24097\" class=\"imgborder \" src=\"https:\/\/www.newmessage.org\/wp-content\/uploads\/2015\/08\/Volumes-Books-InfoGraphic.001.jpg\" alt=\"The New Message One Book\" width=\"217\" height=\"234\" \/><\/a><p id=\"caption-attachment-24097\" class=\"wp-caption-text\">Il Libro Unico del Nuovo Messaggio<\/p><\/div>\n<p><strong>Volume &gt; Libro &gt; Capitolo &gt; Verso.<br \/>\n<\/strong><\/p>\n<p>Il Nuovo Messaggio da Dio contiene la pi\u00f9 grande mole di Rivelazione mai data al mondo. Si rivolge a quasi tutti gli aspetti delle nostre vite, presentando delle nuove realt\u00e0 mai rivelate in precedenza. La Societ\u00e0 (\u201cThe Society for the New Message from God\u201d &#8211; La Societ\u00e0 per il Nuovo Messaggio da Dio) sta lavorando per rendere i libri del Nuovo Messaggio e le Rivelazioni parlate disponibili e accessibili al mondo.<\/p>\n<p>Attualmente, La Societ\u00e0 \u00e8 in grado di offrire un grande numero di registrazioni originali della Voce della Rivelazione. Qua siete invitati a sentire la potenza e il mistero della \u201cVoce\u201d proprio come parl\u00f2 in origine al Messaggero in stato di Rivelazione. Mai prima d\u2019ora era stato possibile udire la Voce originale della Rivelazione.<\/p>\n<p>La compilazione dell\u2019intero Nuovo Messaggio \u00e8 un lavoro che \u00e8 in corso, intrapreso in un lungo periodo di tempo. In aggiunta, la Rivelazione continua ad oggi con nuovi insegnamenti che sono dati ogni anno. Per questo motivo, la selezione degli insegnamenti di ogni libro potrebbe variare. Ne consegue che anche i titoli dei libri potrebbero cambiare per meglio rispecchiare la crescita di ogni libro. State vivendo in un tempo di Rivelazione e siete testimoni del processo di Rivelazione che si dispiega davanti a voi.<\/p>\n<p><strong>Libri Online<\/strong><\/p>\n<p>La Societ\u00e0 sta lavorando per rendere il Nuovo Messaggio disponibile al mondo gratuitamente online. Attualmente un certo numero di libri del Nuovo Messaggio sono disponibili gratuitamente presso www.newmessage.org dove potete esplorare la biblioteca di libri gratuiti online.<\/p>\n<p><strong>Pubblicazioni Future<\/strong><\/p>\n<p>La Societ\u00e0 continuer\u00e0 a mandare avanti la sua visione di pubblicare la totalit\u00e0 del Nuovo Messaggio da Dio, nei suoi libri e volumi, e forse un giorno come un unico libro, semplicemente chiamato: \u201cIl Nuovo Messaggio da Dio.\u201d Questa \u00e8 una impresa enorme per la quale La Societ\u00e0 ha bisogno del vostro contributo e della vostra partecipazione. Per favore considerate la possibilit\u00e0 di fare una donazione o di diventare un Pilastro del Nuovo Messaggio per supportare questa sacra causa. Vi ringraziamo per il vostro supporto<\/p>\n<\/div><\/div><\/div><\/div>\n<div class=\"background-color-bridesmaid padding-20\">\n<h2 style=\"text-align: left;\"><span style=\"color: #525252;\">Table of Contents<\/span><\/h2>\n<div style=\"line-height: 1.5;\">\n<p><a href=\"https:\/\/www.newmessage.org\/it\/il-messaggio\/volume-2\/costruire-la-fondazione-per-una-nuova-vita\/fiducia-in-se-stessi\/\">Fiducia In Se Stessi<\/a><\/p>\n<p><a href=\"https:\/\/www.newmessage.org\/it\/il-messaggio\/volume-2\/costruire-la-fondazione-per-una-nuova-vita\/capire-il-denaro-la-ricchezza-e-il-potere\/\">Capire il Denaro, la Ricchezza e il Potere<\/a><\/p>\n<p><a href=\"https:\/\/www.newmessage.org\/it\/il-messaggio\/volume-2\/costruire-la-fondazione-per-una-nuova-vita\/la-fede-il-lavoro-e-lo-scopo-superiore\/\">La Fede, Il Lavoro e Lo Scopo Superiore<\/a><\/p>\n<p><a href=\"https:\/\/www.newmessage.org\/it\/il-messaggio\/volume-2\/costruire-la-fondazione-per-una-nuova-vita\/influenze-dannose\/\">Influenze Dannose<\/a><\/p>\n<p><a href=\"https:\/\/www.newmessage.org\/it\/il-messaggio\/volume-2\/costruire-la-fondazione-per-una-nuova-vita\/malattia-e-guarigione\/\">Malattia e Guarigione<\/a><\/p>\n<p><a href=\"https:\/\/www.newmessage.org\/it\/il-messaggio\/volume-2\/costruire-la-fondazione-per-una-nuova-vita\/la-semplicita\/\">La Semplicit\u00e0<\/a><\/p>\n<p><a href=\"https:\/\/www.newmessage.org\/it\/il-messaggio\/volume-2\/costruire-la-fondazione-per-una-nuova-vita\/la-determinazione\/\">La Determinazione<\/a><\/p>\n<p><a href=\"https:\/\/www.newmessage.org\/it\/il-messaggio\/volume-2\/costruire-la-fondazione-per-una-nuova-vita\/la-nave\/\">La Nave<\/a><\/p>\n<p><a href=\"https:\/\/www.newmessage.org\/it\/il-messaggio\/volume-2\/costruire-la-fondazione-per-una-nuova-vita\/la-sofferenza\/\">La Sofferenza<\/a><\/p>\n<\/div>\n<\/div>\n","protected":false},"excerpt":{"rendered":"<p>Building the Foundation for a New Life is an upcoming new book to be released by The Society for the New Message. The remainder of the book will be available soon. We will send an announcement to you by email as soon as this book is released, and will update this book web page to\u2026 <a class=\"read-more\" href=\"https:\/\/www.v6.newmessage.org\/it\/more-about-the-volumes\"><span>Read More<\/span><\/a><\/p>\n","protected":false},"author":62,"featured_media":0,"parent":16312,"menu_order":1,"comment_status":"closed","ping_status":"closed","template":"template-leftsidebar.php","meta":{"_monsterinsights_skip_tracking":false,"_monsterinsights_sitenote_active":false,"_monsterinsights_sitenote_note":"","_monsterinsights_sitenote_category":0,"footnotes":""},"categories":[1215,467],"tags":[1057,749,1216,740,745,750,677,822,743,748,741,746,744,747,742,792],"_links":{"self":[{"href":"https:\/\/www.v6.newmessage.org\/it\/wp-json\/wp\/v2\/pages\/29379"}],"collection":[{"href":"https:\/\/www.v6.newmessage.org\/it\/wp-json\/wp\/v2\/pages"}],"about":[{"href":"https:\/\/www.v6.newmessage.org\/it\/wp-json\/wp\/v2\/types\/page"}],"author":[{"embeddable":true,"href":"https:\/\/www.v6.newmessage.org\/it\/wp-json\/wp\/v2\/users\/62"}],"replies":[{"embeddable":true,"href":"https:\/\/www.v6.newmessage.org\/it\/wp-json\/wp\/v2\/comments?post=29379"}],"version-history":[{"count":10,"href":"https:\/\/www.v6.newmessage.org\/it\/wp-json\/wp\/v2\/pages\/29379\/revisions"}],"predecessor-version":[{"id":29597,"href":"https:\/\/www.v6.newmessage.org\/it\/wp-json\/wp\/v2\/pages\/29379\/revisions\/29597"}],"up":[{"embeddable":true,"href":"https:\/\/www.v6.newmessage.org\/it\/wp-json\/wp\/v2\/pages\/16312"}],"wp:attachment":[{"href":"https:\/\/www.v6.newmessage.org\/it\/wp-json\/wp\/v2\/media?parent=29379"}],"wp:term":[{"taxonomy":"category","embeddable":true,"href":"https:\/\/www.v6.newmessage.org\/it\/wp-json\/wp\/v2\/categories?post=29379"},{"taxonomy":"post_tag","embeddable":true,"href":"https:\/\/www.v6.newmessage.org\/it\/wp-json\/wp\/v2\/tags?post=29379"}],"curies":[{"name":"wp","href":"https:\/\/api.w.org\/{rel}","templated":true}]}}