{"id":29266,"date":"2022-08-18T05:31:12","date_gmt":"2022-08-18T05:31:12","guid":{"rendered":"https:\/\/www.newmessage.org\/it\/?page_id=29266"},"modified":"2022-08-18T05:31:12","modified_gmt":"2022-08-18T05:31:12","slug":"resilienza","status":"publish","type":"page","link":"https:\/\/www.v6.newmessage.org\/it\/il-messaggio\/volume-1\/il-nuovo-mondo\/resilienza","title":{"rendered":"Resilienza"},"content":{"rendered":"<div><!-- Version 3.0 Verse --><\/div>\n\n<div class=\"tabgroup \"><ul class=\"tabs\"><li><a href=\"#tabs-1\">Ascolta<\/a><\/li>\n<li><a href=\"#tabs-2\">Commenta<\/a><\/li>\n<li><a href=\"#tabs-3\">Nota<\/a><\/li><\/ul>\n <div id=\"tabs-1\"><\/p>\n<p>Ascolta la Voce della Rivelazione Originale in Inglese:<\/p>\n<div id=\"jquery_jplayer_1\" class=\"jp-jplayer\"><\/div>\n\t\t\t\t<div id=\"jp_container_1\" class=\"jp-audio\">\n\t\t\t\t<div class=\"jp-type-single\"><div class=\"jp-control\"><a href=\"javascript:;\" class=\"jp-play\" tabindex=\"1\">play<\/a><a href=\"javascript:;\" class=\"jp-pause\" tabindex=\"1\">pause<\/a><\/div> <div class=\"jp-gui jp-interface\"><div class=\"jp-volume\"><div class=\"jp-volume-bar\"><div class=\"jp-volume-bar-value\"><\/div><\/div><\/div><div class=\"jp-progress\"><div class=\"jp-seek-bar\"><div class=\"jp-play-bar\"><\/div><\/div><\/div><\/div>\t\t\t\t\t<div class=\"jp-no-solution\"><span>Update Required<\/span>To play the media you will need to either update your browser to a recent version or update your <a href=\"http:\/\/get.adobe.com\/flashplayer\/\" target=\"_blank\">Flash plugin<\/a>.<\/div><\/div><\/div>\n\t\t\t<script type='text\/javascript'>\n\t\t\t\tjQuery(document).ready(function() {\n\t\t\t\t\tif (typeof (sermonMedia) == 'function') {\n\t\t\t\t\t\tsermonMedia.addAudio('', \"jquery_jplayer_1\");\n\t\t\t\t\t}\n\t\t\t\t\tjQuery.jPlayer.timeFormat.showHour = true;\n\t\t\t\t\tjQuery(\"#jquery_jplayer_1\").jPlayer({\n\t\t\t\t\t\tready: function(event) {\n\t\t\t\t\t\t\tjQuery(this).jPlayer(\"setMedia\", {mp3: 'https:\/\/newmessage.org\/av\/resilience.mp3'});\n\t\t\t\t\t\t},\n\t\t\t\t\t\tplay: function() {\n\t\t\t\t\t\t\tjQuery(this).jPlayer(\"pauseOthers\");\n\t\t\t\t\t\t},\n\t\t\t\t\t\tswfPath: ThemeData.directory_uri+\"\/swf\",\n\t\t\t\t\t\tsolution: \"html, flash\",\n\t\t\t\t\t\tpreload: \"metadata\",\n\t\t\t\t\t\twmode: \"window\",\n\t\t\t\t\t\tsupplied: \"mp3\",\n\t\t\t\t\t\tcssSelectorAncestor: '#jp_container_1'\n\t\t\t\t\t});\n\t\t\t\t});\n\t\t\t<\/script><\/p>\n<p><a title=\"The New World\" href=\"https:\/\/newmessage.org\/av\/resilience.mp3\">Download<\/a> (clicca il mouse a destra per il download)<\/p>\n<p><a href=\"https:\/\/www.community.newmessage.org\/resilience\/\"><img loading=\"lazy\" decoding=\"async\" class=\"imgborder aligncenter wp-image-41470 size-medium\" src=\"https:\/\/www.newmessage.org\/wp-content\/uploads\/2019\/07\/TNW-14-Resilience-300x157.jpeg\" alt=\"greater strength and resilience\" width=\"300\" height=\"157\" \/><\/a><\/p>\n<p class=\"revelation_details\"><em>Rivelato al Messaggero di Dio<br \/>\nMarshall Vian Summers<br \/>\nil 10 Dicembre 2014<br \/>\na Boulder, Colorado<br \/>\n<\/em><\/p>\n<div class=\"toggle toggle-white\"><h4 class=\"trigger \"><span class=\"t_ico\"><\/span><a href=\"#\">Note riguardo a questa registrazione<\/a><\/h4><div class=\"toggle_container \"><br \/>\n<p>Quella che state sentendo in questa registrazione \u00e8 la voce della <u>Assemblea <\/u>Angelica che sta parlando tramite il <u>Messaggero <\/u>Marshall Vian Summers.<\/p>\n<p>Qua, la comunicazione originale di Dio, che esiste al di l\u00e0 delle parole, \u00e8 tradotta nel linguaggio e nella comprensione umana dall\u2019Assemblea Angelica che veglia sul mondo. Poi l\u2019Assemblea consegna il Messaggio di Dio tramite il Messaggero.<\/p>\n<p>In questo notevole processo, la Voce della Rivelazione sta parlando di nuovo. La Parola e il suono della Voce sono nel mondo. Per la prima volta nella storia, la registrazione dell\u2019originale rivelazione parlata \u00e8 disponibile affinch\u00e9 voi e il mondo la possiate sentire.<\/p>\n<p>Possiate voi essere i destinatari di questo dono di Rivelazione e possiate essere aperti a ricevere il suo Messaggio unico per voi e per la vostra vita.<\/p>\n<br \/>\n<\/div><\/div><br \/>\n<\/div>\n<div id=\"tabs-2\"><\/p>\n<p><a class='simple_button_link ' style='background-color: #4f8fd6' href='https:\/\/www.community.newmessage.org\/groups\/italian\/'   ><span>Commenta<\/span><\/a>&#8216;Resilienza&#8217; nel Worldwide Community Site (registrazione gratuita)<\/p>\n<p><a href=\"https:\/\/www.community.newmessage.org\/resilience\/\"><img loading=\"lazy\" decoding=\"async\" class=\"imgborder aligncenter wp-image-41470 size-medium\" src=\"https:\/\/www.newmessage.org\/wp-content\/uploads\/2019\/07\/TNW-14-Resilience-300x157.jpeg\" alt=\"greater strength and resilience\" width=\"300\" height=\"157\" \/><\/a><\/p>\n<p><\/div>\n<div id=\"tabs-3\"><br \/>\n<em>Nota per il Lettore:<br \/>\nQuesta traduzione \u00e8 stata fornita a The Society da uno studente del Nuovo Messaggio che si \u00e8 offerto volontario per tradurre il testo originale in Inglese. Noi rendiamo questa traduzione disponibile al mondo in questa forma iniziale affinch\u00e9 le persone abbiano la possibilit\u00e0 di interagire con una porzione del Nuovo Messaggio nella propria lingua.<\/em><br \/>\n<\/div>\n\t\t\t\t<div align=\"right\">\n\t\t\t<div class=\"fb-like\" data-href=\"\" data-layout=\"button_count\" data-action=\"like\" data-show-faces=\"false\" data-share=\"false\"><\/div>\n\t\t\t<div class=\"fb-share-button\" data-layout=\"button_count\"> <\/div>\n\t\t\t<div class=\"fb_iframe_widget\"><a href=\"https:\/\/twitter.com\/godsnewmessage?ref_src=twsrc%5Etfw\" class=\"twitter-follow-button\" data-show-count=\"false\">Follow @godsnewmessage<\/a><script async src=\"https:\/\/platform.twitter.com\/widgets.js\" charset=\"utf-8\"><\/script><\/div>\n\t\t\t<\/div> <\/div> \n\n<p>L&#8217;umanit\u00e0 \u00e8 alle soglie del pi\u00f9 grande cambiamento del mondo che abbia mai vissuto, un mondo che si trova ad affrontare un clima che cambia, grande distruzione e grandi disordini economici e sociali, in quanto l&#8217;umanit\u00e0, impreparata com&#8217;\u00e8, si trova ad affrontare una nuova esperienza del mondo\u2014un mondo pi\u00f9 difficile, un mondo con risorse che diminuiscono e un clima violento, un mondo in cui l&#8217;umanit\u00e0 dovr\u00e0 prendere decisioni fondamentali su come rispondere e prepararsi per un futuro diverso.<\/p>\n<p>La gente nel mondo \u00e8 ancora addormentata o oppressa. I ricchi sono addormentati e continuano a sognare il loro benessere e la loro realizzazione personale, mentre la maggior parte del mondo lotta per sopravvivere sotto il peso della povert\u00e0 e dell&#8217;oppressione politica e religiosa.<\/p>\n<p>In questa situazione apparentemente senza speranza, il Signore degli universi ha portato un grande Messaggio per l&#8217;umanit\u00e0, una <u><a href=\"https:\/\/www.newmessage.org\/it\/informazioni-riguardo-al-nuovo-messaggio\">Nuova Rivelazione<\/a><\/u> per il mondo\u2014un grande avvertimento, un grande rafforzamento e una grande preparazione.<\/p>\n<p>Se tu potessi riconoscere veramente la condizione del mondo e la tua condizione nel suo ambito, vedresti il grande bisogno che Dio parli di nuovo. E Dio ha parlato di nuovo, dando all&#8217;umanit\u00e0 la pi\u00f9 grande Rivelazione mai portata in questo mondo per preparare l&#8217;umanit\u00e0 a un nuovo mondo e per preparare l&#8217;umanit\u00e0 a interagire con un universo pieno di vita intelligente\u2014una <u><a href=\"https:\/\/www.newmessage.org\/it\/il-messaggio\/volume-1\/la-comunita-piu-grande\">Comunit\u00e0 Pi\u00f9 Grande<\/a><\/u> di vita, un grande panorama di vita, una comunit\u00e0 di cui l&#8217;umanit\u00e0 non sa assolutamente nulla, un universo non umano dove la libert\u00e0 \u00e8 rara.<\/p>\n<p>Se hai l&#8217;onest\u00e0 e l&#8217;umilt\u00e0 di iniziare ad affrontare la reale condizione della tua vita e del tuo mondo, riconoscerai che le grandi Rivelazioni del passato non possono preparare l&#8217;umanit\u00e0 a ci\u00f2 che sta affrontando ora. Sono state date nell&#8217;antichit\u00e0, erano appropriate per il loro tempo e il loro luogo e ancora oggi contengono grande saggezza e grandi insegnamenti per l&#8217;umanit\u00e0, ma non possono prepararti a ci\u00f2 che stai affrontando ora.<\/p>\n<p>Dio sa questo, ovviamente, ma l&#8217;umanit\u00e0 \u00e8 ancora persa nelle sue preoccupazioni, nei suoi ammonimenti, nei suoi conflitti, nelle sue lotte religiose e nel suo senso di supremazia.<\/p>\n<p>\u00c8 giunto il momento di imparare la vera natura della spiritualit\u00e0 umana, la tua connessione con la tua Fonte e il modo in cui Dio agisce nel mondo, lavorando attraverso le persone dall&#8217;interno verso l&#8217;esterno.<\/p>\n<p>Dio sa che l&#8217;umanit\u00e0 si trova in una situazione precaria, dalla quale non pu\u00f2 salvarsi da sola. \u00c8 troppo cieca. \u00c8 troppo preoccupata. \u00c8 troppo piena di disprezzo e di conflitti. Non \u00e8 abbastanza forte o unita per prepararsi da sola. Con onest\u00e0 e umilt\u00e0, vedrai queste cose, perch\u00e9 sono innegabili.<\/p>\n<p>State affrontando una situazione di grande complessit\u00e0. Avrete bisogno di una Rivelazione da parte di Dio, oltre alla vostra intelligenza e alle vostre risorse, per affrontarla, per prepararvi, per sopravvivere e, se riuscirete a fare queste cose, per costruire un futuro pi\u00f9 grande per la famiglia umana\u2014una maggiore sicurezza per il mondo, una maggiore unit\u00e0 per la famiglia umana, una maggiore forza e una maggiore permanenza in questo mondo e nella Comunit\u00e0 Pi\u00f9 Grande in cui avete sempre vissuto.<\/p>\n<p>I grandi Messaggeri del passato, che sono tutti venuti dall&#8217;<u>Assemblea Angelica<\/u>\u2014il Ges\u00f9, il Buddha e il Muhammad\u2014sono al fianco del Messaggero che adesso \u00e8 stato mandato nel mondo, l&#8217;unico Messaggero mandato con una grande Rivelazione da Dio.<\/p>\n<p>Che sfida sar\u00e0 per tutti coloro che sapranno rispondere. Una sfida che si aggiunge alla grande sfida del nuovo mondo e della vita nell&#8217;universo.<\/p>\n<p>Ma Dio ti ha dato una forza maggiore e uno scopo superiore per il quale sei nel mondo in questo momento. Nel profondo dell&#8217;intelletto, nel profondo della tua mente personale\u2014che \u00e8 stata cos\u00ec condizionata, diretta e manipolata dal mondo che ti circonda\u2014questa grande Intelligenza ha la forza e il potere di attraversare il grande cambiamento che sta arrivando. Ha la chiarezza e la connessione con Dio per riverberare con la Nuova Rivelazione di Dio per il mondo.<\/p>\n<p>Le ideologie delle persone saranno messe in discussione, perch\u00e9 Dio porta una grande correzione alla comprensione dell&#8217;umanit\u00e0 delle grandi tradizioni e del significato della spiritualit\u00e0, dello scopo dell&#8217;umanit\u00e0 e del suo destino finale.<\/p>\n<p>Sar\u00e0 una grande sfida per le persone che hanno costruito la loro intera vita su una serie di credenze ed ammonizioni, quando in realt\u00e0 non sanno veramente nulla del Grande Piano e dello Scopo di Dio.<\/p>\n<p>Dio ti ha dato la forza. Vive dentro di te, in profondit\u00e0 sotto la superficie della mente. \u00c8 incorrotta. Non ha paura. Perch\u00e9 rappresenta la parte eterna di te che \u00e8 ancora connessa a Dio. Non \u00e8 minacciata dal mondo. Non vive in uno stato di ansia costante, come la tua mente personale. Non vive in un mondo di ossessione e distrazione, di ansia e disprezzo\u2014le stesse cose che governano la tua mente personale e le menti di tutti coloro che abitano qui.<\/p>\n<p>Dio capisce queste cose. Non c&#8217;\u00e8 alcun giudizio contro l&#8217;umanit\u00e0. Non c&#8217;\u00e8 nessuna punizione che ti aspetta. Ma devi prepararti alle eventualit\u00e0. Devi essere in grado di vedere ci\u00f2 che si avvicina all&#8217;orizzonte con occhi limpidi, senza tutte le tue precedenti convinzioni e credenze politiche a colorare la tua visione e ad accecarti.<\/p>\n<p>Non basta che alcuni individui preveggenti si rendano conto del grande cambiamento, e anche questa comprensione \u00e8 incompleta, vedete. Non possono infatti vedere l&#8217;intero quadro, perch\u00e9 questo deve essere dato nella Rivelazione.<\/p>\n<p>Se sei in grado di iniziare ad affrontare queste cose, che rappresentano una grande sfida, Noi capiamo che ti sentirai debole; ti sentirai impotente. Potresti persino sentirti senza speranza. Ti chiederai come l&#8217;umanit\u00e0 potr\u00e0 mai farcela, come potr\u00e0 mai unirsi e mettere insieme la sua saggezza e la sua intelligenza, le sue capacit\u00e0 e le sue tecnologie in una direzione positiva, invece di sprecarle in guerre e conflitti. Perch\u00e9 ora non c&#8217;\u00e8 tempo per questo. Non c&#8217;\u00e8 tempo per queste sciocchezze.<\/p>\n<p>Ti chiederai se c&#8217;\u00e8 ancora speranza. Ti guarderai intorno e vedrai le menti addormentate ovunque. Guarderai il mondo e vedrai ovunque corruzione e conflitti, lotte e dispute e una terribile povert\u00e0. E ti chiederai: &#8220;Come potr\u00e0 mai questo funzionare?&#8221;.<\/p>\n<p>La tua mente personale non ha una risposta. Ci\u00f2 che hai imparato e ti \u00e8 stato insegnato a pensare non ha una risposta. Le tue risposte, anche se fossero appropriate, sono solo parziali, perch\u00e9 ora avrai bisogno di mille risposte e non le hai tutte.<\/p>\n<p>\u00c8 il tuo Creatore che interverr\u00e0 nel mondo, cosa che accade forse solo una volta in un millennio per alterare la direzione dell&#8217;umanit\u00e0, per piantare i semi di una maggiore saggezza, il potere, la forza e la cooperazione qui, al momento della massima opportunit\u00e0 e del massimo bisogno.<\/p>\n<p>Dovrai ricorrere alla forza che Dio ha messo dentro di te e dentro gli altri. E dovrai fare i passi verso questa maggiore Conoscenza, perch\u00e9 non puoi trovare la strada da solo. Dovrai riconoscere che non puoi governare la tua vita come un tiranno. Non puoi governare la tua vita, veramente, ma devi gestire la tua mente e i tuoi affari e conoscere la fonte della tua forza che vive dentro di te, in questo momento, in attesa di essere scoperta.<\/p>\n<p>Viene evocata ora, perch\u00e9 i cieli si stanno oscurando e il grande cambiamento sta arrivando\u2014colpendo le coste, bruciando i deserti, inaridendo le terre coltivate. \u00c8 qui, \u00e8 l\u00ec, crescendo in frequenza, potenza e distruttivit\u00e0.<\/p>\n<p>Non puoi essere patetico. Non puoi essere debole. Non puoi limitarti a pregare per i miracoli, perch\u00e9 Dio ti ha mandato qui per fare il vero lavoro che deve essere fatto\u2014il tuo scopo e attivit\u00e0 unici, di cui non sei ancora consapevole. Perch\u00e9 \u00e8 molto diverso dai tuoi obiettivi e dalle tue fantasie su te stesso.<\/p>\n<p>Se tu potessi riconoscere il tuo stesso bisogno\u2014essendo estraneo a te stesso, vivendo una vita di difficolt\u00e0, vivendo una vita di banalit\u00e0, vivendo una vita di indegnit\u00e0 e frustrazione\u2014vedresti il tuo bisogno della Rivelazione. \u00c8 questa stessa onest\u00e0, sia che tu stia guardando all&#8217;esterno che all&#8217;interno, che ti porter\u00e0 a questo punto di riconoscimento.<\/p>\n<p>Forse senti di aver raggiunto grandi traguardi. Forse sei orgoglioso. Forse guardi dall&#8217;alto in basso gli altri che non hanno nulla o che falliscono nel tentativo di avere quello che hai tu. Ma anche tu sei sulla soglia del grande cambiamento e non hai una risposta.<\/p>\n<p>Tutto ci\u00f2 che hai acquisito pu\u00f2 andare perduto. Tutto ci\u00f2 in cui credi pu\u00f2 andare in frantumi. Tutto ci\u00f2 che ritieni vero pu\u00f2 essere distrutto. Perch\u00e9 non conosci ancora il Potere che ti ha portato qui e ci\u00f2 che sei veramente qui per realizzare.<\/p>\n<p>Dio sta parlando a un mondo di letterati, non a trib\u00f9 primitive che vivono in societ\u00e0 bellicose e non conoscono lo sviluppo sociale e la libert\u00e0 personale. Dio sta parlando a un mondo di comunicazione globale e di crescente consapevolezza globale.<\/p>\n<p>Cos\u00ec ora la Rivelazione non viene portata con temi pastorali o aneddoti, con storie che devono essere interpretate da esperti o commentatori. \u00c8 portata nel linguaggio pi\u00f9 semplice, con molte ripetizioni e chiarimenti. \u00c8 portata in questo modo affinch\u00e9 possa essere facilmente tradotta in altre lingue e possa essere espressa e capita facilmente da persone di ogni livello e posizione sociale. Anche la persona pi\u00f9 povera del mondo pu\u00f2 capire. Eppure \u00e8 cos\u00ec profonda che non si riesce a comprenderla. La sua semplicit\u00e0 esprime la sua grande profondit\u00e0.<\/p>\n<p>Questo \u00e8 il miracolo del tuo tempo, donato nel momento del massimo bisogno, un bisogno cos\u00ec grande che poche persone ne sono consapevoli o possono affrontarlo onestamente. Questo \u00e8 il miracolo del tuo tempo. Questo \u00e8 il miracolo della tua vita. Perch\u00e9 sei stato trovato come un granello nell&#8217;oceano, alla deriva senza meta, senza speranza. Che tu viva in povert\u00e0 o nello splendore, \u00e8 lo stesso.<\/p>\n<p>Non \u00e8 sufficiente che poche persone al mondo riescano a ritrovare il loro vero stato naturale. La chiamata deve essere ora per un numero maggiore di persone che si facciano avanti, perch\u00e9 questa nave sta andando a picco. Sta immergendosi nell&#8217;acqua. Ma la gente continua a dormire sul ponte, a godersi la luce del sole, ignara il fatto che la stessa nave su cui si trova \u00e8 in pericolo.<\/p>\n<p>Chi sapr\u00e0 queste cose? Chi pu\u00f2 guardare senza condannare? Chi pu\u00f2 guardare con misericordia, anche coloro che sbagliano cos\u00ec gravemente?<\/p>\n<p>L&#8217;umanit\u00e0 vive in un sogno, un sogno di <u><a href=\"https:\/\/www.newmessage.org\/it\/il-messaggio\/volume-1\/lunico-dio\/la-separazione\">Separazione<\/a><\/u>. Tuttavia, ora ha creato una condizione che cambier\u00e0 il paesaggio del mondo e tutto ci\u00f2 che \u00e8 in esso.<\/p>\n<p>Ora avete raggiunto un punto in cui le razze nell&#8217; universo cercheranno di ottenere il controllo del vostro mondo. \u00c8 cos\u00ec prezioso, cos\u00ec ricco. Non conoscete la sua ricchezza in un universo di pianeti aridi e societ\u00e0 in difficolt\u00e0.<\/p>\n<p>La Rivelazione di Dio ti riveler\u00e0 com&#8217;\u00e8 la vita nell&#8217;universo e cosa devi sapere per sopravvivere l\u00ec e per costruire e preservare la tua libert\u00e0, che sar\u00e0 una grande sfida.<\/p>\n<p>Ma prima devi conoscere la tua forza e devi costruire la tua resistenza per vivere in un mondo che cambia, per vivere in un mondo nuovo. Devi avere una forza maggiore per superare i tuoi dubbi, le tue paure e le tue debolezze, le tue preoccupazioni e le tue tendenze.<\/p>\n<p>Dio ti ha dato questo. \u00c8 sempre stato con te, in attesa di essere scoperto, in attesa del momento in cui dovr\u00e0 essere richiamato, in attesa delle circostanze che lo renderanno necessario e imperativo per il tuo benessere e per la tua realizzazione nel mondo.<\/p>\n<p>Poich\u00e9 sei venuto qui per dare e servire. Hai dei doni unici che devono essere aperti dentro di te, perch\u00e9 non puoi aprirli da solo.<\/p>\n<p>La Conoscenza pi\u00f9 profonda che c&#8217;\u00e8 in te pu\u00f2 rimodellare la tua vita e prepararti per la tua nuova vita in un nuovo mondo. Forse non riesci ancora a capire che questo \u00e8 il dono pi\u00f9 grande che ti possa essere dato.<\/p>\n<p>Tutte le preghiere che rivolgi alla tua Fonte sono gi\u00e0 state esaudite grazie a ci\u00f2 che \u00e8 stato messo dentro di te per guidarti, correggerti, darti forza, certezza e misericordia in un mondo in cui le persone saranno sempre pi\u00f9 disorganizzate e disordinate, piene di ansia e apprensione.<\/p>\n<p>Devi costruire la consapevolezza e poi la resilienza. In questo momento sei facilmente scosso, anche dai tuoi stessi sentimenti, dai tuoi dubbi, dai tuoi stessi incubi.<\/p>\n<p>Pensa a quanto sarai scosso quando vedrai il mondo disfarsi intorno a te, quando dovrai affrontare il nuovo mondo, quando dovrai affrontare la realt\u00e0 che la libert\u00e0 umana \u00e8 minacciata dall&#8217;Intromissione da oltreconfine.<\/p>\n<p>Capito questo, ti renderai conto che devi costruire la tua forza. E Dio ti ha fornito i <u><a href=\"https:\/\/www.newmessage.org\/it\/il-messaggio\/volume-3\/passi-verso-la-conoscenza\">Passi verso La Conoscenza<\/a><\/u> per costruire questa forza e questa capacit\u00e0 di capire, conoscere e vedere; per imparare a vedere i tuoi errori e le tue debolezze con misericordia e imparare a gestirli, controllarli e, se possibile, correggerli. Non hai ancora questa forza, non sufficientemente.<\/p>\n<p>Sei governato dalla debolezza. Devi essere governato dalla forza. Certamente, ci\u00f2 che \u00e8 debole dentro di te deve seguire ci\u00f2 che \u00e8 forte dentro di te. Certamente, ci\u00f2 che \u00e8 sciocco dentro di te deve seguire ci\u00f2 che \u00e8 saggio.<\/p>\n<p>Ci\u00f2 che \u00e8 forte e saggio dentro di te \u00e8 La Conoscenza che Dio ha posto dentro di te, una Conoscenza che rappresenta il tuo stato eterno e la connessione con la tua Fonte.<\/p>\n<p>Senza questo, puoi solo credere in Dio, cadere e adorare per paura che Dio ti punisca se fallisci. Ma questa non \u00e8 la forza di cui avrai bisogno per ritrovare la connessione con la tua Fonte o per sopravvivere e navigare nel nuovo mondo che ti circonda.<\/p>\n<p>L&#8217;intelligenza, l&#8217;ingegno, la filosofia, la tecnologia\u2014senza La Conoscenza, tutte queste cose falliranno. Non sono sufficienti. E non sai come usarle in modo efficace perch\u00e9 sei ancora guidato dalla tua mente personale, che \u00e8 timorosa, orientata e arrogante.<\/p>\n<p>La mente deve servire La Conoscenza. La Conoscenza servir\u00e0 sempre Dio. Questa \u00e8 la vera gerarchia dentro di te. Questa \u00e8 la vera ascensione del potere.<\/p>\n<p>Qui tutto \u00e8 importante. Il tuo corpo \u00e8 importante come veicolo di comunicazione nel mondo. La tua mente \u00e8 importante come veicolo di comunicazione nel mondo. La Conoscenza che \u00e8 in te \u00e8 nel mondo per comunicare. Perch\u00e9 sei stato inviato da coloro che sono nell&#8217;aldil\u00e0, che ti stanno osservando anche adesso.<\/p>\n<p>\u00c8 questo il risveglio che deve avvenire. \u00c8 la resilienza che deve essere costruita. \u00c8 la forza, la misericordia e la determinazione che devono nascere dentro di te\u2014non dalle tue idee, non dalla tua sola volont\u00e0, ma dalla forza superiore che vive dentro di te.<\/p>\n<p>Solo essa ha il potere di condurti in un nuovo mondo e in una Comunit\u00e0 Pi\u00f9 Grande di vita, che \u00e8 il tuo destino, all&#8217;interno della quale hai sempre vissuto e per la quale ora devi prepararti.<\/p>\n","protected":false},"excerpt":{"rendered":"<p>L&#8217;umanit\u00e0 \u00e8 alle soglie del pi\u00f9 grande cambiamento del mondo che abbia mai vissuto, un mondo che si trova ad affrontare un clima che cambia, grande distruzione e grandi disordini economici e sociali, in quanto l&#8217;umanit\u00e0, impreparata com&#8217;\u00e8, si trova ad affrontare una nuova esperienza del mondo\u2014un mondo pi\u00f9 difficile, un mondo con risorse che diminuiscono e un clima violento, un mondo in cui l&#8217;umanit\u00e0 dovr\u00e0 prendere decisioni fondamentali su come rispondere e prepararsi per un futuro diverso.<\/p>\n<p>La gente nel mondo \u00e8 ancora addormentata o oppressa. I ricchi sono addormentati e continuano a sognare il loro benessere e la loro realizzazione personale, mentre la maggior parte del mondo lotta per sopravvivere sotto il peso della povert\u00e0 e dell&#8217;oppressione politica e religiosa.<\/p>\n<p>In questa situazione apparentemente senza speranza, il Signore degli universi ha portato un grande Messaggio per l&#8217;umanit\u00e0, una Nuova Rivelazione per il mondo\u2014un grande avvertimento, un grande rafforzamento e una grande preparazione.<\/p>\n","protected":false},"author":62,"featured_media":0,"parent":16482,"menu_order":0,"comment_status":"closed","ping_status":"closed","template":"template-leftsidebar.php","meta":{"_monsterinsights_skip_tracking":false,"_monsterinsights_sitenote_active":false,"_monsterinsights_sitenote_note":"","_monsterinsights_sitenote_category":0,"footnotes":""},"categories":[118,76,30,463,460],"tags":[749,740,745,750,701,743,748,741,746,1179,744,747,742,698],"_links":{"self":[{"href":"https:\/\/www.v6.newmessage.org\/it\/wp-json\/wp\/v2\/pages\/29266"}],"collection":[{"href":"https:\/\/www.v6.newmessage.org\/it\/wp-json\/wp\/v2\/pages"}],"about":[{"href":"https:\/\/www.v6.newmessage.org\/it\/wp-json\/wp\/v2\/types\/page"}],"author":[{"embeddable":true,"href":"https:\/\/www.v6.newmessage.org\/it\/wp-json\/wp\/v2\/users\/62"}],"replies":[{"embeddable":true,"href":"https:\/\/www.v6.newmessage.org\/it\/wp-json\/wp\/v2\/comments?post=29266"}],"version-history":[{"count":1,"href":"https:\/\/www.v6.newmessage.org\/it\/wp-json\/wp\/v2\/pages\/29266\/revisions"}],"predecessor-version":[{"id":29274,"href":"https:\/\/www.v6.newmessage.org\/it\/wp-json\/wp\/v2\/pages\/29266\/revisions\/29274"}],"up":[{"embeddable":true,"href":"https:\/\/www.v6.newmessage.org\/it\/wp-json\/wp\/v2\/pages\/16482"}],"wp:attachment":[{"href":"https:\/\/www.v6.newmessage.org\/it\/wp-json\/wp\/v2\/media?parent=29266"}],"wp:term":[{"taxonomy":"category","embeddable":true,"href":"https:\/\/www.v6.newmessage.org\/it\/wp-json\/wp\/v2\/categories?post=29266"},{"taxonomy":"post_tag","embeddable":true,"href":"https:\/\/www.v6.newmessage.org\/it\/wp-json\/wp\/v2\/tags?post=29266"}],"curies":[{"name":"wp","href":"https:\/\/api.w.org\/{rel}","templated":true}]}}