{"id":29089,"date":"2022-04-18T00:34:00","date_gmt":"2022-04-18T00:34:00","guid":{"rendered":"https:\/\/www.newmessage.org\/it\/?page_id=29089"},"modified":"2024-01-04T06:05:07","modified_gmt":"2024-01-04T06:05:07","slug":"il-ponte-per-una-nuova-vita","status":"publish","type":"page","link":"https:\/\/www.v6.newmessage.org\/it\/il-messaggio\/volume-2\/il-ponte-per-una-nuova-vita","title":{"rendered":"Il Ponte per una Nuova Vita"},"content":{"rendered":"<p><img decoding=\"async\" class=\"alignright size-large wp-image-49367 imgborder\" src=\"https:\/\/www.newmessage.org\/wp-content\/uploads\/2020\/07\/BBL-2nd-version-gray-cover-400x600.png\" alt=\"The Bridge to a New Life\" \/><em>Il Ponte per una Nuova Vita<\/em> \u00e8 un nuovo libro di prossima uscita della Society per il Nuovo Messaggio. Il resto del libro sar\u00e0 presto disponibile. Ti invieremo un annuncio via e-mail non appena questo libro sar\u00e0 rilasciato, e aggiorneremo questa pagina web del libro per includere tutti i capitoli.<\/p>\n<p>Se non ti sei ancora iscritto alla Mailing List del Nuovo Messaggio e vuoi ricevere notizie e aggiornamenti sulle nuove uscite, per favore fallo scorrendo verso il basso fino a Iscriviti alla Mailing List sulla barra laterale sinistra e inserisci il tuo indirizzo e-mail.<\/p>\n<p>Il Ponte per una Nuova Vita \u00e8 un libro del <a href=\"https:\/\/www.newmessage.org\/it\/il-messaggio\/volume-2\/\">Volume 2<\/a> del Nuovo Messaggio di Dio.<\/p>\n<div style=\"color: #525252; line-height: 1.5;\"><div class=\"toggle toggle-white\"><h4 class=\"trigger \"><span class=\"t_ico\"><\/span><a href=\"#\">Ulteriori informazioni sui volumi del Nuovo Messaggio da Dio<\/a><\/h4><div class=\"toggle_container \"><br \/>\n<div data-post-id='24520' class='insert-page insert-page-24520 '><p>Il Nuovo Messaggio da Dio in definitiva sar\u00e0 contenuto in sei volumi individuali. Ogni volume contiene due o pi\u00f9 libri e ogni libro \u00e8 organizzato in capitoli.<\/p>\n<p>Pertanto, la struttura futura del Nuovo Messaggio da Dio si potrebbe esprimere nel modo seguente:<\/p>\n<div id=\"attachment_24097\" style=\"width: 227px\" class=\"wp-caption alignright\"><a href=\"https:\/\/www.newmessage.org\/wp-content\/uploads\/2015\/08\/Volumes-Books-InfoGraphic.001.jpg\"><img loading=\"lazy\" decoding=\"async\" aria-describedby=\"caption-attachment-24097\" class=\"imgborder \" src=\"https:\/\/www.newmessage.org\/wp-content\/uploads\/2015\/08\/Volumes-Books-InfoGraphic.001.jpg\" alt=\"The New Message One Book\" width=\"217\" height=\"234\" \/><\/a><p id=\"caption-attachment-24097\" class=\"wp-caption-text\">Il Libro Unico del Nuovo Messaggio<\/p><\/div>\n<p><strong>Volume &gt; Libro &gt; Capitolo &gt; Verso.<br \/>\n<\/strong><\/p>\n<p>Il Nuovo Messaggio da Dio contiene la pi\u00f9 grande mole di Rivelazione mai data al mondo. Si rivolge a quasi tutti gli aspetti delle nostre vite, presentando delle nuove realt\u00e0 mai rivelate in precedenza. La Societ\u00e0 (\u201cThe Society for the New Message from God\u201d &#8211; La Societ\u00e0 per il Nuovo Messaggio da Dio) sta lavorando per rendere i libri del Nuovo Messaggio e le Rivelazioni parlate disponibili e accessibili al mondo.<\/p>\n<p>Attualmente, La Societ\u00e0 \u00e8 in grado di offrire un grande numero di registrazioni originali della Voce della Rivelazione. Qua siete invitati a sentire la potenza e il mistero della \u201cVoce\u201d proprio come parl\u00f2 in origine al Messaggero in stato di Rivelazione. Mai prima d\u2019ora era stato possibile udire la Voce originale della Rivelazione.<\/p>\n<p>La compilazione dell\u2019intero Nuovo Messaggio \u00e8 un lavoro che \u00e8 in corso, intrapreso in un lungo periodo di tempo. In aggiunta, la Rivelazione continua ad oggi con nuovi insegnamenti che sono dati ogni anno. Per questo motivo, la selezione degli insegnamenti di ogni libro potrebbe variare. Ne consegue che anche i titoli dei libri potrebbero cambiare per meglio rispecchiare la crescita di ogni libro. State vivendo in un tempo di Rivelazione e siete testimoni del processo di Rivelazione che si dispiega davanti a voi.<\/p>\n<p><strong>Libri Online<\/strong><\/p>\n<p>La Societ\u00e0 sta lavorando per rendere il Nuovo Messaggio disponibile al mondo gratuitamente online. Attualmente un certo numero di libri del Nuovo Messaggio sono disponibili gratuitamente presso www.newmessage.org dove potete esplorare la biblioteca di libri gratuiti online.<\/p>\n<p><strong>Pubblicazioni Future<\/strong><\/p>\n<p>La Societ\u00e0 continuer\u00e0 a mandare avanti la sua visione di pubblicare la totalit\u00e0 del Nuovo Messaggio da Dio, nei suoi libri e volumi, e forse un giorno come un unico libro, semplicemente chiamato: \u201cIl Nuovo Messaggio da Dio.\u201d Questa \u00e8 una impresa enorme per la quale La Societ\u00e0 ha bisogno del vostro contributo e della vostra partecipazione. Per favore considerate la possibilit\u00e0 di fare una donazione o di diventare un Pilastro del Nuovo Messaggio per supportare questa sacra causa. Vi ringraziamo per il vostro supporto<\/p>\n<\/div><\/div><\/div><\/div>\n<div class=\"background-color-bridesmaid padding-20\">\n<h2 style=\"text-align: left;\"><span style=\"color: #525252;\">Indice dei Contenuti<\/span><\/h2>\n<div style=\"line-height: 1.5;\">\n<p><a href=\"https:\/\/www.newmessage.org\/it\/il-messaggio\/volume-2\/il-ponte-per-una-nuova-vita\/sentire-il-tuo-scopo-superiore\/\">Sentire il tuo Scopo Sueriore<\/a><\/p>\n<p><a href=\"https:\/\/www.newmessage.org\/it\/il-messaggio\/volume-2\/il-ponte-per-una-nuova-vita\/cosa-conta-veramente\/\">Cosa Conta Veramente?<\/a><\/p>\n<p><a href=\"https:\/\/www.newmessage.org\/it\/il-messaggio\/volume-2\/il-ponte-per-una-nuova-vita\/il-nuovo-messaggio-sulla-liberta\/\">Il Nuovo Messaggio sulla Libert\u00e0<\/a><\/p>\n<p>Nuovo Messaggio per i Giovani<\/p>\n<p><a href=\"https:\/\/www.newmessage.org\/it\/il-messaggio\/volume-2\/il-ponte-per-una-nuova-vita\/costruire-le-fondamenta-per-una-vita-piu-grande\/\">Costruire le Fondamenta per una Vita Pi\u00f9 Grande<\/a><\/p>\n<p><a href=\"https:\/\/www.newmessage.org\/it\/il-messaggio\/volume-2\/il-ponte-per-una-nuova-vita\/la-corrente-piu-profonda-della-tua-vita\/\">La Corrente Pi\u00f9 Profonda della Tua Vita<\/a><\/p>\n<p><a href=\"https:\/\/www.newmessage.org\/it\/il-messaggio\/volume-2\/il-ponte-per-una-nuova-vita\/la-vita-sacra\/\">La Vita Sacra<\/a><\/p>\n<\/div>\n<\/div>\n","protected":false},"excerpt":{"rendered":"<p>Il Ponte per una Nuova Vita \u00e8 un nuovo libro di prossima uscita della Society per il Nuovo Messaggio. Il resto del libro sar\u00e0 presto disponibile. Ti invieremo un annuncio via e-mail non appena questo libro sar\u00e0 rilasciato, e aggiorneremo questa pagina web del libro per includere tutti i capitoli.<\/p>\n","protected":false},"author":62,"featured_media":0,"parent":16312,"menu_order":1,"comment_status":"closed","ping_status":"closed","template":"template-leftsidebar.php","meta":{"_monsterinsights_skip_tracking":false,"_monsterinsights_sitenote_active":false,"_monsterinsights_sitenote_note":"","_monsterinsights_sitenote_category":0,"footnotes":""},"categories":[1103,467],"tags":[1057,749,740,745,750,1102,677,822,743,748,741,970,746,744,747,742,792],"_links":{"self":[{"href":"https:\/\/www.v6.newmessage.org\/it\/wp-json\/wp\/v2\/pages\/29089"}],"collection":[{"href":"https:\/\/www.v6.newmessage.org\/it\/wp-json\/wp\/v2\/pages"}],"about":[{"href":"https:\/\/www.v6.newmessage.org\/it\/wp-json\/wp\/v2\/types\/page"}],"author":[{"embeddable":true,"href":"https:\/\/www.v6.newmessage.org\/it\/wp-json\/wp\/v2\/users\/62"}],"replies":[{"embeddable":true,"href":"https:\/\/www.v6.newmessage.org\/it\/wp-json\/wp\/v2\/comments?post=29089"}],"version-history":[{"count":11,"href":"https:\/\/www.v6.newmessage.org\/it\/wp-json\/wp\/v2\/pages\/29089\/revisions"}],"predecessor-version":[{"id":29648,"href":"https:\/\/www.v6.newmessage.org\/it\/wp-json\/wp\/v2\/pages\/29089\/revisions\/29648"}],"up":[{"embeddable":true,"href":"https:\/\/www.v6.newmessage.org\/it\/wp-json\/wp\/v2\/pages\/16312"}],"wp:attachment":[{"href":"https:\/\/www.v6.newmessage.org\/it\/wp-json\/wp\/v2\/media?parent=29089"}],"wp:term":[{"taxonomy":"category","embeddable":true,"href":"https:\/\/www.v6.newmessage.org\/it\/wp-json\/wp\/v2\/categories?post=29089"},{"taxonomy":"post_tag","embeddable":true,"href":"https:\/\/www.v6.newmessage.org\/it\/wp-json\/wp\/v2\/tags?post=29089"}],"curies":[{"name":"wp","href":"https:\/\/api.w.org\/{rel}","templated":true}]}}