{"id":29023,"date":"2022-01-10T11:26:24","date_gmt":"2022-01-10T11:26:24","guid":{"rendered":"https:\/\/www.newmessage.org\/it\/?page_id=29023"},"modified":"2022-01-10T11:27:26","modified_gmt":"2022-01-10T11:27:26","slug":"conclusione","status":"publish","type":"page","link":"https:\/\/www.v6.newmessage.org\/it\/il-messaggio\/volume-2\/le-relazioni-e-lo-scopo-superiore\/conclusione","title":{"rendered":"Conclusione (di Le Relazioni e lo Scopo Superiore)"},"content":{"rendered":"<div><!-- 4.0 --><\/div>\n\n<div class=\"tabgroup \"><ul class=\"tabs\"><li><a href=\"#tabs-1\">Informazioni<\/a><\/li>\n<li><a href=\"#tabs-2\">Nota<\/a><\/li><\/ul>\n <div id=\"tabs-1\"><\/p>\n<p><a href=\"https:\/\/www.community.newmessage.org\/relationships-and-higher-purpose-conclusion\/\"><img decoding=\"async\" class=\"aligncenter size-medium wp-image-45698 imgborder\" src=\"https:\/\/www.newmessage.org\/wp-content\/uploads\/2020\/02\/conclusion-rhp-300x157.jpeg\" alt=\"Relationships and Higher Purpose Conclusion - The Experience of Relationship\" \/><\/a><\/p>\n<p><em>Come rivelato al Messaggero di Dio<br \/>\nMarshall Vian Summers<br \/>\nil 1\u00b0 Gennaio 1989<br \/>\nin Albany, New York<br \/>\n<\/em><\/p>\n<div class=\"toggle toggle-white\"><h4 class=\"trigger \"><span class=\"t_ico\"><\/span><a href=\"#\">Riguardo a questo testo<\/a><\/h4><div class=\"toggle_container \"><br \/>\n<p>Quello che state leggendo in questo testo \u00e8 la trascrizione della voce originale della Assemblea Angelica cos\u00ec come ha parlato tramite il Messaggero Marshall Vian Summers.<\/p>\n<p>Qua, la comunicazione originale di Dio, che esiste al di l\u00e0 delle parole, \u00e8 tradotta nel linguaggio e nella comprensione umana dall\u2019Assemblea Angelica che veglia sul mondo. Poi l\u2019Assemblea consegna il Messaggio di Dio tramite il Messaggero, dopo di che, la comunicazione \u00e8 trascritta e resa disponibile a voi e a tutto il mondo.<\/p>\n<p>In questo notevole processo, la Voce della Rivelazione sta parlando di nuovo. La Parola e il suono della Voce sono nel mondo. Possiate voi essere i destinatari di questo dono di Rivelazione e possiate essere aperti a ricevere il suo Messaggio unico per voi e per la vostra vita.<\/p>\n<br \/>\n<\/div><\/div>\n<p><\/div>\n<div id=\"tabs-2\"><br \/>\n<em>Nota per il Lettore:<br \/>\nQuesta traduzione \u00e8 stata fornita alla Society da uno studente del Nuovo Messaggio che si \u00e8 offerto volontario per tradurre il testo originale in Inglese. Noi rendiamo questa traduzione disponibile al mondo in questa forma iniziale affinch\u00e9 le persone abbiano la possibilit\u00e0 di interagire con una porzione del Nuovo Messaggio nella propria lingua.<\/em><br \/>\n<\/div>\n\t\t\t\t<div align=\"right\">\n\t\t\t<div class=\"fb-like\" data-href=\"\" data-layout=\"button_count\" data-action=\"like\" data-show-faces=\"false\" data-share=\"false\"><\/div>\n\t\t\t<div class=\"fb-share-button\" data-layout=\"button_count\"> <\/div>\n\t\t\t<div class=\"fb_iframe_widget\"><a href=\"https:\/\/twitter.com\/godsnewmessage?ref_src=twsrc%5Etfw\" class=\"twitter-follow-button\" data-show-count=\"false\">Follow @godsnewmessage<\/a><script async src=\"https:\/\/platform.twitter.com\/widgets.js\" charset=\"utf-8\"><\/script><\/div>\n\t\t\t<\/div> <\/div> \n\n<p>Ci sono molti elementi specifici nell&#8217;iniziare, mantenere e concludere le relazioni, che non sono stati menzionati in questo libro, eppure sono collegati a ci\u00f2 che \u00e8 stato presentato qui. La Conoscenza \u00e8 la tua guida. La fantasia ti indebolir\u00e0. L&#8217;onest\u00e0 dar\u00e0 sicurezza. La disonest\u00e0 creer\u00e0 una minaccia. Queste cose sono fondamentali indipendentemente da ci\u00f2 che sta accadendo e indipendentemente da qualsiasi problema specifico che stai affrontando in questo momento. La Conoscenza sa come affrontare tutti questi problemi.<\/p>\n<p>Se stai entrando in sintonia con la tua vita interiore e ricettivo alla Conoscenza dentro di te, allora sei nella posizione di imparare queste cose, e ci\u00f2 che imparerai lo riceverai sia da te stesso che dalle persone intorno a te. La vita ti servir\u00e0 se permetti a te stesso di essere servito. La vita ti risponder\u00e0 se sei attivamente impegnato in relazioni significative. Il potere del discernimento \u00e8 qui per te da coltivare, e devi coltivarlo perch\u00e9 sia efficace nel servirti.<\/p>\n<p>Non pensare di poter aggirare la sfida della relazione, perch\u00e9 senza relazione non andrai da nessuna parte e non avrai nulla. Accetta questa grande verit\u00e0 in modo che tu possa ricevere la beneficenza della vita. Con questa beneficenza, la vita ti guarir\u00e0 e ti insegner\u00e0 ci\u00f2 che hai bisogno di imparare e di fare mentre procedi. La vita \u00e8 qui per servirti e le tue relazioni con gli altri sono il contesto in cui questo servizio viene reso.<\/p>\n<p>Accetta allora il dono della grazia per te stesso e per tutti. Diventa dedicato ad essere uno studente della Conoscenza e sarai dedicato a ricevere la verit\u00e0 e a dare la verit\u00e0. Le benedizioni della tua esperienza di relazione saranno poi date agli altri in modi anche oltre il tuo riconoscimento, perch\u00e9 il dare non si ferma mai una volta che \u00e8 iniziato. Continua a riverberare attraverso le persone. Questo fa parte del mistero della tua vita. Perch\u00e9 ci\u00f2 che \u00e8 benefico per te oggi \u00e8 stato dato centinaia e migliaia e persino milioni di anni fa e continua a riverberare da individuo a individuo. Qui la grandezza del passato serve i bisogni immediati del presente, come la grandezza del presente servir\u00e0 i bisogni del futuro. I tuoi errori accadono e possono essere dimenticati, ma i tuoi successi durano perch\u00e9 sono tutti successi nella relazione e nella comunicazione. Tutti portano alla coscienza la realt\u00e0 della vita di Dio, che \u00e8 una vita di pura relazione.<\/p>\n<p>Domande pratiche continueranno a sorgere. Tuttavia con una rete di supporto di persone e con l&#8217;impegno di sperimentare La Conoscenza e di esercitare la tua onest\u00e0, sarai in grado di imparare esattamente ci\u00f2 di cui hai bisogno in questo momento. Sarai in grado di trovare e dare ci\u00f2 di cui hai bisogno nel contesto delle tue relazioni con la massima efficacia e soddisfazione.<\/p>\n<p>Sei stato mandato nel mondo da Dio per servire la tua <u><a href=\"https:\/\/www.newmessage.org\/the-message\/other-revelations\/spiritual-family\">Famiglia Spirituale<\/a><\/u>. Sei stato inviato per iniziare e ritrovare relazioni, per riconoscere i tuoi doni, per permettere loro di essere espressi e per sottoporti ad un processo di preparazione che dura tutta la vita, ogni fase del quale \u00e8 necessaria per te e necessaria per coloro che ti conosceranno. Il successo della tua vita sar\u00e0 per te e per coloro con cui ti impegnerai. Trascender\u00e0 le tue circostanze immediate e continuer\u00e0 nel futuro per servire il mondo. Perch\u00e9 La Conoscenza \u00e8 una forza vivente e nella misura in cui \u00e8 stata riconquistata, \u00e8 presente ovunque. Tu contribuisci al potere della Conoscenza nel mondo ricevendola ed esprimendola tu stesso. Man mano che la tua ricettivit\u00e0 ed espressione crescono, il potere della Conoscenza cresce.<\/p>\n<p>Lo stato del mondo \u00e8 un misto di Conoscenza e diniego della Conoscenza. Queste due realt\u00e0 non sono in guerra tra loro. Semplicemente coesistono. Come pu\u00f2 La Conoscenza coesistere con la falsit\u00e0? La Conoscenza esiste perch\u00e9 \u00e8 qui e perch\u00e9 viene data in contributo. Non cerca di conquistare o di eliminare la falsit\u00e0. Cerca solo di affermarsi. La falsit\u00e0 pu\u00f2 resistere alla Conoscenza, ma non pu\u00f2 dominarla e non pu\u00f2 vincerla. La falsit\u00e0 pu\u00f2 solo distrarre le persone e condurle in un&#8217;altra direzione.<\/p>\n<p>Come \u00e8 fallibile allora ci\u00f2 che non \u00e8 vero. Quanto deve essere ingannevole per ottenere tale attenzione. Sii consapevole che ci\u00f2 che offre un&#8217;attrazione immediata raramente offre una soddisfazione duratura. Quando pensi obiettivamente a questo, vedrai che il fascino immediato e la soddisfazione duratura sono di solito incompatibili tra loro. Perch\u00e9 come pu\u00f2 un momento di piacere in qualche modo essere paragonato ad una vita di dare e ricevere, una vita di realizzazione e appagamento e una vita di apprendimento, sfida e successo?<\/p>\n<p>Tutto l&#8217;incoraggiamento \u00e8 dato a te che sei venuto al mondo per cercare una vera relazione. Tutto l&#8217;incoraggiamento \u00e8 dato a te che sei venuto nel mondo per esprimere l&#8217;essenza della relazione pura nei tuoi impegni qui. Tutto l&#8217;incoraggiamento \u00e8 dato a te che devi imparare le molte lezioni lungo la strada mentre sali la montagna verso la verit\u00e0 e La Conoscenza.<\/p>\n<p>Man mano che procederai, il tuo bisogno di persone e il tuo discernimento delle persone crescer\u00e0. Le tue esigenze qui diventeranno pi\u00f9 specifiche perch\u00e9 scalare la montagna richieder\u00e0 una maggiore abilit\u00e0 man mano che procederai. Man mano che i tuoi veri bisogni diventeranno pi\u00f9 specifici e pi\u00f9 enfatizzati, saranno sempre pi\u00f9 riconosciuti e soddisfatti. Questo fornisce la base per il discernimento, perch\u00e9 quando i tuoi bisogni diventano chiari, il discernimento pu\u00f2 essere stabilito. Allora sai di cosa hai bisogno, sai cosa cercare e non accetterai sostituti perch\u00e9 non sono accettabili. Non accetterai compromessi se minacciano ci\u00f2 che \u00e8 essenziale per le tue realizzazioni e i tuoi bisogni. Questo ti d\u00e0 obiettivit\u00e0 e chiarezza di mente. Questo ti stabilisce come una forza con cui fare i conti nell&#8217;universo\u2014una forza per La Conoscenza, una forza per le relazioni e una forza per il bene. Da questo nascer\u00e0 la tua chiamata spirituale. Questo sar\u00e0 un impegno specifico nel mondo attraverso il quale la tua vita spirituale potr\u00e0 essere espressa pi\u00f9 pienamente e intorno al quale le tue relazioni potranno essere stabilite con la massima enfasi per la verit\u00e0 e lo sviluppo spirituale.<\/p>\n<p>Il mondo sta emergendo nella <u><a href=\"https:\/\/www.newmessage.org\/it\/il-messaggio\/volume-1\/la-comunita-piu-grande\">Comunit\u00e0 Pi\u00f9 Grande<\/a><\/u> dei mondi. Sta anche diventando lentamente una comunit\u00e0 unificata di per s\u00e9. Le linee di separazione vengono abbattute. Si combattono guerre per preservare il passato, ma il futuro marcia in avanti senza sosta. Sei in una fase evolutiva molto accelerata e questo richiede un maggiore discernimento e una pi\u00f9 saggia partecipazione nelle relazioni. Perch\u00e9 il mondo ha bisogno di te e tu non puoi permetterti di sprecare il tuo tempo in impegni che non portano da nessuna parte. Il tuo tempo \u00e8 prezioso, i tuoi doni sono preziosi e la tua vita \u00e8 preziosa. Renditi conto di questo e non sarai soddisfatto di niente di meno di ci\u00f2 che sai veramente che \u00e8 destinato a te. Questo ti render\u00e0 potente, perch\u00e9 non cadrai preda delle molte cose che catturano le persone e le trattengono nella fantasia mentre la loro vita scorre via.<\/p>\n<p>Per scoprire la tua vocazione, devi seguire il tuo scopo. Questo ti condurr\u00e0 attraverso molte fasi di preparazione fino a quando potrai riconoscere specificamente ci\u00f2 che sei qui per fare. La tua chiamata \u00e8 il lavoro della tua vita. Tuttavia non essere impaziente per questo perch\u00e9 \u00e8 il risultato del tuo apprendimento. Non \u00e8 semplicemente il risultato delle tue idee o di ci\u00f2 che pensi che il mondo abbia bisogno. Il lavoro della tua vita ti coinvolger\u00e0 completamente. Dovrai darti completamente ad esso. In questa fase, non ci pu\u00f2 essere alcun freno. Devi raggiungere questo grado di sviluppo in cui puoi darti completamente, senza un senso di sacrificio o di perdita. Il tuo desiderio di dare e il tuo desiderio di essere libero dall&#8217;ambivalenza deve essere abbastanza grande da permettere a questa transizione verso una vita risoluta di diventare reale e compiuta.<\/p>\n<p>Mentre impari ad avere successo nella tua esperienza di relazioni, specialmente in quelle relazioni fondamentali che sono destinate a te, sarai in grado di accertare le relazioni anche in un contesto pi\u00f9 grande. Hai relazioni con altri nella Comunit\u00e0 Pi\u00f9 Grande dei mondi perch\u00e9 questo mondo non \u00e8 la tua unica casa. La tua rete di relazioni significative esiste ben oltre l&#8217;umanit\u00e0 perch\u00e9 l&#8217;umanit\u00e0 non \u00e8 che una colonia di vita intelligente tra le tante che abitano insieme nella Comunit\u00e0 Pi\u00f9 Grande. Hai delle relazioni l\u00ec, e per te queste relazioni possono essere molto fondamentali perch\u00e9 sono relazioni con i membri della tua Famiglia Spirituale.<\/p>\n<p>Poich\u00e9 il mondo si sta preparando ad emergere nella Comunit\u00e0 Pi\u00f9 Grande dei mondi in modo riconoscibile, queste relazioni si attiveranno perch\u00e9 sono importanti. Per te, questo pu\u00f2 diventare una grande enfasi, non a causa del fascino personale o perch\u00e9 potresti pensare di aver bisogno di fuggire da una vita terrena, ma perch\u00e9 questo rappresenta qualcosa nel regno della Conoscenza che \u00e8 essenziale per il significato, lo scopo e la direzione della tua vita. Qui comincerai a sperimentare la relazione con coloro che non puoi nemmeno vedere. Sperimenterai affinit\u00e0 con coloro che non hai nemmeno incontrato. Questo sar\u00e0 molto misterioso. Forse gli darai qualche identit\u00e0 o definizione arbitraria, ma misterioso rimarr\u00e0.<\/p>\n<p>La relazione non \u00e8 due corpi insieme. Non \u00e8 due menti che condividono le stesse idee. Sono spiriti che si toccano attraverso menti e corpi. Questo \u00e8 ci\u00f2 che rende tutti gli incontri e gli impegni umani significativi. Perch\u00e9 cosa pu\u00f2 essere pi\u00f9 prezioso e pi\u00f9 essenziale di quando due persone si toccano veramente e si donano reciprocamente anche nelle circostanze pi\u00f9 semplici, nei gesti pi\u00f9 semplici? Questo \u00e8 il punto pi\u00f9 alto della realizzazione umana. Invenzioni brillanti e grandi risultati nell&#8217;apprendimento umano possono essere straordinari, ma niente pu\u00f2 superare quel momento in cui due spiriti si toccano attraverso la mente e il corpo umano.<\/p>\n<p>Questo \u00e8 ci\u00f2 che stai cercando nelle relazioni, ed \u00e8 il motivo per cui ti viene offerta questa preparazione. \u00c8 un momento di riconoscimento profondo nel contesto di una relazione. Puoi sperimentare questi momenti di riconoscimento al di fuori del contesto di una relazione, ma non avranno modo di esprimersi. Ogni momento di riconoscimento nel contesto di una relazione significa che la relazione stessa pu\u00f2 esprimere quel riconoscimento e i suoi benefici al mondo che ti circonda. Qui il dono viene sperimentato e ha l&#8217;opportunit\u00e0 di essere dato. Qualunque cosa venga data da questo riconoscimento e da questa relazione crescer\u00e0 in te. Qualunque cosa venga donata da questo riconoscimento e da questa relazione si stabilir\u00e0 saldamente nella tua mente.<\/p>\n<p>Quello che viene presentato qui \u00e8 un nuovo modo di vedere e un nuovo modo di relazionarti con te stesso, con gli altri e con il mondo intero. Eppure non \u00e8 affatto nuovo perch\u00e9 \u00e8 cos\u00ec naturale. Pu\u00f2 sembrare nuovo perch\u00e9 ci\u00f2 che le persone sperimentano nelle loro relazioni \u00e8 spesso innaturale. La verit\u00e0 appare sempre nuova e rivoluzionaria anche se \u00e8 sempre esistita. Forse viene espressa in nuovi modi. Forse si sta rivestendo di una terminologia e di esempi che sono rilevanti per la tua esperienza. Eppure \u00e8 pi\u00f9 vecchia del tempo, perch\u00e9 le lezioni di relazione sono sempre state l\u00ec per essere imparate.<\/p>\n<p>Quelli di voi che hanno la fortuna di vivere in una societ\u00e0 relativamente libera, quelli che hanno cos\u00ec tante opportunit\u00e0 di errore e cos\u00ec tante opportunit\u00e0 di impegno con gli altri, ora hanno una maggiore opportunit\u00e0 di acquisire la vera saggezza nelle relazioni. Con questa libert\u00e0 di impegnarsi con gli altri, il rischio di errore \u00e8 maggiore. Ma anche la possibilit\u00e0 di successo \u00e8 maggiore. Queste due cose vanno sempre insieme. Qui la tua responsabilit\u00e0 come studente della Conoscenza e come partecipante consapevole nelle relazioni diventa sempre pi\u00f9 importante.<\/p>\n<p>Il messaggio in questo libro si \u00e8 concentrato sulle relazioni personali perch\u00e9 questo \u00e8 ci\u00f2 che riguarda la maggior parte delle persone e queste sono le aree primarie per l&#8217;apprendimento. Tuttavia, ci sono contesti pi\u00f9 grandi per le relazioni all&#8217;interno della Comunit\u00e0 Pi\u00f9 Grande e all&#8217;interno della tua Famiglia Spirituale. Tuttavia la tua capacit\u00e0 di sperimentare relazioni e affinit\u00e0 e la tua capacit\u00e0 di esprimerti in modo costruttivo con le persone deve essere coltivata prima affinch\u00e9 tu possa incontrare saggiamente e con successo la vita intelligente nella Comunit\u00e0 Pi\u00f9 Grande. Costruire questa capacit\u00e0 ti permetter\u00e0 in futuro di avere un incontro diretto sia con i tuoi Maestri Spirituali che con la tua Famiglia Spirituale. Questo messaggio del Creatore sulle relazioni e lo Scopo Superiore sta preparando la strada per questi incontri pi\u00f9 grandi mettendo il tuo apprendimento esattamente dove \u00e8 pi\u00f9 importante ed efficace ora.<\/p>\n","protected":false},"excerpt":{"rendered":"<p>Ci sono molti elementi specifici nell&#8217;iniziare, mantenere e concludere le relazioni, che non sono stati menzionati in questo libro, eppure sono collegati a ci\u00f2 che \u00e8 stato presentato qui. La Conoscenza \u00e8 la tua guida. La fantasia ti indebolir\u00e0. L&#8217;onest\u00e0 dar\u00e0 sicurezza. La disonest\u00e0 creer\u00e0 una minaccia. Queste cose sono fondamentali indipendentemente da ci\u00f2 che sta accadendo e indipendentemente da qualsiasi problema specifico che stai affrontando in questo momento. La Conoscenza sa come affrontare tutti questi problemi.<\/p>\n<p>Se stai entrando in sintonia con la tua vita interiore e ricettivo alla Conoscenza dentro di te, allora sei nella posizione di imparare queste cose, e ci\u00f2 che imparerai lo riceverai sia da te stesso che dalle persone intorno a te. La vita ti servir\u00e0 se permetti a te stesso di essere servito. La vita ti risponder\u00e0 se sei attivamente impegnato in relazioni significative. Il potere del discernimento \u00e8 qui per te da coltivare, e devi coltivarlo perch\u00e9 sia efficace nel servirti.<\/p>\n<p>Non pensare di poter aggirare la sfida della relazione, perch\u00e9 senza relazione non andrai da nessuna parte e non avrai nulla. Accetta questa grande verit\u00e0 in modo che tu possa ricevere la beneficenza della vita. Con questa beneficenza, la vita ti guarir\u00e0 e ti insegner\u00e0 ci\u00f2 che hai bisogno di imparare e di fare mentre procedi. La vita \u00e8 qui per servirti e le tue relazioni con gli altri sono il contesto in cui questo servizio viene reso.<\/p>\n","protected":false},"author":62,"featured_media":0,"parent":13085,"menu_order":4,"comment_status":"closed","ping_status":"closed","template":"template-leftsidebar.php","meta":{"_monsterinsights_skip_tracking":false,"_monsterinsights_sitenote_active":false,"_monsterinsights_sitenote_note":"","_monsterinsights_sitenote_category":0,"footnotes":""},"categories":[44,469,76,77,79,467],"tags":[1076,749,1077,740,745,750,743,748,741,746,916,744,747,742],"_links":{"self":[{"href":"https:\/\/www.v6.newmessage.org\/it\/wp-json\/wp\/v2\/pages\/29023"}],"collection":[{"href":"https:\/\/www.v6.newmessage.org\/it\/wp-json\/wp\/v2\/pages"}],"about":[{"href":"https:\/\/www.v6.newmessage.org\/it\/wp-json\/wp\/v2\/types\/page"}],"author":[{"embeddable":true,"href":"https:\/\/www.v6.newmessage.org\/it\/wp-json\/wp\/v2\/users\/62"}],"replies":[{"embeddable":true,"href":"https:\/\/www.v6.newmessage.org\/it\/wp-json\/wp\/v2\/comments?post=29023"}],"version-history":[{"count":2,"href":"https:\/\/www.v6.newmessage.org\/it\/wp-json\/wp\/v2\/pages\/29023\/revisions"}],"predecessor-version":[{"id":29029,"href":"https:\/\/www.v6.newmessage.org\/it\/wp-json\/wp\/v2\/pages\/29023\/revisions\/29029"}],"up":[{"embeddable":true,"href":"https:\/\/www.v6.newmessage.org\/it\/wp-json\/wp\/v2\/pages\/13085"}],"wp:attachment":[{"href":"https:\/\/www.v6.newmessage.org\/it\/wp-json\/wp\/v2\/media?parent=29023"}],"wp:term":[{"taxonomy":"category","embeddable":true,"href":"https:\/\/www.v6.newmessage.org\/it\/wp-json\/wp\/v2\/categories?post=29023"},{"taxonomy":"post_tag","embeddable":true,"href":"https:\/\/www.v6.newmessage.org\/it\/wp-json\/wp\/v2\/tags?post=29023"}],"curies":[{"name":"wp","href":"https:\/\/api.w.org\/{rel}","templated":true}]}}