{"id":28939,"date":"2021-07-05T06:08:04","date_gmt":"2021-07-05T06:08:04","guid":{"rendered":"https:\/\/www.newmessage.org\/it\/?page_id=28939"},"modified":"2021-07-05T06:08:04","modified_gmt":"2021-07-05T06:08:04","slug":"sullorlo-del-precipizio","status":"publish","type":"page","link":"https:\/\/www.v6.newmessage.org\/it\/il-messaggio\/volume-1\/il-nuovo-mondo\/sullorlo-del-precipizio","title":{"rendered":"Sull\u2019Orlo del Precipizio"},"content":{"rendered":"<div><!-- Version 3.0 Verse --><\/div>\n\n<div class=\"tabgroup \"><ul class=\"tabs\"><li><a href=\"#tabs-1\">Ascolta<\/a><\/li>\n<li><a href=\"#tabs-2\">Nota<\/a><\/li><\/ul>\n <div id=\"tabs-1\"><\/p>\n<p>Ascolta la Voce della Rivelazione Originale in Inglese:<\/p>\n<div id=\"jquery_jplayer_1\" class=\"jp-jplayer\"><\/div>\n\t\t\t\t<div id=\"jp_container_1\" class=\"jp-audio\">\n\t\t\t\t<div class=\"jp-type-single\"><div class=\"jp-control\"><a href=\"javascript:;\" class=\"jp-play\" tabindex=\"1\">play<\/a><a href=\"javascript:;\" class=\"jp-pause\" tabindex=\"1\">pause<\/a><\/div> <div class=\"jp-gui jp-interface\"><div class=\"jp-volume\"><div class=\"jp-volume-bar\"><div class=\"jp-volume-bar-value\"><\/div><\/div><\/div><div class=\"jp-progress\"><div class=\"jp-seek-bar\"><div class=\"jp-play-bar\"><\/div><\/div><\/div><\/div>\t\t\t\t\t<div class=\"jp-no-solution\"><span>Update Required<\/span>To play the media you will need to either update your browser to a recent version or update your <a href=\"http:\/\/get.adobe.com\/flashplayer\/\" target=\"_blank\">Flash plugin<\/a>.<\/div><\/div><\/div>\n\t\t\t<script type='text\/javascript'>\n\t\t\t\tjQuery(document).ready(function() {\n\t\t\t\t\tif (typeof (sermonMedia) == 'function') {\n\t\t\t\t\t\tsermonMedia.addAudio('', \"jquery_jplayer_1\");\n\t\t\t\t\t}\n\t\t\t\t\tjQuery.jPlayer.timeFormat.showHour = true;\n\t\t\t\t\tjQuery(\"#jquery_jplayer_1\").jPlayer({\n\t\t\t\t\t\tready: function(event) {\n\t\t\t\t\t\t\tjQuery(this).jPlayer(\"setMedia\", {mp3: 'https:\/\/www.newmessage.org\/av\/standing-at-the-precipice.mp3'});\n\t\t\t\t\t\t},\n\t\t\t\t\t\tplay: function() {\n\t\t\t\t\t\t\tjQuery(this).jPlayer(\"pauseOthers\");\n\t\t\t\t\t\t},\n\t\t\t\t\t\tswfPath: ThemeData.directory_uri+\"\/swf\",\n\t\t\t\t\t\tsolution: \"html, flash\",\n\t\t\t\t\t\tpreload: \"metadata\",\n\t\t\t\t\t\twmode: \"window\",\n\t\t\t\t\t\tsupplied: \"mp3\",\n\t\t\t\t\t\tcssSelectorAncestor: '#jp_container_1'\n\t\t\t\t\t});\n\t\t\t\t});\n\t\t\t<\/script><\/p>\n<p><a title=\"Standing at the Precipice\" href=\"https:\/\/www.newmessage.org\/av\/standing-at-the-precipice.mp3\">Download<\/a> (clicca tasto destro del mouse)<\/p>\n<p><a href=\"https:\/\/www.community.newmessage.org\/standing-at-the-precipice\/\"><img loading=\"lazy\" decoding=\"async\" class=\"imgborder aligncenter wp-image-41483 size-medium\" src=\"https:\/\/www.newmessage.org\/wp-content\/uploads\/2019\/07\/TNW-06-Standing-at-the-Precipice-300x157.jpeg\" alt=\"standing at the precipice\" width=\"300\" height=\"157\" \/><\/a><\/p>\n<p><em>Come rivelato al Messaggero di Dio<br \/>\nMarshall Vian Summers<br \/>\nil 10 aprile 2014<br \/>\nin Boulder, Colorado<br \/>\n<\/em><\/p>\n<div class=\"toggle toggle-white\"><h4 class=\"trigger \"><span class=\"t_ico\"><\/span><a href=\"#\">Note riguardo a questa registrazione<\/a><\/h4><div class=\"toggle_container \"><br \/>\n<p>Quella che state sentendo in questa registrazione \u00e8 la voce della <u>Assemblea <\/u>Angelica che sta parlando tramite il <u>Messaggero <\/u>Marshall Vian Summers.<\/p>\n<p>Qua, la comunicazione originale di Dio, che esiste al di l\u00e0 delle parole, \u00e8 tradotta nel linguaggio e nella comprensione umana dall\u2019Assemblea Angelica che veglia sul mondo. Poi l\u2019Assemblea consegna il Messaggio di Dio tramite il Messaggero.<\/p>\n<p>In questo notevole processo, la Voce della Rivelazione sta parlando di nuovo. La Parola e il suono della Voce sono nel mondo. Per la prima volta nella storia, la registrazione dell\u2019originale rivelazione parlata \u00e8 disponibile affinch\u00e9 voi e il mondo la possiate sentire.<\/p>\n<p>Possiate voi essere i destinatari di questo dono di Rivelazione e possiate essere aperti a ricevere il suo Messaggio unico per voi e per la vostra vita.<\/p>\n<br \/>\n<\/div><\/div>\n<p><\/div>\n<div id=\"tabs-2\"><br \/>\n<em>Nota per il Lettore:<br \/>\nQuesta traduzione \u00e8 stata fornita a The Society da uno studente del Nuovo Messaggio che si \u00e8 offerto volontario per tradurre il testo originale in Inglese. Noi rendiamo questa traduzione disponibile al mondo in questa forma iniziale affinch\u00e9 le persone abbiano la possibilit\u00e0 di interagire con una porzione del Nuovo Messaggio nella propria lingua.<\/em><br \/>\n<\/div>\n\t\t\t\t<div align=\"right\">\n\t\t\t<div class=\"fb-like\" data-href=\"\" data-layout=\"button_count\" data-action=\"like\" data-show-faces=\"false\" data-share=\"false\"><\/div>\n\t\t\t<div class=\"fb-share-button\" data-layout=\"button_count\"> <\/div>\n\t\t\t<div class=\"fb_iframe_widget\"><a href=\"https:\/\/twitter.com\/godsnewmessage?ref_src=twsrc%5Etfw\" class=\"twitter-follow-button\" data-show-count=\"false\">Follow @godsnewmessage<\/a><script async src=\"https:\/\/platform.twitter.com\/widgets.js\" charset=\"utf-8\"><\/script><\/div>\n\t\t\t<\/div> <\/div> \n\n<p>Senza un <u><a href=\"https:\/\/www.newmessage.org\/it\/informazioni-riguardo-al-nuovo-messaggio\">Nuovo Messaggio da Dio,<\/a><\/u> il declino del mondo diventa prevedibile, devastante e tragico. Senza una Nuova Rivelazione di Dio che prepari l&#8217;umanit\u00e0 alle <u><a href=\"https:\/\/www.newmessage.org\/it\/il-messaggio\/volume-4\/le-grandi-onde-del-cambiamento\">Grandi Onde del cambiamento<\/a><\/u> che stanno arrivando, e all&#8217;incontro dell&#8217;umanit\u00e0 con altre razze dell&#8217;universo, che ora sta avvenendo, il declino dell&#8217;umanit\u00e0 diventa prevedibile. Se un numero sufficiente di persone non pu\u00f2 ricevere la Nuova Rivelazione di Dio, questo declino continuer\u00e0. \u00c8 del tutto evitabile, ma l&#8217;ora \u00e8 tarda.<\/p>\n<p>Eppure la Rivelazione di Dio \u00e8 nel mondo, data per preparare l&#8217;umanit\u00e0 a queste due grandi soglie; data per incitare una consapevolezza pi\u00f9 profonda, una coscienza pi\u00f9 profonda, uno scopo pi\u00f9 profondo in un numero sufficiente di persone per ribaltare la sorte, per dare all&#8217;umanit\u00e0 la possibilit\u00e0 di prepararsi per una nuova esperienza mondiale.<\/p>\n<p>Dio lo sa, naturalmente, ma la gente \u00e8 impreparata. Oltre ad essere impreparati, sono anche ignoranti e non vogliono imparare\u2014pensando di sapere qual \u00e8 la realt\u00e0, basandosi sulla loro esperienza del passato, senza rendersi conto di essere alle soglie di un grande cambiamento.<\/p>\n<p>La profezia delle Grandi Onde del cambiamento \u00e8 stata data come parte della Nuova Rivelazione. La preparazione per questo, per l&#8217;individuo, \u00e8 stata data come parte della Rivelazione. Ora si deve fare un quadro chiaro di come sar\u00e0 questo mondo futuro qualora questa preparazione non sar\u00e0 sufficientemente ascoltata, se la Nuova Rivelazione di Dio sar\u00e0 ignorata o negata. Dovete capire qui ci\u00f2 che guarderete e affronterete nei tempi a venire e ci\u00f2 che i vostri figli dovranno affrontare di conseguenza, e le generazioni dopo di loro.<\/p>\n<p>Dio parla all&#8217;umanit\u00e0 solo in tempi di grandi opportunit\u00e0, tempi di grandi cambiamenti, tempi in cui la storia del mondo pu\u00f2 essere alterata\u2014semi piantati in un numero sufficiente di persone per mettere in moto forze pi\u00f9 grandi, poteri pi\u00f9 grandi, da usare per il bene o per il male. Ma ora l&#8217;umanit\u00e0 si trova ad una soglia diversa da qualsiasi altra che abbia mai dovuto affrontare\u2014un ambiente che cambia, un clima che cambia, un mondo di risorse in diminuzione, un mondo di crescente instabilit\u00e0 economica e politica.<\/p>\n<p>Se l&#8217;umanit\u00e0 fosse una razza saggia, si sarebbe preparata da decenni per questo. Sarebbe stato riconosciuto. Sarebbe stato previsto a sufficienza, si sarebbero fatti sacrifici e ci si sarebbe preparati a lungo.<\/p>\n<p>Ma l&#8217;umanit\u00e0 non \u00e8 ancora una razza saggia. Non capisce il mondo in cui vive e i limiti di questo mondo. Non capisce che vive in una <u><a href=\"https:\/\/www.newmessage.org\/it\/il-messaggio\/volume-1\/la-comunita-piu-grande\">Comunit\u00e0 Pi\u00f9 Grande<\/a><\/u> di vita nell&#8217;universo, dove la libert\u00e0 \u00e8 rara e dove mondi come questo sono molto stimati dagli altri. \u00c8 una razza preoccupata del suo passato e delle sue attuali difficolt\u00e0 e ossessioni.<\/p>\n<p>Qui coloro che sono preveggenti, che possono vedere e capire, che possono riconoscere le forze che stanno muovendo il mondo, si sentiranno soli e isolati per la maggior parte e sono in grado di capire cosa bisogna fare in questi tempi, nei grandi tempi di preparazione che vi restano.<\/p>\n<p>Dio lo capisce, naturalmente, ed \u00e8 per questo che la Rivelazione \u00e8 nel mondo. Vi dar\u00e0 tutto ci\u00f2 di cui avete bisogno se saprete rispondere, se saprete prepararvi, se saprete modificare la vostra comprensione e le vostre priorit\u00e0 a sufficienza per intraprendere questa preparazione con successo. Ma dovete capire l&#8217;alternativa se trascurate questo, se lo evitate. Non \u00e8 un quadro facile, ma deve essere compreso.<\/p>\n<p>Nei prossimi decenni, il clima cambier\u00e0 pi\u00f9 drammaticamente di quanto previsto attualmente. Le nazioni saranno a corto di risorse. La produzione di alimenti sar\u00e0 ridotta a causa dei grandi impatti ambientali. Guerre e rivoluzioni regionali scoppieranno, ma senza risoluzione, lasciando le nazioni incapaci di affrontare addirittura le loro circostanze attuali, per non parlare delle esigenze del futuro. Le religioni diventeranno pi\u00f9 frammentate e divise, poich\u00e9 le persone si sentono minacciate e vogliono associarsi solo al loro gruppo\u2014il loro gruppo etnico, il loro gruppo sociale, il loro gruppo religioso\u2014in opposizione agli altri, che si polarizzano di fronte al grande cambiamento e all&#8217;incertezza.<\/p>\n<p>Questo d\u00e0 inizio a un lungo periodo di declino e disintegrazione mentre le nazioni diventano ora pi\u00f9 isolate, cercando forse alleanze, ma pi\u00f9 isolate a livello regionale, e non disposte o incapaci di aiutarsi l&#8217;un l&#8217;altra nelle grandi sfide a venire. Un&#8217;umanit\u00e0 in crescita dovr\u00e0 affrontare in molti luoghi la perdita di alimenti, acqua ed energia necessari per sostenere quella civilt\u00e0 che conoscevano.<\/p>\n<p>Questo non \u00e8 un insieme di problemi e situazioni convergenti che la tecnologia da sola pu\u00f2 risolvere, perch\u00e9 la tecnologia sar\u00e0 sopraffatta. Queste sono le grandi onde convergenti del cambiamento, il cambiamento che avviene a tutti i livelli concepibili, tutto in una volta. Questa \u00e8 la vulnerabilit\u00e0 che l&#8217;umanit\u00e0 ha creato in decenni di negligenza e irresponsabilit\u00e0.<\/p>\n<p>Eppure la Rivelazione \u00e8 nel mondo. Dio ha parlato di nuovo, per la prima volta in pi\u00f9 di mille anni. L&#8217;avvertimento \u00e8 stato stabilito. La benedizione \u00e8 stata data al reale potere che l&#8217;umanit\u00e0 ha di navigare nei tempi difficili che ci attendono e ci\u00f2 che potrebbe significare costruire l&#8217;unit\u00e0 umana e la cooperazione ad un livello mai visto prima in questo mondo\u2014costruito ora per pura necessit\u00e0, costruito ora per compassione e responsabilit\u00e0, costruito ora in modo che l&#8217;umanit\u00e0 abbia una possibilit\u00e0, una grande possibilit\u00e0, ma non una possibilit\u00e0 che durer\u00e0 per sempre.<\/p>\n<p>Perch\u00e9 nei decenni a venire si decider\u00e0 il tipo di mondo che l&#8217;umanit\u00e0 dovr\u00e0 affrontare, e se sar\u00e0 in grado di resistere alla persuasione e all&#8217;intromissione dall&#8217; universo che la circonda, cosa che spesso accade in tempi come questi, quando i popoli nativi diventano deboli e in conflitto.<\/p>\n<p>Non pensate di essere qui per caso, perch\u00e9 siete stati mandati nel mondo per affrontare queste situazioni, per aggiungere la vostra necessaria ma piccola parte. Questo vale per tutti nel mondo. E anche se met\u00e0 dell&#8217;umanit\u00e0 \u00e8 cos\u00ec oppressa dalla povert\u00e0 e dall&#8217;oppressione religiosa e politica, che sembra poter fare ben poco, la chiamata \u00e8 ancora l\u00ec per tutti coloro che sono in grado e abbastanza liberi di rispondere.<\/p>\n<p>Se la situazione non fosse cos\u00ec terribile, allora Dio non avrebbe bisogno di parlare di nuovo. L&#8217;umanit\u00e0 avrebbe tempo e risorse per capire la situazione e prepararsi di conseguenza. Ma voi avete superato quella soglia qualche tempo fa\u2014inconsapevolmente, involontariamente\u2014e adesso sar\u00e0 una corsa fino all\u2019ultima meta, la corsa per salvare la civilt\u00e0 umana.<\/p>\n<p>Se il vostro ambiente diventasse inabitabile, tutto sarebbe perduto. Questa \u00e8 una conseguenza dell&#8217;uso che l&#8217;umanit\u00e0 fa del mondo, il suo tentativo di dominare la natura e di volgerla alla sua volont\u00e0 e ai suoi fini. Non \u00e8 una maledizione di Dio. \u00c8 un prodotto della mancanza di visione, responsabilit\u00e0 e cooperazione qui sulla Terra.<\/p>\n<p>Perci\u00f2 Dio non parla con condanna, ma con forza e speranza. Perch\u00e9 l&#8217;ora \u00e8 tarda e l&#8217;umanit\u00e0 non pu\u00f2 essere negligente. Non pu\u00f2 essere sciocca. Non pu\u00f2 essere autodistruttiva di fronte a forze di cambiamento cos\u00ec grandi.<\/p>\n<p>Se aveste il coraggio e l&#8217;umilt\u00e0 di affrontare ci\u00f2 che sta arrivando, vedreste che Dio deve parlare di nuovo. Perch\u00e9 le religioni del mondo non sono state create per affrontare queste grandi soglie. E sono cos\u00ec divise tra di loro, e anche a loro interno, che non potranno mai condurre l&#8217;umanit\u00e0 in avanti. Le loro prescrizioni erano per tempi antichi, un mondo che in realt\u00e0 non esiste pi\u00f9. E anche se la loro saggezza \u00e8 grande e la loro etica \u00e8 importante, Dio deve parlare di nuovo, o l&#8217;umanit\u00e0 fallir\u00e0 sicuramente.<\/p>\n<p>La Rivelazione ristabilir\u00e0 ci\u00f2 che \u00e8 saggio nell&#8217;individuo, abbastanza individui che saranno allora in grado di esercitare la loro influenza nel mondo e di preparare e sopravvivere alle <u><a href=\"https:\/\/www.newmessage.org\/it\/il-messaggio\/volume-4\/le-grandi-onde-del-cambiamento\">Grandi Onde del cambiamento<\/a><\/u> e di costruire un futuro pi\u00f9 grande oltre le soglie che verranno.<\/p>\n<p>\u00c8 una grande sfida che unir\u00e0 l&#8217;umanit\u00e0 ora, niente di meno che questo. Sono grandi conseguenze, grandi tempi, che solleveranno le persone dall&#8217;auto-ossessione e dalla miseria a livelli pi\u00f9 alti di servizio nel mondo.<\/p>\n<p>Poich\u00e9 ognuno di voi \u00e8 stato mandato nel mondo per vivere in questi tempi, e il contributo che vi \u00e8 stato dato affinch\u00e9 lo doniate \u00e8 dentro di voi ora, ma esiste oltre il regno dell&#8217;intelletto. Deve essere evocato da un Potere Superiore\u2014il potere superiore dentro di voi e il Potere Superiore al di l\u00e0 di voi.<\/p>\n<p>Questo \u00e8 il tempo della Rivelazione. Questo \u00e8 il grande periodo della decisione. Questo \u00e8 un grande momento in cui l&#8217;umanit\u00e0 dovr\u00e0 scegliere il tipo di futuro che vuole, comprendendo pienamente i grandi rischi che ora affronta.<\/p>\n<p>Non potete essere inattivi in questi tempi. Non potete essere ambivalenti, o la realt\u00e0 vi travolger\u00e0 e porter\u00e0 grandi disgrazie nella vostra vita.<\/p>\n<p><u><a href=\"https:\/\/www.newmessage.org\/it\/il-messaggero\/chi-e-marshall-vian-summers\">Il Messaggero<\/a><\/u> \u00e8 nel mondo, ma rimane non riconosciuto e sconosciuto. Egli sta facendo tutto il possibile per portare avanti il Messaggio, per parlare alla gente, ma essi devono avere gli occhi per vedere e le orecchie per sentire, o saranno sordi e ciechi, incapaci di rispondere.<\/p>\n<p>Dio ora non porta solo un miglioramento alla famiglia umana, non solo un nuovo messaggio di speranza e di ispirazione, ma proprio la cosa che salver\u00e0 la famiglia umana stessa\u2014dal collasso all&#8217;interno di questo mondo e dalla sottomissione da parte delle forze provenienti dall&#8217;esterno. Solo circostanze terribili porterebbero una tale Rivelazione nel mondo. E voi state affrontando tali circostanze in questo momento.<\/p>\n<p>Non aspettate che la pioggia forte cada o la grande siccit\u00e0 o la grande tempesta arrivino per convincervi che state vivendo in un tale momento, perch\u00e9 coloro che hanno gli occhi per vedere possono vedere oltre l&#8217;orizzonte le grandi tempeste che si stanno sviluppando. Possono sentire la voce della Conoscenza dentro di loro, la Mente pi\u00f9 profonda che Dio ha messo dentro di loro per guidarli, per proteggerli e per condurli a una vita pi\u00f9 grande di servizio e di realizzazione in un mondo che sta subendo un grande cambiamento.<\/p>\n<p>Per vedere la risposta, bisogna riconoscere la necessit\u00e0. \u00c8 scioccante. All&#8217;inizio sar\u00e0 difficile da affrontare. Vi sentirete impotenti e senza speranza. Ma la Nuova Rivelazione di Dio \u00e8 nel mondo, e Dio vi ha mandato con il potere di rispondere, che \u00e8 in attesa di essere scoperto in voi.<\/p>\n<p>Dovete allora affrontare lo shock del futuro, perch\u00e9 siete sull&#8217;orlo del precipizio nel determinare quale tipo di futuro sar\u00e0 veramente. Senza una grande cooperazione tra le nazioni ora, l&#8217;umanit\u00e0 cadr\u00e0 in un ciclo di conflitti senza fine su chi ha accesso alle risorse rimanenti. Questi conflitti saranno disperati e molto pi\u00f9 distruttivi di qualsiasi cosa abbiate visto finora.<\/p>\n<p>Ci deve essere una grande compassione, una grande accettazione, una grande tolleranza per le altre persone. Perch\u00e9 in questa situazione non vi limiterete ad aiutare voi stessi. Sarete chiamati ad assistere altri i cui bisogni sono profondi e schiaccianti. \u00c8 un tempo di grande cooperazione. \u00c8 un tempo di grande servizio.<\/p>\n<p>Le persone stanno ancora cercando di essere felici e di avere ci\u00f2 che vogliono, al di l\u00e0 di soddisfare i loro bisogni fondamentali nella vita. Ma c&#8217;\u00e8 una chiamata pi\u00f9 grande per loro e per voi. Il mondo sta dando questa chiamata ora. Non pensate al vostro futuro in termini di ci\u00f2 che vi renderebbe felici o di quale sarebbe una piacevole vocazione, ma a ci\u00f2 di cui il mondo ha bisogno e che voi potreste fornire, dove i vostri talenti, qualsivoglia essi siano, possono essere di reale servizio alle persone.<\/p>\n<p>Questo cambier\u00e0 la vostra vita. Cambier\u00e0 la vostra relazione con voi stessi, come vi sentite con voi stessi e con gli altri. Cambier\u00e0 tutto nel modo in cui vedete la vostra vita, il suo valore e il suo significato. Perch\u00e9 \u00e8 cos\u00ec che Dio vi restaurer\u00e0, attraverso la preparazione e poi attraverso un grande servizio agli altri, restaurando la vostra mente terrena tramite il servizio alla Mente pi\u00f9 profonda dentro di voi, che si chiama Conoscenza.<\/p>\n<p>Coloro che hanno gli occhi per vedere vedranno, e ascolteranno le Nostre parole e le prenderanno a cuore profondamente. Altri le dimenticheranno o le scarteranno, pensando che questo \u00e8 troppo radicale, troppo impegnativo, troppo impossibile, pensando che la vita non possa essere davvero cos\u00ec. Pregate per loro, perch\u00e9 sono deboli e non possono ancora rispondere.<\/p>\n<p>Sono coloro che possono rispondere che faranno la differenza, ma devono rispondere pienamente. Questo non \u00e8 un impegno casuale. Non si tratta di alcune semplici cose da fare. Si tratta di qualcosa che cambier\u00e0 il corso della vostra vita, ma \u00e8 molto meglio che siate voi a cambiare il corso della vostra vita piuttosto che le circostanze vi travolgano e cambino la vostra vita al di l\u00e0 del vostro controllo.<\/p>\n<p>Questa \u00e8 la Saggezza che viene dal grande Amore del Creatore, perch\u00e9 Dio ama l&#8217;umanit\u00e0 e non vuole vedere la famiglia umana disintegrarsi e fallire per ragioni che non pu\u00f2 ancora vedere. Questa \u00e8 la robustezza e la durevolezza dell&#8217;Amore di Dio che ora viene dato ad un mondo intero per salvarlo dal fallimento e dal collasso, e per prepararlo ad impegnarsi in un universo pieno di vita intelligente, di cui l&#8217;umanit\u00e0 non sa assolutamente nulla.<\/p>\n<p>Solo un Nuovo Messaggio da Dio potrebbe fornire queste cose, perch\u00e9 solo Dio conosce la natura del vostro cuore e della vostra anima. Solo Dio sa com&#8217;\u00e8 la vita ovunque nell&#8217;universo. Solo Dio potrebbe prepararvi\u2014emotivamente, mentalmente e praticamente\u2014per la strada che vi aspetta.<\/p>\n<p>\u00c8 solo arrivando alla Rivelazione che arriverete a vedere queste cose di cui parliamo qui oggi. Dovete fare questo avvicinamento. Dio vuole salvarvi e salvare la vostra vita, ma dovete avvicinarvi.<\/p>\n<p>La benedizione \u00e8 ora sul mondo, perch\u00e9 Dio ha parlato di nuovo. Una grande preparazione \u00e8 stata data al mondo, una grande ispirazione, e la base per una vera cooperazione tra i popoli e le nazioni\u2014nata dalla necessit\u00e0, nata dalla realt\u00e0, nata dalla verit\u00e0 del perch\u00e9 siete veramente nel mondo e cosa siete qui per servire al di l\u00e0 dei vostri interessi e bisogni personali.<\/p>\n","protected":false},"excerpt":{"rendered":"<p>Senza un Nuovo Messaggio da Dio, il declino del mondo diventa prevedibile, devastante e tragico. Senza una Nuova Rivelazione di Dio che prepari l&#8217;umanit\u00e0 alle Grandi Onde del cambiamento che stanno arrivando, e all&#8217;incontro dell&#8217;umanit\u00e0 con altre razze dell&#8217;universo, che ora sta avvenendo, il declino dell&#8217;umanit\u00e0 diventa prevedibile. Se un numero sufficiente di persone non pu\u00f2 ricevere la Nuova Rivelazione di Dio, questo declino continuer\u00e0. \u00c8 del tutto evitabile, ma l&#8217;ora \u00e8 tarda.<\/p>\n<p>Eppure la Rivelazione di Dio \u00e8 nel mondo, data per preparare l&#8217;umanit\u00e0 a queste due grandi soglie; data per incitare una consapevolezza pi\u00f9 profonda, una coscienza pi\u00f9 profonda, uno scopo pi\u00f9 profondo in un numero sufficiente di persone per ribaltare la sorte, per dare all&#8217;umanit\u00e0 la possibilit\u00e0 di prepararsi per una nuova esperienza mondiale.<\/p>\n<p>Dio lo sa, naturalmente, ma la gente \u00e8 impreparata. Oltre ad essere impreparati, sono anche ignoranti e non vogliono imparare\u2014pensando di sapere qual \u00e8 la realt\u00e0, basandosi sulla loro esperienza del passato, senza rendersi conto di essere alle soglie di un grande cambiamento.<\/p>\n","protected":false},"author":62,"featured_media":0,"parent":16482,"menu_order":5,"comment_status":"closed","ping_status":"closed","template":"template-leftsidebar.php","meta":{"_monsterinsights_skip_tracking":false,"_monsterinsights_sitenote_active":false,"_monsterinsights_sitenote_note":"","_monsterinsights_sitenote_category":0,"footnotes":""},"categories":[118,536,76,30,463,460],"tags":[749,740,745,750,743,748,741,746,744,747,1043,1042,742],"_links":{"self":[{"href":"https:\/\/www.v6.newmessage.org\/it\/wp-json\/wp\/v2\/pages\/28939"}],"collection":[{"href":"https:\/\/www.v6.newmessage.org\/it\/wp-json\/wp\/v2\/pages"}],"about":[{"href":"https:\/\/www.v6.newmessage.org\/it\/wp-json\/wp\/v2\/types\/page"}],"author":[{"embeddable":true,"href":"https:\/\/www.v6.newmessage.org\/it\/wp-json\/wp\/v2\/users\/62"}],"replies":[{"embeddable":true,"href":"https:\/\/www.v6.newmessage.org\/it\/wp-json\/wp\/v2\/comments?post=28939"}],"version-history":[{"count":1,"href":"https:\/\/www.v6.newmessage.org\/it\/wp-json\/wp\/v2\/pages\/28939\/revisions"}],"predecessor-version":[{"id":28943,"href":"https:\/\/www.v6.newmessage.org\/it\/wp-json\/wp\/v2\/pages\/28939\/revisions\/28943"}],"up":[{"embeddable":true,"href":"https:\/\/www.v6.newmessage.org\/it\/wp-json\/wp\/v2\/pages\/16482"}],"wp:attachment":[{"href":"https:\/\/www.v6.newmessage.org\/it\/wp-json\/wp\/v2\/media?parent=28939"}],"wp:term":[{"taxonomy":"category","embeddable":true,"href":"https:\/\/www.v6.newmessage.org\/it\/wp-json\/wp\/v2\/categories?post=28939"},{"taxonomy":"post_tag","embeddable":true,"href":"https:\/\/www.v6.newmessage.org\/it\/wp-json\/wp\/v2\/tags?post=28939"}],"curies":[{"name":"wp","href":"https:\/\/api.w.org\/{rel}","templated":true}]}}