{"id":28881,"date":"2021-05-20T12:17:07","date_gmt":"2021-05-20T12:17:07","guid":{"rendered":"https:\/\/www.newmessage.org\/it\/?page_id=28881"},"modified":"2021-05-20T12:17:07","modified_gmt":"2021-05-20T12:17:07","slug":"la-rimembranza","status":"publish","type":"page","link":"https:\/\/www.v6.newmessage.org\/it\/il-messaggio\/volume-1\/il-potere-della-conoscenza\/la-rimembranza","title":{"rendered":"La Rimembranza"},"content":{"rendered":"<div><\/div>\n\n<div class=\"tabgroup \"><ul class=\"tabs\"><li><a href=\"#tabs-1\">Ascolta<\/a><\/li>\n<li><a href=\"#tabs-2\">Nota<\/a><\/li><\/ul>\n <div id=\"tabs-1\"><\/p>\n<p>Ascolta la Voce della Rivelazione Originale in Inglese:<\/p>\n<div id=\"jquery_jplayer_1\" class=\"jp-jplayer\"><\/div>\n\t\t\t\t<div id=\"jp_container_1\" class=\"jp-audio\">\n\t\t\t\t<div class=\"jp-type-single\"><div class=\"jp-control\"><a href=\"javascript:;\" class=\"jp-play\" tabindex=\"1\">play<\/a><a href=\"javascript:;\" class=\"jp-pause\" tabindex=\"1\">pause<\/a><\/div> <div class=\"jp-gui jp-interface\"><div class=\"jp-volume\"><div class=\"jp-volume-bar\"><div class=\"jp-volume-bar-value\"><\/div><\/div><\/div><div class=\"jp-progress\"><div class=\"jp-seek-bar\"><div class=\"jp-play-bar\"><\/div><\/div><\/div><\/div>\t\t\t\t\t<div class=\"jp-no-solution\"><span>Update Required<\/span>To play the media you will need to either update your browser to a recent version or update your <a href=\"http:\/\/get.adobe.com\/flashplayer\/\" target=\"_blank\">Flash plugin<\/a>.<\/div><\/div><\/div>\n\t\t\t<script type='text\/javascript'>\n\t\t\t\tjQuery(document).ready(function() {\n\t\t\t\t\tif (typeof (sermonMedia) == 'function') {\n\t\t\t\t\t\tsermonMedia.addAudio('', \"jquery_jplayer_1\");\n\t\t\t\t\t}\n\t\t\t\t\tjQuery.jPlayer.timeFormat.showHour = true;\n\t\t\t\t\tjQuery(\"#jquery_jplayer_1\").jPlayer({\n\t\t\t\t\t\tready: function(event) {\n\t\t\t\t\t\t\tjQuery(this).jPlayer(\"setMedia\", {mp3: 'https:\/\/www.newmessage.org\/av\/the-remembrance.mp3'});\n\t\t\t\t\t\t},\n\t\t\t\t\t\tplay: function() {\n\t\t\t\t\t\t\tjQuery(this).jPlayer(\"pauseOthers\");\n\t\t\t\t\t\t},\n\t\t\t\t\t\tswfPath: ThemeData.directory_uri+\"\/swf\",\n\t\t\t\t\t\tsolution: \"html, flash\",\n\t\t\t\t\t\tpreload: \"metadata\",\n\t\t\t\t\t\twmode: \"window\",\n\t\t\t\t\t\tsupplied: \"mp3\",\n\t\t\t\t\t\tcssSelectorAncestor: '#jp_container_1'\n\t\t\t\t\t});\n\t\t\t\t});\n\t\t\t<\/script><\/p>\n<p><a title=\"The Remembrance\" href=\"https:\/\/www.newmessage.org\/av\/the-remembrance.mp3\">Download<\/a> (clicca tasto destro del mouse)<\/p>\n<p><a href=\"https:\/\/www.newmessage.org\/wp-content\/uploads\/2019\/05\/POK-14-The-Remembrance.jpeg\"><img decoding=\"async\" class=\"aligncenter size-medium wp-image-40608 imgborder\" src=\"https:\/\/www.newmessage.org\/wp-content\/uploads\/2019\/05\/POK-14-The-Remembrance-300x157.jpeg\" alt=\"\" \/><\/a><\/p>\n<p class=\"revelation_details\"><em>Come rivelato al Messaggero di Dio<br \/>\nMarshall Vian Summers<br \/>\nIl 12 Marzo 2016<br \/>\nin Boulder, Colorado<\/em><\/p>\n<div class=\"toggle toggle-white\"><h4 class=\"trigger \"><span class=\"t_ico\"><\/span><a href=\"#\">Note riguardo a questa registrazione<\/a><\/h4><div class=\"toggle_container \"><br \/>\n<p>Quella che state sentendo in questa registrazione \u00e8 la voce della <u>Assemblea <\/u>Angelica che sta parlando tramite il <u>Messaggero <\/u>Marshall Vian Summers.<\/p>\n<p>Qua, la comunicazione originale di Dio, che esiste al di l\u00e0 delle parole, \u00e8 tradotta nel linguaggio e nella comprensione umana dall\u2019Assemblea Angelica che veglia sul mondo. Poi l\u2019Assemblea consegna il Messaggio di Dio tramite il Messaggero.<\/p>\n<p>In questo notevole processo, la Voce della Rivelazione sta parlando di nuovo. La Parola e il suono della Voce sono nel mondo. Per la prima volta nella storia, la registrazione dell\u2019originale rivelazione parlata \u00e8 disponibile affinch\u00e9 voi e il mondo la possiate sentire.<\/p>\n<p>Possiate voi essere i destinatari di questo dono di Rivelazione e possiate essere aperti a ricevere il suo Messaggio unico per voi e per la vostra vita.<\/p>\n<br \/>\n<\/div><\/div><br \/>\n<\/div>\n<div id=\"tabs-2\"><br \/>\n<em>Nota per il Lettore:<br \/>\nQuesta traduzione \u00e8 stata fornita a The Society da uno studente del Nuovo Messaggio che si \u00e8 offerto volontario per tradurre il testo originale in Inglese. Noi rendiamo questa traduzione disponibile al mondo in questa forma iniziale affinch\u00e9 le persone abbiano la possibilit\u00e0 di interagire con una porzione del Nuovo Messaggio nella propria lingua.<\/em><br \/>\n<\/div>\n\t\t\t\t<div align=\"right\">\n\t\t\t<div class=\"fb-like\" data-href=\"\" data-layout=\"button_count\" data-action=\"like\" data-show-faces=\"false\" data-share=\"false\"><\/div>\n\t\t\t<div class=\"fb-share-button\" data-layout=\"button_count\"> <\/div>\n\t\t\t<div class=\"fb_iframe_widget\"><a href=\"https:\/\/twitter.com\/godsnewmessage?ref_src=twsrc%5Etfw\" class=\"twitter-follow-button\" data-show-count=\"false\">Follow @godsnewmessage<\/a><script async src=\"https:\/\/platform.twitter.com\/widgets.js\" charset=\"utf-8\"><\/script><\/div>\n\t\t\t<\/div> <\/div> \n\n<p>Oggi parleremo della &#8220;Rimembranza&#8221;.<\/p>\n<p>Voi portate dentro di voi il ricordo della vostra Antica Casa, in profondit\u00e0 sotto la superficie della vostra mente, in profondit\u00e0 sotto la superficie di quella parte della vostra mente che \u00e8 stata condizionata dal mondo ed \u00e8 fissata sul mondo. Ma pi\u00f9 in profondit\u00e0 dentro di voi, c&#8217;\u00e8 una grande rimembranza, c&#8217;\u00e8 una pi\u00f9 grande Presenza, c&#8217;\u00e8 una connessione pi\u00f9 grande con la vostra Famiglia Spirituale oltre questo mondo, che vi ha mandato qui, in missione, con uno scopo da compiere.<\/p>\n<p>Non avete perso la vostra connessione con il Cielo. Infatti, siete legati al Cielo anche mentre vagate nell&#8217;universo, vivendo nella Separazione, vivendo nella Separazione da tutto ci\u00f2 che \u00e8 veramente permanente, senza tempo e per sempre. Ma ci\u00f2 che \u00e8 senza tempo e per sempre non \u00e8 ci\u00f2 che i vostri occhi vedono, o le vostre orecchie sentono, o ci\u00f2 che le vostre mani possono toccare.<\/p>\n<p>Ora vivete in un altro tipo di realt\u00e0, una realt\u00e0 temporanea \u2014 su una scala temporale molto lunga. Ha un inizio, un punto di mezzo e una fine. E in questo momento siete da qualche parte nel mezzo, perch\u00e9 la fine \u00e8 molto pi\u00f9 avanti rispetto a voi e l&#8217;inizio \u00e8 molto indietro a voi.<\/p>\n<p>Voi siete come l&#8217;iceberg, vedete. Una parte \u00e8 sopra il livello dell&#8217;acqua, ma la maggior parte \u00e8 sotto, fuori dalla vista, nascosta, ma ancora completamente parte della struttura di chi siete. E, in effetti, \u00e8 la zavorra di chi siete. \u00c8 il fondamento di ci\u00f2 che siete. \u00c8 ci\u00f2 che siete, nella realt\u00e0 senza tempo.<\/p>\n<p>Ma qui in questo mondo, in questo momento, tu sei una persona. Sei un&#8217;identit\u00e0 singolare\u2014parte di una cultura, parte di una nazione, parte degli eventi di questo mondo in questo momento, condizionato da questo mondo, fissato su questo mondo, dominato da questo mondo.<\/p>\n<p>Ma in profondit\u00e0 sotto il livello dell&#8217;acqua, in profondit\u00e0 sotto la superficie della vostra mente, c&#8217;\u00e8 il potere della Conoscenza, la Mente pi\u00f9 profonda dentro di voi. E questa Conoscenza contiene il ricordo della vostra Antica Casa.<\/p>\n<p>Ad un certo punto, forse in un momento di disperazione o di grande sobriet\u00e0 riguardo alla vostra vita, o in un momento di grande preveggenza e chiarezza mentale, percepirete questo ricordo. Non \u00e8 qualcosa che ricorderete con immagini. \u00c8 pi\u00f9 un sentimento pi\u00f9 profondo di connessione, come ci si sentiva ad essere l\u00ec, e quanto sia diverso da dove siete ora\u2014una realt\u00e0 completamente diversa, senza dubbio. E forse in questi momenti di maggiore chiarezza, dove non siete ossessionati dal mondo o da voi stessi, sentirete queste cose, perch\u00e9 vivono dentro di voi in ogni momento. Non potete perderle, davvero. Anche se state vagando nel tempo e nello spazio, sono sempre con voi.<\/p>\n<p>E quando lascerete questa vita, tornerete alla rimembranza e a coloro che vi hanno mandato nel mondo, con grande chiarezza di ci\u00f2 che siete stati mandati qui a fare e grande certezza di averlo fatto o meno. Qui non c&#8217;\u00e8 punizione, vedete. Non c&#8217;\u00e8 dannazione, perch\u00e9 quella \u00e8 una creazione umana. C&#8217;\u00e8 solo il ricordo. &#8220;Ah, s\u00ec, ero in quel mondo, in quel luogo&#8221;.<\/p>\n<p>Ma qui, in questo momento, la rimembranza \u00e8 cos\u00ec importante perch\u00e9 comincia a ristabilire in voi\u2014consapevolmente\u2014la vostra connessione con il Cielo, e con questa connessione, avete un&#8217;ancora di salvezza che vi alimenta di forza e scopo, forza e coraggio.<\/p>\n<p>Prima di questo, siete un prodotto della vostra cultura come se foste rifatti all&#8217;interno di questa cultura\u2014dominati dagli altri, dalla vostra famiglia, dai vostri amici, dalle aspettative della societ\u00e0, dominati persino dalle forze fisiche del vostro corpo.<\/p>\n<p>Ma ora l&#8217;altra grande porzione della vostra vita comincia ad emergere nella vostra consapevolezza. Non siete pi\u00f9 solo la punta dell&#8217;iceberg sopra la linea dell&#8217;acqua. State diventando qualcosa di pi\u00f9 profondo, pi\u00f9 forte e pi\u00f9 grande\u2014pi\u00f9 sostanziali, nel mondo, di questa fragile creatura che siete oggi, pi\u00f9 indipendenti, meno influenzati dal mondo turbolento e tragico che vi circonda, meno attratti dal desiderio e meno scoraggiati dalla catastrofe.<\/p>\n<p>Dio ha mandato la Nuova Rivelazione nel mondo per questo tempo e per i tempi a venire. Vi porta l\u2019ingresso della rimembranza attraverso i Passi verso La Conoscenza, impegnando la vostra mente terrena con la Mente pi\u00f9 profonda, la Mente immortale, dentro di voi. E con questo arriva, a piccoli incrementi forse, qua e l\u00e0, il ricordo della vostra Antica Casa, nel sentimento.<\/p>\n<p>Non ricordate il suo aspetto, perch\u00e9 l&#8217;aspetto non \u00e8 come viene rappresentato in questa realt\u00e0. Ma vi ricordate di essere con certi individui e certe presenze con l&#8217;immediata e chiara comprensione di ci\u00f2 che state facendo e del perch\u00e9 state venendo nel mondo. Tutto questo fa parte del ricordo.<\/p>\n<p>Oltre questo c&#8217;\u00e8 la Creazione stessa, senza tempo, inconcepibile da dove vi trovate oggi. Tutto ci\u00f2 che \u00e8 immortale \u00e8 inconcepibile per una mente che \u00e8 stata creata nel tempo e nello spazio. Ecco perch\u00e9 non potete concepire il Paradiso. O se ci provate, come fanno molte persone, diventa una specie di estensione della vostra vita nel mondo, solo molto meglio, naturalmente, ma alla fine estremamente noiosa e monotona. Perch\u00e9 se la vita \u00e8 sempre buona, cessa di essere un&#8217;esperienza piacevole.<\/p>\n<p>Ma la vostra Antica Casa \u00e8 completamente diversa da questa, vedete, ed \u00e8 per questo che non potete immaginarla. Ma potete sentire il potere e la presenza della Conoscenza dentro di voi: una Mente nata dal Cielo, una parte di voi che non ha mai lasciato Dio, la vostra linea di vita verso il Cielo e in questo mondo, in questa vita, il fondamento della vostra forza, della vostra integrit\u00e0 e il custode dello scopo superiore che vi ha portato qui, e con esso il ricordo e il riconoscimento di coloro che nella vita avranno un ruolo necessario nell&#8217;espressione di questo scopo.<\/p>\n<p>Quale forza pi\u00f9 grande potrebbe darvi Dio se non la rimembranza? Perch\u00e9 con essa arriva la forza della vostra immortalit\u00e0, che comincia a sbrogliare gli innumerevoli strati di paura, apprensione, risentimento e imperdonabilit\u00e0 che fanno cos\u00ec tanto parte della vostra esperienza di vita nella Separazione.<\/p>\n<p>Quale dono pi\u00f9 grande potrebbe darvi Dio se non il ricordo di chi siete, perch\u00e9 siete venuti, chi vi ha mandato e cosa significa essere nel mondo, vivere con uno scopo e una missione pi\u00f9 grande per la quale siete qui?<\/p>\n<p>Quando intraprendete i Passi verso La Conoscenza, quando cominciate a permettere alla Conoscenza di rimodellare la vostra vita e permettete alla rimembranza di darvi la sua forza, il suo coraggio e la sua integrit\u00e0, guarderete gli altri come se vivessero incatenati alle loro idee, persi nelle loro paure e nelle loro fantasie, credendo nelle loro illusioni, cercando di essere felici, cercando di stare bene, cercando di essere sicuri ma sentendosi sempre insicuri, sempre a disagio, sempre guidati dall&#8217;ansia.<\/p>\n<p>La loro situazione, che prima era la vostra, ora diventa sempre pi\u00f9 chiara, e voi li guarderete con misericordia, perch\u00e9 vedrete pi\u00f9 chiaramente il loro dilemma. Vedrete pi\u00f9 chiaramente la realt\u00e0 di vivere nella Separazione, separati dalla vostra Antica Casa e da tutto ci\u00f2 che esisteva l\u00ec. Ma ora avete iniziato la rimembranza lentamente, sicuramente, mentre la vostra vita comincia a diventare semplice e chiara, mentre la vostra mente comincia ad aprirsi dal suo lungo e travagliato sogno di Separazione.<\/p>\n<p>\u00c8 la rimembranza. \u00c8 la sensazione di non essere soli. \u00c8 il riconoscimento che non siete veramente persi, persi come lo eravate prima. C&#8217;\u00e8 qualcosa di pi\u00f9 solido e permanente in voi ora, che trascende la credenza e l&#8217;ideologia.<\/p>\n<p>Potete sentirla, e mentre la sentite, diventa pi\u00f9 forte e prevalente nella vostra vita, fornendovi un contrasto e dandovi la libert\u00e0 dall&#8217;ansia costante e dall&#8217;auto-ripudio. I vostri valori cambiano. Le vostre priorit\u00e0 cambiano, naturalmente, perch\u00e9 cominciate a ricordare.<\/p>\n<p>Mentre ricordate, sentite il Cielo che vi sorride, e la vostra vecchia paura di Dio, la vostra vecchia paura della punizione, la vostra vecchia paura del peccato, la vostra vecchia paura di essere esposti alla Presenza comincia a sciogliersi. Come il ghiaccio sullo stagno, nel calore del Cielo, comincia a sciogliersi.<\/p>\n<p>Ora avete un&#8217;ancora per essere nel mondo che non \u00e8 del mondo ma che deve essere nel mondo. Perch\u00e9 voi non siete del mondo, ma ora dovete essere nel mondo. Ma avete bisogno di questa ancora, vedete, o sarete alla deriva sui mari turbolenti del mondo, persi, alla deriva, sconosciuti a voi stessi e agli altri.<\/p>\n<p>Ma ora avete delle vele e avete una direzione. Ora la vostra vita pu\u00f2 cominciare a muoversi come doveva muoversi, come era stata progettata, come era destinata a muoversi. Lentamente, momenti qua e l\u00e0, lo sentite.<\/p>\n<p>Ma i momenti aumentano man mano che intraprendete i Passi verso La Conoscenza. Man mano che permettete alla vostra mente di calmarsi; man mano che imparate a vivere senza costante paura e incertezza; man mano che trovate ogni giorno la libert\u00e0 dall&#8217;auto-ripudio e dal dubbio interiore; man mano che vi liberate da impegni malsani con gli altri, da abitudini malsane nel vostro pensiero e comportamento, i momenti di rimembranza aumentano, diventano pi\u00f9 pervasivi, diventano pi\u00f9 simili allo sfondo della vostra vita reale. Invece di essere solo un momento fugace qua e l\u00e0, diventa il terreno sotto i tuoi piedi, la zavorra per la tua nave in modo che possa resistere ai venti del mondo e navigare nei mari turbolenti con sicurezza.<\/p>\n<p>Cosa potrebbe darvi Dio che sia pi\u00f9 grande di questo? La ricchezza? Storie romantiche? Per aumentare il vostro impegno con la Separazione, per aumentare il vostro attaccamento a cose che non hanno significato o valore?<\/p>\n<p>Come potrebbe Dio darvi la pace dello spirito se non avete idea di chi siete? O perch\u00e9 siete qui? O cosa dovete fare? O dove dovete andare? Quale rassicurazione potrebbe davvero darvi Dio al di l\u00e0 del potere della Conoscenza e della rimembranza?<\/p>\n<p>Mentre scalate questa montagna, la vostra paura del Cielo scomparir\u00e0. La vostra paura della morte comincer\u00e0 a svanire. Ora, mentre procedete, \u00e8 la vostra direzione che \u00e8 importante, e non volete che sia minacciata o distrutta.<\/p>\n<p>Il vostro futuro in Paradiso \u00e8 assicurato. Non ci saranno inferno e dannazione. Ma il vostro successo in questa vita dipende dal riconoscimento e dal compimento della vostra missione, e dalla scoperta di quelle persone che avranno un ruolo significativo e necessario qui.<\/p>\n<p>Questo diventer\u00e0 il vostro obiettivo. La paura che vive in voi, allora, \u00e8 la paura che non possiate compiere questa missione, o che possiate distrarvi come prima, o che la vostra vita possa crollare, o che la vostra salute possa crollare.<\/p>\n<p>La vostra enfasi qui \u00e8 completamente diversa. Ora la vostra enfasi \u00e8 sul seguire la direzione con una crescente comprensione di cosa \u00e8 e cosa non \u00e8, dove deve andare e dove non deve andare, chi coinvolge e chi non coinvolge. Vedete, non \u00e8 solo una definizione. \u00c8 spazzare via ci\u00f2 che non vi appartiene, ci\u00f2 che non siete voi, ci\u00f2 che si \u00e8 attaccato a voi o che vi siete attaccati nella vostra vita precedente.<\/p>\n<p>Man mano che queste cose cadono, e che si entra nella chiarezza, allora la direzione diventa pi\u00f9 evidente, pi\u00f9 certa, pi\u00f9 sostanziale. Non \u00e8 importante solo il punto finale. \u00c8 la scoperta, perch\u00e9 questo \u00e8 ci\u00f2 che annulla la Separazione in te\u2014liberandoti finalmente dalle catene della Separazione, dandoti finalmente gli occhi per vedere e le orecchie per sentire, dandoti finalmente la vera relazione. Perch\u00e9 con la rimembranza arriva l&#8217;esperienza della vera relazione.<\/p>\n<p>Anche se siete completamente soli e non avete trovato i vostri veri compagni nel mondo, sentirete che siete conosciuti e sostenuti, che la vostra vita \u00e8 apprezzata, per ragioni che non potete inventare ma che vivono intrinsecamente in voi. Lo saprete con la rimembranza, e la rimembranza crescer\u00e0 man mano che procedete nel ricevere la grande Rivelazione di Dio per il mondo.<\/p>\n<p>Per un po&#8217; tutte le Rivelazioni precedenti hanno portato la rimembranza, ma sono state cambiate dall&#8217;uomo, sovrapposte a costumi e tradizioni che non avevano nulla a che fare con l&#8217;intento originale della Rivelazione. Sono diventate la cultura. Sono diventate lo stato. Sono diventate le idee di tutti. E la rimembranza fu persa, eccetto da coloro che sapevano vedere oltre tutte queste cose e attenersi alle vere Rivelazioni come erano state date nei tempi precedenti.<\/p>\n<p>Ma ora state ascoltando la Rivelazione incontaminata, immutata dall&#8217;uomo, non adulterata, senza cultura e politica, e volont\u00e0 umana e avidit\u00e0 e corruzione a confondere la corrente. Perch\u00e9 qui le acque sono chiare e pure, e la Volont\u00e0 del Cielo \u00e8 evidente in esse. Questo vi d\u00e0 la pi\u00f9 grande opportunit\u00e0 di trovare la vostra strada e sfuggire al vostro passato travagliato e cominciare a sperimentare la rimembranza.<\/p>\n<p>Perch\u00e9 come potete non ricordare dove avete vissuto [eternamente]? Come potete non ricordare come vi siete sentiti? Come potete non ricordare coloro che vi hanno mandato nel mondo, che rappresentano il vostro gruppo di lavoro, la vostra Famiglia Spirituale? La vostra esistenza attuale \u00e8 come un granello di sabbia, e la vostra vera esistenza \u00e8 come la spiaggia che si estende a perdita d&#8217;occhio. Come potete non ricordare una cosa cos\u00ec grande?<\/p>\n<p>La verit\u00e0 \u00e8 che potete, e lo farete. Ma dovete avere la giusta preparazione. Dovete avere il giusto approccio. Dovete avere la giusta istruzione. E dovete avere delle relazioni nella vita qui che possano sostenere questo e riflettere questo per voi.<\/p>\n<p>Cos\u00ec il Messaggero chiama coloro che si riuniscono con lui in certi momenti in modo che possa impartire la Presenza e la Rimembranza e in modo che voi, che vi sentite cos\u00ec chiamati, possiate riconoscere che non siete soli e che le relazioni con un significato vero sono l\u00ec, non solo in una persona sola, ma tutto intorno a voi, mentre vi riunite nel Cerchio del Messaggero. Tutto questo fa parte della Rimembranza, vedete.<\/p>\n<p>Le forze e le persuasioni del mondo sono molto forti, molto dominanti, cos\u00ec dominanti che possono mettere in ombra la rimembranza, come hanno fatto per tutti qui fino a quando non cominciano a risvegliarsi.<\/p>\n<p>Quindi Dio deve dare il cammino. Dio deve dare il [Messaggero]. Dio deve ricordarvi ripetutamente, pi\u00f9 e pi\u00f9 volte, ci\u00f2 che vive nel profondo di voi, al di l\u00e0 della superficie della vostra mente: la rimembranza di ci\u00f2, e con ci\u00f2 la rimembranza che siete venuti da una Realt\u00e0 Superiore, alla quale ritornerete ad un certo punto, quando il vostro lavoro qui sar\u00e0 finito, quando il vostro servizio a coloro che rimangono indietro sar\u00e0 sufficientemente compiuto.<\/p>\n<p>E la porterete oltre questo mondo per unirvi a coloro che vegliano sul mondo. Perch\u00e9 voi non morite semplicemente e andate in Cielo. Vi unite a coloro che sostengono tutti coloro che rimangono indietro\u2014la vostra Famiglia Spirituale, il vostro gruppo di lavoro. Sono come ruscelli che si uniscono ad altri ruscelli nel tempo, che si uniscono a fiumi, che diventano grandi fiumi, che portano al grande oceano dell&#8217;Amore e del Potere e della Presenza di Dio.<\/p>\n<p>Siete benedetti perch\u00e9 conoscete la Rivelazione. Siete benedetti perch\u00e9 La Conoscenza vive in voi, e rimane incontaminata dal mondo, e non ha paura del mondo, e non \u00e8 confusa su nulla di ci\u00f2 che oggi vi confonde. E siete benedetti perch\u00e9 il ricordo della vostra Antica Casa e di coloro che vi hanno mandato nel mondo sono con voi, sempre.<\/p>\n<p>Fate ora i passi verso la rimembranza. Fate ora i Passi verso La Conoscenza. Ricevete in umilt\u00e0 e in gratitudine la Rivelazione per questo tempo e per i tempi a venire.<\/p>\n<p>Lasciate che il vostro cuore e il vostro senso pi\u00f9 profondo vi permettano di rispondere. Permettete alla vostra mente di essere confusa, perch\u00e9 \u00e8 gi\u00e0 confusa. Permettete alle cose di essere indefinite finch\u00e9 La Conoscenza non vi render\u00e0 la vita chiara nel tempo. Permettete che il vostro viaggio si apra davanti a voi, passo dopo passo, piuttosto che costruire qualche convinzione su cosa sia e cosa significher\u00e0.<\/p>\n<p>Voi controllate voi stessi nel intraprendere il viaggio. Avrete bisogno di controllare la vostra mente e le vostre emozioni e i vostri rapporti con gli altri, e di portare maggiore chiarezza e discernimento in queste cose.<\/p>\n<p>Ma il viaggio stesso vi viene dato da oltre voi. Perch\u00e9 voi non conoscete la via del ritorno. N\u00e9 potete costruirla da soli.<\/p>\n<p>\u00c8 misterioso, proprio come la rimembranza, proprio come La Conoscenza dentro di voi, proprio come la realt\u00e0 pi\u00f9 grande di voi che vive sotto il livello dell&#8217;acqua, sotto la superficie della mente.<\/p>\n","protected":false},"excerpt":{"rendered":"<p>Oggi parleremo della &#8220;Rimembranza&#8221;.<br \/>\nVoi portate dentro di voi il ricordo della vostra Antica Casa, in profondit\u00e0 sotto la superficie della vostra mente, in profondit\u00e0 sotto la superficie di quella parte della vostra mente che \u00e8 stata condizionata dal mondo ed \u00e8 fissata sul mondo. Ma pi\u00f9 in profondit\u00e0 dentro di voi, c&#8217;\u00e8 una grande rimembranza, c&#8217;\u00e8 una pi\u00f9 grande Presenza, c&#8217;\u00e8 una connessione pi\u00f9 grande con la vostra Famiglia Spirituale oltre questo mondo, che vi ha mandato qui, in missione, con uno scopo da compiere.<br \/>\nNon avete perso la vostra connessione con il Cielo. Infatti, siete legati al Cielo anche mentre vagate nell&#8217;universo, vivendo nella Separazione, vivendo nella Separazione da tutto ci\u00f2 che \u00e8 veramente permanente, senza tempo e per sempre. Ma ci\u00f2 che \u00e8 senza tempo e per sempre non \u00e8 ci\u00f2 che i vostri occhi vedono, o le vostre orecchie sentono, o ci\u00f2 che le vostre mani possono toccare.<br \/>\nOra vivete in un altro tipo di realt\u00e0, una realt\u00e0 temporanea \u2014 su una scala temporale molto lunga. Ha un inizio, un punto di mezzo e una fine. E in questo momento siete da qualche parte nel mezzo, perch\u00e9 la fine \u00e8 molto pi\u00f9 avanti rispetto a voi e l&#8217;inizio \u00e8 molto indietro a voi.<br \/>\nVoi siete come l&#8217;iceberg, vedete. Una parte \u00e8 sopra il livello dell&#8217;acqua, ma la maggior parte \u00e8 sotto, fuori dalla vista, nascosta, ma ancora completamente parte della struttura di chi siete. E, in effetti, \u00e8 la zavorra di chi siete. \u00c8 il fondamento di ci\u00f2 che siete. \u00c8 ci\u00f2 che siete, nella realt\u00e0 senza tempo.<br \/>\nMa qui in questo mondo, in questo momento, tu sei una persona. Sei un&#8217;identit\u00e0 singolare\u2014parte di una cultura, parte di una nazione, parte degli eventi di questo mondo in questo momento, condizionato da questo mondo, fissato su questo mondo, dominato da questo mondo.<\/p>\n","protected":false},"author":62,"featured_media":0,"parent":28507,"menu_order":0,"comment_status":"closed","ping_status":"closed","template":"template-leftsidebar.php","meta":{"_monsterinsights_skip_tracking":false,"_monsterinsights_sitenote_active":false,"_monsterinsights_sitenote_note":"","_monsterinsights_sitenote_category":0,"footnotes":""},"categories":[76,924,460],"tags":[1011,749,740,745,750,1012,748,741,746,744,747,965,1013,742],"_links":{"self":[{"href":"https:\/\/www.v6.newmessage.org\/it\/wp-json\/wp\/v2\/pages\/28881"}],"collection":[{"href":"https:\/\/www.v6.newmessage.org\/it\/wp-json\/wp\/v2\/pages"}],"about":[{"href":"https:\/\/www.v6.newmessage.org\/it\/wp-json\/wp\/v2\/types\/page"}],"author":[{"embeddable":true,"href":"https:\/\/www.v6.newmessage.org\/it\/wp-json\/wp\/v2\/users\/62"}],"replies":[{"embeddable":true,"href":"https:\/\/www.v6.newmessage.org\/it\/wp-json\/wp\/v2\/comments?post=28881"}],"version-history":[{"count":1,"href":"https:\/\/www.v6.newmessage.org\/it\/wp-json\/wp\/v2\/pages\/28881\/revisions"}],"predecessor-version":[{"id":28882,"href":"https:\/\/www.v6.newmessage.org\/it\/wp-json\/wp\/v2\/pages\/28881\/revisions\/28882"}],"up":[{"embeddable":true,"href":"https:\/\/www.v6.newmessage.org\/it\/wp-json\/wp\/v2\/pages\/28507"}],"wp:attachment":[{"href":"https:\/\/www.v6.newmessage.org\/it\/wp-json\/wp\/v2\/media?parent=28881"}],"wp:term":[{"taxonomy":"category","embeddable":true,"href":"https:\/\/www.v6.newmessage.org\/it\/wp-json\/wp\/v2\/categories?post=28881"},{"taxonomy":"post_tag","embeddable":true,"href":"https:\/\/www.v6.newmessage.org\/it\/wp-json\/wp\/v2\/tags?post=28881"}],"curies":[{"name":"wp","href":"https:\/\/api.w.org\/{rel}","templated":true}]}}