{"id":28763,"date":"2020-11-13T06:12:29","date_gmt":"2020-11-13T06:12:29","guid":{"rendered":"https:\/\/www.newmessage.org\/it\/?page_id=28763"},"modified":"2024-10-08T07:30:52","modified_gmt":"2024-10-08T07:30:52","slug":"prepararsi-per-le-grandi-onde-del-cambiamento","status":"publish","type":"page","link":"https:\/\/www.v6.newmessage.org\/it\/il-messaggio\/volume-2\/prepararsi-per-le-grandi-onde-del-cambiamento","title":{"rendered":"Prepararsi per le Grandi Onde del Cambiamento"},"content":{"rendered":"<p><img decoding=\"async\" class=\"alignright size-large wp-image-49303 imgborder\" src=\"https:\/\/www.newmessage.org\/wp-content\/uploads\/2020\/07\/PGW-gray-cover-403x600.png\" alt=\"Preparing for the Great Waves of Change front cover\" \/><em>Prepararsi per le Grandi Onde del Cambiamento<\/em> \u00e8 un nuovo libro che sar\u00e0 pubblicato dalla Society for the New Message. Il resto del libro sar\u00e0 presto disponibile. Vi invieremo un annuncio via e-mail non appena questo libro sar\u00e0 pubblicato, e aggiorneremo questa pagina web del libro per includere tutti i capitoli.<\/p>\n<p>Se non sei gi\u00e0 iscritto alla New Message Mailing List e vuoi ricevere notizie e aggiornamenti sulle nuove uscite, lo puoi fare tramite il menu&#8217; laterale a sinistra (in fondo) inserendo il tuo indirizzo email.<\/p>\n<p><em>Prepararsi per le Grandi Onde del Cambiamento<\/em> e&#8217; un libro del <a title=\"Volume 2\" href=\"\/il-messaggio\/volume-2\">Volume 2<\/a>\u00a0del Nuovo Messaggio da Dio.<\/p>\n<div style=\"color: #525252; line-height: 1.5;\"><div class=\"toggle toggle-white\"><h4 class=\"trigger \"><span class=\"t_ico\"><\/span><a href=\"#\">Ulteriori informazioni riguardo ai volumi del Nuovo Messaggio da Dio<\/a><\/h4><div class=\"toggle_container \"><br \/>\n<div data-post-id='24520' class='insert-page insert-page-24520 '><p>Il Nuovo Messaggio da Dio in definitiva sar\u00e0 contenuto in sei volumi individuali. Ogni volume contiene due o pi\u00f9 libri e ogni libro \u00e8 organizzato in capitoli.<\/p>\n<p>Pertanto, la struttura futura del Nuovo Messaggio da Dio si potrebbe esprimere nel modo seguente:<\/p>\n<div id=\"attachment_24097\" style=\"width: 227px\" class=\"wp-caption alignright\"><a href=\"https:\/\/www.newmessage.org\/wp-content\/uploads\/2015\/08\/Volumes-Books-InfoGraphic.001.jpg\"><img loading=\"lazy\" decoding=\"async\" aria-describedby=\"caption-attachment-24097\" class=\"imgborder \" src=\"https:\/\/www.newmessage.org\/wp-content\/uploads\/2015\/08\/Volumes-Books-InfoGraphic.001.jpg\" alt=\"The New Message One Book\" width=\"217\" height=\"234\" \/><\/a><p id=\"caption-attachment-24097\" class=\"wp-caption-text\">Il Libro Unico del Nuovo Messaggio<\/p><\/div>\n<p><strong>Volume &gt; Libro &gt; Capitolo &gt; Verso.<br \/>\n<\/strong><\/p>\n<p>Il Nuovo Messaggio da Dio contiene la pi\u00f9 grande mole di Rivelazione mai data al mondo. Si rivolge a quasi tutti gli aspetti delle nostre vite, presentando delle nuove realt\u00e0 mai rivelate in precedenza. La Societ\u00e0 (\u201cThe Society for the New Message from God\u201d &#8211; La Societ\u00e0 per il Nuovo Messaggio da Dio) sta lavorando per rendere i libri del Nuovo Messaggio e le Rivelazioni parlate disponibili e accessibili al mondo.<\/p>\n<p>Attualmente, La Societ\u00e0 \u00e8 in grado di offrire un grande numero di registrazioni originali della Voce della Rivelazione. Qua siete invitati a sentire la potenza e il mistero della \u201cVoce\u201d proprio come parl\u00f2 in origine al Messaggero in stato di Rivelazione. Mai prima d\u2019ora era stato possibile udire la Voce originale della Rivelazione.<\/p>\n<p>La compilazione dell\u2019intero Nuovo Messaggio \u00e8 un lavoro che \u00e8 in corso, intrapreso in un lungo periodo di tempo. In aggiunta, la Rivelazione continua ad oggi con nuovi insegnamenti che sono dati ogni anno. Per questo motivo, la selezione degli insegnamenti di ogni libro potrebbe variare. Ne consegue che anche i titoli dei libri potrebbero cambiare per meglio rispecchiare la crescita di ogni libro. State vivendo in un tempo di Rivelazione e siete testimoni del processo di Rivelazione che si dispiega davanti a voi.<\/p>\n<p><strong>Libri Online<\/strong><\/p>\n<p>La Societ\u00e0 sta lavorando per rendere il Nuovo Messaggio disponibile al mondo gratuitamente online. Attualmente un certo numero di libri del Nuovo Messaggio sono disponibili gratuitamente presso www.newmessage.org dove potete esplorare la biblioteca di libri gratuiti online.<\/p>\n<p><strong>Pubblicazioni Future<\/strong><\/p>\n<p>La Societ\u00e0 continuer\u00e0 a mandare avanti la sua visione di pubblicare la totalit\u00e0 del Nuovo Messaggio da Dio, nei suoi libri e volumi, e forse un giorno come un unico libro, semplicemente chiamato: \u201cIl Nuovo Messaggio da Dio.\u201d Questa \u00e8 una impresa enorme per la quale La Societ\u00e0 ha bisogno del vostro contributo e della vostra partecipazione. Per favore considerate la possibilit\u00e0 di fare una donazione o di diventare un Pilastro del Nuovo Messaggio per supportare questa sacra causa. Vi ringraziamo per il vostro supporto<\/p>\n<\/div><\/div><\/div><\/div>\n<div class=\"background-color-bridesmaid padding-20\">\n<h2 style=\"text-align: left;\"><span style=\"color: #525252;\">Indice dei Contenuti<\/span><\/h2>\n<div style=\"line-height: 1.5;\">\n<p><a href=\"https:\/\/www.v6.newmessage.org\/it\/il-messaggio\/volume-2\/prepararsi-per-le-grandi-onde-del-cambiamento\/rispondere-al-grande-cambiamento\/\">Rispondere al Grande Cambiamento<\/a><\/p>\n<p><a href=\"https:\/\/www.newmessage.org\/it\/il-messaggio\/volume-2\/prepararsi-per-le-grandi-onde-del-cambiamento\/come-vivere\/\">Come Vivere<\/a><\/p>\n<p><a href=\"https:\/\/www.newmessage.org\/it\/il-messaggio\/volume-2\/prepararsi-per-le-grandi-onde-del-cambiamento\/come-saprete-cosa-fare\">Come Saprete Cosa Fare?<\/a><\/p>\n<p><a href=\"https:\/\/www.newmessage.org\/it\/il-messaggio\/volume-2\/prepararsi-per-le-grandi-onde-del-cambiamento\/affrontare-un-mondo-in-declino\/\">Affrontare un Mondo in Declino<\/a><\/p>\n<p><a href=\"https:\/\/www.newmessage.org\/it\/il-messaggio\/volume-2\/prepararsi-per-le-grandi-onde-del-cambiamento\/fuggire-dalla-paura-dalla-confusione-e-dalla-disperazione\/\">Fuggire dalla Paura, dalla Confusione e dalla Disperazione<\/a><\/p>\n<p><a href=\"https:\/\/www.newmessage.org\/it\/il-messaggio\/volume-2\/prepararsi-per-le-grandi-onde-del-cambiamento\/affrontare-tempi-incerti\/\">Vivere in Tempi Incerti e Instabili<\/a><\/p>\n<p><a href=\"https:\/\/www.newmessage.org\/it\/il-messaggio\/volume-2\/prepararsi-per-le-grandi-onde-del-cambiamento\/costruire-la-tua-arca\/\">Costruire la tua Arca<\/a><\/p>\n<p><a href=\"https:\/\/www.newmessage.org\/it\/il-messaggio\/volume-2\/prepararsi-per-le-grandi-onde-del-cambiamento\/fiducia-in-se-stessi\">Fiducia in Se Stessi<\/a><\/p>\n<p><a href=\"https:\/\/www.newmessage.org\/it\/il-messaggio\/volume-2\/prepararsi-per-le-grandi-onde-del-cambiamento\/adattarsi-al-grande-cambiamento\/\">Adattarsi al Grande Cambiamento<\/a><\/p>\n<p><a href=\"https:\/\/www.newmessage.org\/it\/il-messaggio\/volume-2\/prepararsi-per-le-grandi-onde-del-cambiamento\/segni-dal-mondo\">Segni dal mondo<\/a><\/p>\n<p><a href=\"https:\/\/www.newmessage.org\/it\/il-messaggio\/volume-2\/prepararsi-per-le-grandi-onde-del-cambiamento\/vedere-cosa-sta-arrivando\">Vedere Cosa Sta Arrivando<\/a><\/p>\n<p><a href=\"https:\/\/www.newmessage.org\/it\/il-messaggio\/volume-2\/prepararsi-per-le-grandi-onde-del-cambiamento\/di-chi-puoi-fidarti\">Di Chi Puoi Fidarti?<\/a>\n<\/div>\n<\/div>\n","protected":false},"excerpt":{"rendered":"<p>Prepararsi per le Grandi Onde del Cambiamento \u00e8 un nuovo libro che sar\u00e0 pubblicato dalla Society for the New Message. Il resto del libro sar\u00e0 presto disponibile. Vi invieremo un annuncio via e-mail non appena questo libro sar\u00e0 pubblicato, e aggiorneremo questa pagina web del libro per includere tutti i capitoli.<\/p>\n","protected":false},"author":62,"featured_media":0,"parent":16312,"menu_order":1,"comment_status":"closed","ping_status":"closed","template":"template-leftsidebar.php","meta":{"_monsterinsights_skip_tracking":false,"_monsterinsights_sitenote_active":false,"_monsterinsights_sitenote_note":"","_monsterinsights_sitenote_category":0,"footnotes":""},"categories":[467],"tags":[1057,749,740,745,750,677,822,743,748,741,970,304,746,744,747,742,792],"_links":{"self":[{"href":"https:\/\/www.v6.newmessage.org\/it\/wp-json\/wp\/v2\/pages\/28763"}],"collection":[{"href":"https:\/\/www.v6.newmessage.org\/it\/wp-json\/wp\/v2\/pages"}],"about":[{"href":"https:\/\/www.v6.newmessage.org\/it\/wp-json\/wp\/v2\/types\/page"}],"author":[{"embeddable":true,"href":"https:\/\/www.v6.newmessage.org\/it\/wp-json\/wp\/v2\/users\/62"}],"replies":[{"embeddable":true,"href":"https:\/\/www.v6.newmessage.org\/it\/wp-json\/wp\/v2\/comments?post=28763"}],"version-history":[{"count":14,"href":"https:\/\/www.v6.newmessage.org\/it\/wp-json\/wp\/v2\/pages\/28763\/revisions"}],"predecessor-version":[{"id":29758,"href":"https:\/\/www.v6.newmessage.org\/it\/wp-json\/wp\/v2\/pages\/28763\/revisions\/29758"}],"up":[{"embeddable":true,"href":"https:\/\/www.v6.newmessage.org\/it\/wp-json\/wp\/v2\/pages\/16312"}],"wp:attachment":[{"href":"https:\/\/www.v6.newmessage.org\/it\/wp-json\/wp\/v2\/media?parent=28763"}],"wp:term":[{"taxonomy":"category","embeddable":true,"href":"https:\/\/www.v6.newmessage.org\/it\/wp-json\/wp\/v2\/categories?post=28763"},{"taxonomy":"post_tag","embeddable":true,"href":"https:\/\/www.v6.newmessage.org\/it\/wp-json\/wp\/v2\/tags?post=28763"}],"curies":[{"name":"wp","href":"https:\/\/api.w.org\/{rel}","templated":true}]}}