{"id":28742,"date":"2020-08-15T06:12:15","date_gmt":"2020-08-15T06:12:15","guid":{"rendered":"https:\/\/www.newmessage.org\/it\/?page_id=28742"},"modified":"2020-12-21T05:26:00","modified_gmt":"2020-12-21T05:26:00","slug":"la-percezione","status":"publish","type":"page","link":"https:\/\/www.v6.newmessage.org\/it\/il-messaggio\/volume-5\/saggezza-dalla-comunita-piu-grande-volume-primo\/la-percezione","title":{"rendered":"La Percezione"},"content":{"rendered":"<div><!-- Version 3.2 Verse --><\/div>\n\n<div class=\"tabgroup \"><ul class=\"tabs\"><li><a href=\"#tabs-1\">Info<\/a><\/li>\n<li><a href=\"#tabs-2\">Commenta<\/a><\/li>\n<li><a href=\"#tabs-3\">Nota<\/a><\/li><\/ul>\n <div id=\"tabs-1\"><br \/>\n<a href=\"https:\/\/www.community.newmessage.org\/perception\/\"><img loading=\"lazy\" decoding=\"async\" class=\"imgborder aligncenter wp-image-49953 size-medium\" src=\"https:\/\/www.newmessage.org\/wp-content\/uploads\/2020\/08\/perception-image-300x157.jpeg\" alt=\"Perception is Your Interpretation of Reality That You Can Experience\" width=\"300\" height=\"157\" \/><\/a><\/p>\n<p class=\"revelation_details\"><em>Rivelato al Messaggero di Dio<br \/>\nMarshall Vian Summers<br \/>\nil 12 Settembre 1988<br \/>\nin Seattle, Washington<br \/>\n<\/em><\/p>\n<div class=\"toggle toggle-white\"><h4 class=\"trigger \"><span class=\"t_ico\"><\/span><a href=\"#\">Informazioni riguardo a questo testo<\/a><\/h4><div class=\"toggle_container \"><br \/>\n<p>Quello che state leggendo in questo testo \u00e8 la trascrizione della voce originale della Assemblea Angelica cos\u00ec come ha parlato tramite il Messaggero Marshall Vian Summers.<\/p>\n<p>Qua, la comunicazione originale di Dio, che esiste al di l\u00e0 delle parole, \u00e8 tradotta nel linguaggio e nella comprensione umana dall\u2019Assemblea Angelica che veglia sul mondo. Poi l\u2019Assemblea consegna il Messaggio di Dio tramite il Messaggero, dopo di che, la comunicazione \u00e8 trascritta e resa disponibile a voi e a tutto il mondo.<\/p>\n<p>In questo notevole processo, la Voce della Rivelazione sta parlando di nuovo. La Parola e il suono della Voce sono nel mondo. Possiate voi essere i destinatari di questo dono di Rivelazione e possiate essere aperti a ricevere il suo Messaggio unico per voi e per la vostra vita.<\/p>\n<br \/>\n<\/div><\/div>\n<p><\/div>\n<div id=\"tabs-2\"><\/p>\n<p><a class='simple_button_link ' style='background-color: #4f8fd6' href='https:\/\/www.community.newmessage.org\/groups\/italian\/'   ><span>Commenta<\/span><\/a>&#8216;La Percezione&#8217; nel Worldwide Community Site (registrazione gratuita)<\/p>\n<p><a href=\"https:\/\/www.community.newmessage.org\/perception\/\"><img loading=\"lazy\" decoding=\"async\" class=\"imgborder aligncenter wp-image-49953 size-medium\" src=\"https:\/\/www.newmessage.org\/wp-content\/uploads\/2020\/08\/perception-image-300x157.jpeg\" alt=\"Perception is Your Interpretation of Reality That You Can Experience\" width=\"300\" height=\"157\" \/><\/a><br \/>\n<\/div>\n<div id=\"tabs-3\"><br \/>\n<em>Nota per il Lettore:<br \/>\nQuesta traduzione \u00e8 stata fornita a The Society da uno studente del Nuovo Messaggio che si \u00e8 offerto volontario per tradurre il testo originale in Inglese. Noi rendiamo questa traduzione disponibile al mondo in questa forma iniziale affinch\u00e9 le persone abbiano la possibilit\u00e0 di interagire con una porzione del Nuovo Messaggio nella propria lingua.<\/em><br \/>\n<\/div>\n\t\t\t\t<div align=\"right\">\n\t\t\t<div class=\"fb-like\" data-href=\"\" data-layout=\"button_count\" data-action=\"like\" data-show-faces=\"false\" data-share=\"false\"><\/div>\n\t\t\t<div class=\"fb-share-button\" data-layout=\"button_count\"> <\/div>\n\t\t\t<div class=\"fb_iframe_widget\"><a href=\"https:\/\/twitter.com\/godsnewmessage?ref_src=twsrc%5Etfw\" class=\"twitter-follow-button\" data-show-count=\"false\">Follow @godsnewmessage<\/a><script async src=\"https:\/\/platform.twitter.com\/widgets.js\" charset=\"utf-8\"><\/script><\/div>\n\t\t\t<\/div> <\/div> \n\n<p>Nella Via della Conoscenza della Comunit\u00e0 pi\u00f9 Grande, le risposte non sono sempre facili da trovare. Le cose non sono sempre immediatamente accessibili. Questo perch\u00e9 bisogna andare pi\u00f9 in profondit\u00e0. Devi penetrare nelle cose semplici e ovvie per trovare ci\u00f2 che \u00e8 veramente al centro della tua vita e ci\u00f2 che rappresenta il mistero della tua vita. Nella Via della Conoscenza, portiamo le persone attraverso molti stadi di sviluppo. Ci sono altri Maestri che stanno diffondendo informazioni a vari livelli per aiutare le persone nel loro cammino, ma il nostro ruolo \u00e8 un po\u2019 diverso. In realt\u00e0 presentiamo un programma di formazione alla Conoscenza secondo le antiche scuole della Comunit\u00e0 Pi\u00f9 Grande.<\/p>\n<p>Ora parler\u00f2 della percezione, della realt\u00e0 e della Conoscenza. Prima di tutto, vorrei dire alcune cose sulla Conoscenza, in modo che sappiate di cosa sto parlando. Alla superficie stessa della Conoscenza c\u2019\u00e8 l\u2019esperienza dell\u2019intuizione profonda, l\u2019esperienza di profonda comprensione e conoscenza. Questo \u00e8 alla superficie della Conoscenza. Oltre la superficie c\u2019\u00e8 l\u2019esperienza totale della vita in questo mondo e al di l\u00e0 di questo mondo, che potete avere mentre siete ancora qui. Questo \u00e8 ci\u00f2 che vi associa di nuovo alla vita al di l\u00e0 e vi permette di contribuire pienamente mentre siete nel mondo. In tutti gli aspetti pratici, questa \u00e8 la completa realizzazione mentre siete qui.<\/p>\n<p>Non parliamo di illuminazione perch\u00e9 l\u2019illuminazione \u00e8 interamente relativa ai vari stadi di sviluppo. Quando raggiungete uno stato di illuminazione, vi accorgerete di essere un principiante nella fase successiva. Quindi, quando si parla di illuminazione totale, si parla di raggiungere l\u2019apice dello stadio in cui ci si trova. Ci sono grandi svolte nella vita fisica che pochissime persone raggiungono: queste sono generalmente considerate come l\u2019illuminazione.<\/p>\n<p>Dato che ora \u00e8 in corso una grande quantit\u00e0 di insegnamento pubblico, l\u2019insegnamento pubblico da fonti che sono al di l\u00e0 del mondo \u2013 o al di l\u00e0 della vostra percezione, diciamo cos\u00ec \u2013 \u00e8 importante notare che gli istruttori che sono pi\u00f9 popolari stanno diffondendo informazioni al maggior numero di persone. La diffusione di informazioni \u00e8 un ruolo molto diverso dall\u2019essere un iniziatore. \u00c8 una funzione diversa da svolgere. La diffusione di informazioni da sola richiede una grande abilit\u00e0 verbale e una facilit\u00e0 nel lavorare con le persone individualmente e collettivamente. Questo di per s\u00e9 \u00e8 un ruolo completo. Oltre a questo, ci sono istruttori che portano avanti il processo di iniziazione, ma raramente assumono una posizione pubblica. Hanno pochissimi studenti perch\u00e9 sono pochissimi quelli che sono effettivamente pronti a intraprendere il viaggio nelle sue fasi avanzate. I Maestri che diffondono informazioni preparano coloro che alla fine inizieranno l\u2019effettivo recupero della Conoscenza. Preparano la strada.<\/p>\n<p>Quindi, molto di ci\u00f2 che viene detto dai Maestri che diffondono informazioni \u00e8 solo preparatorio. In altre parole, \u00e8 per orientarvi nella giusta direzione. Ci\u00f2 che viene dato non sono affermazioni di verit\u00e0 ultima. \u00c8 solo un inizio, come preparare il terreno per piantare grandi semi. Quando preparate il terreno, vi rendete conto che quello \u00e8 lo stadio in cui vi trovate, e non lo confondete con gli stadi successivi di sviluppo. Quindi, diffondere informazioni \u00e8 preparare il terreno mentale, preparare le menti a ricevere La Conoscenza.<\/p>\n<p>Quando parliamo di percezione, parliamo della vostra interpretazione della realt\u00e0 che potete sperimentare. Permettetemi di dirlo ancora una volta. Quando parliamo di percezione, parliamo della vostra interpretazione della realt\u00e0 che potete sperimentare. Ci\u00f2 che sperimentate \u00e8 interpretativo. \u00c8 molto raro che le persone abbiano un\u2019esperienza diretta di qualcosa! Esperienza diretta significa che state sperimentando una realt\u00e0 che va oltre la vostra interpretazione. Questa \u00e8 un\u2019esperienza molto rara e grande. Potrebbe essere il comune denominatore della vostra esperienza, ma in realt\u00e0 \u00e8 abbastanza raro e fenomenale perch\u00e9 il 99,9% della vostra esperienza \u00e8 l\u2019interpretazione della realt\u00e0 che potete sperimentare. Quando dico \u201cla realt\u00e0 che potete sperimentare\u201d, intendo dire che potete sperimentare solo un po\u2019 di realt\u00e0 a causa delle vostre limitate capacit\u00e0 e della vostra gamma di percezione. Quindi, non \u00e8 solo l\u2019interpretazione della realt\u00e0 nella sua interezza; \u00e8 l\u2019interpretazione della realt\u00e0 che potete sperimentare.<\/p>\n<p>Questo \u00e8 il motivo per cui le persone vivono nella loro mente e non nella vita. Questa \u00e8 la fonte di tutte le vostre difficolt\u00e0. Siete pi\u00f9 impegnati con le vostre idee che con la vita. Essere impegnati con la vita significa essere direttamente coinvolti e fare un\u2019esperienza diretta. Ora, ovviamente, potete sedervi ed essere totalmente coinvolti con la vostra mente ed essere totalmente estranei a tutto ci\u00f2 che vi circonda, ignari delle forze che vi influenzano, forze che vi aiutano e che non vi aiutano. Questo \u00e8 un profondo svantaggio! Questo \u00e8 il motivo per cui le persone hanno dei problemi.<\/p>\n<p>Non c\u2019\u00e8 un problema con la realt\u00e0, ma c\u2019\u00e8 un grande problema di interpretazione e di assorbimento in se stessi. All\u2019inizio del vero apprendimento, quindi, ogni persona deve diventare consapevole del proprio assorbimento in se stessa, di quanto sia coinvolta con la propria mente e di quanto poco sia coinvolta nella vita. Spesso pu\u00f2 sembrare molto sconvolgente o deludente e persino offensivo quando si scopre che in realt\u00e0 si sta vivendo molto poco della vita e si pensa molto. Poich\u00e9 noi diamo valore all\u2019esperienza vera, questo \u00e8 ci\u00f2 verso cui desideriamo orientarvi.<\/p>\n<p>Ci sono molti Maestri che stanno diffondendo informazioni e ci sono alcuni Maestri, come me, che stanno iniziando gli studenti. \u00c8 un ruolo diverso. Non \u00e8 necessariamente migliore, \u00e8 solo un ruolo diverso. Significa che la mia responsabilit\u00e0 \u00e8 quella di preparare una manciata di individui alla Conoscenza. Nel fare questo, naturalmente, diffonder\u00f2 una grande quantit\u00e0 di informazioni, ma la diffusione di informazioni \u00e8 una parte molto piccola del mio ruolo.<\/p>\n<p>Il problema, quindi, \u00e8 che le persone sono coinvolte con i loro pensieri e non con la vita. Questo crea un grande abisso nella vostra esperienza. Quindi, quando la gente dice: \u201cTu crei la tua realt\u00e0\u201d, cosa significa? Ha senso solo nel regno dei propri pensieri. Si d\u00e0 per scontato, se ci pensate, che non ci sia realt\u00e0 al di l\u00e0 dei vostri pensieri. All\u2019inizio \u2013 proprio all\u2019inizio \u2013 alle persone viene detto: \u201cTu crei la tua realt\u00e0\u201d. Devi cambiare i tuoi pensieri per avere una realt\u00e0 diversa\u201d. Non \u00e8 questo che avete letto? Eppure, questo \u00e8 solo un primo passo. Questo richiede che tu guardi i tuoi pensieri per vedere quanto sei realmente coinvolto in essi. C\u2019\u00e8 una realt\u00e0 che va oltre i vostri pensieri. In verit\u00e0, la sola realt\u00e0 sta al di l\u00e0 dei vostri pensieri, perch\u00e9 i vostri pensieri possono solo interpretare. C\u2019\u00e8 una realt\u00e0 dentro di voi che in effetti crea, ma \u00e8 completamente al di l\u00e0 della vostra mente. Se la vostra mente \u00e8 aperta ed \u00e8 diventata equilibrata e completa, allora la realt\u00e0 che crea pu\u00f2 creare attraverso di voi. Questa \u00e8 la pi\u00f9 grande esperienza di soddisfazione e appagamento del mondo.<\/p>\n<p>In contrasto con questa realt\u00e0 creativa, i vostri problemi personali sono molto piccoli e richiedono solo alcuni aggiustamenti qua e l\u00e0. Come manovrare un\u2019auto per la strada, richiede di sterzare un po\u2019 qui e di premere un pulsante l\u00ec e di fare aggiustamenti lungo il percorso. Anche con la grande responsabilit\u00e0 di guidare un\u2019auto per strada e tutte le cose terribili che potrebbero capitarti, non ci pensi molto, vero? Lo fai e basta! Impari come si fa e lo fai! Cos\u00ec \u00e8 che La Conoscenza \u00e8 talmente pi\u00f9 grande dei problemi personali che i problemi personali diventano pi\u00f9 facili da risolvere. In effetti, tutti i problemi personali sono molto facili da risolvere. Il problema \u00e8 che la gente vuole il problema e non la soluzione. La cosa frustrante dell\u2019insegnamento \u00e8 sempre l\u2019ambivalenza riguardo all\u2019apprendimento. Ecco perch\u00e9 il processo di iniziazione richiede molto tempo. Non \u00e8 un percorso facile. Non \u00e8 nemmeno un percorso difficile.<\/p>\n<p>Perci\u00f2, quando dite: \u201cIo creo la mia realt\u00e0\u201d, ci\u00f2 che dite \u00e8 che state creando un\u2019interpretazione di ci\u00f2 che potete sperimentare. Se potete sperimentare solo una certa parte della vita, ed \u00e8 tutto una vostra interpretazione, allora vedete che il vostro campo di percezione \u00e8 molto limitato. Ma la vostra Conoscenza, che portate dentro di voi, \u00e8 in grado di aprire completamente la vostra percezione. Senza tutto quell\u2019incessante pensare, interrogarsi, chiedere, riflettere, meditare, manipolare, pianificare e tramare, e cos\u00ec via, la parte superiore della vostra mente, la vostra Conoscenza, pu\u00f2 cominciare a mostrarvi le cose.<\/p>\n<p>Non \u00e8 difficile avere un\u2019esperienza diretta. Semplicemente non dovete fare nient\u2019altro. Avere esperienza diretta significa non fare nient\u2019altro. Quindi, la vera preparazione richiede che impariate a stare calmi, a diventare osservatori, a dissociarvi in una certa misura dal vostro giudizio sulle cose, ad aprirvi alla presenza dell\u2019intimit\u00e0 e dell\u2019amore, ad accettare la vera relazione, e ad iniziare ad accettare almeno l\u2019idea che c\u2019\u00e8 qualcosa di pi\u00f9 grande dei vostri pensieri. Non \u00e8 un cattivo affare!<\/p>\n<p>Il fatto \u00e8 che create solo interpretazioni della realt\u00e0. Una migliore interpretazione pu\u00f2 essere pi\u00f9 piacevole temporaneamente, ma siete ancora dissociati da voi stessi e dalla vita. \u00c8 questa dissociazione che deve essere colmata. La vita sta accadendo tutto intorno a voi, un panorama incredibile. Ma non potete viverla. I vostri Maestri Interiori sono con voi, vi aiutano in modi incredibili, ma non sapete che sono l\u00ec. Ci sono relazioni autentiche che vi aspettano nella vita, che aspettano che siate pronti e che le desideriate, ma dovete averne la capacit\u00e0 e il desiderio.<\/p>\n<p>C\u2019\u00e8 una realt\u00e0 che crea al di l\u00e0 dell\u2019interpretazione che voi create. Non \u00e8 necessario creare la realt\u00e0. \u00c8 creata per voi. Potete godere della sua creazione. Pertanto, \u00e8 molto importante diventare un felice fruitore della realt\u00e0. Allora vedrete che avete portato qualcosa da oltre il mondo da dare al mondo. Non va bene venire al mondo e dire: \u201cDammi la realt\u00e0, mondo! Dammi quello che ho avuto dall\u2019aldil\u00e0! Dammi relazioni intrinseche! Dammi la pace della mente! Dammi equanimit\u00e0! Dammi un senso! Dammi uno scopo! Dammi una direzione!\u201d Il mondo non pu\u00f2 fare nessuna di queste cose. Queste sono cose che tu porti al mondo. \u00c8 come fare il genitore e chiedere al bambino di prendersi cura di te! Tu sei il genitore. Il mondo \u00e8 dove tu sei venuto a contribuire. Non pu\u00f2 dare molto perch\u00e9 \u00e8 solo un bambino. In questo troverete la vostra responsabilit\u00e0. Cominciate ad accettare il vostro vero valore e le risorse che avete portato con voi.<\/p>\n<p>Perch\u00e9 il mondo \u00e8 un posto cos\u00ec difficile per gli esseri umani? Perch\u00e9 sono venuti da oltre il mondo. Non \u00e8 cos\u00ec difficile per le piante e gli animali, ma \u00e8 difficile per le persone perch\u00e9 vengono da oltre il mondo. Vengono da una realt\u00e0 molto pi\u00f9 pura. Questo rende molto difficile, quindi, adattarsi ad essere qui. Non c\u2019\u00e8 bisogno di cambiare il mondo. Ma dovete scoprire chi siete, perch\u00e9 siete venuti e cosa avete portato con voi. Dopotutto, siete qui solo per un breve periodo di tempo. Prima che ve ne accorgiate, siete di nuovo a casa, come se nulla fosse cambiato! L\u00ec \u00e8 sempre la stessa cosa.<\/p>\n<p>Ci\u00f2 che le persone cercano nella vita \u00e8 lo scopo, il significato e la direzione. Li hanno portati con loro. Il mondo aspetta di riceverli, ma la gente li cerca nel mondo. Vedete la complicazione? \u00c8 come se il genitore dicesse: \u201cPrenditi cura di me, piccolo! Sii il mio pap\u00e0 e la mia mamma\u201d.<\/p>\n<p>Diventare un vero contributore nella vita, guidato dalla propria Conoscenza e libero dalla propria interpretazione della realt\u00e0, \u00e8 il pi\u00f9 grande risultato possibile e che vi render\u00e0 una grande risorsa per tutti coloro con cui venite a contatto e per persone che non vedrete mai. La vostra mente, essendo aperta, fornir\u00e0 un\u2019apertura per le altre menti. Questo \u00e8 del tutto naturale e in realt\u00e0 \u00e8 pi\u00f9 un disimparare che un processo di apprendimento. Tutti i libri, tutte le lezioni, tutte le idee e tutti i processi \u2013 dovete lasciarli tutti al cancello del tempio, il cancello esterno, per entrare. Basta entrare e i vostri Maestri sono l\u00ec per accogliervi. Hanno completato con successo lo sviluppo della Conoscenza nella vita fisica. Pertanto, sono pronti a permettere anche a voi di farlo. Questa \u00e8 la grande promessa.<\/p>\n<p>Non tutti i semi che vengono gettati a terra dall\u2019albero si schiuderanno, ma alcuni lo faranno. Scoprirete sempre che la via pi\u00f9 diretta non attira grandi folle perch\u00e9 la gente trova che il requisito \u00e8 troppo grande. \u201cVolevo solo qualche informazione. Non voglio dover fare niente!\u201d. Le idee sono semplici. Richiedono molto poco da te. Ti danno anche molto poco. Ma le relazioni richiedono molto e offrono molto. Avere un matrimonio significativo e crescere dei figli richiede molto e offre molto.<\/p>\n<p>Non c\u2019\u00e8 una realt\u00e0 individuale, l\u2019enfasi \u00e8 posta sulla Conoscenza. Non \u00e8 la vostra Conoscenza personale perch\u00e9 non c\u2019\u00e8 una Conoscenza personale. Nella Conoscenza c\u2019\u00e8 solo l\u2019espressione individuale. Non c\u2019\u00e8 una realt\u00e0 individuale. Attingere da una Realt\u00e0 Superiore significa che siete andati oltre le vostre interpretazioni a sufficienza da poter fare un\u2019esperienza diretta della vita. Si pu\u00f2 vedere in un modo nuovo, sentire in un modo nuovo, parlare in un modo nuovo e sperimentare la vita in un modo nuovo.<\/p>\n<p>Perci\u00f2, quando senti gli altri parlare di \u201ccreare la propria realt\u00e0\u201d, vedilo solo come un segno che indica la giusta direzione. Ci\u00f2 significa per voi che dovete assumervi la responsabilit\u00e0 del contenuto della vostra mente. A cosa stai pensando in questo momento? Ci\u00f2 che state pensando \u00e8 rilevante per ci\u00f2 che state sperimentando. Questo \u00e8 accurato. Ma al di l\u00e0 di questo c\u2019\u00e8 la realt\u00e0, e questo \u00e8 il grande dono. Raggiungere questo obiettivo, quindi, \u00e8 pi\u00f9 un assestamento che una costruzione. \u00c8 il risultato di diventare calmi e osservatori, in modo da poter penetrare la vostra stessa interpretazione. Una mente calma \u00e8 una mente che sta raccogliendo il proprio potere. Pu\u00f2 indirizzare tutte le sue risorse in qualsiasi direzione, e questa \u00e8 la definizione di potere nel mondo.<\/p>\n<p>La concentrazione \u00e8 potere. Una mente pi\u00f9 concentrata avr\u00e0 un grande effetto sulle menti meno concentrate. Se quella mente \u00e8 concentrata sul male o sulla distruzione, avr\u00e0 comunque un grande effetto sulle menti meno concentrate. Ecco perch\u00e9 abbiamo detto in recenti discorsi che le grandi guerre sono perpetrate solo da individui che si dedicano a quelle guerre. La loro influenza sulle menti meno concentrate \u00e8 abbastanza evidente.<\/p>\n<p>Eppure, una mente concentrata sul bene \u00e8 ancora pi\u00f9 potente. Ecco perch\u00e9 i Saggi sono nascosti e non si fanno vedere. Non vogliono avere un impatto troppo grande. Non vogliono attirare troppo l\u2019attenzione delle persone sbagliate. Si conservano per certe persone che si rendono conto che sono effettivamente preparate per i loro doni.<\/p>\n<p>Vedete, qui sto dipingendo un quadro pi\u00f9 ampio. Non accontentatevi di idee o piccole verit\u00e0. La Conoscenza \u00e8 ancora dentro di voi. Dorme come un gigante. Finch\u00e9 non si manifesta nella vostra vita, la vostra vita \u00e8 ancora interpretativa. Non siete ancora in relazione diretta con la vita. La vita \u00e8 relazione. Questo \u00e8 tutto ci\u00f2 che la vita \u00e8 in realt\u00e0. Se vi sentite soli, non state vivendo questa relazione. L\u2019unica cosa che potete sperimentare oltre alla vita sono le vostre idee, vero? Alla fine, la vita \u00e8 tutto. \u00c8 molto difficile non sperimentarla. Per farlo bisogna creare una propria realt\u00e0 interna che sia interpretativa, e bisogna essere in relazione con essa.<\/p>\n<p>L\u2019Insegnante della Conoscenza vi porta fuori dal rapporto con le idee e in relazione con la vita. Questo \u00e8 il processo. Ogni passo del percorso rende grandi ricompense. Vi lascia pi\u00f9 liberi e pi\u00f9 spensierati. Nella Conoscenza, tutto \u00e8 molto semplice. Infatti, la vostra vita \u00e8 cos\u00ec semplice che potete dedicarvi ad altre vite, aiutando e curando gli altri perch\u00e9 la vostra vita \u00e8 cos\u00ec semplice. Siete liberi, quindi, di partecipare al di l\u00e0 di voi stessi. Questa \u00e8 la grande felicit\u00e0, e questo vi permette di avere relazioni significative.<\/p>\n","protected":false},"excerpt":{"rendered":"<p>Nella  Via della Conoscenza della Comunit\u00e0 pi\u00f9 Grande, le risposte non sono sempre facili da trovare. Le cose non sono sempre immediatamente accessibili. Questo perch\u00e9 bisogna andare pi\u00f9 in profondit\u00e0. Devi penetrare nelle cose semplici e ovvie per trovare ci\u00f2 che \u00e8 veramente al centro della tua vita e ci\u00f2 che rappresenta il mistero della tua vita. Nella Via della Conoscenza, portiamo le persone attraverso molti stadi di sviluppo. Ci sono altri Insegnanti che stanno diffondendo informazioni a vari livelli per aiutare le persone nel loro cammino, ma il nostro ruolo \u00e8 un po&#8217; diverso. In realt\u00e0 presentiamo un programma di formazione alla Conoscenza secondo le antiche scuole della Grande Comunit\u00e0.<\/p>\n<p>Ora parler\u00f2 della percezione, della realt\u00e0 e della Conoscenza. Prima di tutto, vorrei dire alcune cose sulla Conoscenza, in modo che sappiate di cosa sto parlando. Alla superficie stessa della Conoscenza c&#8217;\u00e8 l&#8217;esperienza dell&#8217;intuizione profonda, l&#8217;esperienza di profonda comprensione e conoscenza. Questo \u00e8 alla superficie della Conoscenza. Oltre la superficie c&#8217;\u00e8 l&#8217;esperienza totale della vita in questo mondo e al di l\u00e0 di questo mondo che potete avere mentre siete ancora qui. Questo \u00e8 ci\u00f2 che vi associa di nuovo alla vita al di l\u00e0 e vi permette di contribuire pienamente mentre siete nel mondo. In tutti gli aspetti pratici, questa \u00e8 la completa realizzazione mentre siete qui.<\/p>\n<p>Non parliamo di illuminazione perch\u00e9 l&#8217;illuminazione \u00e8 interamente relativa ai vari stadi di sviluppo. Quando raggiungete uno stato di illuminazione, vi accorgerete di essere un principiante nella fase successiva. Quindi, quando si parla di illuminazione totale, si parla di raggiungere l&#8217;apice dello stadio in cui ci si trova. Ci sono grandi svolte nella vita fisica che pochissime persone raggiungono: queste sono generalmente considerate come l&#8217;illuminazione.<\/p>\n<p>Dato che ora \u00e8 in corso una grande quantit\u00e0 di insegnamento pubblico, l&#8217;insegnamento pubblico da fonti che sono al di l\u00e0 del mondo &#8211; o al di l\u00e0 della vostra percezione, diciamo cos\u00ec &#8211; \u00e8 importante notare che gli istruttori che sono pi\u00f9 popolari stanno diffondendo informazioni al maggior numero di persone. La diffusione di informazioni \u00e8 un ruolo molto diverso dall&#8217;essere un iniziatore. \u00c8 una funzione diversa da svolgere. La diffusione di informazioni da sola richiede una grande abilit\u00e0 verbale e una facilit\u00e0 nel lavorare con le persone individualmente e collettivamente. Questo di per s\u00e9 \u00e8 un ruolo completo. Oltre a questo, ci sono istruttori che portano avanti il processo di iniziazione, ma raramente assumono una posizione pubblica. Hanno pochissimi studenti perch\u00e9 sono pochissimi quelli che sono effettivamente pronti a intraprendere il viaggio nelle sue fasi avanzate. Gli Insegnanti che diffondono informazioni preparano coloro che alla fine inizieranno l&#8217;effettivo recupero della Conoscenza. Preparano la strada.<\/p>\n","protected":false},"author":62,"featured_media":0,"parent":13089,"menu_order":0,"comment_status":"closed","ping_status":"closed","template":"template-leftsidebar.php","meta":{"_monsterinsights_skip_tracking":false,"_monsterinsights_sitenote_active":false,"_monsterinsights_sitenote_note":"","_monsterinsights_sitenote_category":0,"footnotes":""},"categories":[76,30,77,483],"tags":[749,740,937,745,939,750,963,743,748,741,907,936,746,744,747,742,719],"_links":{"self":[{"href":"https:\/\/www.v6.newmessage.org\/it\/wp-json\/wp\/v2\/pages\/28742"}],"collection":[{"href":"https:\/\/www.v6.newmessage.org\/it\/wp-json\/wp\/v2\/pages"}],"about":[{"href":"https:\/\/www.v6.newmessage.org\/it\/wp-json\/wp\/v2\/types\/page"}],"author":[{"embeddable":true,"href":"https:\/\/www.v6.newmessage.org\/it\/wp-json\/wp\/v2\/users\/62"}],"replies":[{"embeddable":true,"href":"https:\/\/www.v6.newmessage.org\/it\/wp-json\/wp\/v2\/comments?post=28742"}],"version-history":[{"count":2,"href":"https:\/\/www.v6.newmessage.org\/it\/wp-json\/wp\/v2\/pages\/28742\/revisions"}],"predecessor-version":[{"id":28799,"href":"https:\/\/www.v6.newmessage.org\/it\/wp-json\/wp\/v2\/pages\/28742\/revisions\/28799"}],"up":[{"embeddable":true,"href":"https:\/\/www.v6.newmessage.org\/it\/wp-json\/wp\/v2\/pages\/13089"}],"wp:attachment":[{"href":"https:\/\/www.v6.newmessage.org\/it\/wp-json\/wp\/v2\/media?parent=28742"}],"wp:term":[{"taxonomy":"category","embeddable":true,"href":"https:\/\/www.v6.newmessage.org\/it\/wp-json\/wp\/v2\/categories?post=28742"},{"taxonomy":"post_tag","embeddable":true,"href":"https:\/\/www.v6.newmessage.org\/it\/wp-json\/wp\/v2\/tags?post=28742"}],"curies":[{"name":"wp","href":"https:\/\/api.w.org\/{rel}","templated":true}]}}