{"id":28727,"date":"2020-08-03T03:14:06","date_gmt":"2020-08-03T03:14:06","guid":{"rendered":"https:\/\/www.newmessage.org\/it\/?page_id=28727"},"modified":"2020-08-18T06:01:19","modified_gmt":"2020-08-18T06:01:19","slug":"il-potere-superiore-dentro-di-te","status":"publish","type":"page","link":"https:\/\/www.v6.newmessage.org\/it\/il-messaggio\/volume-1\/il-potere-della-conoscenza\/il-potere-superiore-dentro-di-te","title":{"rendered":"Il Potere Superiore Dentro di Te"},"content":{"rendered":"<div><\/div>\n<div class=\"tabgroup \"><ul class=\"tabs\"><li><a href=\"#tabs-1\">Ascolta<\/a><\/li>\n<li><a href=\"#tabs-2\">Commenta<\/a><\/li><\/ul>\n <div id=\"tabs-1\"><\/p>\n<p>Ascolta la Voce della Rivelazione Originale in Inglese:<\/p>\n\t\t\t\t<div id=\"jquery_jplayer_1\" class=\"jp-jplayer\"><\/div>\n\t\t\t\t<div id=\"jp_container_1\" class=\"jp-audio\">\n\t\t\t\t<div class=\"jp-type-single\"><div class=\"jp-control\"><a href=\"javascript:;\" class=\"jp-play\" tabindex=\"1\">play<\/a><a href=\"javascript:;\" class=\"jp-pause\" tabindex=\"1\">pause<\/a><\/div> <div class=\"jp-gui jp-interface\"><div class=\"jp-volume\"><div class=\"jp-volume-bar\"><div class=\"jp-volume-bar-value\"><\/div><\/div><\/div><div class=\"jp-progress\"><div class=\"jp-seek-bar\"><div class=\"jp-play-bar\"><\/div><\/div><\/div><\/div>\t\t\t\t\t<div class=\"jp-no-solution\"><span>Update Required<\/span>To play the media you will need to either update your browser to a recent version or update your <a href=\"http:\/\/get.adobe.com\/flashplayer\/\" target=\"_blank\">Flash plugin<\/a>.<\/div><\/div><\/div>\n\t\t\t<script type='text\/javascript'>\n\t\t\t\tjQuery(document).ready(function() {\n\t\t\t\t\tif (typeof (sermonMedia) == 'function') {\n\t\t\t\t\t\tsermonMedia.addAudio('', \"jquery_jplayer_1\");\n\t\t\t\t\t}\n\t\t\t\t\tjQuery.jPlayer.timeFormat.showHour = true;\n\t\t\t\t\tjQuery(\"#jquery_jplayer_1\").jPlayer({\n\t\t\t\t\t\tready: function(event) {\n\t\t\t\t\t\t\tjQuery(this).jPlayer(\"setMedia\", {mp3: 'https:\/\/www.newmessage.org\/av\/the-greater-power-within-you.mp3'});\n\t\t\t\t\t\t},\n\t\t\t\t\t\tplay: function() {\n\t\t\t\t\t\t\tjQuery(this).jPlayer(\"pauseOthers\");\n\t\t\t\t\t\t},\n\t\t\t\t\t\tswfPath: ThemeData.directory_uri+\"\/swf\",\n\t\t\t\t\t\tsolution: \"html, flash\",\n\t\t\t\t\t\tpreload: \"metadata\",\n\t\t\t\t\t\twmode: \"window\",\n\t\t\t\t\t\tsupplied: \"mp3\",\n\t\t\t\t\t\tcssSelectorAncestor: '#jp_container_1'\n\t\t\t\t\t});\n\t\t\t\t});\n\t\t\t<\/script>\n<p><a href=\"https:\/\/www.community.newmessage.org\/the-greater-power-within-you\/\"><img loading=\"lazy\" decoding=\"async\" class=\"imgborder aligncenter wp-image-40563 size-medium\" src=\"https:\/\/www.newmessage.org\/wp-content\/uploads\/2019\/05\/POK-01-The-Greater-Power-within-You-300x157.jpeg\" alt=\"The Greater Power Within\" width=\"300\" height=\"157\" \/><\/a><\/p>\n<p><a title=\"The Power Within You\" href=\"https:\/\/www.newmessage.org\/av\/the-greater-power-within-you.mp3\">Download<\/a> (clicca tasto destro del mouse)<\/p>\n<p class=\"revelation_details\"><em>Come rivelato al Messaggero di Dio<br \/>\nMarshall Vian Summers<br \/>\nil 12 Settembre, 2008<br \/>\nin Boulder, Colorado<br \/>\n<\/em><\/p>\n<div class=\"toggle toggle-white\"><h4 class=\"trigger \"><span class=\"t_ico\"><\/span><a href=\"#\">Note riguardo a questa registrazione<\/a><\/h4><div class=\"toggle_container \"><br \/>\n<p>Quella che state sentendo in questa registrazione \u00e8 la voce della <u>Assemblea <\/u>Angelica che sta parlando tramite il <u>Messaggero <\/u>Marshall Vian Summers.<\/p>\n<p>Qua, la comunicazione originale di Dio, che esiste al di l\u00e0 delle parole, \u00e8 tradotta nel linguaggio e nella comprensione umana dall\u2019Assemblea Angelica che veglia sul mondo. Poi l\u2019Assemblea consegna il Messaggio di Dio tramite il Messaggero.<\/p>\n<p>In questo notevole processo, la Voce della Rivelazione sta parlando di nuovo. La Parola e il suono della Voce sono nel mondo. Per la prima volta nella storia, la registrazione dell\u2019originale rivelazione parlata \u00e8 disponibile affinch\u00e9 voi e il mondo la possiate sentire.<\/p>\n<p>Possiate voi essere i destinatari di questo dono di Rivelazione e possiate essere aperti a ricevere il suo Messaggio unico per voi e per la vostra vita.<\/p>\n<br \/>\n<\/div><\/div><br \/>\n<\/div>\n<div id=\"tabs-2\"><\/p>\n<p><a class='simple_button_link ' style='background-color: #4f8fd6' href='https:\/\/www.community.newmessage.org\/groups\/italian\/'   ><span>Commenta<\/span><\/a>&#8216;Il Potere Superiore Dentro di Te&#8217; nel Worldwide Community Site (registrazione gratuita)<\/p>\n<p><a href=\"https:\/\/www.community.newmessage.org\/the-greater-power-within-you\/\"><img loading=\"lazy\" decoding=\"async\" class=\"imgborder aligncenter wp-image-40563 size-medium\" src=\"https:\/\/www.newmessage.org\/wp-content\/uploads\/2019\/05\/POK-01-The-Greater-Power-within-You-300x157.jpeg\" alt=\"The greater power within\" width=\"300\" height=\"157\" \/><\/a><\/p>\n<p><br \/>\n<em>Nota per il Lettore:<br \/>\nQuesta traduzione \u00e8 stata fornita a The Society da uno studente del Nuovo Messaggio che si \u00e8 offerto volontario per tradurre il testo originale in Inglese. Noi rendiamo questa traduzione disponibile al mondo in questa forma iniziale affinch\u00e9 le persone abbiano la possibilit\u00e0 di interagire con una porzione del Nuovo Messaggio nella propria lingua.<\/em><br \/>\n<\/div>\n\t\t\t\t<div align=\"right\">\n\t\t\t<div class=\"fb-like\" data-href=\"\" data-layout=\"button_count\" data-action=\"like\" data-show-faces=\"false\" data-share=\"false\"><\/div>\n\t\t\t<div class=\"fb-share-button\" data-layout=\"button_count\"> <\/div>\n\t\t\t<div class=\"fb_iframe_widget\"><a href=\"https:\/\/twitter.com\/godsnewmessage?ref_src=twsrc%5Etfw\" class=\"twitter-follow-button\" data-show-count=\"false\">Follow @godsnewmessage<\/a><script async src=\"https:\/\/platform.twitter.com\/widgets.js\" charset=\"utf-8\"><\/script><\/div>\n\t\t\t<\/div> <\/div> \n<br \/>\nOvunque le persone portano nel recondito del proprio s\u00e9 un potere pi\u00f9 grande, un potere che non hanno ancora scoperto. \u00c8 un&#8217;Intelligenza pi\u00f9 profonda che il Creatore di tutta la vita ha dato ad ogni persona.<\/p>\n<p>Questa Intelligenza pi\u00f9 profonda non funziona come il vostro intelletto. Non \u00e8 condizionata dal mondo. Non \u00e8 soggetta al dubbio e alla paura, alla confusione, al risentimento o alla rabbia. \u00c8 tranquilla. \u00c8 chiara. \u00c8 potente. Non pu\u00f2 essere persuasa da nessuna forza o potere, perch\u00e9 risponde solo a Dio.<\/p>\n<p>Questa intelligenza superiore si chiama Conoscenza, e vive dentro di voi, sotto la superficie della vostra mente. Ogni giorno La Conoscenza vi d\u00e0 consigli \u2014 per proteggervi, per guidarvi, per condurvi. Ma se vivete sulla superficie della vostra mente, catturati dalle turbolenze della superficie, come le turbolenze sulla superficie dell&#8217;oceano, non sentirete questi messaggi. Non sentirete questa presenza superiore dentro di voi. Non riconoscerete gli avvertimenti e la direzione della Conoscenza.<\/p>\n<p>Le persone cercano di mantenersi costantemente stimolate \u2014 radio e televisione, libri e conversazioni senza fine, mantenendosi sulla superficie della loro mente, dove non possono sentire la presenza della Conoscenza o il potere della Conoscenza, dove non possono sentire o rispondere alla guida che La Conoscenza fornisce loro.<\/p>\n<p>Forse una volta ogni tanto sentiranno un&#8217;inclinazione pi\u00f9 profonda. Riconosceranno un segno o avranno una profonda sensazione di qualcosa, ma queste esperienze sono spesso intermittenti e sono spesso male interpretate. Anche le persone che si sentono intuitive per natura spesso interpretano male i segni che ricevono, cercando di far combaciare tutto con ci\u00f2 che vogliono, di realizzare i loro desideri e i loro obiettivi, o di sostenere una certa filosofia di vita. Cos\u00ec, mentre molte persone rispondono al potere e alla presenza della Conoscenza, spesso ne fraintendono i segni, pensando che si tratti di qualcos&#8217;altro.<\/p>\n<p>Alcuni pensano che ogni segno che viene da dentro di s\u00e9 debba riguardare l&#8217;amore, quando in realt\u00e0 La Conoscenza sta dando un avvertimento sulle cose. Ti avverte della presenza di un pericolo. Cerca di impedirti di commettere errori critici, o di dare la tua vita a persone o cose che non hanno un vero valore o un futuro.<\/p>\n<p>Anche questo \u00e8 amore \u2014 la guida dell&#8217;amore, il controllo dell&#8217;amore, gli avvertimenti dell&#8217;amore. Eppure, se pensate che l&#8217;amore sia tutta una questione di felicit\u00e0, di pace e diletto, allora non capite il vero potere e la potenza dell&#8217;amore. L&#8217;amore che un genitore ha per il proprio figlio, la preoccupazione che un genitore avr\u00e0 per il proprio figlio e il tentativo dei genitori di proteggere il proprio figlio da danni, pericoli o influenze dannose rappresentano il tipo di amore che vive dentro di voi.<\/p>\n<p>Come potete sperimentare questa Conoscenza, che racchiude per voi il vostro scopo superiore per il quale siete venuti al mondo e pu\u00f2 insegnarvi a superare i tempi difficili che vi attendono in ogni tipo di circostanza? Come potete sperimentare questo per voi stessi?<\/p>\n<p>Dovete imparare a diventare calmi. Dovete imparare ad ascoltare profondamente dentro di voi, non solo per dei momenti qua e l\u00e0, ma su una base pi\u00f9 regolare, come parte della vostra pratica spirituale. Quando venite a pregare, non chiedete semplicemente delle cose, ma imparate ad ascoltare. Dio ha gi\u00e0 posto la risposta dentro di voi, ma \u00e8 dentro di voi nel profondo, e dovete andare sotto la superficie della vostra mente per sperimentarla.<\/p>\n<p>Come l&#8217;oceano, la superficie \u00e8 turbolenta e irregolare, sempre mutevole, ma nel profondo, nel profondo dell&#8217;oceano, ci sono forti correnti che muovono le acque del mondo. La vostra mente \u00e8 cos\u00ec. In superficie, \u00e8 travolta dai pericoli e dalle preoccupazioni della vostra vita esterna. \u00c8 persuasa e influenzata e impattata dal mondo che vi circonda \u2014 dalle opinioni di altre persone, dalle esigenze della vostra vita, dai vostri desideri e dalle vostre paure. Ma nel profondo c&#8217;\u00e8 una corrente pi\u00f9 profonda della vita che non \u00e8 soggetta a queste influenze esterne. \u00c8 forte. \u00c8 permanente. Ha una vera direzione. Sta muovendo la vostra vita.<\/p>\n<p>Quando imparerete a fare i <a href=\"https:\/\/www.newmessage.org\/it\/il-messaggio\/volume-3\/passi-verso-la-conoscenza\">Passi verso La Conoscenza<\/a>, imparerete a sentire la presenza di questa maggiore Intelligenza. E col tempo, imparerete a discernere correttamente i suoi segni e i suoi messaggi, e ad accettare la sua presenza e il suo potere nella vostra vita.<\/p>\n<p>Questo \u00e8 il modo in cui Dio vi parler\u00e0. \u00c8 cos\u00ec che Dio vi influenzer\u00e0 per proteggervi e per guidarvi verso una vita pi\u00f9 grande nel mondo \u2014 una vita al servizio del mondo, una vita che \u00e8 connessa al mondo reale che vi circonda. Questa \u00e8 la pi\u00f9 grande scoperta della vita, e vi aspetta.<\/p>\n<p>Avete gi\u00e0 sperimentato il potere e la presenza della Conoscenza in momenti della vostra vita in cui avete sentito un desiderio travolgente di intraprendere un certo tipo di azione, o una preoccupazione per un evento prima che accadesse, o una preoccupazione per una persona cara, solo per scoprire che quella preoccupazione era ben giustificata.<\/p>\n<p>C&#8217;\u00e8 un potere dentro di te che \u00e8 saggio. Ti fa avanzare in alcuni modi e ti trattiene in altri. Rappresenta la tua coscienza pi\u00f9 profonda, la coscienza che Dio ha messo in te. Potete chiedere a Dio i miracoli. Potete chiedere a Dio di intervenire nella vostra vita. Ma Dio ha gi\u00e0 messo la risposta in voi: la potenza e la presenza della Conoscenza, la Mente eterna pi\u00f9 profonda dentro di voi. Solo essa sa chi siete e perch\u00e9 siete qui, chi dovete incontrare in questa vita e in definitiva quale contributo siete qui a dare, in servizio all&#8217;umanit\u00e0 e al mondo.<\/p>\n<p>Voi portate la grande dote dentro di voi. \u00c8 in attesa di essere scoperta. Aspetta che facciate i <a href=\"https:\/\/www.newmessage.org\/it\/il-messaggio\/volume-3\/passi-verso-la-conoscenza\">Passi verso La Conoscenza<\/a>, e che costruiate la saggezza di cui avrete bisogno per portare questa Conoscenza nel mondo, per proteggere questa Conoscenza e per discernere la sua guida e sperimentare i suoi doni.<\/p>\n<p>Questa \u00e8 la benedizione che il Creatore di tutta la vita ha dato a voi e ad ogni persona. E nella misura in cui La Conoscenza potr\u00e0 essere vissuta ed espressa in questo mondo, il mondo sar\u00e0 benedetto, saranno evitati grandi disastri e l&#8217;umanit\u00e0 continuer\u00e0 a muoversi in una direzione positiva.<\/p>\n<p>Questo \u00e8 l&#8217;antidoto al male. Questa \u00e8 la benedizione per il mondo, una benedizione che vive dentro di voi.<\/p>\n<hr \/>\n<p style=\"text-align: right;\"><a href=\"https:\/\/www.newmessage.org\/it\/il-messaggio\/volume-1\/il-potere-della-conoscenza\"><em>Continua a leggere:<\/em> Il Potere della Conoscenza<\/a><\/p>\n","protected":false},"excerpt":{"rendered":"<p>Ovunque le persone portano nel recondito del proprio s\u00e9 un potere pi\u00f9 grande, un potere che non hanno ancora scoperto. \u00c8 un&#8217;Intelligenza pi\u00f9 profonda che il Creatore di tutta la vita ha dato ad ogni persona.<\/p>\n<p>Questa Intelligenza pi\u00f9 profonda non funziona come il vostro intelletto. Non \u00e8 condizionata dal mondo. Non \u00e8 soggetta al dubbio e alla paura, alla confusione, al risentimento o alla rabbia. \u00c8 tranquilla. \u00c8 chiara. \u00c8 potente. Non pu\u00f2 essere persuasa da nessuna forza o potere, perch\u00e9 risponde solo a Dio.<\/p>\n<p>Questa intelligenza superiore si chiama Conoscenza, e vive dentro di voi, sotto la superficie della vostra mente. Ogni giorno La Conoscenza vi d\u00e0 consigli \u2014 per proteggervi, per guidarvi, per condurvi. Ma se vivete sulla superficie della vostra mente, catturati dalle turbolenze della superficie, come le turbolenze sulla superficie dell&#8217;oceano, non sentirete questi messaggi. Non sentirete questa presenza superiore dentro di voi. Non riconoscerete gli avvertimenti e la direzione della Conoscenza.<\/p>\n<p>Le persone cercano di mantenersi costantemente stimolate \u2014 radio e televisione, libri e conversazioni senza fine, mantenendosi sulla superficie della loro mente, dove non possono sentire la presenza della Conoscenza o il potere della Conoscenza, dove non possono sentire o rispondere alla guida che La Conoscenza fornisce loro.<\/p>\n<p>Forse una volta ogni tanto sentiranno un&#8217;inclinazione pi\u00f9 profonda. Riconosceranno un segno o avranno una profonda sensazione di qualcosa, ma queste esperienze sono spesso intermittenti e sono spesso male interpretate. Anche le persone che si sentono intuitive per natura spesso interpretano male i segni che ricevono, cercando di far combaciare tutto con ci\u00f2 che vogliono, di realizzare i loro desideri e i loro obiettivi, o di sostenere una certa filosofia di vita. Cos\u00ec, mentre molte persone rispondono al potere e alla presenza della Conoscenza, spesso ne fraintendono i segni, pensando che si tratti di qualcos&#8217;altro.<\/p>\n","protected":false},"author":62,"featured_media":0,"parent":28507,"menu_order":12,"comment_status":"closed","ping_status":"closed","template":"template-leftsidebar.php","meta":{"_monsterinsights_skip_tracking":false,"_monsterinsights_sitenote_active":false,"_monsterinsights_sitenote_note":"","_monsterinsights_sitenote_category":0,"footnotes":""},"categories":[76,924,460],"tags":[749,740,745,750,958,883,743,748,741,746,744,747,608,960,742],"_links":{"self":[{"href":"https:\/\/www.v6.newmessage.org\/it\/wp-json\/wp\/v2\/pages\/28727"}],"collection":[{"href":"https:\/\/www.v6.newmessage.org\/it\/wp-json\/wp\/v2\/pages"}],"about":[{"href":"https:\/\/www.v6.newmessage.org\/it\/wp-json\/wp\/v2\/types\/page"}],"author":[{"embeddable":true,"href":"https:\/\/www.v6.newmessage.org\/it\/wp-json\/wp\/v2\/users\/62"}],"replies":[{"embeddable":true,"href":"https:\/\/www.v6.newmessage.org\/it\/wp-json\/wp\/v2\/comments?post=28727"}],"version-history":[{"count":3,"href":"https:\/\/www.v6.newmessage.org\/it\/wp-json\/wp\/v2\/pages\/28727\/revisions"}],"predecessor-version":[{"id":28747,"href":"https:\/\/www.v6.newmessage.org\/it\/wp-json\/wp\/v2\/pages\/28727\/revisions\/28747"}],"up":[{"embeddable":true,"href":"https:\/\/www.v6.newmessage.org\/it\/wp-json\/wp\/v2\/pages\/28507"}],"wp:attachment":[{"href":"https:\/\/www.v6.newmessage.org\/it\/wp-json\/wp\/v2\/media?parent=28727"}],"wp:term":[{"taxonomy":"category","embeddable":true,"href":"https:\/\/www.v6.newmessage.org\/it\/wp-json\/wp\/v2\/categories?post=28727"},{"taxonomy":"post_tag","embeddable":true,"href":"https:\/\/www.v6.newmessage.org\/it\/wp-json\/wp\/v2\/tags?post=28727"}],"curies":[{"name":"wp","href":"https:\/\/api.w.org\/{rel}","templated":true}]}}