{"id":28725,"date":"2020-08-03T02:55:10","date_gmt":"2020-08-03T02:55:10","guid":{"rendered":"https:\/\/www.newmessage.org\/it\/?page_id=28725"},"modified":"2020-12-21T05:31:07","modified_gmt":"2020-12-21T05:31:07","slug":"chi-sei-non-e-la-tua-mente","status":"publish","type":"page","link":"https:\/\/www.v6.newmessage.org\/it\/il-messaggio\/volume-1\/il-potere-della-conoscenza\/chi-sei-non-e-la-tua-mente","title":{"rendered":"Chi Sei non \u00e8 la tua Mente"},"content":{"rendered":"<div><\/div>\n\n<div class=\"tabgroup \"><ul class=\"tabs\"><li><a href=\"#tabs-1\">Ascolta<\/a><\/li>\n<li><a href=\"#tabs-2\">Commenta<\/a><\/li><\/ul>\n <div id=\"tabs-1\"><\/p>\n<p>Ascolta la Voce della Rivelazione Originale in Inglese:<\/p>\n<div id=\"jquery_jplayer_1\" class=\"jp-jplayer\"><\/div>\n\t\t\t\t<div id=\"jp_container_1\" class=\"jp-audio\">\n\t\t\t\t<div class=\"jp-type-single\"><div class=\"jp-control\"><a href=\"javascript:;\" class=\"jp-play\" tabindex=\"1\">play<\/a><a href=\"javascript:;\" class=\"jp-pause\" tabindex=\"1\">pause<\/a><\/div> <div class=\"jp-gui jp-interface\"><div class=\"jp-volume\"><div class=\"jp-volume-bar\"><div class=\"jp-volume-bar-value\"><\/div><\/div><\/div><div class=\"jp-progress\"><div class=\"jp-seek-bar\"><div class=\"jp-play-bar\"><\/div><\/div><\/div><\/div>\t\t\t\t\t<div class=\"jp-no-solution\"><span>Update Required<\/span>To play the media you will need to either update your browser to a recent version or update your <a href=\"http:\/\/get.adobe.com\/flashplayer\/\" target=\"_blank\">Flash plugin<\/a>.<\/div><\/div><\/div>\n\t\t\t<script type='text\/javascript'>\n\t\t\t\tjQuery(document).ready(function() {\n\t\t\t\t\tif (typeof (sermonMedia) == 'function') {\n\t\t\t\t\t\tsermonMedia.addAudio('', \"jquery_jplayer_1\");\n\t\t\t\t\t}\n\t\t\t\t\tjQuery.jPlayer.timeFormat.showHour = true;\n\t\t\t\t\tjQuery(\"#jquery_jplayer_1\").jPlayer({\n\t\t\t\t\t\tready: function(event) {\n\t\t\t\t\t\t\tjQuery(this).jPlayer(\"setMedia\", {mp3: 'https:\/\/www.newmessage.org\/av\/who-you-are-is-not-your-mind.mp3'});\n\t\t\t\t\t\t},\n\t\t\t\t\t\tplay: function() {\n\t\t\t\t\t\t\tjQuery(this).jPlayer(\"pauseOthers\");\n\t\t\t\t\t\t},\n\t\t\t\t\t\tswfPath: ThemeData.directory_uri+\"\/swf\",\n\t\t\t\t\t\tsolution: \"html, flash\",\n\t\t\t\t\t\tpreload: \"metadata\",\n\t\t\t\t\t\twmode: \"window\",\n\t\t\t\t\t\tsupplied: \"mp3\",\n\t\t\t\t\t\tcssSelectorAncestor: '#jp_container_1'\n\t\t\t\t\t});\n\t\t\t\t});\n\t\t\t<\/script><\/p>\n<p><a href=\"https:\/\/www.community.newmessage.org\/who-you-are-is-not-your-mind\/\"><img loading=\"lazy\" decoding=\"async\" class=\"imgborder aligncenter wp-image-40589 size-medium\" src=\"https:\/\/www.newmessage.org\/wp-content\/uploads\/2019\/05\/POK-08-Who-You-are-is-Not-Your-Mind-300x157.jpeg\" alt=\"you are not your mind\" width=\"300\" height=\"157\" \/><\/a><\/p>\n<p><a title=\"Who You Are Is Not Your Mind\" href=\"https:\/\/www.newmessage.org\/av\/who-you-are-is-not-your-mind.mp3\">Download<\/a> (clicca tasto destro del mouse)<\/p>\n<p class=\"revelation_details\"><em>Come rivelato al Messaggero di Dio<br \/>\nMarshall Vian Summers<br \/>\nil 29 Ottobre 2009<br \/>\nin Boulder, Colorado<br \/>\n<\/em><\/p>\n<div class=\"toggle toggle-white\"><h4 class=\"trigger \"><span class=\"t_ico\"><\/span><a href=\"#\">Note riguardo a questa registrazione<\/a><\/h4><div class=\"toggle_container \"><br \/>\n<p>Quella che state sentendo in questa registrazione \u00e8 la voce della <u>Assemblea <\/u>Angelica che sta parlando tramite il <u>Messaggero <\/u>Marshall Vian Summers.<\/p>\n<p>Qua, la comunicazione originale di Dio, che esiste al di l\u00e0 delle parole, \u00e8 tradotta nel linguaggio e nella comprensione umana dall\u2019Assemblea Angelica che veglia sul mondo. Poi l\u2019Assemblea consegna il Messaggio di Dio tramite il Messaggero.<\/p>\n<p>In questo notevole processo, la Voce della Rivelazione sta parlando di nuovo. La Parola e il suono della Voce sono nel mondo. Per la prima volta nella storia, la registrazione dell\u2019originale rivelazione parlata \u00e8 disponibile affinch\u00e9 voi e il mondo la possiate sentire.<\/p>\n<p>Possiate voi essere i destinatari di questo dono di Rivelazione e possiate essere aperti a ricevere il suo Messaggio unico per voi e per la vostra vita.<\/p>\n<br \/>\n<\/div><\/div><br \/>\n<\/div>\n<div id=\"tabs-2\"><\/p>\n<p><a class='simple_button_link ' style='background-color: #4f8fd6' href='https:\/\/www.community.newmessage.org\/groups\/italian\/'   ><span>Commenta<\/span><\/a>&#8216;Chi sei non \u00e8 la tua mente&#8217; nel Worldwide Community Site (registrazione gratuita)<\/p>\n<p><a href=\"https:\/\/www.community.newmessage.org\/who-you-are-is-not-your-mind\/\"><img loading=\"lazy\" decoding=\"async\" class=\"imgborder aligncenter wp-image-40589 size-medium\" src=\"https:\/\/www.newmessage.org\/wp-content\/uploads\/2019\/05\/POK-08-Who-You-are-is-Not-Your-Mind-300x157.jpeg\" alt=\"You are not your mind\" width=\"300\" height=\"157\" \/><\/a><\/p>\n<p><br \/>\n<em>Nota per il Lettore:<br \/>\nQuesta traduzione \u00e8 stata fornita a The Society da uno studente del Nuovo Messaggio che si \u00e8 offerto volontario per tradurre il testo originale in Inglese. Noi rendiamo questa traduzione disponibile al mondo in questa forma iniziale affinch\u00e9 le persone abbiano la possibilit\u00e0 di interagire con una porzione del Nuovo Messaggio nella propria lingua.<\/em><br \/>\n<\/div>\n\t\t\t\t<div align=\"right\">\n\t\t\t<div class=\"fb-like\" data-href=\"\" data-layout=\"button_count\" data-action=\"like\" data-show-faces=\"false\" data-share=\"false\"><\/div>\n\t\t\t<div class=\"fb-share-button\" data-layout=\"button_count\"> <\/div>\n\t\t\t<div class=\"fb_iframe_widget\"><a href=\"https:\/\/twitter.com\/godsnewmessage?ref_src=twsrc%5Etfw\" class=\"twitter-follow-button\" data-show-count=\"false\">Follow @godsnewmessage<\/a><script async src=\"https:\/\/platform.twitter.com\/widgets.js\" charset=\"utf-8\"><\/script><\/div>\n\t\t\t<\/div> <\/div> \n\n<p>Tu non sei la tua mente. Non sei il tuo intelletto. Chi sei non sono i tuoi pensieri. Non sei le tue convinzioni. Non sei i tuoi ricordi. Non sei i tuoi conflitti. Non sei le cose con cui ti identifichi.<\/p>\n<p>Il mistero di chi sei esiste al di l\u00e0 della portata e del regno dell\u2019intelletto e al di l\u00e0 della realt\u00e0 del corpo. Ma tu ora abiti in questo corpo. E l\u2019intelletto esiste per aiutarti a navigare in questo mondo e a parteciparvi. \u00c8 un meraviglioso veicolo di comunicazione. \u00c8 straordinario, profondo e capace di fare cose meravigliose se coltivato correttamente. Ma per tutti gli studenti della Conoscenza in tutte le tradizioni, \u00e8 necessario rendersi conto della differenza tra la tua vera natura, la tua natura profonda, e la composizione della tua mente e del tuo sistema di credenze, per quanto organizzate o disorganizzate possano essere.<\/p>\n<p>Il fatto che vivi a livello superficiale della mente e non conosci le sue profondit\u00e0, il suo mistero e il suo vero potere e le sue capacit\u00e0 \u2013 questo deve essere riconosciuto, o penserai che la spiritualit\u00e0 sia una credenza o un sistema di credenze. Penserai che la pratica spirituale consista nel rafforzare le idee, nel rafforzare le credenze, e, naturalmente, questo \u00e8 pesantemente manipolato dal governo e dalle istituzioni religiose \u2013 la manipolazione del credo perch\u00e9 la maggior parte delle persone non sono ancora consapevoli che ci\u00f2 che sono non \u00e8 la loro mente, e cos\u00ec pensano che ci\u00f2 che pensano sia ci\u00f2 che sono, e rappresenti la loro realt\u00e0.<\/p>\n<p>Una volta che sei in grado di rompere questo presupposto e questa fissazione, una porta intera comincia ad aprirsi alla tua vita interiore, dove sperimenterai presto che hai una natura superiore, una natura pi\u00f9 profonda al di l\u00e0 dei tuoi pensieri e delle tue idee. Resta seduto nella calma per venti o trenta minuti, e questo ti diventer\u00e0 molto evidente.<\/p>\n<p>\u00c8 come il rumore della strada \u2013 la tua mente superficiale \u2013 che urta, sbatte, si muove e si scontra. Giudica, fa paragoni, fantastica, ricorda, proietta la colpa, proietta la sua volont\u00e0. Sta facendo tutto questo. Ma se tu dovessi fare un passo indietro, chiudere le porte, chiudere le finestre e andare nel santuario interno della tua casa, i suoni della strada si allontanerebbero e alla fine scomparirebbero completamente.<\/p>\n<p>\u00c8 cos\u00ec nella tua mente. Una volta che scendi sotto la superficie della tua mente, ti accorgi che l\u00ec c\u2019\u00e8 una realt\u00e0 pi\u00f9 grande di cui non sai nulla, una realt\u00e0 con molti livelli, e che qui hai associazioni pi\u00f9 profonde e relazioni pi\u00f9 profonde.<\/p>\n<p>Hai rapporti con la tua <a href=\"https:\/\/www.newmessage.org\/it\/il-messaggio\/volume-3\/vivere-la-via-della-conoscenza\/la-tua-relazione-con-la-tua-famiglia-spirituale\">Famiglia Spirituale<\/a>, che non \u00e8 nel mondo. Hai rapporti con la tua Famiglia Spirituale che vive in altri mondi. Hai un rapporto con i tuoi Maestri, quelle Presenze Non Viste che vegliano sul tuo sviluppo e che ti mandano pensieri di tanto in tanto per aiutarti ad aprirti alla realt\u00e0 della tua vera vita. E, naturalmente, hai il potere della Conoscenza, la Mente pi\u00f9 profonda dentro di te, la Mente che Dio ha creato, non la mente che la cultura e il mondo hanno creato.<\/p>\n<p>Questa Mente pi\u00f9 profonda \u00e8 completamente diversa dal tuo intelletto e ha un grande potere e una grande certezza. Non \u00e8 governata dalla paura e dal desiderio. Non \u00e8 guidata dalla compulsione e dall\u2019ansia. Non ha bisogno di affermarsi e di difendersi e di sopraffare gli altri per cercare potere e riconoscimento nel mondo. \u00c8 qui solo per servire uno scopo pi\u00f9 grande, di cui solo essa \u00e8 consapevole dentro di te.<\/p>\n<p>Una volta che spezzi il tuo attaccamento alla superficie della tua mente e riconosci che quella \u00e8 solo una parte che interpreti nel mondo, come una parte che un attore reciterebbe su un palcoscenico, allora puoi cominciare a vedere e sentire e sperimentare la corrente pi\u00f9 profonda della tua vita. Questo nella vita ti apre a sperimentare relazioni che rappresentano questa corrente pi\u00f9 profonda, questo riconoscimento pi\u00f9 profondo, questo scopo comune pi\u00f9 grande.<\/p>\n<p>Questo riduce l\u2019impatto della paura. Questo riduce l\u2019impatto del desiderio e della costrizione. Questo interrompe la tua fascinazione per le tue fantasie. Questo spezza le catene di identificazione che ti tengono schiavo di un insieme di idee e attivit\u00e0 che non hanno nulla a che fare con chi sei veramente e perch\u00e9 sei veramente nel mondo.<\/p>\n<p>Chiunque abbia una qualche profondit\u00e0 spirituale, non importa quale sia la sua tradizione o il suo periodo storico, ha interrotto questa fissazione e identificazione con la superficie della mente. Sa che ci sono verit\u00e0 pi\u00f9 grandi da sperimentare che le idee da sole non possono contenere, che le teorie e le filosofie e i sistemi di pensiero non possono rappresentare pienamente.<\/p>\n<p>Vedono i limiti della scienza. Vedono i limiti dell\u2019intelletto. Vedono i limiti della teologia e della filosofia. Riconoscono che c\u2019\u00e8 un mistero nella loro vita e che hanno l\u2019opportunit\u00e0 di sperimentare questo mistero e di esprimerlo agli altri. Questo, vedi, \u00e8 un grande punto di svolta.<\/p>\n<p>Ma quando guardi fuori nel mondo, le persone sono totalmente prese. Non possono abbandonare la strada e cercare il santuario dentro di s\u00e9. Sono cos\u00ec prese, stanno sempre a stimolare la loro mente \u2013 ottenendo nuovi pensieri, nuove credenze ed esprimendo e rafforzando le loro vecchie credenze, e trovando altre persone nelle relazioni che possano aiutarli a consolidare le loro credenze. \u00c8 tutto un evitare la paura \u2013 il vuoto, la paura della perdita, la paura di non trovare, la paura di perdere, la paura di confondersi, la paura del caos, la paura della propria mortalit\u00e0, la paura della morte e dell\u2019annientamento.<\/p>\n<p>Tutta questa costante attivit\u00e0 per rafforzare la propria identit\u00e0 \u00e8 semplicemente una fuga. \u00c8 fuggire dalla realt\u00e0 che vive dentro di te in questo momento, che da sola detiene lo scopo ed il significato superiori della tua vita. \u00c8 fuggire da se stessi. \u00c8 fuggire dalla propria paura e dall\u2019incertezza, costantemente sospinti e presi. Non \u00e8 un caso che questo accada. Non sono solo circostanze.<\/p>\n<p>Le persone non sono capaci di stare ferme per cinque minuti. Non possono dare la colpa alle loro circostanze per questo. Il tempo che passano davanti allo specchio in bagno ogni giorno potrebbe essere speso seduti in silenzio, praticando l\u2019ascolto interiore, aprendosi agli orizzonti della mente e al grande pozzo del silenzio dentro di s\u00e9 che porta pace e intuizione e potere all\u2019individuo.<\/p>\n<p>Le persone sono cos\u00ec prese dal loro intelletto che non riescono a trovare una via d\u2019uscita, come se fossero circondate da filo spinato e non riuscissero a trovare una via d\u2019uscita. Ma stare seduti nella calma e seguire il proprio respiro, o ripetere un suono o una parola, \u00e8 sufficiente se si rimane con questo, se si continua la propria pratica e non si \u00e8 delusi o frustrati dal fatto che all\u2019inizio si scopre quanto la mente vi domina, e che siete schiavi del vostro pensiero e delle vostre convinzioni e dei vostri ricordi e delle vostre paure e delle proiezioni della vostra paura.<\/p>\n<p>Ricco o povero, questa \u00e8 la schiavit\u00f9 sotto la quale l\u2019umanit\u00e0 lotta e soffre. Se vai nei luoghi pi\u00f9 ricchi del mondo le persone sono ancora schiave della mente, schiave dei loro bisogni e dei loro desideri, delle loro compulsioni e delle loro ansie. Anche se vivono nello splendore, si comportano come servi \u2013 si affannano, ignari di ci\u00f2 che li opprime, incapaci di vedere una via d\u2019uscita.<\/p>\n<p>La religione, quindi, diventa governata dalla mente, dall\u2019intelletto. Diventa un rituale, un credo, un\u2019esigenza sociale, una validazione sociale. Perde il suo primato, la sua intimit\u00e0, il suo fervore, il suo mistero e la sua grazia.<\/p>\n<p>Ora devi andare in chiesa o in moschea o al tempio perch\u00e9 ci si aspetta che tu ci vada. E hai paura di quello che potrebbe succedere se non lo fai. E chiedi a Dio di aiutarti, di salvarti, di darti quello che vuoi, di proteggere i tuoi cari.<\/p>\n<p>Alcune richieste sono sincere e altre no. Ma cerchi un\u2019esperienza di unione con il Divino? Cerchi di sperimentare ci\u00f2 che si trova sotto la superficie della tua mente? Cerchi di conoscere la tua realt\u00e0 spirituale e la tua natura, che esiste al di l\u00e0 delle aspettative teologiche e delle speculazioni?<\/p>\n<p>Sei totalmente preso dalla manifestazione della vita, ma che ne \u00e8 del suo mistero? Il suo scopo? Il suo significato? Queste cose si possono trovare solo sotto la superficie.<\/p>\n<p>Puoi creare spiegazioni meravigliose, teorie fantastiche di credenze, ideologie straordinariamente complesse, ma la mente non pu\u00f2 cogliere la potenza dello Spirito, o la realt\u00e0 o la saggezza dello Spirito, che \u00e8 la potenza e la saggezza della Conoscenza dentro di te. Ma per iniziare ad impegnarti in questa esplorazione pi\u00f9 profonda e per costruire le capacit\u00e0, la pazienza e la determinazione di cui avrai bisogno per procedere, devi cominciare a fare i Passi verso La Conoscenza per imparare a focalizzare la tua mente e a scivolare oltre le sue attrattive e le sue fissazioni.<\/p>\n<p>Dio vi ha dato le pratiche spirituali pi\u00f9 pure che possiate trovare nella pratica della calma e dell\u2019ascolto interiore. E le pratiche sono date in <a href=\"https:\/\/www.newmessage.org\/it\/il-messaggio\/volume-3\/passi-verso-la-conoscenza\">Passi verso La Conoscenza<\/a>. Non richiedono credenze fantastiche. Non richiedono idoli di culto. Non richiedono figure eroiche, santi e salvatori e avatar. Puoi praticarle anche nel prossimo istante. Puoi praticarle questa sera o domani mattina.<\/p>\n<p>Le pratichi perch\u00e9 vuoi conoscere la realt\u00e0 pi\u00f9 profonda della tua vita. E sai che c\u2019\u00e8 qualcosa, perch\u00e9 hai sempre saputo che c\u2019\u00e8 qualcosa. Non \u00e8 una questione di fede.<\/p>\n<p>Le credenze cambiano. Le credenze vengono manipolate. Le credenze vengono rafforzate, e poi le credenze cadono a pezzi. La ragione per cui la gente deve costantemente riaffermare le credenze \u00e8 che le credenze sono intrinsecamente instabili perch\u00e9 non hanno un fondamento pi\u00f9 profondo. E finch\u00e9 la fede non ha un fondamento pi\u00f9 profondo, sar\u00e0 instabile e inaffidabile e pu\u00f2 diventare molto ingannevole.<\/p>\n<p>Nella meditazione, impari a fare un passo indietro rispetto alla tua mente e a trovare la calma e la pace che permette alla mente di aprirsi e ai sensi di diventare chiari e acuti. Da questo deriva un maggiore discernimento e una maggiore discrezione nella vita.<\/p>\n<p>Smetti di parlare cos\u00ec tanto e inizi ad ascoltare di pi\u00f9. Ti allontani dalla stimolazione costante in modo da poter rimanere con la tua esperienza. Cominci a dare pi\u00f9 valore alla tua esperienza che alle tue idee, comprendendo che la tua esperienza \u00e8 molto pi\u00f9 vera e molto pi\u00f9 affidabile. Ascolti gli altri in modo diverso. Ti relazioni con gli altri in modo diverso. Inizi a sperimentare la profondit\u00e0 della natura non come semplice scenario, ma come forza vitale. Inizi a sperimentare l\u2019ambiente mentale della tua vita, l\u2019ambiente del pensiero e dell\u2019influenza, e nuovi mondi cominciano ad aprirsi per te.<\/p>\n<p>Dio non pu\u00f2 fare davvero nulla per te finch\u00e9 non inizi questo cammino di liberazione. Non sarai completamente liberato. Questo non \u00e8 un obiettivo realistico. Ma una volta che avrai iniziato a distinguere tra la tua esperienza pi\u00f9 profonda e il tuo intelletto, allora le porte cominceranno ad aprirsi per te.<\/p>\n<p>La tua vita inizier\u00e0 ad avere un senso. E inizierai a sperimentare la corrente pi\u00f9 profonda della tua vita, che \u00e8 sempre stata fluida, in contrasto con i tuoi piani e i tuoi obiettivi e con il modo in cui la tua vita \u00e8 stata spesa in passato.<\/p>\n<p>Dici a te stesso: \u201cNon sono la mia mente. Non sono il mio intelletto\u201d. Anche questi sono pensieri, ma fanno riferimento a una realt\u00e0 pi\u00f9 grande dentro di te, che non riguarda i pensieri. Qui non sminuisci l\u2019intelletto, ma ti rendi conto che esso deve essere governato da uno Spirito pi\u00f9 grande dentro di te, e che il tuo Spirito pi\u00f9 grande \u00e8 governato dalla Fonte di tutta la spiritualit\u00e0.<\/p>\n<p>Qui l\u2019intelletto \u00e8 valorizzato, quindi vuoi coltivarlo. Non vuoi inquinarlo con cose brutte e violente. Non volete denigrarlo con comportamenti autodistruttivi e che vi sminuiscono. Vuoi che sia chiaro e potente. Vuoi che serva te piuttosto che essere tu a servirlo.<\/p>\n<p>Questa \u00e8 una grande correzione nel tuo rapporto con te stesso, che \u00e8 fondamentalmente il tuo rapporto con la tua mente e con il tuo corpo. Perch\u00e9 tu hai un solo S\u00e9, quindi il tuo rapporto con il tuo S\u00e9 \u00e8 il tuo rapporto con la realt\u00e0 pi\u00f9 profonda che c\u2019\u00e8 in te. Ma a partire da questa realt\u00e0, hai un rapporto con la tua mente e con il tuo corpo, che devono essere saggiamente e compassionevolmente governati, gestiti e diretti, piuttosto che lasciati a dirigere se stessi.<\/p>\n<p>Il tuo corpo \u00e8 un veicolo meraviglioso. Senza di esso, non potresti comunicare con la gente qui. Non potrebbero sentirti. Non potrebbero vederti. Non si accorgerebbero della tua presenza, anche se fossi in piedi accanto a loro. Se non avessi una mente, non potresti raggiungere la loro mente. Saresti invisibile. Non si accorgerebbero nemmeno che ci sei. Quindi la mente \u00e8 una cosa preziosa. Il corpo \u00e8 una cosa tanto preziosa, cos\u00ec maltrattato nel mondo, cos\u00ec abusato nel mondo, tragicamente.<\/p>\n<p>Ma tu devi trovare il modo di costruire ora un vero rapporto con il tuo S\u00e9 pi\u00f9 grande, la tua natura pi\u00f9 profonda, perch\u00e9 questo \u00e8 la chiave della tua vita e del tuo futuro. E pi\u00f9 ti avvicini a questo, pi\u00f9 sar\u00e0 difficile per te commettere un errore e gettare via la tua vita.<\/p>\n<p>Non pensare che non stai gettando via la tua vita, o che sei proprio dove devi essere e che sei gi\u00e0 guidato e governato, perch\u00e9 non \u00e8 cos\u00ec. Se sei onesto con te stesso, dovrai certamente ammetterlo.<\/p>\n<p>Hai un grande viaggio davanti a te. E Dio ti ha dato una via, un modo per riscoprire il potere e la presenza della Conoscenza e la sua immensa importanza per la tua vita e per il tuo futuro. \u00c8 la cosa pi\u00f9 affidabile che ci sia.<\/p>\n<p>Mentre il mondo diventa pi\u00f9 turbolento e caotico nell\u2019affrontare le <a href=\"https:\/\/www.newmessage.org\/it\/il-messaggio\/volume-4\/le-grandi-onde-del-cambiamento\">Grandi Onde del cambiamento<\/a>, avrai bisogno di questa forza, di questa guida e di questa fiducia in te stesso. Dovrai trovarla negli altri e sostenerla negli altri, perch\u00e9 sar\u00e0 la forza della Conoscenza e la forza di relazioni autentiche che ti proteggeranno e ti guideranno e ti condurranno ai tuoi pi\u00f9 grandi successi nella vita.<\/p>\n<p>L\u2019intelletto non conosce queste cose. Pu\u00f2 solo speculare e sperare e credere. Ma la certezza della vostra vita pi\u00f9 grande \u00e8 gi\u00e0 dentro di voi, come un carico segreto che voi stessi non potete aprire. Deve essere tirato fuori da te, ma per essere tirato fuori da te, devi essere pronto. Devi prepararti. Devi sganciarti dalla superficie della tua mente abbastanza da poter viaggiare sotto di essa ogni volta che \u00e8 necessario.<\/p>\n<p>In questo modo, diventi un tramite tra la tua Antica Casa e il mondo, tra la tua realt\u00e0 fisica e la tua realt\u00e0 spirituale. Diventi un veicolo di grazia, di potere e di contributo. Questo \u00e8 il desiderio del tuo cuore. Questo \u00e8 ci\u00f2 per cui sei stato creato.<\/p>\n<p>Non sei stato creato per vivere una vita miserabile e caotica in un mondo duro e difficile. Questo non \u00e8 il tuo vero destino. Pu\u00f2 essere la tua realt\u00e0 attuale, ma non \u00e8 il tuo vero destino. Ma le idee da sole non possono darti la certezza di questo. Devi sperimentarlo pi\u00f9 profondamente dentro di te e nelle tue vere relazioni con gli altri.<\/p>\n<p>Ascolta queste parole. Ascolta il Potere e la Presenza che sta in queste parole. Ascoltale profondamente. Non contestarle. Non usare la tua mente come una sorta di recinto o barriera. Non usare la tua mente per nasconderti. Non usare la tua mente per sollevare dubbi su ci\u00f2 \u00e8 l\u00ec per servirti pi\u00f9 profondamente.<\/p>\n<p>Dio ha un piano per la tua vita. Non puoi scoprirlo con il tuo intelletto, perch\u00e9 non \u00e8 stato creato dal tuo intelletto, e supera di gran lunga il tuo intelletto. Ecco perch\u00e9 il tuo credo religioso non pu\u00f2 mai essere assoluto, a meno che tu non sia sciocco e arrogante. Il Mistero lo superer\u00e0 sempre e lo confonder\u00e0 e ti liberer\u00e0 da esso.<\/p>\n<p>Che questa sia la tua comprensione.<\/p>\n<p>&nbsp;<\/p>\n","protected":false},"excerpt":{"rendered":"<p>Tu non sei la tua mente. Non sei il tuo intelletto. Chi sei non sono i tuoi pensieri. Non sei le tue convinzioni. Non sei i tuoi ricordi. Non sei i tuoi conflitti. Non sei le cose con cui ti identifichi.<\/p>\n<p>Il mistero di chi sei esiste al di l\u00e0 della portata e del regno dell&#8217;intelletto e al di l\u00e0 della realt\u00e0 del corpo. Ma tu ora abiti in questo corpo. E l&#8217;intelletto esiste per aiutarti a navigare in questo mondo e a parteciparvi. \u00c8 un meraviglioso veicolo di comunicazione. \u00c8 straordinario, profondo e capace di fare cose meravigliose se coltivato correttamente. Ma per tutti gli studenti della Conoscenza in tutte le tradizioni, \u00e8 necessario rendersi conto della differenza tra la tua vera natura, la tua natura profonda, e la composizione della tua mente e del tuo sistema di credenze, per quanto organizzate o disorganizzate possano essere.<\/p>\n<p>Il fatto che vivi a livello superficiale della mente e non conosci le sue profondit\u00e0, il suo mistero e il suo vero potere e le sue capacit\u00e0 &#8211; questo deve essere riconosciuto, o penserai che la spiritualit\u00e0 \u00e8 una credenza o un sistema di credenze. Penserai che la pratica spirituale consiste nel rafforzare le idee, nel rafforzare le credenze, e, naturalmente, questo \u00e8 pesantemente manipolato dal governo e dalle istituzioni religiose &#8211; la manipolazione del credo perch\u00e9 la maggior parte delle persone non sono ancora consapevoli che ci\u00f2 che sono non \u00e8 la loro mente, e cos\u00ec pensano che ci\u00f2 che pensano \u00e8 ci\u00f2 che sono, e rappresenta la loro realt\u00e0.<\/p>\n<p>Una volta che sei in grado di rompere questo presupposto e questa fissazione, una porta intera comincia ad aprirsi alla tua vita interiore, dove sperimenterai presto che hai una natura pi\u00f9 grande, una natura pi\u00f9 profonda al di l\u00e0 dei tuoi pensieri e delle tue idee. Resta seduto nella calma per venti o trenta minuti, e questo ti diventer\u00e0 molto evidente.<\/p>\n<p>\u00c8 come il rumore della strada &#8211; la tua mente superficiale &#8211; che urta, sbatte, si muove e si scontra. Giudica, fa paragoni, fantastica, ricorda, proietta la colpa, proietta la sua volont\u00e0. Sta facendo tutto questo. Ma se tu dovessi fare un passo indietro, chiudere le porte, chiudere le finestre e andare nel santuario interno della tua casa, i suoni della strada si allontanerebbero e alla fine scomparirebbero completamente.<\/p>\n","protected":false},"author":62,"featured_media":0,"parent":28507,"menu_order":12,"comment_status":"closed","ping_status":"closed","template":"template-leftsidebar.php","meta":{"_monsterinsights_skip_tracking":false,"_monsterinsights_sitenote_active":false,"_monsterinsights_sitenote_note":"","_monsterinsights_sitenote_category":0,"footnotes":""},"categories":[76,924,460],"tags":[959,749,740,745,750,958,883,743,748,741,746,744,747,608,742],"_links":{"self":[{"href":"https:\/\/www.v6.newmessage.org\/it\/wp-json\/wp\/v2\/pages\/28725"}],"collection":[{"href":"https:\/\/www.v6.newmessage.org\/it\/wp-json\/wp\/v2\/pages"}],"about":[{"href":"https:\/\/www.v6.newmessage.org\/it\/wp-json\/wp\/v2\/types\/page"}],"author":[{"embeddable":true,"href":"https:\/\/www.v6.newmessage.org\/it\/wp-json\/wp\/v2\/users\/62"}],"replies":[{"embeddable":true,"href":"https:\/\/www.v6.newmessage.org\/it\/wp-json\/wp\/v2\/comments?post=28725"}],"version-history":[{"count":2,"href":"https:\/\/www.v6.newmessage.org\/it\/wp-json\/wp\/v2\/pages\/28725\/revisions"}],"predecessor-version":[{"id":28802,"href":"https:\/\/www.v6.newmessage.org\/it\/wp-json\/wp\/v2\/pages\/28725\/revisions\/28802"}],"up":[{"embeddable":true,"href":"https:\/\/www.v6.newmessage.org\/it\/wp-json\/wp\/v2\/pages\/28507"}],"wp:attachment":[{"href":"https:\/\/www.v6.newmessage.org\/it\/wp-json\/wp\/v2\/media?parent=28725"}],"wp:term":[{"taxonomy":"category","embeddable":true,"href":"https:\/\/www.v6.newmessage.org\/it\/wp-json\/wp\/v2\/categories?post=28725"},{"taxonomy":"post_tag","embeddable":true,"href":"https:\/\/www.v6.newmessage.org\/it\/wp-json\/wp\/v2\/tags?post=28725"}],"curies":[{"name":"wp","href":"https:\/\/api.w.org\/{rel}","templated":true}]}}