{"id":28717,"date":"2020-07-29T21:13:39","date_gmt":"2020-07-29T21:13:39","guid":{"rendered":"https:\/\/www.newmessage.org\/it\/?page_id=28717"},"modified":"2020-08-03T15:32:09","modified_gmt":"2020-08-03T15:32:09","slug":"the-community-site","status":"publish","type":"page","link":"https:\/\/www.v6.newmessage.org\/it\/worldwide-community\/the-community-site","title":{"rendered":"The Community Site"},"content":{"rendered":"<p><a href=\"https:\/\/www.community.newmessage.org\/\"><img loading=\"lazy\" decoding=\"async\" class=\"imgborder aligncenter wp-image-28718 size-full\" src=\"https:\/\/www.newmessage.org\/it\/wp-content\/uploads\/sites\/41\/2020\/07\/CS-logo.png\" alt=\"\" width=\"504\" height=\"127\" srcset=\"https:\/\/www.v6.newmessage.org\/it\/wp-content\/uploads\/sites\/41\/2020\/07\/CS-logo.png 504w, https:\/\/www.v6.newmessage.org\/it\/wp-content\/uploads\/sites\/41\/2020\/07\/CS-logo-300x76.png 300w, https:\/\/www.v6.newmessage.org\/it\/wp-content\/uploads\/sites\/41\/2020\/07\/CS-logo-500x126.png 500w\" sizes=\"(max-width: 504px) 100vw, 504px\" \/><\/a><\/p>\n<p>Il sito della Comunit\u00e0 \u00e8 una casa globale per gli studenti del Nuovo Messaggio in tutto il mondo. Ospitato dalla Societ\u00e0 per il Nuovo Messaggio, questo sito offre un luogo dove \u00e8 possibile riunirsi insieme ad altri che sono toccati dal <a href=\"https:\/\/www.newmessage.org\/it\/\">Nuovo Messaggio<\/a>, dai <a href=\"https:\/\/www.alliesofhumanity.org\/it\">Briefing degli Alleati dell&#8217;Umanit\u00e0<\/a> e dagli <a href=\"https:\/\/www.newmessage.org\/it\/il-messaggero\/parla-il-messaggero\">insegnamenti di Marshall Vian Summers<\/a> e stabilire relazioni costruttive in uno spirito di servizio verso un mondo che ne ha bisogno.<\/p>\n<p>Questo sito web \u00e8 stato creato come un unico luogo polivalente per gli studenti del Nuovo Messaggio e per gli altri studenti di tutto il mondo per confrontarsi con gli insegnamenti del Nuovo Messaggio, con il Messaggero Marshall Vian Summers, con <a href=\"https:\/\/www.newmessage.org\/it\/worldwide-community\/society\">la Societ\u00e0 per il Nuovo Messaggio<\/a> e con altri studenti di tutto il mondo.<\/p>\n<p>Il sito web \u00e8 anche il luogo in cui il Messaggero e la Societ\u00e0 possono comunicare direttamente con voi e con gli altri riguardo al Nuovo Messaggio, alla sua missione, ai suoi insegnamenti, alla sua saggezza e al suo movimento nel mondo. Ed \u00e8 il luogo in cui voi potete comunicare direttamente con noi e con gli altri studenti del Nuovo Messaggio.<\/p>\n<p>Questa visione include l&#8217;ascoltare direttamente il Messaggero. Imparare direttamente da Patricia e Reed Summers e da altri membri della Societ\u00e0.<\/p>\n<p>Ogni studente \u00e8 parte della catena di diffusione delle notizie e degli eventi importanti che accadono nella missione del Nuovo Messaggio&#8230; a partire dalle nuove rivelazioni ricevute dal Messaggero, i nuovi insegnamenti condivisi in questo processo, i nuovi insegnamenti, i video e le informazioni che vengono diffuse per espandere ulteriormente la presenza e il potere del Nuovo Messaggio nella nostra vita e nel mondo. E impegnandoci l&#8217;uno con l&#8217;altro ad affrontare e a sperimentare le sfide e i benefici del Nuovo Messaggio nella nostra vita<\/p>\n<p>Tu e gli altri portate vita e vitalit\u00e0 a questo sito web che lo render\u00e0 un ambiente di relazione, di apprendimento e di contributo. Pi\u00f9 partecipi a questa comunit\u00e0, pi\u00f9 potrai beneficiare dei tuoi sforzi.<\/p>\n<p>Una volta creati il tuo nome utente, la tua password e le preferenze del tuo profilo, puoi unirti ai gruppi che ti interessano. All&#8217;interno di questi , potrai interagire direttamente con gli altri in questi gruppi, ricevere notifiche di aggiornamenti e attivit\u00e0 in quel gruppo, e anche pubblicare l\u00ec pensieri e commenti. Puoi iscriverti e partecipare alla Scuola online gratuita del Nuovo Messaggio sul sito web, e inoltre visualizzare le precedenti sessioni della Scuola. I forum del Nuovo Messaggio sono qui e serviranno come luogo aperto per condividere pensieri, intuizioni e idee su argomenti e aree importanti del Nuovo Messaggio, dello Studio e della loro applicazione nel mondo. Puoi saperne di pi\u00f9 sulla Societ\u00e0 e sulla struttura e funzione di questa organizzazione, il modo in cui serve e sostiene il Nuovo Messaggio e il Messaggero. Puoi vedere il materiale sugli eventi passati che la Societ\u00e0 ha organizzato, come l&#8217;Encampment, la Veglia del Messaggero e la Veglia dei Passi verso la Conoscenza.<\/p>\n<p><a href=\"https:\/\/www.community.newmessage.org\/\"><img loading=\"lazy\" decoding=\"async\" class=\"imgborder aligncenter wp-image-28718 size-full\" src=\"https:\/\/www.newmessage.org\/it\/wp-content\/uploads\/sites\/41\/2020\/07\/CS-logo.png\" alt=\"\" width=\"504\" height=\"127\" srcset=\"https:\/\/www.v6.newmessage.org\/it\/wp-content\/uploads\/sites\/41\/2020\/07\/CS-logo.png 504w, https:\/\/www.v6.newmessage.org\/it\/wp-content\/uploads\/sites\/41\/2020\/07\/CS-logo-300x76.png 300w, https:\/\/www.v6.newmessage.org\/it\/wp-content\/uploads\/sites\/41\/2020\/07\/CS-logo-500x126.png 500w\" sizes=\"(max-width: 504px) 100vw, 504px\" \/><\/a><\/p>\n<p>&nbsp;<\/p>\n<h2 style=\"text-align: center;\">Domande Frequenti<\/h2>\n<p><strong>Cos&#8217;\u00e8 la Comunit\u00e0 Mondiale del Nuovo Messaggio?<\/strong><\/p>\n<p>Clicca sui link qui sotto per saperne di pi\u00f9 sulla Comunit\u00e0 Mondiale del Nuovo Messaggio:<\/p>\n<p><a href=\"https:\/\/www.newmessage.org\/it\/worldwide-community\/informazioni-riguardo-alla-comunita-mondiale\">Informazioni sulla Comunit\u00e0 Mondiale<\/a><\/p>\n<p>Rivelazione: <a href=\"https:\/\/www.newmessage.org\/it\/il-messaggio\/volume-2\/la-comunita-mondiale-del-nuovo-messaggio-di-dio\/la-comunita-mondiale-del-nuovo-messaggio-di-dio\">La comunit\u00e0 mondiale del Nuovo Messaggio di Dio<\/a><\/p>\n<p><a href=\"https:\/\/www.newmessage.org\/it\/informazioni-riguardo-al-nuovo-messaggio\">Introduzione al Nuovo Messaggio<\/a><\/p>\n<p><a href=\"https:\/\/www.newmessage.org\/it\/il-messaggero\/chi-e-marshall-vian-summers\">Chi \u00e8 Marshall Vian Summers<\/a><\/p>\n<p>&nbsp;<\/p>\n<p><strong>Cos&#8217;\u00e8 il sito della Comunit\u00e0 Mondiale (community.newmessage.org)?<\/strong><\/p>\n<p>Il sito della Comunit\u00e0 Mondiale \u00e8 un luogo in cui gli studenti del Nuovo Messaggio di Dio e di altre persone di tutto il mondo possono interagire con il Messaggero, con Marshall Vian Summers, con la Societ\u00e0 per il Nuovo Messaggio e tra di loro. \u00c8 un luogo dove gli studenti possono ascoltare e considerare la saggezza, gli insegnamenti e le intuizioni sul Nuovo Messaggio e sulla Via della Conoscenza da parte del Messaggero stesso, degli insegnanti del Nuovo Messaggio Patricia e Reed Summers, dei membri della Societ\u00e0 e gli uni degli altri. \u00c8 un luogo in cui iniziare e coltivare relazioni propositive al servizio della missione del Nuovo Messaggio e del suo Messaggero nel portare una Nuova Rivelazione da Dio nel mondo. \u00c8 un luogo che pu\u00f2 fornire un ambiente per far crescere e fiorire il nostro studio.<\/p>\n<p>&nbsp;<\/p>\n<p><strong>\u00c8 un sito di social network?<\/strong><\/p>\n<p>Mentre la struttura e le funzioni di base di questo sito sono simili a quelle dei siti di social networking, questo sito serve come piattaforma per studiare, imparare o sostenere il Nuovo Messaggio da Dio. \u00c8 a disposizione di tutti coloro che hanno un genuino interesse a condividere le loro esperienze, domande e intuizioni con altri che sono anch&#8217;essi impegnati in questo processo. Questo sito e il suo ambiente si concentrano sulla missione specifica del Nuovo Messaggio da Dio, sul suo rapporto con ciascuno di noi e con il mondo.<\/p>\n<p>&nbsp;<\/p>\n<p><strong>Che tipo di contenuti \u00e8 disponibile su questo sito?<\/strong><\/p>\n<p>Insegnamenti, preghiere, approfondimenti e messaggi del Messaggero Marshall Vian Summers. La Scuola online gratuita del Nuovo Messaggio e la live chat sono qui. Aggiornamenti e comunicazioni dal Messaggero, dalla sua famiglia e dalla Societ\u00e0. I vari forum per il Nuovo Messaggio, e altro ancora&#8230;<\/p>\n<p>&nbsp;<\/p>\n<p><strong>Il sito della comunit\u00e0 mondiale \u00e8 disponibile in lingue diverse dall&#8217;inglese?<\/strong><\/p>\n<p>Non ancora completamente, ma \u00e8 in via di completamento. Nel frattempo, i gruppi linguistici internazionali si stanno formando e stanno crescendo.<\/p>\n<p>&nbsp;<\/p>\n<p><strong>Chi pu\u00f2 aderire al Worldwide Community Site?<\/strong><\/p>\n<p>Chiunque abbia interesse ad imparare e vivere il Nuovo Messaggio da Dio e ad interagire con la crescente comunit\u00e0 mondiale di studenti del Nuovo Messaggio.<\/p>\n<p>&nbsp;<\/p>\n<p><strong>C&#8217;\u00e8 un costo per aderire?<\/strong><\/p>\n<p>Non c&#8217;\u00e8 un costo per aderire. \u00c8 gratuito grazie al sostegno finanziario di tutti coloro che si sentono chiamati a contribuire finanziariamente al Nuovo Messaggio di Dio.<\/p>\n<p>&nbsp;<\/p>\n<p><strong>Come faccio a creare un account?<\/strong><\/p>\n<p>Registrandoti ed effettuando il login, hai creato il tuo account. Se eri gi\u00e0 membro della Free School, il tuo account \u00e8 stato migrato qui con lo stesso nome utente e la stessa password. Ti invitiamo ad andare alla pagina del tuo &#8220;profilo&#8221; e a compilare ogni ulteriore informazione che vorresti che gli altri vedessero da te.<\/p>\n<p>&nbsp;<\/p>\n<p><strong>Cosa sono i gruppi?<\/strong><\/p>\n<p>I gruppi permettono agli utenti di postare, interagire, commentare e leggere dalle proprie aree di interesse. Si potrebbe considerare un gruppo come una comunit\u00e0 pi\u00f9 piccola con specifiche aree di interesse o attivit\u00e0 che vive all&#8217;interno di questo sito pi\u00f9 grande della comunit\u00e0.<\/p>\n<p>&nbsp;<\/p>\n<p><strong>Che cos&#8217;\u00e8 il flusso di attivit\u00e0 (Activity Stream)?<\/strong><\/p>\n<p>Un flusso di attivit\u00e0 \u00e8 un elenco di attivit\u00e0 recenti svolte da una o pi\u00f9 persone su questo sito web che viene visualizzato quando si effettua l&#8217;accesso al sito.<\/p>\n<p>&nbsp;<\/p>\n<p><strong>Posso copiare il contenuto di questo sito su altri siti (ad esempio Facebook, Twitter?)<\/strong><\/p>\n<p>Chiediamo che i contenuti di questo sito web rimangano qui e non sono destinati ad essere condivisi con altri siti web o altri luoghi. Tuttavia, potete inserire un link a qualsiasi pagina del sito della Community quando condividete il contenuto sui social media o su altri siti (nota: per accedere al link \u00e8 necessaria la registrazione).<\/p>\n<p>&nbsp;<\/p>\n","protected":false},"excerpt":{"rendered":"<p>Il sito della Comunit\u00e0 \u00e8 una casa globale per gli studenti del Nuovo Messaggio in tutto il mondo. Ospitato dalla Societ\u00e0 per il Nuovo Messaggio, questo sito offre un luogo dove \u00e8 possibile riunirsi insieme ad altri che sono toccati dal Nuovo Messaggio, dai Briefing degli Alleati dell&#8217;Umanit\u00e0 e dagli insegnamenti di Marshall Vian Summers\u2026 <a class=\"read-more\" href=\"https:\/\/www.v6.newmessage.org\/it\/worldwide-community\/the-community-site\"><span>Read More<\/span><\/a><\/p>\n","protected":false},"author":22,"featured_media":0,"parent":12743,"menu_order":0,"comment_status":"closed","ping_status":"closed","template":"template-leftsidebar.php","meta":{"_monsterinsights_skip_tracking":false,"_monsterinsights_sitenote_active":false,"_monsterinsights_sitenote_note":"","_monsterinsights_sitenote_category":0,"footnotes":""},"categories":[],"tags":[957],"_links":{"self":[{"href":"https:\/\/www.v6.newmessage.org\/it\/wp-json\/wp\/v2\/pages\/28717"}],"collection":[{"href":"https:\/\/www.v6.newmessage.org\/it\/wp-json\/wp\/v2\/pages"}],"about":[{"href":"https:\/\/www.v6.newmessage.org\/it\/wp-json\/wp\/v2\/types\/page"}],"author":[{"embeddable":true,"href":"https:\/\/www.v6.newmessage.org\/it\/wp-json\/wp\/v2\/users\/22"}],"replies":[{"embeddable":true,"href":"https:\/\/www.v6.newmessage.org\/it\/wp-json\/wp\/v2\/comments?post=28717"}],"version-history":[{"count":4,"href":"https:\/\/www.v6.newmessage.org\/it\/wp-json\/wp\/v2\/pages\/28717\/revisions"}],"predecessor-version":[{"id":28732,"href":"https:\/\/www.v6.newmessage.org\/it\/wp-json\/wp\/v2\/pages\/28717\/revisions\/28732"}],"up":[{"embeddable":true,"href":"https:\/\/www.v6.newmessage.org\/it\/wp-json\/wp\/v2\/pages\/12743"}],"wp:attachment":[{"href":"https:\/\/www.v6.newmessage.org\/it\/wp-json\/wp\/v2\/media?parent=28717"}],"wp:term":[{"taxonomy":"category","embeddable":true,"href":"https:\/\/www.v6.newmessage.org\/it\/wp-json\/wp\/v2\/categories?post=28717"},{"taxonomy":"post_tag","embeddable":true,"href":"https:\/\/www.v6.newmessage.org\/it\/wp-json\/wp\/v2\/tags?post=28717"}],"curies":[{"name":"wp","href":"https:\/\/api.w.org\/{rel}","templated":true}]}}