{"id":28642,"date":"2020-04-27T05:54:49","date_gmt":"2020-04-27T05:54:49","guid":{"rendered":"https:\/\/www.newmessage.org\/it\/?page_id=28642"},"modified":"2024-05-30T02:24:04","modified_gmt":"2024-05-30T02:24:04","slug":"prepararsi-per-la-comunita-piu-grande","status":"publish","type":"page","link":"https:\/\/www.v6.newmessage.org\/it\/il-messaggio\/volume-2\/prepararsi-per-la-comunita-piu-grande","title":{"rendered":"Prepararsi per la Comunit\u00e0 Pi\u00f9 Grande"},"content":{"rendered":"<p><img decoding=\"async\" class=\"size-large wp-image-46542 imgborder alignright\" src=\"https:\/\/www.newmessage.org\/wp-content\/uploads\/2020\/04\/preparing-for-the-greater-community-390x600.jpg\" alt=\"\" \/><em>Prepararsi per la Comunit\u00e0 Pi\u00f9 Grande<\/em> \u00e8 un nuovo libro che sta per essere pubblicato da <a href=\"https:\/\/www.newmessage.org\/it\/worldwide-community\/society\">The Society for the New Message<\/a>. In questo momento stiamo includendo tre capitoli come parte dell&#8217;attuale Sessione della <a href=\"https:\/\/www.newmessage.org\/it\/worldwide-community\/la-scuola-gratuita\">Scuola Gratuita<\/a>. Il resto del libro sar\u00e0 presto disponibile. Vi invieremo un annuncio via e-mail non appena questo libro sar\u00e0 pubblicato, e aggiorneremo questa pagina web del libro.<\/p>\n<p>Se non sei gi\u00e0 iscritto alla New Message Mailing List e desideri ricevere notizie e aggiornamenti sulle nuove pubblicazioni, ti preghiamo di farlo utilizzando il modulo di iscrizione a fondo pagina sulla barra laterale sinistra.<\/p>\n<p><em>Prepararsi per la Comunit\u00e0 Pi\u00f9 Grande<\/em> \u00e8 un libro del <a href=\"https:\/\/www.newmessage.org\/it\/il-messaggio\/volume-4\">Volume 4<\/a> del Nuovo Messaggio da Dio.<\/p>\n<h2 style=\"text-align: left;\"><span style=\"color: #525252;\">Indice dei contenuti<\/span><\/h2>\n<p>1 &#8211; <a href=\"https:\/\/www.newmessage.org\/it\/il-messaggio\/volume-2\/cosa-e-la-comunita-piu-grande\/\">Cos&#8217;\u00e8 la Comunit\u00e0 Pi\u00f9 Grande<\/a><br \/>\n2 \u2013 <a href=\"https:\/\/www.newmessage.org\/it\/il-messaggio\/volume-2\/la-presenza-della-comunita-piu-grande-nel-mondo\/\">La Presenza della Comunit\u00e0 Pi\u00f9 Grande nel Mondo<\/a><br \/>\n3 &#8211; <a href=\"https:\/\/www.newmessage.org\/it\/il-messaggio\/volume-2\/prepararsi-per-la-comunita-piu-grande\/verita-essenziali-sulla-comunita-piu-grande\">Verit\u00e0 essenziali sulla Comunit\u00e0 Pi\u00f9 Grande<\/a><br \/>\n4 \u2013 <a href=\"https:\/\/www.newmessage.org\/it\/il-messaggio\/volume-2\/prepararsi-per-la-comunita-piu-grande\/lintelligenza-della-comunita-piu-grande-e-lambiente-mentale\/\">L\u2019Intelligenza della Comunit\u00e0 Pi\u00f9 Grande e l\u2019Ambiente Mentale<\/a><br \/>\n5 &#8211; <a href=\"https:\/\/www.newmessage.org\/it\/il-messaggio\/volume-2\/prepararsi-per-la-comunita-piu-grande\/risorse-commercio-e-concorrenza-nella-comunita-piu-grande\/\">Risorse, Commercio e Concorrenza nella Comunit\u00e0 Pi\u00f9 Grande<\/a><br \/>\n6 &#8211; <a href=\"https:\/\/www.newmessage.org\/it\/il-messaggio\/volume-2\/prepararsi-per-la-comunita-piu-grande\/il-significato-dello-sviluppo-spirituale-nella-comunita-piu-grande\/\">Il Significato dello Sviluppo Spirituale nella Comunit\u00e0 Pi\u00f9 Grande<\/a><br \/>\n7 &#8211; <a href=\"https:\/\/www.newmessage.org\/it\/il-messaggio\/volume-2\/prepararsi-per-la-comunita-piu-grande\/la-grande-sfida-che-attende-lumanita\">La grande sfida che attende l&#8217;umanit\u00e0<\/a><br \/>\n8 &#8211; <a href=\"https:\/\/www.newmessage.org\/it\/il-messaggio\/volume-2\/prepararsi-per-la-comunita-piu-grande\/sviluppare-una-visione-e-una-comprensione-per-la-comunita-piu-grande\/\">Sviluppare una Visione e una Comprensione per la Comunit\u00e0 Pi\u00f9 Grande<\/a><br \/>\n9 &#8211; <a href=\"https:\/\/www.newmessage.org\/it\/il-messaggio\/volume-2\/prepararsi-per-la-comunita-piu-grande\/trovare-la-conoscenza\">Trovare La Conoscenza<\/a><br \/>\n10 &#8211; <a href=\"https:\/\/www.newmessage.org\/it\/il-messaggio\/volume-2\/prepararsi-per-la-comunita-piu-grande\/acquisire-forza-e-influenza-nellambiente-mentale\/\">Acquisire Forza e Influenza nell\u2019Ambiente Mentale<\/a><br \/>\n11 &#8211; <a href=\"https:\/\/www.newmessage.org\/it\/il-messaggio\/volume-2\/prepararsi-per-la-comunita-piu-grande\/sviluppare-chiarezza-e-discernimento\/\">Sviluppare Chiarezza e Discernimento<\/a><br \/>\n12 &#8211; <a href=\"https:\/\/www.newmessage.org\/it\/il-messaggio\/volume-2\/prepararsi-per-la-comunita-piu-grande\/andare-oltre-i-limiti-della-religione-e-del-credo-umano\/\">Andare Oltre i Limiti della Religione e del Credo Umano<\/a><br \/>\n13 &#8211; <a href=\"https:\/\/www.newmessage.org\/it\/il-messaggio\/volume-2\/prepararsi-per-la-comunita-piu-grande\/le-risposte-umane-alla-comunita-piu-grande\/\">Le Risposte Umane Alla Comunit\u00e0 Pi\u00f9 Grande<\/a><br \/>\n14 &#8211; <a href=\"https:\/\/www.newmessage.org\/it\/il-messaggio\/volume-2\/prepararsi-per-la-comunita-piu-grande\/sviluppare-certezza-forza-e-saggezza\/\">Sviluppare Certezza, Forza e Saggezza<\/a><br \/>\n15 &#8211; <a href=\"https:\/\/www.newmessage.org\/it\/il-messaggio\/volume-2\/prepararsi-per-la-comunita-piu-grande\/sviluppare-una-maggiore-onesta\/\">Sviluppare una Maggiore Onest\u00e0<\/a><br \/>\n16 &#8211; <a href=\"https:\/\/www.newmessage.org\/it\/il-messaggio\/volume-2\/prepararsi-per-la-comunita-piu-grande\/relazioni-destino-e-vocazione\/\">Relazioni, Destino e Vocazione<\/a><br \/>\n17 &#8211; <a href=\"https:\/\/www.newmessage.org\/it\/il-messaggio\/volume-2\/prepararsi-per-la-comunita-piu-grande\/iniziare-la-preparazione\/\">Iniziare la Preparazione<\/a><br \/>\n18 &#8211; <a href=\"https:\/\/www.v6.newmessage.org\/it\/il-messaggio\/volume-2\/prepararsi-per-la-comunita-piu-grande\/linee-guida-per-prepararsi-alla-comunita-piu-grande\">Linee Guida per Prepararsi alla Comunit\u00e0 Pi\u00f9 Grande<\/a><\/p>\n","protected":false},"excerpt":{"rendered":"<p>Prepararsi per la Comunit\u00e0 Pi\u00f9 Grande \u00e8 un nuovo libro che sta per essere pubblicato da The Society for the New Message. In questo momento stiamo includendo tre capitoli come parte dell&#8217;attuale Sessione della Scuola Gratuita. Il resto del libro sar\u00e0 presto disponibile. Vi invieremo un annuncio via e-mail non appena questo libro sar\u00e0 pubblicato, e aggiorneremo questa pagina web del libro.<\/p>\n","protected":false},"author":62,"featured_media":0,"parent":16312,"menu_order":0,"comment_status":"closed","ping_status":"closed","template":"template-leftsidebar.php","meta":{"_monsterinsights_skip_tracking":false,"_monsterinsights_sitenote_active":false,"_monsterinsights_sitenote_note":"","_monsterinsights_sitenote_category":0,"footnotes":""},"categories":[110,467],"tags":[749,740,745,750,743,748,741,709,305,746,744,747,742],"_links":{"self":[{"href":"https:\/\/www.v6.newmessage.org\/it\/wp-json\/wp\/v2\/pages\/28642"}],"collection":[{"href":"https:\/\/www.v6.newmessage.org\/it\/wp-json\/wp\/v2\/pages"}],"about":[{"href":"https:\/\/www.v6.newmessage.org\/it\/wp-json\/wp\/v2\/types\/page"}],"author":[{"embeddable":true,"href":"https:\/\/www.v6.newmessage.org\/it\/wp-json\/wp\/v2\/users\/62"}],"replies":[{"embeddable":true,"href":"https:\/\/www.v6.newmessage.org\/it\/wp-json\/wp\/v2\/comments?post=28642"}],"version-history":[{"count":16,"href":"https:\/\/www.v6.newmessage.org\/it\/wp-json\/wp\/v2\/pages\/28642\/revisions"}],"predecessor-version":[{"id":29707,"href":"https:\/\/www.v6.newmessage.org\/it\/wp-json\/wp\/v2\/pages\/28642\/revisions\/29707"}],"up":[{"embeddable":true,"href":"https:\/\/www.v6.newmessage.org\/it\/wp-json\/wp\/v2\/pages\/16312"}],"wp:attachment":[{"href":"https:\/\/www.v6.newmessage.org\/it\/wp-json\/wp\/v2\/media?parent=28642"}],"wp:term":[{"taxonomy":"category","embeddable":true,"href":"https:\/\/www.v6.newmessage.org\/it\/wp-json\/wp\/v2\/categories?post=28642"},{"taxonomy":"post_tag","embeddable":true,"href":"https:\/\/www.v6.newmessage.org\/it\/wp-json\/wp\/v2\/tags?post=28642"}],"curies":[{"name":"wp","href":"https:\/\/api.w.org\/{rel}","templated":true}]}}