{"id":28599,"date":"2020-03-17T07:03:02","date_gmt":"2020-03-17T07:03:02","guid":{"rendered":"https:\/\/www.newmessage.org\/it\/?page_id=28599"},"modified":"2020-03-17T07:14:48","modified_gmt":"2020-03-17T07:14:48","slug":"passi-verso-la-conoscenza-continuazione","status":"publish","type":"page","link":"https:\/\/www.v6.newmessage.org\/it\/il-messaggio\/volume-3\/passi-verso-la-conoscenza-continuazione","title":{"rendered":"Passi Verso La Conoscenza: Continuazione della Preparazione"},"content":{"rendered":"<p><em><img loading=\"lazy\" decoding=\"async\" class=\"imgborder alignright wp-image-17556\" src=\"https:\/\/www.newmessage.org\/wp-content\/uploads\/2014\/10\/Steps-CT-463x600.jpg\" alt=\"Steps to Knowledge - Continuation Training\" width=\"400\" height=\"518\" srcset=\"https:\/\/www.v6.newmessage.org\/it\/wp-content\/uploads\/sites\/41\/2014\/10\/Steps-CT-463x600.jpg 463w, https:\/\/www.v6.newmessage.org\/it\/wp-content\/uploads\/sites\/41\/2014\/10\/Steps-CT-231x300.jpg 231w, https:\/\/www.v6.newmessage.org\/it\/wp-content\/uploads\/sites\/41\/2014\/10\/Steps-CT.jpg 501w\" sizes=\"(max-width: 400px) 100vw, 400px\" \/>Passi Verso La Conoscenza: Continuazione della Preparazione<\/em> prosegue l&#8217;importante viaggio iniziato in Passi Verso La Conoscenza. Nei suoi 84 Passi, o pratiche, <em>Passi Verso La Conoscenza: Continuazione della Preparazione<\/em> vi fa fare un ulteriore passo verso la realizzazione del vostro vero scopo e destino nella vita.<\/p>\n<p>Se avete completato il percorso di preparazione in Passi verso La Conoscenza per due volte e avete seguito le istruzioni come sono state date, senza alterare il curriculum, allora siete ora pronti per iniziare questo studio pi\u00f9 avanzato.<\/p>\n<p><em>Passi Verso La Conoscenza: Continuazione della Preparazione<\/em> \u00e8 disponibile per gli studenti del Nuovo Messaggio presso la <a href=\"https:\/\/newknowledgelibrary.org\/\">New Knowledge Library<\/a>.<\/p>\n<p><em>Passi Verso La Conoscenza: Continuazione della Preparazione<\/em> \u00e8 il primo libro del Volume 3 del Nuovo Messaggio da Dio.<\/p>\n<p style=\"text-align: left;\"><div class=\"toggle toggle-white\"><h4 class=\"trigger \"><span class=\"t_ico\"><\/span><a href=\"#\">Ulteriori informazioni riguardo ai volumi del Nuovo Messaggio da Dio<\/a><\/h4><div class=\"toggle_container \"><br \/>\n<div data-post-id='24520' class='insert-page insert-page-24520 '><p>Il Nuovo Messaggio da Dio in definitiva sar\u00e0 contenuto in sei volumi individuali. Ogni volume contiene due o pi\u00f9 libri e ogni libro \u00e8 organizzato in capitoli.<\/p>\n<p>Pertanto, la struttura futura del Nuovo Messaggio da Dio si potrebbe esprimere nel modo seguente:<\/p>\n<div id=\"attachment_24097\" style=\"width: 227px\" class=\"wp-caption alignright\"><a href=\"https:\/\/www.newmessage.org\/wp-content\/uploads\/2015\/08\/Volumes-Books-InfoGraphic.001.jpg\"><img loading=\"lazy\" decoding=\"async\" aria-describedby=\"caption-attachment-24097\" class=\"imgborder \" src=\"https:\/\/www.newmessage.org\/wp-content\/uploads\/2015\/08\/Volumes-Books-InfoGraphic.001.jpg\" alt=\"The New Message One Book\" width=\"217\" height=\"234\" \/><\/a><p id=\"caption-attachment-24097\" class=\"wp-caption-text\">Il Libro Unico del Nuovo Messaggio<\/p><\/div>\n<p><strong>Volume &gt; Libro &gt; Capitolo &gt; Verso.<br \/>\n<\/strong><\/p>\n<p>Il Nuovo Messaggio da Dio contiene la pi\u00f9 grande mole di Rivelazione mai data al mondo. Si rivolge a quasi tutti gli aspetti delle nostre vite, presentando delle nuove realt\u00e0 mai rivelate in precedenza. La Societ\u00e0 (\u201cThe Society for the New Message from God\u201d &#8211; La Societ\u00e0 per il Nuovo Messaggio da Dio) sta lavorando per rendere i libri del Nuovo Messaggio e le Rivelazioni parlate disponibili e accessibili al mondo.<\/p>\n<p>Attualmente, La Societ\u00e0 \u00e8 in grado di offrire un grande numero di registrazioni originali della Voce della Rivelazione. Qua siete invitati a sentire la potenza e il mistero della \u201cVoce\u201d proprio come parl\u00f2 in origine al Messaggero in stato di Rivelazione. Mai prima d\u2019ora era stato possibile udire la Voce originale della Rivelazione.<\/p>\n<p>La compilazione dell\u2019intero Nuovo Messaggio \u00e8 un lavoro che \u00e8 in corso, intrapreso in un lungo periodo di tempo. In aggiunta, la Rivelazione continua ad oggi con nuovi insegnamenti che sono dati ogni anno. Per questo motivo, la selezione degli insegnamenti di ogni libro potrebbe variare. Ne consegue che anche i titoli dei libri potrebbero cambiare per meglio rispecchiare la crescita di ogni libro. State vivendo in un tempo di Rivelazione e siete testimoni del processo di Rivelazione che si dispiega davanti a voi.<\/p>\n<p><strong>Libri Online<\/strong><\/p>\n<p>La Societ\u00e0 sta lavorando per rendere il Nuovo Messaggio disponibile al mondo gratuitamente online. Attualmente un certo numero di libri del Nuovo Messaggio sono disponibili gratuitamente presso www.newmessage.org dove potete esplorare la biblioteca di libri gratuiti online.<\/p>\n<p><strong>Pubblicazioni Future<\/strong><\/p>\n<p>La Societ\u00e0 continuer\u00e0 a mandare avanti la sua visione di pubblicare la totalit\u00e0 del Nuovo Messaggio da Dio, nei suoi libri e volumi, e forse un giorno come un unico libro, semplicemente chiamato: \u201cIl Nuovo Messaggio da Dio.\u201d Questa \u00e8 una impresa enorme per la quale La Societ\u00e0 ha bisogno del vostro contributo e della vostra partecipazione. Per favore considerate la possibilit\u00e0 di fare una donazione o di diventare un Pilastro del Nuovo Messaggio per supportare questa sacra causa. Vi ringraziamo per il vostro supporto<\/p>\n<\/div><br \/>\n<\/div><\/div>\n<\/div>\n<\/div>\n","protected":false},"excerpt":{"rendered":"<p>&#8211; Passi Verso La Conoscenza: Continuazione della Preparazione &#8211;<br \/>\n(Nota Importante:<br \/>\nSe avete completato il percorso di preparazione in Passi verso La Conoscenza per due volte e avete seguito le istruzioni come sono state date, senza alterare il curriculum, allora siete ora pronti per iniziare questo studio pi\u00f9 avanzato.)<\/p>\n<p>Passi Verso La Conoscenza: Continuazione della Preparazione prosegue l\u2019importante viaggio iniziato in Passi Verso La Conoscenza. Nei suoi 84 Passi, o pratiche, Passi Verso La Conoscenza: Continuazione della Preparazione vi fa fare un ulteriore passo verso la realizzazione del vostro vero scopo e destino nella vita.<\/p>\n<p>Passi Verso La Conoscenza: Continuazione della Preparazione \u00e8 disponibile per gli studenti del Nuovo Messaggio presso la New Knowledge Library.<\/p>\n<p>Passi Verso La Conoscenza: Continuazione della Preparazione \u00e8 il primo libro del Volume 3 del Nuovo Messaggio da Dio.<\/p>\n","protected":false},"author":62,"featured_media":0,"parent":16314,"menu_order":1,"comment_status":"closed","ping_status":"closed","template":"template-leftsidebar.php","meta":{"_monsterinsights_skip_tracking":false,"_monsterinsights_sitenote_active":false,"_monsterinsights_sitenote_note":"","_monsterinsights_sitenote_category":0,"footnotes":""},"categories":[],"tags":[749,740,745,750,743,748,934,741,746,744,747,742],"_links":{"self":[{"href":"https:\/\/www.v6.newmessage.org\/it\/wp-json\/wp\/v2\/pages\/28599"}],"collection":[{"href":"https:\/\/www.v6.newmessage.org\/it\/wp-json\/wp\/v2\/pages"}],"about":[{"href":"https:\/\/www.v6.newmessage.org\/it\/wp-json\/wp\/v2\/types\/page"}],"author":[{"embeddable":true,"href":"https:\/\/www.v6.newmessage.org\/it\/wp-json\/wp\/v2\/users\/62"}],"replies":[{"embeddable":true,"href":"https:\/\/www.v6.newmessage.org\/it\/wp-json\/wp\/v2\/comments?post=28599"}],"version-history":[{"count":5,"href":"https:\/\/www.v6.newmessage.org\/it\/wp-json\/wp\/v2\/pages\/28599\/revisions"}],"predecessor-version":[{"id":28605,"href":"https:\/\/www.v6.newmessage.org\/it\/wp-json\/wp\/v2\/pages\/28599\/revisions\/28605"}],"up":[{"embeddable":true,"href":"https:\/\/www.v6.newmessage.org\/it\/wp-json\/wp\/v2\/pages\/16314"}],"wp:attachment":[{"href":"https:\/\/www.v6.newmessage.org\/it\/wp-json\/wp\/v2\/media?parent=28599"}],"wp:term":[{"taxonomy":"category","embeddable":true,"href":"https:\/\/www.v6.newmessage.org\/it\/wp-json\/wp\/v2\/categories?post=28599"},{"taxonomy":"post_tag","embeddable":true,"href":"https:\/\/www.v6.newmessage.org\/it\/wp-json\/wp\/v2\/tags?post=28599"}],"curies":[{"name":"wp","href":"https:\/\/api.w.org\/{rel}","templated":true}]}}