{"id":28507,"date":"2019-03-14T07:05:38","date_gmt":"2019-03-14T07:05:38","guid":{"rendered":"http:\/\/www.newmessage.org\/it\/?page_id=28507"},"modified":"2021-05-27T05:54:41","modified_gmt":"2021-05-27T05:54:41","slug":"il-potere-della-conoscenza","status":"publish","type":"page","link":"https:\/\/www.v6.newmessage.org\/it\/il-messaggio\/volume-1\/il-potere-della-conoscenza","title":{"rendered":"Il Potere della Conoscenza"},"content":{"rendered":"<p><img loading=\"lazy\" decoding=\"async\" class=\"imgborder alignright wp-image-39719\" src=\"https:\/\/www.newmessage.org\/it\/wp-content\/uploads\/sites\/41\/2020\/08\/POK-front-cover-Italian-600x900.jpeg\" alt=\"The Power of Knowledge - The Greater Intelligence within You\" width=\"400\" height=\"600\" \/><\/p>\n<p><em>Il Potere della Conoscenza<\/em> rivela la realt\u00e0 della &#8220;Conoscenza&#8221;, la mente spirituale pi\u00f9 profonda dentro di te che detiene la chiave per trovare il tuo scopo superiore e la tua direzione nella vita.<\/p>\n<p>Il libro 5 del Nuovo Messaggio da Dio contiene 14 rivelazioni date per presentare la realt\u00e0 della vostra natura spirituale, la crisi di vivere al di fuori della vostra natura pi\u00f9 profonda e come potete sfuggire a questa crisi e iniziare il cammino per sanare la divisione tra la vostra mente pensante e la mente della Conoscenza dentro di voi. Con questo arriva la possibilit\u00e0 di seguire La Conoscenza nel presente e nel futuro, portandovi ad una nuova vita, a nuove relazioni e alla realizzazione del vostro scopo per il quale siete nel mondo.<\/p>\n<p>Attraverso questo libro, avete l&#8217;opportunit\u00e0 di capire dove vive La Conoscenza nella vostra esperienza e di costruire una connessione duratura con questa esperienza pi\u00f9 profonda che \u00e8 sempre stata con voi. Il libro <em><a href=\"https:\/\/www.newmessage.org\/it\/il-messaggio\/volume-3\/passi-verso-la-conoscenza\">Passi verso La Conoscenza<\/a><\/em> porta tutto questo ancora pi\u00f9 avanti, nella forma di una pratica quotidiana che potete iniziare ad applicare nella vostra vita.<\/p>\n<p>Il viaggio dove cercate e seguite La Conoscenza vi riporter\u00e0 al vostro scopo originale per il quale siete nel mondo, alla memoria di coloro che vi hanno mandato e al maggior contributo che dovete dare a un mondo che si trova ad affrontare grandi e difficili cambiamenti nel futuro. Qui inizia un processo sacro che ha il potere di liberarvi dal passato e prepararvi per una nuova e pi\u00f9 grande vita nel futuro.<\/p>\n<p>Ogni capitolo di <em>Il Potere della Conoscenza<\/em> \u00e8 una rivelazione data dalla Fonte, compilato in questo testo dal Messaggero <a href=\"https:\/\/www.newmessage.org\/it\/il-messaggero\/chi-e-marshall-vian-summers\">Marshall Vian Summers<\/a>.<\/p>\n<p>Le rivelazioni qui presentate sono state raccolte in questo libro dal Messaggero <a href=\"https:\/\/www.newmessage.org\/it\/il-messaggero\/chi-e-marshall-vian-summers\">Marshall Vian Summers<\/a>.<\/p>\n<p>Un Nuovo Messaggio da Dio \u00e8 venuto nel mondo. \u00c8 un&#8217;espressione della connessione pura e senza tempo con Dio, cos\u00ec come \u00e8 esistita nella storia umana e dall&#8217;inizio dell&#8217;universo manifesto. L&#8217;umanit\u00e0 ha ora accesso diretto a questa esperienza pura, libera da incomprensioni, autorit\u00e0 e corruzioni umane. Ora \u00e8 entrata di nuovo nel mondo.<\/p>\n<p><em>Il Potere della Conoscenza<\/em> \u00e8 il quinto libro del <a href=\"https:\/\/www.newmessage.org\/it\/il-messaggio\/volume-1\">Volume 1<\/a> del Nuovo Messaggio da Dio.<\/p>\n<a class='simple_button_link ' style='background-color: #363636' href='https:\/\/www.newmessage.org\/it\/il-messaggio\/volume-1\/il-potere-della-conoscenza\/il-potere-superiore-dentro-di-te'   ><span>Esplorate il primo capitolo di<em> Il Potere della Conoscenza<\/em><\/span><\/a>\n<p style=\"text-align: left;\"><div class=\"toggle toggle-white\"><h4 class=\"trigger \"><span class=\"t_ico\"><\/span><a href=\"#\">Ulteriori informazioni riguardo ai volumi del Nuovo Messaggio da Dio<\/a><\/h4><div class=\"toggle_container \"><br \/>\n<div data-post-id='24520' class='insert-page insert-page-24520 '><p>Il Nuovo Messaggio da Dio in definitiva sar\u00e0 contenuto in sei volumi individuali. Ogni volume contiene due o pi\u00f9 libri e ogni libro \u00e8 organizzato in capitoli.<\/p>\n<p>Pertanto, la struttura futura del Nuovo Messaggio da Dio si potrebbe esprimere nel modo seguente:<\/p>\n<div id=\"attachment_24097\" style=\"width: 227px\" class=\"wp-caption alignright\"><a href=\"https:\/\/www.newmessage.org\/wp-content\/uploads\/2015\/08\/Volumes-Books-InfoGraphic.001.jpg\"><img loading=\"lazy\" decoding=\"async\" aria-describedby=\"caption-attachment-24097\" class=\"imgborder \" src=\"https:\/\/www.newmessage.org\/wp-content\/uploads\/2015\/08\/Volumes-Books-InfoGraphic.001.jpg\" alt=\"The New Message One Book\" width=\"217\" height=\"234\" \/><\/a><p id=\"caption-attachment-24097\" class=\"wp-caption-text\">Il Libro Unico del Nuovo Messaggio<\/p><\/div>\n<p><strong>Volume &gt; Libro &gt; Capitolo &gt; Verso.<br \/>\n<\/strong><\/p>\n<p>Il Nuovo Messaggio da Dio contiene la pi\u00f9 grande mole di Rivelazione mai data al mondo. Si rivolge a quasi tutti gli aspetti delle nostre vite, presentando delle nuove realt\u00e0 mai rivelate in precedenza. La Societ\u00e0 (\u201cThe Society for the New Message from God\u201d &#8211; La Societ\u00e0 per il Nuovo Messaggio da Dio) sta lavorando per rendere i libri del Nuovo Messaggio e le Rivelazioni parlate disponibili e accessibili al mondo.<\/p>\n<p>Attualmente, La Societ\u00e0 \u00e8 in grado di offrire un grande numero di registrazioni originali della Voce della Rivelazione. Qua siete invitati a sentire la potenza e il mistero della \u201cVoce\u201d proprio come parl\u00f2 in origine al Messaggero in stato di Rivelazione. Mai prima d\u2019ora era stato possibile udire la Voce originale della Rivelazione.<\/p>\n<p>La compilazione dell\u2019intero Nuovo Messaggio \u00e8 un lavoro che \u00e8 in corso, intrapreso in un lungo periodo di tempo. In aggiunta, la Rivelazione continua ad oggi con nuovi insegnamenti che sono dati ogni anno. Per questo motivo, la selezione degli insegnamenti di ogni libro potrebbe variare. Ne consegue che anche i titoli dei libri potrebbero cambiare per meglio rispecchiare la crescita di ogni libro. State vivendo in un tempo di Rivelazione e siete testimoni del processo di Rivelazione che si dispiega davanti a voi.<\/p>\n<p><strong>Libri Online<\/strong><\/p>\n<p>La Societ\u00e0 sta lavorando per rendere il Nuovo Messaggio disponibile al mondo gratuitamente online. Attualmente un certo numero di libri del Nuovo Messaggio sono disponibili gratuitamente presso www.newmessage.org dove potete esplorare la biblioteca di libri gratuiti online.<\/p>\n<p><strong>Pubblicazioni Future<\/strong><\/p>\n<p>La Societ\u00e0 continuer\u00e0 a mandare avanti la sua visione di pubblicare la totalit\u00e0 del Nuovo Messaggio da Dio, nei suoi libri e volumi, e forse un giorno come un unico libro, semplicemente chiamato: \u201cIl Nuovo Messaggio da Dio.\u201d Questa \u00e8 una impresa enorme per la quale La Societ\u00e0 ha bisogno del vostro contributo e della vostra partecipazione. Per favore considerate la possibilit\u00e0 di fare una donazione o di diventare un Pilastro del Nuovo Messaggio per supportare questa sacra causa. Vi ringraziamo per il vostro supporto<\/p>\n<\/div><br \/>\n<\/div><\/div>\n<div class=\"clearfix\"><\/div>\n<h3><\/h3>\n<h3 style=\"text-align: left;\">Ricevete via email la nostra Newsletter con Notizie ed Aggiornamenti che riguardano il Nuovo Messaggio da Dio:<\/h3>\n<div class=\"one_half \" ><br \/>\n&#8211; Riceverete una notifica quando nuove traduzioni e nuovi video saranno disponibili.<br \/>\n&#8211; I nostri Mailing sono inviati su base pressoch\u00e9 settimanale.<br \/>\n&#8211; La vostra Privacy sar\u00e0 rispettata. (Potete consultare la nostra <a href=\"\/privacy-policy\">privacy policy<\/a>.)<br \/>\n&#8211; Il vostro indirizzo rimane privato. Noi non abbiamo partenariati commerciali!<br \/>\n&#8211; Vi potete dis-iscrivere in qualsiasi momento. <\/div> <div class=\"one_half last\" ><script>(function() {\n\twindow.mc4wp = window.mc4wp || {\n\t\tlisteners: [],\n\t\tforms: {\n\t\t\ton: function(evt, cb) {\n\t\t\t\twindow.mc4wp.listeners.push(\n\t\t\t\t\t{\n\t\t\t\t\t\tevent   : evt,\n\t\t\t\t\t\tcallback: cb\n\t\t\t\t\t}\n\t\t\t\t);\n\t\t\t}\n\t\t}\n\t}\n})();\n<\/script><!-- Mailchimp for WordPress v4.8.3 - https:\/\/wordpress.org\/plugins\/mailchimp-for-wp\/ --><form id=\"mc4wp-form-1\" class=\"mc4wp-form mc4wp-form-26767 mc4wp-form-theme mc4wp-form-theme-red\" method=\"post\" data-id=\"26767\" data-name=\"Default sign-up form\" ><div class=\"mc4wp-form-fields\"><p>\r\n\t<label for=\"mc4wp_email\">Indirizzo email: <\/label>\r\n\t<input type=\"email\" id=\"mc4wp_email\" name=\"EMAIL\" placeholder=\"Indirizzo E-Mail\" required \/>\r\n<\/p>\r\n<p>\r\n    <label>Nome:<\/label>\r\n    <input type=\"text\" name=\"MMERGE10\" placeholder=\"Nome\">\r\n<\/p>\r\n<p>\r\n\t<input type=\"submit\" value=\"Iscrivetevi \" \/>\r\n<\/p>\r\n<script type=\"text\/javascript\">\r\nmc4wp.forms.on('subscribed', function(form) {\r\n\t\/\/ Google Analytics by Yoast\r\n\t__gaTracker && __gaTracker('send', 'event', 'Forms', 'Sign-up', 'MailChimp for WP Sign-Up');\r\n});\r\n<\/script><\/div><label style=\"display: none !important;\">Leave this field empty if you're human: <input type=\"text\" name=\"_mc4wp_honeypot\" value=\"\" tabindex=\"-1\" autocomplete=\"off\" \/><\/label><input type=\"hidden\" name=\"_mc4wp_timestamp\" value=\"1778705732\" \/><input type=\"hidden\" name=\"_mc4wp_form_id\" value=\"26767\" \/><input type=\"hidden\" name=\"_mc4wp_form_element_id\" value=\"mc4wp-form-1\" \/><div class=\"mc4wp-response\"><\/div><\/form><!-- \/ Mailchimp for WordPress Plugin --><\/div>\n<p><!--\n\n\n<div class=\"background-color-bridesmaid padding-20\">\n\n\n<h2 style=\"text-align: left;\"><span style=\"color: #525252;\">Indice dei Contenuti<\/span><\/h2>\n\n\nIntroduzione\n\nCapitolo 1: <a href=\"https:\/\/www.newmessage.org\/it\/il-messaggio\/volume-1\/il-potere-della-conoscenza\/il-potere-superiore-dentro-di-te\">Il Potere Superiore Dentro di Te<\/a>\n\nCapitolo 2: <a href=\"https:\/\/www.newmessage.org\/it\/il-messaggio\/volume-1\/il-potere-della-conoscenza\/il-potere-della-conoscenza\/\">Il Potere della Conoscenza<\/a>\n\nCapitolo 3: <a href=\"https:\/\/www.newmessage.org\/it\/il-messaggio\/volume-1\/il-potere-della-conoscenza\/il-viaggio-dellanima-sulla-terra\">Il Viaggio dell'Anima sulla Terra<\/a>\n\nCapitolo 4: <a href=\"https:\/\/www.newmessage.org\/it\/il-messaggio\/volume-1\/il-potere-della-conoscenza\/vivere-in-separazione\/\">Vivere in Separazione<\/a>\n\nCapitolo 5: <a href=\"https:\/\/www.newmessage.org\/it\/il-messaggio\/volume-1\/il-potere-della-conoscenza\/la-crisi\">La Crisi<\/a>\n\nCapitolo 6: <a href=\"https:\/\/www.newmessage.org\/it\/il-messaggio\/volume-1\/il-potere-della-conoscenza\/la-presenza\/\">La Presenza<\/a>\n\nCapitolo 7: <a href=\"https:\/\/www.newmessage.org\/it\/il-messaggio\/volume-1\/il-potere-della-conoscenza\/la-riconciliazione\">La Riconciliazione<\/a>\n\nCapitolo 8: <a href=\"https:\/\/www.newmessage.org\/it\/il-messaggio\/volume-1\/il-potere-della-conoscenza\/chi-sei-non-e-la-tua-mente\">Chi Sei non \u00e8 la tua Mente<\/a>\n\nCapitolo 9: <a href=\"https:\/\/www.newmessage.org\/it\/il-messaggio\/volume-1\/il-potere-della-conoscenza\/la-conoscenza-e-i-limiti-delle-convinzioni\">La Conoscenza e Limiti delle Convinzioni<\/a>\n\nCapitolo 10: <a href=\"https:\/\/www.newmessage.org\/it\/il-messaggio\/volume-1\/il-potere-della-conoscenza\/lintelligenza-superiore\">L'Intelligenza Superiore<\/a>\n\nCapitolo 11: <a href=\"https:\/\/www.newmessage.org\/it\/il-messaggio\/volume-1\/il-potere-della-conoscenza\/il-ponte\">Il Ponte<\/a>\n\nCapitolo 12: <a href=\"https:\/\/www.newmessage.org\/it\/il-messaggio\/volume-1\/il-potere-della-conoscenza\/seguendo-la-presenza\">Seguendo la Presenza<\/a>\n\nCapitolo 13: <a href=\"https:\/\/www.newmessage.org\/it\/il-messaggio\/volume-1\/il-potere-della-conoscenza\/il-fuoco-spirituale\">Il Fuoco Spirituale<\/a>\n\nCapitolo 14: <a href=\"https:\/\/www.newmessage.org\/it\/il-messaggio\/volume-1\/il-potere-della-conoscenza\/la-rimembranza\/\">La Rimembranza<\/a>\n\n<\/div>\n\n\n--><\/p>\n","protected":false},"excerpt":{"rendered":"<p>Il Potere della Conoscenza rivela la realt\u00e0 della &#8220;Conoscenza&#8221;, la mente spirituale pi\u00f9 profonda dentro di te che detiene la chiave per trovare il tuo scopo superiore e la tua direzione nella vita. Il libro 5 del Nuovo Messaggio da Dio contiene 14 rivelazioni date per presentare la realt\u00e0 della vostra natura spirituale, la crisi\u2026 <a class=\"read-more\" href=\"https:\/\/www.v6.newmessage.org\/it\/more-about-the-volumes\"><span>Read More<\/span><\/a><\/p>\n","protected":false},"author":62,"featured_media":0,"parent":16287,"menu_order":0,"comment_status":"closed","ping_status":"closed","template":"template-leftsidebar.php","meta":{"_monsterinsights_skip_tracking":false,"_monsterinsights_sitenote_active":false,"_monsterinsights_sitenote_note":"","_monsterinsights_sitenote_category":0,"footnotes":""},"categories":[924],"tags":[749,740,745,750,853,923,772,743,748,741,746,744,747,672,742],"_links":{"self":[{"href":"https:\/\/www.v6.newmessage.org\/it\/wp-json\/wp\/v2\/pages\/28507"}],"collection":[{"href":"https:\/\/www.v6.newmessage.org\/it\/wp-json\/wp\/v2\/pages"}],"about":[{"href":"https:\/\/www.v6.newmessage.org\/it\/wp-json\/wp\/v2\/types\/page"}],"author":[{"embeddable":true,"href":"https:\/\/www.v6.newmessage.org\/it\/wp-json\/wp\/v2\/users\/62"}],"replies":[{"embeddable":true,"href":"https:\/\/www.v6.newmessage.org\/it\/wp-json\/wp\/v2\/comments?post=28507"}],"version-history":[{"count":21,"href":"https:\/\/www.v6.newmessage.org\/it\/wp-json\/wp\/v2\/pages\/28507\/revisions"}],"predecessor-version":[{"id":28894,"href":"https:\/\/www.v6.newmessage.org\/it\/wp-json\/wp\/v2\/pages\/28507\/revisions\/28894"}],"up":[{"embeddable":true,"href":"https:\/\/www.v6.newmessage.org\/it\/wp-json\/wp\/v2\/pages\/16287"}],"wp:attachment":[{"href":"https:\/\/www.v6.newmessage.org\/it\/wp-json\/wp\/v2\/media?parent=28507"}],"wp:term":[{"taxonomy":"category","embeddable":true,"href":"https:\/\/www.v6.newmessage.org\/it\/wp-json\/wp\/v2\/categories?post=28507"},{"taxonomy":"post_tag","embeddable":true,"href":"https:\/\/www.v6.newmessage.org\/it\/wp-json\/wp\/v2\/tags?post=28507"}],"curies":[{"name":"wp","href":"https:\/\/api.w.org\/{rel}","templated":true}]}}