{"id":28466,"date":"2018-09-20T02:02:50","date_gmt":"2018-09-20T02:02:50","guid":{"rendered":"http:\/\/www.newmessage.org\/it\/?page_id=28466"},"modified":"2020-04-07T07:52:59","modified_gmt":"2020-04-07T07:52:59","slug":"la-grande-religione","status":"publish","type":"page","link":"https:\/\/www.v6.newmessage.org\/it\/il-messaggio\/volume-5\/saggezza-dalla-comunita-piu-grande-volume-primo\/la-grande-religione","title":{"rendered":"La Grande Religione"},"content":{"rendered":"<div><!-- Version 3.2 Verse --><\/div>\n\n<div class=\"tabgroup \"><ul class=\"tabs\"><li><a href=\"#tabs-1\">Informazioni<\/a><\/li>\n<li><a href=\"#tabs-2\">Nota<\/a><\/li><\/ul>\n <div id=\"tabs-1\"><\/p>\n<p><em>Rivelato al Messaggero di Dio<br \/>\nMarshall Vian Summers<br \/>\nIl giorno 6 Giugno 1986<br \/>\nIn USA<br \/>\n<\/em><\/p>\n<div class=\"toggle toggle-white\"><h4 class=\"trigger \"><span class=\"t_ico\"><\/span><a href=\"#\">Note riguardo a questa registrazione<\/a><\/h4><div class=\"toggle_container \"><br \/>\n<p>Quella che state sentendo in questa registrazione \u00e8 la voce della <u>Assemblea <\/u>Angelica che sta parlando tramite il <u>Messaggero <\/u>Marshall Vian Summers.<\/p>\n<p>Qua, la comunicazione originale di Dio, che esiste al di l\u00e0 delle parole, \u00e8 tradotta nel linguaggio e nella comprensione umana dall\u2019Assemblea Angelica che veglia sul mondo. Poi l\u2019Assemblea consegna il Messaggio di Dio tramite il Messaggero.<\/p>\n<p>In questo notevole processo, la Voce della Rivelazione sta parlando di nuovo. La Parola e il suono della Voce sono nel mondo. Per la prima volta nella storia, la registrazione dell\u2019originale rivelazione parlata \u00e8 disponibile affinch\u00e9 voi e il mondo la possiate sentire.<\/p>\n<p>Possiate voi essere i destinatari di questo dono di Rivelazione e possiate essere aperti a ricevere il suo Messaggio unico per voi e per la vostra vita.<\/p>\n<br \/>\n<\/div><\/div><br \/>\n<\/div>\n<div id=\"tabs-2\"><br \/>\n<em>Nota per il Lettore:<br \/>\nQuesta traduzione \u00e8 stata fornita a The Society da uno studente del Nuovo Messaggio che si \u00e8 offerto volontario per tradurre il testo originale in Inglese. Noi rendiamo questa traduzione disponibile al mondo in questa forma iniziale affinch\u00e9 le persone abbiano la possibilit\u00e0 di interagire con una porzione del Nuovo Messaggio nella propria lingua.<\/em><br \/>\n<\/div>\n\t\t\t\t<div align=\"right\">\n\t\t\t<div class=\"fb-like\" data-href=\"\" data-layout=\"button_count\" data-action=\"like\" data-show-faces=\"false\" data-share=\"false\"><\/div>\n\t\t\t<div class=\"fb-share-button\" data-layout=\"button_count\"> <\/div>\n\t\t\t<div class=\"fb_iframe_widget\"><a href=\"https:\/\/twitter.com\/godsnewmessage?ref_src=twsrc%5Etfw\" class=\"twitter-follow-button\" data-show-count=\"false\">Follow @godsnewmessage<\/a><script async src=\"https:\/\/platform.twitter.com\/widgets.js\" charset=\"utf-8\"><\/script><\/div>\n\t\t\t<\/div> <\/div> \n\n<p>Per cominciare, discuteremo della Grande Religione, una questione di grande importanza. Lo sviluppo della Conoscenza \u00e8 uno dei temi principali di questo Insegnamento. Conoscenza, relazioni e comunicazione permeano ogni vera attivit\u00e0, vero sviluppo e vero progresso. Essi danno origine alla vostra natura spirituale e al vostro destino. Essi invocano il vostro rapporto con Dio, anche se ci sono molti aspetti pratici della vita a cui devono essere continuamente applicati.<\/p>\n<p>Poich\u00e9 siete stati inviati qui per uno scopo e non solo per il vostro sviluppo, il vostro contributo al mondo \u00e8 un fattore primario. Come si riceve, si deve dare, e questo continua nell\u2019ambito di questo mondo e oltre. Questo processo sta avvenendo in tutti i mondi, non solo in questo. Pertanto, il Piano di Dio deve tenere conto delle esigenze di molti tipi diversi di esseri in molti tipi diversi di ambienti. Come si relaziona la Grande Religione con voi, che siete preoccupati per gli affari umani e per questo unico mondo? \u00c8 direttamente attinente per tre motivi.<\/p>\n<p>In primo luogo, non sei completamente umano. Non hai fatto i tuoi principali sviluppi solo in questo mondo. Ci\u00f2 che avete accumulato nella Conoscenza rende conto non solo della vostra esistenza umana, ma anche della vostra esistenza non umana. Quindi, recuperare la Conoscenza significa recuperare queste memorie vitali. Non sono ricordi di traumi personali o eventi storici. Sono ricordi di relazioni che sono state stabilite nella verit\u00e0. Pertanto, se dovete riconquistare ci\u00f2 che \u00e8 effettivamente la vostra Conoscenza, allora dovete essere preparati a sperimentare questo aspetto di voi stessi, altrimenti non sarete mai in grado di integrare ci\u00f2 che state sperimentando nella vita umana. Altrimenti, il tuo recupero della Conoscenza sar\u00e0 sempre pi\u00f9 alienante per te. Ti sentirai sempre pi\u00f9 lontano dal mondo, e questo non \u00e8 il Nostro scopo.<\/p>\n<p>Pertanto, dovete accettare la vostra umanit\u00e0, e dovete accettare anche il vostro posto nell&#8217;ordine superiore. Solo in questo modo potrete integrarvi pienamente qui, servendo questo mondo nei suoi bisogni e mantenendo una prospettiva pi\u00f9 ampia, che qui manca.<\/p>\n<p>La seconda ragione per cui la Grande Religione vi riguarda \u00e8 che il vostro mondo sta emergendo nella Comunit\u00e0 Pi\u00f9 Grande di mondi. Questa \u00e8 la grande transizione. \u00c8 una transizione cos\u00ec grande che non potete immaginare le sue conseguenze o quanto influenzer\u00e0 il vostro pensiero e le vostre attivit\u00e0 mondane.<\/p>\n<p>La terza ragione \u00e8 che avete bisogno di una prospettiva pi\u00f9 ampia per comprendere l&#8217;opera di Dio. Dio non \u00e8 umano. Dio non pensa come un umano. Dio non \u00e8 fatto a tua immagine. Dio non ha immagine. La Fonte di tutta la vita tiene conto di tutta la vita. Non pensare che Dio si preoccupi della tua vita escludendo altre vite. Per iniziare ad avvicinarsi alla Saggezza di Dio, che \u00e8 La Conoscenza di Dio di cui mantenete una piccola ma vitale parte, dovete iniziare ad avere una prospettiva pi\u00f9 ampia della vita stessa.<\/p>\n<p>L&#8217;evoluzione dell&#8217;umanit\u00e0 \u00e8 solo un aspetto della vita stessa. Non si pu\u00f2 conoscere il tutto da un solo aspetto. La vita umana non rispecchia tutta la vita, eppure il riflesso di tutta la vita \u00e8 dentro di voi. Pertanto, la religione, che in realt\u00e0 \u00e8 l&#8217;esperienza della presenza di Dio e del vostro rapporto con Dio, deve tener conto degli aspetti pi\u00f9 grandi della vita.<\/p>\n<p>Questo \u00e8 cos\u00ec importante anche per il tuo stato di essere umano, perch\u00e9, per essere veramente umano, devi avere questa prospettiva. Non puoi avere una prospettiva, se essere un umano \u00e8 tutto ci\u00f2 che sei. Essere umano \u00e8 molto contraddittorio sotto molti aspetti. Si tratta di uno stato molto assorbito e adolescenziale. Se volete capire e apprezzare la natura di coloro che Dio ha inviato per aiutarvi, allora nel tempo comincerete a condividere la loro prospettiva ed a vedere cosa significa evoluzione su una scala pi\u00f9 ampia. Poi comincerete a capire i vostri doveri e sapere che cosa significa crescita qui sulla Terra.<\/p>\n<p>Le persone hanno spesso fissato degli obiettivi finali per la loro crescita spirituale e hanno tentato di vivere con essi. Questo \u00e8 molto presuntuoso e dannoso, perch\u00e9 qua il fallimento \u00e8 inevitabile. Non \u00e8 nel piano di Dio il fatto che voi dobbiate fallire, scavalcando i vostri veri obiettivi nella vita.<\/p>\n<p>Molti di voi hanno sentito il desiderio di unione con il Divino, cos\u00ec come il desiderio di servire uno scopo pi\u00f9 grande. Questo \u00e8 lodevole, naturalmente, ma se volete servire uno scopo pi\u00f9 grande e sperimentare una fonte pi\u00f9 grande, allora dovete imparare cosa significa questo. Non potete definirla voi la via.<\/p>\n<p>Le persone tentano la perfezione perch\u00e9 sono convinti dell&#8217;errore, ma non conoscono la perfezione. Non si pu\u00f2 conoscere la perfezione attraverso l&#8217;errore. Si pu\u00f2 conoscere solo l&#8217;errore. La perfezione non \u00e8 cancellare l&#8217;errore. Consiste nel acquisire saggezza, misericordia, abilit\u00e0, capacit\u00e0 e amore. L&#8217;eliminazione dell&#8217;errore non produce perfezione. Se tu potessi vedere l&#8217;evoluzione su una scala pi\u00f9 ampia, sicuramente regoleresti le tue aspettative di te stesso.<\/p>\n<p>Nel momento in cui se ne vanno da questa vita, quei pochi individui che hanno raggiunto la perfezione apparente si trovano presso un nuovo inizio. Eppure non devono pi\u00f9 stare qui. Invece di trascendere la loro umanit\u00e0, ora devono incontrare le identit\u00e0 dell&#8217;universo. Per questo, avranno bisogno di grande aiuto.<\/p>\n<p>Il loro destino e la loro strada non sono qualcosa che debba preoccupare voi. La vostra preoccupazione \u00e8 la vostra vita immediata, la vostra capacit\u00e0 di prendere decisioni e di agire su di esse, la vostra capacit\u00e0 di essere perspicaci e il vostro senso di scopo e di identit\u00e0.<\/p>\n<p>La gente spesso chiede: &#8220;Perch\u00e9 ho bisogno di maestri interiori?\u201d La risposta \u00e8 molto semplice. \u00c8 perch\u00e9 non sapete nulla. S\u00ec, voi credete a molte, molte cose, ma la vostra Conoscenza \u00e8 solo una piccola luce. Voi credete che perfezionando la vostra personalit\u00e0 o il vostro corpo raggiungerete grandi altezze, ma vi assicuriamo che otterrete una grande frustrazione. Una personalit\u00e0 perfetta non pu\u00f2 avere pi\u00f9 Conoscenza di una personalit\u00e0 imperfetta. Infatti, i vostri grandi maestri nel mondo sono stati molto noti &#8211; non personalit\u00e0 perfette. Questa non \u00e8 l&#8217;enfasi, anche se naturalmente ci sono aggiustamenti da fare nel vostro comportamento e pensiero.<\/p>\n<p>Perfezionare il vostro comportamento per soddisfare i vostri standard non \u00e8 La Via della Conoscenza. La Conoscenza non \u00e8 un&#8217;idea. \u00c8 esperienza. \u00c8 relazione. \u00c8 Dio. Dio \u00e8 relazione. \u00c8 l&#8217;attrazione tra simile e simile, tra medesimo e medesimo. Questo \u00e8 Dio in una definizione pratica.<\/p>\n<p>Quindi, qui abbiamo questa idea della Grande Religione. Perch\u00e9 \u00e8 pi\u00f9 grande? Pi\u00f9 grande non significa migliore. \u00c8 maggiore solo perch\u00e9 rappresenta una realt\u00e0 pi\u00f9 grande. Dovete capire l&#8217;evoluzione della vita, non solo l&#8217;evoluzione delle persone. Non si pu\u00f2 capire questo intellettualmente, perch\u00e9 \u00e8 troppo vasto e inclusivo, ma si pu\u00f2 sperimentare, e si pu\u00f2 sapere cosa significa nella vita quotidiana.<\/p>\n<p>Gli esseri umani non sono mandati qui per raggiungere la realt\u00e0 ultima. Questo non \u00e8 il vostro scopo. Il vostro scopo nell&#8217;essere qui \u00e8 quello di completare l&#8217;essere qui. Pensi che sia possibile andare dalla Terra al Cielo e saltare tutti i passaggi intermedi? Si spera che, se i vostri progressi sono veri, riuscirete a espandere le vostre capacit\u00e0 e abbracciare un&#8217;esperienza di vita pi\u00f9 grande, cos\u00ec grande che rimanere umani sarebbe troppo limitante. Perch\u00e9? Perch\u00e9 sareste coinvolti in troppe relazioni.<\/p>\n<p>Il vostro mondo sta per superare la sua infatuazione verso se stesso, uno stadio di maturazione necessario. Pertanto, una maggiore esperienza di religione, o dovremmo dire una religione di molti mondi, \u00e8 opportuna. \u00c8 opportuno non solo al fine di avere una prospettiva pi\u00f9 ampia; \u00e8 anche opportuno capire quegli esseri che incontrerete dalla Comunit\u00e0 Pi\u00f9 Grande. Non pensano necessariamente come te. Non tutti sono amichevoli. Tu sei tanto strano per loro quanto loro lo sono per te. Dovete vederli con La Conoscenza. Questa \u00e8 la prospettiva.<\/p>\n<p>Abbiamo detto prima che le persone hanno bisogno dei Maestri Interiori perch\u00e9 loro non sanno nulla. Alcune persone hanno bisogno dei Maestri Interiori ma non permetterebbero mai che la loro presenza sia conosciuta. Per altri sarebbe meglio se i loro Maestri non fossero mai conosciuti. Eppure tutti hanno Maestri Interiori. Riuscite a malapena a generare abbastanza energia per attraversare la vita, figuriamoci se riuscireste a elevarvi da soli l\u00e0 dentro. Dovete avere assistenza. Accettare questo fatto \u00e8 cos\u00ec importante e vi dar\u00e0 un grande senso di sostegno, di grazia e di apprezzamento. Significa anche che avete uno scopo che \u00e8 importante e che non sapete tutto.<\/p>\n<p>\u00c8 vero che La Conoscenza deve essere acquisita attraverso l&#8217;esperienza. Non \u00e8 una ricerca intellettuale. Il vostro intelletto non \u00e8 stato creato per comprendere l&#8217;universo. \u00c8 stato creato per negoziare con i dettagli della vostra vita fisica, cosa per la quale \u00e8 diventato abbastanza sofisticato. Eppure non pu\u00f2 apprezzare ci\u00f2 che \u00e8 sentito e ci\u00f2 che \u00e8 saputo. Pertanto, non usate impropriamente questa capacit\u00e0 intellettuale. Ha la sua vera applicazione, ed \u00e8 di fatto un&#8217;applicazione utile. Tuttavia, dovete cercare un approccio diverso.<\/p>\n<p>Il nostro lavoro \u00e8 quindi di natura religiosa perch\u00e9 si occupa di Dio. Tratta quello che riguarda una vita pi\u00f9 grande. In questo mondo, non ci si pu\u00f2 avvicinare alla pi\u00f9 grande vita che ci sia; ci si pu\u00f2 solo avvicinare a una vita pi\u00f9 grande. Devi passare attraverso gli stadi dell&#8217;evoluzione. Non li puoi saltare tutti. Non si pu\u00f2 fare.<\/p>\n<p>Se questo pu\u00f2 essere compreso ora, allora sarete in grado di riconoscere ci\u00f2 che deve essere fatto, ci\u00f2 che pu\u00f2 essere fatto e ci\u00f2 che non pu\u00f2 essere fatto. Vedrete il vostro vero coinvolgimento e le vostre vere esigenze, senza caricare oneri impossibili sulle vostre spalle. Questo \u00e8 molto importante. Con fardelli impossibili, non riconoscerete nemmeno ci\u00f2 che \u00e8 essenziale, e questo produrr\u00e0 un fallimento, che aggraver\u00e0 la vostra agonia. Non ci aspettiamo un comportamento perfetto. Ma non possiamo aiutarvi molto efficacemente se insistete a imporvi realizzazioni assolutamente ridicole. Ci sono esseri pi\u00f9 grandi di voi per gestire l&#8217;universo.<\/p>\n<p>Pertanto, il lavoro che vi arriver\u00e0 consister\u00e0 nel vivere l\u2019esperienza dell\u2019opera di Dio all&#8217;interno delle attuali tradizioni religiose, sia qui che nella Comunit\u00e0 Pi\u00f9 Grande. Perch\u00e9 \u00e8 importante questo? Non \u00e8 semplicemente affascinante per la mente. \u00c8 importante perch\u00e9 stimola il contatto con la vostra Famiglia Spirituale, sia qui che nella Comunit\u00e0 Pi\u00f9 Grande. Rigenera antiche memorie che sono cos\u00ec essenziali per la tua esperienza di continuit\u00e0, completezza e inclusione nella vita.<\/p>\n<p>Le persone sono sempre alla ricerca della loro Famiglia Spirituale. La cercano nelle relazioni personali. La cercano per cause politiche e religiose. La cercano in pace e la cercano in guerra. Non sanno quello che stanno cercando, ma essere soli in questo mondo \u00e8 un destino terribile.<\/p>\n<p>Eppure non siete soli. Prima di venire in questo mondo, non eravate soli, e quelli che erano con voi allora sono con voi adesso. Ritrovare questa memoria significa ritrovare la coscienza della vita nel regno visibile e della vita oltre. Poi le barriere delle illusioni cominciano a cadere. Poi si pu\u00f2 iniziare a comprendere la presenza spirituale anzich\u00e9 solo sentirla. Poi la vostra percezione si affina. Se non ti trovassi in questo mondo, sarebbe molto pi\u00f9 facile prendere le decisioni giuste. Ma tu sei qui. Hai preso in carico l&#8217;abitabilit\u00e0 naturale di questo mondo in un corpo fisico, ma la possibilit\u00e0 di una vera percezione esiste ancora.<\/p>\n<p>In preparazione per gli eventi che verranno nei prossimi centocinquanta anni e in preparazione per le religioni che verranno nei prossimi tremila anni, le pratiche della Comunit\u00e0 Pi\u00f9 Grande saranno elargite per il vostro sviluppo. Non sono condivise filosoficamente, ma sono date in qualit\u00e0 di pratiche. Non sono generate solo attraverso la speculazione intellettuale. Sono iniziatrici affinch\u00e9 possiate vivere l\u2019esperienza della Conoscenza, la presenza spirituale e il contatto. Queste pratiche sono antiche. Il loro scopo \u00e8 quello di permettervi di recuperare i vostri antichi ricordi e di riacquistare la consapevolezza dei vostri veri amici qui in questo mondo e dei vostri veri amici anche altrove. Da questo nascer\u00e0 un senso di scopo molto pi\u00f9 grande, ed \u00e8 per questo motivo che queste pratiche sono conferite.<\/p>\n<p>Questa \u00e8 esperienza religiosa. L&#8217;esperienza religiosa si evolve e richiede un punto di vista che cresce. Se leggete la storia delle vostre religioni e la storia conosciuta, per quanto breve essa sia, vedrete uno sviluppo. Comincerete a vedere una decisa espansione, e cos\u00ec la stessa continua.<\/p>\n<p>Lo scopo di questo \u00e8 La Conoscenza. Non c&#8217;\u00e8 nessuno da idolatrare. Non ci sono eroi qui. Noi rimaniamo invisibili. Non potete adorarci. Col tempo capirete la saggezza in questo e il motivo per cui \u00e8 cos\u00ec essenziale affinch\u00e9 Noi si possa essere efficaci. Anche i grandi del vostro mondo, che ci sono stati fino ad ora e che hanno contribuito con la loro Conoscenza, non volevano diventare idoli per l\u2019adorazione. \u00c8 la loro Conoscenza che \u00e8 stata trascurata. Le persone hanno paura della Conoscenza, ma La Conoscenza \u00e8 lo scopo.<\/p>\n<p>Se desiderate La Conoscenza, cercatela. Non potete definirla. Non potete prevedere il risultato. La cercate perch\u00e9 \u00e8 naturale che lo facciate. Perch\u00e9 la vostra Conoscenza contiene la memoria del vostro Creatore, del vostro aiuto e del vostro significato in questo mondo.<\/p>\n","protected":false},"excerpt":{"rendered":"<p>Per cominciare, discuteremo della Grande Religione, una questione di grande importanza. Lo sviluppo della Conoscenza \u00e8 uno dei temi principali di questo Insegnamento. Conoscenza, relazioni e comunicazione permeano ogni vera attivit\u00e0, vero sviluppo e vero progresso. Essi danno origine alla vostra natura spirituale e al vostro destino. Essi invocano il vostro rapporto con Dio, anche\u2026 <a class=\"read-more\" href=\"https:\/\/www.v6.newmessage.org\/it\/about-recording-shortcode\"><span>Read More<\/span><\/a><\/p>\n","protected":false},"author":8,"featured_media":0,"parent":13089,"menu_order":0,"comment_status":"closed","ping_status":"closed","template":"template-leftsidebar.php","meta":{"_monsterinsights_skip_tracking":false,"_monsterinsights_sitenote_active":false,"_monsterinsights_sitenote_note":"","_monsterinsights_sitenote_category":0,"footnotes":""},"categories":[76,30,77,483],"tags":[749,740,745,750,918,743,748,741,746,718,717,744,747,742,719],"_links":{"self":[{"href":"https:\/\/www.v6.newmessage.org\/it\/wp-json\/wp\/v2\/pages\/28466"}],"collection":[{"href":"https:\/\/www.v6.newmessage.org\/it\/wp-json\/wp\/v2\/pages"}],"about":[{"href":"https:\/\/www.v6.newmessage.org\/it\/wp-json\/wp\/v2\/types\/page"}],"author":[{"embeddable":true,"href":"https:\/\/www.v6.newmessage.org\/it\/wp-json\/wp\/v2\/users\/8"}],"replies":[{"embeddable":true,"href":"https:\/\/www.v6.newmessage.org\/it\/wp-json\/wp\/v2\/comments?post=28466"}],"version-history":[{"count":3,"href":"https:\/\/www.v6.newmessage.org\/it\/wp-json\/wp\/v2\/pages\/28466\/revisions"}],"predecessor-version":[{"id":28470,"href":"https:\/\/www.v6.newmessage.org\/it\/wp-json\/wp\/v2\/pages\/28466\/revisions\/28470"}],"up":[{"embeddable":true,"href":"https:\/\/www.v6.newmessage.org\/it\/wp-json\/wp\/v2\/pages\/13089"}],"wp:attachment":[{"href":"https:\/\/www.v6.newmessage.org\/it\/wp-json\/wp\/v2\/media?parent=28466"}],"wp:term":[{"taxonomy":"category","embeddable":true,"href":"https:\/\/www.v6.newmessage.org\/it\/wp-json\/wp\/v2\/categories?post=28466"},{"taxonomy":"post_tag","embeddable":true,"href":"https:\/\/www.v6.newmessage.org\/it\/wp-json\/wp\/v2\/tags?post=28466"}],"curies":[{"name":"wp","href":"https:\/\/api.w.org\/{rel}","templated":true}]}}