{"id":28420,"date":"2018-03-20T08:27:32","date_gmt":"2018-03-20T08:27:32","guid":{"rendered":"http:\/\/www.newmessage.org\/it\/?page_id=28420"},"modified":"2018-03-20T08:27:32","modified_gmt":"2018-03-20T08:27:32","slug":"i-nemici-dellumanita","status":"publish","type":"page","link":"https:\/\/www.v6.newmessage.org\/it\/il-messaggio\/volume-1\/la-comunita-piu-grande\/i-nemici-dellumanita","title":{"rendered":"I Nemici dell&#8217;Umanit\u00e0"},"content":{"rendered":"<div><!-- Version 3.5 --><\/div>\n\n<div class=\"tabgroup \"><ul class=\"tabs\"><li><a href=\"#tabs-1\">Ascolta<\/a><\/li>\n<li><a href=\"#tabs-2\">Nota<\/a><\/li><\/ul>\n <div id=\"tabs-1\"><\/p>\n<p>Ascolta la Voce della Rivelazione Originale in Inglese:<\/p>\n<div id=\"jquery_jplayer_1\" class=\"jp-jplayer\"><\/div>\n\t\t\t\t<div id=\"jp_container_1\" class=\"jp-audio\">\n\t\t\t\t<div class=\"jp-type-single\"><div class=\"jp-control\"><a href=\"javascript:;\" class=\"jp-play\" tabindex=\"1\">play<\/a><a href=\"javascript:;\" class=\"jp-pause\" tabindex=\"1\">pause<\/a><\/div> <div class=\"jp-gui jp-interface\"><div class=\"jp-volume\"><div class=\"jp-volume-bar\"><div class=\"jp-volume-bar-value\"><\/div><\/div><\/div><div class=\"jp-progress\"><div class=\"jp-seek-bar\"><div class=\"jp-play-bar\"><\/div><\/div><\/div><\/div>\t\t\t\t\t<div class=\"jp-title\"><strong>The Enemies of Humanity<\/strong> -  <span class=\"jp-current-time\"><\/span> \/ <span class=\"jp-duration\"><\/span><\/div>\t\t\t\t\t<div class=\"jp-no-solution\"><span>Update Required<\/span>To play the media you will need to either update your browser to a recent version or update your <a href=\"http:\/\/get.adobe.com\/flashplayer\/\" target=\"_blank\">Flash plugin<\/a>.<\/div><\/div><\/div>\n\t\t\t<script type='text\/javascript'>\n\t\t\t\tjQuery(document).ready(function() {\n\t\t\t\t\tif (typeof (sermonMedia) == 'function') {\n\t\t\t\t\t\tsermonMedia.addAudio('', \"jquery_jplayer_1\");\n\t\t\t\t\t}\n\t\t\t\t\tjQuery.jPlayer.timeFormat.showHour = true;\n\t\t\t\t\tjQuery(\"#jquery_jplayer_1\").jPlayer({\n\t\t\t\t\t\tready: function(event) {\n\t\t\t\t\t\t\tjQuery(this).jPlayer(\"setMedia\", {mp3: 'https:\/\/newmessage.org\/av\/the-enemies-of-humanity.mp3'});\n\t\t\t\t\t\t},\n\t\t\t\t\t\tplay: function() {\n\t\t\t\t\t\t\tjQuery(this).jPlayer(\"pauseOthers\");\n\t\t\t\t\t\t},\n\t\t\t\t\t\tswfPath: ThemeData.directory_uri+\"\/swf\",\n\t\t\t\t\t\tsolution: \"html, flash\",\n\t\t\t\t\t\tpreload: \"metadata\",\n\t\t\t\t\t\twmode: \"window\",\n\t\t\t\t\t\tsupplied: \"mp3\",\n\t\t\t\t\t\tcssSelectorAncestor: '#jp_container_1'\n\t\t\t\t\t});\n\t\t\t\t});\n\t\t\t<\/script><\/p>\n<p><a title=\"The Enemies of Humanity\" href=\"\/\/www.newmessage.org\/av\/the-enemies-of-humanity.mp3\">Download<\/a> (clicca tasto destro del mouse)<\/p>\n<p><em>Come rivelato al Messaggero di Dio<br \/>\nMarshall Vian Summers<br \/>\nIl 24 Maggio, 2014<br \/>\nin Boulder, Colorado<\/em><\/p>\n<div class=\"toggle toggle-white\"><h4 class=\"trigger \"><span class=\"t_ico\"><\/span><a href=\"#\">Note riguardo a questa registrazione<\/a><\/h4><div class=\"toggle_container \"><br \/>\n<p>Quella che state sentendo in questa registrazione \u00e8 la voce della <u>Assemblea <\/u>Angelica che sta parlando tramite il <u>Messaggero <\/u>Marshall Vian Summers.<\/p>\n<p>Qua, la comunicazione originale di Dio, che esiste al di l\u00e0 delle parole, \u00e8 tradotta nel linguaggio e nella comprensione umana dall\u2019Assemblea Angelica che veglia sul mondo. Poi l\u2019Assemblea consegna il Messaggio di Dio tramite il Messaggero.<\/p>\n<p>In questo notevole processo, la Voce della Rivelazione sta parlando di nuovo. La Parola e il suono della Voce sono nel mondo. Per la prima volta nella storia, la registrazione dell\u2019originale rivelazione parlata \u00e8 disponibile affinch\u00e9 voi e il mondo la possiate sentire.<\/p>\n<p>Possiate voi essere i destinatari di questo dono di Rivelazione e possiate essere aperti a ricevere il suo Messaggio unico per voi e per la vostra vita.<\/p>\n<br \/>\n<\/div><\/div>\n<p><\/div>\n<div id=\"tabs-2\"><br \/>\n<em>Nota per il Lettore:<br \/>\nQuesta traduzione \u00e8 stata fornita a The Society da uno studente del Nuovo Messaggio che si \u00e8 offerto volontario per tradurre il testo originale in Inglese. Noi rendiamo questa traduzione disponibile al mondo in questa forma iniziale affinch\u00e9 le persone abbiano la possibilit\u00e0 di interagire con una porzione del Nuovo Messaggio nella propria lingua.<\/em><br \/>\n<\/div>\n\t\t\t\t<div align=\"right\">\n\t\t\t<div class=\"fb-like\" data-href=\"\" data-layout=\"button_count\" data-action=\"like\" data-show-faces=\"false\" data-share=\"false\"><\/div>\n\t\t\t<div class=\"fb-share-button\" data-layout=\"button_count\"> <\/div>\n\t\t\t<div class=\"fb_iframe_widget\"><a href=\"https:\/\/twitter.com\/godsnewmessage?ref_src=twsrc%5Etfw\" class=\"twitter-follow-button\" data-show-count=\"false\">Follow @godsnewmessage<\/a><script async src=\"https:\/\/platform.twitter.com\/widgets.js\" charset=\"utf-8\"><\/script><\/div>\n\t\t\t<\/div> <\/div> \n\n<p>L&#8217;umanit\u00e0 ha nemici nell&#8217;universo. Non si oppongono a voi, ma bramano ci\u00f2 che possedete. Essi cercano di prendere da voi ci\u00f2 che avete senza l&#8217;uso di forza indebita, basandosi sui poteri di persuasione e gettando i semi della divisione tra un&#8217;umanit\u00e0 in contesa.<\/p>\n<p>Essi vogliono questo mondo per se stessi. Non cercano di distruggervi, ma di usarvi come forza lavoro. Si tratta di qualcosa di molto sottile nella sua applicazione, ma molto reale nel suo effetto.<\/p>\n<p>Sono concorrenti per il mondo, questo mondo prezioso, una gemma cos\u00ec rara nell&#8217;universo. Non avete idea di quanto sia raro e quanto sia prezioso per tante razze che cercano di utilizzare la sua ricchezza biologica e minerale per i propri scopi. Siete come la trib\u00f9 autoctona che viene scoperta dal mondo esterno, di cui non sapete nulla.<\/p>\n<p>Gli intrusi non cercheranno la conquista vera e propria, ma una sottomissione volontaria da parte vostra. Una volta che avrete impoverito questo mondo a sufficienza; una volta che avrete alterato il clima del mondo a sufficienza; una volta che avrete distrutto la civilt\u00e0 a sufficienza attraverso il conflitto, la competizione e la guerra, essi arriveranno. Sono gi\u00e0 qui ed alimentano il conflitto umano, seminando i semi della vostra disfatta, non per schiacciarvi, ma per farvi sottomettere.<\/p>\n<p>\u00c8 cos\u00ec che le razze intelligenti acquisiscono il controllo di mondi che vengono gestiti da razze meno intelligenti e che sono in conflitto tra loro. L&#8217;uso della forza non \u00e8 impiegato perch\u00e9 distruggerebbe i beni stessi del mondo e distruggerebbe l&#8217;umanit\u00e0 come forza lavoro.<\/p>\n<p>Perch\u00e9 quelli che vogliono il vostro mondo non possono vivere qui. Non possono respirare la vostra atmosfera. Non sono protetti contro la contaminazione biologica del mondo. Hanno bisogno di voi, e vi offriranno tutto ci\u00f2 che possono come incentivo affinch\u00e9 consentiate loro di guidarvi, promettendovi di salvarvi dalla vostra grande e sempre crescente calamit\u00e0, promettendovi di darvi pace ed equanimit\u00e0, libert\u00e0 dalla guerra e dal conflitto, dicendo che essi stessi non hanno guerra. Eppure, non \u00e8 altro che un inganno, vedete.<\/p>\n<p>\u00c8 tutto un potente inganno, dato a un&#8217;umanit\u00e0 ignara &#8211; un&#8217;umanit\u00e0 che \u00e8 ipnotizzata dalla propria nuova tecnologia e che sar\u00e0 cos\u00ec impressionata da dimostrazioni di tecnologia superiore; un&#8217;umanit\u00e0 che cerca disperatamente le soluzioni alle Grandi Onde del cambiamento che stanno arrivando al mondo; un&#8217;umanit\u00e0 che cerca il potere e la ricchezza, anche mentre sta esaurendo il proprio mondo al di l\u00e0 di ogni cognizione.<\/p>\n<p>Dovete riuscire a capire questo, o penserete che l&#8217;universo sia solo un grande luogo vuoto per voi da esplorare, e per ottenere quello che volete, e per sostituire ci\u00f2 che avete distrutto o consumato qui sulla Terra. Penserete di essere speciali in questo universo e che altre razze verranno ad aiutarvi perch\u00e9 siete cos\u00ec speciali. Voi pensate che l&#8217;universo funzioni secondo la vostra filosofia, la vostra comprensione religiosa, la vostra etica, i vostri concetti, voi che non sapete nulla di questa Comunit\u00e0 Pi\u00f9 Grande di vita in cui vivete.<\/p>\n<p>L&#8217;umanit\u00e0 qui \u00e8 in grande pericolo, \u00e8 estremamente vulnerabile, state distruggendo inesorabilmente la vostra autosufficienza in questo mondo, cosa che invita l&#8217;Intromissione dall&#8217;esterno: un&#8217;opportunit\u00e0 per rendere l&#8217;umanit\u00e0 dipendente da potenze straniere, per ottenere il controllo di questo mondo senza l&#8217;uso della forza, per conquistare il mondo senza i soliti metodi di conquista che l&#8217;umanit\u00e0 considera e ancora impiega.<\/p>\n<p>Ci sono solo due cose che potrebbero unire la famiglia umana. Si tratta di un collasso ambientale o di concorrenza dall&#8217;esterno. Entrambi stanno accadendo ora, uno a quanto pare pi\u00f9 dell&#8217;altro. [Eppure] sono entrambi in corso. Non si possono fermare del tutto finch\u00e9 non si \u00e8 acquisita una maggiore forza a livello individuale e collettivo. Se si capisse questo, la guerra finirebbe domani. La guerra terminerebbe domani e si stabilirebbero le vie della cooperazione per la sopravvivenza, la libert\u00e0 e i vantaggi di tutti.<\/p>\n<p>La gente non vuole sentire queste cose, perch\u00e9 si sentirebbe immediatamente impotente e senza speranza, non avendo alcun senso della propria reale forza e avendo perso la fiducia nei propri leader, nei governi e nelle istituzioni.<\/p>\n<p>L&#8217;umanit\u00e0 ha ora creato un&#8217;infrastruttura che le razze straniere possono utilizzare. Per questo motivo una Intromissione di questo tipo non si \u00e8 mai verificata prima d&#8217;ora. L&#8217;umanit\u00e0 ha comunicazioni globali, commercio globale. Ha preso il controllo del mondo sufficientemente, a tale punto che un&#8217;altra razza pu\u00f2 intervenire per approfittare dei vostri successi e del vostro sviluppo.<\/p>\n<p>Anche in questo momento, le persone si stanno rivolgendo all&#8217;Intromissione &#8211; per servirla, credendo che porter\u00e0 pace ed equanimit\u00e0 in un mondo di crescente incertezza e discordia. Gi\u00e0 adesso, l&#8217;Intromissione sta guadagnando adepti e rappresentanti, pensando che essi [l&#8217;Intromissione] stiano rappresentando una sorta di forza illuminata da fuori del mondo, quando in realt\u00e0 sono solo concorrenti che cercano di approfittare del mondo.<\/p>\n<p>L&#8217;Intromissione non dispone di mezzi militari. Per ottenere il controllo si basa sulla persuasione e sul dissenso. Lo fa perch\u00e9 la conquista non \u00e8 permessa in questa parte dell&#8217;universo, una realt\u00e0 di cui non sapete nulla. Inoltre, le razze avanzate hanno trovato altri modi per accedere alle risorse dell&#8217;universo senza l&#8217;uso della forza.<\/p>\n<p>Le persone vengono prese contro la loro volont\u00e0. Alcuni di essi non vengono mai restituiti. Vengono usati per la sperimentazione, per creare ibridi, quelli che sembrano esseri umani ma che sono uniti all&#8217;Intromissione. \u00c8 un progetto orrendo. \u00c8 pericoloso. \u00c8 portato avanti dai nemici dell&#8217;umanit\u00e0.<\/p>\n<p>Coloro che cercano il dominio qui non danno alcun valore alla vostra libert\u00e0. Non sono interessati ai vostri concetti. Pensano che siate primitivi. Pensano che siate distruttivi. Pensano che siate fuori controllo.<\/p>\n<p>Essi vi ritengono ridicoli a causa di tutte le trasmissioni che continuano ad essere inviate nell&#8217;universo, raffiguranti l&#8217;umanit\u00e0 come una razza che \u00e8 distruttiva, violenta e viziosa. \u00c8 il peggior tipo di rappresentazione del merito reale e dello spirito dell&#8217;umanit\u00e0, eppure questo \u00e8 ci\u00f2 che si presenta all&#8217;universo, e si presenta all&#8217;universo da decenni e decenni.<\/p>\n<p>Pensate di vivere in isolamento nell&#8217;universo. Anche i vostri scienziati pensano che nessuno possa arrivare qui, come se l&#8217;intero universo fosse limitato dalla comprensione scientifica dell&#8217;umanit\u00e0.<\/p>\n<p>Voi presumete di avere una particolare importanza in questo universo. Pensate che qualsiasi visitazione sarebbe utile per voi. Ma la storia delle intromissioni nel vostro mondo dimostra il contrario. I visitatori arrivano per i loro scopi &#8211; per carpire risorse, per conquistare terra e propriet\u00e0. Essi cercano la conquista in tutti i casi. Questa \u00e8 stata la storia delle intromissioni nel vostro mondo, e quindi non dovete supporre che sia diverso nell&#8217;universo.<\/p>\n<p>I veri Alleati dell&#8217;Umanit\u00e0 non avrebbero mai fatto queste cose. Essi non farebbero altro che inviare la loro saggezza e il loro monito, come hanno gi\u00e0 fatto in una serie di Briefing per la famiglia umana.<\/p>\n<p>L&#8217;Intromissione non \u00e8 etica. \u00c8 prone a corrompere. Circuisce il potere e l&#8217;autorit\u00e0 delle popolazioni indigene. \u00c8 usurpazione nella sua forma pi\u00f9 ingannevole.<\/p>\n<p>Non dovete essere persuasi. Non lasciatevi ingannare dalla tecnologia avanzata. Non pensate che coloro che vivono nell&#8217;universo non siano spinti dagli stessi bisogni che guidano la famiglia umana. Perch\u00e9 le societ\u00e0 avanzate in ogni luogo sono alla disperata ricerca di risorse e devono commerciare, barattare e percorrere grandi distanze per ottenere quello di cui hanno bisogno. Si tratta di una situazione complessa, di cui l&#8217;umanit\u00e0 non sa nulla.<\/p>\n<p>Il Signore dell&#8217;universo ha inviato una grande preparazione sulla Terra per preparare l&#8217;umanit\u00e0 ad affrontare un mondo in declino, un mondo di risorse in diminuzione e di maltempo violento in un ambiente mutevole.<\/p>\n<p>Il Signore dell&#8217;universo ha inviato una preparazione per questa Comunit\u00e0 Pi\u00f9 Grande, e un grande avvertimento riguardo all&#8217;Intromissione che \u00e8 gi\u00e0 in corso nel mondo di oggi e riguardo al suo potere sulle idee, le prospettive e gli atteggiamenti delle persone. Solo il Signore dell&#8217;universo saprebbe preparare l&#8217;umanit\u00e0 per la Comunit\u00e0 Pi\u00f9 Grande, perch\u00e9 solo il Signore dell&#8217;universo conosce il cuore e l&#8217;anima di ogni persona e dell&#8217;umanit\u00e0 nel suo complesso.<\/p>\n<p>Questa \u00e8 la grande sfida, operante su due fronti. Il primo \u00e8 la minaccia di disintegrazione interna, ora che l&#8217;umanit\u00e0 sta minando il proprio benessere nel suo mondo naturale. Il secondo \u00e8 l&#8217;Intromissione dell&#8217;universo oltre il mondo, che spesso avviene in queste circostanze. Perch\u00e9 \u00e8 una grande opportunit\u00e0 per una razza straniera per stabilire la sua influenza e il suo potere in un mondo che sta subendo il tipo di cambiamento che l&#8217;umanit\u00e0 sta affrontando. \u00c8 accaduto innumerevoli volte nella storia dell&#8217;universo.<\/p>\n<p>\u00c8 un grande avvertimento, ma l&#8217;umanit\u00e0 ha il potere di ostacolare l&#8217;Intromissione una volta che ha appreso come l&#8217;universo che la circonda funziona realmente. Dio ha fornito questo spunto, rivelando per la prima volta che cosa la vita nell&#8217;universo \u00e8 realmente, come funziona e cosa si deve fare per diventare liberi in un universo dove la libert\u00e0 \u00e8 rara.<\/p>\n<p>\u00c8 la rivelazione perfetta per l&#8217;umanit\u00e0 che si trova alla soglia dello spazio, di fronte alle Grandi Onde di cambiamento del mondo. \u00c8 un dono di tanta Grazia e di grande Amore per l&#8217;umanit\u00e0.<\/p>\n<p>Qui le antiche Rivelazioni non possono prepararvi, perch\u00e9 non sono state concepite per questo. Non possono darvi forza, coraggio, saggezza e potere qui, perch\u00e9 non sono state concepite per questo.<\/p>\n<p>L&#8217;umanit\u00e0 \u00e8 arrivata a un nuovo punto di svolta, una grande soglia &#8211; la pi\u00f9 grande soglia che ogni razza intelligente dovr\u00e0 affrontare nell&#8217;universo \u2013 ora che deve affrontare il declino ambientale in casa propria e l&#8217;Intromissione dall&#8217;esterno.<\/p>\n<p>C&#8217;\u00e8 cos\u00ec tanto da imparare qui. Ci sono cos\u00ec tante domande che dovrete porre, e alla maggior parte di loro pu\u00f2 essere data risposta attraverso la Rivelazione di Dio per il mondo. Perch\u00e9 Dio \u00e8 qui per preparare l&#8217;umanit\u00e0 a questa Comunit\u00e0 Pi\u00f9 Grande. Dio \u00e8 qui per promuovere la libert\u00e0 e l&#8217;unit\u00e0 dell&#8217;umanit\u00e0 in questo mondo. Dio \u00e8 qui per fornire ci\u00f2 di cui l&#8217;umanit\u00e0 avr\u00e0 bisogno per mantenere la sua sovranit\u00e0 e per costruire un futuro, un futuro migliore del suo passato.<\/p>\n<p>Ma per avere questo futuro, dovrete affrontare queste due grandi sfide per la famiglia umana. Sono pi\u00f9 grandi di quanto sia mai successo nel mondo prima d&#8217;ora. Non \u00e8 un problema che possono affrontare solo i leader di governo. Richieder\u00e0 il sostegno e la consapevolezza dei cittadini di tutto il mondo.<\/p>\n<p>Ma l&#8217;ora \u00e8 tarda, e solo ora le Grandi Onde di cambiamento che arrivano al mondo cominciano a diventare evidenti a un numero sempre maggiore di persone. Solo ora la realt\u00e0 nascosta dell&#8217;Intromissione sta cominciando ad essere riconosciuta da un numero sufficiente di persone affinch\u00e9 questa Rivelazione possa essere riconosciuta e compresa.<\/p>\n<p>Eppure l&#8217;ora \u00e8 tarda. L&#8217;umanit\u00e0 non ha molto tempo per prepararsi. Ogni anno \u00e8 significativo. Ogni vita \u00e8 importante. Ogni persona ha uno scopo e un significato, perch\u00e9 tutti voi siete venuti ad affrontare il mondo ed a servirlo proprio in queste condizioni di cui oggi parliamo in questa sede.<\/p>\n<p>Combatterete una battaglia su due fronti: uno per preservare il mondo e per compensare i danni che sono gi\u00e0 stati fatti alla stabilit\u00e0 di questo mondo; e l\u2019altro, per mandare via l\u2019Intromissione, rendendo pubbliche tutte le sue manifestazioni nel mondo.<\/p>\n<p>Non \u00e8 una battaglia tra eserciti. \u00c8 una battaglia di volont\u00e0 e di scopo; una battaglia di determinazione; una battaglia di consapevolezza, di chiarezza e di obiettivit\u00e0 contro le forze opposte che hanno gi\u00e0 preparato l&#8217;Intromissione qui. Loro sanno molto di pi\u00f9 riguardo a voi di quello che voi sapete di loro.<\/p>\n<p>Qui abbastanza persone devono diventare forti e resistenti nei confronti di questo se l&#8217;umanit\u00e0 vuole conservare la sua libert\u00e0 nel futuro. Pertanto, state entrando in una grande era di unit\u00e0 e cooperazione. Questa \u00e8 la prossima grande opera della famiglia umana: preservare il mondo e proteggerne la libert\u00e0 dall&#8217;Intromissione e dalla persuasione straniera.<\/p>\n<p>Non accettate doni dall&#8217;Intromissione, perch\u00e9 sono solo qui per sedurvi. Non accettate promesse di pace, di potere e di equanimit\u00e0 o di compimento spirituale, perch\u00e9 tali promesse sono vuote e sono qui solo per sedurvi. Non accettate e pensate che l&#8217;umanit\u00e0 sia senza speranza senza questa Intromissione, perch\u00e9 questo non \u00e8 vero, e questo servir\u00e0 solo a coloro che vi oppongono e che vi tolgono tutto quello che avete. Non pensate che l&#8217;umanit\u00e0 non possa salvaguardarsi qui, perch\u00e9 essa ha molti vantaggi nell&#8217;universo di cui \u00e8 inconsapevole.<\/p>\n<p>La Rivelazione di Dio rivela per la prima volta che cosa essi sono. \u00c8 importante che voi ne siate a conoscenza. \u00c8 importante che non vi perdiate d&#8217;animo, che non diventiate indeboliti e cinici, che non pensiate di non poter fare nulla, perch\u00e9 questa \u00e8 la persuasione dell&#8217;Intromissione.<\/p>\n<p>Dovete vedere queste cose ora e dovete saperle se volete capire cosa sta realmente accadendo nel mondo di oggi, la grande minaccia che incombe sulla famiglia umana e la grande possibilit\u00e0 e speranza che ci\u00f2 offre al fatto di stabilire finalmente l&#8217;unit\u00e0 e la cooperazione umana, delle cose che possono essere stabilite solo di fronte a grandi difficolt\u00e0 ed a una grande sfida.<\/p>\n<p>Qui ogni persona deve partecipare. Ogni persona deve diventare consapevole in una certa misura. Ogni persona deve rendersi conto che non \u00e8 a rischio la sicurezza nazionale. \u00c8 la sicurezza del mondo intero.<\/p>\n<p>Non potete permettere che le nazioni falliscano e crollino ora, o che cadano sotto la persuasione dell&#8217;Intromissione, perch\u00e9 questo genererebbe sicuramente una grande guerra e un grande conflitto in tutto il mondo. \u00c8 infatti nell&#8217;interesse dell&#8217;Intromissione che l&#8217;umanit\u00e0 si batta, si sconfigga e si riduca. Loro non vi combatteranno direttamente in questo modo.<\/p>\n<p>Sono astuti. Lo hanno fatto innumerevoli volte in passato, ma non sempre con successo. Perch\u00e9 le razze che resistono possono avere la meglio. Le razze che si renderanno conto della loro grande sfida prevarranno. Le nazioni che apprezzano il loro mondo, riconoscendo il pericolo che incombe su di loro, loro prevarranno.<\/p>\n<p>Qui le vostre forze superiori saranno evocate da voi. Qui la vostra debolezza e i vostri vizi stupidi e le vostre patetiche autocritiche possono essere evitate perch\u00e9 siete chiamati a un servizio pi\u00f9 grande, a un bisogno pi\u00f9 grande ed a una maggiore unit\u00e0 nella famiglia umana.<\/p>\n<p>Cos&#8217;altro potrebbe superare l&#8217;animosit\u00e0 secolare tra nazioni, culture e religioni, se non una minaccia pi\u00f9 grande che sembra travolgere tutti e minacciare tutti allo stesso modo?<\/p>\n<p>C&#8217;\u00e8 redenzione qui se la vedete, se la concepite, se avete il cuore e il coraggio di affrontarla e di imparare cosa significa veramente e come l&#8217;umanit\u00e0 pu\u00f2 prevalere, sia all&#8217;interno di questo mondo che nei confronti dell&#8217;Intromissione dall&#8217;esterno.<\/p>\n<p>\u00c8 una sfida che pu\u00f2 restituire alla famiglia umana un futuro pi\u00f9 grande, di unit\u00e0, di scopo e di potere, che \u00e8 ben al di l\u00e0 di tutto ci\u00f2 che essa \u00e8 mai stata in grado di stabilire prima.<\/p>\n<p>La Nuova Rivelazione di Dio per il mondo porta l&#8217;avvertimento, la benedizione e la preparazione. \u00c8 pi\u00f9 completa di qualsiasi altra cosa che sia mai stata data a questo mondo, parlando ora a un mondo letterato, un mondo di commercio globale e di comunicazione.<\/p>\n<p>\u00c8 l&#8217;unica cosa al mondo che pu\u00f2 salvare la famiglia umana, perch\u00e9 rivela il grande pericolo che si sta verificando, dall&#8217;interno e dall&#8217;esterno. E solo essa pu\u00f2 fornire la saggezza necessaria per superare queste grandi sfide e per restituire ad ogni individuo e all&#8217;umanit\u00e0 intera la forza, il potere e lo scopo che sono il suo diritto di nascita e la sua promessa.<\/p>\n","protected":false},"excerpt":{"rendered":"<p>The human family does not realize its vulnerability to this Greater Community or its relationship with this Greater Community.<\/p>\n<p>Living in isolation for so very long, your whole notion of yourself, your notion of Creation and the Divine, are very much associated with this one world alone. Yet so many people in the world today have roots in the Greater Community, for much of their previous experience occurred there before coming into this world, in this life.<\/p>\n","protected":false},"author":8,"featured_media":0,"parent":16486,"menu_order":0,"comment_status":"closed","ping_status":"closed","template":"template-leftsidebar.php","meta":{"_monsterinsights_skip_tracking":false,"_monsterinsights_sitenote_active":false,"_monsterinsights_sitenote_note":"","_monsterinsights_sitenote_category":0,"footnotes":""},"categories":[110,118,76,30,464,460],"tags":[749,740,745,750,902,743,748,741,746,744,747,903,742],"_links":{"self":[{"href":"https:\/\/www.v6.newmessage.org\/it\/wp-json\/wp\/v2\/pages\/28420"}],"collection":[{"href":"https:\/\/www.v6.newmessage.org\/it\/wp-json\/wp\/v2\/pages"}],"about":[{"href":"https:\/\/www.v6.newmessage.org\/it\/wp-json\/wp\/v2\/types\/page"}],"author":[{"embeddable":true,"href":"https:\/\/www.v6.newmessage.org\/it\/wp-json\/wp\/v2\/users\/8"}],"replies":[{"embeddable":true,"href":"https:\/\/www.v6.newmessage.org\/it\/wp-json\/wp\/v2\/comments?post=28420"}],"version-history":[{"count":1,"href":"https:\/\/www.v6.newmessage.org\/it\/wp-json\/wp\/v2\/pages\/28420\/revisions"}],"predecessor-version":[{"id":28422,"href":"https:\/\/www.v6.newmessage.org\/it\/wp-json\/wp\/v2\/pages\/28420\/revisions\/28422"}],"up":[{"embeddable":true,"href":"https:\/\/www.v6.newmessage.org\/it\/wp-json\/wp\/v2\/pages\/16486"}],"wp:attachment":[{"href":"https:\/\/www.v6.newmessage.org\/it\/wp-json\/wp\/v2\/media?parent=28420"}],"wp:term":[{"taxonomy":"category","embeddable":true,"href":"https:\/\/www.v6.newmessage.org\/it\/wp-json\/wp\/v2\/categories?post=28420"},{"taxonomy":"post_tag","embeddable":true,"href":"https:\/\/www.v6.newmessage.org\/it\/wp-json\/wp\/v2\/tags?post=28420"}],"curies":[{"name":"wp","href":"https:\/\/api.w.org\/{rel}","templated":true}]}}