{"id":28068,"date":"2017-11-11T06:08:58","date_gmt":"2017-11-11T06:08:58","guid":{"rendered":"http:\/\/www.newmessage.org\/it\/?page_id=28068"},"modified":"2017-11-11T06:08:58","modified_gmt":"2017-11-11T06:08:58","slug":"parla-il-messaggero","status":"publish","type":"page","link":"https:\/\/www.v6.newmessage.org\/it\/il-messaggero\/parla-il-messaggero","title":{"rendered":"Parla il Messaggero"},"content":{"rendered":"<div class=\"\">\n<div class=\"\"><img decoding=\"async\" class=\"size-medium wp-image-31200 imgborder alignright\" src=\"https:\/\/www.newmessage.org\/wp-content\/uploads\/2016\/12\/MVS-Kuala-Lumpur-small-300x222.jpg\" alt=\"\" \/><i><\/i><\/div>\n<p>Il Messaggero di Dio <a href=\"https:\/\/www.newmessage.org\/it\/il-messaggero\/chi-e-marshall-vian-summers\">Marshall Vian Summers<\/a> \u00e8 nel mondo e vi sta parlando.<\/div>\n<div class=\"\">\n<p>Sta offrendo i suoi insegnamenti, le sue preghiere e il suo messaggio globale per tutta l\u2019umanit\u00e0.<\/p>\n<p>Qui di seguito troverete i suoi messaggi per voi e per tutte le genti di ogni tradizione di fede, ogni nazione e cultura intorno al mondo.<\/p>\n<\/div>\n<p>&nbsp;<\/p>\n<div class=\"\"><div class=\"clearfix filters\">\t\t    <ul>\n\t\t\t<li><a href=\"#\" class=\"selected\">All<\/a><\/li>\n\t\t\t\t<li class=\"cat-item cat-item-583\"><a href=\"https:\/\/www.v6.newmessage.org\/it\/th_gallery_cat\/interviews\">Interviste<\/a>\n<\/li>\n\t<li class=\"cat-item cat-item-580\"><a href=\"https:\/\/www.v6.newmessage.org\/it\/th_gallery_cat\/global-messages\">Messaggi Globali<\/a>\n<\/li>\n\t<li class=\"cat-item cat-item-581\"><a href=\"https:\/\/www.v6.newmessage.org\/it\/th_gallery_cat\/prayers\">Preghiere<\/a>\n<\/li>\n\t<li class=\"cat-item cat-item-582\"><a href=\"https:\/\/www.v6.newmessage.org\/it\/th_gallery_cat\/teachings\">Teachings<\/a>\n<\/li>\n\t\t    <\/ul>\n\t\t<\/div>\n\t    \n\t    <div class=\"row\">\n\t        <div class=\"gallery_wrap\">\n    \n\t\t\t\t    <article class=\" cat-item-582 cat-item-579 gallery_listing grid_8 post-28559 th_galleries type-th_galleries status-publish hentry th_galleries_cat-teachings th_galleries_cat-the-messenger-speaks\" id=\"post-28559\">\n\t\t\t\t\t\t\t\t\t\t<div class=\"postcontent  clearfix\">\n\t\t\t\t\t    <h2 class=\"entry-title\"><a href=\"https:\/\/www.v6.newmessage.org\/it\/th_gallery\/avvicinarsi-al-proprio-destino\" >Avvicinarsi al Proprio Scopo e Destino<\/a><\/h2>\n\t\t\t\t\t    <div class=\"entry-content\">\n\t\t\t\t\t\tVedete, ci sono insegnamenti spirituali l\u00e0 fuori nel mondo che mettono al centro il vivere il momento come un modo per fuggire da ansia paura e rimpianto...vivere il momento come una rana nello stagno o un fiore di campo. Sai che vivr\u00e0 solo ...\t\t\t\t\t    <\/div>\n\t\t\t\t\t    \t\t\t\t\t    <div class=\"buttons\">\n\t\t\t\t\t\t    \t\t\t\t\t\t    \t\t\t\t\t\t\t<a href=\"https:\/\/www.v6.newmessage.org\/it\/th_gallery\/avvicinarsi-al-proprio-destino\" class=\"simple_button_black clearfix\" >more info<\/a>\n\t\t\t\t\t\t    \t\t\t\t\t    <\/div>\n\t\t\t\t\t    \t\t\t\t\t<\/div>\n\t\t\t\t    <\/article>\n\n\t\t\t\t    \n\t\t\t\t    <article class=\" cat-item-582 cat-item-579 gallery_listing grid_8 post-28558 th_galleries type-th_galleries status-publish hentry th_galleries_cat-teachings th_galleries_cat-the-messenger-speaks\" id=\"post-28558\">\n\t\t\t\t\t\t\t\t\t\t<div class=\"postcontent  clearfix\">\n\t\t\t\t\t    <h2 class=\"entry-title\"><a href=\"https:\/\/www.v6.newmessage.org\/it\/th_gallery\/mantenere-viva-la-conoscenza\" >Mantenere viva La Conoscenza nel Mondo<\/a><\/h2>\n\t\t\t\t\t    <div class=\"entry-content\">\n\t\t\t\t\t\tNon ti si chiede di cambiare il mondo. Ti si chiede di fare le cose che ti sono richieste. Il tuo compito \u00e8 intraprendere il prossimo passo o i passi che intuisci essere davanti a te.\r\nE in verit\u00e0 non sappiamo neppure se possiamo salvare la ...\t\t\t\t\t    <\/div>\n\t\t\t\t\t    \t\t\t\t\t    <div class=\"buttons\">\n\t\t\t\t\t\t    \t\t\t\t\t\t    \t\t\t\t\t\t\t<a href=\"https:\/\/www.v6.newmessage.org\/it\/th_gallery\/mantenere-viva-la-conoscenza\" class=\"simple_button_black clearfix\" >more info<\/a>\n\t\t\t\t\t\t    \t\t\t\t\t    <\/div>\n\t\t\t\t\t    \t\t\t\t\t<\/div>\n\t\t\t\t    <\/article>\n\n\t\t\t\t    \n\t\t\t\t    <article class=\" cat-item-580 cat-item-579 gallery_listing grid_8 post-28451 th_galleries type-th_galleries status-publish hentry th_galleries_cat-global-messages th_galleries_cat-the-messenger-speaks\" id=\"post-28451\">\n\t\t\t\t\t\t\t\t\t\t<div class=\"postcontent  clearfix\">\n\t\t\t\t\t    <h2 class=\"entry-title\"><a href=\"https:\/\/www.v6.newmessage.org\/it\/th_gallery\/limportanza-di-trovare-le-tue-persone-il-tuo-posto-e-il-tuo-scopo\" >L&#8217;Importanza di Trovare le Tue Persone, il Tuo Posto e il Tuo Scopo<\/a><\/h2>\n\t\t\t\t\t    <div class=\"entry-content\">\n\t\t\t\t\t\tL&#8217;Importanza di Trovare le Tue Persone, il Tuo Posto e il Tuo Scopo Dove devi andare nella vita e il tuo senso di direzione sono i veri criteri per sapere dove \u00e8 necessario che tu sia fisicamente. Non si tratta della bellezza di un luo...\t\t\t\t\t    <\/div>\n\t\t\t\t\t    \t\t\t\t\t    <div class=\"buttons\">\n\t\t\t\t\t\t    \t\t\t\t\t\t    \t\t\t\t\t\t\t<a href=\"https:\/\/www.v6.newmessage.org\/it\/th_gallery\/limportanza-di-trovare-le-tue-persone-il-tuo-posto-e-il-tuo-scopo\" class=\"simple_button_black clearfix\" >more info<\/a>\n\t\t\t\t\t\t    \t\t\t\t\t    <\/div>\n\t\t\t\t\t    \t\t\t\t\t<\/div>\n\t\t\t\t    <\/article>\n\n\t\t\t\t    \n\t\t\t\t    <article class=\" cat-item-580 cat-item-579 gallery_listing grid_8 post-28083 th_galleries type-th_galleries status-publish hentry th_galleries_cat-global-messages th_galleries_cat-the-messenger-speaks\" id=\"post-28083\">\n\t\t\t\t\t\t\t\t\t\t<div class=\"postcontent  clearfix\">\n\t\t\t\t\t    <h2 class=\"entry-title\"><a href=\"https:\/\/www.v6.newmessage.org\/it\/th_gallery\/la-giungla\" >La Giungla<\/a><\/h2>\n\t\t\t\t\t    <div class=\"entry-content\">\n\t\t\t\t\t\tLa grande citt\u00e0 \u00e8 spesso rappresentata come una giungla, una giungla di asfalto. Ma c\u2019\u00e8 un\u2019altra giungla che \u00e8 molto pi\u00f9 importante per te. Quella \u00e8 una giungla dentro di te\u2014una giungla di influenze, persuasioni, decisioni e rammarichi, una ...\t\t\t\t\t    <\/div>\n\t\t\t\t\t    \t\t\t\t\t    <div class=\"buttons\">\n\t\t\t\t\t\t    \t\t\t\t\t\t    \t\t\t\t\t\t\t<a href=\"https:\/\/www.v6.newmessage.org\/it\/th_gallery\/la-giungla\" class=\"simple_button_black clearfix\" >more info<\/a>\n\t\t\t\t\t\t    \t\t\t\t\t    <\/div>\n\t\t\t\t\t    \t\t\t\t\t<\/div>\n\t\t\t\t    <\/article>\n\n\t\t\t\t    \n\t\t\t\t    <article class=\" cat-item-580 cat-item-579 gallery_listing grid_8 post-28074 th_galleries type-th_galleries status-publish hentry th_galleries_cat-global-messages th_galleries_cat-the-messenger-speaks\" id=\"post-28074\">\n\t\t\t\t\t\t\t\t\t\t<div class=\"postcontent  clearfix\">\n\t\t\t\t\t    <h2 class=\"entry-title\"><a href=\"https:\/\/www.v6.newmessage.org\/it\/th_gallery\/il-ponte-verso-lintelligenza-superiore\" >Il Ponte verso l\u2019Intelligenza Superiore<\/a><\/h2>\n\t\t\t\t\t    <div class=\"entry-content\">\n\t\t\t\t\t\tC\u2019\u00e8 un\u2019Intelligenza superiore che vive dentro di te, un\u2019intelligenza che non \u00e8 il prodotto della tua istruzione formale, o di studi religiosi, oppure delle influenze della tua famiglia e dei tuoi amici. \u00c8 un\u2019Intelligenza superiore che vive i...\t\t\t\t\t    <\/div>\n\t\t\t\t\t    \t\t\t\t\t    <div class=\"buttons\">\n\t\t\t\t\t\t    \t\t\t\t\t\t    \t\t\t\t\t\t\t<a href=\"https:\/\/www.v6.newmessage.org\/it\/th_gallery\/il-ponte-verso-lintelligenza-superiore\" class=\"simple_button_black clearfix\" >more info<\/a>\n\t\t\t\t\t\t    \t\t\t\t\t    <\/div>\n\t\t\t\t\t    \t\t\t\t\t<\/div>\n\t\t\t\t    <\/article>\n\n\t\t\t\t    \n\t\t\t\t    <article class=\" cat-item-580 cat-item-579 gallery_listing grid_8 post-28082 th_galleries type-th_galleries status-publish hentry th_galleries_cat-global-messages th_galleries_cat-the-messenger-speaks\" id=\"post-28082\">\n\t\t\t\t\t\t\t\t\t\t<div class=\"postcontent  clearfix\">\n\t\t\t\t\t    <h2 class=\"entry-title\"><a href=\"https:\/\/www.v6.newmessage.org\/it\/th_gallery\/la-profonda-esperienza-di-dio-ascoltate-le-parole-del-profeta\" >La Profonda Esperienza di Dio &#8211; Ascoltate le Parole del Profeta<\/a><\/h2>\n\t\t\t\t\t    <div class=\"entry-content\">\n\t\t\t\t\t\tMentre il mondo diventa sempre pi\u00f9 caotico, \u00e8 il momento di rientrare, per ascoltare profondamente la potenza che vive dentro di te. Una potenza e una presenza che \u00e8 pi\u00f9 grande del tuo intelletto, pi\u00f9 grande della tua mente. Essa abita nel p...\t\t\t\t\t    <\/div>\n\t\t\t\t\t    \t\t\t\t\t    <div class=\"buttons\">\n\t\t\t\t\t\t    \t\t\t\t\t\t    \t\t\t\t\t\t\t<a href=\"https:\/\/www.v6.newmessage.org\/it\/th_gallery\/la-profonda-esperienza-di-dio-ascoltate-le-parole-del-profeta\" class=\"simple_button_black clearfix\" >more info<\/a>\n\t\t\t\t\t\t    \t\t\t\t\t    <\/div>\n\t\t\t\t\t    \t\t\t\t\t<\/div>\n\t\t\t\t    <\/article>\n\n\t\t\t\t    \n\t\t\t\t    <article class=\" cat-item-580 cat-item-579 gallery_listing grid_8 post-28081 th_galleries type-th_galleries status-publish hentry th_galleries_cat-global-messages th_galleries_cat-the-messenger-speaks\" id=\"post-28081\">\n\t\t\t\t\t\t\t\t\t\t<div class=\"postcontent  clearfix\">\n\t\t\t\t\t    <h2 class=\"entry-title\"><a href=\"https:\/\/www.v6.newmessage.org\/it\/th_gallery\/ricevi-questo-dono-da-dio-un-messaggio-urgente-per-lumanita-da-marshall-vian-summers\" >Ricevi questo Dono da Dio &#8211; Un Messaggio Urgente per l&#8217;Umanit\u00e0 da Marshall Vian Summers<\/a><\/h2>\n\t\t\t\t\t    <div class=\"entry-content\">\n\t\t\t\t\t\tLa Nuova Rivelazione di Dio parla di uno Scopo Superiore che ogni persona porta con s\u00e9, parla di come verr\u00e0 avviato questo Scopo, evocato dall'interno di ognuno e di come la Rivelazione di questo Scopo, che \u00e8 una rivelazione personale, porte...\t\t\t\t\t    <\/div>\n\t\t\t\t\t    \t\t\t\t\t    <div class=\"buttons\">\n\t\t\t\t\t\t    \t\t\t\t\t\t    \t\t\t\t\t\t\t<a href=\"https:\/\/www.v6.newmessage.org\/it\/th_gallery\/ricevi-questo-dono-da-dio-un-messaggio-urgente-per-lumanita-da-marshall-vian-summers\" class=\"simple_button_black clearfix\" >more info<\/a>\n\t\t\t\t\t\t    \t\t\t\t\t    <\/div>\n\t\t\t\t\t    \t\t\t\t\t<\/div>\n\t\t\t\t    <\/article>\n\n\t\t\t\t    \n\t\t\t\t    <article class=\" cat-item-581 cat-item-579 gallery_listing grid_8 post-28079 th_galleries type-th_galleries status-publish hentry th_galleries_cat-prayers th_galleries_cat-the-messenger-speaks\" id=\"post-28079\">\n\t\t\t\t\t\t\t\t\t\t<div class=\"postcontent  clearfix\">\n\t\t\t\t\t    <h2 class=\"entry-title\"><a href=\"https:\/\/www.v6.newmessage.org\/it\/th_gallery\/la-benedizione-della-tua-vita\" >La Benedizione della Tua Vita<\/a><\/h2>\n\t\t\t\t\t    <div class=\"entry-content\">\n\t\t\t\t\t\tChe questo tempo possa essere la benedizione per te, perch\u00e9 la Presenza \u00e8 con te e se la presenza \u00e8 con te, vuol dire che sta chiamando te. Perch\u00e9 la Presenza non ha altro motivo di essere con te, se non per chiamarti, \"Perch\u00e9 verremmo a te,...\t\t\t\t\t    <\/div>\n\t\t\t\t\t    \t\t\t\t\t    <div class=\"buttons\">\n\t\t\t\t\t\t    \t\t\t\t\t\t    \t\t\t\t\t\t\t<a href=\"https:\/\/www.v6.newmessage.org\/it\/th_gallery\/la-benedizione-della-tua-vita\" class=\"simple_button_black clearfix\" >more info<\/a>\n\t\t\t\t\t\t    \t\t\t\t\t    <\/div>\n\t\t\t\t\t    \t\t\t\t\t<\/div>\n\t\t\t\t    <\/article>\n\n\t\t\t\t    \n\t\t\t\t    <article class=\" cat-item-580 cat-item-579 gallery_listing grid_8 post-28078 th_galleries type-th_galleries status-publish hentry th_galleries_cat-global-messages th_galleries_cat-the-messenger-speaks\" id=\"post-28078\">\n\t\t\t\t\t\t\t\t\t\t<div class=\"postcontent  clearfix\">\n\t\t\t\t\t    <h2 class=\"entry-title\"><a href=\"https:\/\/www.v6.newmessage.org\/it\/th_gallery\/intraprendi-il-viaggio-del-potere-dello-spirito-parla-un-profeta-di-dio\" >Intraprendi il viaggio del potere dello Spirito &#8211; Parla un Profeta di Dio<\/a><\/h2>\n\t\t\t\t\t    <div class=\"entry-content\">\n\t\t\t\t\t\tIl Creatore di tutta la vita ti ha dato una mente pi\u00f9 profonda: la mente che conosce; la mente che \u00e8 senza paura, la mente che \u00e8 limpida e misericordiosa; la mente che non vacilla nel suo impegno per la verit\u00e0 e nel compimento della missione...\t\t\t\t\t    <\/div>\n\t\t\t\t\t    \t\t\t\t\t    <div class=\"buttons\">\n\t\t\t\t\t\t    \t\t\t\t\t\t    \t\t\t\t\t\t\t<a href=\"https:\/\/www.v6.newmessage.org\/it\/th_gallery\/intraprendi-il-viaggio-del-potere-dello-spirito-parla-un-profeta-di-dio\" class=\"simple_button_black clearfix\" >more info<\/a>\n\t\t\t\t\t\t    \t\t\t\t\t    <\/div>\n\t\t\t\t\t    \t\t\t\t\t<\/div>\n\t\t\t\t    <\/article>\n\n\t\t\t\t    \n\t\t\t\t    <article class=\" cat-item-580 cat-item-579 gallery_listing grid_8 post-28077 th_galleries type-th_galleries status-publish hentry th_galleries_cat-global-messages th_galleries_cat-the-messenger-speaks\" id=\"post-28077\">\n\t\t\t\t\t\t\t\t\t\t<div class=\"postcontent  clearfix\">\n\t\t\t\t\t    <h2 class=\"entry-title\"><a href=\"https:\/\/www.v6.newmessage.org\/it\/th_gallery\/non-insegnare-la-religione-ai-figli\" >Non insegnare la religione ai figli<\/a><\/h2>\n\t\t\t\t\t    <div class=\"entry-content\">\n\t\t\t\t\t\tNon insegnare la religione ai figli - \u00c8 molto importante che consentiate alla mente dei vostri figli di svilupparsi in via naturale. \u00c8 molto importante che non insegniate ai vostri figli la fede o l\u2019ideologia religiosa. Non insegnategli a re...\t\t\t\t\t    <\/div>\n\t\t\t\t\t    \t\t\t\t\t    <div class=\"buttons\">\n\t\t\t\t\t\t    \t\t\t\t\t\t    \t\t\t\t\t\t\t<a href=\"https:\/\/www.v6.newmessage.org\/it\/th_gallery\/non-insegnare-la-religione-ai-figli\" class=\"simple_button_black clearfix\" >more info<\/a>\n\t\t\t\t\t\t    \t\t\t\t\t    <\/div>\n\t\t\t\t\t    \t\t\t\t\t<\/div>\n\t\t\t\t    <\/article>\n\n\t\t\t\t    \n\t\t\t\t    <article class=\" cat-item-581 cat-item-579 gallery_listing grid_8 post-28076 th_galleries type-th_galleries status-publish hentry th_galleries_cat-prayers th_galleries_cat-the-messenger-speaks\" id=\"post-28076\">\n\t\t\t\t\t\t\t\t\t\t<div class=\"postcontent  clearfix\">\n\t\t\t\t\t    <h2 class=\"entry-title\"><a href=\"https:\/\/www.v6.newmessage.org\/it\/th_gallery\/dio-non-ti-ha-mai-lasciato\" >Dio non ti ha mai lasciato<\/a><\/h2>\n\t\t\t\t\t    <div class=\"entry-content\">\n\t\t\t\t\t\tDio non ti ha mai lasciato - Dio ha messo una coscienza pi\u00f9 profonda dentro di te, una coscienza che sa cosa \u00e8 vero e cosa non \u00e8 vero, cosa \u00e8 bene e cosa non \u00e8 bene, dove devi andare e dove non devi andare, con chi ti devi unire, e con chi n...\t\t\t\t\t    <\/div>\n\t\t\t\t\t    \t\t\t\t\t    <div class=\"buttons\">\n\t\t\t\t\t\t    \t\t\t\t\t\t    \t\t\t\t\t\t\t<a href=\"https:\/\/www.v6.newmessage.org\/it\/th_gallery\/dio-non-ti-ha-mai-lasciato\" class=\"simple_button_black clearfix\" >more info<\/a>\n\t\t\t\t\t\t    \t\t\t\t\t    <\/div>\n\t\t\t\t\t    \t\t\t\t\t<\/div>\n\t\t\t\t    <\/article>\n\n\t\t\t\t    \n\t\t\t\t    <article class=\" cat-item-580 cat-item-579 gallery_listing grid_8 post-28075 th_galleries type-th_galleries status-publish hentry th_galleries_cat-global-messages th_galleries_cat-the-messenger-speaks\" id=\"post-28075\">\n\t\t\t\t\t\t\t\t\t\t<div class=\"postcontent  clearfix\">\n\t\t\t\t\t    <h2 class=\"entry-title\"><a href=\"https:\/\/www.v6.newmessage.org\/it\/th_gallery\/ce-una-bonta-piu-grande-nel-mondo\" >C\u2019\u00e8 una Bont\u00e0 Pi\u00f9 Grande nel mondo<\/a><\/h2>\n\t\t\t\t\t    <div class=\"entry-content\">\n\t\t\t\t\t\tC\u2019\u00e8 una Bont\u00e0 Pi\u00f9 Grande nel mondo, una Bont\u00e0 Pi\u00f9 Grande che vive dentro di te in attesa di essere scoperta. Questa Bont\u00e0 Pi\u00f9 Grande \u00e8 sempre presente. \u00c8 stata mantenuta viva in questo mondo attraverso il lavoro spirituale autentico di perso...\t\t\t\t\t    <\/div>\n\t\t\t\t\t    \t\t\t\t\t    <div class=\"buttons\">\n\t\t\t\t\t\t    \t\t\t\t\t\t    \t\t\t\t\t\t\t<a href=\"https:\/\/www.v6.newmessage.org\/it\/th_gallery\/ce-una-bonta-piu-grande-nel-mondo\" class=\"simple_button_black clearfix\" >more info<\/a>\n\t\t\t\t\t\t    \t\t\t\t\t    <\/div>\n\t\t\t\t\t    \t\t\t\t\t<\/div>\n\t\t\t\t    <\/article>\n\n\t\t\t\t    \n\t\t\t\t    <article class=\" cat-item-581 gallery_listing grid_8 post-22678 th_galleries type-th_galleries status-publish hentry th_galleries_cat-prayers\" id=\"post-22678\">\n\t\t\t\t\t\t\t\t\t\t<div class=\"postcontent  clearfix\">\n\t\t\t\t\t    <h2 class=\"entry-title\"><a href=\"https:\/\/www.v6.newmessage.org\/it\/th_gallery\/la-preghiera-del-messaggero\" >La Preghiera del Messaggero<\/a><\/h2>\n\t\t\t\t\t    <div class=\"entry-content\">\n\t\t\t\t\t\tIo prego che le mie preghiere possano avere potenza ed efficacia nel mondo e nell\u2019ambiente mentale intorno a me e nell\u2019ambiente mentale al di l\u00e0 della mia consapevolezza.\t\t\t\t\t    <\/div>\n\t\t\t\t\t    \t\t\t\t\t<\/div>\n\t\t\t\t    <\/article>\n\n\t\t\t\t    \n\t\t\t\t    <article class=\" cat-item-583 gallery_listing grid_8 post-22676 th_galleries type-th_galleries status-publish hentry th_galleries_cat-interviews\" id=\"post-22676\">\n\t\t\t\t\t\t\t\t\t\t<div class=\"postcontent  clearfix\">\n\t\t\t\t\t    <h2 class=\"entry-title\"><a href=\"https:\/\/www.v6.newmessage.org\/it\/th_gallery\/intervista-a-marshall-vian-summers-a-cura-di-kerry-cassidy-di-project-camelot\" >INTERVISTA A MARSHALL VIAN SUMMERS A CURA DI KERRY CASSIDY DI PROJECT CAMELOT<\/a><\/h2>\n\t\t\t\t\t    <div class=\"entry-content\">\n\t\t\t\t\t\tIl mio nome \u00e8 Marshall Vian Summers e sto presentando quello che ritengo sia un'importante comprensione, quella che io chiamo la consapevolezza della Pi\u00f9 Grande Comunit\u00e0, circa la gente della Terra e la nostra presenza in una Comunit\u00e0 Pi\u00f9 Gr...\t\t\t\t\t    <\/div>\n\t\t\t\t\t    \t\t\t\t\t<\/div>\n\t\t\t\t    <\/article>\n\n\t\t\t\t    \t        <\/div>\n\t\t\t    <\/div>\n\t    <\/div>\n<\/div>\n","protected":false},"excerpt":{"rendered":"<p>Il Messaggero di Dio Marshall Vian Summers \u00e8 nel mondo e vi sta parlando. Sta offrendo i suoi insegnamenti, le sue preghiere e il suo messaggio globale per tutta l\u2019umanit\u00e0. Qui di seguito troverete i suoi messaggi per voi e per tutte le genti di ogni tradizione di fede, ogni nazione e cultura intorno al\u2026 <a class=\"read-more\" href=\"https:\/\/www.v6.newmessage.org\/it\/th_gallery\/intervista-a-marshall-vian-summers-a-cura-di-kerry-cassidy-di-project-camelot\"><span>Read More<\/span><\/a><\/p>\n","protected":false},"author":8,"featured_media":0,"parent":14016,"menu_order":0,"comment_status":"closed","ping_status":"closed","template":"template-leftsidebar.php","meta":{"_monsterinsights_skip_tracking":false,"_monsterinsights_sitenote_active":false,"_monsterinsights_sitenote_note":"","_monsterinsights_sitenote_category":0,"footnotes":""},"categories":[496,81],"tags":[738,737],"_links":{"self":[{"href":"https:\/\/www.v6.newmessage.org\/it\/wp-json\/wp\/v2\/pages\/28068"}],"collection":[{"href":"https:\/\/www.v6.newmessage.org\/it\/wp-json\/wp\/v2\/pages"}],"about":[{"href":"https:\/\/www.v6.newmessage.org\/it\/wp-json\/wp\/v2\/types\/page"}],"author":[{"embeddable":true,"href":"https:\/\/www.v6.newmessage.org\/it\/wp-json\/wp\/v2\/users\/8"}],"replies":[{"embeddable":true,"href":"https:\/\/www.v6.newmessage.org\/it\/wp-json\/wp\/v2\/comments?post=28068"}],"version-history":[{"count":1,"href":"https:\/\/www.v6.newmessage.org\/it\/wp-json\/wp\/v2\/pages\/28068\/revisions"}],"predecessor-version":[{"id":28069,"href":"https:\/\/www.v6.newmessage.org\/it\/wp-json\/wp\/v2\/pages\/28068\/revisions\/28069"}],"up":[{"embeddable":true,"href":"https:\/\/www.v6.newmessage.org\/it\/wp-json\/wp\/v2\/pages\/14016"}],"wp:attachment":[{"href":"https:\/\/www.v6.newmessage.org\/it\/wp-json\/wp\/v2\/media?parent=28068"}],"wp:term":[{"taxonomy":"category","embeddable":true,"href":"https:\/\/www.v6.newmessage.org\/it\/wp-json\/wp\/v2\/categories?post=28068"},{"taxonomy":"post_tag","embeddable":true,"href":"https:\/\/www.v6.newmessage.org\/it\/wp-json\/wp\/v2\/tags?post=28068"}],"curies":[{"name":"wp","href":"https:\/\/api.w.org\/{rel}","templated":true}]}}