{"id":28007,"date":"2017-03-08T06:00:19","date_gmt":"2017-03-08T06:00:19","guid":{"rendered":"http:\/\/www.newmessage.org\/it\/?page_id=28007"},"modified":"2022-07-04T07:16:36","modified_gmt":"2022-07-04T07:16:36","slug":"la-potenza-e-la-presenza-di-dio-nel-mondo","status":"publish","type":"page","link":"https:\/\/www.v6.newmessage.org\/it\/il-messaggio\/volume-4\/la-nuova-esperienza-di-dio\/la-potenza-e-la-presenza-di-dio-nel-mondo","title":{"rendered":"La Potenza e la Presenza di Dio nel Mondo"},"content":{"rendered":"<div><!-- Version 3.2 Verse --><\/div>\n\n<div class=\"tabgroup \"><ul class=\"tabs\"><li><a href=\"#tabs-1\">Ascolta<\/a><\/li>\n<li><a href=\"#tabs-2\">Nota<\/a><\/li><\/ul>\n <div id=\"tabs-1\"><br \/>\nAscolta la Voce della Rivelazione Originale in Inglese:<\/p>\n<div id=\"jquery_jplayer_1\" class=\"jp-jplayer\"><\/div>\n\t\t\t\t<div id=\"jp_container_1\" class=\"jp-audio\">\n\t\t\t\t<div class=\"jp-type-single\"><div class=\"jp-control\"><a href=\"javascript:;\" class=\"jp-play\" tabindex=\"1\">play<\/a><a href=\"javascript:;\" class=\"jp-pause\" tabindex=\"1\">pause<\/a><\/div> <div class=\"jp-gui jp-interface\"><div class=\"jp-volume\"><div class=\"jp-volume-bar\"><div class=\"jp-volume-bar-value\"><\/div><\/div><\/div><div class=\"jp-progress\"><div class=\"jp-seek-bar\"><div class=\"jp-play-bar\"><\/div><\/div><\/div><\/div>\t\t\t\t\t<div class=\"jp-no-solution\"><span>Update Required<\/span>To play the media you will need to either update your browser to a recent version or update your <a href=\"http:\/\/get.adobe.com\/flashplayer\/\" target=\"_blank\">Flash plugin<\/a>.<\/div><\/div><\/div>\n\t\t\t<script type='text\/javascript'>\n\t\t\t\tjQuery(document).ready(function() {\n\t\t\t\t\tif (typeof (sermonMedia) == 'function') {\n\t\t\t\t\t\tsermonMedia.addAudio('', \"jquery_jplayer_1\");\n\t\t\t\t\t}\n\t\t\t\t\tjQuery.jPlayer.timeFormat.showHour = true;\n\t\t\t\t\tjQuery(\"#jquery_jplayer_1\").jPlayer({\n\t\t\t\t\t\tready: function(event) {\n\t\t\t\t\t\t\tjQuery(this).jPlayer(\"setMedia\", {mp3: 'https:\/\/www.newmessage.org\/av\/gods-power-and-presence-in-the-world.mp3'});\n\t\t\t\t\t\t},\n\t\t\t\t\t\tplay: function() {\n\t\t\t\t\t\t\tjQuery(this).jPlayer(\"pauseOthers\");\n\t\t\t\t\t\t},\n\t\t\t\t\t\tswfPath: ThemeData.directory_uri+\"\/swf\",\n\t\t\t\t\t\tsolution: \"html, flash\",\n\t\t\t\t\t\tpreload: \"metadata\",\n\t\t\t\t\t\twmode: \"window\",\n\t\t\t\t\t\tsupplied: \"mp3\",\n\t\t\t\t\t\tcssSelectorAncestor: '#jp_container_1'\n\t\t\t\t\t});\n\t\t\t\t});\n\t\t\t<\/script><\/p>\n<p><a title=\"God\u2019s Power and Presence in the World\" href=\"https:\/\/www.newmessage.org\/av\/gods-power-and-presence-in-the-world.mp3\">Download<\/a> (clicca tasto destro del mouse)<\/p>\n<p><em>Rivelato al Messaggero di Dio<br \/>\nMarshall Vian Summers<br \/>\nIl 23 Aprile 2011<br \/>\nin Boulder, Colorado<br \/>\n<\/em><\/p>\n<div class=\"toggle toggle-white\"><h4 class=\"trigger \"><span class=\"t_ico\"><\/span><a href=\"#\">Note riguardo a questa registrazione<\/a><\/h4><div class=\"toggle_container \"><br \/>\n<p>Quella che state sentendo in questa registrazione \u00e8 la voce della <u>Assemblea <\/u>Angelica che sta parlando tramite il <u>Messaggero <\/u>Marshall Vian Summers.<\/p>\n<p>Qua, la comunicazione originale di Dio, che esiste al di l\u00e0 delle parole, \u00e8 tradotta nel linguaggio e nella comprensione umana dall\u2019Assemblea Angelica che veglia sul mondo. Poi l\u2019Assemblea consegna il Messaggio di Dio tramite il Messaggero.<\/p>\n<p>In questo notevole processo, la Voce della Rivelazione sta parlando di nuovo. La Parola e il suono della Voce sono nel mondo. Per la prima volta nella storia, la registrazione dell\u2019originale rivelazione parlata \u00e8 disponibile affinch\u00e9 voi e il mondo la possiate sentire.<\/p>\n<p>Possiate voi essere i destinatari di questo dono di Rivelazione e possiate essere aperti a ricevere il suo Messaggio unico per voi e per la vostra vita.<\/p>\n<br \/>\n<\/div><\/div><br \/>\n<\/div>\n<div id=\"tabs-2\"><br \/>\n<em>Nota per il Lettore:<br \/>\nQuesta traduzione \u00e8 stata fornita a The Society da uno studente del Nuovo Messaggio che si \u00e8 offerto volontario per tradurre il testo originale in Inglese. Noi rendiamo questa traduzione disponibile al mondo in questa forma iniziale affinch\u00e9 le persone abbiano la possibilit\u00e0 di interagire con una porzione del Nuovo Messaggio nella propria lingua.<\/em><br \/>\n<\/div>\n\t\t\t\t<div align=\"right\">\n\t\t\t<div class=\"fb-like\" data-href=\"\" data-layout=\"button_count\" data-action=\"like\" data-show-faces=\"false\" data-share=\"false\"><\/div>\n\t\t\t<div class=\"fb-share-button\" data-layout=\"button_count\"> <\/div>\n\t\t\t<div class=\"fb_iframe_widget\"><a href=\"https:\/\/twitter.com\/godsnewmessage?ref_src=twsrc%5Etfw\" class=\"twitter-follow-button\" data-show-count=\"false\">Follow @godsnewmessage<\/a><script async src=\"https:\/\/platform.twitter.com\/widgets.js\" charset=\"utf-8\"><\/script><\/div>\n\t\t\t<\/div> <\/div> \n\n<p>Il riconoscimento deve essere basato su un\u2019esperienza profonda, il riconoscimento di una verit\u00e0 superiore, il riconoscimento di una Nuova Rivelazione. Questo riconoscimento avviene a un pi\u00f9 profondo livello della mente, al di l\u00e0 del regno e della portata dell\u2019intelletto, al di l\u00e0 del regno delle idee e delle fedi e delle cose alle quali la gente si attacca riguardo alla Presenza e la Potenza Divina nel mondo.<\/p>\n<p>Questa Potenza \u00e8 cos\u00ec formidabile, ma opera attraverso l\u2019individuo. Lavora da dentro verso fuori. \u00c8 cos\u00ec che Dio lavora nel mondo.<\/p>\n<p>La gente vuole dimostrazioni grandiose, ma la Presenza opera in modo diverso. Non fa un grande show di se stessa. Si rivolge al mondo interiore di una persona e si estende da persona a persona in questo modo.<\/p>\n<p>Qua l\u2019esperienza di riconoscimento non si basa sul fervore della fede di una persona, perch\u00e9 le persone stanno perennemente discutendo riguardo alle convinzioni e non si riescono mai veramente a congiungere a questo livello.<\/p>\n<p>La risonanza ha luogo al di l\u00e0 delle idee e della formulazione delle idee. Qua \u00e8 dove il vero impegno emerge. Qua \u00e8 dove il vero coraggio emerge. Qua \u00e8 dove la misericordia e l\u2019esperienza di Grazia emergono.<\/p>\n<p>La Potenza e la Presenza di Dio nel mondo sono dimostrate attraverso azioni altruistiche, attraverso il riconoscimento di una persona da parte di un\u2019altra persona, attraverso il dare altruistico e l\u2019impegno a dare, l\u2019impegno a servire, l\u2019impegno a contribuire\u2014al di l\u00e0 della propria edificazione e certamente al di l\u00e0 del proprio arricchimento.<\/p>\n<p>Da dove arriva questo incentivo? Qual \u00e8 la natura della vera bont\u00e0? Tutto viene dal mistero, dalla Potenza e Presenza di Dio nel mondo.<\/p>\n<p>La gente vuole dimostrazioni. Loro vogliono miracoli perch\u00e9 non stanno avendo l\u2019esperienza. Tutto questo \u00e8 la lotta della mente\u2014la mente di superficie, la mente terrena. \u201cDammi le prove che Dio \u00e8 reale! Dammi un miracolo! Dammi quello che voglio! Risolvi i miei problemi!\u201d<\/p>\n<p>La gente pensa in questo modo perch\u00e9 non sta avendo la vera esperienza, e se ha avuto la vera esperienza, non \u00e8 paziente. Non sta riconoscendo che l\u2019incontro con Dio \u00e8 intermittente e non continuo. Perch\u00e9 non vi \u00e8 consentito avere troppa esperienza del Divino altrimenti non sarete mai disposti a stare nel mondo ed a dare il vostro servizio in questo luogo.<\/p>\n<p>Non potete scappare verso Dio, perch\u00e9 siete stati mandati nel mondo per servire un mondo bisognoso. Per quello la Presenza non \u00e8 una forma di intossicazione. Non \u00e8 una grande fuga. Non \u00e8 ascendere lontano nell\u2019al di l\u00e0, per non tornare pi\u00f9. Perch\u00e9 dovrebbe Dio richiamarvi in Paradiso quando una grande fatica fu fatta per portarvi nel mondo?<\/p>\n<p>La gente vuole molte cose, ma se non sta avendo l\u2019esperienza profonda, allora sta solo trattando con le proprie idee. Sta dibattendo con le proprie idee. Sta cercando di capire l\u2019ineffabile con le proprie idee. Sta cercando di comprendere con le proprie idee. \u00c8 come chiedere alla tua mano di capire la tua mente. \u00c8 come chiedere a un infante di capire il mondo.<\/p>\n<p>La Potenza e la Presenza di Dio nel mondo sono di gran lunga al di l\u00e0 del calcolo e della valutazione umana.<\/p>\n<p>Vera fede e vera aderenza arrivano da un luogo pi\u00f9 profondo, proprio dall\u2019anima, proprio dal tuo cuore, dal centro del tuo Essere. Qua non sei separato dal Creatore. Ma sei separato dalla tua natura profonda, ed \u00e8 colmare questo divario, intraprendere i Passi verso La Conoscenza, la cosa che rappresenta il focus di tutta la vera pratica spirituale e l\u2019impresa religiosa.<\/p>\n<p>Le persone vogliono molte cose, ma pi\u00f9 di tutto a loro serve l\u2019esperienza profonda, la vera connessione, perch\u00e9 questo colma il bisogno dell\u2019anima e inizia a ri-stabilire vera integrit\u00e0 ed equilibrio dentro di te.<\/p>\n<p>Il lavoro di Dio \u00e8 dappertutto, ma chi lo riesce a vedere? La gente si ossessiona con l\u2019errore umano e la tragedia umana, protestando costantemente del mondo e sfogando la loro rabbia e frustrazione sugli altri. Dio \u00e8 con loro, ma loro stanno guardando in un\u2019altra direzione. La Presenza \u00e8 qua, ma la gente \u00e8 troppo indaffarata con altre cose per riconoscerla e per risponderle.<\/p>\n<p>Dio vi sta dando quello che vi serve, non quello che volete. Non basta cercare semplicemente di soddisfare i tuoi desideri di base, per quanto essenziali possano essere. La connessione deve avere luogo a un livello pi\u00f9 profondo.<\/p>\n<p>Se hai fame e stai morendo di denutrizione, allora devi soddisfare quella necessit\u00e0, e questa predominer\u00e0. Ma anche qua, la Presenza \u00e8 disponibile. Difatti, in queste circostanze pi\u00f9 atroci, potresti anche cercarla con maggior fervore e aderire a lei con maggiore dedizione. Qua i poveri sono spesso pi\u00f9 ricchi in spirito dei ricchi stessi, che hanno una grande agenda in competizione, che differisce dal loro scopo primario e da quella loro funzione per cui sono nel mondo.<\/p>\n<p>La Potenza e la Presenza di Dio sono cos\u00ec forti che sono in grado di stimolare una dedizione, un impegno e un\u2019integrit\u00e0 di gran lunga maggiori di quanto qualsiasi altra cosa possa mai evocare. Questo pu\u00f2 trasformare la vita di una persona, elevandola a un livello superiore di servizio e di chiarezza, facendo di loro una vera luce che splende in un mondo che si sta oscurando. Il potere della forza, la potenza della ricchezza, le attrazioni della bellezza e del fascino in definitiva non possono competere o confrontarsi a questo.<\/p>\n<p>La gente crede di capire la Volont\u00e0 del Creatore, ma a meno che non siano connessi alla Conoscenza profonda e all\u2019intelligenza che Dio ha messo dentro di loro, loro stanno solo seguendo le loro idee.<\/p>\n<p>Le persone si stanno uccidendo tra loro per le loro idee. Le persone stanno dimostrando crudelt\u00e0 per le loro idee. Non \u00e8 qua che interagisci con il Divino. Le tue idee cadranno nel posto giusto una volta che avrai un\u2019esperienza pi\u00f9 profonda. Ma devi consentire alle definizioni di essere aperte, perch\u00e9 una volta che inizi a prendere contatto con la potenza della Conoscenza dentro di te che Dio ha messo l\u00e0 per indirizzarti e per proteggerti, allora la tua vita inizier\u00e0 un processo di rinnovamento.<\/p>\n<p>Come puoi mai trarre conclusioni ed avere idee assolute quando la tua vita sta attraversando un fondamentale rinnovamento? Se sarai sincero, ti metterai in disparte e consentirai a ci\u00f2 di succedere anzich\u00e9 cercare di controllarlo per il tuo personale beneficio o per fortificare o sostanziare le tue convinzioni e le tue preferenze.<\/p>\n<p>Dio ha parlato di nuovo. Il Messaggero \u00e8 nel mondo. \u00c8 un grande test per l\u2019umanit\u00e0 in termini di chi sa vedere e chi sa rispondere.<\/p>\n<p>Qua vedrai cosa \u00e8 veramente importante. Non sar\u00e0 la brillantezza intellettuale. Non sar\u00e0 l\u2019eloquenza o la bellezza o il fascino oppure la forza della personalit\u00e0, perch\u00e9 la gente che possiede queste cose potrebbe essere l\u2019ultima a vedere e l\u2019ultima a sapere. Loro sono tutti vestiti con le ossessioni del mondo, e queste cose non li metteranno in grado di vedere. Quello avviene a un livello pi\u00f9 profondo.<\/p>\n<p>Questo \u00e8 il grande test. Qua \u00e8 dove nel tempo della Rivelazione si vede chi sa rispondere e la natura della sua risposta e la purezza e la chiarezza della sua risposta. Sotto la luce del Creatore, tutto l\u2019inganno \u00e8 rivelato e dimostrato. Le vere intenzioni della gente diventano evidenti. \u00c8 come il bagliore del fulmine sul paesaggio buio. Per un momento, tutto \u00e8 rivelato.<\/p>\n<p>Voi vedrete, di fronte alla Rivelazione, chi \u00e8 disponibile nei confronti della Potenza e la Presenza di Dio. Chi sa rispondere? Chi ha l\u2019umilt\u00e0, chi ha il coraggio di riconsiderare le sue precedenti idee e convinzioni? Chi \u00e8 disposto a sottoporsi al processo di rinnovamento che \u00e8 necessario al fine di portarsi a una pi\u00f9 grande e pi\u00f9 onesta e pi\u00f9 completa esperienza di vita ed esperienza di scopo?<\/p>\n<p>La gente giudicher\u00e0 il Nuovo Messaggio. Ma il Nuovo Messaggio sta rivelando le loro intenzioni. Sta dicendo tutto di loro. Il loro successo o fallimento nel rispondere dice tutto di loro e del livello in cui sono giunti a termini con la loro personale sofferenza, con i limiti delle loro idee, con la loro incapacit\u00e0 di discernere la vera direzione nella loro vita, la debolezza delle loro convinzioni e il livello in cui loro hanno compromesso se stessi per ottenere gli appoggi e l\u2019approvazione di altri.<\/p>\n<p>Se Dio parla di nuovo, chi sa rispondere? Se Dio mostra cose che non sono mai state mostrate prima, chi \u00e8 disposto a vedere questo? Se Dio sfida le fedi e le aspettative religiose, chi ha il coraggio e l\u2019umilt\u00e0 di essere preparato a ricevere questo? Se Dio ti chiama a un servizio ed a una posizione superiore nella vita, chi \u00e8 disposto a sottoporsi a questo processo di cambiamento, un processo che non puoi controllare e non puoi neanche veramente capire? Chi \u00e8 disposto e capace di fare questo? Questo \u00e8 il vero test di preparazione e di integrit\u00e0, onest\u00e0 ed apertura.<\/p>\n<p>Il Nuovo Messaggio \u00e8 interamente onesto, e ti chiede di essere interamente onesto\u2014un livello di onest\u00e0 che la maggior parte della gente neanche considera. Essere veri con se stessi, essere reattivi verso la propria natura profonda, guardare al di l\u00e0 delle proprie paure e convinzioni e preferenze, ascoltare per sentire una voce superiore, per sentire la potenza della Conoscenza che Dio ha messo dentro di te. La Conoscenza risponder\u00e0, ovviamente, perch\u00e9 sta rispondendo alla propria Fonte.<\/p>\n<p>Non tutti sono pronti a ricevere la Nuova Rivelazione. Dio questo lo sa e qua non vi \u00e8 condanna. Ma \u00e8 la falsit\u00e0 delle posizioni e delle supposizioni della gente riguardo a s\u00e9 che sar\u00e0 rivelata in questo processo. Quelli che hanno orgoglio intellettuale, quelli che si credono intelligenti e ingegnosi, quelli che credono di saper discernere tutto, quelli che pensano di sapere la verit\u00e0, quelli che pensano di sapere cosa sia l\u2019onest\u00e0\u2014questa \u00e8 l\u2019ipocrisia che sar\u00e0 rivelata nella luce della Potenza e della Presenza di Dio nel mondo.<\/p>\n<p>In ogni grande tempo di Rivelazione, distribuito intermittentemente nel corso della storia umana, quanti hanno fallito nel riconoscere la significanza dell\u2019evento che stava avendo luogo nelle loro vite, nel loro tempo? E se hanno avuto la grande opportunit\u00e0 di testimoniare o di riconoscere il Messaggero di quel tempo o quell\u2019era, hanno visto solo un\u2019altra persona o hanno riconosciuto la potenza del Messaggero e la Grazia che accompagnava il Messaggero?<\/p>\n<p>La gente vuole che il Messaggero sia una persona super\u2014potente, magnifico, immacolato, assolutamente puro, educato, in linea con le aspettative umane. Ma il Messaggero \u00e8 un essere umano ed \u00e8 sempre fallibile. Il Messaggio e la Presenza che accompagna il Messaggero fanno tutta la differenza.<\/p>\n<p>Ges\u00f9 ha commesso errori. Mohammed ha commesso errori. Il Buddha ha commesso errori. Tutti i grandi leader che li hanno seguiti, e tutti i grandi maestri in altre tradizioni, tutti hanno commesso errori. Vivere nella Separazione significa fare errori. Entrare in un mondo di Separazione significa che farai errori. Se i Messaggeri consegnano il Messaggio e non si elevano a una posizione divina, allora hanno conseguito il loro traguardo.<\/p>\n<p>Il test adesso sta di fronte a te. La Nuova Rivelazione sta di fronte a te. Ha incrociato il tuo cammino. Cosa ne farai? Come risponderai? Cosa farai? Il pi\u00f9 grande evento della tua vita\u2014sarai presente per questo? Oppure \u00e8 questo solo un altro evento tra altri eventi ai quali non sai veramente rispondere?<\/p>\n<p>\u00c8 una sfida. \u00c8 una sfida leale. \u00c8 una sfida onesta. Ed \u00e8 pi\u00f9 di una sfida. \u00c8 per te un dono e un appello e un\u2019opportunit\u00e0. La sfida fa solo parte dell\u2019interazione. Non \u00e8 Dio che trova piacere a sfidarti. Fa solo parte dell\u2019opportunit\u00e0 di impegnarti con la Fonte della tua vita, cos\u00ec come si presenta in forma pura e incorrotta.<\/p>\n<p>Come farai a vedere il Messaggero? Riesci a sentirlo? Riesci ad essere nella calma?<br \/>\nRiesci a mettere da parte le reazioni e i giudizi ed a prendere il tempo, qualunque sia il tempo necessario, per considerare questo individuo e il grande fardello che lui porta e l\u2019enorme sfida di fronte a lui? Quella \u00e8 una domanda equa. \u00c8 una grande opportunit\u00e0 per te e per altri. E se tu sei veramente onesto con te stesso, almeno diresti, \u201cBene, non lo so e sono incerto\u201d \u2014se non sei certo.<\/p>\n<p>In questo tempo di Rivelazione, la Potenza e la Presenza di Dio si riaffermano nel mondo\u2014una Nuova rivelazione che rivela il grande cambiamento che sta arrivando nel mondo e il destino dell\u2019umanit\u00e0 in una Comunit\u00e0 pi\u00f9 Grande di vita nell\u2019universo, e le grandi sfide che questo esiger\u00e0 e poser\u00e0 sull\u2019intera famiglia umana.<\/p>\n<p>La gente questo lo discuter\u00e0. Loro contenderanno con questo. Loro dibatteranno contro questo. Loro lo negheranno. Ma \u00e8 tutto un fallimento nel rispondere. Loro stanno cercando di rispondere, ma non stanno usando i giusti mezzi e le facolt\u00e0 di mente giuste per farlo. Loro sono impattati, ma sono ancora persi nelle loro idee e nelle macchinazioni della mente mentre l\u2019interazione sta avendo luogo a un livello completamente diverso.<\/p>\n<p>Se non riesci a impegnarti con Dio, come farai a impegnarti veramente con chiunque altro? Se non sai provare affinit\u00e0 con la Potenza e la Presenza di Dio, come farai a sentire affinit\u00e0 con chiunque altro?<br \/>\nPotresti intossicarti, innamorandoti temporaneamente di qualcuno. Potresti essere deliziato dalla presenza di qualcuno, ma sarai in grado di provare vera affinit\u00e0 con loro? Se non ti fidi di Dio, come farai a fidarti di qualcun altro? Se non ti senti umile di fronte a Dio, come fai a sentirti umile di fronte a qualcun altro?<\/p>\n<p>Per quello il Nuovo Messaggio \u00e8 stato portato alla gente e non ai leader, quelli che si sono elevati e si sono nascosti, messi in una fortezza e isolati. Loro sono circoscritti dal modo in cui hanno creato la loro posizione nella vita. Sar\u00e0 pi\u00f9 difficile per loro anche se il Nuovo Messaggio \u00e8 anche per loro.<\/p>\n<p>Schieratevi in giudizio del Nuovo Messaggio e non vedrete. Non sentirete. E non saprete. Sarete sordi e ciechi e arroganti tutt\u2019in una volta. Nella Schiera Celeste scuoteranno le teste. \u201c\u00c8 cos\u00ec una sfortuna. Quella persona non \u00e8 riuscita a rispondere. Poteva fare cos\u00ec tanto per il mondo! \u00c8 persa nella sua idea di se stessa. Non riesce a vedere al di l\u00e0 del suo precedente investimento e della sua posizione e dei suoi conseguimenti ed acquisizioni.\u201d<\/p>\n<p>Dio vuole potenziare la famiglia umana attraverso la Nuova Rivelazione, potenziare l\u2019individuo, che \u00e8 la fonte di libert\u00e0 nel mondo, dare alla gente una visione superiore, maggiore chiarezza e responsabilit\u00e0. Questa \u00e8 la fonte del progresso umano nel mondo.<\/p>\n<p>Non \u00e8 che vi sar\u00e0 data una gran nuova teologia sulla quale discutere e dibattere e commentare incessantemente. Siete in procinto di essere preparati per un nuovo mondo e per i rigori e i pericoli dell\u2019entrata nella Comunit\u00e0 pi\u00f9 Grande stessa. Siete in procinto di essere preparati per le sfide del grande cambiamento che sta arrivando nel mondo, pi\u00f9 grande di quanto possiate ancora concepire o anticipare. Siete in procinto di essere preparati per una vita superiore, con maggiore forza e integrit\u00e0. Ma vi dovete consegnare e dovete ricevere e imparare a diventare veramente onesti con voi stessi riguardo alle vostre intenzioni pi\u00f9 profonde e alle vostre responsabilit\u00e0 superiori per le quali siete qua.<\/p>\n<p>La Potenza e la Presenza di Dio ti ricorder\u00e0 di queste cose e ti trier\u00e0 fuori dalla tua precedente comprensione, dai tuoi precedenti dilemmi, dai tuoi irrisolvibili problemi, dalla tua posizione compromessa, dalla tua debolezza riguardo alle tue relazioni con altri. Ti richiamer\u00e0, perch\u00e9 \u00e8 la Potenza e la Presenza di Dio nel mondo.<\/p>\n<p>&nbsp;<\/p>\n","protected":false},"excerpt":{"rendered":"<p>Il riconoscimento deve essere basato su un\u2019esperienza profonda, il riconoscimento di una verit\u00e0 superiore, il riconoscimento di una Nuova Rivelazione. Questo riconoscimento avviene a un pi\u00f9 profondo livello della mente, al di l\u00e0 del regno e della portata dell\u2019intelletto, al di l\u00e0 del regno delle idee e delle fedi e delle cose alle quali la\u2026 <a class=\"read-more\" href=\"https:\/\/www.v6.newmessage.org\/it\/about-recording-shortcode\"><span>Read More<\/span><\/a><\/p>\n","protected":false},"author":8,"featured_media":0,"parent":29209,"menu_order":0,"comment_status":"closed","ping_status":"closed","template":"template-leftsidebar.php","meta":{"_monsterinsights_skip_tracking":false,"_monsterinsights_sitenote_active":false,"_monsterinsights_sitenote_note":"","_monsterinsights_sitenote_category":0,"footnotes":""},"categories":[117,118,76,1164,471],"tags":[749,740,745,716,750,715,743,748,741,746,744,747,742],"_links":{"self":[{"href":"https:\/\/www.v6.newmessage.org\/it\/wp-json\/wp\/v2\/pages\/28007"}],"collection":[{"href":"https:\/\/www.v6.newmessage.org\/it\/wp-json\/wp\/v2\/pages"}],"about":[{"href":"https:\/\/www.v6.newmessage.org\/it\/wp-json\/wp\/v2\/types\/page"}],"author":[{"embeddable":true,"href":"https:\/\/www.v6.newmessage.org\/it\/wp-json\/wp\/v2\/users\/8"}],"replies":[{"embeddable":true,"href":"https:\/\/www.v6.newmessage.org\/it\/wp-json\/wp\/v2\/comments?post=28007"}],"version-history":[{"count":5,"href":"https:\/\/www.v6.newmessage.org\/it\/wp-json\/wp\/v2\/pages\/28007\/revisions"}],"predecessor-version":[{"id":28128,"href":"https:\/\/www.v6.newmessage.org\/it\/wp-json\/wp\/v2\/pages\/28007\/revisions\/28128"}],"up":[{"embeddable":true,"href":"https:\/\/www.v6.newmessage.org\/it\/wp-json\/wp\/v2\/pages\/29209"}],"wp:attachment":[{"href":"https:\/\/www.v6.newmessage.org\/it\/wp-json\/wp\/v2\/media?parent=28007"}],"wp:term":[{"taxonomy":"category","embeddable":true,"href":"https:\/\/www.v6.newmessage.org\/it\/wp-json\/wp\/v2\/categories?post=28007"},{"taxonomy":"post_tag","embeddable":true,"href":"https:\/\/www.v6.newmessage.org\/it\/wp-json\/wp\/v2\/tags?post=28007"}],"curies":[{"name":"wp","href":"https:\/\/api.w.org\/{rel}","templated":true}]}}