{"id":28000,"date":"2017-03-07T01:10:52","date_gmt":"2017-03-07T01:10:52","guid":{"rendered":"http:\/\/www.newmessage.org\/it\/?page_id=28000"},"modified":"2018-02-03T07:50:45","modified_gmt":"2018-02-03T07:50:45","slug":"la-violenza-religiosa","status":"publish","type":"page","link":"https:\/\/www.v6.newmessage.org\/it\/il-messaggio\/volume-1\/la-religione-pura\/la-violenza-religiosa","title":{"rendered":"La Violenza Religiosa"},"content":{"rendered":"<div><!-- Version 3.1 Verse --><\/div>\n\n<div class=\"tabgroup \"><ul class=\"tabs\"><li><a href=\"#tabs-1\">Ascolta<\/a><\/li>\n<li><a href=\"#tabs-2\">Nota<\/a><\/li><\/ul>\n <div id=\"tabs-1\"><br \/>\nAscolta la Voce della Rivelazione Originale in Inglese:<\/p>\n<div id=\"jquery_jplayer_1\" class=\"jp-jplayer\"><\/div>\n\t\t\t\t<div id=\"jp_container_1\" class=\"jp-audio\">\n\t\t\t\t<div class=\"jp-type-single\"><div class=\"jp-control\"><a href=\"javascript:;\" class=\"jp-play\" tabindex=\"1\">play<\/a><a href=\"javascript:;\" class=\"jp-pause\" tabindex=\"1\">pause<\/a><\/div> <div class=\"jp-gui jp-interface\"><div class=\"jp-volume\"><div class=\"jp-volume-bar\"><div class=\"jp-volume-bar-value\"><\/div><\/div><\/div><div class=\"jp-progress\"><div class=\"jp-seek-bar\"><div class=\"jp-play-bar\"><\/div><\/div><\/div><\/div>\t\t\t\t\t<div class=\"jp-no-solution\"><span>Update Required<\/span>To play the media you will need to either update your browser to a recent version or update your <a href=\"http:\/\/get.adobe.com\/flashplayer\/\" target=\"_blank\">Flash plugin<\/a>.<\/div><\/div><\/div>\n\t\t\t<script type='text\/javascript'>\n\t\t\t\tjQuery(document).ready(function() {\n\t\t\t\t\tif (typeof (sermonMedia) == 'function') {\n\t\t\t\t\t\tsermonMedia.addAudio('', \"jquery_jplayer_1\");\n\t\t\t\t\t}\n\t\t\t\t\tjQuery.jPlayer.timeFormat.showHour = true;\n\t\t\t\t\tjQuery(\"#jquery_jplayer_1\").jPlayer({\n\t\t\t\t\t\tready: function(event) {\n\t\t\t\t\t\t\tjQuery(this).jPlayer(\"setMedia\", {mp3: 'https:\/\/www.newmessage.org\/av\/religious-violence.mp3'});\n\t\t\t\t\t\t},\n\t\t\t\t\t\tplay: function() {\n\t\t\t\t\t\t\tjQuery(this).jPlayer(\"pauseOthers\");\n\t\t\t\t\t\t},\n\t\t\t\t\t\tswfPath: ThemeData.directory_uri+\"\/swf\",\n\t\t\t\t\t\tsolution: \"html, flash\",\n\t\t\t\t\t\tpreload: \"metadata\",\n\t\t\t\t\t\twmode: \"window\",\n\t\t\t\t\t\tsupplied: \"mp3\",\n\t\t\t\t\t\tcssSelectorAncestor: '#jp_container_1'\n\t\t\t\t\t});\n\t\t\t\t});\n\t\t\t<\/script><\/p>\n<p><a title=\"Religious Violence\" href=\"https:\/\/www.newmessage.org\/av\/religious-violence.mp3\">Download<\/a> (clicca tasto destro del mouse)<\/p>\n<p><em>Rivelato a<br \/>\nMarshall Vian Summers<br \/>\nIl 2 Novembre 2014<br \/>\nin Boulder, Colorado<br \/>\n<\/em><\/p>\n<div class=\"toggle toggle-white\"><h4 class=\"trigger \"><span class=\"t_ico\"><\/span><a href=\"#\">Note riguardo a questa registrazione<\/a><\/h4><div class=\"toggle_container \"><br \/>\n<p>Quella che state sentendo in questa registrazione \u00e8 la voce della <u>Assemblea <\/u>Angelica che sta parlando tramite il <u>Messaggero <\/u>Marshall Vian Summers.<\/p>\n<p>Qua, la comunicazione originale di Dio, che esiste al di l\u00e0 delle parole, \u00e8 tradotta nel linguaggio e nella comprensione umana dall\u2019Assemblea Angelica che veglia sul mondo. Poi l\u2019Assemblea consegna il Messaggio di Dio tramite il Messaggero.<\/p>\n<p>In questo notevole processo, la Voce della Rivelazione sta parlando di nuovo. La Parola e il suono della Voce sono nel mondo. Per la prima volta nella storia, la registrazione dell\u2019originale rivelazione parlata \u00e8 disponibile affinch\u00e9 voi e il mondo la possiate sentire.<\/p>\n<p>Possiate voi essere i destinatari di questo dono di Rivelazione e possiate essere aperti a ricevere il suo Messaggio unico per voi e per la vostra vita.<\/p>\n<br \/>\n<\/div><\/div>\n<p><\/div>\n<div id=\"tabs-2\"><br \/>\n<em>Nota per il Lettore:<br \/>\nQuesta traduzione \u00e8 stata fornita a The Society da uno studente del Nuovo Messaggio che si \u00e8 offerto volontario per tradurre il testo originale in Inglese. Noi rendiamo questa traduzione disponibile al mondo in questa forma iniziale affinch\u00e9 le persone abbiano la possibilit\u00e0 di interagire con una porzione del Nuovo Messaggio nella propria lingua.<\/em><br \/>\n<\/div>\n\t\t\t\t<div align=\"right\">\n\t\t\t<div class=\"fb-like\" data-href=\"\" data-layout=\"button_count\" data-action=\"like\" data-show-faces=\"false\" data-share=\"false\"><\/div>\n\t\t\t<div class=\"fb-share-button\" data-layout=\"button_count\"> <\/div>\n\t\t\t<div class=\"fb_iframe_widget\"><a href=\"https:\/\/twitter.com\/godsnewmessage?ref_src=twsrc%5Etfw\" class=\"twitter-follow-button\" data-show-count=\"false\">Follow @godsnewmessage<\/a><script async src=\"https:\/\/platform.twitter.com\/widgets.js\" charset=\"utf-8\"><\/script><\/div>\n\t\t\t<\/div> <\/div> \n\n<blockquote><p>\u201cIl seguente Insegnamento riguardante la Violenza Religiosa fa parte della Rivelazione del Nuovo Messaggio per il mondo. Giunge dalla Fonte di tutta la vita attraverso la Presenza Angelica che veglia sul nostro mondo. \u00c8 un dono per tutte le genti, le nazioni e le religioni, per la sicurezza e l\u2019avanzamento dell\u2019umanit\u00e0.\u201d \u2013 <em>Marshall Vian Summers<\/em><\/p><\/blockquote>\n<p>La violenza della religione \u00e8 stata da secoli una piaga per l\u2019umanit\u00e0, esercitata intorno al mondo, sempre presente, periodicamente molto estrema.<\/p>\n<p>\u00c8 un problema, perch\u00e9 la religione \u00e8 usata da quelle forze, quei gruppi e quelle nazioni che cercano potere e dominio, usando la religione come giustificazione, come una causa, come uno scopo. <\/p>\n<p>Ma questo, vedete, non ci pu\u00f2 essere, perch\u00e9 Dio ha iniziato tutte le religioni del mondo perch\u00e9 Dio sa che non tutti possono seguire lo stesso insegnamento o lo stesso maestro.<\/p>\n<p>Pertanto, punire il non-credente \u00e8 un crimine contro Dio. Denunciare quelli che non sanno rispondere alla tua religione rappresenta una confusione, una arroganza e un crimine contro Dio.<\/p>\n<p>Dio sa che non tutti possono seguire lo stesso insegnamento o lo stesso maestro, e per quello Dio, in momenti critici diversi nella storia, ha iniziato nuovi Insegnamenti ed ha mandato dei Messaggeri dall\u2019Assemblea Angelica nel mondo. Ognuno aggiunge qualcosa di molto importante alla costruzione della civilt\u00e0 umana. Ognuno \u00e8 designato ad essere un contro bilanciamento per gli altri [Insegnamenti] che diventano estremi e distorti nelle mani della leadership umana.<\/p>\n<p>La violenza religiosa adesso sta lacerando le religioni internamente ed \u00e8 pronta a colpire gli altri e [le religioni] sono pronte a colpirsi tra loro in qualsiasi momento. In un mondo di risorse in declino e di maltempo violento, in un ambiente mondiale mutevole, il potenziale per la violenza religiosa \u00e8 tremendo. <\/p>\n<p>Per quello Dio ha parlato di nuovo, per rievocare la verit\u00e0 riguardo alle religioni del mondo\u2014la verit\u00e0 della loro Fonte, la verit\u00e0 del loro scopo, quello che le unisce e quello che richiede alle stesse di capirsi tra loro.<\/p>\n<p>Dio vuole terminare la Separazione tra le religioni del mondo, non per renderle tutte uguali, ma per riconoscere che sono tutte dei componenti di una comprensione superiore.<\/p>\n<p>Ma mentre Dio ha iniziato tutte le religioni del mondo, sono tutte state cambiate, nel tempo, dall\u2019uomo\u2014cambiate attraverso l\u2019adozione, cambiate attraverso la corruzione, cambiate attraverso l\u2019errata comprensione e l\u2019errato utilizzo, sposate alla cultura, usate dai governi per giustificare aggressione e sottomissione della gente. Ci\u00f2 che \u00e8 santo e sacro diventa profano. <\/p>\n<p>Ora, nel mondo odierno, la religione si erge come la singola grande cosa capace di unire la gente, ma solo se \u00e8 capita correttamente, solo se si comprende la sua Fonte, il suo scopo, il suo significato e la sua direzione. Senza questa comprensione, la religione diventa la giustificazione massima per crudelt\u00e0, violenza e punizione. <\/p>\n<p>Pertanto, Noi dobbiamo chiarire alcune cose affinch\u00e9 voi possiate capire molto chiaramente la Volont\u00e0 del Cielo, l\u2019intento del Creatore.<\/p>\n<p>Per prima cosa, dovete capire che tutti i grandi Messaggeri sono giunti qua dall\u2019Assemblea Angelica\u2014mezzi umani, mezzi santi sono loro, una volta che si trovano nel mondo. Non gente ordinaria, ma neanche degli dei. Il Ges\u00f9, il Buddha, il Muhammad, loro provengono dalla stessa Assemblea, vedete. Allora non ci pu\u00f2 essere alcun conflitto tra i loro Insegnamenti se essi sono capiti ed applicati correttamente.<\/p>\n<p>Poi, dovete capire che non tutti sono in grado di seguire lo stesso insegnamento e maestro, a prescindere da quanto pieni di grazia e quanto meravigliosi possano essere. Dio comprende questo, ovviamente, ma la gente \u00e8 confusa. Per quello non ci pu\u00f2 essere contesa tra le grandi religioni se esse sono capite e praticate correttamente. <\/p>\n<p>Perch\u00e9 Dio \u00e8 saggio, e l\u2019umanit\u00e0 \u00e8 sciocca; perch\u00e9 Dio capisce la direzione e il destino della famiglia umana, mentre la gente vive per il momento e si associa al passato.<\/p>\n<p>Poi, dovete capire che non ci pu\u00f2 essere punizione, tortura, crudelt\u00e0 o morte nel nome della religione. Questa \u00e8 una violazione dell\u2019intento e dello scopo di Dio. \u00c8 un crimine contro il Cielo, vedete. La gente \u00e8 punita per altre ragioni, ma questo viene giustificato nel nome di Dio o della religione. Questa \u00e8 una abominazione. Non ci pu\u00f2 essere eccezione per questo. Non potete punire, torturare o uccidere nel nome di Dio. <\/p>\n<p>Pertanto, non c\u2019\u00e8 guerra sacra. Non c\u2019\u00e8 guerriero sacro. Voi andate in guerra per altre ragioni\u2014per il potere, per il dominio, per le risorse, per il controllo, per vendetta. Non ha nulla a che fare con la religione.<\/p>\n<p>Perch\u00e9 tutte le vere religioni insegnano la tolleranza e la moderazione. Tutte le vere religioni insegnano l\u2019umilt\u00e0 e la reverenza. Tutte le vere religioni insegnano la misericordia e il perdono. Tutte le vere religioni insegnano la carit\u00e0 e il servizio.<\/p>\n<p>Questi sono i componenti pi\u00f9 importanti della religione, perch\u00e9 questo \u00e8 ci\u00f2 che serve la famiglia umana. Questo \u00e8 ci\u00f2 che evita all\u2019umanit\u00e0 di piombare nella rovina e nella disperazione. Questo \u00e8 ci\u00f2 che vi eleva al di sopra degli animali e delle creature nei campi.<\/p>\n<p>Usare la religione per guerra, conquista e dominio \u00e8 una abominazione. \u00c8 un crimine contro il cielo, vedete. <\/p>\n<p>Qualsiasi sacra scrittura che promuove ci\u00f2 non \u00e8 autentica. Qualsiasi insegnamento che promuove ci\u00f2 non \u00e8 autentico. Qualsiasi insegnamento che promuove ci\u00f2 nel nome della religione \u00e8 inautentico e incorretto. Qualsiasi dichiarazione, anche da parte di uno dei Messaggeri, che promuove questo nel nome di Dio e della religione rappresenta un errore e una errata comprensione. <\/p>\n<p>Non crediate che i Messaggeri erano senza errore, perch\u00e9 tutti loro fecero errori lungo la via e dovettero essere corretti.<\/p>\n<p>Condannare le persone all\u2019Inferno perch\u00e9 non seguono la tua ideologia \u00e8 un errore e un crimine contro il Cielo. Denunciare la gente perch\u00e9 miscredente rappresenta una errata comprensione.<\/p>\n<p>Se loro non sanno ricevere la Grazia di Dio, allora sono sfortunati e devono essere compatiti, non puniti. Se loro si allontanano dalla loro religione, loro hanno bisogno di assistenza, non di condanne.<\/p>\n<p>Chi al mondo pu\u00f2 dire cosa Dio vuole per ogni persona? Le sacre scritture non possono contenere ci\u00f2 perch\u00e9 Dio \u00e8 stato la Fonte di tutte le religioni del mondo, allora certamente tutte le sacre scritture e gli insegnamenti devono essere solo per certe genti, e non per tutti.<\/p>\n<p>Sono l\u2019arroganza umana, il rancore umano, l\u2019aggressione umana, la stupidit\u00e0 umana e l\u2019ignoranza che fanno emergere gli abusi di religione.<\/p>\n<p>Per quello nella Nuova Rivelazione di Dio per il mondo queste correzioni devono essere date con la pi\u00f9 grande enfasi, perch\u00e9 la religione \u00e8 distrutta attraverso la corruzione e l\u2019abuso, attraverso la violenza e la sottomissione. Il suo valore, il suo scopo, il suo significato, la sua Fonte sono persi ogni giorno che passa mentre la religione \u00e8 usata da gruppi violenti e da gente in cerca di potere e di vendetta.<\/p>\n<p>Questo esige una grande correzione, vedete, altrimenti l\u2019umanit\u00e0 continuer\u00e0 a fallire e a vacillare e decadere, in particolare affrontando un mondo di risorse che diminuiscono e un ambiente in mutazione.<\/p>\n<p>Ci deve essere grande cooperazione, grande comprensione, grande misericordia e perdono. Ma, vedete, sono proprio queste le cose che ogni religione veramente promuove.<\/p>\n<p>La gente che adotta una religione deve promuovere queste cose. Deve essere questa la loro enfasi. Deve essere questa la loro comprensione. Altrimenti useranno male la loro fede. La useranno per opprimere gli altri. La useranno per condannare i loro nemici. La useranno per dividere e conquistare altra gente. Diventer\u00e0 crudele. Diventer\u00e0 cieca. Diventer\u00e0 feroce e oppressiva.<\/p>\n<p>Tale arroganza e ignoranza sono cos\u00ec evidenti nel mondo oggi e sono state dimostrate nel corso della storia umana, in ogni a era, da ogni cultura. <\/p>\n<p>\u00c8 un fallimento, vedete\u2014un fallimento nel capire, un fallimento nel perdonare, un fallimento nello studiare e praticare correttamente, un fallimento nel capire la volont\u00e0 e lo scopo e il significato delle Rivelazioni di Dio e nel capire perch\u00e9 furono date e perch\u00e9 devono tutte essere riconosciute nella loro forma pura. <\/p>\n<p>Ma la loro forma pura \u00e8 stata persa dalla maggior parte della gente. Sono diventate degli strumenti dello stato. Sono diventate le armi di individui e di gruppi aggressivi. Sono diventate la spada. Sono diventate la cella e la prigione, e l\u2019Inferno e la dannazione stessa.<\/p>\n<p>Dovete capire che il Piano di Dio \u00e8 di salvare tutti e che l\u2019esperienza dell\u2019Inferno e della Separazione \u00e8 provvisoria nel tempo. Anche se potrebbe sembrare di lunga durata, \u00e8 provvisoria nel tempo. <\/p>\n<p>Tu hai un\u2019origine santa e un destino santo e la religione, se capita e applicata correttamente, ti aiuter\u00e0 a ricordare ed a riconoscere la tua natura profonda in questo luogo. Ti aiuter\u00e0 a venire a termini con il fatto che fosti mandato nel mondo per servire la famiglia umana, in modi specifici, in accordo con la tua natura e il tuo disegno.<\/p>\n<p>Venerare Dio, prostrarsi nella moschea, nel tempio o nella chiesa, e fallire nel comprendere queste cose significa che la tua venerazione non \u00e8 corretta. Non puoi semplicemente arrivare a Dio cercando potere e favori ed esoneri. Sei mandato nel mondo per servire il mondo, usando le vere qualit\u00e0 della religione che Noi abbiamo specificato qua.<\/p>\n<p>Senza questo, la religione nel mondo fallir\u00e0 mentre diviene pi\u00f9 profana, pi\u00f9 oppressa, pi\u00f9 violenta, affrontando grande subbuglio nelle Grandi Onde del cambiamento in arrivo. I gruppi religiosi distruggeranno se stessi e chiunque intorno ad essi. <\/p>\n<p>La gente perder\u00e0 fede in Dio. Loro si perderanno d\u2019animo. Loro si rivolgeranno alla tecnologia affinch\u00e9 li salvi, pensando che solo quella sar\u00e0 la loro salvezza. Lo Spirito e la Presenza e la Potenza di Dio saranno persi in un mondo di cambiamento convulso e di subbuglio.<\/p>\n<p>Per quello Dio ha parlato di nuovo, vedete, per portare la Pura Rivelazione nel mondo, per insegnarvi la religione al livello della Conoscenza, l\u2019intelligenza profonda che Dio ha messo in tutti\u2014che attende di essere scoperta, attende di essere seguita, attende di essere espressa.<\/p>\n<p>Tutte le grandi religioni sono importanti, ma sono tutte percorsi verso questa Conoscenza di cui parliamo, vedete. Perch\u00e9 qua \u00e8 dove vi unite con il vostro Creatore. Non \u00e8 meramente attraverso il credo o l\u2019ideologia o una rigida pratica e osservanza spirituale. \u00c8 seguendo quello che Dio ha messo dentro di voi affinch\u00e9 lo seguiate, che \u00e8 interamente puro\u2014senza biasimo, senza rancore, senza rabbia, senza condanna. Rappresenta la parte di voi che non ha mai lasciato Dio e che \u00e8 ancora connessa a Dio e alla Creazione anche mentre vivete in Separazione nella forma fisica in questo mondo, in questa realt\u00e0.<\/p>\n<p>Riunirti con La Conoscenza significa riunirti con la tua vera natura. Significa finalmente diventare una persona completa. Significa liberarti dalle catene del credo e dell\u2019ideologia che opprimono e deviano l\u2019umanit\u00e0 a ogni svolta.<\/p>\n<p>Il mondo ha bisogno di questo adesso perch\u00e9 il mondo ha bisogno che tanti si elevino a prestare servizio, per preparare l\u2019umanit\u00e0 per un futuro che sar\u00e0 molto diverso dal passato, per preparare l\u2019umanit\u00e0 per il suo incontro con la vita intelligente nell\u2019universo, un incontro che sta gi\u00e0 avendo luogo nel mondo oggi.<\/p>\n<p>Tanti devono essere chiamati e non solo una persona santa qua e l\u00e0. Tanti devono essere chiamati. Ma per essere preparato per questo significa che la tua comprensione della religione deve essere purificata, deve essere chiarificata, deve diventare integra, pura e autentica, altrimenti userai male tutto quello che stiamo dicendo qua oggi. Lo negherai o lo userai male o cercherai di sposarlo con le tue precedenti convinzioni, senza capire il vero Messaggio che ti stiamo dando qua, che salver\u00e0 la tua vita e le vite dei tuoi cari; che ripristiner\u00e0 le vostre nazioni e le protegger\u00e0 nei tempi difficili dinanzi.<\/p>\n<p>Questa \u00e8 l\u2019epoca della cooperazione. Ci deve essere enorme cooperazione, altrimenti l\u2019umanit\u00e0 e la civilt\u00e0 umana potranno fallire. <\/p>\n<p>\u00c8 un grande punto di svolta che molti hanno presagito. Non \u00e8 la fine dei tempi. Non \u00e8 la fine del mondo. Non \u00e8 il Giudizio Universale nel quale molti credono. \u00c8 un grande punto di svolta per la famiglia umana, una svolta che determiner\u00e0 se la libert\u00e0 e la sovranit\u00e0 umana saranno in grado di essere mantenute ed edificate nell\u2019ambito di questo mondo, vivendo, come state appunto facendo, in una Comunit\u00e0 Pi\u00f9 Grande di vita intelligente nell\u2019universo.<\/p>\n<p>I rischi sono terribili. Il richiamo al servizio \u00e8 enorme. Pertanto, mettete gi\u00f9 le vostre armi. Mettete gi\u00f9 la retorica collerica e il biasimo. Mettete gi\u00f9 la vostra ipocrisia e il vostro fondamentalismo, perch\u00e9 non \u00e8 nulla in confronto alla Grazia e all\u2019intenzione di Dio ed a quello che Dio ha messo dentro di voi da seguire e da fare. Questo rappresenta un impegno puro con la vostra Fonte. <\/p>\n<p>Perch\u00e9 Dio \u00e8 il Creatore di innumerevoli razze nell\u2019universo, e di innumerevoli religioni. Non \u00e8 l\u2019ideologia o la fede che ti porta alla tua Fonte o ti mette in grado di attraversare quella grande soglia. \u00c8 il servizio e l\u2019allineamento. \u00c8 il potere e l\u2019amore e la libert\u00e0 di trovare e di seguire quella tua via che Dio ti ha dato, un dono pi\u00f9 grande non lo puoi neanche immaginare in questo momento\u2014pi\u00f9 grande della ricchezza, pi\u00f9 grande dell\u2019avere tutte le tue preghiere esaudite. Perch\u00e9 solo questo ti condurr\u00e0 fuori dalla giungla della tua confusione e dalle tue atroci circostanze.<\/p>\n<p>Gente del mondo, udite le Nostre parole. Noi siamo coloro che hanno parlato al Ges\u00f9, al Buddha e al Muhammad. Loro provengono da Noi. E un Nuovo Messaggero \u00e8 nel mondo e lui proviene da Noi.<\/p>\n<p>Tutti i grandi Messaggeri del passato sono schierati con lui e lo sostengono, perch\u00e9 loro hanno dovuto sostenere il peso di vedere le loro tradizioni di fede venire distorte e corrotte e usate erroneamente. Loro hanno dovuto testimoniare la follia umana e la violenza religiosa intraprese in loro nome per secoli. Non vi potete immaginare la sofferenza che questo ha creato per loro.<\/p>\n<p>Allora oggi loro si schierano con il Nuovo Messaggero di Dio, pregando che il suo Messaggio possa essere ricevuto e capito, pregando che le loro grandi tradizioni, che loro hanno seguito, possano essere ripulite e purificate e rese nuovamente integre e salubri nello Spirito e nello scopo di Dio.<\/p>\n<p>Dio vuole unire, non distruggere. \u00c8 il perdono. \u00c8 la misericordia. \u00c8 la tolleranza. \u00c8 la saggezza e la moderazione che ora dovete esercitare, affrontando il mondo che dovrete affrontare insieme.<\/p>\n<p>Gente del mondo, udite le nostre parole. Loro rappresentano la vostra riedificazione, il ritorno a voi della dignit\u00e0 e lo scopo, il significato e il valore. Loro da sole possono curare il desiderio di conquista e vendetta e guarire le profonde ferite dell\u2019abuso e della corruzione umana.<\/p>\n<p>Comprendete che la religione non dovrebbe mai regnare sulla nazione, perch\u00e9 questo corromper\u00e0 completamente la religione. La religione \u00e8 qua per ispirare, per consigliare e per indirizzare, ma non per regnare, altrimenti perder\u00e0 tutta la sua purezza, la sua efficacia e il suo significato.<\/p>\n<p>Nazioni del mondo, udite le Nostre parole. Voi non conoscete la Volont\u00e0 e la Potenza del Creatore e quello che Dio vuole per la famiglia umana, che sta affrontando un futuro che non sapete ancora vedere o riconoscere.<\/p>\n<p>Non dichiarate che non ci possano essere altri Messaggeri, perch\u00e9 quello dipende da Dio e non da voi. Anche l\u2019Assemblea Angelica non pu\u00f2 dire cosa Dio far\u00e0 dopo, allora non dichiarate che il vostro maestro, il vostro leader, il vostro santo sia l\u2019unico o quello finale per tutto il tempo, perch\u00e9 questo rappresenta confusione. Non sta a voi dire queste cose. Anche se \u00e8 nelle vostre sacre scritture, non sta a nessuno mai dire queste cose.<\/p>\n<p>Il Cielo sa chi sar\u00e0 mandato, quando sar\u00e0 mandato, come sar\u00e0 mandato e cosa sar\u00e0 il suo Messaggio.<\/p>\n<p>La grande speranza per l\u2019umanit\u00e0 adesso \u00e8 il fatto che Dio ha parlato di nuovo. Una grande Rivelazione \u00e8 nel mondo, pi\u00f9 grande di qualsiasi cosa mai data prima alla famiglia umana. Ora \u00e8 qua in forma pura.<\/p>\n<p>Potete anche udire, per la prima volta nella storia, la Voce della Rivelazione che parl\u00f2 ai grandi Messaggeri e che li guid\u00f2 nel corso dei loro difficili compiti e delle loro difficili prove in passato.<\/p>\n<p>Questo non \u00e8 per sostituire le religioni del mondo, ma per unirle, per ripristinarle e riportarle in allineamento con il vero scopo e la vera intenzione di Dio per il mondo, affinch\u00e9 tutte possano giocare un ruolo importante nel preparare l\u2019umanit\u00e0 per la grande sfida e il grande cambiamento che sta arrivando. Loro devono essere parte della soluzione, non del problema, vedete.<\/p>\n<p>Sii umile. Sii disposto a riconsiderare le tue convinzioni, le tue idee e i tuoi moniti. Sii disposto a riconsiderare. Sii disposto a pentirti. Sii disposto ad ascoltare ed a sentire. Abbi gli occhi per vedere e le orecchie per udire. Abbi quegli occhi per vedere e quelle orecchie per udire che Dio ti ha dato e non tenerli chiusi per proteggere le tue supposizioni, convinzioni e i tuoi investimenti precedenti.<\/p>\n<p>Il Cielo star\u00e0 a guardare per vedere chi sa rispondere. E con il Messaggero nel mondo oggi, i precedenti Messaggeri staranno a guardare per vedere chi tra i loro sostenitori e le loro comunit\u00e0 religiose sanno udire e sanno rispondere.<\/p>\n<p>Perch\u00e9 Dio ha parlato di nuovo. Dio \u00e8 giunto proprio al momento giusto. Dio \u00e8 giunto con la Rivelazione Pura.<\/p>\n<p>&nbsp;<\/p>\n","protected":false},"excerpt":{"rendered":"<p>\u201cIl seguente Insegnamento riguardante la Violenza Religiosa fa parte della Rivelazione del Nuovo Messaggio per il mondo. Giunge dalla Fonte di tutta la vita attraverso la Presenza Angelica che veglia sul nostro mondo. \u00c8 un dono per tutte le genti, le nazioni e le religioni, per la sicurezza e l\u2019avanzamento dell\u2019umanit\u00e0.\u201d \u2013 Marshall Vian Summers\u2026 <a class=\"read-more\" href=\"https:\/\/www.v6.newmessage.org\/it\/about-recording-shortcode\"><span>Read More<\/span><\/a><\/p>\n","protected":false},"author":8,"featured_media":0,"parent":16492,"menu_order":0,"comment_status":"closed","ping_status":"closed","template":"template-leftsidebar.php","meta":{"_monsterinsights_skip_tracking":false,"_monsterinsights_sitenote_active":false,"_monsterinsights_sitenote_note":"","_monsterinsights_sitenote_category":0,"footnotes":""},"categories":[117,118,76,466,460],"tags":[749,740,745,750,713,743,748,741,746,714,744,747,742],"_links":{"self":[{"href":"https:\/\/www.v6.newmessage.org\/it\/wp-json\/wp\/v2\/pages\/28000"}],"collection":[{"href":"https:\/\/www.v6.newmessage.org\/it\/wp-json\/wp\/v2\/pages"}],"about":[{"href":"https:\/\/www.v6.newmessage.org\/it\/wp-json\/wp\/v2\/types\/page"}],"author":[{"embeddable":true,"href":"https:\/\/www.v6.newmessage.org\/it\/wp-json\/wp\/v2\/users\/8"}],"replies":[{"embeddable":true,"href":"https:\/\/www.v6.newmessage.org\/it\/wp-json\/wp\/v2\/comments?post=28000"}],"version-history":[{"count":5,"href":"https:\/\/www.v6.newmessage.org\/it\/wp-json\/wp\/v2\/pages\/28000\/revisions"}],"predecessor-version":[{"id":28133,"href":"https:\/\/www.v6.newmessage.org\/it\/wp-json\/wp\/v2\/pages\/28000\/revisions\/28133"}],"up":[{"embeddable":true,"href":"https:\/\/www.v6.newmessage.org\/it\/wp-json\/wp\/v2\/pages\/16492"}],"wp:attachment":[{"href":"https:\/\/www.v6.newmessage.org\/it\/wp-json\/wp\/v2\/media?parent=28000"}],"wp:term":[{"taxonomy":"category","embeddable":true,"href":"https:\/\/www.v6.newmessage.org\/it\/wp-json\/wp\/v2\/categories?post=28000"},{"taxonomy":"post_tag","embeddable":true,"href":"https:\/\/www.v6.newmessage.org\/it\/wp-json\/wp\/v2\/tags?post=28000"}],"curies":[{"name":"wp","href":"https:\/\/api.w.org\/{rel}","templated":true}]}}