{"id":27995,"date":"2017-03-04T10:03:10","date_gmt":"2017-03-04T10:03:10","guid":{"rendered":"http:\/\/www.newmessage.org\/it\/?page_id=27995"},"modified":"2018-12-20T01:40:37","modified_gmt":"2018-12-20T01:40:37","slug":"limportanza-della-comunita-piu-grande","status":"publish","type":"page","link":"https:\/\/www.v6.newmessage.org\/it\/il-messaggio\/volume-1\/la-comunita-piu-grande\/limportanza-della-comunita-piu-grande","title":{"rendered":"L\u2019Importanza della Comunit\u00e0 Pi\u00f9 Grande"},"content":{"rendered":"<div><!-- Version 3.5 --><\/div>\n\n<div class=\"tabgroup \"><ul class=\"tabs\"><li><a href=\"#tabs-1\">Ascolta<\/a><\/li>\n<li><a href=\"#tabs-2\">Nota<\/a><\/li><\/ul>\n <div id=\"tabs-1\"><\/p>\n<p>Ascolta la Voce della Rivelazione Originale in Inglese:<\/p>\n<div id=\"jquery_jplayer_1\" class=\"jp-jplayer\"><\/div>\n\t\t\t\t<div id=\"jp_container_1\" class=\"jp-audio\">\n\t\t\t\t<div class=\"jp-type-single\"><div class=\"jp-control\"><a href=\"javascript:;\" class=\"jp-play\" tabindex=\"1\">play<\/a><a href=\"javascript:;\" class=\"jp-pause\" tabindex=\"1\">pause<\/a><\/div> <div class=\"jp-gui jp-interface\"><div class=\"jp-volume\"><div class=\"jp-volume-bar\"><div class=\"jp-volume-bar-value\"><\/div><\/div><\/div><div class=\"jp-progress\"><div class=\"jp-seek-bar\"><div class=\"jp-play-bar\"><\/div><\/div><\/div><\/div>\t\t\t\t\t<div class=\"jp-no-solution\"><span>Update Required<\/span>To play the media you will need to either update your browser to a recent version or update your <a href=\"http:\/\/get.adobe.com\/flashplayer\/\" target=\"_blank\">Flash plugin<\/a>.<\/div><\/div><\/div>\n\t\t\t<script type='text\/javascript'>\n\t\t\t\tjQuery(document).ready(function() {\n\t\t\t\t\tif (typeof (sermonMedia) == 'function') {\n\t\t\t\t\t\tsermonMedia.addAudio('', \"jquery_jplayer_1\");\n\t\t\t\t\t}\n\t\t\t\t\tjQuery.jPlayer.timeFormat.showHour = true;\n\t\t\t\t\tjQuery(\"#jquery_jplayer_1\").jPlayer({\n\t\t\t\t\t\tready: function(event) {\n\t\t\t\t\t\t\tjQuery(this).jPlayer(\"setMedia\", {mp3: 'https:\/\/www.newmessage.org\/av\/the-importance-of-the-greater-community.mp3'});\n\t\t\t\t\t\t},\n\t\t\t\t\t\tplay: function() {\n\t\t\t\t\t\t\tjQuery(this).jPlayer(\"pauseOthers\");\n\t\t\t\t\t\t},\n\t\t\t\t\t\tswfPath: ThemeData.directory_uri+\"\/swf\",\n\t\t\t\t\t\tsolution: \"html, flash\",\n\t\t\t\t\t\tpreload: \"metadata\",\n\t\t\t\t\t\twmode: \"window\",\n\t\t\t\t\t\tsupplied: \"mp3\",\n\t\t\t\t\t\tcssSelectorAncestor: '#jp_container_1'\n\t\t\t\t\t});\n\t\t\t\t});\n\t\t\t<\/script><\/p>\n<p><a title=\"The Importance of the Greater Community\" href=\"https:\/\/www.newmessage.org\/av\/the-importance-of-the-greater-community.mp3\">Download<\/a> (clicca tasto destro del mouse)<\/p>\n<p><em>Come rivelato al Messaggero di Dio<br \/>\nMarshall Vian Summers<br \/>\nL\u201911 Dicembre 2009<br \/>\nin Phnom Penh, Cambogia<br \/>\n<\/em><\/p>\n<div class=\"toggle toggle-white\"><h4 class=\"trigger \"><span class=\"t_ico\"><\/span><a href=\"#\">Note riguardo a questa registrazione<\/a><\/h4><div class=\"toggle_container \"><br \/>\n<p>Quella che state sentendo in questa registrazione \u00e8 la voce della <u>Assemblea <\/u>Angelica che sta parlando tramite il <u>Messaggero <\/u>Marshall Vian Summers.<\/p>\n<p>Qua, la comunicazione originale di Dio, che esiste al di l\u00e0 delle parole, \u00e8 tradotta nel linguaggio e nella comprensione umana dall\u2019Assemblea Angelica che veglia sul mondo. Poi l\u2019Assemblea consegna il Messaggio di Dio tramite il Messaggero.<\/p>\n<p>In questo notevole processo, la Voce della Rivelazione sta parlando di nuovo. La Parola e il suono della Voce sono nel mondo. Per la prima volta nella storia, la registrazione dell\u2019originale rivelazione parlata \u00e8 disponibile affinch\u00e9 voi e il mondo la possiate sentire.<\/p>\n<p>Possiate voi essere i destinatari di questo dono di Rivelazione e possiate essere aperti a ricevere il suo Messaggio unico per voi e per la vostra vita.<\/p>\n<br \/>\n<\/div><\/div>\n<p><\/div>\n<div id=\"tabs-2\"><br \/>\n<em>Nota per il Lettore:<br \/>\nQuesta traduzione \u00e8 stata fornita a The Society da uno studente del Nuovo Messaggio che si \u00e8 offerto volontario per tradurre il testo originale in Inglese. Noi rendiamo questa traduzione disponibile al mondo in questa forma iniziale affinch\u00e9 le persone abbiano la possibilit\u00e0 di interagire con una porzione del Nuovo Messaggio nella propria lingua.<\/em><br \/>\n<\/div>\n\t\t\t\t<div align=\"right\">\n\t\t\t<div class=\"fb-like\" data-href=\"\" data-layout=\"button_count\" data-action=\"like\" data-show-faces=\"false\" data-share=\"false\"><\/div>\n\t\t\t<div class=\"fb-share-button\" data-layout=\"button_count\"> <\/div>\n\t\t\t<div class=\"fb_iframe_widget\"><a href=\"https:\/\/twitter.com\/godsnewmessage?ref_src=twsrc%5Etfw\" class=\"twitter-follow-button\" data-show-count=\"false\">Follow @godsnewmessage<\/a><script async src=\"https:\/\/platform.twitter.com\/widgets.js\" charset=\"utf-8\"><\/script><\/div>\n\t\t\t<\/div> <\/div> \n\n<p>L\u2019importanza della Comunit\u00e0 Pi\u00f9 Grande non pu\u00f2 essere sottovalutata nel Nuovo Messaggio perch\u00e9 in definitiva l\u2019umanit\u00e0 si sta preparando per il suo futuro in questa pi\u00f9 ampia arena di vita intelligente. Ma lei \u00e8 impreparata e non ha alcun modo di prepararsi, ora che sta affrontando un\u2019intromissione da oltre il mondo da parte di razze che cercano di approfittare della debolezza e dell\u2019ingenuit\u00e0 dell\u2019umanit\u00e0. Questo, pi\u00f9 di qualsiasi altra cosa, ha chiamato il Nuovo Messaggio da Dio nel mondo.<\/p>\n<p>La necessit\u00e0 di questa Rivelazione \u00e8 cos\u00ec grande, ma la gente non vede la necessit\u00e0. Loro non riconoscono quanto vulnerabili sono di fronte ai poteri della persuasione che anche proprio adesso sono calati sul mondo e che in tempi futuri non faranno altro che aumentare. L\u2019umanit\u00e0 \u00e8 in una posizione molto debole, perch\u00e9 sta esaurendo il mondo a un ritmo pazzesco, e sta affrontando le Grandi Onde del cambiamento. Sta affrontando il declino ambientale e la diminuzione delle sue risorse fondamentali.<\/p>\n<p>La gente non vede e non capisce la potenza che hanno questi tempi, di alterare la sorte dell\u2019umanit\u00e0. Loro non vedono la potenza delle Grandi Onde del cambiamento e loro non vedono la potenza e l\u2019influenza della Comunit\u00e0 Pi\u00f9 Grande. Cos\u00ec le loro menti sono altrove, preoccupate con altre cose. Ma Dio veglia sul mondo e manda nel mondo quello di cui l\u2019umanit\u00e0 ha bisogno, anche se l\u2019umanit\u00e0 non pu\u00f2 vedere da sola questo bisogno.<\/p>\n<p>La Comunit\u00e0 Pi\u00f9 Grande \u00e8 il vostro destino. Ma \u00e8 anche il vostro grande rischio. Perch\u00e9 l\u2019umanit\u00e0 \u00e8 in procinto di perdere la sua autosufficienza in modo allarmante, rendendosi pi\u00f9 che mai vulnerabile alla persuasione e all\u2019intromissione straniera e rendendosi pi\u00f9 che mai vulnerabile all\u2019introduzione di tecnologia straniera sotto forma di incentivo, come una grande tentazione.<\/p>\n<p>Ci sono pochissime persone nel mondo oggi che capiscono la vera situazione difficile dell\u2019umanit\u00e0 ora. Come fanno, non sapendo cosa sia la vita oltre i confini di questo mondo, non capendo l\u2019importanza che questo mondo ha per altre razze, non vedendo che l\u2019umanit\u00e0 non \u00e8 altamente considerata in questa regione dello spazio? Perch\u00e9 voi non vi siete ancora guadagnati il rispetto, cos\u00ec siete vulnerabili, perch\u00e9 state sciupando il mondo, un mondo che \u00e8 ambito da altri, e questo ha attivato l\u2019Intromissione che adesso \u00e8 in corso.<\/p>\n<p>Anche se questa Intromissione fosse fermata, cosa che \u00e8 interamente possibile e avete il potere di conseguirla, ci saranno intromissioni future. Ne consegue che la vostra posizione nella vita \u00e8 cambiata. Il vostro isolamento \u00e8 finito. Adesso dovete contendere con la Comunit\u00e0 Pi\u00f9 Grande.<\/p>\n<p>L\u2019umanit\u00e0 ha alleati oltreconfine nelle sue vicinanze nello spazio, che capiscono la vostra situazione critica e che stimano il fatto che l\u2019umanit\u00e0 ha mantenuto vive la religione e la spiritualit\u00e0 nel mondo, e che la famiglia umana dimostra una speranza superiore\u2014una speranza che \u00e8 stata persa da cos\u00ec tante razze che si stanno evolvendo nell\u2019universo.<\/p>\n<p>L\u2019umanit\u00e0 adesso \u00e8 vulnerabile alla persuasione e all\u2019intromissione, e sta indebolendo la sua posizione e il tessuto dell\u2019unit\u00e0 umana. Le Grandi Onde del cambiamento la renderanno ancora pi\u00f9 tenue e pi\u00f9 in pericolo di fronte alla Comunit\u00e0 Pi\u00f9 Grande.<\/p>\n<p>La conquista non \u00e8 permessa in questa regione dello spazio, e non \u00e8 neppure considerata perch\u00e9 sarebbe troppo distruttiva per il mondo. Invece, c\u2019\u00e8 un tentativo di acquisire l\u2019umanit\u00e0\u2014di promettere all\u2019umanit\u00e0 quello che lei non potrebbe procurarsi da sola, di indebolire la fiducia della gente nei propri governi e leader, di indebolire lo spirito umano, di condurre la gente all\u2019acquiescenza e condurla a credere che l\u2019Intromissione sia qua per aiutare e per redimere un\u2019umanit\u00e0 che sta lottando.<\/p>\n<p>Ma \u00e8 tutto un imbroglio. \u00c8 tutta un\u2019enorme menzogna. La gente la sta credendo. Ogni giorno, delle persone sono indotte verso l\u2019Intromissione. Avendo perso fede nell\u2019umanit\u00e0 e in se stessi, loro adesso cercheranno la guida e le promesse di altre potenze nell\u2019universo, potenze che non sono umane, che non danno valore alla libert\u00e0 umana e che non comprendono lo spirito umano o le aspirazioni umane.<\/p>\n<p>Questa \u00e8 una grande soglia nella comprensione. Ma, essenzialmente, la cosa che state affrontando adesso \u00e8 la natura\u2014competizione nella natura, competizione per il mondo, una competizione che non sar\u00e0 giocata nei campi di battaglia, ma nelle menti e nei cuori degli uomini e delle donne.<\/p>\n<p>Gi\u00e0 adesso l\u2019umanit\u00e0 si sta muovendo verso una posizione di estrema impotenza nell\u2019universo. Perch\u00e9 una volta che perdete la vostra autosufficienza, una volta che non siete pi\u00f9 in grado di provvedere per voi stessi, la vostra posizione \u00e8 debole e insostenibile e soggetta a ogni genere di persuasione e manipolazione.<\/p>\n<p>Questo \u00e8 il modo in cui il mondo sar\u00e0 ceduto, vedete. Un\u2019umanit\u00e0 debole e sfiduciata, indebolita dal conflitto e dalla guerra, indebolita dalle privazioni, indebolita dalla corruzione umana e dall\u2019ignoranza, si rivolger\u00e0 ai suoi nuovi padroni, inconsapevole che sta cedendo la sua stessa libert\u00e0 e il suo destino a potenze che lei non capisce.<\/p>\n<p>Potresti pensare che ci\u00f2 sia impossibile. \u201cQuesto non pu\u00f2 accadere\u201d, dici tu. Ma \u00e8 successo innumerevoli volte nella Comunit\u00e0 Pi\u00f9 Grande quando razze giovani ed emergenti hanno depauperato i loro mondi cos\u00ec severamente da dover mendicare e supplicare affinch\u00e9 altri vengano e intervengano, aprendo cos\u00ec la porta al peggior genere di intrusioni che possano avere luogo.<\/p>\n<p>La gente non sta vedendo questo e non sta rispondendo correttamente alla presenza aliena che \u00e8 nel mondo oggi, che \u00e8 qua solo per quello scopo. Per quello il Creatore di tutta la vita ha mandato un Nuovo Messaggio nel mondo, per allertare e per preparare l\u2019umanit\u00e0. Per quello il Creatore di tutta la vita ha chiesto agli Alleati dell\u2019Umanit\u00e0 di mandare saggezza al mondo in un insieme di Briefing, i Briefing degli Alleati dell\u2019Umanit\u00e0, per prepararvi per la Comunit\u00e0 Pi\u00f9 Grande e per allertarvi contro il contatto prematuro e la realt\u00e0 dell\u2019Intromissione che sta avendo luogo nel mondo oggi.<\/p>\n<p>Sicuramente dovete sapere che l\u2019intromissione conduce sempre alla sottomissione, a meno che le genti native riescano a resistere. \u00c8 stato cos\u00ec nel corso della storia del vostro mondo e rimane vero anche nella Comunit\u00e0 Pi\u00f9 Grande di vita. \u00c8 una situazione sfortunata, ma ha il potere di unire l\u2019umanit\u00e0 per la propria difesa. Ha il potere di elevarvi e di obbligarvi a diventare responsabili e cooperare con altri per preservare il mondo. Per\u00f2 c\u2019\u00e8 cos\u00ec tanto inganno riguardo a queste cose e molta confusione che ne consegue, e molta speranza che chiunque arrivi nel mondo sia qua per aiutare l\u2019umanit\u00e0 nelle sue enormi difficolt\u00e0.<\/p>\n<p>Ma, vedete, non \u00e8 cos\u00ec. Per quello Dio ha mandato un Nuovo Messaggio nel mondo al fine di dare quello che l\u2019umanit\u00e0 non si pu\u00f2 procurare da sola, per darvi la potenza e la saggezza per vedere quello che sta veramente succedendo nel mondo oggi e cosa veramente significano le grandi sfide e opportunit\u00e0 dell\u2019umanit\u00e0, ora che state presso la soglia dello spazio.<\/p>\n<p>C\u2019\u00e8 solo un Insegnamento nel mondo oggi che vi pu\u00f2 preparare per la vita nell\u2019universo.  C\u2019\u00e8 solo un Insegnamento nel mondo oggi che vi pu\u00f2 dire cosa sta arrivando all\u2019orizzonte del mondo con vera accuratezza e profezia. C\u2019\u00e8 solo un Insegnamento nel mondo oggi che \u00e8 un Nuovo Messaggio da Dio e che \u00e8 comprensivo e completo in modo tale per cui dovrebbe essere considerato proprio in questo modo.<\/p>\n<p>Avete alle spalle l\u2019universo. Dovete affrontare questo, per quanto scioccante potrebbe sembrare all\u2019inizio. Lo dovete affrontare. Sicuramente, dovete pensare e considerare, ragionevolmente, che prima o poi l\u2019umanit\u00e0 dovr\u00e0 avere a che fare con la realt\u00e0 della vita nell\u2019universo, non meramente come un\u2019ipotesi scientifica o una possibilit\u00e0 futura, ma come una drammatica realt\u00e0 nel mondo oggi.<\/p>\n<p>Ma le persone non sono consapevoli di questo, non pensano a questo e non sono preparate per questo\u2014il pi\u00f9 grande di tutti gli eventi nella storia umana, il pi\u00f9 grande rischio di perdere la vostra libert\u00e0 e sovranit\u00e0 in questo mondo e la pi\u00f9 grande opportunit\u00e0 di forgiare unit\u00e0 umana per pura necessit\u00e0 e scopo. Perch\u00e9 nulla a cui date valore nel mondo sar\u00e0 mantenuto se doveste cadere sotto la persuasione e la dominazione straniera.<\/p>\n<p>Nessun vero alleato interverrebbe mai nel mondo in questo modo e non cercherebbe di lottare per il controllo del mondo contro i leader umani e le istituzioni umane. Ma quello \u00e8 esattamente lo scopo e l\u2019intenzione dell\u2019Intromissione.<\/p>\n<p>Per quello adesso dovete iniziare a rendervi conto che vivete in una Comunit\u00e0 Pi\u00f9 Grande di vita intelligente, un universo pieno di innumerevoli razze di esseri. Ma voi non sapete nulla di questo ambiente\u2014e nemmeno come interagire con esso, o come discernere un amico da un nemico, o come discernere l\u2019inganno quando esso avviene e come proteggervi dalla manipolazione e dalle grandi influenze che saranno calate sopra le menti e i cuori della gente nel mondo. Voi non sapete come fare queste cose, vedete, e chi al mondo ve lo pu\u00f2 insegnare? Chi al mondo sa cosa sta arrivando e sa come prepararsi?<\/p>\n<p>Questo richiede una Nuova Rivelazione dal Creatore. Perch\u00e9 anche delle razze amichevoli, come gli Alleati dell\u2019Umanit\u00e0, non sanno abbastanza riguardo al cuore e allo spirito umano, o le tortuosit\u00e0 della cultura e della societ\u00e0 umana, o l\u2019intera ampiezza della storia umana, per essere in grado di guidarvi completamente in questa questione.<\/p>\n<p>Questo esiger\u00e0 una Rivelazione da Dio\u2014una Rivelazione diversa da qualsiasi Rivelazione mai mandata nel mondo in precedenza, una Rivelazione per questo tempo e per i tempi a venire, una Rivelazione per prepararvi per le Grandi Onde del cambiamento, una Rivelazione per prepararvi per la vita nell\u2019universo, una Rivelazione che \u00e8 qua per insegnarvi del potere della spiritualit\u00e0 al livello della Conoscenza, un Insegnamento che non \u00e8 mai stato reso disponibile alla famiglia umana in precedenza, una Rivelazione fatta per portarvi la Conoscenza e la Saggezza dall\u2019universo affinch\u00e9 possiate essere preparati per questa vasta e complessa arena di vita, una Rivelazione che \u00e8 qua per insegnarvi cosa veramente significa il destino umano e come pu\u00f2 essere compiuto nel modo pi\u00f9 alto possibile.<\/p>\n<p>State vivendo in un tempo di Rivelazione, e state vivendo in un tempo di Intromissione. State vivendo in un tempo in cui le risorse critiche del mondo sono spese e usate all\u2019eccesso. State vivendo in un tempo in cui la civilt\u00e0 umana sta di fronte al grande pericolo del crollo dall\u2019interno e dall\u2019intrusione dall\u2019esterno, da fuori.<\/p>\n<p>\u00c8 un tempo per l\u2019umanit\u00e0 di cessare i suoi comportamenti adolescenziali, cessare i suoi interminabili conflitti con se stessa e prepararsi a interagire con la Comunit\u00e0 Pi\u00f9 Grande. Per conseguire questo ci vorr\u00e0 l\u2019ingegno dell\u2019umanit\u00e0 e tutti i suoi talenti e tutti i suoi veri leader ed esperti. Ma nessuno di loro sapr\u00e0 cosa fare e nessuno di loro ne vedr\u00e0 l\u2019importanza senza questa Rivelazione.<\/p>\n<p>Un Messaggero ha portato questo nel mondo. Lui ha portato saggezza dalla Comunit\u00e0 Pi\u00f9 Grande. Lui ha portato l\u2019Insegnamento della Spiritualit\u00e0 della Comunit\u00e0 Pi\u00f9 Grande. Lui ha portato la preparazione nella Via della Conoscenza affinch\u00e9 le persone possano loro stesse intraprendere i Passi verso La Conoscenza. Lui ha portato l\u2019avvertimento riguardo alle Grandi Onde del cambiamento. E lui ha portato l\u2019avvertimento riguardo alla Comunit\u00e0 Pi\u00f9 Grande.<\/p>\n<p>Questo ha tutto a che fare con chi sei e perch\u00e9 sei nel mondo in questo tempo. Perch\u00e9 non sei venuto qua per sbaglio. Non sei venuto qua per vivere in un mondo pacifico, un mondo quiescente, in un mondo che non affronterebbe le Grandi Onde del cambiamento. Tu sei venuto in questo tempo per via della Comunit\u00e0 Pi\u00f9 Grande e del grande travaglio che l\u2019umanit\u00e0 sta affrontando, vivendo in un mondo in declino.<\/p>\n<p>Forse a questo non stai ancora pensando o non concepisci la tua vita nell\u2019ambito di questo contesto, ma da una prospettiva pi\u00f9 alta, da una posizione di chiarezza e discernimento, questo \u00e8 cos\u00ec ovviamente il caso in questione. Ma ci\u00f2 che \u00e8 ovvio \u00e8 perso da quelli che non sono capaci di vedere. Non \u00e8 mai considerato da quelli le cui menti sono prese da altre cose.<\/p>\n<p>Per questo la Rivelazione deve avere luogo, e per questo deve arrivare con la potenza del Creatore. Perch\u00e9 il Creatore non sta meramente mandando idee nel mondo. Il Creatore sta mandando potenza nel mondo\u2014il potere di redimere l\u2019individuo e di portare chiarezza e scopo all\u2019individuo affinch\u00e9 i suoi doni superiori possano venire avanti in servizio a un mondo bisognoso.<\/p>\n<p>State affrontando un futuro turbolento e difficile nel mondo, un mondo che sar\u00e0 sottoposto a enorme sfida e stress. Questo ha veramente a che fare con la Comunit\u00e0 Pi\u00f9 Grande, ma forse questo non riuscite a vederlo, perch\u00e9 la vostra mente \u00e8 ancora focalizzata solamente sulla famiglia umana e i suoi problemi. \u00c8 per il fatto che l\u2019umanit\u00e0 \u00e8 in declino, che la Comunit\u00e0 Pi\u00f9 Grande \u00e8 nel mondo, vedendo questa grande opportunit\u00e0 di ottenere il controllo di questo mondo attraverso il potere della persuasione e dell\u2019incentivo. Voi non vedete che questo fa parte dell\u2019evoluzione dell\u2019umanit\u00e0.<\/p>\n<p>Come molte razze nella storia dell\u2019universo, voi dovete affrontare l\u2019intromissione. Ma solo la Rivelazione proveniente da Dio vi dir\u00e0 cosa questo significa e cosa serve che facciate per avere successo qua.<\/p>\n<p>Ci sono molti insegnamenti nel mondo oggi che si rivolgono a molti problemi diversi e necessit\u00e0 diverse, ma non vi \u00e8 maggiore problema o maggiore necessit\u00e0 per la famiglia umana oltre a prepararsi per le Grandi Onde del cambiamento e per la Comunit\u00e0 Pi\u00f9 Grande. Il fatto che la gente non sappia questo, non veda questo e non comprenda questo \u00e8 il problema centrale, vedete.<\/p>\n<p>Se le vostre nazioni e i loro leader conoscessero il pericolo che sta di fronte all\u2019umanit\u00e0, la guerra cesserebbe domani. Non ci sarebbero discorsi di conflitto. Ci sarebbe un discorso di preparazione; ci sarebbe un discorso di contribuzione; ci sarebbe un discorso di cooperazione, perch\u00e9 il mondo \u00e8 messo in pericolo.<\/p>\n<p>Ci sono grandi tempi dinnanzi a voi. Per questo dovete imparare riguardo alla Comunit\u00e0 Pi\u00f9 Grande, per vederla come \u00e8 veramente e non come la gente vorrebbe che fosse, non ripiena di proiezioni di speranza e di paura. Dovete vedere la vera Comunit\u00e0 Pi\u00f9 Grande, e solo la Nuova Rivelazione di Dio vi pu\u00f2 mostrare questo.<\/p>\n<p>Non potete aspettare un secolo intanto che la scienza scopre le cose essenziali. Non potete far passare delle generazioni per essere in grado di arrivare oltre i limiti di questo sistema solare, perch\u00e9 l\u2019Intromissione \u00e8 in corso, e sta guadagnando forza ogni giorno.<\/p>\n<p>L\u2019umanit\u00e0 adesso si trova nel mezzo di un grave insieme di circostanze, in procinto di affrontare sfide maggiori e via dicendo. Non tirarti indietro, perch\u00e9 \u00e8 per questo che sei venuto. Questo \u00e8 il grande punto di svolta per l\u2019umanit\u00e0. Ma quello che l\u2019umanit\u00e0 sceglier\u00e0 e il livello di consapevolezza che avr\u00e0 l\u2019umanit\u00e0 far\u00e0 tutta la differenza in termini di quale esito avr\u00e0 luogo. \u00c8 questa la fine della civilt\u00e0 umana e della libert\u00e0 umana, oppure \u00e8 questo l\u2019inizio di un nuovo capitolo nella lunga evoluzione dell\u2019umanit\u00e0 nel mondo? La risposta \u00e8 ancora incerta perch\u00e9 le decisioni non sono ancora veramente state prese.<\/p>\n<p>Pertanto, la vita ti sta sfidando, ma ti sta anche dando forza. Ti sta chiamando fuori dalle ombre, fuori da una vuota ricerca di realizzazione\u2014una ricerca che pu\u00f2 solo condurre alla confusione e alla disperazione. Ti sta chiamando a proteggere il mondo e proteggere la famiglia umana. Ti sta chiamando a imparare riguardo alla Comunit\u00e0 Pi\u00f9 Grande e ricevere i doni di coloro, nello spazio, che sono consapevoli di voi e della vostra difficile situazione, e che stanno cercando di aiutarvi condividendo con voi la loro saggezza. Loro non verranno nel mondo e non cercheranno di influenzare il pensiero umano o manipolare il comportamento umano. Ma loro non vi vogliono veder soccombere alla persuasione di potenze straniere. Loro sanno che avete il potere di resistere\u2014il potere di resistere l\u2019intromissione, il potere di resistere la sottomissione, il potere di resistere l\u2019inganno, un inganno che \u00e8 praticato cos\u00ec spesso nell\u2019universo contro i deboli e gli ignari.<\/p>\n<p>\u00c8 tempo che la vostra istruzione riguardo alla vita entri in una fase superiore e pi\u00f9 matura. Qua vi devono essere rivelate cose che prima non potevate trovare. Qua vi devono essere mostrate cose che prima non potevate vedere e che probabilmente non avreste mai trovato da soli. Qua una nuova visione e saggezza devono essere date alla famiglia umana. Qua l\u2019individuo deve diventare forte e guidato dalla potenza della Conoscenza dentro di s\u00e9. Qua l\u2019umanit\u00e0 si deve unire per proteggere il mondo, per rinnovare il mondo e per stabilire una fondazione che vi possa sostenere in futuro.<\/p>\n<p>Quello che Dio sa che \u00e8 vero e quello che vuole l\u2019umanit\u00e0 non sono le stesse cose, e quella \u00e8 la grande sfida di fronte a voi. Quello che Dio sa, voi non lo sapete ancora vedere. Cos\u00ec vi \u00e8 rivelato adesso nei termini pi\u00f9 chiari possibili. \u00c8 rivelato in modo tale da evocare in voi le vostre forze superiori e la vostra determinazione. \u00c8 fatto per mostrarvi la potenza della Conoscenza dentro di voi che vi protegger\u00e0 dall\u2019inganno e vi dar\u00e0 il coraggio di vedere cosa deve essere fatto e la forza di portarlo avanti.<\/p>\n<p>Noi mandiamo le nostre benedizioni e il nostro incoraggiamento. Possa tutto quello che \u00e8 stato dato all\u2019umanit\u00e0 ora essere utilizzato al massimo di fronte alla Grande Oscurit\u00e0 nel mondo, di fronte al grande punto di svolta per l\u2019umanit\u00e0.<\/p>\n<p>&nbsp;<\/p>\n","protected":false},"excerpt":{"rendered":"<p>The human family does not realize its vulnerability to this Greater Community or its relationship with this Greater Community.<\/p>\n<p>Living in isolation for so very long, your whole notion of yourself, your notion of Creation and the Divine, are very much associated with this one world alone. Yet so many people in the world today have roots in the Greater Community, for much of their previous experience occurred there before coming into this world, in this life.<\/p>\n","protected":false},"author":8,"featured_media":0,"parent":16486,"menu_order":0,"comment_status":"closed","ping_status":"closed","template":"template-leftsidebar.php","meta":{"_monsterinsights_skip_tracking":false,"_monsterinsights_sitenote_active":false,"_monsterinsights_sitenote_note":"","_monsterinsights_sitenote_category":0,"footnotes":""},"categories":[110,118,76,30,464,460],"tags":[749,740,745,750,711,743,748,741,746,744,747,712,742],"_links":{"self":[{"href":"https:\/\/www.v6.newmessage.org\/it\/wp-json\/wp\/v2\/pages\/27995"}],"collection":[{"href":"https:\/\/www.v6.newmessage.org\/it\/wp-json\/wp\/v2\/pages"}],"about":[{"href":"https:\/\/www.v6.newmessage.org\/it\/wp-json\/wp\/v2\/types\/page"}],"author":[{"embeddable":true,"href":"https:\/\/www.v6.newmessage.org\/it\/wp-json\/wp\/v2\/users\/8"}],"replies":[{"embeddable":true,"href":"https:\/\/www.v6.newmessage.org\/it\/wp-json\/wp\/v2\/comments?post=27995"}],"version-history":[{"count":5,"href":"https:\/\/www.v6.newmessage.org\/it\/wp-json\/wp\/v2\/pages\/27995\/revisions"}],"predecessor-version":[{"id":28482,"href":"https:\/\/www.v6.newmessage.org\/it\/wp-json\/wp\/v2\/pages\/27995\/revisions\/28482"}],"up":[{"embeddable":true,"href":"https:\/\/www.v6.newmessage.org\/it\/wp-json\/wp\/v2\/pages\/16486"}],"wp:attachment":[{"href":"https:\/\/www.v6.newmessage.org\/it\/wp-json\/wp\/v2\/media?parent=27995"}],"wp:term":[{"taxonomy":"category","embeddable":true,"href":"https:\/\/www.v6.newmessage.org\/it\/wp-json\/wp\/v2\/categories?post=27995"},{"taxonomy":"post_tag","embeddable":true,"href":"https:\/\/www.v6.newmessage.org\/it\/wp-json\/wp\/v2\/tags?post=27995"}],"curies":[{"name":"wp","href":"https:\/\/api.w.org\/{rel}","templated":true}]}}