{"id":27992,"date":"2017-03-04T01:42:41","date_gmt":"2017-03-04T01:42:41","guid":{"rendered":"http:\/\/www.newmessage.org\/it\/?page_id=27992"},"modified":"2018-02-02T22:57:14","modified_gmt":"2018-02-02T22:57:14","slug":"prepararsi-per-la-comunita-piu-grande","status":"publish","type":"page","link":"https:\/\/www.v6.newmessage.org\/it\/il-messaggio\/volume-1\/la-comunita-piu-grande\/prepararsi-per-la-comunita-piu-grande","title":{"rendered":"Prepararsi per la Comunit\u00e0 Pi\u00f9 Grande"},"content":{"rendered":"<div><!-- Version 3.5 --><\/div>\n\n<div class=\"tabgroup \"><ul class=\"tabs\"><li><a href=\"#tabs-1\">Ascolta<\/a><\/li>\n<li><a href=\"#tabs-2\">Nota<\/a><\/li><\/ul>\n <div id=\"tabs-1\"><\/p>\n<p>Ascolta la Voce della Rivelazione Originale in Inglese:<\/p>\n<div id=\"jquery_jplayer_1\" class=\"jp-jplayer\"><\/div>\n\t\t\t\t<div id=\"jp_container_1\" class=\"jp-audio\">\n\t\t\t\t<div class=\"jp-type-single\"><div class=\"jp-control\"><a href=\"javascript:;\" class=\"jp-play\" tabindex=\"1\">play<\/a><a href=\"javascript:;\" class=\"jp-pause\" tabindex=\"1\">pause<\/a><\/div> <div class=\"jp-gui jp-interface\"><div class=\"jp-volume\"><div class=\"jp-volume-bar\"><div class=\"jp-volume-bar-value\"><\/div><\/div><\/div><div class=\"jp-progress\"><div class=\"jp-seek-bar\"><div class=\"jp-play-bar\"><\/div><\/div><\/div><\/div>\t\t\t\t\t<div class=\"jp-no-solution\"><span>Update Required<\/span>To play the media you will need to either update your browser to a recent version or update your <a href=\"http:\/\/get.adobe.com\/flashplayer\/\" target=\"_blank\">Flash plugin<\/a>.<\/div><\/div><\/div>\n\t\t\t<script type='text\/javascript'>\n\t\t\t\tjQuery(document).ready(function() {\n\t\t\t\t\tif (typeof (sermonMedia) == 'function') {\n\t\t\t\t\t\tsermonMedia.addAudio('', \"jquery_jplayer_1\");\n\t\t\t\t\t}\n\t\t\t\t\tjQuery.jPlayer.timeFormat.showHour = true;\n\t\t\t\t\tjQuery(\"#jquery_jplayer_1\").jPlayer({\n\t\t\t\t\t\tready: function(event) {\n\t\t\t\t\t\t\tjQuery(this).jPlayer(\"setMedia\", {mp3: 'https:\/\/www.newmessage.org\/av\/preparing-for-the-greater-community.mp3'});\n\t\t\t\t\t\t},\n\t\t\t\t\t\tplay: function() {\n\t\t\t\t\t\t\tjQuery(this).jPlayer(\"pauseOthers\");\n\t\t\t\t\t\t},\n\t\t\t\t\t\tswfPath: ThemeData.directory_uri+\"\/swf\",\n\t\t\t\t\t\tsolution: \"html, flash\",\n\t\t\t\t\t\tpreload: \"metadata\",\n\t\t\t\t\t\twmode: \"window\",\n\t\t\t\t\t\tsupplied: \"mp3\",\n\t\t\t\t\t\tcssSelectorAncestor: '#jp_container_1'\n\t\t\t\t\t});\n\t\t\t\t});\n\t\t\t<\/script><\/p>\n<p><a title=\"Preparing for the Greater Community\" href=\"https:\/\/www.newmessage.org\/av\/preparing-for-the-greater-community.mp3\">Download<\/a> (clicca tasto destro del mouse)<\/p>\n<p><em>Come rivelato al Messaggero di Dio<br \/>\nMarshall Vian Summers<br \/>\nIl 15 Aprile, 2011<br \/>\nin Boulder, Colorado<br \/>\n<\/em><\/p>\n<div class=\"toggle toggle-white\"><h4 class=\"trigger \"><span class=\"t_ico\"><\/span><a href=\"#\">Note riguardo a questa registrazione<\/a><\/h4><div class=\"toggle_container \"><br \/>\n<p>Quella che state sentendo in questa registrazione \u00e8 la voce della <u>Assemblea <\/u>Angelica che sta parlando tramite il <u>Messaggero <\/u>Marshall Vian Summers.<\/p>\n<p>Qua, la comunicazione originale di Dio, che esiste al di l\u00e0 delle parole, \u00e8 tradotta nel linguaggio e nella comprensione umana dall\u2019Assemblea Angelica che veglia sul mondo. Poi l\u2019Assemblea consegna il Messaggio di Dio tramite il Messaggero.<\/p>\n<p>In questo notevole processo, la Voce della Rivelazione sta parlando di nuovo. La Parola e il suono della Voce sono nel mondo. Per la prima volta nella storia, la registrazione dell\u2019originale rivelazione parlata \u00e8 disponibile affinch\u00e9 voi e il mondo la possiate sentire.<\/p>\n<p>Possiate voi essere i destinatari di questo dono di Rivelazione e possiate essere aperti a ricevere il suo Messaggio unico per voi e per la vostra vita.<\/p>\n<br \/>\n<\/div><\/div>\n<p><\/div>\n<div id=\"tabs-2\"><br \/>\n<em>Nota per il Lettore:<br \/>\nQuesta traduzione \u00e8 stata fornita a The Society da uno studente del Nuovo Messaggio che si \u00e8 offerto volontario per tradurre il testo originale in Inglese. Noi rendiamo questa traduzione disponibile al mondo in questa forma iniziale affinch\u00e9 le persone abbiano la possibilit\u00e0 di interagire con una porzione del Nuovo Messaggio nella propria lingua.<\/em><br \/>\n<\/div>\n\t\t\t\t<div align=\"right\">\n\t\t\t<div class=\"fb-like\" data-href=\"\" data-layout=\"button_count\" data-action=\"like\" data-show-faces=\"false\" data-share=\"false\"><\/div>\n\t\t\t<div class=\"fb-share-button\" data-layout=\"button_count\"> <\/div>\n\t\t\t<div class=\"fb_iframe_widget\"><a href=\"https:\/\/twitter.com\/godsnewmessage?ref_src=twsrc%5Etfw\" class=\"twitter-follow-button\" data-show-count=\"false\">Follow @godsnewmessage<\/a><script async src=\"https:\/\/platform.twitter.com\/widgets.js\" charset=\"utf-8\"><\/script><\/div>\n\t\t\t<\/div> <\/div> \n\n<p>L\u2019umanit\u00e0 si sta preparando per la Comunit\u00e0 Pi\u00f9 Grande. Questo non lo sa ancora, ovviamente, ma \u00e8 il suo stadio evolutivo, e tutti sono coinvolti. Il fatto che l\u2019umanit\u00e0 sia impreparata per le realt\u00e0 del contatto con la vita nell\u2019universo \u00e8 molto evidente, ma a un livello pi\u00f9 subconscio, la gente sta presagendo questo, ed \u00e8 per quello che ci\u00f2 emerge nei vostri film, nei vostri libri, nell\u2019immaginazione umana. C\u2019\u00e8 un seme di verit\u00e0, un elemento di verit\u00e0 qua.<\/p>\n<p>C\u2019\u00e8 un motivo per il quale la gente non pu\u00f2 parlare di queste cose in pubblico perch\u00e9 la cosa \u00e8 stata scoraggiata nei discorsi sociali. Il fatto che navicelle straniere stanno volando nei vostri cieli \u00e8 una realt\u00e0 innegabile, eppure la gente non ci vuole pensare. E se ci pensano, la vogliono pensare in modo positivo\u2014che qualcosa di meraviglioso sta succedendo, che avete dei visitatori, e che sono qua per aiutarvi, per guidarvi e per prepararvi a incontrare le difficili sfide che stanno emergendo oggi nel mondo. <\/p>\n<p>Vi state preparando per la Comunit\u00e0 Pi\u00f9 Grande. Inconsciamente, forse scioccamente e in modo spericolato, vi state preparando per la Comunit\u00e0 Pi\u00f9 Grande. Lei \u00e8 preparata per voi. Le razze che sono qua nel mondo oggi sono preparate molto bene per la loro missione qua, una missione che pochissime persone nel mondo oggi concepiscono e capiscono. <\/p>\n<p>Per quello adesso la Rivelazione da Dio vi deve rivelare queste cose nel modo pi\u00f9 chiaro possibile affinch\u00e9 non ci sia errore, nessun tragico errore di giudizio, nessun malinteso e nessun auto-inganno riguardo all\u2019Intromissione nel mondo oggi. <\/p>\n<p>La ricchezza del mondo viene sciupata e rovinata, e la minaccia che questo possa aumentare ha portato qua questa Intromissione. \u00c8 venuta anche perch\u00e9 l\u2019umanit\u00e0 ha creato un\u2019infrastruttura che queste razze possono utilizzare per se stesse. Adesso voi avete una comunit\u00e0 mondiale, comunicazioni mondiali, commercio mondiale e avete gli inizi di un governo mondiale. <\/p>\n<p>\u00c8 una grande opportunit\u00e0 per l\u2019Intromissione. Loro devono agire velocemente prima che l\u2019umanit\u00e0 distrugga la ricchezza del mondo, la ricchezza che l\u2019Intromissione vuole avere per se stessa. Loro devono anche agire prima che l\u2019umanit\u00e0 diventi pi\u00f9 potente, cosa che renderebbe una intromissione pi\u00f9 difficile da conseguire. <\/p>\n<p>\u00c8 una situazione complessa, e per capirla dovete avere una formazione e una preparazione riguardante la stessa Comunit\u00e0 Pi\u00f9 Grande di vita\u2014una realt\u00e0 che \u00e8 sconosciuta nel mondo. \u00c8 per quello che la Rivelazione deve anche parlare di queste cose. <\/p>\n<p>Le tradizioni religiose del mondo non furono date per preparare l\u2019umanit\u00e0 per la Comunit\u00e0 Pi\u00f9 Grande. Non furono nemmeno date per preparare l\u2019umanit\u00e0 per un mondo in declino, per un mondo di risorse calanti e un mondo di instabilit\u00e0 in aumento, per una comunit\u00e0 globale. Gli insegnamenti antichi non possono preparare l\u2019umanit\u00e0 per quello che sta arrivando adesso, per chi \u00e8 in mezzo a voi, per il motivo perch\u00e9 sono qua e per i mezzi che stanno utilizzando per conseguire i loro obiettivi di persuasione e di dominio. Queste cose devono essere rivelate a un\u2019umanit\u00e0 ignara e impreparata. <\/p>\n<p>Voi non potete fermare l\u2019evoluzione della vita. Anche l\u2019evoluzione della civilt\u00e0 deve procedere avanti. Dovrete affrontare la Comunit\u00e0 Pi\u00f9 Grande\u2014pronti o no, volenti o nolenti, preparati o no. Se siete riluttanti e impreparati e se non siete pronti, allora la vostra posizione \u00e8 estremamente rischiosa, e la famiglia umana \u00e8 in pericolo. <\/p>\n<p>Queste sono faccende maggiori che non sono meramente per le persone in posizioni privilegiate nel governo, o qualcosa da considerare per i filosofi o i teologi. \u00c8 la preoccupazione e il focus dei cittadini del mondo. Se loro sono restii a sapere e incapaci di rispondere, cosa pu\u00f2 fare il governo?<\/p>\n<p>\u00c8 per quello che la Rivelazione \u00e8 portata ai cittadini del mondo, a voi\u2014per allertarvi, per prepararvi, per rinforzarvi, per liberarvi dalle vostre illusioni ed errate percezioni affinch\u00e9 voi possiate affrontare la Comunit\u00e0 Pi\u00f9 Grande con chiarezza, onestamente e oggettivamente. Perch\u00e9 non \u00e8 veramente un mistero. \u00c8 solo una verit\u00e0 che viene nascosta. \u00c8 nascosta dai governi del mondo. \u00c8 nascosta dall\u2019Intromissione stessa. Fa parte della natura.<\/p>\n<p>Voi state affrontando competizione da oltre il mondo. Le sue forze non sono qua per eliminare l\u2019umanit\u00e0, ma per ingabbiare l\u2019umanit\u00e0 ed avere influenza nel mondo, perch\u00e9 loro non possono vivere in questo ambiente. Loro hanno bisogno dell\u2019assistenza umana. \u00c8 una situazione pericolosa.<\/p>\n<p>All\u2019inizio avrai paura. Potresti anche essere nel diniego, pensando che non vuoi avere a che fare con cose di questa natura. Ma questa \u00e8 l\u2019evoluzione della vita. Dovete reagire se volete avere successo. \u00c8 una sfida grande e difficile, ma l\u2019umanit\u00e0 \u00e8 capace di affrontare questa sfida e di superarla. Le forze nel mondo oggi sono piccole. Loro non possono conquistare il mondo con la forza, perch\u00e9 quello non \u00e8 permesso in questa regione dello spazio\u2014una cosa di cui l\u2019umanit\u00e0 non sa nulla. <\/p>\n<p>Per capire l\u2019Intromissione, dovete essere formati riguardo alla Comunit\u00e0 Pi\u00f9 Grande stessa, e solo Dio vi pu\u00f2 formare, perch\u00e9 una razza straniera non conosce il cuore e l\u2019animo umano\u2014anche una razza straniera benevola, anche quelle poche razze che sono libere in questa regione dello spazio, che voi potreste chiamare \u201cGli Alleati dell\u2019Umanit\u00e0\u201d, neanche loro vi sanno veramente preparare in pieno per questo, perch\u00e9 loro non conoscono il vostro cuore e il vostro animo. Loro non conoscono la vostra storia. Loro non sono la vostra Fonte.<\/p>\n<p>Questa \u00e8 una delle grandi realt\u00e0 che bisogna affrontare in questo tempo, una realt\u00e0 che cambier\u00e0 la vostra visuale e prospettiva del mondo e vi far\u00e0 rendere conto che il conflitto umano deve cessare e che l\u2019umanit\u00e0 si deve preparare per le realt\u00e0, le difficolt\u00e0 e le opportunit\u00e0 della Comunit\u00e0 Pi\u00f9 Grande. <\/p>\n<p>La Rivelazione di Dio ha rivelato come questo pu\u00f2 essere fatto e cosa significa e le realt\u00e0 e la spiritualit\u00e0 della Comunit\u00e0 Pi\u00f9 Grande stessa. Questo fa parte della vostra sopravvivenza in un mondo che sta cambiando radicalmente, perch\u00e9 l\u2019umanit\u00e0 sta emergendo dall\u2019isolamento nell\u2019universo, e non avrete mai pi\u00f9 questo isolamento.<\/p>\n<p>L\u2019intromissione la stanno tentando adesso, ed anche se fosse impedita, sar\u00e0 tentata in futuro, perch\u00e9 il mondo \u00e8 una conquista, e l\u2019umanit\u00e0 non ha acquisito pienamente la sua responsabilit\u00e0 come amministratrice del mondo. Voi non avete stabilito un futuro sostenibile, e la cosa apre le opportunit\u00e0 per una intromissione. <\/p>\n<p>Non credetevi tanto importanti nell\u2019universo, che altre razze verranno qua per aiutarvi e sarebbero interessate alle vostre meravigliose caratteristiche. Non imbrogliatevi e congratulatevi da soli in questo modo, perch\u00e9 dovete avere un approccio sobrio, non potete neanche perdervi d\u2019animo e perdere fede nell\u2019umanit\u00e0. L\u2019Intromissione cercher\u00e0 di spogliarvi della vostra fiducia in voi stessi. Quello \u00e8 uno dei loro mezzi di persuasione. <\/p>\n<p>Dovete riconoscere che l\u2019umanit\u00e0 ha un destino nell\u2019universo in qualit\u00e0 di razza libera ed autodeterminata, ma per conseguire ci\u00f2, dovrete imparare la saggezza e la conoscenza dall\u2019universo, cosa che solo Dio vi pu\u00f2 veramente fornire.<\/p>\n<p>Per quello la Nuova Rivelazione \u00e8 qua in parte per prepararvi per la Comunit\u00e0 Pi\u00f9 Grande stessa. La Rivelazione \u00e8 anche qua per prepararvi a vivere in un nuovo mondo, un mondo dall\u2019ambiente mutevole e con instabilit\u00e0 e disordine politico e sociale. <\/p>\n<p>La Rivelazione \u00e8 qua per insegnarvi riguardo alla spiritualit\u00e0 al livello della Conoscenza, l\u2019intelligenza superiore che Dio ha messo in ogni persona. La Rivelazione \u00e8 qua per portarvi conoscenza e saggezza dall\u2019universo affinch\u00e9 vi possiate preparare per la vita nell\u2019universo. E la Rivelazione \u00e8 qua per insegnarvi riguardo alla Presenza, al Piano e alla Volont\u00e0 Divina nel mondo. Essa rivela la verit\u00e0 superiore riguardo a queste questioni ed a cosa ci\u00f2 significhi per te e per la tua vita e il tuo destino. <\/p>\n<p>Voi adesso avete la grande responsabilit\u00e0 di rispondere alle condizioni mutevoli del mondo e all\u2019esordio dell\u2019umanit\u00e0 in una Comunit\u00e0 Pi\u00f9 Grande di vita. Tu hai la responsabilit\u00e0 di imparare riguardo alla Comunit\u00e0 Pi\u00f9 Grande e prepararti per la Comunit\u00e0 Pi\u00f9 Grande e diventare una persona del mondo e non solo una persona di un piccolo gruppo, una trib\u00f9 o nazione. Perch\u00e9 l\u2019intero mondo \u00e8 messo in pericolo dall\u2019Intromissione. <\/p>\n<p>Non lasciate che la vostra identit\u00e0 nazionale vi renda ciechi di fronte alle vostre responsabilit\u00e0 pi\u00f9 grandi qua. La preparazione deve essere condivisa e deve essere considerata. Il velo di segretezza deve essere messo da parte. Il velo di ridicolizzazione deve essere messo da parte. Questo deve avvenire al livello del cittadino, perch\u00e9 non pu\u00f2 avvenire unicamente al livello dei governi o dei leader. <\/p>\n<p>State entrando in un panorama pi\u00f9 grande di vita. Non potete scherzare. Non potete trasmettere nello spazio tutti i vostri conflitti, le vostre fantasie e le vostre assurde interazioni. Dovete capire chi sta volando nei vostri cieli, chi sta prendendo la gente contro la loro volont\u00e0. Questo adesso non pu\u00f2 essere un profondo e buio segreto. Deve uscire all\u2019aperto affinch\u00e9 la gente possa vederlo e capirlo con chiarezza. Perch\u00e9, come abbiamo detto, non \u00e8 un mistero. \u00c8 una verit\u00e0 nascosta, nascosta da molte forze.<\/p>\n<p>L\u2019individuo deve vedere con occhi limpidi e non essere dominato dalle persuasioni dei governi o dalle convenzioni sociali o dalle persuasioni sociali. Se volete essere liberi, cos\u00ec deve essere. Se volete contribuire a un mondo emergente, cos\u00ec deve essere. Se vi volete preparare per la Comunit\u00e0 Pi\u00f9 Grande, cosa che \u00e8 principalmente una preparazione interiore, cos\u00ec deve essere. <\/p>\n<p>Per come stanno le cose adesso, l\u2019umanit\u00e0 cadr\u00e0 prima o poi nelle mani dell\u2019Intromissione a meno che non sia messo in campo un enorme sforzo per resistere l\u2019Intromissione e per rivelare la sua presenza e il suo scopo nel mondo. L\u2019Intromissione ha i suoi rappresentanti umani, gente che ha prelevato contro la loro volont\u00e0 e che ha convertito alle sue persuasioni.<\/p>\n<p>Non \u00e8 diverso da quello che le nazioni fanno le une alle altre, per indebolirsi a vicenda, le une per prendere dalle altre, per ottenere accesso alle risorse e alla ricchezza dell\u2019altra. Sta solo succedendo a un livello pi\u00f9 sofisticato e pi\u00f9 clandestino adesso.<\/p>\n<p>Il segreto deve essere rivelato. \u00c8 chiaro. Non \u00e8 ambiguo. Tutte le razze straniere nel mondo oggi fanno parte dell\u2019Intromissione. I veri Alleati dell\u2019Umanit\u00e0 non interverranno nelle faccende umane, perch\u00e9 se dovessero intervenire, dovrebbero controllare la comprensione e la percezione umana, cosa che non faranno, in qualit\u00e0 di razze libere. E ci sono altre ragioni per le quali non interverranno, che dovete imparare attraverso la Rivelazione. <\/p>\n<p>Consapevoli o no, disposti o no, vi state preparando per la Comunit\u00e0 Pi\u00f9 Grande. Questa \u00e8 una delle grandi necessit\u00e0 del vostro tempo. Se le nazioni capissero queste cose, il conflitto umano cesserebbe. La sorveglianza umana dei cieli diventerebbe una questione non limitata alle agenzie segrete dei governi, ma sarebbe una responsabilit\u00e0 dei cittadini dappertutto. Il prelevamento delle persone contro la loro volont\u00e0 sarebbe rivelato e l\u2019Intromissione sarebbe esposta. Si sta affidando alla sottomissione umana e all\u2019ignoranza umana. Se viene esposta, si deve ritirare. Questo \u00e8 il potere che l\u2019umanit\u00e0 potrebbe esercitare a proprio vantaggio, cosa che adesso non sta esercitando. <\/p>\n<p>L\u2019istruzione riguardo alla Comunit\u00e0 Pi\u00f9 Grande deve iniziare. Il momento \u00e8 tardo, l\u2019ora \u00e8 tarda e la situazione diventa pi\u00f9 buia e pi\u00f9 difficile con ogni giorno che passa.<\/p>\n<p>Sei stato mandato nel mondo per affrontare queste cose. A prescindere dalle tue preoccupazioni personali, a prescindere dalle tue preferenze, a prescindere dalla tua condizione personale, questa \u00e8 la verit\u00e0 della tua presenza nel mondo. Tu non fosti mandato nel mondo cento anni fa quando qua non c\u2019era l\u2019Intromissione. Tu non fosti mandato nel mondo cinquanta anni fa, prima che l\u2019Intromissione divenisse veramente manifesta. Questo \u00e8 il tuo tempo e luogo. Questo \u00e8 il mondo che sei venuto a servire. Ignora questo e non troverai il tuo vero scopo e la tua vera contribuzione nel mondo. <\/p>\n<p>Alcune persone hanno una connessione con la vita nell\u2019universo, ma tutti devono affrontare l\u2019Intromissione. Tutti devono iniziare la loro formazione di Comunit\u00e0 Pi\u00f9 Grande se si vuole che l\u2019umanit\u00e0 abbia il futuro di una razza libera e autodeterminata.<\/p>\n<p>Concorrenti sono nel mondo oggi e stanno operando in modo clandestino. Come potreste mai capire questo senza la Rivelazione? Non vi potete preparare da soli per la Comunit\u00e0 Pi\u00f9 Grande perch\u00e9 voi non sapete per cosa vi state preparando, e la fantasia umana, la speculazione e la proiezione riguardo alla vita nell\u2019universo hanno pochissimo a che fare con le realt\u00e0 che dovete affrontare. <\/p>\n<p>Non ritirarti da questo, perch\u00e9 questo fa parte della tua chiamata. Questo fa parte della formazione richiesta dal tuo tempo. Questo \u00e8 ci\u00f2 che ti motiver\u00e0 a preservare il mondo, perch\u00e9 la vostra autosufficienza nell\u2019universo \u00e8 estremamente importante ed \u00e8 uno dei criteri necessari per istituire libert\u00e0 ed autodeterminazione nell\u2019universo. <\/p>\n<p>La Rivelazione sta dando la preparazione per la Comunit\u00e0 Pi\u00f9 Grande, l\u2019unica preparazione di questo genere nel mondo oggi. La tempificazione \u00e8 critica. La necessit\u00e0 \u00e8 tremenda anche se rimane non vista e non riconosciuta dalla maggior parte della gente qua. <\/p>\n<p>Sii coraggioso. Sii determinato. Devi essere coraggioso e determinato per prepararti per la Comunit\u00e0 Pi\u00f9 Grande. Devi essere paziente, perch\u00e9 questa \u00e8 un\u2019istruzione superiore. Non pu\u00f2 essere definita in poche sentenze o in semplici definizioni. Non puoi essere pigro e sciocco di fronte a una soglia cos\u00ec grande.<\/p>\n<p>Dio sa cosa sta arrivando. E Dio deve preparare l\u2019umanit\u00e0, che non vede e non sa. \u00c8 la sfida di affrontare il nuovo mondo, un mondo in declino, e la sfida di affrontare la Comunit\u00e0 Pi\u00f9 Grande che unir\u00e0 la gente e rinforzer\u00e0 la gente e consentir\u00e0 all\u2019umanit\u00e0 di superare i suoi antichi conflitti e le sue antiche animosit\u00e0. <\/p>\n<p>Voi avete una necessit\u00e0 comune. \u00c8 talmente prevalente che pu\u00f2 superare qualsiasi altra cosa. Questo \u00e8 il dono dell\u2019enorme sfida che state affrontando se questa sfida pu\u00f2 essere capita, se la formazione riguardo all\u2019Intromissione e alla Comunit\u00e0 Pi\u00f9 Grande pu\u00f2 essere presentata e condivisa.<\/p>\n<p>Giungi a questo e scamperai le insignificanti faccende della tua vita e la tua stessa sofferenza per le piccole cose. Vedrai l\u2019importanza della tua presenza nel mondo e perch\u00e9 sei stato benedetto e guidato a ricevere la Nuova Rivelazione. <\/p>\n<p>L\u2019umanit\u00e0 ha grande speranza nell\u2019universo, ma affinch\u00e9 questa speranza sia realizzata, deve crescere. Non pu\u00f2 essere adolescenziale. Non pu\u00f2 essere sciocca e autoindulgente di fronte a cose pi\u00f9 grandi. Altre forze sono in mezzo a voi. Adesso dovrete contendere con loro, e fare questo elever\u00e0 l\u2019umanit\u00e0 e le dar\u00e0 maggiore forza e una maggiore determinazione per il futuro.<\/p>\n<p>&nbsp;<\/p>\n","protected":false},"excerpt":{"rendered":"<p>The human family does not realize its vulnerability to this Greater Community or its relationship with this Greater Community.<\/p>\n<p>Living in isolation for so very long, your whole notion of yourself, your notion of Creation and the Divine, are very much associated with this one world alone. Yet so many people in the world today have roots in the Greater Community, for much of their previous experience occurred there before coming into this world, in this life.<\/p>\n","protected":false},"author":8,"featured_media":0,"parent":16486,"menu_order":0,"comment_status":"closed","ping_status":"closed","template":"template-leftsidebar.php","meta":{"_monsterinsights_skip_tracking":false,"_monsterinsights_sitenote_active":false,"_monsterinsights_sitenote_note":"","_monsterinsights_sitenote_category":0,"footnotes":""},"categories":[110,118,76,30,464,460],"tags":[749,740,745,750,743,748,741,709,710,746,744,747,742],"_links":{"self":[{"href":"https:\/\/www.v6.newmessage.org\/it\/wp-json\/wp\/v2\/pages\/27992"}],"collection":[{"href":"https:\/\/www.v6.newmessage.org\/it\/wp-json\/wp\/v2\/pages"}],"about":[{"href":"https:\/\/www.v6.newmessage.org\/it\/wp-json\/wp\/v2\/types\/page"}],"author":[{"embeddable":true,"href":"https:\/\/www.v6.newmessage.org\/it\/wp-json\/wp\/v2\/users\/8"}],"replies":[{"embeddable":true,"href":"https:\/\/www.v6.newmessage.org\/it\/wp-json\/wp\/v2\/comments?post=27992"}],"version-history":[{"count":4,"href":"https:\/\/www.v6.newmessage.org\/it\/wp-json\/wp\/v2\/pages\/27992\/revisions"}],"predecessor-version":[{"id":28119,"href":"https:\/\/www.v6.newmessage.org\/it\/wp-json\/wp\/v2\/pages\/27992\/revisions\/28119"}],"up":[{"embeddable":true,"href":"https:\/\/www.v6.newmessage.org\/it\/wp-json\/wp\/v2\/pages\/16486"}],"wp:attachment":[{"href":"https:\/\/www.v6.newmessage.org\/it\/wp-json\/wp\/v2\/media?parent=27992"}],"wp:term":[{"taxonomy":"category","embeddable":true,"href":"https:\/\/www.v6.newmessage.org\/it\/wp-json\/wp\/v2\/categories?post=27992"},{"taxonomy":"post_tag","embeddable":true,"href":"https:\/\/www.v6.newmessage.org\/it\/wp-json\/wp\/v2\/tags?post=27992"}],"curies":[{"name":"wp","href":"https:\/\/api.w.org\/{rel}","templated":true}]}}