{"id":27976,"date":"2017-01-22T07:37:39","date_gmt":"2017-01-22T07:37:39","guid":{"rendered":"http:\/\/www.newmessage.org\/it\/?page_id=27976"},"modified":"2022-03-13T03:02:59","modified_gmt":"2022-03-13T03:02:59","slug":"la-poverta","status":"publish","type":"page","link":"https:\/\/www.v6.newmessage.org\/it\/il-messaggio\/volume-1\/la-riformazione\/la-poverta","title":{"rendered":"La Povert\u00e0"},"content":{"rendered":"<div><!-- Version 3.0 Verse --><\/div>\n\n<div class=\"tabgroup \"><ul class=\"tabs\"><li><a href=\"#tabs-1\">Ascolta<\/a><\/li>\n<li><a href=\"#tabs-2\">Nota<\/a><\/li><\/ul>\n <div id=\"tabs-1\"><\/p>\n<p>Ascolta la Voce della Rivelazione Originale in Inglese:<\/p>\n<div id=\"jquery_jplayer_1\" class=\"jp-jplayer\"><\/div>\n\t\t\t\t<div id=\"jp_container_1\" class=\"jp-audio\">\n\t\t\t\t<div class=\"jp-type-single\"><div class=\"jp-control\"><a href=\"javascript:;\" class=\"jp-play\" tabindex=\"1\">play<\/a><a href=\"javascript:;\" class=\"jp-pause\" tabindex=\"1\">pause<\/a><\/div> <div class=\"jp-gui jp-interface\"><div class=\"jp-volume\"><div class=\"jp-volume-bar\"><div class=\"jp-volume-bar-value\"><\/div><\/div><\/div><div class=\"jp-progress\"><div class=\"jp-seek-bar\"><div class=\"jp-play-bar\"><\/div><\/div><\/div><\/div>\t\t\t\t\t<div class=\"jp-no-solution\"><span>Update Required<\/span>To play the media you will need to either update your browser to a recent version or update your <a href=\"http:\/\/get.adobe.com\/flashplayer\/\" target=\"_blank\">Flash plugin<\/a>.<\/div><\/div><\/div>\n\t\t\t<script type='text\/javascript'>\n\t\t\t\tjQuery(document).ready(function() {\n\t\t\t\t\tif (typeof (sermonMedia) == 'function') {\n\t\t\t\t\t\tsermonMedia.addAudio('', \"jquery_jplayer_1\");\n\t\t\t\t\t}\n\t\t\t\t\tjQuery.jPlayer.timeFormat.showHour = true;\n\t\t\t\t\tjQuery(\"#jquery_jplayer_1\").jPlayer({\n\t\t\t\t\t\tready: function(event) {\n\t\t\t\t\t\t\tjQuery(this).jPlayer(\"setMedia\", {mp3: 'https:\/\/www.newmessage.org\/av\/poverty.mp3'});\n\t\t\t\t\t\t},\n\t\t\t\t\t\tplay: function() {\n\t\t\t\t\t\t\tjQuery(this).jPlayer(\"pauseOthers\");\n\t\t\t\t\t\t},\n\t\t\t\t\t\tswfPath: ThemeData.directory_uri+\"\/swf\",\n\t\t\t\t\t\tsolution: \"html, flash\",\n\t\t\t\t\t\tpreload: \"metadata\",\n\t\t\t\t\t\twmode: \"window\",\n\t\t\t\t\t\tsupplied: \"mp3\",\n\t\t\t\t\t\tcssSelectorAncestor: '#jp_container_1'\n\t\t\t\t\t});\n\t\t\t\t});\n\t\t\t<\/script><\/p>\n<p><a title=\"Poverty\" href=\"https:\/\/www.newmessage.org\/av\/poverty.mp3\">Download<\/a> (clicca tasto destro del mouse)<\/p>\n<p><em>Rivelato al Messaggero di Dio<br \/>\nMarshall Vian Summers<br \/>\nIl 10 Settembre, 2014<br \/>\nin Boulder, Colorado<br \/>\n<\/em><\/p>\n<div class=\"toggle toggle-white\"><h4 class=\"trigger \"><span class=\"t_ico\"><\/span><a href=\"#\">Note riguardo a questa registrazione<\/a><\/h4><div class=\"toggle_container \"><br \/>\n<p>Quella che state sentendo in questa registrazione \u00e8 la voce della <u>Assemblea <\/u>Angelica che sta parlando tramite il <u>Messaggero <\/u>Marshall Vian Summers.<\/p>\n<p>Qua, la comunicazione originale di Dio, che esiste al di l\u00e0 delle parole, \u00e8 tradotta nel linguaggio e nella comprensione umana dall\u2019Assemblea Angelica che veglia sul mondo. Poi l\u2019Assemblea consegna il Messaggio di Dio tramite il Messaggero.<\/p>\n<p>In questo notevole processo, la Voce della Rivelazione sta parlando di nuovo. La Parola e il suono della Voce sono nel mondo. Per la prima volta nella storia, la registrazione dell\u2019originale rivelazione parlata \u00e8 disponibile affinch\u00e9 voi e il mondo la possiate sentire.<\/p>\n<p>Possiate voi essere i destinatari di questo dono di Rivelazione e possiate essere aperti a ricevere il suo Messaggio unico per voi e per la vostra vita.<\/p>\n<br \/>\n<\/div><\/div><br \/>\n<\/div>\n<div id=\"tabs-2\"><br \/>\n<em>Nota per il Lettore:<br \/>\nQuesta traduzione \u00e8 stata fornita a The Society da uno studente del Nuovo Messaggio che si \u00e8 offerto volontario per tradurre il testo originale in Inglese. Noi rendiamo questa traduzione disponibile al mondo in questa forma iniziale affinch\u00e9 le persone abbiano la possibilit\u00e0 di interagire con una porzione del Nuovo Messaggio nella propria lingua.<\/em><br \/>\n<\/div>\n\t\t\t\t<div align=\"right\">\n\t\t\t<div class=\"fb-like\" data-href=\"\" data-layout=\"button_count\" data-action=\"like\" data-show-faces=\"false\" data-share=\"false\"><\/div>\n\t\t\t<div class=\"fb-share-button\" data-layout=\"button_count\"> <\/div>\n\t\t\t<div class=\"fb_iframe_widget\"><a href=\"https:\/\/twitter.com\/godsnewmessage?ref_src=twsrc%5Etfw\" class=\"twitter-follow-button\" data-show-count=\"false\">Follow @godsnewmessage<\/a><script async src=\"https:\/\/platform.twitter.com\/widgets.js\" charset=\"utf-8\"><\/script><\/div>\n\t\t\t<\/div> <\/div> \n\n<p>Povert\u00e0\u2014la povert\u00e0 dell\u2019Anima, la povert\u00e0 del corpo, la povert\u00e0 dell\u2019isolamento, la povert\u00e0 della dissociazione dagli altri. La povert\u00e0 prende cos\u00ec tante forme\u2014alcune visibili, alcune invisibili, alcune evidenti, alcune non evidenti.<\/p>\n<p>\u00c8 la condizione di vivere in Separazione. Perch\u00e9 la povert\u00e0 non \u00e8 meramente una condizione di quelli che hanno poco con cui sostenersi. \u00c8 la condizione di vivere in Separazione.<\/p>\n<p>Fino a quando non riesci a trovare la voce superiore che Dio ha messo dentro di te da seguire, tu sentirai povert\u00e0. Anche se hai tutte le cose che ti servono materialmente, sarai comunque povero. Anche se vivi nello splendore, la tua vita sar\u00e0 vuota, senza vero significato e direzione.<\/p>\n<p>Questa povert\u00e0 \u00e8 pervasiva, e impatta le persone a ogni livello di benessere materiale. Sfortunatamente, per i ricchi la loro povert\u00e0 adesso diventa cos\u00ec ben nascosta, coperta da tutte le loro ambizioni e le loro acquisizioni, i loro vizi, le loro fantasie, dando l\u2019apparenza di ricchezza e comfort e splendore quando, di fatto, \u00e8 tutta una copertura per la povert\u00e0. Loro credono di essere benedetti da Dio\u2014quelli che si sono provvisti a spese degli altri, quelli che non restituiscono abbastanza al mondo.<\/p>\n<p>Ma Dio ha piet\u00e0 dei ricchi che non riescono a trovare il dono che la loro relativa libert\u00e0 gli darebbe. Loro possono essere pi\u00f9 tragici dei poveri, le cui necessit\u00e0 sono evidenti e pi\u00f9 facilmente soddisfatte.<\/p>\n<p>\u00c8 un viaggio di libert\u00e0, fino in fondo, a ogni livello di societ\u00e0, a ogni livello di benessere personale, a ogni livello di affluenza. Perch\u00e9 cos\u00ec tante persone che sono sfuggite alla povert\u00e0 abietta entreranno poi in un regno di esplorazione personale e di vizio, di fuga personale dalla durezza della vita. Vivranno in un mondo di acquisizione, un mondo in cui cercano storie romantiche, un mondo di fantasia e di appagamento personale.<\/p>\n<p>La loro ricchezza, la loro nuova affluenza, cosa gli ha dato se non aver ora reso pi\u00f9 profondo il loro dilemma, perch\u00e9 adesso la loro povert\u00e0 diventa pi\u00f9 nascosta, anche se ancora li tormenta. Adesso sono meno capaci di essere con se stessi, e con altri, con una mente aperta e un cuore aperto, perch\u00e9 la loro povert\u00e0 permane, e loro adesso hanno trovato modi nuovi per cercare la fuga, sempre cercando di scappare dalla loro esperienza basilare. Questa \u00e8 povert\u00e0.<\/p>\n<p>Le genti del mondo che non riescono a trovare riparo e cibo e sicurezza e sanit\u00e0, tutti loro hanno bisogno di assistenza. \u00c8 l\u2019appello ai ricchi affinch\u00e9 si occupino della povert\u00e0 a questo livello.<\/p>\n<p>Non ti serve una seconda casa o una quinta automobile o gioielli oppure orologi o abbigliamenti costosi quando coloro che adesso dipendono da te sono affamati e stanno lottando per sopravvivere. La tua ricchezza adesso \u00e8 una risorsa che deve per prima cosa essere restituita al mondo.<\/p>\n<p>Concediti alcuni comfort in una vita modesta. Concediti la libert\u00e0 di esplorare il vero significato della tua vita adesso che non devi faticare giornalmente per sopravvivere.<\/p>\n<p>Prendi questa opportunit\u00e0 per ricevere la Nuova Rivelazione di Dio per il mondo, che amplificher\u00e0 tutte le precedenti Rivelazioni di Dio, che tutte\u2014individualmente ed insieme\u2014ti richiamano alla tua pi\u00f9 profonda responsabilit\u00e0 e allo scopo per il quale sei nel mondo.<\/p>\n<p>I ricchi si devono prendere cura dei poveri, e i poveri si devono aiutare tra loro nella misura in cui sono in grado di farlo.<\/p>\n<p>Non pensare che otterrai favore dal Cielo se tu dovessi evitare questa responsabilit\u00e0. In particolare per i ricchi. Questa \u00e8 una grande responsabilit\u00e0.<\/p>\n<p>Tu sarai in grado di fare tanto bene nel mondo con quello che hai, e ti ripristiner\u00e0 la tua integrit\u00e0 e il tuo auto-rispetto. Ti restituir\u00e0 un senso di valore e di significato e ti dar\u00e0 l\u2019esperienza del fatto che sei veramente stato mandato dal Cielo per dare queste cose a un\u2019umanit\u00e0 che sta lottando.<\/p>\n<p>Ognuno nel mondo si trova sulla stessa grande nave chiamata Terra. Se parte della nave entra nello sfacelo, se parte dell\u2019equipaggio non \u00e8 nutrito e sostenuto, bene, l\u2019intero vascello \u00e8 minacciato.<\/p>\n<p>Non puoi semplicemente pensare come una persona regionale o avere un\u2019identit\u00e0 locale, perch\u00e9 adesso dipendi da cose che provengono da tutto il mondo. E la condizione di nazioni lontane da te determiner\u00e0 come sar\u00e0 la tua vita sia adesso che nei tempi a venire, senza alcun dubbio.<\/p>\n<p>Il viaggio di libert\u00e0 \u00e8 il viaggio fuori dalla povert\u00e0. All\u2019inizio, \u00e8 la libert\u00e0 di avere cibo, acqua, un riparo, sicurezza e sanit\u00e0, e l\u2019opportunit\u00e0 di diventare essenzialmente istruito\u2014un grande traguardo per una percentuale cos\u00ec grande della famiglia umana. E sar\u00e0 una percentuale della famiglia umana ancora pi\u00f9 grande in futuro quando le Grandi Onde del cambiamento arriveranno sul mondo, il grande cambiamento che anche oggi poche persone capiscono o riescono a riconoscere.<\/p>\n<p>Una volta che hai soddisfatto sufficientemente questi requisiti, allora puoi vedere come la tua formazione ti pu\u00f2 servire al fine di essere un vero contributore nel mondo e usare parte della tua crescente affluenza per assistere gli altri e dare loro l\u2019opportunit\u00e0 di soddisfare i requisiti di base della vita.<\/p>\n<p>Perch\u00e9 devi capire che la povert\u00e0 dell\u2019umanit\u00e0 in gran parte \u00e8 quello che mantiene l\u2019umanit\u00e0 primitiva, divisiva, e la deruba del sua grande progressivo avanzamento, di cui avr\u00e0 bisogno in un mondo in declino\u2014in un mondo di risorse in declino, di maltempo violento e sommosse economiche.<\/p>\n<p>I grandi fisici, i grandi educatori, i grandi politici, i grandi assistenti dell\u2019umanit\u00e0 non possono emergere dalla severa povert\u00e0, perch\u00e9 sono intrappolati l\u00e0 dentro, lo vedete?<\/p>\n<p>\u00c8 lo stesso problema delle donne nel mondo, la maggior parte delle quali sono intrappolate in un insieme di circostanze domestiche dalle quali non riescono a fuggire. Loro non avanzeranno e non progrediranno, e di conseguenza tutta la famiglia umana soffrir\u00e0. La brillantezza, la forza, l\u2019ingegno, la dedizione verso traguardi superiori e scopi superiori non saranno realizzati se la gente non riuscir\u00e0 a fuggire da queste condizioni.<\/p>\n<p>Il futuro del mondo non pu\u00f2 essere lasciato a pochi ricchi individui ispirati. Si appeller\u00e0 a un enorme numero, per poter deviare la marea dalla disintegrazione e dal crollo della civilt\u00e0 umana.<\/p>\n<p>Il dare dovr\u00e0 crescere, ma quelli che possono dare devono prima ricevere. Loro devono ricevere i requisiti di base della vita. Loro devono ricevere una formazione superiore oltre a questo. E loro devono riconoscere che il mondo non \u00e8 semplicemente qua per dotarli di tutti i loro vizi e piaceri, ma per dare loro l\u2019opportunit\u00e0 di fare una vera differenza qua, perch\u00e9 solo quello soddisfer\u00e0 il vero bisogno dell\u2019Anima.<\/p>\n<p>Se l\u2019Anima non \u00e8 soddisfatta, nulla ti soddisfer\u00e0. Puoi possedere tutto quello che riesci ad afferrare e poi altro ancora. Non ti soddisfer\u00e0. Vorrai sempre di pi\u00f9, interminabilmente vorrai di pi\u00f9, interminabilmente, perch\u00e9 la tua Anima non \u00e8 soddisfatta.<\/p>\n<p>\u00c8 un vuoto che non puoi colmare con oggetti o con storie romantiche o con eccitanti avventure o interminabili esperienze nel mondo. Pu\u00f2 solo essere colmato riconoscendo l\u2019intelligenza pi\u00f9 profonda che Dio ti ha dato, che da sola ti pu\u00f2 dare la forza e lo scopo per elevare la tua vita e condurti a una vita superiore di servizio e di realizzazione nel mondo.<\/p>\n<p>\u00c8 solo diventando un vero contributore anzich\u00e9 meramente una cavalletta nei campi, che divora tutto quello che vede\u2014divora risorse, divora esperienze, divora il paesaggio, usando tutto oggi cos\u00ec rimarr\u00e0 pochissimo per domani.<\/p>\n<p>Non ti sentirai solo vuoto, ma fondamentalmente colpevole dentro di te, se questa \u00e8 la tua aspirazione, se questa \u00e8 la tua enfasi nella vita\u2014 interminabile acquisizione.<\/p>\n<p>Il senso di colpa profondo \u00e8 l\u00e0 perch\u00e9 non stai veramente vivendo la vita che sei venuto qua a vivere. Non stai veramente facendo quello che sai che devi fare. Non stai servendo Coloro che ti hanno mandato qua.<\/p>\n<p>Non nasconderti dietro alla religione, pensando che credere negli editti della tua religione ti favorir\u00e0 agli occhi del Cielo, perch\u00e9 loro stanno guardando per vedere cosa veramente farai nel mondo, e se hai soddisfatto i requisiti di base della vita, quanto servirai gli altri qua e quanto sarai tu una forza per il bene.<\/p>\n<p>A loro non importa cosa acquisisci. Non si curano neanche delle tue convinzioni religiose se esse non ti sanno condurre a un servizio superiore e una maggiore misericordia per gli altri.<\/p>\n<p>Sei comunque impoverito, sfilando come una persona ricca, con i tuoi simboli di potere e di affluenza. E tutti gli addobbi della bellezza e del fascino che puoi acquisire e con cui ti adorni non nasconderanno il fatto che sei povero e stai fallendo la tua missione qua.<\/p>\n<p>La povert\u00e0 \u00e8 in te. \u00c8 tutt\u2019intorno a te. Guarda le facce dei ricchi che vivono con cos\u00ec tanta tutela e sicurezza nelle loro nazioni, con accesso a interminabile cibo e acqua e assistenza dal governo. Guarda le loro facce. Sono facce di gente che \u00e8 ispirata, che \u00e8 viva con gioia e con scopo e significato?<\/p>\n<p>Guarda i poveri che vivono tra gli stracci, che non hanno nulla e nessuna speranza di avere qualcosa. Non biasimarli. Non pensare che sia la Volont\u00e0 di Dio che loro esistano in tali condizioni. Non pensare che sia il risultato di esperienze di vite precedenti. Non pensare che si siano meritati il diritto di essere poveri, perch\u00e9 devi guardare con misericordia e immaginare come sarebbe vivere le loro vite.<\/p>\n<p>Se lo farai, smetterai di lamentarti di tutte le cose di cui ti lamenti oggi e inizierai a contare le tue benedizioni, che sono persino pi\u00f9 numerose di quanto al momento riusciresti a considerare.<\/p>\n<p>La religione consiste nel servizio. Consiste nel prendersi cura della gente. Consiste nel curare le ferite. Non consiste nell\u2019ottenere potere o dichiarare guerra o condannare gli altri. Se la tua religione non conduce a un servizio e ad una misericordia superiori, allora la stai deludendo nella sua sostanza.<\/p>\n<p>Anche se sei devoto e segui tutti i precetti e tutte le pratiche della tua fede, se non ti sta dando un maggiore impeto per il servizio, per la misericordia e il perdono, la stai deludendo.<\/p>\n<p>Il Cielo non \u00e8 soddisfatto. E pi\u00f9 ricco sei, pi\u00f9 \u00e8 grande il fallimento. Perch\u00e9 la tua ricchezza adesso \u00e8 una risorsa per aiutare gli altri. Quello \u00e8 il suo vero valore, al di l\u00e0 di darti un po\u2019 di pi\u00f9 comfort e un po\u2019 di pi\u00f9 libert\u00e0 personale, quello \u00e8 lo scopo della ricchezza.<\/p>\n<p>I ricchi dovrebbero essere i grandi benefattori della vita, tutti loro, senza eccezione\u2014nutrendo la gente, prendendosi cura della gente, assicurandosi che la gente abbia i requisiti di base, e oltre a questo l\u2019opportunit\u00e0 per una formazione e un servizio superiore.<\/p>\n<p>Usare la religione come un pretesto per la guerra e per uccidere gli altri \u00e8 una abominazione. Qua state servendo le forze oscure. A prescindere da quale dichiarate che sia la vostra fede o la vostra fedelt\u00e0 alle vostre sacre scritture, state servendo le forze oscure.<\/p>\n<p>Quello di cui Noi stiamo parlando qua oggi \u00e8 quello a cui il Cielo d\u00e0 valore. Ma quello a cui il cielo d\u00e0 valore non \u00e8 quello a cui le persone danno valore o vogliono, eccetto per pochissimi.<\/p>\n<p>A prescindere da dove siate nella vita o nelle vostre circostanze, dovete arrestare la povert\u00e0 dentro di voi. Al di l\u00e0 di andare incontro ai requisiti di base della vostra vita, la vostra vita deve essere fatta di servizio e di contribuzione.<\/p>\n<p>Questo lo fai per la tua stessa redenzione. Lo fai per il benessere della tua comunit\u00e0 e della tua nazione. Ma tu fai questo anche perch\u00e9 \u00e8 quello che sar\u00e0 richiesto ai cittadini di ogni luogo, al fine di dare all\u2019umanit\u00e0 la resilienza e la stabilit\u00e0 per navigare i tempi difficili dinnanzi, per evitare che la civilt\u00e0 umana collassi quando le risorse declinano e i raccolti iniziano a mancare.<\/p>\n<p>Tu fai questo per l\u2019intero mondo anche se il tuo servizio \u00e8 locale e immediato e molto specifico e non porta con s\u00e9 grande gloria o riconoscimento.<\/p>\n<p>Questo ripristiner\u00e0 il tuo valore personale, il tuo senso di integrit\u00e0, la tua ispirazione nella vita, la tua gioia, godendo dei benefici di quello che hai e il senso del significato della tua presenza qua sulla Terra, che pu\u00f2 essere trovato solo seguendo quello che ti stiamo dando qua oggi.<\/p>\n<p>Se vuoi accontentare Dio, dai da mangiare alla gente, proteggili dalle Grandi Onde del cambiamento, istruiscili. Se vuoi che il Cielo ti supporti, allora acquisisci solo quello che veramente ti serve e non molto di pi\u00f9 e dai il resto dove ce n\u2019\u00e8 pi\u00f9 bisogno. Il tuo cuore e La Conoscenza dentro di te, La Conoscenza che Dio ha messo l\u00e0, ti guideranno dove questo pu\u00f2 essere dato con il massimo effetto.<\/p>\n<p>Questo ti dar\u00e0 forza. Questo ti dar\u00e0 scopo. Questo render\u00e0 la tua vita resiliente ed efficace. Questo ti sollever\u00e0 dalla depressione e dall\u2019auto-biasimo e dal biasimo verso gli altri. Perch\u00e9 quelle sono meramente le manifestazioni della povert\u00e0, la profonda povert\u00e0 di cui Noi parliamo.<\/p>\n<p>Nel tuo cuore, tu sai che sei venuto qua per uno scopo superiore. Nel tuo cuore, tu sai che non stai veramente vivendo la vita che sei destinato a vivere. Nel tuo cuore, tu sai che devi essere sincero verso quello che \u00e8 permanente e reale dentro di te.<\/p>\n<p>Questo devi affrontare. Devi affrontare quelle cose che ti trattengono, che ti mantengono piccolo e debole e perso nel mondo, uno schiavo dei suoi incentivi e delle sue seduzioni, uno schiavo della tua paura e dei tuoi impulsi. Devi affrontare queste cose altrimenti non sarai in grado di superarle.<\/p>\n<p>Il Cielo ti ha dato la potenza della Conoscenza che ti pu\u00f2 condurre fuori da questo interminabile labirinto di difficolt\u00e0, ma devi imparare a riconoscerla tra le altre voci nella tua mente. Devi imparare a sentirla e conoscerla e fidarti di lei abbastanza da seguirla, affinch\u00e9 si possa dimostrare a te nel tempo.<\/p>\n<p>Dio ha dato i Passi verso La Conoscenza, il grande Insegnamento in redenzione, e le pratiche per aiutarti a conseguire ci\u00f2, date nel linguaggio pi\u00f9 semplice possibile, con molta ripetizione e chiarificazione. Ti pu\u00f2 guidare e condurre e orientare verso questa potenza superiore che Dio ha messo dentro di te, che da sola conosce il tuo destino e la direzione che devi seguire, che in questo momento non puoi ancora vedere.<\/p>\n<p>Il tuo scopo \u00e8 di terminare la povert\u00e0 dentro di te ed assistere nel terminare la povert\u00e0 negli altri, non solo la povert\u00e0 fisica ma anche la povert\u00e0 spirituale, perch\u00e9 quella \u00e8 la radice di tutta la sofferenza umana\u2014per i ricchi, per i poveri.<\/p>\n<p>Qua tutti hanno uno scopo comune. Anche se i tuoi doni sono designati per certi luoghi e certe persone, tutti hanno uno scopo comune, siano essi religiosi o no, a prescindere da quale paese o da quale insieme di circostanze provengono. <\/p>\n<p>La ricostituzione deve avvenire in abbastanza persone, in te. Affronta la tua povert\u00e0, e ti dar\u00e0 l\u2019incentivo e la determinazione per procedere.<\/p>\n","protected":false},"excerpt":{"rendered":"<p>Povert\u00e0\u2014la povert\u00e0 dell\u2019Anima, la povert\u00e0 del corpo, la povert\u00e0 dell\u2019isolamento, la povert\u00e0 della dissociazione dagli altri. La povert\u00e0 prende cos\u00ec tante forme\u2014alcune visibili, alcune invisibili, alcune evidenti, alcune non evidenti. \u00c8 la condizione di vivere in Separazione. Perch\u00e9 la povert\u00e0 non \u00e8 meramente una condizione di quelli che hanno poco con cui sostenersi. \u00c8 la\u2026 <a class=\"read-more\" href=\"https:\/\/www.v6.newmessage.org\/it\/about-recording-shortcode\"><span>Read More<\/span><\/a><\/p>\n","protected":false},"author":8,"featured_media":0,"parent":29061,"menu_order":0,"comment_status":"closed","ping_status":"closed","template":"template-leftsidebar.php","meta":{"_monsterinsights_skip_tracking":false,"_monsterinsights_sitenote_active":false,"_monsterinsights_sitenote_note":"","_monsterinsights_sitenote_category":0,"footnotes":""},"categories":[1097,76,460],"tags":[749,740,745,750,701,706,743,748,741,707,746,744,747,742],"_links":{"self":[{"href":"https:\/\/www.v6.newmessage.org\/it\/wp-json\/wp\/v2\/pages\/27976"}],"collection":[{"href":"https:\/\/www.v6.newmessage.org\/it\/wp-json\/wp\/v2\/pages"}],"about":[{"href":"https:\/\/www.v6.newmessage.org\/it\/wp-json\/wp\/v2\/types\/page"}],"author":[{"embeddable":true,"href":"https:\/\/www.v6.newmessage.org\/it\/wp-json\/wp\/v2\/users\/8"}],"replies":[{"embeddable":true,"href":"https:\/\/www.v6.newmessage.org\/it\/wp-json\/wp\/v2\/comments?post=27976"}],"version-history":[{"count":3,"href":"https:\/\/www.v6.newmessage.org\/it\/wp-json\/wp\/v2\/pages\/27976\/revisions"}],"predecessor-version":[{"id":28111,"href":"https:\/\/www.v6.newmessage.org\/it\/wp-json\/wp\/v2\/pages\/27976\/revisions\/28111"}],"up":[{"embeddable":true,"href":"https:\/\/www.v6.newmessage.org\/it\/wp-json\/wp\/v2\/pages\/29061"}],"wp:attachment":[{"href":"https:\/\/www.v6.newmessage.org\/it\/wp-json\/wp\/v2\/media?parent=27976"}],"wp:term":[{"taxonomy":"category","embeddable":true,"href":"https:\/\/www.v6.newmessage.org\/it\/wp-json\/wp\/v2\/categories?post=27976"},{"taxonomy":"post_tag","embeddable":true,"href":"https:\/\/www.v6.newmessage.org\/it\/wp-json\/wp\/v2\/tags?post=27976"}],"curies":[{"name":"wp","href":"https:\/\/api.w.org\/{rel}","templated":true}]}}