{"id":27973,"date":"2017-01-19T03:09:47","date_gmt":"2017-01-19T03:09:47","guid":{"rendered":"http:\/\/www.newmessage.org\/it\/?page_id=27973"},"modified":"2018-02-02T07:43:49","modified_gmt":"2018-02-02T07:43:49","slug":"lo-shock-del-futuro","status":"publish","type":"page","link":"https:\/\/www.v6.newmessage.org\/it\/il-messaggio\/volume-1\/il-nuovo-mondo\/lo-shock-del-futuro","title":{"rendered":"Lo Shock del Futuro"},"content":{"rendered":"<div><!-- Version 3.0 Verse --><\/div>\n\n<div class=\"tabgroup \"><ul class=\"tabs\"><li><a href=\"#tabs-1\">Ascolta<\/a><\/li>\n<li><a href=\"#tabs-2\">Nota<\/a><\/li><\/ul>\n <div id=\"tabs-1\"><\/p>\n<p>Ascolta la Voce della Rivelazione Originale in Inglese:<\/p>\n<div id=\"jquery_jplayer_1\" class=\"jp-jplayer\"><\/div>\n\t\t\t\t<div id=\"jp_container_1\" class=\"jp-audio\">\n\t\t\t\t<div class=\"jp-type-single\"><div class=\"jp-control\"><a href=\"javascript:;\" class=\"jp-play\" tabindex=\"1\">play<\/a><a href=\"javascript:;\" class=\"jp-pause\" tabindex=\"1\">pause<\/a><\/div> <div class=\"jp-gui jp-interface\"><div class=\"jp-volume\"><div class=\"jp-volume-bar\"><div class=\"jp-volume-bar-value\"><\/div><\/div><\/div><div class=\"jp-progress\"><div class=\"jp-seek-bar\"><div class=\"jp-play-bar\"><\/div><\/div><\/div><\/div>\t\t\t\t\t<div class=\"jp-no-solution\"><span>Update Required<\/span>To play the media you will need to either update your browser to a recent version or update your <a href=\"http:\/\/get.adobe.com\/flashplayer\/\" target=\"_blank\">Flash plugin<\/a>.<\/div><\/div><\/div>\n\t\t\t<script type='text\/javascript'>\n\t\t\t\tjQuery(document).ready(function() {\n\t\t\t\t\tif (typeof (sermonMedia) == 'function') {\n\t\t\t\t\t\tsermonMedia.addAudio('', \"jquery_jplayer_1\");\n\t\t\t\t\t}\n\t\t\t\t\tjQuery.jPlayer.timeFormat.showHour = true;\n\t\t\t\t\tjQuery(\"#jquery_jplayer_1\").jPlayer({\n\t\t\t\t\t\tready: function(event) {\n\t\t\t\t\t\t\tjQuery(this).jPlayer(\"setMedia\", {mp3: 'https:\/\/www.newmessage.org\/av\/the-shock-of-the-future.mp3'});\n\t\t\t\t\t\t},\n\t\t\t\t\t\tplay: function() {\n\t\t\t\t\t\t\tjQuery(this).jPlayer(\"pauseOthers\");\n\t\t\t\t\t\t},\n\t\t\t\t\t\tswfPath: ThemeData.directory_uri+\"\/swf\",\n\t\t\t\t\t\tsolution: \"html, flash\",\n\t\t\t\t\t\tpreload: \"metadata\",\n\t\t\t\t\t\twmode: \"window\",\n\t\t\t\t\t\tsupplied: \"mp3\",\n\t\t\t\t\t\tcssSelectorAncestor: '#jp_container_1'\n\t\t\t\t\t});\n\t\t\t\t});\n\t\t\t<\/script><\/p>\n<p><a title=\"The Shock of the Future\" href=\"https:\/\/www.newmessage.org\/av\/the-shock-of-the-future.mp3\">Download<\/a> (clicca tasto destro del mouse)<\/p>\n<p><em>Rivelato al Messaggero di Dio<br \/>\nMarshall Vian Summers<br \/>\nIl 30 Aprile, 2011<br \/>\nin Boulder, Colorado<br \/>\n<\/em><\/p>\n<div class=\"toggle toggle-white\"><h4 class=\"trigger \"><span class=\"t_ico\"><\/span><a href=\"#\">Note riguardo a questa registrazione<\/a><\/h4><div class=\"toggle_container \"><br \/>\n<p>Quella che state sentendo in questa registrazione \u00e8 la voce della <u>Assemblea <\/u>Angelica che sta parlando tramite il <u>Messaggero <\/u>Marshall Vian Summers.<\/p>\n<p>Qua, la comunicazione originale di Dio, che esiste al di l\u00e0 delle parole, \u00e8 tradotta nel linguaggio e nella comprensione umana dall\u2019Assemblea Angelica che veglia sul mondo. Poi l\u2019Assemblea consegna il Messaggio di Dio tramite il Messaggero.<\/p>\n<p>In questo notevole processo, la Voce della Rivelazione sta parlando di nuovo. La Parola e il suono della Voce sono nel mondo. Per la prima volta nella storia, la registrazione dell\u2019originale rivelazione parlata \u00e8 disponibile affinch\u00e9 voi e il mondo la possiate sentire.<\/p>\n<p>Possiate voi essere i destinatari di questo dono di Rivelazione e possiate essere aperti a ricevere il suo Messaggio unico per voi e per la vostra vita.<\/p>\n<br \/>\n<\/div><\/div><br \/>\n<\/div>\n<div id=\"tabs-2\"><br \/>\n<em>Nota per il Lettore:<br \/>\nQuesta traduzione \u00e8 stata fornita a The Society da uno studente del Nuovo Messaggio che si \u00e8 offerto volontario per tradurre il testo originale in Inglese. Noi rendiamo questa traduzione disponibile al mondo in questa forma iniziale affinch\u00e9 le persone abbiano la possibilit\u00e0 di interagire con una porzione del Nuovo Messaggio nella propria lingua.<\/em><br \/>\n<\/div>\n\t\t\t\t<div align=\"right\">\n\t\t\t<div class=\"fb-like\" data-href=\"\" data-layout=\"button_count\" data-action=\"like\" data-show-faces=\"false\" data-share=\"false\"><\/div>\n\t\t\t<div class=\"fb-share-button\" data-layout=\"button_count\"> <\/div>\n\t\t\t<div class=\"fb_iframe_widget\"><a href=\"https:\/\/twitter.com\/godsnewmessage?ref_src=twsrc%5Etfw\" class=\"twitter-follow-button\" data-show-count=\"false\">Follow @godsnewmessage<\/a><script async src=\"https:\/\/platform.twitter.com\/widgets.js\" charset=\"utf-8\"><\/script><\/div>\n\t\t\t<\/div> <\/div> \n\n<p>Dio vuole preparare l\u2019umanit\u00e0 per un nuovo mondo, una nuova realt\u00e0, e per il suo incontro con la vita nell\u2019universo, un incontro che cambier\u00e0 e determiner\u00e0 il futuro e il destino dell\u2019umanit\u00e0.<\/p>\n<p>State entrando in un nuovo mondo\u2014un mondo di cambiamento ambientale, un mondo di maltempo violento, un mondo che \u00e8 imprevedibile, un mondo che sar\u00e0 sbilanciato, con grandi difficolt\u00e0 politiche ed economiche. Le nazioni saranno scosse dalla rivoluzione, ed economie nazionali crolleranno.<\/p>\n<p>\u00c8 il risultato di molte forze al lavoro, che sono state al lavoro per del tempo. I saggi sanno prevedere questo. Per tutti gli altri, questo sar\u00e0 un grande shock\u2014lo shock del futuro.<\/p>\n<p>Non vederlo come una grande tragedia o qualcosa da evitare, trascurare o negare, perch\u00e9 su questo c\u2019\u00e8 scritto il tuo nome. Tu sei stato mandato nel mondo per servire il mondo in queste condizioni. <\/p>\n<p>Anche se forse non sei stato attento alle Grandi Onde del cambiamento che stanno iniziando a spazzare il mondo, loro si stanno in ogni caso muovendo. Non \u00e8 un tempo per la noncuranza. Non \u00e8 un tempo per proiettare le tue idee o convinzioni. Non \u00e8 un tempo per discutere o dibattere interminabilmente. <\/p>\n<p>\u00c8 un tempo per guardare e vedere e continuare a guardare e osservare, discernendo l\u2019orizzonte, discernendo le mutevoli circostanze della vita intorno a te, discernendo il cambiamento che sta avendo luogo nelle vite della gente\u2014cambiamento imprevisto, cambiamento stravolgente, al di l\u00e0 dei normali parametri della vita.<\/p>\n<p>Forse la tua vita stava cambiando internamente ed esternamente come se fosse in preparazione per qualcosa di cos\u00ec grande che dovresti assistere ed esserne parte. Se questa \u00e8 la tua esperienza allora puoi essere certo che ti stai preparando per il nuovo mondo, anche se inconsciamente.<\/p>\n<p>Dio ti ha dato La Conoscenza per guidarti e prepararti, ma La Conoscenza opera sotto la superficie della mente dove vive la gente. \u00c8 un\u2019intelligenza superiore. Sta discernendo il movimento del mondo, e sta rispondendo al Creatore.<\/p>\n<p>La Nuova Rivelazione di Dio si rivolger\u00e0 a questa parte di te pi\u00f9 che al tuo intelletto, perch\u00e9 questa \u00e8 la parte di te che non ha mai lasciato Dio. Pertanto, \u00e8 la parte di te che pu\u00f2 veramente rispondere. \u00c8 la parte di te che \u00e8 saggia e priva di conflitti. Non ha paura del mondo, perch\u00e9 non pu\u00f2 essere distrutta. <\/p>\n<p>Sulla superficie della tua mente, tu soffri per ogni piccola cosa, e tu hai grandi ansie riguardo al tuo futuro benessere\u2014sempre la paura di perdita futura, sempre la paura di innumerevoli cose che ti possono succedere e paura per i tuoi cari.<\/p>\n<p>Come puoi mai sapere qualcosa a questo livello, cos\u00ec colmo di paura e ambizione, cos\u00ec facilmente distratto, cos\u00ec facilmente manipolato, cos\u00ec facilmente controllato, cos\u00ec facilmente dominato dalle opinioni o dalla determinazione degli altri?<\/p>\n<p>Lo shock del futuro sar\u00e0 uno shock perch\u00e9 voi siete impreparati. Non avete prestato attenzione. Siete stati ossessionati da altre cose di significato piccolo o nullo. Siete stati presi nelle faccende della giornata e nei vostri sentimenti, nei vostri ricordi e rimpianti, non attenti al mondo intorno a voi.<\/p>\n<p>Con la preparazione, non c\u2019\u00e8 shock. C\u2019\u00e8 solo conferma. Anche quello che \u00e8 scioccante non ti sconvolger\u00e0. Forse ti sorprender\u00e0 e sbigottir\u00e0 nel momento, ma non ne sarai sorpreso. Non rimarrai paralizzato, gelato nella paura, senza alcuna idea di cosa fare. Quando la nave inizier\u00e0 a pendere e prendere acqua, tu sarai pronto. Non sarai raggelato. Non affonderai con la nave.<\/p>\n<p>Dio ti ha dato il potere di salvarti, non solo dalle calamit\u00e0 nel mondo, ma da ogni disastro e da ogni errore di calcolo che potresti fare e avere lungo la via.<\/p>\n<p>Puoi pregare Dio per molte cose\u2014per la protezione, per dei vantaggi, per una sorte felice\u2014ma Dio ti ha dato il dono pi\u00f9 grande possibile. Ma se \u00e8 sconosciuto o resistito o trascurato, cosa altro pu\u00f2 Dio fare per te?<\/p>\n<p>Dio non sta gestendo le tue faccende quotidiane. Dio non sta muovendo il sangue nelle tue vene. Dio non sta facendo gonfiare i venti o stabilendo la temperatura. Questo \u00e8 un mondo di eventi a cascata. Non ha un apparente ordine. <\/p>\n<p>Le forze del mondo\u2014le forze geologiche e biologiche\u2014furono messe in moto all\u2019inizio del tempo. Si stanno muovendo per conto proprio. La misura in cui l\u2019umanit\u00e0 ha turbato il delicato equilibrio della Terra produrr\u00e0 grandi eventi e sta producendo grandi eventi anche in questo momento.<\/p>\n<p>Ma chi sta prestando attenzione? Chi si sta rendendo conto della causa e dell\u2019effetto? Chi sta ascoltando la potenza e la presenza che risiede dentro di s\u00e9?<\/p>\n<p>La gente vaciller\u00e0 tra eccitamento e incubo. Loro cercano l\u2019amore come una specie di fuga e intossicazione affinch\u00e9 li liberi dal costante fardello e offuscamento della paura e del rammarico, laddove il vero amore rimane un mistero per loro, il vero amore che emana dalla Conoscenza.<\/p>\n<p>Il mondo, nel suo grande cambiamento, pu\u00f2 servirti se lo sai approcciare correttamente. Lo shock del mondo ti pu\u00f2 preparare. Ti pu\u00f2 scuoter fuori dai tuoi sogni di felicit\u00e0 e di disastro. Ti pu\u00f2 portare ai tuoi sensi. Si pu\u00f2 appellare alle tue forze e alla tua determinazione e molto certamente alla tua misericordia per la gente.<\/p>\n<p>Tu stai entrando nell\u2019epoca della responsabilit\u00e0 e cooperazione umana. Tu devi essere una parte di questo, altrimenti la tua vita sar\u00e0 sprecata. La tua vita sar\u00e0 sempre minacciata.<\/p>\n<p>La gente si vuole ritirare in una specie di felicit\u00e0 svogliata, senza alcuna preoccupazione, ma questo quando lo vedete, \u00e8 patetico. \u00c8 triste. Non c\u2019\u00e8 intelligenza. Non c\u2019\u00e8 ispirazione. Non c\u2019\u00e8 onest\u00e0. Non c\u2019\u00e8 alcuna vera connessione con altri. Non c\u2019\u00e8 alcun servizio o contribuzione. Si sono gettati fuori dal significato della vita nella loro vita di costante riposo.<\/p>\n<p>Questo non fa per te. Tu non hai fatto il lungo viaggio in questo mondo e non hai attraversato gli stadi della crescita e dello sviluppo, con tutte le difficolt\u00e0 di una persona, semplicemente per essere messo al pascolo da qualche parte. <\/p>\n<p>Coloro che ti hanno mandato nel mondo stanno contando sul tuo sviluppo e sulla tua preparazione. Loro sanno che quella sar\u00e0 la fonte di significato, di felicit\u00e0 e di appagamento nella tua vita. <\/p>\n<p>L\u2019affluenza nel mondo sbiadir\u00e0. Sar\u00e0 persa da molte persone. Il bisogno umano diventer\u00e0 cos\u00ec grande che si appeller\u00e0 a gente di ogni luogo affinch\u00e9 assistano e partecipino.<\/p>\n<p>La nave sta gi\u00e0 facendo acqua, vedi. Sta gi\u00e0 iniziando a pendere da un lato. Quelli che sanno questo sono chiamati a rispondere, a prepararsi e vedere dove il loro contributo pu\u00f2 essere di massimo beneficio. <\/p>\n<p>Lo shock futuro per loro \u00e8 proprio adesso\u2014lo shock di presa di coscienza, lo shock di dover svoltare la tua vita in una nuova direzione, lo shock di rendersi conto di quanto poco significato e scopo ci sono stati nella tua vita in precedenza e come hai sprecato te stesso, il tuo tempo e la tua preziosa energia su cose che hanno poca o nessuna speranza.<\/p>\n<p>Questo \u00e8 lo shock del futuro, lo shock futuro, sta succedendo in questo momento, ora che inizi a prestare attenzione e a rispondere ai segnali del mondo.<\/p>\n<p>Dio ti sta chiamando attraverso questi segnali. Dio non ti sta chiamando a ritornare al tuo stato paradisiaco, ma a entrare nel mondo per lo scopo per il quale sei venuto.<\/p>\n<p>Questo cambier\u00e0 i tuoi valori e le tue priorit\u00e0. Questo cambier\u00e0 quello che cerchi negli altri. Questo cambier\u00e0 quello a cui dai valore in te stesso. Questo cambier\u00e0 la tua relazione con il tempo. Questo cambier\u00e0 la tua esperienza delle relazioni. Questo cambier\u00e0 la tua relazione con la tua mente e con il tuo corpo. Questo cambier\u00e0 la tua relazione con tutto. Quello \u00e8 lo shock.<\/p>\n<p>Una volta che hai svoltato questo angolo, se riesci a svoltare questo angolo, allora sarai in grado di affrontare quasi tutto. Anche se potresti sentire shock e disappunto nel momento, non ti sconvolger\u00e0. La Conoscenza diventer\u00e0 la tua fondazione, e non \u00e8 scioccata dal mondo. Non \u00e8 neanche del mondo. \u00c8 qua per servire il mondo.<\/p>\n<p>Sulla superficie della mente, continuerai a soffrire per le cose, ma saranno cose di maggiore importanza e significanza, maggiore significato e conseguenza, al posto di piccole cose che non hanno nessun futuro e nessun destino.<\/p>\n<p>Il tuo amore diventer\u00e0 autentico pi\u00f9 che illusorio. Sar\u00e0 mirato a persone che possono veramente partecipare con te, al posto di quelli con i quali non hai un futuro e un destino.<\/p>\n<p>Dio ti sta chiamando a rispondere, sia dentro di te che ai segnali del mondo. Per vedere i segnali, devi guardare e prestare attenzione, non solo qua e l\u00e0, ma continuamente. Come gli uccelli nel cielo e gli animali nel campo, voi state scrutando il vostro ambiente. Proprio come loro, voi avete un grande bisogno di farlo. <\/p>\n<p>Tutto quello a cui dai valore\u2014il tuo futuro, le persone a cui vuoi bene, anche la tua stessa vita\u2014dipenderanno da questo. Non significa guardare con paura. Non \u00e8 vivere in uno stato di trepidazione. \u00c8 guardare con occhi limpidi, con la potenza e la presenza della Conoscenza.<\/p>\n<p>Questo far\u00e0 tutta la differenza in come riesci vedere oppure no e in come riesci a guardare il mondo con incubo e ansia oppure con certezza, misericordia e determinazione.<\/p>\n<p>Il tuo primo legame e impegno \u00e8 verso La Conoscenza perch\u00e9 quello \u00e8 il tuo legame e impegno con Dio. Se il tuo impegno \u00e8 autentico, e non colmo delle tue ambizioni e delle tue idee, allora avrai una fondazione che ti consentir\u00e0 di essere una fonte di forza, scopo e rassicurazione per gli altri. Il bisogno di rassicurazione in questo momento \u00e8 enorme e sta crescendo con il passare di ogni giorno. <\/p>\n<p>Lascia che gli sciocchi siano sciocchi. Lascia che gli ignoranti siano ignoranti. Lascia che chi si inganna da solo si inganni da solo. Lascia che quelli che sono persi nelle loro opinioni siano persi nelle loro opinioni. Cerca quelli capaci di rispondere. Cerca quelli capaci di scendere dalla nave. Cerca i tuoi veri alleati, perch\u00e9 adesso avrai bisogno di compagni forti. Non puoi essere circoscritto da quelli dalla mente debole e da quelli che hanno troppa paura di procedere.<\/p>\n<p>Questo cambier\u00e0 tutto per te, cos\u00ec come tutto deve cambiare, cos\u00ec come serve che tutto cambi. \u00c8 la benedizione del cambiamento. \u00c8 la difficolt\u00e0 del cambiamento. \u00c8 quello che ti render\u00e0 forte e potente. <\/p>\n<p>Non credere che sar\u00e0 facile, perch\u00e9 non sar\u00e0 facile. Non credere che succeder\u00e0 subito perch\u00e9 \u00e8 un processo di molti stadi e passi. Non credere di essere gi\u00e0 l\u00e0, perch\u00e9 non sai cosa dovrai affrontare.<\/p>\n<p>Lo shock del futuro \u00e8 con te adesso. I saggi percepiscono prima che gli eventi abbiano luogo e si preparano in tal senso. Loro non aspettano di essere sopraffatti all\u2019ultimo momento. Loro vedono i segnali del mondo. Loro individuano il cambiamento nel tempo, nell\u2019atmosfera, nel movimento delle cose e nella reazione non solo della gente ma delle creature della natura. Loro stanno scrutando.<\/p>\n<p>Loro non sono persi nei loro hobby o nelle loro storie romantiche o nelle loro ossessioni, solo per poi essere sopraffatti all\u2019ultimo momento. Loro non seguono le convinzioni del consenso. Loro non seguono quello che gli viene detto dai leader del governo o della religione. Loro non seguono le opinioni generali perch\u00e9 la gente \u00e8 cieca e non sta prestando attenzione. Loro non hanno paura di affrontare la sfida e le difficolt\u00e0, cos\u00ec loro non si pacificano con false supposizioni. Loro non prendono i loro spunti dai deboli e dai paurosi.<\/p>\n<p>Il dono di Dio \u00e8 per tutti. La potenza della Conoscenza \u00e8 per tutti. Ma chi \u00e8 in grado di rispondere? I doni del Cielo sono per tutti, anche vivendo in un mondo difficile e calamitoso. Ma chi \u00e8 in grado di riceverli? Chi \u00e8 capace di cambiare la propria vita e prospettiva per essere nella posizione di sentire ci\u00f2?<\/p>\n<p>Anche qua lo shock del futuro \u00e8 un dono\u2014un dono di redenzione. Svegliarsi dalla propria paurosa separazione \u00e8 un enorme evento. Chiama le potenze del Cielo a te che stai iniziando a risvegliarti.<\/p>\n<p>Lascia che La Conoscenza sia la tua guida e lascia che il mondo ti dica dove sta andando e cosa sta emergendo all\u2019orizzonte. Sii vigile. Calma la tua mente. Metti da parte i tuoi desideri e la tua costante paura, intraprendendo i Passi verso La Conoscenza. Ricevi la Rivelazione, il Nuovo Messaggio per l\u2019umanit\u00e0. Tu sei benedetto anche solo perch\u00e9 sai di questo. <\/p>\n<p>Tu sei benedetto perch\u00e9 puoi sentire la Nostra Voce. Sei benedetto di essere sotto shock. Tu sei benedetto anche di essere deluso, perch\u00e9 questa delusione ti pu\u00f2 liberare dal passato. Tu sei benedetto di essere liberato. Tu sei benedetto quando le persone ti lasciano. Tu sei benedetto quando le cose ti scivolano di dosso, perch\u00e9 questo inizia a preparare il palcoscenico per una nuova vita e un impegno superiore e una relazione superiore con il Divino e con te stesso e gli altri.<\/p>\n<p>Questo \u00e8 il mondo che sei venuto a servire, e null\u2019altro che questo servizio ti render\u00e0 vero significato e vera relazione. Comprendi questo, e troverai il segreto e la chiave per una felicit\u00e0 superiore, un significato superiore e uno scopo superiore, che stanno aspettando di essere scoperti.<\/p>\n","protected":false},"excerpt":{"rendered":"<p>Dio vuole preparare l\u2019umanit\u00e0 per un nuovo mondo, una nuova realt\u00e0, e per il suo incontro con la vita nell\u2019universo, un incontro che cambier\u00e0 e determiner\u00e0 il futuro e il destino dell\u2019umanit\u00e0. State entrando in un nuovo mondo\u2014un mondo di cambiamento ambientale, un mondo di maltempo violento, un mondo che \u00e8 imprevedibile, un mondo che\u2026 <a class=\"read-more\" href=\"https:\/\/www.v6.newmessage.org\/it\/about-recording-shortcode\"><span>Read More<\/span><\/a><\/p>\n","protected":false},"author":8,"featured_media":0,"parent":16482,"menu_order":0,"comment_status":"closed","ping_status":"closed","template":"template-leftsidebar.php","meta":{"_monsterinsights_skip_tracking":false,"_monsterinsights_sitenote_active":false,"_monsterinsights_sitenote_note":"","_monsterinsights_sitenote_category":0,"footnotes":""},"categories":[118,536,76,30,463,460],"tags":[749,740,745,750,701,705,743,748,741,746,744,747,397,742],"_links":{"self":[{"href":"https:\/\/www.v6.newmessage.org\/it\/wp-json\/wp\/v2\/pages\/27973"}],"collection":[{"href":"https:\/\/www.v6.newmessage.org\/it\/wp-json\/wp\/v2\/pages"}],"about":[{"href":"https:\/\/www.v6.newmessage.org\/it\/wp-json\/wp\/v2\/types\/page"}],"author":[{"embeddable":true,"href":"https:\/\/www.v6.newmessage.org\/it\/wp-json\/wp\/v2\/users\/8"}],"replies":[{"embeddable":true,"href":"https:\/\/www.v6.newmessage.org\/it\/wp-json\/wp\/v2\/comments?post=27973"}],"version-history":[{"count":3,"href":"https:\/\/www.v6.newmessage.org\/it\/wp-json\/wp\/v2\/pages\/27973\/revisions"}],"predecessor-version":[{"id":28109,"href":"https:\/\/www.v6.newmessage.org\/it\/wp-json\/wp\/v2\/pages\/27973\/revisions\/28109"}],"up":[{"embeddable":true,"href":"https:\/\/www.v6.newmessage.org\/it\/wp-json\/wp\/v2\/pages\/16482"}],"wp:attachment":[{"href":"https:\/\/www.v6.newmessage.org\/it\/wp-json\/wp\/v2\/media?parent=27973"}],"wp:term":[{"taxonomy":"category","embeddable":true,"href":"https:\/\/www.v6.newmessage.org\/it\/wp-json\/wp\/v2\/categories?post=27973"},{"taxonomy":"post_tag","embeddable":true,"href":"https:\/\/www.v6.newmessage.org\/it\/wp-json\/wp\/v2\/tags?post=27973"}],"curies":[{"name":"wp","href":"https:\/\/api.w.org\/{rel}","templated":true}]}}