{"id":27797,"date":"2016-09-04T10:08:24","date_gmt":"2016-09-04T10:08:24","guid":{"rendered":"http:\/\/www.newmessage.org\/it\/?page_id=27797"},"modified":"2018-12-10T11:16:52","modified_gmt":"2018-12-10T11:16:52","slug":"il-viaggio-del-messaggero","status":"publish","type":"page","link":"https:\/\/www.v6.newmessage.org\/it\/il-messaggio\/volume-1\/il-nuovo-messaggero\/il-viaggio-del-messaggero","title":{"rendered":"Il Viaggio del Messaggero"},"content":{"rendered":"<div><!-- Version 8.0 --><\/div>\n\n<div class=\"tabgroup \"><ul class=\"tabs\"><li><a href=\"#tabs-1\">Ascolta<\/a><\/li>\n<li><a href=\"#tabs-2\">Nota<\/a><\/li><\/ul>\n <div id=\"tabs-1\"><br \/>\nAscolta la Voce della Rivelazione Originale in Inglese:<\/p>\n<div id=\"jquery_jplayer_1\" class=\"jp-jplayer\"><\/div>\n\t\t\t\t<div id=\"jp_container_1\" class=\"jp-audio\">\n\t\t\t\t<div class=\"jp-type-single\"><div class=\"jp-control\"><a href=\"javascript:;\" class=\"jp-play\" tabindex=\"1\">play<\/a><a href=\"javascript:;\" class=\"jp-pause\" tabindex=\"1\">pause<\/a><\/div> <div class=\"jp-gui jp-interface\"><div class=\"jp-volume\"><div class=\"jp-volume-bar\"><div class=\"jp-volume-bar-value\"><\/div><\/div><\/div><div class=\"jp-progress\"><div class=\"jp-seek-bar\"><div class=\"jp-play-bar\"><\/div><\/div><\/div><\/div>\t\t\t\t\t<div class=\"jp-no-solution\"><span>Update Required<\/span>To play the media you will need to either update your browser to a recent version or update your <a href=\"http:\/\/get.adobe.com\/flashplayer\/\" target=\"_blank\">Flash plugin<\/a>.<\/div><\/div><\/div>\n\t\t\t<script type='text\/javascript'>\n\t\t\t\tjQuery(document).ready(function() {\n\t\t\t\t\tif (typeof (sermonMedia) == 'function') {\n\t\t\t\t\t\tsermonMedia.addAudio('', \"jquery_jplayer_1\");\n\t\t\t\t\t}\n\t\t\t\t\tjQuery.jPlayer.timeFormat.showHour = true;\n\t\t\t\t\tjQuery(\"#jquery_jplayer_1\").jPlayer({\n\t\t\t\t\t\tready: function(event) {\n\t\t\t\t\t\t\tjQuery(this).jPlayer(\"setMedia\", {mp3: 'https:\/\/newmessage.org\/av\/the-journey-of-the-messenger.mp3'});\n\t\t\t\t\t\t},\n\t\t\t\t\t\tplay: function() {\n\t\t\t\t\t\t\tjQuery(this).jPlayer(\"pauseOthers\");\n\t\t\t\t\t\t},\n\t\t\t\t\t\tswfPath: ThemeData.directory_uri+\"\/swf\",\n\t\t\t\t\t\tsolution: \"html, flash\",\n\t\t\t\t\t\tpreload: \"metadata\",\n\t\t\t\t\t\twmode: \"window\",\n\t\t\t\t\t\tsupplied: \"mp3\",\n\t\t\t\t\t\tcssSelectorAncestor: '#jp_container_1'\n\t\t\t\t\t});\n\t\t\t\t});\n\t\t\t<\/script><\/p>\n<p><a title=\"The Journey of the Messenger\" href=\"\/\/www.newmessage.org\/av\/the-journey-of-the-messenger.mp3\">Download<\/a> (clicca tasto destro del mouse)<\/p>\n<p class=\"revelation_details\"><em>Rivelato al Messaggero di Dio<br \/>\nMarshall Vian Summers<br \/>\nIl 14 Luglio, 2013<br \/>\nin Boulder, CO<\/em><\/p>\n<div class=\"toggle toggle-white\"><h4 class=\"trigger \"><span class=\"t_ico\"><\/span><a href=\"#\">Note riguardo a questa registrazione<\/a><\/h4><div class=\"toggle_container \"><br \/>\n<p>Quella che state sentendo in questa registrazione \u00e8 la voce della <u>Assemblea <\/u>Angelica che sta parlando tramite il <u>Messaggero <\/u>Marshall Vian Summers.<\/p>\n<p>Qua, la comunicazione originale di Dio, che esiste al di l\u00e0 delle parole, \u00e8 tradotta nel linguaggio e nella comprensione umana dall\u2019Assemblea Angelica che veglia sul mondo. Poi l\u2019Assemblea consegna il Messaggio di Dio tramite il Messaggero.<\/p>\n<p>In questo notevole processo, la Voce della Rivelazione sta parlando di nuovo. La Parola e il suono della Voce sono nel mondo. Per la prima volta nella storia, la registrazione dell\u2019originale rivelazione parlata \u00e8 disponibile affinch\u00e9 voi e il mondo la possiate sentire.<\/p>\n<p>Possiate voi essere i destinatari di questo dono di Rivelazione e possiate essere aperti a ricevere il suo Messaggio unico per voi e per la vostra vita.<\/p>\n<br \/>\n<\/div><\/div>\n<p><\/div>\n<div id=\"tabs-2\"><br \/>\n<em>Nota per il Lettore:<br \/>\nQuesta traduzione \u00e8 stata fornita alla Society da uno studente del Nuovo Messaggio che si \u00e8 offerto volontario per tradurre il testo originale in Inglese. Noi rendiamo questa traduzione disponibile al mondo in questa forma iniziale affinch\u00e9 le persone abbiano la possibilit\u00e0 di interagire con una porzione del Nuovo Messaggio nella propria lingua.<\/em><br \/>\n<\/div>\n\t\t\t\t<div align=\"right\">\n\t\t\t<div class=\"fb-like\" data-href=\"\" data-layout=\"button_count\" data-action=\"like\" data-show-faces=\"false\" data-share=\"false\"><\/div>\n\t\t\t<div class=\"fb-share-button\" data-layout=\"button_count\"> <\/div>\n\t\t\t<div class=\"fb_iframe_widget\"><a href=\"https:\/\/twitter.com\/godsnewmessage?ref_src=twsrc%5Etfw\" class=\"twitter-follow-button\" data-show-count=\"false\">Follow @godsnewmessage<\/a><script async src=\"https:\/\/platform.twitter.com\/widgets.js\" charset=\"utf-8\"><\/script><\/div>\n\t\t\t<\/div> <\/div> \n\n<p>Dio ha mandato il Messaggero nel mondo in un tempo di grande cambiamento e di crescente incertezza. Lui \u00e8 l\u2019unico Messaggero per il mondo ma sar\u00e0 difficile per molte persone accettare questo, date le loro precedenti nozioni e i loro investimenti.<\/p>\n<p>Lui si \u00e8 preparato a lungo per questo. Lui \u00e8 provenuto dall\u2019Assemblea Angelica, di cui lui \u00e8 parte. Nel mondo, lui \u00e8 un uomo. Lui \u00e8 imperfetto, ma tutti i grandi Messaggeri sono stati imperfetti.<\/p>\n<p>Lui \u00e8 l\u2019unico perch\u00e9 lui fu mandato nel mondo per questo scopo, e lui proviene dall\u2019Assemblea. Quello che lui dar\u00e0, nessun individuo potrebbe dare, a prescindere da quanto ispirati o quanto istruiti possano essere, perch\u00e9 loro non possono portare la Volont\u00e0 e la Potenza del Cielo con le loro parole e la loro proclamazione.<\/p>\n<p>Ma il vero Messaggero non solo porta la Volont\u00e0 e la Potenza del Cielo, ma la Voce del Cielo stesso\u2014la Voce dell\u2019Assemblea che parla come uno, i tanti che parlano come uno\u2014una realt\u00e0 che non riuscite a considerare con il vostro intelletto. \u00c8 troppo limitato per farlo.<\/p>\n<p>Ci saranno quelli che riusciranno a riconoscere il Messaggero immediatamente, ma per la maggior parte della gente questo dovr\u00e0 essere imparato con il tempo e la dimostrazione, perch\u00e9 loro hanno molto da sgomberare nelle loro menti prima di riuscire a vedere qualcosa di questa portata. Loro vorranno prove in varie forme. Ed alcune delle loro aspettative saranno soddisfatte mentre altre no, perch\u00e9 Dio non \u00e8 vincolato da queste cose.<\/p>\n<p>I Messaggeri dell\u2019antichit\u00e0, le loro vite sono state talmente alterate e interpretate nel corso delle epoche che oggi nessuno veramente sa chi erano in un senso vero e pratico. Ma in verit\u00e0 nessuno pu\u00f2 capire la vita del Messaggero. Perch\u00e9 i Messaggeri provengono dall\u2019Assemblea Angelica. Loro non sono i figli o le figlie di Dio, perch\u00e9 Dio non ha figli e figlie. Quella \u00e8 meramente una comprensione terrena. Non si applica alla Creazione.<\/p>\n<p>Cos\u00ec il Messaggero \u00e8 nel mondo. Lui \u00e8 stato preparato per cos\u00ec tanto tempo. Ci \u00e8 voluto molto tempo per ricevere una Rivelazione pi\u00f9 espansiva e inclusiva di qualsiasi cosa che sia mai stata data a questo mondo, data oggi in modo chiaro e semplice in un mondo di comunicazioni globali e commercio globale, non pi\u00f9 vestita di aneddoti, temi pastorali o immagini poetiche, ma parlata chiaramente con molta ripetizione affinch\u00e9 possa essere sentita nel corso del tempo; data adesso usando la tecnologia di questa era, che non fu mai disponibile prima; data adesso per parlare all\u2019intero mondo in una volta sola, non solo a una trib\u00f9, un gruppo o una regione\u2014un Messaggio cos\u00ec grande perch\u00e9 rappresenta il Dio dell\u2019universo e quello che Dio sta facendo nell\u2019intero universo, cosa che non \u00e8 mai stata rivelata in precedenza. Perch\u00e9 l\u2019umanit\u00e0 non era sufficientemente istruita o sviluppata da poter considerare cose cos\u00ec grandi, salvo pochi individui.<\/p>\n<p>Voi non vi rendete ancora conto della perfezione di questo e perch\u00e9 deve essere cos\u00ec. Perch\u00e9 quello che Dio sta facendo nel mondo, pu\u00f2 solo essere saputo se si capisce quello che Dio sta facendo nell\u2019universo nel suo complesso. E una simile Rivelazione non fu mai data fino ad oggi. Essa \u00e8 con il Messaggero. Essa \u00e8 resa nella Rivelazione.<\/p>\n<p>Il futuro di questa mondo e la grande sfida di fronte alla famiglia umana sono rivelati nella Rivelazione.<\/p>\n<p>Il significato della spiritualit\u00e0 di ogni persona e di cosa unisce la gente dovunque, \u00e8 contenuto nella Rivelazione.<\/p>\n<p>Il significato e lo scopo di tutte le tradizioni religiose, che sembrano cos\u00ec diverse e in contrasto tra loro, sono dati nella Rivelazione.<\/p>\n<p>Il significato della vera relazione, del vero amore, del vero impegno, della vera devozione, \u00e8 dato nella Rivelazione.<\/p>\n<p>Solo qualcuno proveniente dall\u2019Assemblea Angelica potrebbe portare qualcosa di questa grandezza nel mondo, presentato in una forma mai vista prima\u2014sposando antica saggezza con realizzazioni e verit\u00e0 che non furono mai capite chiaramente, fatto salvo per molto, molto pochi.<\/p>\n<p>Ma \u00e8 l\u2019intero mondo adesso che deve ricevere questo, per prepararsi per il grande cambiamento che sta arrivando nel mondo e prepararsi per l\u2019incontro dell\u2019umanit\u00e0 con un universo di vita intelligente, un universo non-umano dove la libert\u00e0 \u00e8 rara. \u00c8 la pi\u00f9 grande sfida che l\u2019umanit\u00e0 abbia mai affrontato ed avr\u00e0 le pi\u00f9 grandi conseguenze per la tua vita e per l\u2019avvenire di ogni persona, sia adesso che nel futuro.<\/p>\n<p>Il Messaggero porta questo come un fuoco. \u00c8 stato presentato cos\u00ec puramente che potete ascoltare la Voce of Rivelazione, cosa che prima non \u00e8 mai stata possibile per ovvi motivi. Puro, incorrotto, immacolato, non sposato con altre idee, convinzioni o tradizioni, \u00e8 puro. Ma per riconoscere questo e per riceverlo, la vostra mente deve essere pura o sufficientemente pura affinch\u00e9 possiate vedere, affinch\u00e9 possiate sentire, affinch\u00e9 possiate capire.<\/p>\n<p>Senza questo, siete intrappolati nei vostri giudizi, nel vostro biasimo, nelle vostre opinioni e in tutto quello in cui vi siete investiti, che ora intralcia il pi\u00f9 grande evento del vostro tempo, che sta succedendo in mezzo a voi, durante il tempo del Messaggero.<\/p>\n<p>Lui cammina come un uomo umile, ma la gente non vede. Loro non lo riconoscono. Lui parla con chiarezza e sincerit\u00e0 e umilt\u00e0, ma la gente non sente. Loro non sanno rispondere.<\/p>\n<p>Ma questa \u00e8 la sfida che \u00e8 stata affrontata da tutti i Messaggeri in ogni epoca. \u00c8 il risultato di vivere in Separazione in un mondo che \u00e8 stato cos\u00ec oscurato dalla violenza e dall\u2019ignoranza umana e dalla tragedia del fatto che la gente non \u00e8 capace di vedere. Loro non sono capaci di sentire. Loro non sono capaci di sapere. Hanno perso la loro connessione con la profonda Conoscenza che Dio ha messo dentro di loro\u2014che \u00e8 qua per guidarli, per proteggerli e per prepararli per una vita superiore di servizio nel mondo.<\/p>\n<p>Allora il Messaggero procede e parla, ma pochissimi sanno sentire all\u2019inizio. E per sentire il Messaggero, devi veramente ascoltare, non cercando di confrontare quello che dice lui con quello che gi\u00e0 pensi, ma con il desiderio di vedere oltre le tue attuali nozioni e la tua confusione. Lui porta la luce della chiarezza, ma se stai vivendo nella nebbia della confusione, non vedrai questa luce. Sar\u00e0 in mezzo a voi, ma tu vedrai solo altre cose.<\/p>\n<p>Come far\u00e0 allora questo Messaggero\u2014un individuo che giunge nel mondo, oh, forse solo uno in un millennio\u2014come parler\u00e0 lui a un intero mondo e come parler\u00e0 a tutti in modo tale per cui il suo Messaggio trovi una reazione sufficiente a preparare l\u2019umanit\u00e0 per l\u2019enorme cambiamento che sta arrivando e che \u00e8 gi\u00e0 su di loro? Perch\u00e9 l\u2019ora \u00e8 tarda, e la gente sta ancora vivendo in un sogno o in un incubo, dipende dalle loro circostanze.<\/p>\n<p>Come parler\u00e0 lui al mondo intero in una sola volta? Non succeder\u00e0 se lui parla da un angolo della strada o parla a solo piccoli gruppi. Lui deve trasmettere il Messaggio usando la tecnologia e la libert\u00e0 che lui ha di fare ci\u00f2. In futuro, questa libert\u00e0 potrebbe non esistere, allora questa \u00e8 la grande finestra di opportunit\u00e0 e necessit\u00e0 per il mondo.<\/p>\n<p>Sar\u00e0 una grande sfida per molti sentire la Rivelazione. Sfider\u00e0 le loro idee, le loro supposizioni, i loro rancori, i loro atteggiamenti e molto certamente i compromessi che loro hanno fatto nelle loro vite, che gli hanno messi in un tale pericolo e miseria e infelicit\u00e0. Eppure \u00e8 meglio fuggire dal buio anzich\u00e9 pensare che sia colmo di luce.<\/p>\n<p>Il Messaggero trasmetter\u00e0 nel mondo, e continuer\u00e0 a fare questo, perch\u00e9 \u00e8 di gran lunga troppo pericoloso che lui parli in pubblico troppo spesso. Lui sar\u00e0 intervistato infrequentemente, ma gli intervistatori probabilmente non capiranno. Perch\u00e9 lui deve proclamare ci\u00f2 che \u00e8 essenziale, che si rivolge al di l\u00e0 degli interessi di una persona sola, rivolgendosi al bisogno superiore del cuore e dell\u2019animo umano e al bisogno pi\u00f9 grande dell\u2019umanit\u00e0 di prepararsi per un mondo che sar\u00e0 cos\u00ec tanto diverso, che sta cambiando a un ritmo fenomenale, anche in questo preciso momento.<\/p>\n<p>Lui porter\u00e0 Saggezza e Conoscenza dall\u2019universo. Lui aprir\u00e0 le porte alla vita nell\u2019universo. Lui parler\u00e0 delle Grandi Onde del cambiamento che stanno arrivando sul mondo. Lui parler\u00e0 delle relazioni e dello scopo superiore. Lui parler\u00e0 della potenza della Conoscenza, la grande intelligenza che vive in ogni persona, in attesa di essere scoperta.<\/p>\n<p>Lui parler\u00e0 del viaggio dell\u2019anima. Lui parler\u00e0 di quello che \u00e8 vero in ogni religione. E lui parler\u00e0 contro tanto di ci\u00f2 che \u00e8 falso in ogni religione perch\u00e9 lui porta con s\u00e9 grande correzione. Perch\u00e9 questa correzione deve essere data, altrimenti la Rivelazione non sar\u00e0 capita. Perch\u00e9 quando parla Dio, \u00e8 sempre in grande contrasto con quello che l\u2019umanit\u00e0 ha collettivamente assunto che sia vero e con i molti errori nel suo pensiero e nelle sue supposizioni e nella sua comprensione del passato.<\/p>\n<p>Dio porta alla parte della Creazione che vive in Separazione la grande speranza di redenzione senza la minaccia dell\u2019inferno e della dannazione, perch\u00e9 Dio non manda nessuna parte della Creazione in dannazione.<\/p>\n<p>Ma il Messaggio deve essere puro. Deve essere chiaro. Non pu\u00f2 essere un compromesso. Non pu\u00f2 essere progettato meramente per allettare le attuali nozioni e gli appetiti della gente. Deve portare un grande messaggio di allerta, di potenza e di riparazione. Perch\u00e9 tali grandi Rivelazioni avvengono solo in tempi cardine della storia e dell\u2019evoluzione dell\u2019umanit\u00e0.<\/p>\n<p>Siete fortunati che vivete in un tempo di Rivelazione. \u00c8 il pi\u00f9 grande momento per essere nel mondo. E tu sei qua. Sei stato mandato per vivere in questo tempo\u2014un tempo di grande tribolazione e disordine, un tempo di grande difficolt\u00e0\u2014vivendo in un mondo di risorse che diminuiscono e una popolazione che cresce.<\/p>\n<p>Cosa vi dar\u00e0 la forza e la potenza per evitare la costante guerra e contesa? Anche le religioni hanno impugnato le armi, di nuovo. In un mondo pieno di combattenti che lottano per chi avr\u00e0 accesso a ci\u00f2 che \u00e8 rimasto, come faranno la cooperazione, la giustizia, l\u2019elargizione ad essere istituite in un mondo in queste condizioni?<\/p>\n<p>La gente ha idee, ovviamente, ma solo Dio sa cosa sar\u00e0 veramente vero e cosa sar\u00e0 veramente efficace e produttivo nel tempo.<\/p>\n<p>Dio ama il mondo e non vedr\u00e0 l\u2019umanit\u00e0 distruggere la civilt\u00e0 umana per la sua ignoranza, paura e avidit\u00e0. Cos\u00ec tanto \u00e8 stato investito, in questo mondo. \u00c8 un mondo importante in un universo pieno di innumerevoli razze, innumerevoli religioni. Solo Dio sa.<\/p>\n<p>Schierarsi contro questo, negare questo, \u00e8 l\u2019esemplare dell\u2019arroganza e dell\u2019ignoranza e della presunzione. Pensare che Dio non possa mandare un nuovo Messaggero nel mondo \u00e8 pura follia e arroganza. Perch\u00e9 neanche Messaggeri di Dio sapranno cosa Dio far\u00e0 dopo. Neanche le sacre scritture possono dire cosa Dio far\u00e0 dopo. Neanche la Presenza Angelica pu\u00f2 dire cosa Dio far\u00e0 dopo.<\/p>\n<p>Il Messaggero trasmetter\u00e0 al mondo, e lui render\u00e0 la Rivelazione disponibile pi\u00f9 che pu\u00f2. E lui necessiter\u00e0 enorme supporto e assistenza per fare questo. E la sua vita sar\u00e0 messa in pericolo da molte forze diverse mentre lui intraprender\u00e0 questa grande missione.<\/p>\n<p>E lui dovr\u00e0 trovare quelli che hanno gli occhi per vedere e le orecchie per udire, che sono stati mandati nel mondo per assisterlo. Ma loro lo dovranno seguire. Loro dovranno ricevere. E loro dovranno dare.<\/p>\n<p>Un uomo non pu\u00f2 fare questo da solo. Anche se lui \u00e8 consacrato tra gli Angelici, lui non pu\u00f2 fare questo da solo. Lui avr\u00e0 bisogno di grande assistenza e supporto.<\/p>\n<p>E nel tuo cuore, tu saprai se questo \u00e8 il tuo appello. Ma per conoscere il tuo cuore, ti devi immergere sotto la superficie della tua mente e fuggire dalla devastazione delle tue idee, dalla confusione della tua mente, entrando in un regno pi\u00f9 profondo dentro di te dove cose superiori possono essere viste e sapute.<\/p>\n<p>E per rendere questo possibile, il Creatore di tutta la vita ha dato i Passi verso La Conoscenza, una mappa all\u2019interno della parte di te che \u00e8 permanente e vera, potente e impavida, piena di grazia ma forte e determinata\u2014una parte di te che a malapena conosci o che non hai mai conosciuto, ma che risiede presso la fondazione del tuo Essere.<\/p>\n<p>Lo scopo di tutta la religione \u00e8 di portarvi a questo. Ma lo scopo di tutta la religione \u00e8 stato perso e coperto dall\u2019adozione umana, dalle istituzioni umane, dall\u2019ideologia umana, dal potere e dal dominio umano. Servirebbe un grandissimo maestro in qualsiasi tradizione, per trovare l\u00e0 il vero percorso della Conoscenza.<\/p>\n<p>E adesso non c\u2019\u00e8 tempo per questo, perch\u00e9 l\u2019umanit\u00e0 deve avere l\u2019opportunit\u00e0 di prepararsi per l\u2019universo\u2014una Comunit\u00e0 Pi\u00f9 Grande di vita. Deve avere l\u2019opportunit\u00e0, la saggezza e il bisogno di prepararsi per un mondo che sta subendo un cambiamento convulsivo.<\/p>\n<p>Abbastanza persone devono vedere questo affinch\u00e9 la Rivelazione possa avere una presa e la sua potenza possa essere sentita ed espressa sufficientemente nel mondo in modo da superare la paura, l\u2019odio, la rabbia e l\u2019angoscia che dominano le menti di cos\u00ec tante persone e che determinano cos\u00ec tanti esiti intorno al mondo.<\/p>\n<p>Il Messaggero \u00e8 un uomo anziano. I suoi anni sono preziosi. Lui ha attraversato grande difficolt\u00e0\u2014avversit\u00e0, malattia, opposizione. Ha richiesto al lui enorme pazienza e longanimit\u00e0, umilt\u00e0 e sacrificio portare questo nel mondo.<\/p>\n<p>Adesso lui trasmetter\u00e0 e presenter\u00e0. E alcuni saranno incaricati di insegnare\u2014assegnati da lui e dall\u2019Assemblea affinch\u00e9 la gente capisca la sua dichiarazione, affinch\u00e9 la gente capisca chi \u00e8 lui, perch\u00e9 lui \u00e8 qua e cosa lui ha portato all\u2019umanit\u00e0\u2014quello che l\u2019umanit\u00e0 non pu\u00f2 dare a se stessa.<\/p>\n<p>\u00c8 la grande benedizione sul mondo. \u00c8 la grande speranza per l\u2019umanit\u00e0. Promette il ripristino delle tradizioni religiose e fornisce la fondazione per la loro unit\u00e0. \u00c8 un contrappunto a tutto quello che \u00e8 stato fatto per corromperle. \u00c8 la risposta di Dio e la direzione di Dio, la Potenza di Dio e la Presenza di Dio, vedete.<\/p>\n<p>Per giungere al Messaggero, dovete prima giungere alla Rivelazione, perch\u00e9 l\u2019insegnamento \u00e8 pi\u00f9 importante del maestro. Il Messaggio \u00e8 pi\u00f9 importante del Messaggero nel tempo. Il Messaggero passer\u00e0 da questo mondo, ma il Messaggio rimarr\u00e0. Se diverr\u00e0 o non diverr\u00e0 corrotto e mescolato ad altre cose sar\u00e0 determinato dalla purezza dei suoi sostenitori e di coloro che sono in grado di rispondere a un Nuovo Messaggio da Dio.<\/p>\n<p>Il Messaggero dar\u00e0 insegnamenti e chiarimenti, ma lui non sar\u00e0 disponibile per tutti, perch\u00e9 il suo tempo \u00e8 prezioso. Il suo viaggio \u00e8 grande. La sua missione \u00e8 immane.<\/p>\n<p>Il Cielo veglia per vedere che pu\u00f2 rispondere. Il Cielo veglia per vedere chi lo ricever\u00e0 come il Messaggero. Il Cielo veglia per vedere quelli che lo negheranno, lo ridicolizzeranno o lo condanneranno.<\/p>\n<p>\u00c8 un\u2019enorme prova per l\u2019umanit\u00e0. \u00c8 un enorme test. Pu\u00f2 l\u2019umanit\u00e0 ricevere un Nuovo Messaggio da Dio\u2014dato non a una trib\u00f9 o una regione o un gruppo, ma a un intero mondo e ricevuto in tempo per preparare l\u2019umanit\u00e0 per il grande cambiamento che sta arrivando nel mondo?<\/p>\n<p>Il tempo \u00e8 essenziale adesso. Non avete un secolo per considerare queste cose. Questo non \u00e8 un giocattolo per gli sfaccendati o gli indolenti. Questo non \u00e8 meramente una filosofia per i filosofi, da discutere e dibattere. Questo non \u00e8 una forma di svago per quelli che non hanno seriet\u00e0 nella loro vita e nessun valore per se stessi.<\/p>\n<p>Potete udire il Messaggero. Potete vedere il Messaggero. Potete ricevere la Rivelazione data adesso nella forma pi\u00f9 pura immaginabile.<\/p>\n<p>\u00c8 la tua sfida. \u00c8 la tua opportunit\u00e0. Ti porter\u00e0 quello che vive dentro di te, che \u00e8 grande. Ti mostrer\u00e0 la via fuori dalla giungla della confusione. Ti dar\u00e0 la forza che Dio ti ha dato e la responsabilit\u00e0 che proclamasti prima di venire in questo mondo. Ti restituir\u00e0 la tua forza, la tua dignit\u00e0, il tuo potere e il tuo scopo. Puoi ricevere queste cose?<\/p>\n<p>La benedizione \u00e8 qua. Dio ha parlato di nuovo. Il Messaggero \u00e8 stato mandato nel mondo. Lui porta con s\u00e9 un Messaggio di enorme portata, potenza e inclusione. Lui ha dato la sua vita per questo. \u00c8 un grande appello per assisterlo e supportarlo. Far\u00e0 tutta la differenza per l\u2019umanit\u00e0, la grande differenza nei tempi a venire.<\/p>\n","protected":false},"excerpt":{"rendered":"<p>Dio ha mandato il Messaggero nel mondo in un tempo di grande cambiamento e di crescente incertezza. Lui \u00e8 l\u2019unico Messaggero per il mondo ma sar\u00e0 difficile per molte persone accettare questo, date le loro precedenti nozioni e i loro investimenti. Lui si \u00e8 preparato a lungo per questo. Lui \u00e8 provenuto dall\u2019Assemblea Angelica, di\u2026 <a class=\"read-more\" href=\"https:\/\/www.v6.newmessage.org\/it\/about-recording-shortcode\"><span>Read More<\/span><\/a><\/p>\n","protected":false},"author":22,"featured_media":0,"parent":16489,"menu_order":0,"comment_status":"closed","ping_status":"closed","template":"template-leftsidebar.php","meta":{"_monsterinsights_skip_tracking":false,"_monsterinsights_sitenote_active":false,"_monsterinsights_sitenote_note":"","_monsterinsights_sitenote_category":0,"footnotes":""},"categories":[119,76,465,460],"tags":[749,740,745,750,666,743,748,741,746,744,747,656,742],"_links":{"self":[{"href":"https:\/\/www.v6.newmessage.org\/it\/wp-json\/wp\/v2\/pages\/27797"}],"collection":[{"href":"https:\/\/www.v6.newmessage.org\/it\/wp-json\/wp\/v2\/pages"}],"about":[{"href":"https:\/\/www.v6.newmessage.org\/it\/wp-json\/wp\/v2\/types\/page"}],"author":[{"embeddable":true,"href":"https:\/\/www.v6.newmessage.org\/it\/wp-json\/wp\/v2\/users\/22"}],"replies":[{"embeddable":true,"href":"https:\/\/www.v6.newmessage.org\/it\/wp-json\/wp\/v2\/comments?post=27797"}],"version-history":[{"count":4,"href":"https:\/\/www.v6.newmessage.org\/it\/wp-json\/wp\/v2\/pages\/27797\/revisions"}],"predecessor-version":[{"id":28191,"href":"https:\/\/www.v6.newmessage.org\/it\/wp-json\/wp\/v2\/pages\/27797\/revisions\/28191"}],"up":[{"embeddable":true,"href":"https:\/\/www.v6.newmessage.org\/it\/wp-json\/wp\/v2\/pages\/16489"}],"wp:attachment":[{"href":"https:\/\/www.v6.newmessage.org\/it\/wp-json\/wp\/v2\/media?parent=27797"}],"wp:term":[{"taxonomy":"category","embeddable":true,"href":"https:\/\/www.v6.newmessage.org\/it\/wp-json\/wp\/v2\/categories?post=27797"},{"taxonomy":"post_tag","embeddable":true,"href":"https:\/\/www.v6.newmessage.org\/it\/wp-json\/wp\/v2\/tags?post=27797"}],"curies":[{"name":"wp","href":"https:\/\/api.w.org\/{rel}","templated":true}]}}