{"id":27790,"date":"2016-09-04T09:52:57","date_gmt":"2016-09-04T09:52:57","guid":{"rendered":"http:\/\/www.newmessage.org\/it\/?page_id=27790"},"modified":"2018-12-10T11:27:46","modified_gmt":"2018-12-10T11:27:46","slug":"la-storia-del-messaggero","status":"publish","type":"page","link":"https:\/\/www.v6.newmessage.org\/it\/il-messaggio\/volume-1\/il-nuovo-messaggero\/la-storia-del-messaggero","title":{"rendered":"La Storia del Messaggero"},"content":{"rendered":"\n<div class=\"tabgroup \"><ul class=\"tabs\"><li><a href=\"#tabs-1\">Ascolta<\/a><\/li>\n<li><a href=\"#tabs-2\">Nota<\/a><\/li><\/ul>\n <div id=\"tabs-1\"><\/p>\n<p>Ascolta la Voce della Rivelazione Originale in Inglese:<\/p>\n<div id=\"jquery_jplayer_1\" class=\"jp-jplayer\"><\/div>\n\t\t\t\t<div id=\"jp_container_1\" class=\"jp-audio\">\n\t\t\t\t<div class=\"jp-type-single\"><div class=\"jp-control\"><a href=\"javascript:;\" class=\"jp-play\" tabindex=\"1\">play<\/a><a href=\"javascript:;\" class=\"jp-pause\" tabindex=\"1\">pause<\/a><\/div> <div class=\"jp-gui jp-interface\"><div class=\"jp-volume\"><div class=\"jp-volume-bar\"><div class=\"jp-volume-bar-value\"><\/div><\/div><\/div><div class=\"jp-progress\"><div class=\"jp-seek-bar\"><div class=\"jp-play-bar\"><\/div><\/div><\/div><\/div>\t\t\t\t\t<div class=\"jp-no-solution\"><span>Update Required<\/span>To play the media you will need to either update your browser to a recent version or update your <a href=\"http:\/\/get.adobe.com\/flashplayer\/\" target=\"_blank\">Flash plugin<\/a>.<\/div><\/div><\/div>\n\t\t\t<script type='text\/javascript'>\n\t\t\t\tjQuery(document).ready(function() {\n\t\t\t\t\tif (typeof (sermonMedia) == 'function') {\n\t\t\t\t\t\tsermonMedia.addAudio('', \"jquery_jplayer_1\");\n\t\t\t\t\t}\n\t\t\t\t\tjQuery.jPlayer.timeFormat.showHour = true;\n\t\t\t\t\tjQuery(\"#jquery_jplayer_1\").jPlayer({\n\t\t\t\t\t\tready: function(event) {\n\t\t\t\t\t\t\tjQuery(this).jPlayer(\"setMedia\", {mp3: 'https:\/\/newmessage.org\/av\/the-story-of-the-messenger.mp3'});\n\t\t\t\t\t\t},\n\t\t\t\t\t\tplay: function() {\n\t\t\t\t\t\t\tjQuery(this).jPlayer(\"pauseOthers\");\n\t\t\t\t\t\t},\n\t\t\t\t\t\tswfPath: ThemeData.directory_uri+\"\/swf\",\n\t\t\t\t\t\tsolution: \"html, flash\",\n\t\t\t\t\t\tpreload: \"metadata\",\n\t\t\t\t\t\twmode: \"window\",\n\t\t\t\t\t\tsupplied: \"mp3\",\n\t\t\t\t\t\tcssSelectorAncestor: '#jp_container_1'\n\t\t\t\t\t});\n\t\t\t\t});\n\t\t\t<\/script><\/p>\n<p><a title=\"The Story of the Messenger\" href=\"\/\/www.newmessage.org\/av\/the-story-of-the-messenger.mp3\">Download<\/a> (clicca tasto destro del mouse)<\/p>\n<p class=\"revelation_details\"><em>Rivelato al Messaggero di Dio<br \/>\nMarshall Vian Summers<br \/>\nIl 23 Maggio, 2011<br \/>\nin Boulder, Colorado<\/em><\/p>\n<div class=\"toggle toggle-white\"><h4 class=\"trigger \"><span class=\"t_ico\"><\/span><a href=\"#\">Note riguardo a questa registrazione<\/a><\/h4><div class=\"toggle_container \"><br \/>\n<p>Quella che state sentendo in questa registrazione \u00e8 la voce della <u>Assemblea <\/u>Angelica che sta parlando tramite il <u>Messaggero <\/u>Marshall Vian Summers.<\/p>\n<p>Qua, la comunicazione originale di Dio, che esiste al di l\u00e0 delle parole, \u00e8 tradotta nel linguaggio e nella comprensione umana dall\u2019Assemblea Angelica che veglia sul mondo. Poi l\u2019Assemblea consegna il Messaggio di Dio tramite il Messaggero.<\/p>\n<p>In questo notevole processo, la Voce della Rivelazione sta parlando di nuovo. La Parola e il suono della Voce sono nel mondo. Per la prima volta nella storia, la registrazione dell\u2019originale rivelazione parlata \u00e8 disponibile affinch\u00e9 voi e il mondo la possiate sentire.<\/p>\n<p>Possiate voi essere i destinatari di questo dono di Rivelazione e possiate essere aperti a ricevere il suo Messaggio unico per voi e per la vostra vita.<\/p>\n<br \/>\n<\/div><\/div>\n<p><\/div>\n<div id=\"tabs-2\"><br \/>\n<em>Nota per il Lettore:<br \/>\nQuesta traduzione \u00e8 stata fornita alla Society da uno studente del Nuovo Messaggio che si \u00e8 offerto volontario per tradurre il testo originale in Inglese. Noi rendiamo questa traduzione disponibile al mondo in questa forma iniziale affinch\u00e9 le persone abbiano la possibilit\u00e0 di interagire con una porzione del Nuovo Messaggio nella propria lingua.<\/em><br \/>\n<\/div>\n\t\t\t\t<div align=\"right\">\n\t\t\t<div class=\"fb-like\" data-href=\"\" data-layout=\"button_count\" data-action=\"like\" data-show-faces=\"false\" data-share=\"false\"><\/div>\n\t\t\t<div class=\"fb-share-button\" data-layout=\"button_count\"> <\/div>\n\t\t\t<div class=\"fb_iframe_widget\"><a href=\"https:\/\/twitter.com\/godsnewmessage?ref_src=twsrc%5Etfw\" class=\"twitter-follow-button\" data-show-count=\"false\">Follow @godsnewmessage<\/a><script async src=\"https:\/\/platform.twitter.com\/widgets.js\" charset=\"utf-8\"><\/script><\/div>\n\t\t\t<\/div> <\/div> \n\n<p>Oggi vi racconteremo la storia del Messaggero. \u00c8 una storia che serba molta potenza e significato se pu\u00f2 essere compresa.<\/p>\n<p>Perch\u00e9 il Messaggero non \u00e8 una persona ordinaria, anche se da fuori sembra essere ordinario. E per il fatto che lui \u00e8 un uomo umile, lui non si esalta in alcun modo. Lui non cerca riconoscimento, ma una connessione pi\u00f9 profonda con quelli che sono destinati a incontrarlo ed a ricevere la Nuova Rivelazione di Dio.<\/p>\n<p>In questo senso, lui \u00e8 moderato e rimarr\u00e0 in silenzio con altri. La sua proclamazione non \u00e8 di se stesso, ma della Rivelazione, perch\u00e9 quello \u00e8 il motivo per cui \u00e8 venuto. Quella \u00e8 la sua ragione per essere nel mondo.<\/p>\n<p>Tuttavia, per la maggior parte della sua vita, non era consapevole di questo. Perch\u00e9 la sua chiamata arriv\u00f2 pi\u00f9 tardi nella vita in un tempo in cui era preparato a riceverla e iniziare la lunga preparazione che sarebbe stata necessaria per prepararsi a ricevere la Rivelazione, e poi per ricevere la Rivelazione stessa.<\/p>\n<p>Quaranta anni ci sarebbero voluti per fare tutto questo. Quaranta anni in cui essere disponibili, in cui percorrere zone selvagge senza un esito certo, senza rendersi conto del significato della sua impresa. Quaranta anni senza ulteriori obblighi seri oltre alla sua famiglia. Quaranta anni per sviluppare la fiducia e la certezza e la devozione e l\u2019integrit\u00e0 che sarebbero state necessarie per diventare il Messaggero.<\/p>\n<p>Prima che lui fu mandato nel mondo, la Schiera lo prepar\u00f2 e mise nel profondo della sua mente la consapevolezza e la comprensione che in seguito lui avrebbe portato nel mondo\u2014Conoscenza e Saggezza dall\u2019universo, dalle razze pi\u00f9 avanzate nell\u2019universo; una comprensione del futuro del mondo e di dove l\u2019umanit\u00e0 sta andando nella sua evoluzione, e tutti i grandi pericoli e rischi associati a questo; una comprensione superiore delle relazioni umane, che gli avrebbe dato una maggiore maturit\u00e0 quando cresceva nel mondo.<\/p>\n<p>Queste cose sono tutte messe nel profondo dentro di lui, al di sotto della superficie della mente\u2014per essere scoperte in seguito, da emergere in seguito per sintonizzarsi con la Rivelazione stessa. Perch\u00e9 la Rivelazione non sarebbe estranea a lui per via di quello che gli \u00e8 stato dato prima che venisse nel mondo.<\/p>\n<p>Lui fu mandato a una famiglia, una famiglia conservativa, che viveva in America, una famiglia che non avrebbe nozione del suo destino superiore e della sua comprensione superiore. L\u00e0 crescerebbe con un minimo di influenze dal mondo, isolato e riparato dalle tragedie e dalla corruzione del mondo intorno a lui. Lui crescerebbe in una famiglia con due fratelli pi\u00f9 anziani e con un padre malato, un padre che altrimenti avrebbe avuto un\u2019influenza indebita su di lui. Si stava preparando la scena per qualcosa che doveva emergere in un distante futuro.<\/p>\n<p>Andrebbe a scuola, si laureerebbe all\u2019universit\u00e0, e la sola consapevolezza che avrebbe \u00e8 che lui ha un destino e uno scopo nel mondo pi\u00f9 grandi e molto inusuali. Fu frenato dal donarsi a qualsiasi carriera o qualsiasi relazione, frenato da impegnare la sua vita prima che la Rivelazione possa avvenire.<\/p>\n<p>Durante questo periodo, lui imparerebbe molto riguardo alla condizione del mondo e alle relazioni umane. Lui conoscerebbe molte persone, e assaporerebbe i dispiaceri e i piaceri di questo mondo, in una certa misura, ma sempre rimanendo frenato per qualcosa di pi\u00f9 grande.<\/p>\n<p>Per questo, avrebbe da sviluppare la fiducia del fatto che la sua vita non stava andando persa o sprecata. E la Presenza era con lui nella misura in cui poteva mantenere la sua vera direzione e mirare la sua vita verso il sacro rendez-vous che sarebbe avvenuto molto pi\u00f9 tardi.<\/p>\n<p>Quando aveva 32 anni, Noi ci siamo presentati a lui, e l\u2019iniziazione cominci\u00f2\u2014un\u2019iniziazione che avrebbe alterato ogni cosa riguardo alla sua vita. Eppure per via di chi lui era e di cosa gli era stato dato, la risonanza sarebbe stata l\u00e0. La Nostra presenza e il Nostro scopo non gli sarebbe estraneo\u2014solo scioccante e nuovo e incerto.<\/p>\n<p>In seguito avrebbe incontrato la sua grande partner, sua moglie, che avrebbe viaggiato con lui attraverso tutti i difficili e formativi anni che gli sarebbero stati richiesti per prepararsi per il suo ruolo superiore nella vita. Suo figlio sarebbe emerso ben presto, ed anche lui avrebbe un destino superiore con suo padre.<\/p>\n<p>Altri giungerebbero per unirsi a lui quando lui inizi\u00f2 la sua lunga preparazione. Non tutti loro sarebbero stati in grado di stare con lui, tuttavia. Alcuni vacillerebbero e cadrebbero lungo la strada o riuscirebbero a dare supporto per brevissimo tempo. Per\u00f2 i suoi veri compagni inizierebbero ad arrivare quando lui farebbe del progresso nella sua preparazione.<\/p>\n<p>Quando aveva 40 anni, gli furono dati i Passi verso La Conoscenza, il grande Insegnamento della Rivelazione, il Libro delle Pratiche. E lui sarebbe preparato per ricevere questo in un tempo molto breve, in circostanze straordinarie. Questo darebbe inizio a un altro stadio della sua preparazione per essere il Messaggero.<\/p>\n<p>Ma anche a questa et\u00e0, lui non conoscerebbe ancora il suo destino e il suo ruolo futuro. Perch\u00e9 queste cose non possono essere rivelate troppo presto, altrimenti la persona potrebbe essere terrificata o sovrastata e ritirarsi e cercare una fuga. Allora la presa di coscienza del suo destino e del suo ruolo significativo nel mondo sarebbero resi solo incrementalmente mentre lui faceva progresso.<\/p>\n<p>Durante questo tempo, lui cerc\u00f2 di avere altri con lui nel suo inesplicabile viaggio, ma pochi riuscirono ad unirsi a lui oltre a sua moglie e suo figlio e pochi altri individui. Perch\u00e9 chi pu\u00f2 percorrere la strada del Mistero e mantenere la propria salute e il proprio benessere e la propria stabilit\u00e0 nel mondo in questo processo?<\/p>\n<p>Perch\u00e9 Marshall, per poter essere in grado di diventare il Messaggero, dovrebbe avere un piede in ambedue i mondi\u2014un piede nel mondo reale delle interazioni umane, delle relazioni umane e delle difficolt\u00e0 e complessit\u00e0 delle relazioni tra le nazioni. Dovrebbe vedere delle cose che sono molto angoscianti. Non si potrebbe nascondere in un mondo preferenziale, credendo solo in cose felici o cose belle o cose spirituali.<\/p>\n<p>Dovrebbe avere un piede nel Mistero, ancorato l\u00e0, profondamente, affinch\u00e9 le sfide e le tentazioni del futuro non lo possano prelevare dal suo ruolo e dal suo scopo.<\/p>\n<p>Chi al mondo pu\u00f2 capire queste cose? Chi al mondo ha mai conosciuto il Messaggero o pu\u00f2 capire il mistero e la potenza della sua presenza nel mondo?<\/p>\n<p>Molte persone semplicemente vorranno delle cose dal Messaggero\u2014miracoli, elargizioni, favori. Vogliono essere guarite. Vogliono essere benedette. Vogliono essere arricchite. Vogliono essere soccorse. Vogliono essere salvate. A loro non importa chi sia lui a patto che possa dare queste cose, allora lo crederanno, ma solo per ricevere, vedete.<\/p>\n<p>Il suo viaggio, pertanto, sarebbe solitario, isolato, al di l\u00e0 della portata anche di coloro che furono mandati per accompagnarlo e per assisterlo.<\/p>\n<p>Lui avrebbe da vivere in due mondi, facendo da ponte tra due realt\u00e0\u2014che sono talmente tanto diverse tra loro. Chi \u00e8 capace di fare questo senza perdere la testa, o crollare, o essere sedotto da forze oscure nel mondo, o essere schiacciato dalla tragedia, dalla perdita e dalla privazione? \u00c8 stata una lunghissima strada da percorrere, una strada molto sfidante con molti pericoli, ma il Messaggero \u00e8 arrivato alla sua destinazione.<\/p>\n<p>Lui ha impiegato [oltre] 25 anni per ricevere la Rivelazione, \u00e8 talmente grande. \u00c8 la pi\u00f9 grande Rivelazione mai data a questo mondo perch\u00e9 il mondo \u00e8 [adesso] un mondo letterato, un mondo di comunit\u00e0 umane e una comunit\u00e0 mondiale, un mondo di trasporto globale, infrastrutture e comunicazioni globali.<\/p>\n<p>Qua non vi state preparando a vivere una qualche dolce vita pastorale da qualche parte. Vi state preparando per un mondo in declino, un mondo di risorse calanti e crescente disordine economico e politico. E state affrontando la realt\u00e0 della vita nell\u2019universo\u2014una realt\u00e0 che posa rischi, pericoli e opportunit\u00e0 che l\u2019umanit\u00e0 non ha ancora riconosciuto.<\/p>\n<p>Queste sono cose di cui il Messaggero \u00e8 stato preparato a parlare, perch\u00e9 fanno parte della Rivelazione, perch\u00e9 fanno parte del destino dell\u2019umanit\u00e0\u2014un destino che pochi al mondo riescono ancora a vedere con chiarezza senza distorsione o preferenza personale.<\/p>\n<p>Il Messaggero appare ordinario. Lui \u00e8 un uomo umile. Lui non si dichiarer\u00e0 a titolo prsonale. Ma dentro di lui c\u2019\u00e8 il Mistero e la Potenza della Creazione, e il ponte tra questo mondo e la Presenza Divina che veglia su questo mondo.<\/p>\n<p>Lui \u00e8 in parte uno di Noi e in parte uno di voi. Lui deve mantenere ambedue realt\u00e0 per essere il pastore che conduce la gente su per la montagna, quella che \u00e8 la loro montagna da scalare.<\/p>\n<p>\u00c8 grande, lui, quanto gli Emissari del passato? Solo il tempo e la circostanza lo diranno. Lui non si proclamer\u00e0, vedete, perch\u00e9 gli ambiziosi non sono mai scelti. Quelli che cercano auto-glorificazione non ricevono mai ruoli superiori da giocare o grandi Messaggi per l\u2019umanit\u00e0. Solo quelli che sono riluttanti e onesti e riflessivi sarebbero scelti per un ruolo cos\u00ec alto e significativo.<\/p>\n<p>Perch\u00e9 c\u2019\u00e8 solo un Messaggero nel mondo, e questo Messaggero sar\u00e0 il Messaggero per questo tempo e per i tempi a venire. Nessun altro che sta asserendo questo per s\u00e9 pu\u00f2 portare la Rivelazione. Nessun altro pu\u00f2 fare il viaggio che il Messaggero ha dovuto fare.<\/p>\n<p>Altri daranno doni importanti dove questi sono necessari, e in definitiva tutti sono designati a fare questo, perch\u00e9 fa parte dello scopo di ogni persona. Ognuno sar\u00e0 un canale per una Presenza e Potenza superiori. Ma c\u2019\u00e8 solo un Messaggero, il cui Messaggio alterer\u00e0 il corso della comprensione umana e parler\u00e0 del grande cambiamento che muter\u00e0 il corso del destino e dell\u2019evoluzione umana.<\/p>\n<p>Senza il Nuovo Messaggio da Dio, l\u2019umanit\u00e0 piomberebbe in gravi conflitti e in un precipitoso declino, rendendovi vulnerabili a potenze straniere che sono gi\u00e0 in questo mondo per ottenere qua influenza ed autorit\u00e0. La gente non si rende conto che state sull\u2019orlo del precipizio, non solo di grande cambiamento ma anche di sottomissione.<\/p>\n<p>Questa \u00e8 la Grande Oscurit\u00e0 nel mondo, una Grande Oscurit\u00e0 a cui la maggior parte della gente ha troppa paura di solo pensare. Ma \u00e8 qualcosa per cui l\u2019umanit\u00e0 si deve preparare, e per quello Dio ha dato una Nuova Rivelazione.<\/p>\n<p>Un nuovo Profeta \u00e8 giunto nel mondo. Giudicatelo se volete. Esaltatelo o negatelo. Chiamatelo grande o chiamatelo altre cose. La valutazione della gente non ha nulla a che fare con la realt\u00e0. Perch\u00e9 quello che la gente vuole e quello che Dio conosce non sono la stessa cosa. Quello che pensa la gente e dove il mondo sta andando non sono la stessa cosa.<\/p>\n<p>Il Messaggero sar\u00e0 negato. Lui sar\u00e0 ridicolizzato. Altri lo attaccheranno. Altri si sentiranno minacciati dalla sua presenza e dalle sue proclamazioni\u2014non perch\u00e9 lui \u00e8 nel torto ma perch\u00e9 non sono capaci di affrontare il fatto che Dio ha parlato di nuovo. Loro non hanno il coraggio o l\u2019umilt\u00e0 di riconsiderare la loro posizione, le loro idee o il loro precedente investimento in se stessi.<\/p>\n<p>Questa \u00e8 la sfida nell\u2019incontrare il Messaggero. Lui porta con s\u00e9 una realt\u00e0 interamente nuova, in lui, intorno a lui e attraverso lui\u2014una realt\u00e0 che l\u2019umanit\u00e0 non \u00e8 ancora matura abbastanza da affrontare collettivamente. Solo degli individui saranno pronti per lui, perch\u00e9 loro sono stati resi pronti dalla loro esperienza di vita, attraverso la delusione e il disappunto ed altre cose.<\/p>\n<p>Ci sono molte persone che aspettano la Nuova Rivelazione. Loro devono sapere del Messaggero, perch\u00e9 lui \u00e8 la dimostrazione della Potenza e della Presenza che \u00e8 ritornata nel mondo.<\/p>\n<p>Per vedere questo, devi guardare con occhi limpidi. Devi ascoltare. Devi ascoltare con un ascolto pi\u00f9 profondo. Devi consentire alla potenza della Conoscenza, l\u2019intelligenza pi\u00f9 profonda dentro di te, di rispondere.<\/p>\n<p>Perch\u00e9 se giudichi il Messaggero sulla base delle idee e delle tue proiezioni di paura e di colpa, tu non vedrai e tu non saprai.<\/p>\n<p>Se non riuscite a ricevere la Nuova Rivelazione di Dio, allora cosa pu\u00f2 Dio veramente fare per voi? Se non riuscite a seguire quello che Dio ha messo dentro di voi da seguire, la potenza e la presenza della Conoscenza, cosa altro pu\u00f2 Dio fare per voi e per il mondo?<\/p>\n<p>Ci sono innumerevoli mondi nell\u2019universo, mondi abitati. Questo \u00e8 solo uno. Il Signore di questo mondo \u00e8 il Signore di tutti i mondi. Non \u00e8 un universo umano che state affrontando, e per quello le vostre nozioni di Paradiso e Inferno sono cos\u00ec incorrette, cos\u00ec limitate e veramente patetiche. \u00c8 portarvi nella Comunit\u00e0 Pi\u00f9 Grande la cosa che rappresenta parte dello scopo del Messaggero e della Nuova Rivelazione.<\/p>\n<p>Il Messaggero sta affrontando un compito monumentale. Lui da solo non pu\u00f2 portare la Rivelazione nel mondo. Ci\u00f2 richieder\u00e0 la partecipazione, la contribuzione e la comunicazione di molti altri che lo possono assistere in questo modo.<\/p>\n<p>La Rivelazione \u00e8 stata data con il proprio commentario e con grande dettaglio e ripetitivit\u00e0 tali da non affidarsi cos\u00ec tanto all\u2019interpretazione umana, come hanno fatto i Messaggi precedenti che sono stati dati all\u2019umanit\u00e0. Essa porta con s\u00e9 la comprensione della spiritualit\u00e0 al livello della Conoscenza; La Conoscenza e la Saggezza provenienti dalla Comunit\u00e0 Pi\u00f9 Grande; una preparazione per un mondo nuovo e in declino; un grande insegnamento sulle relazioni umane e sulla responsabilit\u00e0 e su quello che le nazioni devono sapere per cooperare tra loro di fronte al grande cambiamento che sta arrivando.<\/p>\n<p>Questa non \u00e8 la filosofia di un uomo. Questo \u00e8 al di l\u00e0 della filosofia. Questo non \u00e8 associato ad alcuna religione del mondo. Questo \u00e8 l\u2019inizio di una comprensione interamente nuova. Questo non \u00e8 un rifiuto o una reazione contro le religioni del mondo. Questo \u00e8 un Nuovo Messaggio da Dio.<\/p>\n<p>Il Messaggero \u00e8 nel mondo. Lui non sar\u00e0 nel mondo per un lungo, lungo tempo a venire, ed \u00e8 per quello che lui deve essere riconosciuto, per coloro che hanno questa grande opportunit\u00e0.<\/p>\n<p>La sua vita \u00e8 stata inesplicabile. La sua presenza \u00e8 inesplicabile. Dovete vedere con occhi limpidi ed ascoltare con un udito pi\u00f9 profondo per riconoscere queste cose. Il fardello, dunque, \u00e8 sull\u2019ascoltatore, sul destinatario.<\/p>\n<p>Il Messaggero ha ricevuto quasi l\u2019intera comunicazione. \u00c8 abbastanza da durare per generazioni e secoli. Perch\u00e9 nessuno vi pu\u00f2 dire come prepararvi per il nuovo mondo. Nessuno vi pu\u00f2 dire come prepararvi per una Comunit\u00e0 Pi\u00f9 Grande di vita intelligente\u2014un ambiente competitivo su una scala che non vi potete neanche immaginare. Nessuno vi pu\u00f2 parlare della mente profonda. Nessuno vi pu\u00f2 dare la Nuova Rivelazione.<\/p>\n<p>Le Rivelazioni sono sempre date a un individuo, cos\u00ec non c\u2019\u00e8 confusione. Non ci sono versioni diverse. Non c\u2019\u00e8 competizione tra individui diversi che fanno la stessa dichiarazione o proclamazione. \u00c8 sempre un individuo con l\u2019assistenza di certe persone coraggiose che sono in grado di portare una nuova consapevolezza e realt\u00e0 nel mondo.<\/p>\n<p>Ogni epoca ha i suoi profeti, ma i Messaggeri arrivano poco frequentemente per alterare il corso della comprensione, della consapevolezza e del destino umano.<\/p>\n<p>Voi vedrete che il Messaggero sar\u00e0 giudicato. Lui sar\u00e0 incolpato. Altri faranno s\u00ec che il loro scopo sia quello di distruggerlo. Su questo, imparate le lezioni che vengono dal passato. Lui non \u00e8 semplicemente qua per sacrificare se stesso affinch\u00e9 altra gente possa creare su di lui una storia. Lui ha la sua personale storia\u2014la storia del Messaggero, una storia della quale lui \u00e8 troppo umile per parlare, una storia che deve essere rivelata a tutti quelli capaci di sentire e di capire.<\/p>\n<p>La gente vuole che il Messaggero sia molte cose, che soddisfi i loro desideri, le loro convinzioni e le loro preferenze. Ma il Messaggero \u00e8 stato preparato dalle Forze Superiori e inviato dal Divino per essere nel mondo in base a un Piano e un destino Superiori.<\/p>\n<p>Sii attento allora, in come approcci questo raro e significativo individuo. Stai attento alle tue aspettative, le tue convinzioni, le tue idee concepite a priori, i tuoi giudizi e i tuoi rancori. Perch\u00e9 tutte queste cose ti possono rendere cieco nei confronti di quello che lui \u00e8 e di quello che lui pu\u00f2 offrire a te e al mondo intero.<\/p>\n<p>Possa la Benedizione essere con lui. La Potenza e La Presenza \u00e8 con lui.<\/p>\n<p>Lui \u00e8 fallibile. Lui non \u00e8 perfetto. Lui affronter\u00e0 molte difficolt\u00e0. Quello che \u00e8 in lui, con lui e attraverso lui \u00e8 perfetto. La sua vita \u00e8 un veicolo per questo, cos\u00ec come la tua vita \u00e8 anch\u2019essa un veicolo per qualcosa di importante. Ma lui \u00e8 il seme per un futuro superiore per l\u2019umanit\u00e0, una nuova comprensione della vostra esistenza nell\u2019ambito di una Comunit\u00e0 Pi\u00f9 Grande di vita e della grande svolta che l\u2019umanit\u00e0 sta ora iniziando a intraprendere.<\/p>\n<p>Che sia questa la vostra comprensione. Ma non giungete a conclusioni, perch\u00e9 la consapevolezza del Messaggero sta appena iniziando.<\/p>\n","protected":false},"excerpt":{"rendered":"<p>Oggi vi racconteremo la storia del Messaggero. \u00c8 una storia che serba molta potenza e significato se pu\u00f2 essere compresa. Perch\u00e9 il Messaggero non \u00e8 una persona ordinaria, anche se da fuori sembra essere ordinario. E per il fatto che lui \u00e8 un uomo umile, lui non si esalta in alcun modo. Lui non cerca\u2026 <a class=\"read-more\" href=\"https:\/\/www.v6.newmessage.org\/it\/about-recording-shortcode\"><span>Read More<\/span><\/a><\/p>\n","protected":false},"author":22,"featured_media":0,"parent":16489,"menu_order":0,"comment_status":"closed","ping_status":"closed","template":"template-leftsidebar.php","meta":{"_monsterinsights_skip_tracking":false,"_monsterinsights_sitenote_active":false,"_monsterinsights_sitenote_note":"","_monsterinsights_sitenote_category":0,"footnotes":""},"categories":[119,76,30,465,460],"tags":[749,740,745,750,663,743,748,741,746,744,747,398,742],"_links":{"self":[{"href":"https:\/\/www.v6.newmessage.org\/it\/wp-json\/wp\/v2\/pages\/27790"}],"collection":[{"href":"https:\/\/www.v6.newmessage.org\/it\/wp-json\/wp\/v2\/pages"}],"about":[{"href":"https:\/\/www.v6.newmessage.org\/it\/wp-json\/wp\/v2\/types\/page"}],"author":[{"embeddable":true,"href":"https:\/\/www.v6.newmessage.org\/it\/wp-json\/wp\/v2\/users\/22"}],"replies":[{"embeddable":true,"href":"https:\/\/www.v6.newmessage.org\/it\/wp-json\/wp\/v2\/comments?post=27790"}],"version-history":[{"count":8,"href":"https:\/\/www.v6.newmessage.org\/it\/wp-json\/wp\/v2\/pages\/27790\/revisions"}],"predecessor-version":[{"id":28182,"href":"https:\/\/www.v6.newmessage.org\/it\/wp-json\/wp\/v2\/pages\/27790\/revisions\/28182"}],"up":[{"embeddable":true,"href":"https:\/\/www.v6.newmessage.org\/it\/wp-json\/wp\/v2\/pages\/16489"}],"wp:attachment":[{"href":"https:\/\/www.v6.newmessage.org\/it\/wp-json\/wp\/v2\/media?parent=27790"}],"wp:term":[{"taxonomy":"category","embeddable":true,"href":"https:\/\/www.v6.newmessage.org\/it\/wp-json\/wp\/v2\/categories?post=27790"},{"taxonomy":"post_tag","embeddable":true,"href":"https:\/\/www.v6.newmessage.org\/it\/wp-json\/wp\/v2\/tags?post=27790"}],"curies":[{"name":"wp","href":"https:\/\/api.w.org\/{rel}","templated":true}]}}