{"id":27787,"date":"2016-09-03T16:08:47","date_gmt":"2016-09-03T16:08:47","guid":{"rendered":"http:\/\/www.newmessage.org\/it\/?page_id=27787"},"modified":"2018-12-10T11:16:07","modified_gmt":"2018-12-10T11:16:07","slug":"il-lignaggio-del-messaggero","status":"publish","type":"page","link":"https:\/\/www.v6.newmessage.org\/it\/il-messaggio\/volume-1\/il-nuovo-messaggero\/il-lignaggio-del-messaggero","title":{"rendered":"Il Lignaggio del Messaggero"},"content":{"rendered":"<div><\/div>\n\n<div class=\"tabgroup \"><ul class=\"tabs\"><li><a href=\"#tabs-1\">Ascolta<\/a><\/li>\n<li><a href=\"#tabs-2\">Nota<\/a><\/li><\/ul>\n <div id=\"tabs-1\"><br \/>\nAscolta la Voce della Rivelazione Originale in Inglese:<\/p>\n<div id=\"jquery_jplayer_1\" class=\"jp-jplayer\"><\/div>\n\t\t\t\t<div id=\"jp_container_1\" class=\"jp-audio\">\n\t\t\t\t<div class=\"jp-type-single\"><div class=\"jp-control\"><a href=\"javascript:;\" class=\"jp-play\" tabindex=\"1\">play<\/a><a href=\"javascript:;\" class=\"jp-pause\" tabindex=\"1\">pause<\/a><\/div> <div class=\"jp-gui jp-interface\"><div class=\"jp-volume\"><div class=\"jp-volume-bar\"><div class=\"jp-volume-bar-value\"><\/div><\/div><\/div><div class=\"jp-progress\"><div class=\"jp-seek-bar\"><div class=\"jp-play-bar\"><\/div><\/div><\/div><\/div>\t\t\t\t\t<div class=\"jp-no-solution\"><span>Update Required<\/span>To play the media you will need to either update your browser to a recent version or update your <a href=\"http:\/\/get.adobe.com\/flashplayer\/\" target=\"_blank\">Flash plugin<\/a>.<\/div><\/div><\/div>\n\t\t\t<script type='text\/javascript'>\n\t\t\t\tjQuery(document).ready(function() {\n\t\t\t\t\tif (typeof (sermonMedia) == 'function') {\n\t\t\t\t\t\tsermonMedia.addAudio('', \"jquery_jplayer_1\");\n\t\t\t\t\t}\n\t\t\t\t\tjQuery.jPlayer.timeFormat.showHour = true;\n\t\t\t\t\tjQuery(\"#jquery_jplayer_1\").jPlayer({\n\t\t\t\t\t\tready: function(event) {\n\t\t\t\t\t\t\tjQuery(this).jPlayer(\"setMedia\", {mp3: 'https:\/\/newmessage.org\/av\/lineage-of-the-messenger.mp3'});\n\t\t\t\t\t\t},\n\t\t\t\t\t\tplay: function() {\n\t\t\t\t\t\t\tjQuery(this).jPlayer(\"pauseOthers\");\n\t\t\t\t\t\t},\n\t\t\t\t\t\tswfPath: ThemeData.directory_uri+\"\/swf\",\n\t\t\t\t\t\tsolution: \"html, flash\",\n\t\t\t\t\t\tpreload: \"metadata\",\n\t\t\t\t\t\twmode: \"window\",\n\t\t\t\t\t\tsupplied: \"mp3\",\n\t\t\t\t\t\tcssSelectorAncestor: '#jp_container_1'\n\t\t\t\t\t});\n\t\t\t\t});\n\t\t\t<\/script><\/p>\n<p><a href=\"\/av\/lineage-of-the-messenger.mp3\">Download<\/a> (clicca tasto destro del mouse)<\/p>\n<p class=\"revelation_details\"><em>Rivelato al Messaggero di Dio<br \/>\nMarshall Vian Summers<br \/>\nIl 16 Novembre, 2012<br \/>\nin Boulder, Colorado<\/em><\/p>\n<div class=\"toggle toggle-white\"><h4 class=\"trigger \"><span class=\"t_ico\"><\/span><a href=\"#\">Note riguardo a questa registrazione<\/a><\/h4><div class=\"toggle_container \"><br \/>\n<p>Quella che state sentendo in questa registrazione \u00e8 la voce della <u>Assemblea <\/u>Angelica che sta parlando tramite il <u>Messaggero <\/u>Marshall Vian Summers.<\/p>\n<p>Qua, la comunicazione originale di Dio, che esiste al di l\u00e0 delle parole, \u00e8 tradotta nel linguaggio e nella comprensione umana dall\u2019Assemblea Angelica che veglia sul mondo. Poi l\u2019Assemblea consegna il Messaggio di Dio tramite il Messaggero.<\/p>\n<p>In questo notevole processo, la Voce della Rivelazione sta parlando di nuovo. La Parola e il suono della Voce sono nel mondo. Per la prima volta nella storia, la registrazione dell\u2019originale rivelazione parlata \u00e8 disponibile affinch\u00e9 voi e il mondo la possiate sentire.<\/p>\n<p>Possiate voi essere i destinatari di questo dono di Rivelazione e possiate essere aperti a ricevere il suo Messaggio unico per voi e per la vostra vita.<\/p>\n<br \/>\n<\/div><\/div>\n<p><\/div>\n<div id=\"tabs-2\"><br \/>\n<em>Nota per il Lettore:<br \/>\nQuesta traduzione \u00e8 stata fornita alla Society da uno studente del Nuovo Messaggio che si \u00e8 offerto volontario per tradurre il testo originale in Inglese. Noi rendiamo questa traduzione disponibile al mondo in questa forma iniziale affinch\u00e9 le persone abbiano la possibilit\u00e0 di interagire con una porzione del Nuovo Messaggio nella propria lingua.<\/em><br \/>\n<\/div>\n\t\t\t\t<div align=\"right\">\n\t\t\t<div class=\"fb-like\" data-href=\"\" data-layout=\"button_count\" data-action=\"like\" data-show-faces=\"false\" data-share=\"false\"><\/div>\n\t\t\t<div class=\"fb-share-button\" data-layout=\"button_count\"> <\/div>\n\t\t\t<div class=\"fb_iframe_widget\"><a href=\"https:\/\/twitter.com\/godsnewmessage?ref_src=twsrc%5Etfw\" class=\"twitter-follow-button\" data-show-count=\"false\">Follow @godsnewmessage<\/a><script async src=\"https:\/\/platform.twitter.com\/widgets.js\" charset=\"utf-8\"><\/script><\/div>\n\t\t\t<\/div> <\/div> \n\n<p>Per presentare la Nuova Rivelazione di Dio nel mondo, un Messaggero \u00e8 stato mandato, preparato per portare il fardello di una Nuova Rivelazione, portando una nuova realt\u00e0 nel mondo.<\/p>\n<p>Questo succede una volta circa ogni mille anni, quando l\u2019umanit\u00e0 raggiunge una grande soglia\u2014un punto di svolta nella sua evoluzione e un tempo di enorme e immensa sfida, non solo per una trib\u00f9 o un gruppo ma per tutta l\u2019umanit\u00e0.<\/p>\n<p>La gente di ogni luogo sta iniziando a rendersi conto che sta approcciando questa soglia\u2014un tempo di declino ambientale, un tempo di grande cambiamento nel clima del mondo, un tempo di disordine economico e politico, un tempo in cui grava sull\u2019umanit\u00e0 il rischio di grande guerra su chi avr\u00e0 accesso alle rimanenti risorse del mondo, un tempo in cui le nazioni sono incapaci di prendersi cura dei propri cittadini e di provvedere adeguatamente per loro, un tempo in cui l\u2019umanit\u00e0 affronta l\u2019intromissione da forze aggressive e invasive provenienti dall\u2019universo, che cercano di rivendicare la propria dominanza qua senza l\u2019uso della forza.<\/p>\n<p>\u00c8 forse il pi\u00f9 grande punto di svolta nella storia umana, perch\u00e9 impatter\u00e0 la sorte di tutte le genti, tutte le nazioni e tradizioni di fede.<\/p>\n<p>Essa [la Rivelazione] non \u00e8 meramente per introdurre una nuova realt\u00e0 a una gente, una nazione o un gruppo, perch\u00e9 ora \u00e8 qua per parlare all\u2019intero mondo\u2014un mondo che adesso dispone di comunicazione e commercio globale, un mondo che adesso ha pochissimo tempo per prepararsi per il grande cambiamento che sta arrivando nel mondo.<\/p>\n<p>Il Messaggero \u00e8 mandato qua dalla Schiera Angelica. C\u2019\u00e8 solo uno, perch\u00e9 ci pu\u00f2 essere solo uno, perch\u00e9 c\u2019\u00e8 solo uno che \u00e8 stato preparato per ricevere una Rivelazione da Dio e per farla arrivare nel mondo e portarla l\u00e0.<\/p>\n<p>Lui \u00e8 un uomo senza una posizione nel mondo. Lui \u00e8 un uomo umile. Lui \u00e8 un uomo che ha dimostrato di avere il carattere, la fede e la misericordia e il votato impegno per portare un fardello e un dono talmente grandi.<\/p>\n<p>Ha impiegato 40 anni il Messaggero per ricevere e prepararsi per la Rivelazione. \u00c8 un processo di grande mistero e potenza, un processo che nessuno sulla Terra pu\u00f2 veramente capire completamente. \u00c8 un impegno con il Divino. \u00c8 dove Dio ancora una volta d\u00e0 un messaggio di allerta, una benedizione, una preparazione e una direzione alla famiglia umana.<\/p>\n<p>Arriva da un grande Lignaggio, da coloro che sono solidali al Messaggero in questo scopo superiore. Questo \u00e8 ci\u00f2 che porta risonanza e unit\u00e0 e dimostra che la Rivelazione stessa fa parte di un processo che \u00e8 sempre in corso\u2014il prossimo stadio, la prossima grande direttiva, il prossimo grande passo per la famiglia umana mentre si trova presso la soglia dello spazio e affronta un mondo in declino, un mondo adesso inquinato e degradato dall\u2019ignoranza umana, dall\u2019abuso e dall\u2019errato utilizzo.<\/p>\n<p>Coloro che sono solidali al Messaggero rappresentano le grandi tradizioni del mondo\u2014il Buddha, il Ges\u00f9 e il Muhammad, precedenti Messaggeri che hanno portato grande cambiamento e direzione al fine di costruire la civilt\u00e0 umana, creare dei ponti tra i confini delle culture e delle nazioni per portare una consapevolezza e una pratica spirituale superiori nel mondo.<\/p>\n<p>Il Messaggero adesso porta avanti le loro tradizioni, e loro sono schierati con lui. Perch\u00e9 lui sta rappresentando la loro volont\u00e0 e lo scopo che li ha guidati, che ora guida lui.<\/p>\n<p>Questo deve essere enfatizzato altrimenti la gente penser\u00e0 che questa in qualche modo sia una contraddizione o una competizione, che sia in conflitto con la loro tradizione e con le tradizioni del mondo quando in verit\u00e0, \u00e8 il perfetto prossimo passo, vedete.<\/p>\n<p>Perch\u00e9 la civilt\u00e0 umana \u00e8 stata stabilita. Anche se \u00e8 fragile e piena di corruzione e difficolt\u00e0, \u00e8 stata stabilita. C\u2019\u00e8 una comunit\u00e0 mondiale e una interdipendenza adesso. C\u2019\u00e8 consapevolezza mondiale, in una certa misura. C\u2019\u00e8 anche una misericordia e una coscienza mondiale, in una certa misura. \u00c8 lontana dalla perfezione [la civilt\u00e0 umana], ed \u00e8 fragile in un mondo in mutazione. Pu\u00f2 essere scalzata dall\u2019intromissione dall\u2019esterno e dal collasso dall\u2019interno.<\/p>\n<p>Per quello Dio ha parlato di nuovo. Perch\u00e9 Dio continuer\u00e0 a indirizzare la famiglia umana fintanto che essa dimostra una speranza di diventare una razza libera ed autodeterminata in un universo dove la libert\u00e0 \u00e8 rara e deve essere istituita e mantenuta con grande cura e vigilanza.<\/p>\n<p>Il Lignaggio del Messaggero \u00e8 il Lignaggio di tutti i Messaggeri, e di coloro che hanno inviato tutti i Messaggeri, che sono gli stessi e l\u2019Uno\u2014l\u2019Assemblea della Schiera Angelica assegnata a vegliare sul mondo, questo singolo mondo tra innumerevoli mondi nell\u2019universo.<\/p>\n<p>Dovunque la vita intelligente si sia evoluta o si sia insediata in successivi stadi di sviluppo tecnologico, una Presenza Angelica \u00e8 l\u00e0.<\/p>\n<p>Questa \u00e8 la teologia del Lavoro di Dio nell\u2019universo, che per la prima volta \u00e8 presentato attraverso un Nuovo Messaggio per l\u2019umanit\u00e0.<\/p>\n<p>Per capire quello che Dio sta facendo nel mondo, adesso dovete avere una comprensione di quello che Dio sta facendo in tutta questa Comunit\u00e0 Pi\u00f9 Grande di vita nell\u2019universo. E per la prima volta nella storia, questo adesso viene presentato.<\/p>\n<p>Fa tutto parte del Piano di Dio, vedete, messo in moto all\u2019inizio del tempo, messo in moto all\u2019inizio della civilt\u00e0 umana, messo in moto e adesso portato avanti nel suo stadio successivo di evoluzione e sviluppo.<\/p>\n<p>Perch\u00e9 questa non \u00e8 la fine del mondo. Questi non sono i tempi finali. Questa \u00e8 una grande transizione, e affinch\u00e9 questa transizione abbia successo e non sia disastrosa, l\u2019umanit\u00e0 deve essere preparata per vivere in un nuovo mondo di ristrettezze ambientali ed economiche.<\/p>\n<p>L\u2019umanit\u00e0 deve essere preparata per interagire con saggezza con un universo di vita intelligente, un universo non-umano [che] adesso sta intervenendo nel mondo in certi modi\u2014modi di cui l\u2019umanit\u00e0 \u00e8 inconsapevole o che non capisce, modi che sono una minaccia diretta alla sovranit\u00e0 umana e al futuro della libert\u00e0 umana qua sulla Terra.<\/p>\n<p>\u00c8 un momento di grande importanza essere nel mondo nel tempo della Rivelazione. Ma il significato di Rivelazione e il processo di Rivelazione devono essere capiti con chiarezza, altrimenti non sarai in grado di riconoscere il grande significato di questo tempo e cosa significa per te e come sei connesso ad esso e cosa rivela riguardo alla tua vita e allo scopo superiore per il quale sei nel mondo in questo tempo, con tutti i suoi grandi problemi globali e le tragedie umane.<\/p>\n<p>Se sei un Cristiano, ti devi rendere conto che Ges\u00f9 \u00e8 schierato con il Messaggero. Perch\u00e9 Ges\u00f9 non ritorner\u00e0 sulla Terra, ma adesso sta vegliando sull\u2019esordio dell\u2019umanit\u00e0 in questa Comunit\u00e0 Pi\u00f9 Grande di vita.<\/p>\n<p>Perch\u00e9 tu che sei Buddhista, ti devi rendere conto che il Buddha \u00e8 schierato con il Messaggero. Perch\u00e9 lui [il Messaggero] porta una maggiore consapevolezza interiore, e lui porta la preparazione per interagire con la natura profonda dell\u2019umanit\u00e0, la porta con s\u00e9 adesso in una forma e un modo che fanno s\u00ec che possa essere studiata in ogni luogo, per tutte le genti di tutte le tradizioni di fede.<\/p>\n<p>Perch\u00e9 tu che sei Musulmano, ti devi rendere conto che il Profeta Muhammad \u00e8 schierato con il Messaggero. Perch\u00e9 lui [il Messaggero] continua il grande lavoro di edificare e proteggere la civilt\u00e0 umana, ora di fronte a un insieme di problemi e di sfide mai visto prima nel mondo.<\/p>\n<p>Tutti questi grandi Messaggeri del passato si rendono conto che le loro grandi tradizioni non possono preparare l\u2019umanit\u00e0 per quello che sta arrivando e quello che \u00e8 gi\u00e0 qua, e per quello che deve essere fatto e disfatto, cambiato e realizzato e portato in essere.<\/p>\n<p>Perch\u00e9 le grandi tradizioni del passato non possono preparare l\u2019umanit\u00e0 per vivere in un nuovo mondo, dove grande misericordia e cooperazione dovranno essere stabilite se si vuole che l\u2019umanit\u00e0 sopravviva in un mondo di risorse depauperate, maltempo violento e cambiamento ambientale.<\/p>\n<p>Qua non ci pu\u00f2 essere competizione tra le religioni del mondo. Non ci pu\u00f2 neanche essere competizione tra le nazioni del mondo se si vuole che l\u2019umanit\u00e0 sia custodita e messa in salvo e al sicuro in un mondo turbolento, dove ci sar\u00e0 enorme incertezza e disordine.<\/p>\n<p>Cos\u00ec abbiamo raggiunto, nel grande orizzonte temporale dell\u2019evoluzione dell\u2019umanit\u00e0, il punto in cui una Nuova Rivelazione deve essere data. Questo bisogno fu presagito molto tempo fa da coloro che vegliano sul mondo.<\/p>\n<p>Non \u00e8 un incidente che siate qua o che abbiate raggiunto questo grande punto di svolta. Non \u00e8 per sventura o per un semplice caso che sia successo questo, perch\u00e9 tutte le razze nell\u2019universo che si sviluppano tecnologicamente raggiungeranno un punto in cui depaupereranno le risorse dei propri pianeti e dovranno affrontare la realt\u00e0 della Comunit\u00e0 Pi\u00f9 Grande stessa.<\/p>\n<p>Il Lignaggio del Messaggero significa che lui \u00e8 in armonia con tutte le grandi tradizioni\u2014non come la gente le interpreta, non come sono state alterate e cambiate nel paesaggio del mondo, non come sono state alterate e fraintese dai governi e dalle istituzioni e da individui ambiziosi che cercano di usare le Rivelazioni per il proprio progresso e i loro traguardi personali.<\/p>\n<p>Per questo il Nuovo Messaggio di Dio vorr\u00e0 che tutte le grandi tradizioni del mondo rivalutino le loro fedi ed asserzioni fondamentali perch\u00e9 state emergendo in una Comunit\u00e0 Pi\u00f9 Grande di vita. Adesso state vedendo un Dio di miliardi, miliardi, miliardi di razze e altre ancora. State di fronte a un universo non-umano dove l\u2019etica umana e i valori umani non saranno condivisi o neppure riconosciuti.<\/p>\n<p>State ora di fronte a un mondo che esiger\u00e0, per necessit\u00e0, grande cooperazione umana e grande generosit\u00e0 e misericordia da genti di ogni luogo, da tutte le tradizioni di fede\u2014soppiantando e oscurando i dibattiti e le contese teologiche su chi erano i Messaggeri, e su quale religione sia migliore o pi\u00f9 veritiera nei confronti del Piano e della Volont\u00e0 di Dio.<\/p>\n<p>State vivendo in un tempo di Rivelazione, importante quanto ogni tempo di Rivelazione nel passato. E qua state portando testimonianza della Rivelazione, che in passato non avrebbe mai potuto avere luogo al di l\u00e0 di una comunit\u00e0 locale di persone.<\/p>\n<p>Adesso state ascoltando la Voce della Rivelazione\u2014una Voce come quella che parl\u00f2 al Ges\u00f9, al Buddha e al Muhammad; la Voce non di un individuo ma di tutta la Schiera Angelica insieme.<\/p>\n<p>\u00c8 un tempo di Rivelazione per coloro che sono in grado di rispondere. \u00c8 un tempo di appello e di grande significato e conferma per coloro che sono in grado di rispondere. Ma per rispondere, dovete capire quello che state vedendo. Dovete riconoscere l\u2019importanza del Messaggero nel mondo. E dovete capire che tutti i Messaggeri di Dio sono con lui nel suo grande scopo e nella sua missione qua sulla Terra.<\/p>\n<p>Questo esiger\u00e0 che comprendiate che Dio \u00e8 la Fonte di tutte le vere religioni del mondo. Tutte iniziarono con uno scopo e un intento Divino. E tutte sono state cambiate e alterate nel tempo.<\/p>\n<p>Ma adesso la Nuova Rivelazione di Dio \u00e8 pura. State anche sentendo la Voce della Rivelazione. State sentendo le parole che furono parlate, parole cos\u00ec simili a quelle parlate dal Ges\u00f9, dal Buddha e dal Muhammad e da tutti i grandi santi e umanitari nel tempo, che hanno contribuito al benessere dell\u2019umanit\u00e0, e che hanno aiutato a costruire una civilt\u00e0 umana dove La Conoscenza \u00e8 stata mantenuta viva, dove la realt\u00e0 spirituale \u00e8 stata mantenuta viva.<\/p>\n<p>L\u2019umanit\u00e0 non si \u00e8 gi\u00e0 autodistrutta grazie al potere e alla presenza di questa Conoscenza e di questa consapevolezza in abbastanza persone. E grandi opere e grande generosit\u00e0 hanno avuto luogo nel corso del tempo grazie alla potenza di questa presenza e di questa consapevolezza.<\/p>\n<p>Ma adesso la sopravvivenza dell\u2019umanit\u00e0 e la sopravvivenza della civilt\u00e0 umana stessa sono in grande pericolo, un pericolo pi\u00f9 grande di quanto sia mai esistito\u2014pi\u00f9 grande delle guerre mondiali del secolo scorso, pi\u00f9 grande di qualsiasi minaccia o sfida.<\/p>\n<p>Perch\u00e9 ci sono altri che cercano di dominare il mondo, e loro cercheranno di conseguire i loro obiettivi senza l\u2019uso della forza. Loro non cercheranno di distruggere l\u2019umanit\u00e0 ma di imbrigliare l\u2019umanit\u00e0 per i loro scopi. Loro si rendono conto del valore della Terra e del fatto che \u00e8 depauperata dall\u2019avidit\u00e0 umana, dall\u2019ignoranza, dalla competizione e dal conflitto. E loro interverranno per preservare queste cose\u2014il valore e le risorse del mondo\u2014per le loro necessit\u00e0 e i loro utilizzi.<\/p>\n<p>Ma l\u2019umanit\u00e0 pu\u00f2 preservare il mondo per se stessa e per il suo futuro e per il benessere di tutta la gente. Ma questo esiger\u00e0 un grande cambiamento di consapevolezza e comprensione, una grande e diversa cognizione di Dio e del Lavoro di Dio nel mondo, e di come Dio redime gli individui e interi mondi attraverso la potenza e la presenza della Conoscenza che \u00e8 stata messa in ogni persona.<\/p>\n<p>\u00c8 una nuova soglia, una nuova direzione, una nuova formazione, ma \u00e8 interamente naturale e intrinseca a voi che siete le genti del mondo. Perch\u00e9 Dio ama l\u2019umanit\u00e0 e capisce la situazione critica e il dilemma dell\u2019umanit\u00e0 e la causa dell\u2019errore umano e l\u2019errata comprensione umana.<\/p>\n<p>Per quello Dio ha messo La Conoscenza in ogni individuo, che attende di essere scoperta. Perch\u00e9 \u00e8 questo che redimer\u00e0 gli individui e li riporter\u00e0 alla connessione e alla consapevolezza Divina, conducendoli ad agire in armonia con altri e dare i loro doni a un mondo le cui necessit\u00e0 stanno aumentando col passare di ogni giorno.<\/p>\n<p>\u00c8 la grande sfida della Rivelazione. \u00c8 il grande dono della Rivelazione. \u00c8 il grande tempo in cui Dio ha parlato di nuovo, dando all\u2019umanit\u00e0, adesso a tutta l\u2019umanit\u00e0, una grande possibilit\u00e0 di vedere, di sapere e di agire in armonia con se stessa; di servire un mondo che ha bisogno; di prepararsi per un difficile futuro e salvaguardare l\u2019unit\u00e0 umana, la sovranit\u00e0 e la libert\u00e0 in questo mondo nel mezzo della presenza di altre forze in opposizione.<\/p>\n<p>Questo vorr\u00e0 che tutte le religioni del mondo riconsiderino le loro convinzioni, e che tutti i credenti delle religioni riconsiderino il modo in cui stanno rispondendo alla Presenza e al Lavoro di Dio nel mondo.<\/p>\n<p>Sar\u00e0 una grande sfida, ma di fatto una sfida redentrice. Perch\u00e9 qua, un gruppo non \u00e8 messo contro un altro. Qua nessuno \u00e8 svilito e negato. Qua nessuna religione \u00e8 disputata ed eliminata. Qua nessuno \u00e8 dimenticato e abusato. Qua il grande Amore di Dio, la grande Misericordia di Dio, e la grande Saggezza di Dio sono portati in pieno nella Rivelazione\u2014non per un gruppo o una gente ma per tutta l\u2019umanit\u00e0.<\/p>\n<p>Per renderti conto di queste cose, per vedere queste cose e renderti conto della verit\u00e0 che rappresentano, devi giungere alla Rivelazione. La devi leggere e ascoltare e studiare e iniziare ad applicarla nella tua vita e nelle tue circostanze.<\/p>\n<p>Devi avere l\u2019umilt\u00e0 di mettere da parte i tuoi rancori, le tue ammonizioni e le tue convinzioni fisse al fine di poter ricevere la benedizione del Creatore\u2014a voi data adesso con tale potenza e chiarezza, data in modo cos\u00ec completo da non richiedere un commentario umano o una spiegazione umana. Perch\u00e9 \u00e8 la pi\u00f9 grande Rivelazione mai data a questo mondo, ed \u00e8 data in un tempo in cui l\u2019umanit\u00e0 \u00e8 letterata, in cui c\u2019\u00e8 una comunit\u00e0 mondiale e una comunicazione mondiale.<\/p>\n<p>Non \u00e8 una confutazione del passato, ma una conferma del passato. Ma per vedere questo, dovete avere una nuova comprensione del Piano e dello Scopo di Dio per le genti di questo mondo e del motivo per cui Dio sta preparando l\u2019umanit\u00e0 per la Comunit\u00e0 Pi\u00f9 Grande di vita, che lei adesso deve affrontare, e del motivo per cui Dio sta preparando l\u2019umanit\u00e0 a ripristinare il mondo affinch\u00e9 esso possa continuare a supportare la civilt\u00e0 umana e il benessere della gente in ogni luogo.<\/p>\n<p>Per questo, dovete avere occhi limpidi, perch\u00e9 la Nuova Rivelazione di Dio confuter\u00e0 molta della comprensione, molte delle convinzioni e delle asserzioni umane, perch\u00e9 queste nascono dall\u2019ignoranza\u2014ignoranza passata e ignoranza presente. Queste nascono dall\u2019errata comprensione e dall\u2019errata interpretazione.<\/p>\n<p>Perch\u00e9 adesso state udendo la Voce che parl\u00f2 al Buddha, al Ges\u00f9 e al Muhammad. E la Rivelazione di Dio vi sta dicendo che questi tre grandi Emissari sono schierati con il Messaggero per questo tempo e per i tempi a venire.<\/p>\n<p>Perch\u00e9 c\u2019\u00e8 solo un Messaggero nel mondo, e lui rappresenta coloro che lo hanno mandato e coloro che stanno con lui. Lui sta portando la Parola di Dio nel mondo per la prima volta in 1400 anni\u2014per la prima volta. Questo \u00e8 quanto.<\/p>\n<p>Non \u00e8 una questione di fede. \u00c8 una questione di identificazione, di onest\u00e0 e di umilt\u00e0 e di disponibilit\u00e0 a ricevere. Questa \u00e8 la sfida per il destinatario.<\/p>\n<p>Non c\u2019\u00e8 biasimo nella Nuova Rivelazione di Dio. Non c\u2019\u00e8 alcun giudizio contro l\u2019umanit\u00e0. Non c\u2019\u00e8 alcuna punizione crudele che attende quelli che non possono rispondere. Non ci sono dichiarazioni che asseriscono che tutti debbano credere in una sola cosa, perch\u00e9 non pu\u00f2 mai essere cos\u00ec. Dio questo lo sa. Non ci pu\u00f2 mai essere una religione a \u2018taglia unica\u2019, perch\u00e9 non funzionerebbe mai. E Dio capisce questo.<\/p>\n<p>Per quello la Rivelazione che \u00e8 stata data d\u00e0 un notevole potere all\u2019individuo e apre la via per la rivelazione personale, che sar\u00e0 molto difficile da conseguire nell\u2019ambito delle tradizioni del passato, visto come sono state usate erroneamente e fraintese dalla gente nel tempo.<\/p>\n<p>Il Ges\u00f9, il Buddha e il Muhammad si schierano con il Messaggero, perch\u00e9 lui sta continuando il loro grande lavoro nel mondo, un grande lavoro che loro sorreggono in armonia tra loro.<\/p>\n<p>Perch\u00e9 tutti loro nella verit\u00e0 e nella trasparenza rappresentano l\u2019unico Scopo, l\u2019unica Volont\u00e0 e l\u2019unico Piano di Dio: sviluppare la coscienza umana, l\u2019etica umana e la civilt\u00e0 umana; preparare l\u2019umanit\u00e0 per un futuro superiore in questo mondo e nell\u2019ambito di una Comunit\u00e0 Pi\u00f9 Grande di mondi; preservare e costruire la libert\u00e0 umana nel tempo e costruire misericordia, accettazione, perdono e umilt\u00e0 affinch\u00e9 la civilt\u00e0 umana sia veramente benefica e veramente sostenitrice della famiglia umana qua sulla Terra.<\/p>\n","protected":false},"excerpt":{"rendered":"<p>Per presentare la Nuova Rivelazione di Dio nel mondo, un Messaggero \u00e8 stato mandato, preparato per portare il fardello di una Nuova Rivelazione, portando una nuova realt\u00e0 nel mondo. Questo succede una volta circa ogni mille anni, quando l\u2019umanit\u00e0 raggiunge una grande soglia\u2014un punto di svolta nella sua evoluzione e un tempo di enorme e\u2026 <a class=\"read-more\" href=\"https:\/\/www.v6.newmessage.org\/it\/about-recording-shortcode\"><span>Read More<\/span><\/a><\/p>\n","protected":false},"author":22,"featured_media":0,"parent":16489,"menu_order":0,"comment_status":"closed","ping_status":"closed","template":"template-leftsidebar.php","meta":{"_monsterinsights_skip_tracking":false,"_monsterinsights_sitenote_active":false,"_monsterinsights_sitenote_note":"","_monsterinsights_sitenote_category":0,"footnotes":""},"categories":[119,76,30,465,460],"tags":[749,740,745,750,662,743,748,741,746,744,747,653,742],"_links":{"self":[{"href":"https:\/\/www.v6.newmessage.org\/it\/wp-json\/wp\/v2\/pages\/27787"}],"collection":[{"href":"https:\/\/www.v6.newmessage.org\/it\/wp-json\/wp\/v2\/pages"}],"about":[{"href":"https:\/\/www.v6.newmessage.org\/it\/wp-json\/wp\/v2\/types\/page"}],"author":[{"embeddable":true,"href":"https:\/\/www.v6.newmessage.org\/it\/wp-json\/wp\/v2\/users\/22"}],"replies":[{"embeddable":true,"href":"https:\/\/www.v6.newmessage.org\/it\/wp-json\/wp\/v2\/comments?post=27787"}],"version-history":[{"count":5,"href":"https:\/\/www.v6.newmessage.org\/it\/wp-json\/wp\/v2\/pages\/27787\/revisions"}],"predecessor-version":[{"id":28181,"href":"https:\/\/www.v6.newmessage.org\/it\/wp-json\/wp\/v2\/pages\/27787\/revisions\/28181"}],"up":[{"embeddable":true,"href":"https:\/\/www.v6.newmessage.org\/it\/wp-json\/wp\/v2\/pages\/16489"}],"wp:attachment":[{"href":"https:\/\/www.v6.newmessage.org\/it\/wp-json\/wp\/v2\/media?parent=27787"}],"wp:term":[{"taxonomy":"category","embeddable":true,"href":"https:\/\/www.v6.newmessage.org\/it\/wp-json\/wp\/v2\/categories?post=27787"},{"taxonomy":"post_tag","embeddable":true,"href":"https:\/\/www.v6.newmessage.org\/it\/wp-json\/wp\/v2\/tags?post=27787"}],"curies":[{"name":"wp","href":"https:\/\/api.w.org\/{rel}","templated":true}]}}