{"id":27784,"date":"2016-09-03T14:56:49","date_gmt":"2016-09-03T14:56:49","guid":{"rendered":"http:\/\/www.newmessage.org\/it\/?page_id=27784"},"modified":"2018-02-05T01:10:24","modified_gmt":"2018-02-05T01:10:24","slug":"la-volonta-del-cielo","status":"publish","type":"page","link":"https:\/\/www.v6.newmessage.org\/it\/il-messaggio\/volume-1\/il-nuovo-messaggero\/la-volonta-del-cielo","title":{"rendered":"La Volont\u00e0 del Cielo"},"content":{"rendered":"<div><!-- Version 8.0 --><\/div>\n\n<div class=\"tabgroup \"><ul class=\"tabs\"><li><a href=\"#tabs-1\">Ascolta<\/a><\/li>\n<li><a href=\"#tabs-2\">Nota<\/a><\/li><\/ul>\n <div id=\"tabs-1\"><br \/>\nAscolta la Voce della Rivelazione Originale in Inglese:<\/p>\n<div id=\"jquery_jplayer_1\" class=\"jp-jplayer\"><\/div>\n\t\t\t\t<div id=\"jp_container_1\" class=\"jp-audio\">\n\t\t\t\t<div class=\"jp-type-single\"><div class=\"jp-control\"><a href=\"javascript:;\" class=\"jp-play\" tabindex=\"1\">play<\/a><a href=\"javascript:;\" class=\"jp-pause\" tabindex=\"1\">pause<\/a><\/div> <div class=\"jp-gui jp-interface\"><div class=\"jp-volume\"><div class=\"jp-volume-bar\"><div class=\"jp-volume-bar-value\"><\/div><\/div><\/div><div class=\"jp-progress\"><div class=\"jp-seek-bar\"><div class=\"jp-play-bar\"><\/div><\/div><\/div><\/div>\t\t\t\t\t<div class=\"jp-no-solution\"><span>Update Required<\/span>To play the media you will need to either update your browser to a recent version or update your <a href=\"http:\/\/get.adobe.com\/flashplayer\/\" target=\"_blank\">Flash plugin<\/a>.<\/div><\/div><\/div>\n\t\t\t<script type='text\/javascript'>\n\t\t\t\tjQuery(document).ready(function() {\n\t\t\t\t\tif (typeof (sermonMedia) == 'function') {\n\t\t\t\t\t\tsermonMedia.addAudio('', \"jquery_jplayer_1\");\n\t\t\t\t\t}\n\t\t\t\t\tjQuery.jPlayer.timeFormat.showHour = true;\n\t\t\t\t\tjQuery(\"#jquery_jplayer_1\").jPlayer({\n\t\t\t\t\t\tready: function(event) {\n\t\t\t\t\t\t\tjQuery(this).jPlayer(\"setMedia\", {mp3: 'https:\/\/newmessage.org\/av\/the-will-of-heaven.mp3'});\n\t\t\t\t\t\t},\n\t\t\t\t\t\tplay: function() {\n\t\t\t\t\t\t\tjQuery(this).jPlayer(\"pauseOthers\");\n\t\t\t\t\t\t},\n\t\t\t\t\t\tswfPath: ThemeData.directory_uri+\"\/swf\",\n\t\t\t\t\t\tsolution: \"html, flash\",\n\t\t\t\t\t\tpreload: \"metadata\",\n\t\t\t\t\t\twmode: \"window\",\n\t\t\t\t\t\tsupplied: \"mp3\",\n\t\t\t\t\t\tcssSelectorAncestor: '#jp_container_1'\n\t\t\t\t\t});\n\t\t\t\t});\n\t\t\t<\/script><\/p>\n<p><a title=\"The Will of Heaven\" href=\"\/\/www.newmessage.org\/av\/the-will-of-heaven.mp3\">Download<\/a> (clicca tasto destro del mouse)<\/p>\n<p class=\"revelation_details\"><em>Rivelato al Messaggero di Dio<br \/>\nMarshall Vian Summers<br \/>\nIl 17 Maggio, 2011<br \/>\nin Glenwood Springs, Colorado<\/em><\/p>\n<div class=\"toggle toggle-white\"><h4 class=\"trigger \"><span class=\"t_ico\"><\/span><a href=\"#\">Note riguardo a questa registrazione<\/a><\/h4><div class=\"toggle_container \"><br \/>\n<p>Quella che state sentendo in questa registrazione \u00e8 la voce della <u>Assemblea <\/u>Angelica che sta parlando tramite il <u>Messaggero <\/u>Marshall Vian Summers.<\/p>\n<p>Qua, la comunicazione originale di Dio, che esiste al di l\u00e0 delle parole, \u00e8 tradotta nel linguaggio e nella comprensione umana dall\u2019Assemblea Angelica che veglia sul mondo. Poi l\u2019Assemblea consegna il Messaggio di Dio tramite il Messaggero.<\/p>\n<p>In questo notevole processo, la Voce della Rivelazione sta parlando di nuovo. La Parola e il suono della Voce sono nel mondo. Per la prima volta nella storia, la registrazione dell\u2019originale rivelazione parlata \u00e8 disponibile affinch\u00e9 voi e il mondo la possiate sentire.<\/p>\n<p>Possiate voi essere i destinatari di questo dono di Rivelazione e possiate essere aperti a ricevere il suo Messaggio unico per voi e per la vostra vita.<\/p>\n<br \/>\n<\/div><\/div>\n<p><\/div>\n<div id=\"tabs-2\"><br \/>\n<em>Nota per il Lettore:<br \/>\nQuesta traduzione \u00e8 stata fornita alla Society da uno studente del Nuovo Messaggio che si \u00e8 offerto volontario per tradurre il testo originale in Inglese. Noi rendiamo questa traduzione disponibile al mondo in questa forma iniziale affinch\u00e9 le persone abbiano la possibilit\u00e0 di interagire con una porzione del Nuovo Messaggio nella propria lingua.<\/em><br \/>\n<\/div>\n\t\t\t\t<div align=\"right\">\n\t\t\t<div class=\"fb-like\" data-href=\"\" data-layout=\"button_count\" data-action=\"like\" data-show-faces=\"false\" data-share=\"false\"><\/div>\n\t\t\t<div class=\"fb-share-button\" data-layout=\"button_count\"> <\/div>\n\t\t\t<div class=\"fb_iframe_widget\"><a href=\"https:\/\/twitter.com\/godsnewmessage?ref_src=twsrc%5Etfw\" class=\"twitter-follow-button\" data-show-count=\"false\">Follow @godsnewmessage<\/a><script async src=\"https:\/\/platform.twitter.com\/widgets.js\" charset=\"utf-8\"><\/script><\/div>\n\t\t\t<\/div> <\/div> \n\n<p>Molte persone nel mondo stanno aspettando il ritorno del loro Salvatore, il loro Maitreya o il loro Imam. Ma Dio ha mandato un Nuovo Messaggio nel mondo, un Messaggio per preparare l\u2019umanit\u00e0 per il grande cambiamento che sta arrivando e per il suo incontro con la vita intelligente nell\u2019universo, un incontro che sar\u00e0 di gran lunga pi\u00f9 precario e pericoloso di quanto la maggior parte della gente si stia veramente rendendo conto.<\/p>\n<p>La spiritualit\u00e0 umana si sta erodendo nel mondo, la vera natura della spiritualit\u00e0 umana. La natura pi\u00f9 profonda di ogni persona sta diventando ancora pi\u00f9 remota ora che le vostre societ\u00e0 diventano sempre pi\u00f9 tecnologiche e laiche. Le divisioni tra le religioni sono talmente severe e dannose, anche le divisioni nell\u2019ambito stesso delle religioni aggiungeranno moltissimo conflitto e sofferenza in futuro, cos\u00ec come stanno facendo ora.<\/p>\n<p>Guardare onestamente il mondo significa rendersi conto che le sue crescenti difficolt\u00e0 stanno superando la capacit\u00e0 e la comprensione umana. Le Grandi Onde del Cambiamento che stanno arrivando nel mondo eccedono quello che gli individui e le istituzioni possono pienamente comprendere e affrontare.<\/p>\n<p>L\u2019umanit\u00e0 \u00e8 arrivata presso un grande punto di svolta. Non pu\u00f2 ritornare al suo stato precedente. Non pu\u00f2 tornare indietro nella storia. Non pu\u00f2 semplicemente riaffermare le convinzioni divise e contese delle sue tradizioni religiose, che furono tutte iniziate da Dio.<\/p>\n<p>La Rivelazione di Dio deve tornare ed \u00e8 tornata, e il Messaggero \u00e8 stato mandato nel mondo\u2014un uomo umile, un uomo senza una grande posizione sociale, un uomo senza grandi asserzioni e conseguimenti personali, un uomo la cui vita \u00e8 stata preservata e diretta unicamente per questo scopo.<\/p>\n<p>La gente dibatter\u00e0, ovviamente, non disposta o incapace di riconsiderare la propria posizione e di aprirsi alla Nuova Rivelazione. Loro credono di capire la Volont\u00e0 e lo Scopo di Dio per le genti di questo mondo. Loro pensano di capire cosa significhi Rivelazione e quando questa pu\u00f2 avvenire. Loro pensano di capire.<\/p>\n<p>Ma chi pu\u00f2 capire questo in pieno? Chi ha la saggezza e l\u2019ampiezza e la capacit\u00e0 di capire pienamente questo? Sicuramente questo deve eccedere la comprensione umana. E sicuramente ci deve essere abbastanza umilt\u00e0 e onest\u00e0 affinch\u00e9 la gente si renda conto che non pu\u00f2 predire come e quando il Creatore di tutti gli universi parler\u00e0 a questo piccolo minuscolo pianeta.<\/p>\n<p>Ma l\u2019ignoranza e l\u2019arroganza umana si uniscono in una pericolosa combinazione che \u00e8 veemente e oppressiva, che \u00e8 impassibile e altamente supponente. \u00c8 polarizzata e continuer\u00e0 a dividere la famiglia umana\u2014una divisione che vi pu\u00f2 solo indebolire di fronte al grande cambiamento che sta arrivando nel mondo.<\/p>\n<p>Il Nuovo Messaggio arriva in una forma pura, e per la prima volta sarete in grado di udire la Voce della Rivelazione. Fu una voce come questa che parl\u00f2 a Mos\u00e8 e a Ges\u00f9, al Buddha ed a Muhammad e agli altri grandi Maestri che sono rimasti nascosti nel corso della storia umana.<\/p>\n<p>Adesso non c\u2019\u00e8 tempo per gli errori. I rischi sono troppo grandi. Tutto si sta facendo con la Nuova Rivelazione al fine di renderla molto chiara. Essa fornisce il suo commentario e i suoi insegnamenti, perch\u00e9 questi non possono essere lasciati solo all\u2019interpretazione umana.<\/p>\n<p>L\u2019ora \u00e8 tarda, e l\u2019umanit\u00e0 \u00e8 impreparata per affrontare un mondo nuovo e in declino e affrontare le realt\u00e0 e le difficolt\u00e0 dell\u2019esordio in una Comunit\u00e0 Pi\u00f9 Grande di vita nell\u2019universo.<\/p>\n<p>Siete presso un\u2019enorme soglia. Per te individualmente questo significa che la tua vita viene accelerata per andare incontro a questa soglia, per prepararti per questa soglia e per coinvolgerti in questa soglia.<\/p>\n<p>Ma come pu\u00f2 essere fatto questo senza una Nuova Rivelazione da Dio? Non vi \u00e8 persona sulla Terra che abbia la saggezza, la capacit\u00e0 e la comprensione per gestire ogni cosa che l\u2019umanit\u00e0 affronter\u00e0 quando attraverser\u00e0 questa soglia verso un mondo nuovo e pi\u00f9 sfidante.<\/p>\n<p>Chi sulla Terra pu\u00f2 preparare l\u2019umanit\u00e0 per la vita nell\u2019universo, la grande interazione\u2014un\u2019interazione che sta gi\u00e0 avendo luogo, in segretezza, portata avanti da gruppi che sono qua per approfittare della vostra ignoranza e delle vostre superstizioni?<\/p>\n<p>Se sei veramente onesto, devi riconoscere che nessuno ha questa ampiezza di cognizione, questa capacit\u00e0. Nessuno al mondo capisce la Comunit\u00e0 Pi\u00f9 Grande di vita. Quello che pensa la gente sono proiezioni delle loro paure e delle loro fantasie, di cui nessuna \u00e8 un ritratto accurato di quello che affronterete nella realt\u00e0.<\/p>\n<p>La vera natura della spiritualit\u00e0 umana adesso \u00e8 stata cos\u00ec annebbiata, cos\u00ec distorta, cos\u00ec oppressa dalla tradizione e dal rituale e dall\u2019interpretazione che anche le grandi tradizioni del mondo, che vi possono dare i passi che dovete intraprendere, esigono un maestro unico e altamente provvisto, per riuscire a navigare tra tutto il resto che \u00e8 stato aggiunto nei decenni e nei secoli.<\/p>\n<p>La Religione \u00e8 diventata un palliativo. \u00c8 diventata pi\u00f9 una distrazione che una illuminazione. \u00c8 diventata un qualcosa che la gente [usa per] scappare dal mondo e cercare conforto e consolazione al posto di una preparazione per un coinvolgimento nel mondo in un modo pi\u00f9 grande e pi\u00f9 profondo.<\/p>\n<p>Il Creatore lo sa tutto questo, ovviamente. \u00c8 al di l\u00e0 del dibattito a un livello pi\u00f9 alto. \u00c8 al di l\u00e0 della speculazione. \u00c8 al di l\u00e0 dell\u2019ideologia. \u00c8 al di l\u00e0 della teologia di una religione, in contesa con la teologia di un\u2019altra religione. Quello \u00e8 un problema umano creato dall\u2019errata comprensione umana e dai limiti della capacit\u00e0 e della saggezza umana.<\/p>\n<p>Potresti polemizzare contro la Rivelazione, ma \u00e8 la sola Rivelazione, e sar\u00e0 la sola Rivelazione. Sia essa accettata o negata, questo \u00e8 quanto.<\/p>\n<p>Dio non \u00e8 preoccupato solo di questo mondo. Ma Dio \u00e8 consapevole di questo mondo\u2014un luogo piccolissimo in un universo enorme.<\/p>\n<p>La Presenza Angelica che veglia su questo mondo sta traducendo la Volont\u00e0 del Creatore in parole e applicazione, insegnamenti e commentari che la gente della Terra possa capire ed applicare oggi e domani e nei giorni che seguiranno.<\/p>\n<p>Ti \u00e8 chiesto di ricevere, non di giudicare.<\/p>\n<p>Ti \u00e8 chiesto di prepararti per il mondo, non di usare la religione come una forma di fuga.<\/p>\n<p>Ti \u00e8 chiesto di onorare la tua natura profonda e intraprendere i Passi verso La conoscenza affinch\u00e9 la sua realt\u00e0 possa diventare evidente per te.<\/p>\n<p>Vi \u00e8 chiesto di terminare i vostri incessanti conflitti e di non pensare mai di poter condurre la violenza qua sulla Terra nel nome di Dio, perch\u00e9 quella \u00e8 una abominazione. Non esistono guerrieri santi. Non c\u2019\u00e8 niente di santo nella guerra.<\/p>\n<p>Ti \u00e8 chiesto di imparare e di prepararti per un nuovo mondo e prepararti per le realt\u00e0 e le sfide e le opportunit\u00e0 di emergere in una pi\u00f9 grande arena di vita intelligente nell\u2019universo.<\/p>\n<p>Non ti puoi insegnare da solo queste cose, perch\u00e9 non le conosci sufficientemente. E discutere contro ci\u00f2 significa solo proiettare i tuoi stessi limiti e la tua stessa errata comprensione.<\/p>\n<p>Il Nuovo Messaggio \u00e8 in procinto di essere portato alla gente\u2014non agli esperti, non ai leader, perch\u00e9 loro sono troppo investiti nella loro posizione, e ne consegue che non riescono a vedere quello che sta arrivando, oppure sono incapaci di comunicare la verit\u00e0 a quelli che li seguono.<\/p>\n<p>La Rivelazione d\u00e0 all\u2019individuo enorme potere, ma anche enorme responsabilit\u00e0. Se sei guidato dalla potenza della Conoscenza dentro di te, l\u2019intelligenza profonda che Dio ha messo dentro di te, allora non ci pu\u00f2 essere la violenza della guerra e del conflitto. C\u2019\u00e8 solo lo sforzo per creare con gli altri degli accordi che siano mutualmente benefici. E quello non \u00e8 il lavoro dell\u2019intelletto. Quella \u00e8 la grande sfida che sta di fronte a te, una sfida cos\u00ec grande che occuper\u00e0 tutta la tua energia se sei in grado di intraprenderla con successo.<\/p>\n<p>La Rivelazione \u00e8 oltre il regno e la portata dell\u2019intelletto. \u00c8 oltre il regno e la portata delle convinzioni e dell\u2019ideologia. Perch\u00e9 Dio non crea le convinzioni. Dio non crea l\u2019ideologia. Dio vi d\u00e0 solo saggezza e chiarezza e un alto standard secondo il quale vivere. O siete capaci di adottare queste cose, oppure non lo siete.<\/p>\n<p>Per adottarle, le dovete adottare compassionevolmente, senza usarle come un\u2019arma per opprimere gli altri o condannare gli altri. Condannare gli altri all\u2019Inferno o alla dannazione significa fraintendere le Rivelazioni di Dio, sia nel presente che nel passato.<\/p>\n<p>Dichiarare che non ci possa essere una nuova Rivelazione significa proclamare la propria arroganza e ignoranza e pensare di sapere di pi\u00f9 del Creatore. Perch\u00e9 nessuno sulla Terra conosce quello che Dio far\u00e0 dopo. Neanche la Presenza Angelica conosce quello che Dio far\u00e0 dopo, allora che persona pu\u00f2 fare una simile dichiarazione? Sicuramente \u00e8 il colmo dell\u2019ignoranza e dell\u2019arroganza.<\/p>\n<p>Nessuno sulla Terra pu\u00f2 proclamare che Ges\u00f9 sia l\u2019unica via verso Dio quando invece Dio ha creato altre vie. Chi sei per dire simili cose? Questo \u00e8 fraintendimento e confusione. Questo \u00e8 cercare di mettere le tue convinzioni al di sopra e ben oltre le convinzioni degli altri, cercare di fare del proprio maestro, di chi lo rappresenta, il pi\u00f9 grande o l\u2019unico che deve essere seguito. Questa non \u00e8 la Volont\u00e0 del Cielo. Questa \u00e8 l\u2019ignoranza dell\u2019umanit\u00e0.<\/p>\n<p>Il mondo che affronterete esiger\u00e0 immensa cooperazione umana, misericordia e contribuzione, altrimenti sar\u00e0 un campo di battaglia su chi avr\u00e0 le rimanenti risorse del mondo, [su] chi riesce a proteggere la propria ricchezza mentre altre nazioni falliscono e crollano.<\/p>\n<p>Gli obblighi dell\u2019umanit\u00e0 saranno cos\u00ec enormi e servir\u00e0 enorme misericordia e saggezza per reagire a ci\u00f2. Ma le genti sono troppo divise. Le religioni sono troppo frammentate. Questo gruppo si oppone a quell\u2019altro gruppo nel nome della loro sovranit\u00e0 nazionale o della Volont\u00e0 di Dio, e tutto \u00e8 messo in moto per collassare nel caos.<\/p>\n<p>Per quello c\u2019\u00e8 una Nuova Rivelazione nel mondo. Qua non lodate il Messaggero come un Dio. Lo onorate come Messaggero. Qua non proclami le tue idee al di sopra di quelle di un altro, ma ti rendi conto che le idee sono solo gli utensili che devono essere usati dalla forza superiore dentro di te e che la vera verit\u00e0, la verit\u00e0 superiore, risiede oltre il regno dell\u2019intelletto, che non fu mai progettato per comprendere le realt\u00e0 superiori della vita.<\/p>\n<p>La Volont\u00e0 del Cielo \u00e8 che l\u2019umanit\u00e0 si unisca e si prepari al fine di poter sopravvivere le Grandi Onde del cambiamento e si possa preparare per il grande coinvolgimento con la vita nell\u2019universo in modo tale per cui la libert\u00e0 e la sovranit\u00e0 umana in questo mondo possano essere protette.<\/p>\n<p>State di fronte a un universo non-umano dove la libert\u00e0 \u00e8 rara e dove nazioni e genti libere devono esercitare grande discrezione e grande cautela nel mezzo della presenza di molte altre nazioni dove la libert\u00e0 \u00e8 stata soppressa o dove non \u00e8 mai stata conosciuta in precedenza.<\/p>\n<p>Le esigenze della Comunit\u00e0 Pi\u00f9 Grande sono enormi. Non potete essere impegnati nel costante conflitto qua sulla Terra ed essere in grado di sopravvivere e rimanere liberi in questa pi\u00f9 grande arena di vita. \u00c8 una questione non di punto di vista o di credo. \u00c8 una questione di necessit\u00e0.<\/p>\n<p>Affinch\u00e9 le nazioni possano sopravvivere il declino ambientale in questo mondo e crescenti disordini e difficolt\u00e0 economiche e politiche, dovrete cooperare tra voi. Anzich\u00e9 litigare, dovrete trovare modi per provvedere cibo, acqua ed energia elettrica sufficienti per le genti del mondo. Quella sar\u00e0 la necessit\u00e0 prevalente e dominante del futuro qua sulla Terra.<\/p>\n<p>La gente che pensa altrimenti sta vivendo nel passato. Le loro supposizioni sono basate sul passato. Loro non riescono a vedere quello che sta succedendo proprio in mezzo a loro. Loro non riescono ad accertarsi di cosa sta arrivando all\u2019orizzonte.<\/p>\n<p>Stanno tutti vivendo nel guscio delle loro convinzioni e supposizioni e sono ciechi nei confronti delle realt\u00e0 del mondo oggi e domani. Loro credono che le interazioni nell\u2019universo saranno il risultato delle esplorazioni umane, ma quello \u00e8 raramente il caso nell\u2019universo. L\u2019intromissione avviene quando le nazioni diventano pi\u00f9 forti e pi\u00f9 unite. Quello \u00e8 il momento in cui la sfida alla libert\u00e0 e alla sovranit\u00e0 veramente inizia.<\/p>\n<p>La vostra formazione riguardo all\u2019universo e la vostra preparazione per vivere e sopravvivere nel nuovo mondo sono [necessit\u00e0] cos\u00ec grandi e immani, che hanno richiesto una Nuova Rivelazione da Dio. Il chiarimento della natura, dello scopo e dell\u2019unit\u00e0 dello spirito umano deve adesso essere enfatizzato oltre ogni altra cosa, altrimenti l\u2019umanit\u00e0 non trover\u00e0 la forza o l\u2019unit\u00e0 per reagire al grande cambiamento che \u00e8 su di voi.<\/p>\n<p>Una Nuova Rivelazione porta grande correzione e chiarimento, che sono cose necessarie adesso se si vuole che le tradizioni religiose del mondo aggiungano saggezza alla famiglia umana e non alimentino semplicemente la sua partigianeria, il suo conflitto e le sue contese. Tutte loro hanno un contributo da dare. Sono tutte importanti. Una non \u00e8 pi\u00f9 grandiosa di un\u2019altra. Pensare in questo modo \u00e8 non capire la Volont\u00e0 del Cielo, perch\u00e9 solo un\u2019umanit\u00e0 unita sar\u00e0 in grado di contendere con le sfide di vivere in un nuovo mondo e con le maggiori sfide di preservare la vostra libert\u00e0 e sovranit\u00e0 nel mezzo della presenza di forze pi\u00f9 grandi nell\u2019universo.<\/p>\n<p>Questo \u00e8 il tempo. Stai vivendo in un tempo di Rivelazione. \u00c8 un tempo prezioso. \u00c8 un tempo difficile. \u00c8 un tempo di confusione. \u00c8 il tempo di grande conseguenza.<\/p>\n<p>Sei tra i primi a rispondere alla Nuova Rivelazione. \u00c8 cos\u00ec per uno scopo. Non \u00e8 un incidente che sia cos\u00ec. Tu che stai ancora pianificando la tua realizzazione nella vita non hai ancora capito che hai un destino superiore qua, un destino che sar\u00e0 espresso in un modo unico nella tua vita, ma \u00e8 un destino che condividerai con altri, perch\u00e9 nessuno \u00e8 nel mondo per sbaglio adesso.<\/p>\n<p>Tutti sono stati mandati qua per contendere con le condizioni del mondo. Ma questa preparazione avviene a un livello pi\u00f9 profondo della mente, al livello della Conoscenza. Questa \u00e8 la parte di te che non \u00e8 mai stata separata da Dio. \u00c8 la parte di te che era ed \u00e8 la tua vera identit\u00e0. \u00c8 stata La Conoscenza che ti ha portato nel mondo. \u00c8 La Conoscenza che ti porter\u00e0 attraverso il mondo. Sar\u00e0 La Conoscenza che emerger\u00e0 con te oltre il mondo.<\/p>\n<p>I separati sono redenti attraverso La Conoscenza. I malvagi sono recuperati attraverso La Conoscenza. Gli sciocchi sono resi saggi attraverso La Conoscenza. Questo \u00e8 come Dio redime non solo la famiglia umana, ma tutta la Creazione che sta vivendo nella Separazione, che \u00e8 rappresentata dall\u2019universo fisico che voi riuscite appena a immaginare.<\/p>\n<p>\u00c8 la Volont\u00e0 del Cielo che tu risponda alla Nuova Rivelazione. \u00c8 la Volont\u00e0 del Cielo che tu intraprenda i Passi verso La Conoscenza\u2014pazientemente; senza presunzione; mettendo da parte le tue convinzioni, le tue preferenze e le tue paure mentre procedi, affinch\u00e9 tu possa impegnarti con una forza superiore, con una maggiore integrit\u00e0 e con un grande scopo dentro di te.<\/p>\n<p>\u00c8 la Volont\u00e0 del Cielo che questa consapevolezza e preparazione siano condivise con altri e che tu diventi un veicolo per condividerla in modo molto semplice, indicando la Nuova Rivelazione.<\/p>\n<p>\u00c8 la Volont\u00e0 del Cielo che l\u2019umanit\u00e0 cresca, emerga dalla sua scellerata e polemica adolescenza per diventare la saggia amministratrice di questo mondo, per preservare le risorse vitali di questo mondo e per diventare una razza libera in un universo dove la libert\u00e0 \u00e8 rara ed \u00e8 raramente apprezzata.<\/p>\n<p>\u00c8 la Volont\u00e0 del Cielo che terminiate i vostri incessanti conflitti, perch\u00e9 adesso non vi potete permettere di distruggere le vostre genti e le vostre citt\u00e0. Avrete bisogno di tutte le risorse del mondo, di tutte le risorse che avete, per contendere con le Grandi Onde del cambiamento che stanno arrivando.<\/p>\n<p>Non state vivendo nel passato. Il vecchio mondo \u00e8 passato. State vivendo in un nuovo mondo\u2014un mondo con un clima instabile e mutevoli condizioni ambientali, un mondo di risorse scemanti, un mondo di sempre crescente fragilit\u00e0, sempre crescente incertezza, dove anche la civilt\u00e0 umana stessa \u00e8 in pericolo.<\/p>\n<p>Ma chi vedr\u00e0 questo? Chi sentir\u00e0 questo, non con le proprie idee o con le proprie opinioni o con i propri credo, ma profondamente, pi\u00f9 profondamente? Chi ha il coraggio di affrontare ci\u00f2? Chi ha l\u2019umilt\u00e0 di affrontare una Nuova Rivelazione? Chi \u00e8 capace di ammettere che Dio ha da dire di pi\u00f9 all\u2019umanit\u00e0 e chi sa rinunciare alla presunzione e a tutte le ammonizioni e le dichiarazioni che la accompagnano?<\/p>\n<p>La Volont\u00e0 del Cielo e le intenzioni dell\u2019umanit\u00e0 sono ancora molto distanti tra loro. Ma i tempi diventano oscuri. L\u2019ora \u00e8 tarda. E non c\u2019\u00e8 pi\u00f9 tempo per la sciocchezza e il rifiuto.<\/p>\n<p>\u00c8 il tempo della Rivelazione. \u00c8 il dono all\u2019umanit\u00e0, per essere ricevuto o rifiutato. \u00c8 il futuro dell\u2019umanit\u00e0, da essere compiuto o essere distrutto. \u00c8 la speranza dell\u2019umanit\u00e0, da essere realizzata ed espressa o da essere scialacquata e sprecata. Questa \u00e8 una grande decisione, non solo per della gente altrove, ma per te, dentro di te.<\/p>\n<p>Tutto \u00e8 basato sulle decisioni dell\u2019individuo, e per quello il Nuovo Messaggio da Dio si rivolge direttamente a ci\u00f2. Non prescrive semplicemente un nuovo sistema di fedi, un nuovo giogo di ideologia sotto il quale tutti si devono piegare ed essere oppressi. La gente dovr\u00e0 sbrogliare i dettagli. Ma la motivazione deve essere vera. La consapevolezza deve essere l\u00e0.<\/p>\n<p>Ci deve essere maggiore chiarezza riguardo a quello che state trattando e che dovrete affrontare in futuro, e questo moderer\u00e0 il vostro comportamento deviante e distruttivo. Questo vi dar\u00e0 una pausa prima di condannare o attaccare altre persone o nazioni. Questo moderer\u00e0 il vostro estremismo e fondamentalismo e tutta l\u2019arroganza e ignoranza che si manifestano con una tale veemenza ed eloquenza nel mondo.<\/p>\n<p>Dovete sentire questo con il vostro cuore. Non ritardate, perch\u00e9 ogni giorno \u00e8 importante adesso. Non si pu\u00f2 perdere tempo adesso.<\/p>\n<p>Il Messaggero \u00e8 qua. Lui non sar\u00e0 qua per sempre. Siete benedetti per poterlo ascoltare e incontrare se \u00e8 possibile. Lui porta con s\u00e9 la Rivelazione, oltre a quello che \u00e8 prodotto in un libro o in una registrazione.<\/p>\n<p>Ricevetelo. Uditelo. E la vostra vita dimostrer\u00e0 la prova della verit\u00e0 che \u00e8 con lui, in lui, e attraverso lui.<\/p>\n","protected":false},"excerpt":{"rendered":"<p>Molte persone nel mondo stanno aspettando il ritorno del loro Salvatore, il loro Maitreya o il loro Imam. Ma Dio ha mandato un Nuovo Messaggio nel mondo, un Messaggio per preparare l\u2019umanit\u00e0 per il grande cambiamento che sta arrivando e per il suo incontro con la vita intelligente nell\u2019universo, un incontro che sar\u00e0 di gran\u2026 <a class=\"read-more\" href=\"https:\/\/www.v6.newmessage.org\/it\/about-recording-shortcode\"><span>Read More<\/span><\/a><\/p>\n","protected":false},"author":22,"featured_media":0,"parent":16489,"menu_order":0,"comment_status":"closed","ping_status":"closed","template":"template-leftsidebar.php","meta":{"_monsterinsights_skip_tracking":false,"_monsterinsights_sitenote_active":false,"_monsterinsights_sitenote_note":"","_monsterinsights_sitenote_category":0,"footnotes":""},"categories":[76,30,465,460],"tags":[749,740,745,750,661,743,748,741,746,744,747,406,742],"_links":{"self":[{"href":"https:\/\/www.v6.newmessage.org\/it\/wp-json\/wp\/v2\/pages\/27784"}],"collection":[{"href":"https:\/\/www.v6.newmessage.org\/it\/wp-json\/wp\/v2\/pages"}],"about":[{"href":"https:\/\/www.v6.newmessage.org\/it\/wp-json\/wp\/v2\/types\/page"}],"author":[{"embeddable":true,"href":"https:\/\/www.v6.newmessage.org\/it\/wp-json\/wp\/v2\/users\/22"}],"replies":[{"embeddable":true,"href":"https:\/\/www.v6.newmessage.org\/it\/wp-json\/wp\/v2\/comments?post=27784"}],"version-history":[{"count":4,"href":"https:\/\/www.v6.newmessage.org\/it\/wp-json\/wp\/v2\/pages\/27784\/revisions"}],"predecessor-version":[{"id":28178,"href":"https:\/\/www.v6.newmessage.org\/it\/wp-json\/wp\/v2\/pages\/27784\/revisions\/28178"}],"up":[{"embeddable":true,"href":"https:\/\/www.v6.newmessage.org\/it\/wp-json\/wp\/v2\/pages\/16489"}],"wp:attachment":[{"href":"https:\/\/www.v6.newmessage.org\/it\/wp-json\/wp\/v2\/media?parent=27784"}],"wp:term":[{"taxonomy":"category","embeddable":true,"href":"https:\/\/www.v6.newmessage.org\/it\/wp-json\/wp\/v2\/categories?post=27784"},{"taxonomy":"post_tag","embeddable":true,"href":"https:\/\/www.v6.newmessage.org\/it\/wp-json\/wp\/v2\/tags?post=27784"}],"curies":[{"name":"wp","href":"https:\/\/api.w.org\/{rel}","templated":true}]}}