{"id":27782,"date":"2016-09-03T14:51:02","date_gmt":"2016-09-03T14:51:02","guid":{"rendered":"http:\/\/www.newmessage.org\/it\/?page_id=27782"},"modified":"2018-02-05T01:05:15","modified_gmt":"2018-02-05T01:05:15","slug":"introduzione","status":"publish","type":"page","link":"https:\/\/www.v6.newmessage.org\/it\/il-messaggio\/volume-1\/il-nuovo-messaggero\/introduzione","title":{"rendered":"Introduzione"},"content":{"rendered":"<div class=\"one_fourth \" ><\/div>\n<div><!-- from Version 8.0 book --><\/div>\n\n<div class=\"tabgroup \"><ul class=\"tabs\"><li><a href=\"#tabs-1\">Il Nuovo Messaggero<\/a><\/li>\n<li><a href=\"#tabs-2\">Nota<\/a><\/li><\/ul>\n <div id=\"tabs-1\"><\/p>\n<div class=\"panel-10 text-align-center\"><img loading=\"lazy\" decoding=\"async\" class=\"imgborder wp-image-29650 size-medium aligncenter\" src=\"\/wp-content\/uploads\/2016\/09\/The-New-Messenger-ebook-cover.jpg\" alt=\"Introduction to the New Messenger book\" width=\"200\" height=\"300\" \/><\/div>\n<p><\/div>\n<div id=\"tabs-2\"><br \/>\n<em>Nota per il Lettore:<br \/>\nQuesta traduzione \u00e8 stata fornita alla Society da uno studente del Nuovo Messaggio che si \u00e8 offerto volontario per tradurre il testo originale in Inglese. Noi rendiamo questa traduzione disponibile al mondo in questa forma iniziale affinch\u00e9 le persone abbiano la possibilit\u00e0 di interagire con una porzione del Nuovo Messaggio nella propria lingua.<\/em><br \/>\n<\/div>\n\t\t\t\t<div align=\"right\">\n\t\t\t<div class=\"fb-like\" data-href=\"\" data-layout=\"button_count\" data-action=\"like\" data-show-faces=\"false\" data-share=\"false\"><\/div>\n\t\t\t<div class=\"fb-share-button\" data-layout=\"button_count\"> <\/div>\n\t\t\t<div class=\"fb_iframe_widget\"><a href=\"https:\/\/twitter.com\/godsnewmessage?ref_src=twsrc%5Etfw\" class=\"twitter-follow-button\" data-show-count=\"false\">Follow @godsnewmessage<\/a><script async src=\"https:\/\/platform.twitter.com\/widgets.js\" charset=\"utf-8\"><\/script><\/div>\n\t\t\t<\/div> <\/div> \n\n<p><em>Il Nuovo Messaggero<\/em> \u00e8 un libro di Rivelazione dato dal Creatore di tutta la vita alla famiglia umana, attraverso il Messaggero Marshall Vian Summers.<\/p>\n<p>Qua Dio sta rivelando l\u2019origine, il lignaggio e la missione dei Messaggeri di Dio che, in tempi diversi nella storia umana, sono stati mandati nel mondo per ricevere e presentare Nuove Rivelazioni alla famiglia umana. Adesso in questo punto di svolta nella storia e nell\u2019evoluzione del nostro mondo, Dio ha mandato un Nuovo Messaggero nel mondo per ricevere una Rivelazione diversa da qualsiasi cosa che sia mai stata data in precedenza.<\/p>\n<p>Nel corso della storia umana, il Creatore ha dato la Rivelazione e la Saggezza per andare incontro alle crescenti necessit\u00e0 della gente e delle nazioni in tempi diversi e in luoghi diversi del mondo. Attraverso i Messaggeri del passato, le Rivelazioni progressive di Dio sono fluite nella consapevolezza umana, facendo avanzare la civilt\u00e0 umana e risvegliando l\u2019esperienza della Presenza Divina nel mondo.<\/p>\n<p>Le Rivelazioni progressive di Dio continuano di nuovo attraverso un Nuovo Messaggio da Dio, consegnato attraverso un Nuovo Messaggero, un uomo chiamato Marshall Vian Summers. Il Messaggero \u00e8 stato impegnato in un lungo e misterioso processo di Rivelazione. Questo processo ebbe inizio per lui all\u2019et\u00e0 di 33 anni ed \u00e8 andato avanti per oltre tre decenni. Lavorando per la maggior parte di questi anni nell\u2019oscurit\u00e0, avendo appresso solo la sua famiglia e pochi assistenti, ha ricevuto la pi\u00f9 ampia e pi\u00f9 inclusiva Rivelazione mai data alla famiglia umana.<\/p>\n<p><em>Il Nuovo Messaggero<\/em> \u00e8 solo una piccola parte del pi\u00f9 ampio testo del Nuovo Messaggio da Dio. Le parole del Nuovo Messaggio sono una diretta comunicazione da Dio, tradotte nel linguaggio umano dall\u2019Assemblea Angelica che veglia su questo mondo, e poi parlate attraverso il Messaggero Marshall Vian Summers. Questa comunicazione parlata viene registrata, poi \u00e8 trascritta ed ora \u00e8 compilata in un testo completo dal Messaggero stesso. Questa \u00e8 la prima volta nella storia che la Voce della Rivelazione \u00e8 stata registrata ed ora \u00e8 resa disponibile alla gente di ogni luogo affinch\u00e9 la possano ascoltare per conto proprio.<\/p>\n<p>La Voce della Rivelazione continua a parlare attraverso il Messaggero. La Parola e il Suono della comunicazione di Dio sono ora ascoltate in tutto il mondo.<\/p>\n<p>Perch\u00e9 ha il mondo bisogno di un Nuovo Messaggio da Dio? Perch\u00e9 sta succedendo questo adesso? Il Nuovo Messaggio afferma che \u00e8 qua per allertare, potenziare e preparare la famiglia umana al fine di andare incontro alle critiche e crescenti necessit\u00e0 del nostro tempo ora che dobbiamo affrontare Grandi Onde di disordine ambientale, politico ed economico e la realt\u00e0 nascosta del contatto con la vita intelligente nell\u2019universo. Per affrontare e navigare delle sfide di tale enormit\u00e0, abbiamo bisogno di un Nuovo Messaggio da Dio. Qua il Nuovo Messaggio mette bene on chiaro che le tradizioni del passato non ci possono preparare per le soglie che sono ora di fronte a noi, specialmente in un mondo di crescente violenza religiosa, divisione e disintegrazione.<\/p>\n<p><em>Il Nuovo Messaggero<\/em> \u00e8 il terzo libro del Volume 1 del Nuovo Messaggio da Dio. Esso contiene 13 rivelazioni individuali, ognuna data in tempi e luoghi diversi durante i viaggi del Messaggero nel mondo. <em>Il Nuovo Messaggero<\/em> contiene molte di quelle rivelazioni dalla Fonte che riguardano il Messaggero stesso. Chi \u00e8? Perch\u00e9 fu scelto? Come fu la Rivelazione effettivamente consegnata attraverso lui? Come si fa a sapere che lui \u00e8 vero ed autentico? E come \u00e8 lui connesso con i Messaggeri del passato?<\/p>\n<p>Queste sono domande che qualsiasi persona potrebbe porre. Adesso Dio ha parlato di nuovo con una serie di rivelazioni che rispondono a queste domande e ad altre ancora. Attraverso i libri del Nuovo Messaggio, Dio sta rivelando la vera identit\u00e0 dei Messaggeri attuali e precedenti; la loro selezione, la loro preparazione, la loro relazione tra di loro e il vero significato della loro apparizione e del loro esordio nel mondo.<\/p>\n<p><em>Il Nuovo Messaggero<\/em> insegna che tutti i Messaggeri di Dio sono membri dell\u2019Assemblea Angelica che veglia sul mondo. Nel corso della storia umana, questa Assemblea, in risposta al Piano di Dio, ha mandato nel mondo uno dei loro in certi tempi e luoghi per ricevere una Rivelazione originale dal Creatore. Questi sono i Messaggeri di Dio. L\u2019avvento di un Nuovo Messaggero rappresenta l\u2019apertura del prossimo capitolo nella Rivelazione progressiva della Volont\u00e0 e del Piano di Dio per il mondo.<\/p>\n<p>Il Nuovo Messaggio insegna che la presenza e la comunicazione di Dio sono trasmesse nel mondo a molti livelli diversi: attraverso la mente spirituale della Conoscenza in ogni persona, attraverso maestri che offrono istruzione e guida tramite le tradizioni esistenti, attraverso riformatori che si impegnano a correggere e rinnovare queste tradizioni e attraverso profeti che possono portare un messaggio originale di allerta e direzione riguardo a un imminente cambiamento ed a eventi del mondo. In ogni momento, Dio si muove e comunica nel mondo, attraverso una miriade di espressioni e dimostrazioni di ispirazione, perdono, misericordia e cooperazione tra la gente.<\/p>\n<p>Per\u00f2 <em>Il Nuovo Messaggero<\/em> rivela che \u00e8 tramite i Messaggeri che il Creatore parla all\u2019intero mondo, presentando una realt\u00e0 interamente nuova di comprensione e di consapevolezza che \u00e8 designata a toccare le vite della gente in tutte le nazioni, le culture e le religioni. \u00c8 presso dei grandi punti di svolta che Dio si muove per toccare il mondo tutto in una volta, per muovere la famiglia umana in una nuova direzione e preparare l\u2019umanit\u00e0 per le immense soglie evolutive che determineranno il suo successo e la sua sopravvivenza in futuro. L\u2019arrivo di un Nuovo Messaggero segnala che tale soglia \u00e8 stata raggiunta, e che Dio adesso sta parlando all\u2019intero mondo.<\/p>\n<p>I Messaggeri appaiono nel mondo molto infrequentemente, con molti secoli o anche millenni di intervallo, e sono stati enormemente fraintesi nel tempo. Sono stati immaginati come individui perfetti e immacolati, capaci di fare miracoli per impressionare le masse, come dei puri riverberi di Dio o anche come una diretta apparizione di Dio incarnato. Qua l\u2019immaginazione umana si amplifica nel tempo, annebbiando e distorcendo le vere vite e storie di questi rari individui e il vero significato della loro apparizione nel mondo, sia in passato che ora nel presente.<\/p>\n<p>Attraverso i libri del Nuovo Messaggio da Dio, la vera origine, identit\u00e0 e il vero viaggio dei Messaggeri sia conosciuti che sconosciuti sono chiarite e rivelate in modo nuovo. Qua ci viene mostrato che i Messaggeri sono sia esseri umani che membri dell\u2019Assemblea Angelica, selezionati e preparati al di l\u00e0 di questo mondo per entrare in una forma umana come Messaggeri di Dio e ricevere la Nuova Rivelazione di Dio per il mondo. Mentre sono nel mondo, i Messaggeri sono imperfetti, fallibili e suscettibili ai tanti pericoli e alle influenze della vita umana\u2014eppure essi portano una presenza che brucia dentro di loro come un fuoco sacro. Loro portano la presenza e la potenza della realt\u00e0 superiore della Creazione al di l\u00e0 del mondo, e loro cercano di estendere questo a tutti coloro che sono in grado di ricevere la Nuova Rivelazione di Dio per quel tempo e per i tempi a venire.<\/p>\n<p><em>Il Nuovo Messaggero<\/em> rivela la missione e la chiamata di Marshall Vian Summers, il Messaggero vivente oggi nel mondo. Qua siamo invitati a capire il Messaggero del nostro tempo e ricevere il dono che egli porta. Qua ci viene data una linea di comunicazione con la misteriosa realt\u00e0 della nostra Antica Casa oltre il mondo e con coloro che ci hanno mandato nel mondo con uno scopo da compiere: vivere una vita di vera ispirazione, relazione e servizio agli altri. Questo \u00e8 il dono e la dimostrazione del Messaggero\u2014che ognuno di noi possa ricordare e ritornare alla nostra vera identit\u00e0 e consentire a questo di esprimersi attraverso noi nel nostro tempo nel mondo.<\/p>\n<p>Anche se, nella mano, sembra essere solo un libro, <em>Il Nuovo Messaggero<\/em> \u00e8 qualcosa di molto pi\u00f9 grande. \u00c8 un richiamo e una comunicazione da Dio a te. Questa \u00e8 una comunicazione vivente dal Creatore di tutta la vita alla famiglia umana, e la comunicazione sta ancora fluendo attraverso il Messaggero ad oggi.<\/p>\n<p>Rimarcabilmente, hai trovato il Nuovo Messaggio da Dio, o lui ha trovato te. Non \u00e8 una coincidenza che sia cos\u00ec. Questo apre il prossimo capitolo nel mistero della tua vita e della tua presenza nel mondo in questo tempo. La porta si apre davanti a te. Basta solo che entri, per iniziare.<\/p>\n<p>Quando entrerai pi\u00f9 profondamente nel Nuovo Messaggio da Dio, l\u2019impatto sulla tua vita crescer\u00e0, portando una maggiore esperienza di chiarezza, certezza interiore e direzione vera nella tua vita. Nel tempo, le tue domande troveranno risposta come troverai una libert\u00e0 maggiore dal dubbio interiore, dal conflitto interiore e dai vincoli del passato. Qua l\u2019appello e il dono del Messaggero diventeranno vivi nella tua vita, ricordandoti sempre che c\u2019\u00e8 una vita superiore che siete destinati a vivere.<\/p>\n<p><em>New Knowledge Library (Biblioteca della Nuova Conoscenza)<\/em><\/p>\n","protected":false},"excerpt":{"rendered":"<p>Il Nuovo Messaggero \u00e8 un libro di Rivelazione dato dal Creatore di tutta la vita alla famiglia umana, attraverso il Messaggero Marshall Vian Summers. Qua Dio sta rivelando l\u2019origine, il lignaggio e la missione dei Messaggeri di Dio che, in tempi diversi nella storia umana, sono stati mandati nel mondo per ricevere e presentare Nuove\u2026 <a class=\"read-more\" href=\"https:\/\/www.v6.newmessage.org\/it\/il-messaggio\/volume-1\/il-nuovo-messaggero\/introduzione\"><span>Read More<\/span><\/a><\/p>\n","protected":false},"author":22,"featured_media":0,"parent":16489,"menu_order":0,"comment_status":"closed","ping_status":"closed","template":"template-leftsidebar.php","meta":{"_monsterinsights_skip_tracking":false,"_monsterinsights_sitenote_active":false,"_monsterinsights_sitenote_note":"","_monsterinsights_sitenote_category":0,"footnotes":""},"categories":[465,460],"tags":[749,740,745,750,768,743,748,741,746,744,747,652,742],"_links":{"self":[{"href":"https:\/\/www.v6.newmessage.org\/it\/wp-json\/wp\/v2\/pages\/27782"}],"collection":[{"href":"https:\/\/www.v6.newmessage.org\/it\/wp-json\/wp\/v2\/pages"}],"about":[{"href":"https:\/\/www.v6.newmessage.org\/it\/wp-json\/wp\/v2\/types\/page"}],"author":[{"embeddable":true,"href":"https:\/\/www.v6.newmessage.org\/it\/wp-json\/wp\/v2\/users\/22"}],"replies":[{"embeddable":true,"href":"https:\/\/www.v6.newmessage.org\/it\/wp-json\/wp\/v2\/comments?post=27782"}],"version-history":[{"count":6,"href":"https:\/\/www.v6.newmessage.org\/it\/wp-json\/wp\/v2\/pages\/27782\/revisions"}],"predecessor-version":[{"id":28177,"href":"https:\/\/www.v6.newmessage.org\/it\/wp-json\/wp\/v2\/pages\/27782\/revisions\/28177"}],"up":[{"embeddable":true,"href":"https:\/\/www.v6.newmessage.org\/it\/wp-json\/wp\/v2\/pages\/16489"}],"wp:attachment":[{"href":"https:\/\/www.v6.newmessage.org\/it\/wp-json\/wp\/v2\/media?parent=27782"}],"wp:term":[{"taxonomy":"category","embeddable":true,"href":"https:\/\/www.v6.newmessage.org\/it\/wp-json\/wp\/v2\/categories?post=27782"},{"taxonomy":"post_tag","embeddable":true,"href":"https:\/\/www.v6.newmessage.org\/it\/wp-json\/wp\/v2\/tags?post=27782"}],"curies":[{"name":"wp","href":"https:\/\/api.w.org\/{rel}","templated":true}]}}