{"id":27702,"date":"2016-08-23T12:16:58","date_gmt":"2016-08-23T12:16:58","guid":{"rendered":"http:\/\/www.newmessage.org\/it\/?page_id=27702"},"modified":"2018-02-05T00:53:27","modified_gmt":"2018-02-05T00:53:27","slug":"cosa-e-lacreazione","status":"publish","type":"page","link":"https:\/\/www.v6.newmessage.org\/it\/il-messaggio\/volume-1\/lunico-dio\/cosa-e-lacreazione","title":{"rendered":"Cosa \u00e8 la Creazione?"},"content":{"rendered":"<div><\/div>\n\n<div class=\"tabgroup \"><ul class=\"tabs\"><li><a href=\"#tabs-1\">Ascolta<\/a><\/li>\n<li><a href=\"#tabs-2\">Guarda<\/a><\/li>\n<li><a href=\"#tabs-3\">Nota<\/a><\/li><\/ul>\n <div id=\"tabs-1\"><\/p>\n<p>Ascolta la Voce della Rivelazione Originale in Inglese:<\/p>\n<div id=\"jquery_jplayer_1\" class=\"jp-jplayer\"><\/div>\n\t\t\t\t<div id=\"jp_container_1\" class=\"jp-audio\">\n\t\t\t\t<div class=\"jp-type-single\"><div class=\"jp-control\"><a href=\"javascript:;\" class=\"jp-play\" tabindex=\"1\">play<\/a><a href=\"javascript:;\" class=\"jp-pause\" tabindex=\"1\">pause<\/a><\/div> <div class=\"jp-gui jp-interface\"><div class=\"jp-volume\"><div class=\"jp-volume-bar\"><div class=\"jp-volume-bar-value\"><\/div><\/div><\/div><div class=\"jp-progress\"><div class=\"jp-seek-bar\"><div class=\"jp-play-bar\"><\/div><\/div><\/div><\/div>\t\t\t\t\t<div class=\"jp-no-solution\"><span>Update Required<\/span>To play the media you will need to either update your browser to a recent version or update your <a href=\"http:\/\/get.adobe.com\/flashplayer\/\" target=\"_blank\">Flash plugin<\/a>.<\/div><\/div><\/div>\n\t\t\t<script type='text\/javascript'>\n\t\t\t\tjQuery(document).ready(function() {\n\t\t\t\t\tif (typeof (sermonMedia) == 'function') {\n\t\t\t\t\t\tsermonMedia.addAudio('', \"jquery_jplayer_1\");\n\t\t\t\t\t}\n\t\t\t\t\tjQuery.jPlayer.timeFormat.showHour = true;\n\t\t\t\t\tjQuery(\"#jquery_jplayer_1\").jPlayer({\n\t\t\t\t\t\tready: function(event) {\n\t\t\t\t\t\t\tjQuery(this).jPlayer(\"setMedia\", {mp3: 'https:\/\/newmessage.org\/av\/what-is-creation.mp3'});\n\t\t\t\t\t\t},\n\t\t\t\t\t\tplay: function() {\n\t\t\t\t\t\t\tjQuery(this).jPlayer(\"pauseOthers\");\n\t\t\t\t\t\t},\n\t\t\t\t\t\tswfPath: ThemeData.directory_uri+\"\/swf\",\n\t\t\t\t\t\tsolution: \"html, flash\",\n\t\t\t\t\t\tpreload: \"metadata\",\n\t\t\t\t\t\twmode: \"window\",\n\t\t\t\t\t\tsupplied: \"mp3\",\n\t\t\t\t\t\tcssSelectorAncestor: '#jp_container_1'\n\t\t\t\t\t});\n\t\t\t\t});\n\t\t\t<\/script><\/p>\n<p><a title=\"The New God\" href=\"\/av\/what-is-creation.mp3\">Download<\/a> (clicca il pulsante destro del mouse)<\/p>\n<p class=\"revelation_details\"><em>Rivelato al Messaggero di Dio<br \/>\nMarshall Vian Summers<br \/>\nIl 4 Novembre, 2008<br \/>\nin Boulder, Colorado<\/em><\/p>\n<div class=\"toggle toggle-white\"><h4 class=\"trigger \"><span class=\"t_ico\"><\/span><a href=\"#\">Note riguardo a questa registrazione<\/a><\/h4><div class=\"toggle_container \"><br \/>\n<p>Quella che state sentendo in questa registrazione \u00e8 la voce della <u>Assemblea <\/u>Angelica che sta parlando tramite il <u>Messaggero <\/u>Marshall Vian Summers.<\/p>\n<p>Qua, la comunicazione originale di Dio, che esiste al di l\u00e0 delle parole, \u00e8 tradotta nel linguaggio e nella comprensione umana dall\u2019Assemblea Angelica che veglia sul mondo. Poi l\u2019Assemblea consegna il Messaggio di Dio tramite il Messaggero.<\/p>\n<p>In questo notevole processo, la Voce della Rivelazione sta parlando di nuovo. La Parola e il suono della Voce sono nel mondo. Per la prima volta nella storia, la registrazione dell\u2019originale rivelazione parlata \u00e8 disponibile affinch\u00e9 voi e il mondo la possiate sentire.<\/p>\n<p>Possiate voi essere i destinatari di questo dono di Rivelazione e possiate essere aperti a ricevere il suo Messaggio unico per voi e per la vostra vita.<\/p>\n<br \/>\n<\/div><\/div><br \/>\n<\/div>\n<div id=\"tabs-2\"><\/p>\n<p><iframe loading=\"lazy\" width=\"275\" height=\"155\" src=\"https:\/\/www.youtube.com\/embed\/ZV_H72T1yUU?feature=oembed&#038;enablejsapi=1&#038;origin=https:\/\/www.newmessage.org\/it\" frameborder=\"0\" allow=\"autoplay; encrypted-media\" allowfullscreen><\/iframe><br \/>\n<\/div>\n<div id=\"tabs-3\"><br \/>\n<em>Nota per il Lettore:<br \/>\nQuesta traduzione \u00e8 stata fornita alla Society da uno studente del Nuovo Messaggio che si \u00e8 offerto volontario per tradurre il testo originale in Inglese. Noi rendiamo questa traduzione disponibile al mondo in questa forma iniziale affinch\u00e9 le persone abbiano la possibilit\u00e0 di interagire con una porzione del Nuovo Messaggio nella propria lingua.<\/em><br \/>\n<\/div>\n\t\t\t\t<div align=\"right\">\n\t\t\t<div class=\"fb-like\" data-href=\"\" data-layout=\"button_count\" data-action=\"like\" data-show-faces=\"false\" data-share=\"false\"><\/div>\n\t\t\t<div class=\"fb-share-button\" data-layout=\"button_count\"> <\/div>\n\t\t\t<div class=\"fb_iframe_widget\"><a href=\"https:\/\/twitter.com\/godsnewmessage?ref_src=twsrc%5Etfw\" class=\"twitter-follow-button\" data-show-count=\"false\">Follow @godsnewmessage<\/a><script async src=\"https:\/\/platform.twitter.com\/widgets.js\" charset=\"utf-8\"><\/script><\/div>\n\t\t\t<\/div> <\/div> \n\n<p>\u00c8 tempo adesso che l\u2019umanit\u00e0 impari riguardo alla spiritualit\u00e0 nella Comunit\u00e0 Pi\u00f9 Grande di vita in cui il vostro mondo \u00e8 sempre esistito. \u00c8 tempo adesso di crescere al di fuori del focus tribale e dell\u2019identificazione tribale per imparare un nuovo paradigma, per rendersi conto dell\u2019evoluzione della comprensione religiosa nell\u2019universo dove \u00e8 stata pi\u00f9 pienamente espressa e dove \u00e8 stata pi\u00f9 ampiamente conseguita.<\/p>\n<p>L\u2019umanit\u00e0 adesso deve ottenere una prospettiva superiore al fine di stabilire un\u2019unit\u00e0 e una comprensione umana, per andare incontro ed affrontare le Grandi Onde del cambiamento che stanno arrivando nel mondo e riconoscere e contrastare la Grande Oscurit\u00e0 che \u00e8 nel mondo.<\/p>\n<p>Non potete andare incontro a una nuova realt\u00e0 con una vecchia comprensione, e per quello Dio ha mandato un Nuovo Messaggio nel mondo, un Messaggio per la protezione e l\u2019avanzamento dell\u2019umanit\u00e0.<\/p>\n<p>La prima domanda \u00e8: Cosa \u00e8 la Creazione? La Creazione \u00e8 tutto quello che Dio ha creato nel tempo e al di l\u00e0 del tempo. Voi vivete nel tempo, cos\u00ec vivete in una parte della Creazione che \u00e8 in movimento, che \u00e8 fluttuante, che \u00e8 instabile e che si evolve e si espande. Questa parte della Creazione fu stabilita per dare una casa ai separati, dove possono provare la Separazione e avere l\u2019opportunit\u00e0 di scegliere una via di ritorno a quella parte della Creazione che non cambia, che \u00e8 completa ed eterna.<\/p>\n<p>La Creazione della quale vi dovete interessare \u00e8 questa Creazione temporanea\u2014un luogo di tempo e spazio, una realt\u00e0 fisica, una realt\u00e0 di constante cambiamento, di sistemi in evoluzione, una realt\u00e0 di contrasto e conflitto, una realt\u00e0 di vita e morte.<\/p>\n<p>La Separazione ha creato questa realt\u00e0, perch\u00e9 Dio sapeva che i separati devono avere una fondazione sulla quale esistere. Questo ha messo in moto l\u2019universo fisico che voi state appena iniziando a comprendere e che dovete imparare a servire ed a riconoscere se volete crescere al di sopra delle sue fascinazioni e perdonare le sue tragedie.<\/p>\n<p>La Creazione al di l\u00e0 questo \u00e8 oltre la vostra consapevolezza in questo momento, anche se di fatto state vivendo dentro di essa. Perch\u00e9 la Creazione temporanea sta avendo luogo a un altro livello. Siete gi\u00e0 circondati dalla Creazione permanente, ma i vostri occhi non la possono vedere, le vostre orecchie non la possono udire e le vostre dita non la possono toccare perch\u00e9 i vostri sensi furono solo stabiliti per riconoscere cose fisiche e cose che si stanno muovendo, oggetti che si muovono e suoni che cambiano.<\/p>\n<p>La realt\u00e0 superiore in cui vivete \u00e8 tutt\u2019intorno a voi. Non la avete mai lasciata, ma dato il vostro affidamento ai vostri sensi, non la potete saggiare direttamente senza un certo genere di preparazione.<\/p>\n<p>Questo \u00e8 interamente confondente per la vostra comprensione umana, e questo \u00e8 interamente confondente per la comprensione di innumerevoli razze di esseri che vivono nella Comunit\u00e0 Pi\u00f9 Grande di vita intelligente che comprende l\u2019universo fisico in cui vivete. Stanno tutti vivendo nella Separazione. Stanno tutti avendo l\u2019esperienza dell\u2019evoluzione. Loro rappresentano l\u2019evoluzione della coscienza, della tecnologia e delle istituzioni sociali a ogni concepibile livello.<\/p>\n<p>Questo sta tutto succedendo nella Creazione permanente stessa. Perch\u00e9 mentre sembra esserci la Separazione e sembra che viviate in questo stato separato\u2014dove tutto sembra essere distinto e unico; dove tutto cambia e si muove, nasce e muore\u2014non avete lasciato la Creazione permanente. \u00c8 ancora qua.<\/p>\n<p>La Separazione \u00e8 fondamentalmente un problema di percezione, comunicazione e consapevolezza. Ci sono stati pochissimi individui nella storia dell\u2019umanit\u00e0 che sono stati capaci di oltrepassare il velo che sembra separare questa realt\u00e0 fisica, temporanea, mutevole, dalla vostra realt\u00e0 permanente che rappresenta la vostra Antica Casa\u2014dove Dio \u00e8 conosciuto, dove tu sei conosciuto, dove non ci sono domande perch\u00e9 non ci sono conflitti, dove il cambiamento non esiste perch\u00e9 non ce n\u2019\u00e8 bisogno.<\/p>\n<p>Questo \u00e8 inconcepibile per voi nel vostro stato attuale, e non \u00e8 neanche desiderabile date le vostre priorit\u00e0 e i vostri obiettivi. Ma \u00e8 importante che sappiate che la Separazione non ha veramente avuto successo e che lo spacco via da Dio non \u00e8 veramente stato conseguito. \u00c8 vero nella vostra attuale esperienza della realt\u00e0, dentro questa parziale Creazione in cui esistete. Ma \u00e8 separata. Quello \u00e8 il motivo per cui cambia e per quello si sta evolvendo.<\/p>\n<p>Se la vita fisica non stesse cambiando ed evolvendosi, sarebbe per voi un Inferno. Immaginatevi di essere in una realt\u00e0 che non vi piace, una realt\u00e0 che non cambia mai Non avreste speranza. Non fareste alcun progresso. E anche se quella realt\u00e0 fisica, quella immutevole realt\u00e0 fisica, fosse perfetta nel soddisfare tutti i tuoi percepiti bisogni, dopo un po\u2019 vedresti che vivere in un corpo \u00e8 inerentemente scomodo, problematico e difficoltoso, e vorresti essere libero. Ma non potresti essere libero, in quel caso, perch\u00e9 avresti consolidato un genere di [immortalit\u00e0] nella tua immaginata realt\u00e0 fisica, e saresti intrappolato, vedi.<\/p>\n<p>L\u2019Inferno \u00e8 un bellissimo posto dove non puoi mai essere felice. Quello \u00e8 l\u2019Inferno. Se tu fossi in un luogo di vero tormento, vorresti subito tornare a casa da Dio. Ma qua, in questo bellissimo Inferno, sei ambivalente; sei attaccato. Ti intriga; ti seduce; ti ipnotizza. E anche se hai paura dei suoi pericoli, dei suoi terrori e della sua imprevedibilit\u00e0 in questa attuale realt\u00e0 fisica, sei sempre fissato su di lei.<\/p>\n<p>Allora per te, la Creazione \u00e8 l\u2019universo fisico. Sembra esserci per sempre, ma in realt\u00e0 \u00e8 temporaneo. Ha un inizio, un punto intermedio e una fine. Non avete neanche raggiunto il punto intermedio di questo universo in espansione, cos\u00ec questo \u00e8 qualcosa che confonde la vostra comprensione.<\/p>\n<p>\u00c8 importante che sappiate, che se mai doveste pensare che l\u2019immortalit\u00e0 nel regno fisico sia desiderabile, dovete rendervi conto che un simile stato sarebbe un Inferno in se stesso. Essere in un bellissimo luogo dove non potreste mai essere felici sarebbe estremamente infernale e sareste trattenuti l\u00e0 per molto tempo perch\u00e9 continuereste a volerlo, a crederci, a sperare e a cercare di farlo funzionare.<\/p>\n<p>Il fatto che la vostra realt\u00e0 fisica stia costantemente cambiando, espandendosi ed evolvendosi e che stia attraversando la crescita e il decadimento vi d\u00e0 la speranza e la promessa che il vostro scopo superiore e il bisogno dell\u2019anima possano essere compiuti in questo luogo.<\/p>\n<p>Questo esige una fondazione teologica e filosofica interamente diversa. Se credete di essere nel mondo perch\u00e9 avete peccato o perch\u00e9 siete stati condannati, allora non riconoscerete la grande opportunit\u00e0 che esiste nella vostra realt\u00e0 per la vostra redenzione. Difatti, date le fondazioni filosofiche di molte delle religioni del mondo oggi, questo quadro \u00e8 reso incredibilmente complesso, torbido e difficile da discernere.<\/p>\n<p>Per\u00f2 Dio ha messo La Conoscenza dentro di te, una mente pi\u00f9 profonda, una comprensione pi\u00f9 profonda. E questa Conoscenza detiene il tuo scopo e la tua direzione e la speranza dei tuoi conseguimenti superiori nel mondo.<\/p>\n<p>Per il fatto che siete entrati nella Separazione, voi dovete adesso servire la Separazione. Dovete servire la gente e la vita che esiste in questo stato separato. Cos\u00ec riscoprite e rivivete la permanenza della vostra Antica Casa.<\/p>\n<p>La Redenzione non significa semplicemente accontentare Dio e andare in Paradiso o non accontentare Dio e andare all\u2019Inferno. Questo \u00e8 ridicolo. Questo rappresenta uno stato di mente e una percezione umana puramente separati. Credete che i giusti dovrebbero essere premiati e i cattivi dovrebbero essere puniti e che Dio dar\u00e0 i premi e le punizioni. Immaginate che Dio sia come voi\u2014che abbia il vostro temperamento, che abbia i vostri valori, che sostenga il vostro senso di giustizia e soddisfi i vostri criteri e le vostre aspettative. Questo \u00e8 sciocco e arrogante, ovviamente, ma questa \u00e8 la posizione di molta gente.<\/p>\n<p>Ma non vi preoccupate, perch\u00e9 tutti nell\u2019universo fisico, le innumerevoli razze di esseri in tutti gli stadi evolutivi, fanno lo stesso genere di supposizione. \u00c8 da aspettarselo. Dio non \u00e8 ingannato da ci\u00f2. Dio non \u00e8 disturbato da ci\u00f2. \u00c8 semplicemente il risultato di vivere in uno stato separato.<\/p>\n<p>Anche le vostre nozioni di religione e spiritualit\u00e0 sono fondate su questo stato separato. La gente immagina che il Paradiso sia una perfetta visione della propria realt\u00e0 fisica senza rendersi conto che se una realt\u00e0 simile fosse mai creata, sarebbe un Inferno in se stessa. Essere in un bellissimo luogo dove non potreste mai essere felici sarebbe una specie di Inferno continuativo.<\/p>\n<p>Dio non ti pu\u00f2 rendere felice con un colpo di bacchetta magica o con qualche incantesimo. Devi ritornare al tuo stato permanente che Dio ha creato in te, non come un individuo preso dai conflitti interiori. Non saresti neanche in grado di percepire la tua realt\u00e0 permanente essendo un individuo conflittuale e infelice. Vedresti solo le proiezioni della tua mente. Vorresti essere in un ambiente che rappresenta il tuo stato conflittuale, che \u00e8 quello che ti trattiene qua.<\/p>\n<p>Potresti anche essere in uno stato peggiore. Potresti saggiare l\u2019Inferno ancor pi\u00f9 intensamente. Potresti essere pi\u00f9 miserabile, certamente. Sembra che non ci sia una fine ai livelli di miseria che la gente \u00e8 disponibile ad accomodare ed a cui \u00e8 disponibile ad adattarsi.<\/p>\n<p>Ma a prescindere da ci\u00f2, la Creazione \u00e8 completa, e la vostra esperienza temporanea in questa realt\u00e0 temporanea che voi chiamate l\u2019universo fisico \u00e8 solo una piccolissima parte della Creazione permanente di Dio \u2014una Creazione che non riuscite ancora a sentire chiaramente per conto vostro, anche se la potreste intravedere qua e l\u00e0.<\/p>\n<p>Le convinzioni e le supposizioni della gente, le loro idee metafisiche, i loro valori religiosi e le loro speculazioni tutte soffrono di una specie di livello di confusione. Loro cercano di immaginare uno stato permanente di beatitudine chiamato Paradiso, ma non lo riescono a vedere come veramente \u00e8. Non riescono ancora a sintonizzarsi con come veramente \u00e8, perch\u00e9 loro non sono pronti per farlo. Loro non sono ancora stati preparati per il Paradiso, per ritornare. Loro non sono completi nel loro servizio qua nella realt\u00e0 fisica. Loro non hanno completato la loro missione qua.<\/p>\n<p>Quando la Separazione inizi\u00f2, prima di qualsiasi vostra stima temporale o storica, la soluzione fu creata all\u2019istante. Perch\u00e9 anche se la Separazione vi potrebbe giocare, vi potrebbe catturare, vi potrebbe ipnotizzare, potrebbe intrappolare voi e tutte le altre entit\u00e0 ed esseri che stanno nella realt\u00e0 fisica in questo tempo, non ha giocato Dio. Potrebbe essere a prova di imbroglio, ma non \u00e8 a prova di Dio. Cos\u00ec la soluzione fu creata immediatamente. Ma nel tempo, sembra che ci voglia moltissima esperienza prima che la soluzione sia accettata, vissuta ed espressa.<\/p>\n<p>Voi state indugiando nel tempo. Il tempo \u00e8 l\u2019intervallo tra il punto in cui lasciate la vostra permanente Creazione e il tempo in cui finalmente ritornate ad essa completamente. Quell\u2019intervallo \u00e8 chiamato tempo. Il tempo \u00e8 inconcepibile e inutile nella vostra realt\u00e0 permanente perch\u00e9 il tempo \u00e8 correlato al cambiamento. \u00c8 correlato agli eventi che cambiano. \u00c8 qualcosa che contrassegna la progressione degli eventi.<\/p>\n<p>L\u2019intera nozione del tempo fa parte dell\u2019adattamento a una vita in una realt\u00e0 fisica. \u00c8 una forma di misurazione che fu stabilita per necessit\u00e0 al fine di poter organizzare i propri pensieri ed azioni, per essere in grado di interfacciarsi con una mutevole realt\u00e0 fisica, per essere in grado di contrassegnare il proprio progresso e i propri conseguimenti e per capire la propria storia e il proprio passato e la storia e il passato di altri che hanno dimorato qua. Il tempo \u00e8 inutile nella vostra realt\u00e0 permanente. \u00c8 irrilevante.<\/p>\n<p>Qua potete vedere dalle Nostre parole quanto distanti siete dal riuscire a sentire ci\u00f2 o trovarvi in sintonia con ci\u00f2. Forse lo trovate intrigante. Forse stimola una antica memoria in voi. Forse ci sono dei suoi aspetti che desiderate. Forse sembra noioso e poco eccitante e poco attraente vivere in una realt\u00e0 immutabile.<\/p>\n<p>Siete cos\u00ec assuefatti al cambiamento. Voi amate il cambiamento e odiate il cambiamento. Voi amate la vostra esistenza fisica e odiate la vostra esistenza fisica. Vi affascina. Vi stimola. Eppure vi fa male, vi terrorizza e vi delude.<\/p>\n<p>\u00c8 questo problema apparentemente non conciliabile, questa confusione e questa dicotomia, quello a cui la risposta di Dio si rivolge. Perch\u00e9 Dio ha messo dentro di voi un\u2019intelligenza profonda che non \u00e8 confusa da quello che confonde la vostra mente pensante, terrena. Non \u00e8 intontita dal mondo. Non \u00e8 ingannata dalle apparenze. Non \u00e8 attratta da tutte quelle cose che sembrano indurvi, sedurvi e allettarvi. Non \u00e8 terrorizzata da quello che terrorizza voi. Non \u00e8 spaventata dal cambiamento, dalla perdita e dalla morte. Perch\u00e9 \u00e8 la tua parte permanente. \u00c8 la parte di te che non si potrebbe mai separare da Dio.<\/p>\n<p>Questa Conoscenza \u00e8 dentro di te adesso. \u00c8 qua in una missione per contribuire nell\u2019ambito di certe circostanze, con certi individui, per conseguire certe cose. Il suo scopo ultimo \u00e8 al di l\u00e0 della tua comprensione, ma i passi da fare che ti d\u00e0 sono immediatamente accessibili e li puoi discernere se sei disponibile, aperto e capace. Ti risolve il dilemma perch\u00e9 esprime la realt\u00e0 della tua Antica Casa attraverso te mentre tu sei qua in questa temporanea realt\u00e0 fisica. Dimostra una forza superiore, una risonanza superiore e una relazione superiore. E ti d\u00e0 un vero, tangibile servizio qua nel mondo dove la gente soffre. Loro stanno indugiando nel tempo. Loro stanno vivendo la disperazione e l\u2019angoscia. E il mondo sta per affrontare grande travaglio nel vicino futuro.<\/p>\n<p>Dio non \u00e8 indifferente verso questa faccenda. Dio manda nel mondo quello di cui c\u2019\u00e8 bisogno per fare s\u00ec che tutti continuino a muoversi in una direzione positiva. Le persone in questa realt\u00e0 hanno la decisione e la forza di rendere il mondo una maggiore riflessione della loro Antica Casa oppure un luogo pi\u00f9 infernale.<\/p>\n","protected":false},"excerpt":{"rendered":"<p>\u00c8 tempo adesso che l\u2019umanit\u00e0 impari riguardo alla spiritualit\u00e0 nella Comunit\u00e0 Pi\u00f9 Grande di vita in cui il vostro mondo \u00e8 sempre esistito. \u00c8 tempo adesso di crescere al di fuori del focus tribale e dell\u2019identificazione tribale per imparare un nuovo paradigma, per rendersi conto dell\u2019evoluzione della comprensione religiosa nell\u2019universo dove \u00e8 stata pi\u00f9 pienamente\u2026 <a class=\"read-more\" href=\"https:\/\/www.v6.newmessage.org\/it\/about-recording-shortcode\"><span>Read More<\/span><\/a><\/p>\n","protected":false},"author":22,"featured_media":0,"parent":16297,"menu_order":0,"comment_status":"closed","ping_status":"closed","template":"template-leftsidebar.php","meta":{"_monsterinsights_skip_tracking":false,"_monsterinsights_sitenote_active":false,"_monsterinsights_sitenote_note":"","_monsterinsights_sitenote_category":0,"footnotes":""},"categories":[76,30,379,460],"tags":[749,628,740,745,750,743,748,741,746,744,747,742,627],"_links":{"self":[{"href":"https:\/\/www.v6.newmessage.org\/it\/wp-json\/wp\/v2\/pages\/27702"}],"collection":[{"href":"https:\/\/www.v6.newmessage.org\/it\/wp-json\/wp\/v2\/pages"}],"about":[{"href":"https:\/\/www.v6.newmessage.org\/it\/wp-json\/wp\/v2\/types\/page"}],"author":[{"embeddable":true,"href":"https:\/\/www.v6.newmessage.org\/it\/wp-json\/wp\/v2\/users\/22"}],"replies":[{"embeddable":true,"href":"https:\/\/www.v6.newmessage.org\/it\/wp-json\/wp\/v2\/comments?post=27702"}],"version-history":[{"count":8,"href":"https:\/\/www.v6.newmessage.org\/it\/wp-json\/wp\/v2\/pages\/27702\/revisions"}],"predecessor-version":[{"id":28168,"href":"https:\/\/www.v6.newmessage.org\/it\/wp-json\/wp\/v2\/pages\/27702\/revisions\/28168"}],"up":[{"embeddable":true,"href":"https:\/\/www.v6.newmessage.org\/it\/wp-json\/wp\/v2\/pages\/16297"}],"wp:attachment":[{"href":"https:\/\/www.v6.newmessage.org\/it\/wp-json\/wp\/v2\/media?parent=27702"}],"wp:term":[{"taxonomy":"category","embeddable":true,"href":"https:\/\/www.v6.newmessage.org\/it\/wp-json\/wp\/v2\/categories?post=27702"},{"taxonomy":"post_tag","embeddable":true,"href":"https:\/\/www.v6.newmessage.org\/it\/wp-json\/wp\/v2\/tags?post=27702"}],"curies":[{"name":"wp","href":"https:\/\/api.w.org\/{rel}","templated":true}]}}