{"id":27621,"date":"2016-08-13T14:58:26","date_gmt":"2016-08-13T14:58:26","guid":{"rendered":"http:\/\/www.newmessage.org\/it\/?page_id=27621"},"modified":"2016-08-13T14:58:26","modified_gmt":"2016-08-13T14:58:26","slug":"linfluenza-nellambiente-mentale","status":"publish","type":"page","link":"https:\/\/www.v6.newmessage.org\/it\/linfluenza-nellambiente-mentale","title":{"rendered":"L\u2019Influenza nell\u2019Ambiente Mentale"},"content":{"rendered":"<p>Le forze e i gruppi che sono qua oggi rappresentano molteplici alleanze diverse. Queste diverse alleanze non sono unite tra loro nei loro sforzi. Ogni alleanza rappresenta molteplici gruppi razziali diversi che stanno collaborando con lo scopo di ottenere accesso alle risorse del vostro mondo e mantenere tale accesso. Queste diverse alleanze stanno, in essenza, competendo tra loro anche se non sono in guerra. Loro vedono il vostro mondo come un grande premio, qualcosa che vogliono per se stesse.<\/p>\n<p>Ci\u00f2 crea una sfida molto grande per la vostra gente, perch\u00e9 le forze che vi stanno visitando non solo hanno una tecnologia avanzata, ma anche una forte coesione sociale e possono influenzarvi a livello mentale. Vedete, nella Grande Comunit\u00e0, la tecnologia \u00e8 facilmente reperibile e si pu\u00f2 tranquillamente acquistare e quindi il grande vantaggio fra le societ\u00e0 in concorrenza \u00e8 nella capacit\u00e0 di influenzare il pensiero. Ci\u00f2 ha implementato sofisticati studi dimostrativi. Rappresenta un insieme di abilit\u00e0 che l\u2019umanit\u00e0 sta cominciando a scoprire soltanto ora.<\/p>\n<p>Di conseguenza, i vostri ospiti non arrivano muniti di micidiali armi o con eserciti o flotte di vascelli. Vengono in gruppi relativamente piccoli, ma possiedono considerevole abilit\u00e0 nell\u2019influenzare la gente. Ci\u00f2 rappresenta un uso pi\u00f9 sofisticato e pi\u00f9 maturo di potere nella Comunit\u00e0 Pi\u00f9 Grande. \u00c8 questa abilit\u00e0 che l\u2019umanit\u00e0 dovr\u00e0 coltivare in futuro se vorr\u00e0 cimentarsi con successo nei rapporti con altre razze.<\/p>\n<p><a href=\"http:\/\/alliesofhumanity.org\/it\/il-primo-briefing-la-presenza-extraterrestre-nel-mondo-oggi\/\"><em>Tratto da Gli Alleati dell\u2019Umanit\u00e0: Libro Primo, Il Primo Briefing<\/em><\/a><\/p>\n<p>Oltre a questo, la pratica dei <a href=\"\/it\/il-messaggio\/volume-3\/passi-verso-la-conoscenza\"><em>Passi verso La Conoscenza<\/em><\/a> \u00e8 una potente preparazione per ottenere discernimento, lucidit\u00e0 e forza nell\u2019ambiente mentale ora che inizier\u00e0 il nostro coinvolgimento con la Comunit\u00e0 Pi\u00f9 Grande in cui viviamo.<\/p>\n","protected":false},"excerpt":{"rendered":"<p>Le forze e i gruppi che sono qua oggi rappresentano molteplici alleanze diverse. Queste diverse alleanze non sono unite tra loro nei loro sforzi. Ogni alleanza rappresenta molteplici gruppi razziali diversi che stanno collaborando con lo scopo di ottenere accesso alle risorse del vostro mondo e mantenere tale accesso. Queste diverse alleanze stanno, in essenza,\u2026 <a class=\"read-more\" href=\"https:\/\/www.v6.newmessage.org\/it\/linfluenza-nellambiente-mentale\"><span>Read More<\/span><\/a><\/p>\n","protected":false},"author":22,"featured_media":0,"parent":0,"menu_order":0,"comment_status":"closed","ping_status":"closed","template":"template-leftsidebar.php","meta":{"_monsterinsights_skip_tracking":false,"_monsterinsights_sitenote_active":false,"_monsterinsights_sitenote_note":"","_monsterinsights_sitenote_category":0,"footnotes":""},"categories":[],"tags":[620],"_links":{"self":[{"href":"https:\/\/www.v6.newmessage.org\/it\/wp-json\/wp\/v2\/pages\/27621"}],"collection":[{"href":"https:\/\/www.v6.newmessage.org\/it\/wp-json\/wp\/v2\/pages"}],"about":[{"href":"https:\/\/www.v6.newmessage.org\/it\/wp-json\/wp\/v2\/types\/page"}],"author":[{"embeddable":true,"href":"https:\/\/www.v6.newmessage.org\/it\/wp-json\/wp\/v2\/users\/22"}],"replies":[{"embeddable":true,"href":"https:\/\/www.v6.newmessage.org\/it\/wp-json\/wp\/v2\/comments?post=27621"}],"version-history":[{"count":1,"href":"https:\/\/www.v6.newmessage.org\/it\/wp-json\/wp\/v2\/pages\/27621\/revisions"}],"predecessor-version":[{"id":27622,"href":"https:\/\/www.v6.newmessage.org\/it\/wp-json\/wp\/v2\/pages\/27621\/revisions\/27622"}],"wp:attachment":[{"href":"https:\/\/www.v6.newmessage.org\/it\/wp-json\/wp\/v2\/media?parent=27621"}],"wp:term":[{"taxonomy":"category","embeddable":true,"href":"https:\/\/www.v6.newmessage.org\/it\/wp-json\/wp\/v2\/categories?post=27621"},{"taxonomy":"post_tag","embeddable":true,"href":"https:\/\/www.v6.newmessage.org\/it\/wp-json\/wp\/v2\/tags?post=27621"}],"curies":[{"name":"wp","href":"https:\/\/api.w.org\/{rel}","templated":true}]}}