{"id":27619,"date":"2016-08-13T14:53:01","date_gmt":"2016-08-13T14:53:01","guid":{"rendered":"http:\/\/www.newmessage.org\/it\/?page_id=27619"},"modified":"2016-08-13T14:53:01","modified_gmt":"2016-08-13T14:53:01","slug":"lintromissione-nel-nostro-mondo","status":"publish","type":"page","link":"https:\/\/www.v6.newmessage.org\/it\/lintromissione-nel-nostro-mondo","title":{"rendered":"L\u2019Intromissione nel Nostro Mondo"},"content":{"rendered":"<p>Voi vivete in una parte della galassia che \u00e8 piuttosto abitata. Non tutte le parti della galassia sono cos\u00ec abitate. Ci sono enormi regioni inesplorate. Ci sono molte razze nascoste. Lo scambio e il commercio tra i mondi sono effettuati solo in certe aree. L\u2019ambiente nel quale emergerete \u00e8 molto competitivo. La necessit\u00e0 di risorse \u00e8 sentita dappertutto, e molte societ\u00e0 tecnologiche hanno depauperato le risorse naturali del proprio mondo e devono commerciare, barattare e viaggiare al fine di ottenere quello di cui hanno bisogno. E\u2019 una situazione molto complicata. Molte alleanze sono formate e i conflitti di fatto hanno luogo.<\/p>\n<p>La necessit\u00e0 di prepararsi per la vita nella Comunit\u00e0 Pi\u00f9 Grande, secondo noi, \u00e8 la pi\u00f9 grande necessit\u00e0 che ci sia nel vostro mondo oggi. Eppure da quanto abbiamo osservato, le persone sono preoccupate con le loro faccende e i loro problemi della vita quotidiana, inconsapevoli delle forze maggiori che cambieranno il loro destino e impatteranno il loro futuro.<\/p>\n<p>Le forze e i gruppi che sono qua oggi rappresentano molteplici alleanze diverse. Queste diverse alleanze non sono unite tra loro nei loro sforzi. Ogni alleanza rappresenta molteplici gruppi razziali diversi che stanno collaborando con lo scopo di ottenere accesso alle risorse del vostro mondo e mantenere tale accesso. Queste diverse alleanze stanno, in essenza, competendo tra loro anche se non sono in guerra. Loro vedono il vostro mondo come un grande premio, qualcosa che vogliono per se stesse.<\/p>\n","protected":false},"excerpt":{"rendered":"<p>Voi vivete in una parte della galassia che \u00e8 piuttosto abitata. Non tutte le parti della galassia sono cos\u00ec abitate. Ci sono enormi regioni inesplorate. Ci sono molte razze nascoste. Lo scambio e il commercio tra i mondi sono effettuati solo in certe aree. L\u2019ambiente nel quale emergerete \u00e8 molto competitivo. La necessit\u00e0 di risorse\u2026 <a class=\"read-more\" href=\"https:\/\/www.v6.newmessage.org\/it\/lintromissione-nel-nostro-mondo\"><span>Read More<\/span><\/a><\/p>\n","protected":false},"author":22,"featured_media":0,"parent":0,"menu_order":0,"comment_status":"closed","ping_status":"closed","template":"template-leftsidebar.php","meta":{"_monsterinsights_skip_tracking":false,"_monsterinsights_sitenote_active":false,"_monsterinsights_sitenote_note":"","_monsterinsights_sitenote_category":0,"footnotes":""},"categories":[],"tags":[619],"_links":{"self":[{"href":"https:\/\/www.v6.newmessage.org\/it\/wp-json\/wp\/v2\/pages\/27619"}],"collection":[{"href":"https:\/\/www.v6.newmessage.org\/it\/wp-json\/wp\/v2\/pages"}],"about":[{"href":"https:\/\/www.v6.newmessage.org\/it\/wp-json\/wp\/v2\/types\/page"}],"author":[{"embeddable":true,"href":"https:\/\/www.v6.newmessage.org\/it\/wp-json\/wp\/v2\/users\/22"}],"replies":[{"embeddable":true,"href":"https:\/\/www.v6.newmessage.org\/it\/wp-json\/wp\/v2\/comments?post=27619"}],"version-history":[{"count":1,"href":"https:\/\/www.v6.newmessage.org\/it\/wp-json\/wp\/v2\/pages\/27619\/revisions"}],"predecessor-version":[{"id":27620,"href":"https:\/\/www.v6.newmessage.org\/it\/wp-json\/wp\/v2\/pages\/27619\/revisions\/27620"}],"wp:attachment":[{"href":"https:\/\/www.v6.newmessage.org\/it\/wp-json\/wp\/v2\/media?parent=27619"}],"wp:term":[{"taxonomy":"category","embeddable":true,"href":"https:\/\/www.v6.newmessage.org\/it\/wp-json\/wp\/v2\/categories?post=27619"},{"taxonomy":"post_tag","embeddable":true,"href":"https:\/\/www.v6.newmessage.org\/it\/wp-json\/wp\/v2\/tags?post=27619"}],"curies":[{"name":"wp","href":"https:\/\/api.w.org\/{rel}","templated":true}]}}