{"id":27588,"date":"2016-08-10T15:51:54","date_gmt":"2016-08-10T15:51:54","guid":{"rendered":"http:\/\/www.newmessage.org\/it\/?page_id=27588"},"modified":"2018-02-05T00:50:30","modified_gmt":"2018-02-05T00:50:30","slug":"comprendere-dio","status":"publish","type":"page","link":"https:\/\/www.v6.newmessage.org\/it\/il-messaggio\/volume-1\/lunico-dio\/comprendere-dio","title":{"rendered":"Comprendere Dio"},"content":{"rendered":"<div><\/div>\n\n<div class=\"tabgroup \"><ul class=\"tabs\"><li><a href=\"#tabs-1\">Ascolta<\/a><\/li>\n<li><a href=\"#tabs-2\">Nota<\/a><\/li><\/ul>\n <div id=\"tabs-1\"><\/p>\n<p>Ascolta la Voce della Rivelazione Originale in Inglese:<\/p>\n<div id=\"jquery_jplayer_1\" class=\"jp-jplayer\"><\/div>\n\t\t\t\t<div id=\"jp_container_1\" class=\"jp-audio\">\n\t\t\t\t<div class=\"jp-type-single\"><div class=\"jp-control\"><a href=\"javascript:;\" class=\"jp-play\" tabindex=\"1\">play<\/a><a href=\"javascript:;\" class=\"jp-pause\" tabindex=\"1\">pause<\/a><\/div> <div class=\"jp-gui jp-interface\"><div class=\"jp-volume\"><div class=\"jp-volume-bar\"><div class=\"jp-volume-bar-value\"><\/div><\/div><\/div><div class=\"jp-progress\"><div class=\"jp-seek-bar\"><div class=\"jp-play-bar\"><\/div><\/div><\/div><\/div>\t\t\t\t\t<div class=\"jp-no-solution\"><span>Update Required<\/span>To play the media you will need to either update your browser to a recent version or update your <a href=\"http:\/\/get.adobe.com\/flashplayer\/\" target=\"_blank\">Flash plugin<\/a>.<\/div><\/div><\/div>\n\t\t\t<script type='text\/javascript'>\n\t\t\t\tjQuery(document).ready(function() {\n\t\t\t\t\tif (typeof (sermonMedia) == 'function') {\n\t\t\t\t\t\tsermonMedia.addAudio('', \"jquery_jplayer_1\");\n\t\t\t\t\t}\n\t\t\t\t\tjQuery.jPlayer.timeFormat.showHour = true;\n\t\t\t\t\tjQuery(\"#jquery_jplayer_1\").jPlayer({\n\t\t\t\t\t\tready: function(event) {\n\t\t\t\t\t\t\tjQuery(this).jPlayer(\"setMedia\", {mp3: 'https:\/\/newmessage.org\/av\/comprehending-god.mp3'});\n\t\t\t\t\t\t},\n\t\t\t\t\t\tplay: function() {\n\t\t\t\t\t\t\tjQuery(this).jPlayer(\"pauseOthers\");\n\t\t\t\t\t\t},\n\t\t\t\t\t\tswfPath: ThemeData.directory_uri+\"\/swf\",\n\t\t\t\t\t\tsolution: \"html, flash\",\n\t\t\t\t\t\tpreload: \"metadata\",\n\t\t\t\t\t\twmode: \"window\",\n\t\t\t\t\t\tsupplied: \"mp3\",\n\t\t\t\t\t\tcssSelectorAncestor: '#jp_container_1'\n\t\t\t\t\t});\n\t\t\t\t});\n\t\t\t<\/script><\/p>\n<p><a title=\"Comprehending God\" href=\"\/av\/comprehending-god.mp3\">Download<\/a> (clicca il pulsante destro del mouse)<\/p>\n<p class=\"revelation_details\"><em>Rivelato al Messaggero di Dio<br \/>\nMarshall Vian Summers<br \/>\nIl 31 Gennaio, 2007<br \/>\nin Boulder, Colorado<\/em><\/p>\n<div class=\"toggle toggle-white\"><h4 class=\"trigger \"><span class=\"t_ico\"><\/span><a href=\"#\">Note riguardo a questa registrazione<\/a><\/h4><div class=\"toggle_container \"><br \/>\n<p>Quella che state sentendo in questa registrazione \u00e8 la voce della <u>Assemblea <\/u>Angelica che sta parlando tramite il <u>Messaggero <\/u>Marshall Vian Summers.<\/p>\n<p>Qua, la comunicazione originale di Dio, che esiste al di l\u00e0 delle parole, \u00e8 tradotta nel linguaggio e nella comprensione umana dall\u2019Assemblea Angelica che veglia sul mondo. Poi l\u2019Assemblea consegna il Messaggio di Dio tramite il Messaggero.<\/p>\n<p>In questo notevole processo, la Voce della Rivelazione sta parlando di nuovo. La Parola e il suono della Voce sono nel mondo. Per la prima volta nella storia, la registrazione dell\u2019originale rivelazione parlata \u00e8 disponibile affinch\u00e9 voi e il mondo la possiate sentire.<\/p>\n<p>Possiate voi essere i destinatari di questo dono di Rivelazione e possiate essere aperti a ricevere il suo Messaggio unico per voi e per la vostra vita.<\/p>\n<br \/>\n<\/div><\/div><br \/>\n<\/div>\n<div id=\"tabs-2\"><br \/>\n<em>Nota per il Lettore:<br \/>\nQuesta traduzione \u00e8 stata fornita alla Society da uno studente del Nuovo Messaggio che si \u00e8 offerto volontario per tradurre il testo originale in Inglese. Noi rendiamo questa traduzione disponibile al mondo in questa forma iniziale affinch\u00e9 le persone abbiano la possibilit\u00e0 di interagire con una porzione del Nuovo Messaggio nella propria lingua.<\/em><br \/>\n<\/div>\n\t\t\t\t<div align=\"right\">\n\t\t\t<div class=\"fb-like\" data-href=\"\" data-layout=\"button_count\" data-action=\"like\" data-show-faces=\"false\" data-share=\"false\"><\/div>\n\t\t\t<div class=\"fb-share-button\" data-layout=\"button_count\"> <\/div>\n\t\t\t<div class=\"fb_iframe_widget\"><a href=\"https:\/\/twitter.com\/godsnewmessage?ref_src=twsrc%5Etfw\" class=\"twitter-follow-button\" data-show-count=\"false\">Follow @godsnewmessage<\/a><script async src=\"https:\/\/platform.twitter.com\/widgets.js\" charset=\"utf-8\"><\/script><\/div>\n\t\t\t<\/div> <\/div> \n\n<p>Adesso \u00e8 tempo per una maggiore comprensione di Dio e una cognizione ampliata di Dio, che \u00e8 la Fonte e l\u2019Autore della tua vita e di tutta la vita in questo mondo e in tutta la Comunit\u00e0 Pi\u00f9 Grande di mondi in cui vivete.<\/p>\n<p>Questa nuova comprensione non \u00e8 tanto per correggere la comprensione precedente quanto invece per espanderla, per renderla pi\u00f9 completa, per lasciare la porta aperta per un\u2019esperienza superiore della Volont\u00e0 e la Presenza Divina nella tua vita.<\/p>\n<p>Nel presentare un Nuovo Messaggio da Dio, allora \u00e8 necessario rinnovare questa esperienza, rinfrescarla, separarla da tutte le cose che sono state aggiunte dalle istituzioni umane e dalle invenzioni umane, per metterla maggiormente a fuoco e darle maggiore chiarezza per voi.<\/p>\n<p>Qua \u00e8 importante non confondere Dio con la religione, perch\u00e9 molte cose terribili sono state fatte nel nome della religione e nel nome di Dio. Ma Dio esiste di gran lunga al di l\u00e0 di tutte queste cose\u2014 di gran lunga al di l\u00e0 dell\u2019errore, di gran lunga al di l\u00e0 dell\u2019immaginazione umana, di gran lunga al di l\u00e0 dell\u2019invenzione umana e di gran lunga al di l\u00e0 della corruzione umana.<\/p>\n<p>\u00c8 necessario adesso che voi consideriate Dio nell\u2019ambito della pi\u00f9 grande arena di vita intelligente in cui vivete, che include tutta la vita in questo mondo, ma si estende oltre, fino alla Comunit\u00e0 Pi\u00f9 Grande [l\u2019universo].<\/p>\n<p>Per avere una pura esperienza della Realt\u00e0 Divina e della Volont\u00e0 Divina nella tua vita, devi ottenere questa comprensione di Dio della Comunit\u00e0 Pi\u00f9 Grande.<\/p>\n<p>Altrimenti, penserai a Dio come una proiezione della tua stessa personalit\u00e0, come una proiezione delle tue stesse emozioni, dei tuoi pensieri e sentimenti. Proietterai su Dio la tua rabbia, le tue preferenze, i tuoi giudizi, qualsiasi senso di rivalsa che potresti avere, le tue nozioni di giustizia e di punizione e via dicendo.<\/p>\n<p>Ma Dio esiste al di l\u00e0 di tutto questo\u2014il vero Dio, il Dio puro che da sempre splende come il sole su di te. Nonostante le nuvole nel cielo, nonostante l\u2019inquinamento nell\u2019atmosfera e la turbolenza sulla terra, Dio \u00e8 come il sole che splende su di te.<\/p>\n<p>Ma Dio \u00e8 al di l\u00e0 del sole, al di l\u00e0 di qualsiasi definizione che potresti dare. Al di l\u00e0 delle vostre storie, al di l\u00e0 dei grandi maestri e dei grandi Messaggeri di Dio, al di l\u00e0 dei grandi libri e delle grandi testimonianze spirituali, c\u2019\u00e8 Dio il Creatore e l\u2019Autore della tua vita e della tua esistenza.<\/p>\n<p>Quello che Dio ha creato in te vive dentro di te adesso. Vive al di l\u00e0 del tuo intelletto, al di l\u00e0 dei tuoi pensieri e della tua comprensione, al di l\u00e0 dei tuoi concetti, al di l\u00e0 delle tue idee e delle tue comprensioni, in un luogo pi\u00f9 profondo dentro di te\u2014una mente pi\u00f9 profonda, una mente che nel Nuovo Messaggio \u00e8 chiamata La Conoscenza. \u00c8 la mente che sa. \u00c8 la mente che aspetta. \u00c8 la mente che vede con chiarezza senza distorsione, senza paura, senza preferenza, senza confusione, senza speculazione\u2014una mente pi\u00f9 profonda dentro di te.<\/p>\n<p>Questo \u00e8 quello che Dio ha creato in te che \u00e8 permanente, che durer\u00e0 sempre. Al di l\u00e0 della tua identit\u00e0 temporanea in questo mondo, al di l\u00e0 di tutti gli eventi di questo mondo e di tutti gli altri mondi, al di l\u00e0 del fiume della tua esperienza in questa vita, c\u2019\u00e8 La Conoscenza dentro di te, ed \u00e8 Dio l\u2019Autore di questa Conoscenza.<\/p>\n<p>Se pensi a Dio in questo contesto superiore, puoi iniziare ad apprezzare la potenza e la magnificenza della creazione di Dio, nel mondo e in definitiva dentro di te.<\/p>\n<p>Il tuo corpo, la tua mente, la tua personalit\u00e0\u2014questi sono tutti veicoli temporanei il cui scopo superiore \u00e8 di esprimere la tua relazione con Dio e la Saggezza che Dio ti ha dato per poter comunicare e contribuire a un mondo che ha bisogno.<\/p>\n<p>Pensa allora alla tua mente, al tuo corpo, al tuo intelletto come veicoli di espressione, che in se stessi hanno valore, ma non tanto valore quanto ne abbia quello che sono designati ad esprimere ed a servire.<\/p>\n<p>Allora inizierai a vedere che Dio permea tutte le cose, vive in tutte le cose, eppure \u00e8 al di l\u00e0 di tutte le cose\u2014tutto allo stesso tempo.<\/p>\n<p>La puoi sentire questa Presenza dovunque tu sia, e tu puoi trovare e seguire La Conoscenza dovunque tu sia.<\/p>\n<p>Pertanto, per capire e sentire in pieno Dio nella tua vita, devi giungere alla Conoscenza dentro di te, che \u00e8 l\u2019Intelligenza Superiore, la permanenza che Dio ha creato dentro di te e per te. \u00c8 chi sei veramente, al di l\u00e0 di tutti i concetti, le idee e le illusioni. \u00c8 la tua vera natura.<\/p>\n<p>\u00c8 ottenendo una connessione con La Conoscenza, imparando a discernere La Conoscenza e a seguire La Conoscenza che impari a sentire la Presenza, la Potenza e la Volont\u00e0 di Dio nella tua vita.<\/p>\n<p>Al di l\u00e0 di questo, Dio rimane per sempre al di l\u00e0 dei concetti dell\u2019intelletto, al di l\u00e0 di tutte le invenzioni umane, al di l\u00e0 di tutte le filosofie individuali e collettive. Perch\u00e9 quale insieme di idee o di concetti potrebbe contenere un Dio della Comunit\u00e0 Pi\u00f9 Grande, l\u2019autore di innumerevoli razze di esseri, tutti unici e diversi tra loro in cos\u00ec tanti modi?<\/p>\n<p>Venire a Dio allora \u00e8 venire alla Conoscenza dentro di te, perch\u00e9 questo \u00e8 ci\u00f2 che ti chiama a Dio. Forse sarete chiamati verso un certo luogo o una certa persona, ma \u00e8 per questo scopo\u2014per sentire la Presenza dentro di te. Perch\u00e9 avrai bisogno di pi\u00f9 della convinzione per apprezzare, per comprendere e per seguire quello che Dio ti ha dato da vedere, da sapere e da fare.<\/p>\n<p>Lascia che questo sia un punto di partenza per te, dove intraprendi i Passi verso La Conoscenza, dove intraprendi i passi verso Dio. E questo lo fai se sei un Cristiano, un Buddista o un Musulmano. Qualunque sia la tradizione di fede alla quale aderisci, oppure se non hai una tradizione di fede, ci sono sempre i Passi verso La Conoscenza.<\/p>\n<p>La Conoscenza \u00e8 ci\u00f2 che ha creato tutte le religioni del mondo, e La Conoscenza \u00e8 ci\u00f2 che ancora le unisce, nonostante tutta la separazione e il conflitto che esistono tra loro. Perch\u00e9 queste cose sono un\u2019invenzione umana e non un\u2019invenzione Divina.<\/p>\n<p>Il Richiamo riverbera attraverso tutte queste tradizioni\u2014dentro di esse e al di l\u00e0 di esse. \u00c8 un Richiamo che squilla in tutto l\u2019universo chiamandovi a ritornare alla potenza e alla presenza della Conoscenza, a scoprire quello che La Conoscenza ha per te da fare, da vedere e da sapere. Questo inizia il ritorno\u2014Il Richiamo, l\u2019ascolto, la risposta e il ritorno.<\/p>\n<p>Che sia questa la tua comprensione.<\/p>\n","protected":false},"excerpt":{"rendered":"<p>Adesso \u00e8 tempo per una maggiore comprensione di Dio e una cognizione ampliata di Dio, che \u00e8 la Fonte e l\u2019Autore della tua vita e di tutta la vita in questo mondo e in tutta la Comunit\u00e0 Pi\u00f9 Grande di mondi in cui vivete. Questa nuova comprensione non \u00e8 tanto per correggere la comprensione precedente\u2026 <a class=\"read-more\" href=\"https:\/\/www.v6.newmessage.org\/it\/about-recording-shortcode\"><span>Read More<\/span><\/a><\/p>\n","protected":false},"author":22,"featured_media":0,"parent":16297,"menu_order":0,"comment_status":"closed","ping_status":"closed","template":"template-leftsidebar.php","meta":{"_monsterinsights_skip_tracking":false,"_monsterinsights_sitenote_active":false,"_monsterinsights_sitenote_note":"","_monsterinsights_sitenote_category":0,"footnotes":""},"categories":[76,379,460],"tags":[147,641,749,740,745,750,743,748,741,746,744,747,742],"_links":{"self":[{"href":"https:\/\/www.v6.newmessage.org\/it\/wp-json\/wp\/v2\/pages\/27588"}],"collection":[{"href":"https:\/\/www.v6.newmessage.org\/it\/wp-json\/wp\/v2\/pages"}],"about":[{"href":"https:\/\/www.v6.newmessage.org\/it\/wp-json\/wp\/v2\/types\/page"}],"author":[{"embeddable":true,"href":"https:\/\/www.v6.newmessage.org\/it\/wp-json\/wp\/v2\/users\/22"}],"replies":[{"embeddable":true,"href":"https:\/\/www.v6.newmessage.org\/it\/wp-json\/wp\/v2\/comments?post=27588"}],"version-history":[{"count":12,"href":"https:\/\/www.v6.newmessage.org\/it\/wp-json\/wp\/v2\/pages\/27588\/revisions"}],"predecessor-version":[{"id":28164,"href":"https:\/\/www.v6.newmessage.org\/it\/wp-json\/wp\/v2\/pages\/27588\/revisions\/28164"}],"up":[{"embeddable":true,"href":"https:\/\/www.v6.newmessage.org\/it\/wp-json\/wp\/v2\/pages\/16297"}],"wp:attachment":[{"href":"https:\/\/www.v6.newmessage.org\/it\/wp-json\/wp\/v2\/media?parent=27588"}],"wp:term":[{"taxonomy":"category","embeddable":true,"href":"https:\/\/www.v6.newmessage.org\/it\/wp-json\/wp\/v2\/categories?post=27588"},{"taxonomy":"post_tag","embeddable":true,"href":"https:\/\/www.v6.newmessage.org\/it\/wp-json\/wp\/v2\/tags?post=27588"}],"curies":[{"name":"wp","href":"https:\/\/api.w.org\/{rel}","templated":true}]}}