{"id":27510,"date":"2016-08-01T11:50:53","date_gmt":"2016-08-01T11:50:53","guid":{"rendered":"http:\/\/www.newmessage.org\/italian\/?page_id=27510"},"modified":"2016-08-22T20:41:55","modified_gmt":"2016-08-22T20:41:55","slug":"note-riguardo-al-processo-di-traduzione","status":"publish","type":"page","link":"https:\/\/www.v6.newmessage.org\/it\/note-riguardo-al-processo-di-traduzione","title":{"rendered":"Note riguardo al processo di traduzione"},"content":{"rendered":"<p>Il Messaggero, Marshall Vian Summers, sta ricevendo un Nuovo Messaggio da Dio dal 1983. Il Nuovo Messaggio da Dio \u00e8 la pi\u00f9 grande Rivelazione mai data all\u2019umanit\u00e0, data oggi a un mondo letterato provvisto di comunicazione globale e di una crescente consapevolezza. Non \u00e8 dato unicamente a una trib\u00f9, una nazione o una religione, ma \u00e8 designato a raggiungere l\u2019intero mondo. Questo ha reso necessarie traduzioni nel maggior numero possibile di lingue diverse.<br \/>\nIl processo di Rivelazione \u00e8 ora rivelato per la prima volta nella storia. In questo importante processo, la Presenza di Dio comunica, al di l\u00e0 delle parole, all\u2019Assemblea Angelica che veglia sul mondo. L\u2019Assemblea poi traduce questa comunicazione nel linguaggio umano e parla, tutti come uno, attraverso il proprio Messaggero, la cui voce diventa il veicolo per questa Voce superiore\u2014la Voce della Rivelazione. Le parole sono parlate in Inglese e poi registrate in formato audio, per poi essere trascritte e rese disponibili nei testi e nelle registrazioni audio del Nuovo Messaggio. In questo modo la purezza del Messaggio originale di Dio \u00e8 preservata e pu\u00f2 essere data a tutta la gente.<br \/>\nTuttavia esiste anche un processo di traduzione. Perch\u00e9 la Rivelazione originale fu consegnata in lingua Inglese, questa \u00e8 la base di tutte le traduzioni della Rivelazione nelle molteplici lingue dell\u2019umanit\u00e0. Per il fatto che sono molte le lingue parlate nel nostro mondo, le traduzioni hanno importanza vitale al fine di portare il Nuovo Messaggio alla gente di ogni luogo. Studenti del Nuovo Messaggio, nel tempo, sono venuti avanti offrendosi volontari per tradurre il Messaggio nelle loro lingue native.<br \/>\nIn questo momento storico, La Societ\u00e0 (The Society) non si pu\u00f2 permettere di pagare le traduzioni in cos\u00ec tante lingue e per un Messaggio cos\u00ec vasto, un messaggio che deve raggiungere il mondo con urgenza critica. Inoltre, La Societ\u00e0 ritiene anche che sia importante che i propri traduttori siano studenti del Nuovo Messaggio al fine di poter capire e sentire, il pi\u00f9 possibile, l\u2019essenza di quello che \u00e8 tradotto.<br \/>\nData l\u2019urgenza e la necessit\u00e0 di condividere il Nuovo Messaggio in tutto il mondo, invitiamo ulteriore assistenza nella traduzione al fine di estendere la portata del Nuovo Messaggio nel mondo portando pi\u00f9 brani della Rivelazione nelle lingue in cui la traduzione \u00e8 gi\u00e0 iniziata e introducendo anche nuove lingue. Nel tempo, vogliamo anche migliorare la qualit\u00e0 di queste traduzioni. C\u2019\u00e8 ancora molto da fare.<\/p>\n","protected":false},"excerpt":{"rendered":"<p>Il Messaggero, Marshall Vian Summers, sta ricevendo un Nuovo Messaggio da Dio dal 1983. Il Nuovo Messaggio da Dio \u00e8 la pi\u00f9 grande Rivelazione mai data all\u2019umanit\u00e0, data oggi a un mondo letterato provvisto di comunicazione globale e di una crescente consapevolezza. Non \u00e8 dato unicamente a una trib\u00f9, una nazione o una religione, ma\u2026 <a class=\"read-more\" href=\"https:\/\/www.v6.newmessage.org\/it\/note-riguardo-al-processo-di-traduzione\"><span>Read More<\/span><\/a><\/p>\n","protected":false},"author":22,"featured_media":0,"parent":0,"menu_order":65,"comment_status":"closed","ping_status":"closed","template":"template-leftsidebar.php","meta":{"_monsterinsights_skip_tracking":false,"_monsterinsights_sitenote_active":false,"_monsterinsights_sitenote_note":"","_monsterinsights_sitenote_category":0,"footnotes":""},"categories":[],"tags":[616],"_links":{"self":[{"href":"https:\/\/www.v6.newmessage.org\/it\/wp-json\/wp\/v2\/pages\/27510"}],"collection":[{"href":"https:\/\/www.v6.newmessage.org\/it\/wp-json\/wp\/v2\/pages"}],"about":[{"href":"https:\/\/www.v6.newmessage.org\/it\/wp-json\/wp\/v2\/types\/page"}],"author":[{"embeddable":true,"href":"https:\/\/www.v6.newmessage.org\/it\/wp-json\/wp\/v2\/users\/22"}],"replies":[{"embeddable":true,"href":"https:\/\/www.v6.newmessage.org\/it\/wp-json\/wp\/v2\/comments?post=27510"}],"version-history":[{"count":1,"href":"https:\/\/www.v6.newmessage.org\/it\/wp-json\/wp\/v2\/pages\/27510\/revisions"}],"predecessor-version":[{"id":27511,"href":"https:\/\/www.v6.newmessage.org\/it\/wp-json\/wp\/v2\/pages\/27510\/revisions\/27511"}],"wp:attachment":[{"href":"https:\/\/www.v6.newmessage.org\/it\/wp-json\/wp\/v2\/media?parent=27510"}],"wp:term":[{"taxonomy":"category","embeddable":true,"href":"https:\/\/www.v6.newmessage.org\/it\/wp-json\/wp\/v2\/categories?post=27510"},{"taxonomy":"post_tag","embeddable":true,"href":"https:\/\/www.v6.newmessage.org\/it\/wp-json\/wp\/v2\/tags?post=27510"}],"curies":[{"name":"wp","href":"https:\/\/api.w.org\/{rel}","templated":true}]}}