{"id":27485,"date":"2016-07-29T12:48:51","date_gmt":"2016-07-29T12:48:51","guid":{"rendered":"http:\/\/www.newmessage.org\/italian\/?page_id=27485"},"modified":"2018-02-06T05:17:27","modified_gmt":"2018-02-06T05:17:27","slug":"il-nuovo-messaggio-sulla-religione","status":"publish","type":"page","link":"https:\/\/www.v6.newmessage.org\/it\/il-messaggio\/altre-rivelazioni\/il-nuovo-messaggio-sulla-religione","title":{"rendered":"Il Nuovo Messaggio sulla Religione"},"content":{"rendered":"<div><\/div>\n\n<div class=\"tabgroup \"><ul class=\"tabs\"><li><a href=\"#tabs-1\">Ascolta<\/a><\/li>\n<li><a href=\"#tabs-2\">Nota<\/a><\/li><\/ul>\n <div id=\"tabs-1\"><\/p>\n<p>Ascolta la Voce della Rivelazione Originale in Inglese:<\/p>\n<div id=\"jquery_jplayer_1\" class=\"jp-jplayer\"><\/div>\n\t\t\t\t<div id=\"jp_container_1\" class=\"jp-audio\">\n\t\t\t\t<div class=\"jp-type-single\"><div class=\"jp-control\"><a href=\"javascript:;\" class=\"jp-play\" tabindex=\"1\">play<\/a><a href=\"javascript:;\" class=\"jp-pause\" tabindex=\"1\">pause<\/a><\/div> <div class=\"jp-gui jp-interface\"><div class=\"jp-volume\"><div class=\"jp-volume-bar\"><div class=\"jp-volume-bar-value\"><\/div><\/div><\/div><div class=\"jp-progress\"><div class=\"jp-seek-bar\"><div class=\"jp-play-bar\"><\/div><\/div><\/div><\/div>\t\t\t\t\t<div class=\"jp-no-solution\"><span>Update Required<\/span>To play the media you will need to either update your browser to a recent version or update your <a href=\"http:\/\/get.adobe.com\/flashplayer\/\" target=\"_blank\">Flash plugin<\/a>.<\/div><\/div><\/div>\n\t\t\t<script type='text\/javascript'>\n\t\t\t\tjQuery(document).ready(function() {\n\t\t\t\t\tif (typeof (sermonMedia) == 'function') {\n\t\t\t\t\t\tsermonMedia.addAudio('', \"jquery_jplayer_1\");\n\t\t\t\t\t}\n\t\t\t\t\tjQuery.jPlayer.timeFormat.showHour = true;\n\t\t\t\t\tjQuery(\"#jquery_jplayer_1\").jPlayer({\n\t\t\t\t\t\tready: function(event) {\n\t\t\t\t\t\t\tjQuery(this).jPlayer(\"setMedia\", {mp3: 'https:\/\/www.newmessage.org\/av\/new-message-on-religion.mp3'});\n\t\t\t\t\t\t},\n\t\t\t\t\t\tplay: function() {\n\t\t\t\t\t\t\tjQuery(this).jPlayer(\"pauseOthers\");\n\t\t\t\t\t\t},\n\t\t\t\t\t\tswfPath: ThemeData.directory_uri+\"\/swf\",\n\t\t\t\t\t\tsolution: \"html, flash\",\n\t\t\t\t\t\tpreload: \"metadata\",\n\t\t\t\t\t\twmode: \"window\",\n\t\t\t\t\t\tsupplied: \"mp3\",\n\t\t\t\t\t\tcssSelectorAncestor: '#jp_container_1'\n\t\t\t\t\t});\n\t\t\t\t});\n\t\t\t<\/script><\/p>\n<p><a title=\"New Message on Religion\" href=\"https:\/\/www.newmessage.org\/av\/new-message-on-religion.mp3\">Download<\/a> (clicca tasto destro del mouse)<\/p>\n<p class=\"revelation_details\"><em>Come rivelato a<br \/>\nMarshall Vian Summers<br \/>\nil 20 Luglio, 2009<br \/>\nin Boulder, Colorado<br \/>\n<\/em><\/p>\n<div class=\"toggle toggle-white\"><h4 class=\"trigger \"><span class=\"t_ico\"><\/span><a href=\"#\">Note riguardo a questa registrazione<\/a><\/h4><div class=\"toggle_container \"><br \/>\n<p>Quella che state sentendo in questa registrazione \u00e8 la voce della <u>Assemblea <\/u>Angelica che sta parlando tramite il <u>Messaggero <\/u>Marshall Vian Summers.<\/p>\n<p>Qua, la comunicazione originale di Dio, che esiste al di l\u00e0 delle parole, \u00e8 tradotta nel linguaggio e nella comprensione umana dall\u2019Assemblea Angelica che veglia sul mondo. Poi l\u2019Assemblea consegna il Messaggio di Dio tramite il Messaggero.<\/p>\n<p>In questo notevole processo, la Voce della Rivelazione sta parlando di nuovo. La Parola e il suono della Voce sono nel mondo. Per la prima volta nella storia, la registrazione dell\u2019originale rivelazione parlata \u00e8 disponibile affinch\u00e9 voi e il mondo la possiate sentire.<\/p>\n<p>Possiate voi essere i destinatari di questo dono di Rivelazione e possiate essere aperti a ricevere il suo Messaggio unico per voi e per la vostra vita.<\/p>\n<br \/>\n<\/div><\/div><br \/>\n<\/div>\n<div id=\"tabs-2\"><br \/>\n<em>Nota per il Lettore:<br \/>\nQuesta traduzione \u00e8 stata fornita a The Society da uno studente del Nuovo Messaggio che si \u00e8 offerto volontario per tradurre il testo originale in Inglese. Noi rendiamo questa traduzione disponibile al mondo in questa forma iniziale affinch\u00e9 le persone abbiano la possibilit\u00e0 di interagire con una porzione del Nuovo Messaggio nella propria lingua.<\/em><br \/>\n<\/div>\n\t\t\t\t<div align=\"right\">\n\t\t\t<div class=\"fb-like\" data-href=\"\" data-layout=\"button_count\" data-action=\"like\" data-show-faces=\"false\" data-share=\"false\"><\/div>\n\t\t\t<div class=\"fb-share-button\" data-layout=\"button_count\"> <\/div>\n\t\t\t<div class=\"fb_iframe_widget\"><a href=\"https:\/\/twitter.com\/godsnewmessage?ref_src=twsrc%5Etfw\" class=\"twitter-follow-button\" data-show-count=\"false\">Follow @godsnewmessage<\/a><script async src=\"https:\/\/platform.twitter.com\/widgets.js\" charset=\"utf-8\"><\/script><\/div>\n\t\t\t<\/div> <\/div> \n\n<p><b>\u201cI veri Messaggeri di Dio hanno dovuto spezzare le catene delle convenzioni.\u201d<\/b><\/p>\n<p>\u201cDetto in termini semplici, lo scopo della religione \u00e8 di coltivare il desiderio e la capacit\u00e0 di vivere l\u2019esperienza della Presenza Divina nella propria vita.<\/p>\n<p>La religione oggi \u00e8 diventata un giogo e una briglia per le persone, esigendo che esse credano sulla base di certe linee di pensiero prescritte e che si comportino sulla base di certe linee prescritte di comportamento. Ma questo dista molto dall\u2019essenza di quello che \u00e8 il vero scopo della religione.<\/p>\n<p>La religione fa parte dell\u2019esperienza umana e qualsiasi tentativo che c\u2019\u00e8 stato di sradicarla o di minimizzarla si \u00e8 dimostrato fallimentare. Perch\u00e9 non si pu\u00f2 negare la realt\u00e0 dello Spirito umano. Non si pu\u00f2 negare la fondamentale realt\u00e0 del fatto che c\u2019\u00e8 un bisogno spirituale superiore nella gente, che ha bisogno di essere espresso.<\/p>\n<p>Il Creatore di tutta la vita ha dato inizio a tutte le religioni del mondo, ma tutte sono state alterate dalla gente e dai governi, dalle culture e dalle tradizioni e dalla competizione per il potere nel mondo.<\/p>\n<p>E\u2019 come se quelli non religiosi avessero conquistato il business della religione per i loro scopi\u2026cos\u00ec avete un mondo che sembra profondamente religioso, ma non sta praticando ed enfatizzando il vero scopo della religione.<\/p>\n<p>Dove potete trovare che viene coltivata la vita interiore delle persone? Dov\u2019\u00e8 l\u2019enfasi sul riconoscere, seguire ed abbracciare la potenza e la presenza della Conoscenza nell\u2019individuo? Dov\u2019\u00e8 l\u2019enfasi sullo sviluppo e l\u2019incoraggiamento della capacit\u00e0 e del desiderio dell\u2019individuo di vivere l\u2019esperienza del mistero della Presenza Divina\u2014un mistero che disfida tutti gli insegnamenti e le convenzioni religiose?<\/p>\n<p>I veri Messaggeri di Dio hanno dovuto spezzare le catene delle convenzioni, hanno dovuto insegnare in opposizione di fronte ai credo religiosi e agli atteggiamenti predominanti. Loro sono dovuti diventare ribelli e riformisti, contrastando la tendenza dell\u2019umanit\u00e0 di trasformare ci\u00f2 che \u00e8 sacro in profano.<\/p>\n<p>Se Dio non \u00e8 vincolato dal pensiero umano, dalla filosofia umana e dalla teologia umana, allora in qualit\u00e0 di adepto della Conoscenza non sarai neppure tu vincolato da queste cose. Questo ti rende libero e incontrollabile.<\/p>\n<p>Cos\u00ec avete un mondo che \u00e8 religioso, ma che non sa nulla della religione. Avete un mondo dove le istituzioni religiose e i loro promotori si scontrano e competono tra loro, senza rendersi conto che la Fonte della loro fede \u00e8 la stessa.<\/p>\n<p>Riconosci il fatto che ci sono persone che sono orientate alla libert\u00e0 e che ci sono persone orientate al controllo. Poi quelle orientate dal controllo hanno paura della libert\u00e0 e hanno paura del Mistero perch\u00e9 non credono nell\u2019essenziale bont\u00e0 dello spirito umano.<\/p>\n<p>Dio non \u00e8 vincolato dalle creazioni umane, dalle credenze e dalle ammonizioni umane. Dio solo fornisce ci\u00f2 che \u00e8 essenziale ad accendere il cuore umano e a dare a ogni individuo una fondazione per essere indirizzato interiormente anzich\u00e9 indirizzato esteriormente.<\/p>\n<p>Le persone celebrano, venerano e ripetono incessantemente le storie delle vite dei grandi Maestri, ma sono loro capaci di vivere le vite che quei Maestri promuovevano? Non basta celebrare la rivelazione di un grande Maestro se non si \u00e8 in grado di trovare l\u2019accesso a quella propria. Dio ti sta indirizzando verso il Mistero, non la manifestazione. Dio ti sta chiamando al Mistero, non sta prescrivendo la manifestazione.<\/p>\n<p>Discutere sul fatto che Ges\u00f9, oppure Muhammad, sia stato il pi\u00f9 grande Maestro, o che abbia fornito all\u2019umanit\u00e0 la parola finale, \u00e8 talmente e assolutamente ridicolo e talmente lontano dalla natura e dall\u2019intento della religione come fu intesa da Dio, che rappresenta una specie di patetica diminuzione e distorsione di quello che la religione veramente \u00e8.<\/p>\n<p>Il tempio, la moschea, la chiesa e il luogo tribale di venerazione sono i luoghi dove onorare il Mistero ed evocare La Presenza and La Potenza.\u201d<\/p>\n<p>Da: \u201cIl Nuovo Messaggio sulla Religione\u201d<\/p>\n<p>&nbsp;<\/p>\n","protected":false},"excerpt":{"rendered":"<p>\u201cI veri Messaggeri di Dio hanno dovuto spezzare le catene delle convenzioni.\u201d \u201cDetto in termini semplici, lo scopo della religione \u00e8 di coltivare il desiderio e la capacit\u00e0 di vivere l\u2019esperienza della Presenza Divina nella propria vita. La religione oggi \u00e8 diventata un giogo e una briglia per le persone, esigendo che esse credano sulla\u2026 <a class=\"read-more\" href=\"https:\/\/www.v6.newmessage.org\/it\/about-recording-shortcode\"><span>Read More<\/span><\/a><\/p>\n","protected":false},"author":22,"featured_media":0,"parent":16358,"menu_order":22,"comment_status":"closed","ping_status":"closed","template":"template-leftsidebar.php","meta":{"_monsterinsights_skip_tracking":false,"_monsterinsights_sitenote_active":false,"_monsterinsights_sitenote_note":"","_monsterinsights_sitenote_category":0,"footnotes":""},"categories":[501,76],"tags":[749,740,745,750,870,743,748,741,746,744,747,383,742],"_links":{"self":[{"href":"https:\/\/www.v6.newmessage.org\/it\/wp-json\/wp\/v2\/pages\/27485"}],"collection":[{"href":"https:\/\/www.v6.newmessage.org\/it\/wp-json\/wp\/v2\/pages"}],"about":[{"href":"https:\/\/www.v6.newmessage.org\/it\/wp-json\/wp\/v2\/types\/page"}],"author":[{"embeddable":true,"href":"https:\/\/www.v6.newmessage.org\/it\/wp-json\/wp\/v2\/users\/22"}],"replies":[{"embeddable":true,"href":"https:\/\/www.v6.newmessage.org\/it\/wp-json\/wp\/v2\/comments?post=27485"}],"version-history":[{"count":3,"href":"https:\/\/www.v6.newmessage.org\/it\/wp-json\/wp\/v2\/pages\/27485\/revisions"}],"predecessor-version":[{"id":28349,"href":"https:\/\/www.v6.newmessage.org\/it\/wp-json\/wp\/v2\/pages\/27485\/revisions\/28349"}],"up":[{"embeddable":true,"href":"https:\/\/www.v6.newmessage.org\/it\/wp-json\/wp\/v2\/pages\/16358"}],"wp:attachment":[{"href":"https:\/\/www.v6.newmessage.org\/it\/wp-json\/wp\/v2\/media?parent=27485"}],"wp:term":[{"taxonomy":"category","embeddable":true,"href":"https:\/\/www.v6.newmessage.org\/it\/wp-json\/wp\/v2\/categories?post=27485"},{"taxonomy":"post_tag","embeddable":true,"href":"https:\/\/www.v6.newmessage.org\/it\/wp-json\/wp\/v2\/tags?post=27485"}],"curies":[{"name":"wp","href":"https:\/\/api.w.org\/{rel}","templated":true}]}}