{"id":27483,"date":"2016-07-29T12:43:51","date_gmt":"2016-07-29T12:43:51","guid":{"rendered":"http:\/\/www.newmessage.org\/italian\/?page_id=27483"},"modified":"2018-02-06T05:27:05","modified_gmt":"2018-02-06T05:27:05","slug":"instabilita-planetaria","status":"publish","type":"page","link":"https:\/\/www.v6.newmessage.org\/it\/il-messaggio\/altre-rivelazioni\/instabilita-planetaria","title":{"rendered":"Instabilit\u00e0 Planetaria (excerpts)"},"content":{"rendered":"<div>\u00a0\n<div class=\"tabgroup \"><ul class=\"tabs\"><li><a href=\"#tabs-1\">Informazioni<\/a><\/li>\n<li><a href=\"#tabs-2\">Nota<\/a><\/li><\/ul>\n <div id=\"tabs-1\">\n<p class=\"revelation_details\"><em>Come rivelato al Messaggero di Dio<br \/>\nMarshall Vian Summers<br \/>\nin data Marzo 14, 2011<br \/>\nin Boulder, Colorado<\/em><\/p>\n<div class=\"toggle toggle-white\"><h4 class=\"trigger \"><span class=\"t_ico\"><\/span><a href=\"#\">Riguardo a questo testo<\/a><\/h4><div class=\"toggle_container \"><br \/>\n<p>Quello che state leggendo in questo testo \u00e8 la trascrizione della voce originale della Assemblea Angelica cos\u00ec come ha parlato tramite il Messaggero Marshall Vian Summers.<\/p>\n<p>Qua, la comunicazione originale di Dio, che esiste al di l\u00e0 delle parole, \u00e8 tradotta nel linguaggio e nella comprensione umana dall\u2019Assemblea Angelica che veglia sul mondo. Poi l\u2019Assemblea consegna il Messaggio di Dio tramite il Messaggero, dopo di che, la comunicazione \u00e8 trascritta e resa disponibile a voi e a tutto il mondo.<\/p>\n<p>In questo notevole processo, la Voce della Rivelazione sta parlando di nuovo. La Parola e il suono della Voce sono nel mondo. Possiate voi essere i destinatari di questo dono di Rivelazione e possiate essere aperti a ricevere il suo Messaggio unico per voi e per la vostra vita.<\/p>\n<br \/>\n<\/div><\/div><br \/>\n<\/div>\n<div id=\"tabs-2\"><br \/>\n<em>Nota per il Lettore:<br \/>\nQuesta traduzione \u00e8 stata fornita a The Society da uno studente del Nuovo Messaggio che si \u00e8 offerto volontario per tradurre il testo originale in Inglese. Noi rendiamo questa traduzione disponibile al mondo in questa forma iniziale affinch\u00e9 le persone abbiano la possibilit\u00e0 di interagire con una porzione del Nuovo Messaggio nella propria lingua.<\/em><br \/>\n<\/div>\n\t\t\t\t<div align=\"right\">\n\t\t\t<div class=\"fb-like\" data-href=\"\" data-layout=\"button_count\" data-action=\"like\" data-show-faces=\"false\" data-share=\"false\"><\/div>\n\t\t\t<div class=\"fb-share-button\" data-layout=\"button_count\"> <\/div>\n\t\t\t<div class=\"fb_iframe_widget\"><a href=\"https:\/\/twitter.com\/godsnewmessage?ref_src=twsrc%5Etfw\" class=\"twitter-follow-button\" data-show-count=\"false\">Follow @godsnewmessage<\/a><script async src=\"https:\/\/platform.twitter.com\/widgets.js\" charset=\"utf-8\"><\/script><\/div>\n\t\t\t<\/div> <\/div> \n<br \/>\n\u201cVi dovete preparare per un mondo instabile. E\u2019 una preparazione nuova per la maggior parte delle persone. Richiede una grande e profonda valutazione di dove siete e di che cosa state facendo, della posizione della vostra vita e di quale cambiamento va apportato alle vostre circostanze esteriori. Tuttavia, pi\u00f9 profondamente e pi\u00f9 centralmente nella vostra occorrenza, c\u2019\u00e8 la necessit\u00e0 di creare un collegamento con La Conoscenza, la necessit\u00e0 di intraprendere i Passi verso La Conoscenza, che vi possono veramente preparare per navigare le difficili e imprevedibili circostanze che verranno.\u201d<\/p>\n<p>\u201cMentre inizierete a entrare nei tempi di grande instabilit\u00e0, vedrete molte persone comportarsi in modo molto sciocco e proclamare molte cose. Molti diranno che \u00e8 tutto un fatto temporaneo e tutto sar\u00e0 a posto appena alcune cose saranno rimesse in ordine. Sentirete gente che dice, \u201cNon vi preoccupate. Le nazioni si ricostruiranno.\u201d Sentirete dire molte cose, grandi proclamazioni, proclamazioni ottimistiche, o altri che diranno che sar\u00e0 una catastrofe totale e croller\u00e0 tutto. N\u00e9 l\u2019una n\u00e9 l\u2019altra di queste cose per\u00f2 sono vere. Il nuovo mondo sar\u00e0 instabile ed imprevedibile, ma l\u2019esperienza dell\u2019umanit\u00e0 nel mondo non \u00e8 finita e, di fatto, le mutevoli circostanze della vostra vita vi danno la pi\u00f9 grande possibilit\u00e0 di stabilire unit\u00e0 umana e cooperazione nel mondo, che ora emerger\u00e0 dalla necessit\u00e0 fondamentale di sopravvivere e di stabilire un mondo ordinato di fronte alla grande mutazione.\u201d<\/p>\n<p>\u201cIl mondo \u00e8 cambiato, ma la gente non \u00e8 cambiata insieme a lui. State entrando in un periodo di instabilit\u00e0 planetaria, e questa instabilit\u00e0 crescer\u00e0. Come farete a riconoscere tutto ci\u00f2, a prepararvi e ad adattarvi?\u201d<\/p>\n<p>\u201cIl vostro intelletto non \u00e8 in grado di rispondere a queste domande. Nessuno pu\u00f2 rispondere a queste domande in modo completo. Anche i pi\u00f9 saggi e pi\u00f9 informati non sono in grado di rispondere a queste domande in modo completo. E\u2019 per questo che il potere della Conoscenza ha un\u2019importanza cos\u00ec critica per voi, per la vostra famiglia e per il mondo.\u201d<\/p>\n<p>\u201cL\u2019umanit\u00e0 ha esaurito le risposte. Ora pu\u00f2 solo rispondere alla catastrofe. Non \u00e8 preparata per il futuro. Ha pochissimo tempo. Tutto quello che pu\u00f2 essere fatto va fatto, ma la maggior parte delle persone sta ancora vivendo nel sogno di ieri. Stanno ancora vivendo in un mondo che non esiste pi\u00f9. Le loro aspettative, i loro desideri e le loro esigenze sono cose che potrebbero non essere soddisfatte nel nuovo mondo.\u201d<\/p>\n<p>\u201cLa crescente instabilit\u00e0 dell\u2019umanit\u00e0 chiamer\u00e0 altre genti dall\u2019universo intorno a voi che vorranno sfruttare la situazione a proprio favore. Verranno nella veste di gente illuminata spiritualmente, di grandi emancipatori, di veri ambientalisti. Per tutto quello che vorrete e vi aspetterete, loro creeranno una facciata. La loro tecnologia vi colpir\u00e0, e le loro parole parleranno ai vostri desideri nascosti e alle vostre paure nascoste.\u201d<\/p>\n<p>\u201cMa nessuno verr\u00e0 a salvare l\u2019umanit\u00e0, e quelli che dichiarano di essere qua per quello scopo sono qua per approfittare della situazione. Sono intelligenti e furbi. Loro sanno quello che state per affrontare, perch\u00e9 tutta la vita intelligente nei loro mondi ha dovuto affrontare un declino nei loro ambienti. E\u2019 una prospettiva che pochi sono riusciti a sfuggire nella storia dell\u2019universo.\u201d<\/p>\n<p>\u201cDisordini sociali, rivoluzione, guerre per l\u2019acquisizione di risorse, disastri naturali, instabilit\u00e0 economica, nazioni in debito e crollo economico \u2013 tutto questo \u00e8 parte del vostro futuro, vedete. Ma dovete guardare per vedere, e dovete ascoltare. Ascoltate il mondo esterno ed ascoltate il mondo interno ed <strong>intraprendete i Passi Verso la Conoscenza<\/strong>.\u201d<\/p>\n<p>\u201cE\u2019 in questo modo che Dio vi salver\u00e0, non solo da circostanze difficili ed imprevedibili. E\u2019 cos\u00ec che Dio vi salver\u00e0 dal vostro personale fallimento che implicherebbe non rispondere allo scopo superiore ed alla chiamata nella vostra vita.\u201d<\/p>\n<p>\u201cNon \u00e8 un incidente il fatto che siate qui in questi tempi, di fronte a queste circostanze. Non \u00e8 solo una grande scomodit\u00e0 per voi. E\u2019 lo scopo della vostra vita che vi chiama ad uscire dalle vostre insignificanti aspirazioni di soddisfazione personale e di piacere, potere e ricchezza, per condurvi verso un servizio ed una partecipazione superiore nel mondo.\u201d<\/p>\n<p>\u201cOra non ci sono scuse se si fallisce. Non tutti sopravvivranno le Grandi Onde del cambiamento. Questo ora non lo potete pi\u00f9 alterare.\u201d<\/p>\n<p>\u201cSiete stati mandati nel mondo per essere in un pianeta che sta diventando sempre pi\u00f9 instabile, con un futuro ed una conclusione incerti. Siete in grado di affrontare questo? Dove troverete la forza, il coraggio e l\u2019intenzione per affrontarlo \u2013 ora che avete ancora il tempo di preparare la vostra vita, ora che avete il tempo di allertare gli altri, ora che avete un periodo \u2013 un periodo di grazia, diciamo \u2013 per preparare la vostra vita esterna e per stabilire una connessione con la fonte, con il centro della vostra forza e della vostra certezza?\u201d<\/p>\n<p>\u201cLe scelte qua sono chiare, e le loro conseguenze sono immense. Le prospettive future dell\u2019umanit\u00e0 si decidono oggi e nei mesi ed anni a venire. Questa non \u00e8 una possibilit\u00e0. Questo non \u00e8 uno scenario possibile. Questo \u00e8 tutto! Ti alzi o cadi gi\u00f9. Reagisci o sarai sopraffatto. Ti prepari o la tua vita sar\u00e0 distrutta.\u201d<\/p>\n<p>\u201cE\u2019 il pi\u00f9 grande momento nella storia dell\u2019umanit\u00e0, e voi siete qua. Siete stati scelti per venire. Siete fortunati in questo senso, a prescindere dalle vostre circostanze esteriori. Ma dovete sentire la chiamata e provare la chiamata. Altrimenti vi ritirerete e tramonterete di fronte alle Grandi Onde del cambiamento.\u201d<\/p>\n<p>\u201cLe vostre domande, i vostri problemi, la vostra negazione, le vostre frustrazioni \u2013 non hanno importanza, vedete. Non sono importanti adesso. Avete cose pi\u00f9 grandi da seguire. Dovete rimettere in ordine, riconsiderare e ri-direzionare la vostra vita. Dovete determinare chi, nelle vostre relazioni, ha la forza di aiutare e chi vi sta tenendo indietro.\u201d<\/p>\n<p>\u201cQuando le circostanze diventano pi\u00f9 difficili ed il mondo diventa pi\u00f9 buio, questo \u00e8 il momento in cui deve emergere La Conoscenza. Questo \u00e8 il tempo della Rivelazione.\u201d<\/p>\n<p>\u201cCosa potete dare agli altri? Oltre a nutrirli e dargli un rifugio, se quelle sono le loro necessit\u00e0 del momento, <strong>il vostro pi\u00f9 grande dono \u00e8 incoraggiarli ad intraprendere i Passi verso La Conoscenza<\/strong>, perch\u00e9 pi\u00f9 di ogni altra cosa, questo determiner\u00e0 se saranno in grado di affrontare, di prepararsi e di reagire alla grande mutazione che sta arrivando nel mondo.\u201d<\/p>\n<p>&nbsp;<\/p>\n","protected":false},"excerpt":{"rendered":"<p>\u00a0 \u201cVi dovete preparare per un mondo instabile. E\u2019 una preparazione nuova per la maggior parte delle persone. Richiede una grande e profonda valutazione di dove siete e di che cosa state facendo, della posizione della vostra vita e di quale cambiamento va apportato alle vostre circostanze esteriori. Tuttavia, pi\u00f9 profondamente e pi\u00f9 centralmente nella\u2026 <a class=\"read-more\" href=\"https:\/\/www.v6.newmessage.org\/it\/about-text-shortcode\"><span>Read More<\/span><\/a><\/p>\n","protected":false},"author":22,"featured_media":0,"parent":16358,"menu_order":21,"comment_status":"closed","ping_status":"closed","template":"template-leftsidebar.php","meta":{"_monsterinsights_skip_tracking":false,"_monsterinsights_sitenote_active":false,"_monsterinsights_sitenote_note":"","_monsterinsights_sitenote_category":0,"footnotes":""},"categories":[501,76],"tags":[749,740,745,750,871,743,748,303,741,746,744,747,742],"_links":{"self":[{"href":"https:\/\/www.v6.newmessage.org\/it\/wp-json\/wp\/v2\/pages\/27483"}],"collection":[{"href":"https:\/\/www.v6.newmessage.org\/it\/wp-json\/wp\/v2\/pages"}],"about":[{"href":"https:\/\/www.v6.newmessage.org\/it\/wp-json\/wp\/v2\/types\/page"}],"author":[{"embeddable":true,"href":"https:\/\/www.v6.newmessage.org\/it\/wp-json\/wp\/v2\/users\/22"}],"replies":[{"embeddable":true,"href":"https:\/\/www.v6.newmessage.org\/it\/wp-json\/wp\/v2\/comments?post=27483"}],"version-history":[{"count":4,"href":"https:\/\/www.v6.newmessage.org\/it\/wp-json\/wp\/v2\/pages\/27483\/revisions"}],"predecessor-version":[{"id":28354,"href":"https:\/\/www.v6.newmessage.org\/it\/wp-json\/wp\/v2\/pages\/27483\/revisions\/28354"}],"up":[{"embeddable":true,"href":"https:\/\/www.v6.newmessage.org\/it\/wp-json\/wp\/v2\/pages\/16358"}],"wp:attachment":[{"href":"https:\/\/www.v6.newmessage.org\/it\/wp-json\/wp\/v2\/media?parent=27483"}],"wp:term":[{"taxonomy":"category","embeddable":true,"href":"https:\/\/www.v6.newmessage.org\/it\/wp-json\/wp\/v2\/categories?post=27483"},{"taxonomy":"post_tag","embeddable":true,"href":"https:\/\/www.v6.newmessage.org\/it\/wp-json\/wp\/v2\/tags?post=27483"}],"curies":[{"name":"wp","href":"https:\/\/api.w.org\/{rel}","templated":true}]}}