{"id":27432,"date":"2016-07-28T16:07:35","date_gmt":"2016-07-28T16:07:35","guid":{"rendered":"http:\/\/www.newmessage.org\/italian\/?page_id=27432"},"modified":"2022-06-23T06:55:49","modified_gmt":"2022-06-23T06:55:49","slug":"il-destino","status":"publish","type":"page","link":"https:\/\/www.v6.newmessage.org\/it\/il-messaggio\/volume-1\/il-tempo-della-rivelazione\/il-destino","title":{"rendered":"Il Destino"},"content":{"rendered":"<div>\u00a0\n<div class=\"tabgroup \"><ul class=\"tabs\"><li><a href=\"#tabs-1\">Ascolta<\/a><\/li>\n<li><a href=\"#tabs-2\">Nota<\/a><\/li><\/ul>\n <div id=\"tabs-1\">\n<p>Ascolta la Voce della Rivelazione Originale in Inglese:<\/p>\n\t\t\t\t<div id=\"jquery_jplayer_1\" class=\"jp-jplayer\"><\/div>\n\t\t\t\t<div id=\"jp_container_1\" class=\"jp-audio\">\n\t\t\t\t<div class=\"jp-type-single\"><div class=\"jp-control\"><a href=\"javascript:;\" class=\"jp-play\" tabindex=\"1\">play<\/a><a href=\"javascript:;\" class=\"jp-pause\" tabindex=\"1\">pause<\/a><\/div> <div class=\"jp-gui jp-interface\"><div class=\"jp-volume\"><div class=\"jp-volume-bar\"><div class=\"jp-volume-bar-value\"><\/div><\/div><\/div><div class=\"jp-progress\"><div class=\"jp-seek-bar\"><div class=\"jp-play-bar\"><\/div><\/div><\/div><\/div>\t\t\t\t\t<div class=\"jp-no-solution\"><span>Update Required<\/span>To play the media you will need to either update your browser to a recent version or update your <a href=\"http:\/\/get.adobe.com\/flashplayer\/\" target=\"_blank\">Flash plugin<\/a>.<\/div><\/div><\/div>\n\t\t\t<script type='text\/javascript'>\n\t\t\t\tjQuery(document).ready(function() {\n\t\t\t\t\tif (typeof (sermonMedia) == 'function') {\n\t\t\t\t\t\tsermonMedia.addAudio('', \"jquery_jplayer_1\");\n\t\t\t\t\t}\n\t\t\t\t\tjQuery.jPlayer.timeFormat.showHour = true;\n\t\t\t\t\tjQuery(\"#jquery_jplayer_1\").jPlayer({\n\t\t\t\t\t\tready: function(event) {\n\t\t\t\t\t\t\tjQuery(this).jPlayer(\"setMedia\", {mp3: 'https:\/\/newmessage.org\/av\/destiny.mp3'});\n\t\t\t\t\t\t},\n\t\t\t\t\t\tplay: function() {\n\t\t\t\t\t\t\tjQuery(this).jPlayer(\"pauseOthers\");\n\t\t\t\t\t\t},\n\t\t\t\t\t\tswfPath: ThemeData.directory_uri+\"\/swf\",\n\t\t\t\t\t\tsolution: \"html, flash\",\n\t\t\t\t\t\tpreload: \"metadata\",\n\t\t\t\t\t\twmode: \"window\",\n\t\t\t\t\t\tsupplied: \"mp3\",\n\t\t\t\t\t\tcssSelectorAncestor: '#jp_container_1'\n\t\t\t\t\t});\n\t\t\t\t});\n\t\t\t<\/script>\n<p><a title=\"Destiny\" href=\"\/\/www.newmessage.org\/av\/destiny.mp3\">Download<\/a> (clicca tasto destro del mouse)<\/p>\n<p class=\"revelation_details\"><em>Rivelato a<br \/>\nMarshall Vian Summers<br \/>\nin data 12 Aprile, 2011<br \/>\nin Boulder, Colorado<br \/>\n<\/em><\/p>\n<div class=\"toggle toggle-white\"><h4 class=\"trigger \"><span class=\"t_ico\"><\/span><a href=\"#\">Note riguardo a questa registrazione<\/a><\/h4><div class=\"toggle_container \"><br \/>\n<p>Quella che state sentendo in questa registrazione \u00e8 la voce della <u>Assemblea <\/u>Angelica che sta parlando tramite il <u>Messaggero <\/u>Marshall Vian Summers.<\/p>\n<p>Qua, la comunicazione originale di Dio, che esiste al di l\u00e0 delle parole, \u00e8 tradotta nel linguaggio e nella comprensione umana dall\u2019Assemblea Angelica che veglia sul mondo. Poi l\u2019Assemblea consegna il Messaggio di Dio tramite il Messaggero.<\/p>\n<p>In questo notevole processo, la Voce della Rivelazione sta parlando di nuovo. La Parola e il suono della Voce sono nel mondo. Per la prima volta nella storia, la registrazione dell\u2019originale rivelazione parlata \u00e8 disponibile affinch\u00e9 voi e il mondo la possiate sentire.<\/p>\n<p>Possiate voi essere i destinatari di questo dono di Rivelazione e possiate essere aperti a ricevere il suo Messaggio unico per voi e per la vostra vita.<\/p>\n<br \/>\n<\/div><\/div><br \/>\n<\/div>\n<div id=\"tabs-2\"><br \/>\n<em>Nota per il Lettore:<br \/>\nQuesta traduzione \u00e8 stata fornita a The Society da uno studente del Nuovo Messaggio che si \u00e8 offerto volontario per tradurre il testo originale in Inglese. Noi rendiamo questa traduzione disponibile al mondo in questa forma iniziale affinch\u00e9 le persone abbiano la possibilit\u00e0 di interagire con una porzione del Nuovo Messaggio nella propria lingua.<\/em><br \/>\n<\/div>\n\t\t\t\t<div align=\"right\">\n\t\t\t<div class=\"fb-like\" data-href=\"\" data-layout=\"button_count\" data-action=\"like\" data-show-faces=\"false\" data-share=\"false\"><\/div>\n\t\t\t<div class=\"fb-share-button\" data-layout=\"button_count\"> <\/div>\n\t\t\t<div class=\"fb_iframe_widget\"><a href=\"https:\/\/twitter.com\/godsnewmessage?ref_src=twsrc%5Etfw\" class=\"twitter-follow-button\" data-show-count=\"false\">Follow @godsnewmessage<\/a><script async src=\"https:\/\/platform.twitter.com\/widgets.js\" charset=\"utf-8\"><\/script><\/div>\n\t\t\t<\/div> <\/div>\n<p>Il Nuovo Messaggio \u00e8 qua per indirizzare l\u2019umanit\u00e0 e per preservare la civilt\u00e0 umana. E\u2019 la risposta ad innumerevoli preghiere per il progresso dell\u2019individuo e per apportare maggiore cooperazione, forza e creativit\u00e0 alla famiglia umana in questo momento di massimo bisogno e tribolazione.<\/p>\n<p>E\u2019 talmente grande che la gente non lo pu\u00f2 neanche afferrare, anche se potrebbero pensare di capirlo. Allo stesso tempo \u00e8 cos\u00ec semplice che la gente lo pu\u00f2 utilizzare oggi stesso, in ogni situazione, con qualsiasi persona che si incontra ed in qualsiasi insieme di circostanze.<\/p>\n<p>Il Nuovo Messaggio ha lo scopo di preparare l\u2019umanit\u00e0 a vivere in un nuovo mondo ed a preparare l\u2019umanit\u00e0 a connettersi con la vita oltre questo mondo, un impegno che fa parte del vostro destino e della vostra evoluzione.<\/p>\n<p>In questo momento l\u2019umanit\u00e0 \u00e8 impreparata per ambedue queste grandi svolte \u2013 queste grandi soglie che richiederanno maggiore forza, maggiore discernimento e maggiore compassione dalla gente di ogni luogo.<\/p>\n<p>E\u2019 un\u2019incredibile chiamata fatta affinch\u00e9 le persone diventino sagge e responsabili, capaci e ricettive. E\u2019 un dono per tutte le genti e tutte le nazioni. E\u2019 un dono per questi tempi e per i tempi che verranno. Risponde alle domande che non avete ancora neanche imparato a chiedere. Si rivolge a problemi che la gente non conosce ancora.<\/p>\n<p>Porta con s\u00e9 la saggezza del Creatore. Viene mandato attraverso la Presenza Angelica che traduce in parole, in idee ed applicazioni, la Volont\u00e0 del Creatore.<\/p>\n<p>Il Nuovo Messaggio fornisce i propri commenti e le proprie pratiche, perch\u00e9 la determinazione del suo significato e di come va messo in pratica sono cose che non possono essere lasciate alla discrezione della gente e degli individui, neanche di intellettuali e di esperti. Il Nuovo Messaggio stesso parla di queste cose e le chiarisce affinch\u00e9 pochissimo sia lasciato alla speculazione ed all\u2019interpretazione umana. Questo \u00e8 fatto al fine di minimizzare il potenziale di errore che emerger\u00e0 sempre quando la gente avr\u00e0 a che fare con qualcosa di questa grandezza.<\/p>\n<p>C\u2019\u00e8 enorme cura nel portare questo insegnamento, nella sua applicazione e nei relativi commentari \u2013 viene detto in molti modi diversi, applicato a situazioni diverse, espresso e riespresso affinch\u00e9 la sua chiarezza possa essere evidente e vi sia associato il minimo livello di ambiguit\u00e0.<\/p>\n<p>Per la prima volta, una Nuova Rivelazione viene data ad un mondo letterato, ad un mondo di comunicazioni planetarie, commercio planetario e, per alcune persone, anche consapevolezza planetaria.<\/p>\n<p>Viene dato ora in grande profondit\u00e0 e pienezza affinch\u00e9 possa fare da ponte tra culture, temperamenti, nazionalit\u00e0 e distinzioni razziali ed affinch\u00e9 possa essere accessibile e comprensibile dall\u2019individuo, senza che nessuno si debba appoggiare a grandi studiosi od istituzioni per poter determinare il suo significato, quello che dice e come le persone dovrebbero reagire.<\/p>\n<p>Il Nuovo Messaggio richiama l\u2019innalzamento della potenza superiore della Conoscenza che \u00e8 dentro ogni individuo \u2013 una potenza che sta oltre la sfera e la portata dell\u2019intelletto, una potenza che \u00e8 incomprensibile ma allo stesso tempo fa parte della vostra esperienza.<\/p>\n<p>Per alcuni sar\u00e0 molto difficile avere a che fare con tutto ci\u00f2. Sono quelli che guardano tutto quello che c\u2019\u00e8 nel mondo come se fosse una risorsa per la loro mente. La Conoscenza per\u00f2 \u00e8 troppo grande per essere una risorsa della vostra mente. Gente che dichiarer\u00e0 di seguire la Conoscenza star\u00e0 invece seguendo le proprie idee. Gente che dichiarer\u00e0 di essere guidata dalla Conoscenza sar\u00e0 invece guidata dal loro condizionamento sociale o dalle loro ambizioni. Cos\u00ec, per alcune persone, sar\u00e0 molto difficile capire tutto ci\u00f2. E\u2019 per via del modo in cui essi guardano se stessi ed il mondo.<\/p>\n<p>Non tutti saranno capaci di afferrare la grande verit\u00e0 in questo momento, ma se abbastanza persone riusciranno a farlo, questo porter\u00e0 una grande promessa per il futuro, per la sicurezza e per la libert\u00e0 dell\u2019umanit\u00e0.<\/p>\n<p>Il nuovo mondo sar\u00e0 pi\u00f9 pericoloso del mondo al quale siete abituati e la Comunit\u00e0 Pi\u00f9 Grande di vita \u00e8 pi\u00f9 complessa e sofisticata.<\/p>\n<p>Dovrete impararla. Dovrete imparare la saggezza e La Conoscenza della Comunit\u00e0 Pi\u00f9 Grande e quello \u00e8 qualcosa che solo Dio ora vi pu\u00f2 veramente insegnare. Neanche altre razze lo possono fare, perch\u00e9 non conoscono sufficientemente la mente ed il cuore umano e, con l\u2019eccezione di poche razze, non danno valore alla libert\u00e0.<\/p>\n<p>Siete nati in questo tempo. Siete nati per questo tempo. E\u2019 il vostro destino essere qua per imparare queste cose. E\u2019 il vostro destino ricevere queste parole. E\u2019 il vostro destino scoprire la Nuova Rivelazione.<\/p>\n<p>Molte persone nel mondo non sono state in grado di darsi alle tradizioni religiose dell\u2019umanit\u00e0 perch\u00e9 qualcosa in loro gli ha detto di aspettare. Forse giustificano ci\u00f2 sulla base delle limitazioni o delle difficolt\u00e0 insite in certe tradizioni religiose. Ma in verit\u00e0 non \u00e8 quello il fatto, vedete, perch\u00e9 loro in verit\u00e0 sono destinate per qualcos\u2019altro, ed hanno dovuto aspettare la Rivelazione. Non \u00e8 semplicemente che la loro tradizione sia in qualche modo inadeguata. La verit\u00e0 \u00e8 che loro sono destinati per qualcos\u2019altro per via della loro natura e della loro composizione, per via del loro scopo, per via del destino.<\/p>\n<p>Questa \u00e8 una potenza superiore alla comprensione umana e porta con s\u00e9 le sue sfide e delle grandi benedizioni ed opportunit\u00e0.<\/p>\n<p>Il ritorno a Dio non \u00e8 un\u2019impresa intellettuale. Non vieni a Dio nei tuoi termini. La realt\u00e0 e la Creazione non si basano sulla tua comprensione o sulla tua valutazione. Il Cielo non d\u00e0 valore alle tue idee, solo alla tua partecipazione.<\/p>\n<p>Il destino non \u00e8 una cosa che potete prescrivervi da soli, n\u00e9 una cosa che potete definire e dire, \u201cQuesto \u00e8 il mio destino perch\u00e9 l\u2019idea mi piace.\u201d<\/p>\n<p>Il destino ha a che fare con il luogo da dove siete venuti, con dove state andando, con il motivo perch\u00e9 siete nel mondo e con dove il mondo sta andando \u2013 cose che sono di gran lunga oltre la considerazione o la consapevolezza della gente.<\/p>\n<p>Il destino vi condurr\u00e0, perch\u00e9 fa parte della Conoscenza dentro di voi \u2013 l\u2019intelligenza superiore che Dio vi ha dato per prepararvi e per proteggervi, per dare chiarezza al vostro percorso e per connettervi con il vostro destino.<\/p>\n<p>Le persone della Nuova Rivelazione fanno parte di una nuova soglia di comprensione per l\u2019umanit\u00e0, ora che l\u2019umanit\u00e0 entra in un mondo nuovo \u2013 un mondo di cambiamenti ambientali; un mondo di instabilit\u00e0 politica ed economica; un mondo di risorse che diminuiscono; un mondo dove il rischio di competizione, conflitto e guerra sar\u00e0 altissimo; un mondo che richiede maggiore cooperazione ed un senso di condivisione con gli altri del destino.<\/p>\n<p>Se divisa, l\u2019umanit\u00e0 fallir\u00e0 nella Comunit\u00e0 Pi\u00f9 Grande e cadr\u00e0 sotto la persuasione di potenze straniere, cos\u00ec come \u00e8 successo innumerevoli volte nella storia dell\u2019universo. Questo \u00e8 il vostro grande rischio.<\/p>\n<p>Ma chi \u00e8 al corrente di questo? Chi pensa a questo? Chi \u00e8 preoccupato per questo? Quello che la gente pensa, crede e si aspetta \u00e8 cos\u00ec tanto diverso da quello che Dio conosce, ed \u00e8 quella la lacuna che va colmata. E\u2019 per quello che Dio ha messo dentro di voi La Conoscenza \u2013 per consentirvi di acquisire questa maggiore capacit\u00e0 di comprensione e di discernere una Realt\u00e0 Pi\u00f9 Grande.<\/p>\n<p>Dio ha fornito i <em>Passi verso La Conoscenza<\/em> al fine di riconnettere la vostra mente di superficie \u2013 la vostra mente sociale, mondana \u2013 con la mente pi\u00f9 profonda della Conoscenza. E\u2019 qua che diventate veramente integrati. E\u2019 qua che stabilite e vivete la vostra integrit\u00e0.<\/p>\n<p>Questo \u00e8 ci\u00f2 che vi d\u00e0 la forza e la potenza del Cielo quando intraprendete il vostro viaggio qui sulla Terra. Questo d\u00e0 scopo, significato e direzione alla vostra esistenza qua e chiama a voi certi individui che giocheranno un ruolo significativo nella scoperta e nell\u2019espressione dello scopo superiore che vi ha portato qua in questo tempo, in queste circostanze.<br \/>\nQuesto \u00e8 il vostro destino.<\/p>\n<p>Non lamentatevi del mondo. Non siate risentiti o cinici nel vostro punto di vista, perch\u00e9 questo \u00e8 il mondo che siete venuti a servire. E\u2019 perfetto per voi. E\u2019 il perch\u00e9 della vostra venuta.<\/p>\n<p>Non rinnegatelo, o rinnegherete il vostro scopo per il quale siete qua. Non condannatelo, o vi condannerete da soli insieme a lui. Non dissociatevi da lui, o perderete il contatto con la vostra natura pi\u00f9 profonda.<\/p>\n<p>Il destino ora \u00e8 su di voi. La grande chiamata sta suonando. Il messaggero viene preparato per parlare al mondo. La nuova rivelazione \u00e8 qua.<\/p>\n<p>Che grande benedizione \u00e8 questa, di essere nel mondo in questo tempo \u2013 il tempo della Rivelazione! Che grande benedizione \u00e8 per te imparare queste cose. Che grande benedizione \u00e8 avere un destino, apprenderlo ed avere l\u2019umilt\u00e0 e la saggezza di accettarlo.<\/p>\n<p>Le persone hanno difficolt\u00e0 con queste cose a causa del livello di associazione che hanno con le proprie convinzioni, le loro lamentele e la loro idea di se stessi, cose che raramente hanno qualcosa a che fare con chi sono o perch\u00e9 si trovano nel mondo.<\/p>\n<p>Il cambiamento \u00e8 difficile per la gente, specialmente il cambiamento interiore, ma \u00e8 naturale ed \u00e8 necessario, altrimenti non potrete assumere una vita superiore ed uno scopo superiore e non sarete disponibili per relazioni pi\u00f9 grandi e per un\u2019unione pi\u00f9 grande con gli altri.<\/p>\n<p>E\u2019 la tariffa di ammissione. E\u2019 ci\u00f2 che significa avere una risposta alle vostre preghiere perch\u00e9 avere la risposta alle vostre preghiere significa che si \u00e8 aperta per voi una porta, e dovete attraversarla. Non \u00e8 un viaggio che avete costruito voi e non si svolge secondo le vostre regole, le vostre idee e le vostre aspettative.<\/p>\n<p>Se volete che Dio vi aiuti, dovete lasciare che Dio vi aiuti e vi guidi. Dio vi guida e vi aiuta attraverso la potenza e la presenza della Conoscenza.<\/p>\n<p>Dovete per\u00f2 connettervi con La Conoscenza, intraprendere i <em>Passi verso La Conoscenza<\/em>, vivere la sua realt\u00e0, la sua potenza e sviluppare le qualit\u00e0 di pazienza e perseveranza che vi saranno necessarie per viaggiare in regioni di vita e di esperienza che non fanno parte dei vostri concetti o della vostra attuale comprensione.<\/p>\n<p>Dio sa che cosa sta arrivando all\u2019orizzonte. La domanda \u00e8, riesce la gente a reagire ed a prepararsi, e riesce a ricevere la preparazione che il Creatore di tutta la vita sta mandando nel mondo?<\/p>\n<p>L\u2019umanit\u00e0 non \u00e8 in grado di prepararsi da sola. Non sa per che cosa si starebbe preparando. E\u2019 completamente ignorante della vita nell\u2019universo. Non sa come prepararsi per questo. Non si aspetta o non prevede di doversi adattare ad un mondo nuovo.<\/p>\n<p>Cos\u00ec \u00e8 piuttosto impreparata e sciocca, pensa che il futuro sar\u00e0 come il passato, vive nel passato, si associa al passato, \u00e8 incapace di vedere le mutevoli circostanze del mondo \u2013 il paesaggio che sta cambiando ed il grande cambiamento che sta all\u2019orizzonte e sta arrivando.<\/p>\n<p>Avete pochissimo tempo per prepararvi per tutte queste cose, perch\u00e9 sono in movimento e non le potete fermare. Non potete fermare il fatto di dover entrare in un nuovo mondo. Non potete fermare il vostro emergere in una Comunit\u00e0 Pi\u00f9 Grande di vita nell\u2019universo. L\u2019Intromissione nel mondo \u00e8 gi\u00e0 in corso, da parte di razze astute che sono qua per approfittare dell\u2019ignoranza umana e delle aspettative umane.<\/p>\n<p>Non potete sfuggire al vostro destino, vedete, e questo destino o vi elever\u00e0 oppure vi sconfigger\u00e0, a seconda di come vi preparerete e della vostra abilit\u00e0 di rispondere \u2013 la vostra responsabilit\u00e0.<\/p>\n<p>Questo \u00e8 veramente il momento. Non avete il tempo per languire. Non avete tempo per nascondervi nella vostra ambivalenza. Non avete il tempo di perdervi nei vostri hobby, nelle vostre imprese romantiche o nelle vostre distrazioni.<\/p>\n<p>Il mondo sta cambiando. Si sta muovendo sotto i vostri piedi. Sta scuotendo le vostre citt\u00e0. Sta privando le vostre genti. Sta cambiando il modo in cui vivrete nel mondo. Sta cambiando il tempo, il clima, il paesaggio, la capacit\u00e0 di coltivare cibo e le risorse che vi serviranno per conservare la civilt\u00e0.<\/p>\n<p>E\u2019 gravissimo. E\u2019 spaventoso ma la gente dorme, sogna, \u00e8 persa, apatica, ossessionata, preoccupata, distratta ed ascolta quello che le viene detto da dei leader che sanno poco pi\u00f9 di quello che sanno loro su ci\u00f2 che sta arrivando all\u2019orizzonte.<\/p>\n<p>Le persone per\u00f2 non possono essere completamente sciocche perch\u00e9 La Conoscenza dimora dentro di loro, e La Conoscenza sta mandando i segnali di allarme. E\u2019 per quello che la gente si sente apprensiva.<br \/>\nPer quello la gente si sente incerta sulla stabilit\u00e0 e sul futuro dell\u2019umanit\u00e0. Per quello la gente \u00e8 preoccupata.<\/p>\n<p>E\u2019 questa preoccupazione che fornisce l\u2019indizio del fatto che a qualche livello pi\u00f9 profondo state reagendo alle Grandi Onde del cambiamento che stanno arrivando al mondo ed alla trasformante posizione dell\u2019umanit\u00e0 nell\u2019universo.<\/p>\n<p>E\u2019 un indicatore di grande cambiamento. Voi non lo capite. Non lo potete definire ma siete qua per imparare a trattarlo perch\u00e9 \u00e8 il vostro destino.<\/p>\n<p>Da una posizione superiore, la posizione della Creazione, il destino \u00e8 tutto. Non \u00e8 per\u00f2 un destino che avete creato voi. E\u2019 il destino che Dio vi ha dato. E\u2019 il motivo perch\u00e9 siete qua.<br \/>\nE\u2019 il motivo perch\u00e9 la vostra personalit\u00e0 \u00e8 stata modellata per essere com\u2019\u00e8. E\u2019 perfetta per la vostra vera vocazione nella vita, una vocazione che probabilmente non avete ancora trovato.<\/p>\n<p>Questo \u00e8 il destino. Questo esiste oltre la sfera dell\u2019intelletto. Oltre la sfera della filosofia, della teologia e dell\u2019ideologia, oltre la preferenza, oltre la paura, oltre la confusione, oltre la certezza umana \u2013 la pretesa umana di certezza \u2013 oltre le convinzioni religiose, oltre le posizioni politiche, oltre le teorie economiche c\u2019\u00e8 il destino.<\/p>\n<p>La vostra mente non capir\u00e0, ma ad un livello pi\u00f9 profondo inizierete a reagire, perch\u00e9 ad un livello pi\u00f9 profondo siete connessi con il destino.<\/p>\n<p>Siete destinati a conoscere certe persone, se saprete esserci all\u2019appuntamento, se non scivolerete via lungo la strada verso il vostro grande reciproco impegno.<\/p>\n<p>E\u2019 destino che dovrete affrontare il nuovo mondo e le realt\u00e0 della Comunit\u00e0 Pi\u00f9 Grande che Dio vi riveler\u00e0 attraverso la Nuova Rivelazione.<\/p>\n<p>E\u2019 destino che stiate sentendo queste parole. E\u2019 il destino che ha portato a voi il Nuovo Messaggio ed ha portato voi al Nuovo Messaggio.<\/p>\n<p>Alla fine capirete molte di queste cose, ma al momento si tratta di dare maggiore fede al fatto che il potere della Conoscenza vive dentro di voi, che \u00e8 puro ed \u00e8 la creazione di Dio.<\/p>\n<p>Sar\u00e0 l\u2019umilt\u00e0 ed il discernimento che portate, che vi consentir\u00e0 di capire la differenza tra la Conoscenza e le vostre convinzioni, le vostre paure, le vostre ambizioni e le convinzioni, le paure e le ambizioni degli altri.<\/p>\n<p>E\u2019 qua che diventate abili. E\u2019 qua che diventate discernenti. E\u2019 qua che non siete come un bambino che deve essere condotto e guidato, ignaro, perch\u00e9 ci\u00f2 non sar\u00e0 adatto al nuovo mondo.<\/p>\n<p>L\u2019umanit\u00e0 deve crescere. I suoi cittadini devono diventare consapevoli ed vigili, preparati e rinforzati. Lasciate che i bambini siano bambini, ma come adulti, dovete acquisire questo punto di vista superiore ed assumervi maggiori responsabilit\u00e0.<\/p>\n<p>Questi non sono i tempi antichi. Non vi viene chiesto di essere come pecore. Vi viene chiesto di elevarvi per quest\u2019occasione, di intraprendere i <em>Passi verso La Conoscenza<\/em> e di consentire alla Conoscenza di rimodellare la vostra vita e di rivelarvi il vostro destino pi\u00f9 grande.<\/p>\n<p>Questo \u00e8 il Volere del Cielo, e questo deve ora diventare l\u2019intento dell\u2019umanit\u00e0.<\/p>\n<p>&nbsp;<\/p>\n","protected":false},"excerpt":{"rendered":"<p>\u00a0 Il Nuovo Messaggio \u00e8 qua per indirizzare l\u2019umanit\u00e0 e per preservare la civilt\u00e0 umana. E\u2019 la risposta ad innumerevoli preghiere per il progresso dell\u2019individuo e per apportare maggiore cooperazione, forza e creativit\u00e0 alla famiglia umana in questo momento di massimo bisogno e tribolazione. E\u2019 talmente grande che la gente non lo pu\u00f2 neanche afferrare,\u2026 <a class=\"read-more\" href=\"https:\/\/www.v6.newmessage.org\/it\/about-recording-shortcode\"><span>Read More<\/span><\/a><\/p>\n","protected":false},"author":22,"featured_media":0,"parent":29172,"menu_order":2,"comment_status":"closed","ping_status":"closed","template":"template-leftsidebar.php","meta":{"_monsterinsights_skip_tracking":false,"_monsterinsights_sitenote_active":false,"_monsterinsights_sitenote_note":"","_monsterinsights_sitenote_category":0,"footnotes":""},"categories":[76,1136,460],"tags":[749,740,745,750,890,743,748,741,746,744,747,742],"_links":{"self":[{"href":"https:\/\/www.v6.newmessage.org\/it\/wp-json\/wp\/v2\/pages\/27432"}],"collection":[{"href":"https:\/\/www.v6.newmessage.org\/it\/wp-json\/wp\/v2\/pages"}],"about":[{"href":"https:\/\/www.v6.newmessage.org\/it\/wp-json\/wp\/v2\/types\/page"}],"author":[{"embeddable":true,"href":"https:\/\/www.v6.newmessage.org\/it\/wp-json\/wp\/v2\/users\/22"}],"replies":[{"embeddable":true,"href":"https:\/\/www.v6.newmessage.org\/it\/wp-json\/wp\/v2\/comments?post=27432"}],"version-history":[{"count":5,"href":"https:\/\/www.v6.newmessage.org\/it\/wp-json\/wp\/v2\/pages\/27432\/revisions"}],"predecessor-version":[{"id":28394,"href":"https:\/\/www.v6.newmessage.org\/it\/wp-json\/wp\/v2\/pages\/27432\/revisions\/28394"}],"up":[{"embeddable":true,"href":"https:\/\/www.v6.newmessage.org\/it\/wp-json\/wp\/v2\/pages\/29172"}],"wp:attachment":[{"href":"https:\/\/www.v6.newmessage.org\/it\/wp-json\/wp\/v2\/media?parent=27432"}],"wp:term":[{"taxonomy":"category","embeddable":true,"href":"https:\/\/www.v6.newmessage.org\/it\/wp-json\/wp\/v2\/categories?post=27432"},{"taxonomy":"post_tag","embeddable":true,"href":"https:\/\/www.v6.newmessage.org\/it\/wp-json\/wp\/v2\/tags?post=27432"}],"curies":[{"name":"wp","href":"https:\/\/api.w.org\/{rel}","templated":true}]}}