{"id":27420,"date":"2016-07-25T20:57:11","date_gmt":"2016-07-25T20:57:11","guid":{"rendered":"http:\/\/www.newmessage.org\/italian\/?page_id=27420"},"modified":"2018-02-06T03:28:30","modified_gmt":"2018-02-06T03:28:30","slug":"segreti-del-cielo-introduzione","status":"publish","type":"page","link":"https:\/\/www.v6.newmessage.org\/it\/il-messaggio\/volume-6\/segreti-del-cielo\/segreti-del-cielo-introduzione","title":{"rendered":"Segreti del Cielo &#8211; Una Parola dall&#8217;Editore"},"content":{"rendered":"<p>La New Knowledge Library (Biblioteca della Nuova Conoscenza) \u00e8 focalizzata sul connettere la spiritualit\u00e0 con il mondo reale \u2013 dopo il crash economico del 2008 e con la crescente instabilit\u00e0 dell\u2019ambiente, delle risorse e delle economie, i lettori del genere New Age sono obbligati a pensare al loro lavoro e al loro scopo spirituale nell\u2019ambito di un contesto di un inesorabile \u201cmondo reale\u201d. Per i giovani, \u00e8 particolarmente importante che, spiritualmente, \u201cla gomma incontri l\u2019asfalto\u201d, conducendoli a decisioni di vita cruciali, intorno al lavoro, i soldi, le relazioni e la contribuzione nel mondo. Molti stanno domandando, \u201cCome potr\u00e0 la spiritualit\u00e0 aiutarmi a creare una via per me stesso nel mondo?\u201d Noi riteniamo che questo sia corretto per quanto riguarda quello per cui la spiritualit\u00e0 serve veramente, che \u00e8 equipaggiare l\u2019individuo al fine di essere un significativo, concreto e positivo contributore per il mondo.<\/p>\n<p>La spiritualit\u00e0 deve essere una parte cruciale e importante del pionierismo per un nuovo futuro \u2013 ora che i lettori si trovano di fronte a un insieme convergente di tendenze globali, che includono: un clima in mutazione, il profilarsi di una recessione economica, la Primavera Araba e altre tendenze pericolose che vanno dai GMO (organismi geneticamente modificati) alla corruzione societaria, si trovano ad affrontare la domanda: \u201ccome impareremo, io ed altri, a sopravvivere, prosperare e contribuire in tempi che cambiano?\u201d Una parte del valore della spiritualit\u00e0 \u00e8 di rendere possibile questa contribuzione. Con 7.2 miliardi di persone nel mondo, sta diventando chiaro che siamo in \u201catterraggio lungo\u201d (abbiamo superato i limiti) come comunit\u00e0 umana. Chi saranno i pionieri del nuovo futuro? Chi condurr\u00e0 e rafforzer\u00e0 gli altri affinch\u00e9 essi conducano? Chi insegner\u00e0 agli altri a prendere decisioni sagge, a rimanere fondati in quello che essi sanno pi\u00f9 profondamente e agire al di l\u00e0 del proprio razionale interesse, al fine di supportare i bisogni pi\u00f9 grandi dell\u2019umanit\u00e0, a fare i sacrifici e dare l\u2019ispirata contribuzione necessaria per questo, a intraprendere una pratica spirituale con lo scopo di \u201cfare s\u00ec che le cose vengano fatte\u201d?<\/p>\n<p>La pratica spirituale \u00e8 per metterci in grado di essere nel mondo \u2013 applicare gli spunti e l\u2019ispirazione del pensiero spirituale al mondo reale del conflitto, dell\u2019instabilit\u00e0 economica, della tensione religiosa e di un clima in mutamento. Come potr\u00e0 lo spirituale non solo far fronte, ma servire e impegnarsi nel creare una via per l\u2019umanit\u00e0 in un mondo sempre pi\u00f9 caotico? La pratica spirituale \u00e8 per prepararci ad essere nel mondo in un modo nuovo.<\/p>\n<p>Essere desti significa abbracciare un Universo Pi\u00f9 Grande \u2013 Recenti scoperte da parte di missioni scientifiche come la Kepler, insieme a teorie in via di sviluppo da parte della fisica di frontiera, stanno portando molti a chiedersi: siamo soli? Ora sappiamo che ci sono molti mondi simili alla Terra. Sono essi popolati da civilt\u00e0 intelligenti? La filosofia della New Age e la religione si stanno ora miscelando con temi anticonvenzionali come gli UFO, le \u2018abduction\u2019 e gli \u2018star children\u2019. Le persone sono ansiose di sapere: quale \u00e8 la connessione spirituale con la vita nell\u2019universo?<\/p>\n<p><strong><em>Le persone sono ansiose di sapere: quale \u00e8 la connessione spirituale con la vita nell\u2019universo?<\/em><\/strong><\/p>\n<p>Marshall Vian Summers svela il Nuovo Dio \u2013 il Nuovo Dio non \u00e8 un personaggio, non \u00e8 di una trib\u00f9, non \u00e8 un giudice, non \u00e8 una proiezione di una personalit\u00e0 umana, ma un Dio di un universo di vita intelligente, un Dio non vincolato a una particolare nazione o religione, un Dio che nessuno possiede.<\/p>\n<p>Spiritualit\u00e0 deve condurre ad azione \u2013 la spiritualit\u00e0 \u00e8 designata a renderci pi\u00f9 capaci, fondati, amorevoli e limpidi nel mondo reale. Sta succedendo ci\u00f2? Molti consumatori della New Age sono non-coinvolti nel mondo reale, nei suoi dilemmi, nella sue difficolt\u00e0 e crisi crescenti. Il mondo reale \u00e8 dove la spiritualit\u00e0 diventa viva. Cos\u00ec come qualsiasi apprendimento, se non ci mettiamo in situazioni scomode, non cresciamo. Questo ritorna alla dimostrazione dei leader dei movimenti sociali che sono stati i pionieri di enorme cambiamento\u2014Ghandi, M.L. King, Mandela, Madre Teresa. Questa \u00e8 spiritualit\u00e0 in azione.<\/p>\n<p>Bisogna fare il lavoro \u2013 \u201cVa bene essere ispirati in un seminario del fine-settimana, o leggere libri sul potere dell\u2019adesso. Ma dopo? Come si va veramente da un vecchio stato d\u2019animo e consapevolezza, a uno nuovo? Bisogna intraprendere il viaggio dello sviluppo e bisogna fare il lavoro. Questo significa prendersi la responsabilit\u00e0 per i quattro principali pilastri della propria vita: Salute, Relazioni, Lavoro e Sviluppo Spirituale. Se non si fa il lavoro, si scavano molti piccoli pozzi ma non si trova mai l\u2019acqua.\u201d &#8211; Marshall Vian Summers<\/p>\n<p>Dobbiamo consentire che ci sia complessit\u00e0 nell\u2019universo \u2013 la spiritualit\u00e0 non pu\u00f2 essere la cura per tutta l\u2019incertezza umana. La verit\u00e0 \u00e8 che non sappiamo perch\u00e9 molte cose succedono. Le guerre irrompono, le economie falliscono, bambini muoiono, le imprese vanno a pancia all\u2019aria. L\u2019universo \u00e8 pieno di buchi neri ed \u00e8 pi\u00f9 grandioso di quanto la materia fisica possa dar conto. Il pubblico generale sta prendendo atto e rispettando questa complessit\u00e0 e sta cercando nuovi sistemi di pensiero che lo guidi non come dei credenti, ma come significativi investigatori, esploratori e partecipanti. Dobbiamo onorare la complessit\u00e0, l\u2019imprevedibilit\u00e0 e il caso e andare al di l\u00e0 del dogmatico, dei sistemi di pensiero \u201csuperiori\u201d dove le grandi domande ricevono risposte e tutte le equazioni sono risolte. Noi viviamo in un mondo che pu\u00f2 cambiare in un momento e dobbiamo onorare il fatto che non siamo \u201cin controllo\u201d delle sorti universali. In questo modo, la nostra spiritualit\u00e0 diventa umile, pratica e direttamente applicabile all\u2019atto di fare contribuzioni reali sul suolo, nel nostro tempo.<\/p>\n<p><strong><em>Esiste un numero di nozioni superate, nella New Age, che non sono pi\u00f9 cos\u00ec rilevanti e potenti per il genuino ricercatore di oggi.<\/em><\/strong><\/p>\n<p>Ognuno \u00e8 dove ha bisogno di essere \u2013 le persone stanno soffrendo perch\u00e9 non sono dove hanno bisogno di essere, non stanno facendo quello che hanno bisogno di fare, non stanno vivendo la vita che sanno che devono vivere. Anzich\u00e9 cercare di rendere tutto buono, lasciamo che le cose siano dove veramente sono e lasciamo che sia quello il nostro punto di partenza. Questa \u00e8 onest\u00e0 in fede. Questo \u00e8 vedere come il bodhisattva e ricevere la nostra chiamata spirituale per servire altri esseri, l\u00e0 dove essi sono.<\/p>\n<p>Le Anime Gemelle hanno bisogno di stare su terreno solido \u2013 vere relazioni dipendono da qualcosa di pi\u00f9 di un\u2019identificazione spirituale. Compatibilit\u00e0 personale, lavoro condiviso e chiamata spirituale sono anch\u2019esse cruciali per le relazioni di successo. In definitiva, la domanda \u00e8: che cosa potete fare insieme nel mondo? Cercate il vostro scopo prima di tutto e le relazioni misteriosamente e miracolosamente entreranno nella vostra vita per aiutarvi a compiere tale scopo. Vi potete unire con la vostra anima gemella solo se state sulla terraferma.<\/p>\n<p>Interminabile ritiro spirituale \u2013 quale \u00e8 lo scopo dell\u2019interminabile ritiro spirituale \u2013 rimuovere te stesso al fine di crogiolarti nell\u2019ispirazione e nella gloria del momento \u2013 quando il resto della tua vita sta sprofondando e le opportunit\u00e0 del mondo reale ti passano via? Il ringiovanimento spirituale \u00e8 un elemento critico nel servire gli altri, approvvigionare il fornitore e carburare il suo ispirato servizio. Per\u00f2, se fatto fine se stesso, non ci porter\u00e0 allo Spirito, perch\u00e9 lo Spirito \u00e8 focalizzato sul portarci nel mondo per servire gli altri.<\/p>\n<p>Ascensione\u00a0\u2013 \u00e8 ora di mettere da parte la fissazione di trovare una via d\u2019uscita dal mondo reale e, invece, cercare un modo nuovo e ben fondato di essere nel mondo.<\/p>\n<p>Stile di vita spirituale \u2013 \u00e8 tempo di andare al di l\u00e0 dell\u2019atto di accessoriare uno stile di vita culturale e creativo con banalit\u00e0 spirituali, oggetti e comportamenti e diventare veri circa la nostra partecipazione con gli altri. La spiritualit\u00e0 non consiste nell\u2019avere un bell\u2019aspetto. La spiritualit\u00e0 consiste nel fare del bene, attingendo al potere dello Spirito per carburare quel buon servizio verso nuove vette.<\/p>\n<p><strong><em>La spiritualit\u00e0 consiste nel fare del bene, attingendo al potere dello Spirito per carburare quel buon servizio verso nuove vette.<\/em><\/strong><\/p>\n<p>Vivere per il momento \u2013 non \u00e8 sufficiente vivere nel momento. Vi dovete preparare per il futuro. Questo \u00e8 usare il dono dell\u2019intelligenza per assicurare il vostro posto nel mondo e nell\u2019universo, fornendo una stabile fondazione per la contribuzione spirituale.<\/p>\n<p>L\u2019illuminazione attraverso l\u2019Auto-Consapevolezza \u2013 non \u00e8 sufficiente \u201cconoscere se stessi\u201d e guardare solo interiormente. Alcuni principali pezzi del puzzle della vostra vita sono l\u00e0 fuori nel mondo. Non vi \u00e8 alcun ritorno individuale a Dio o ascesa individuale verso l\u2019illuminazione perch\u00e9 tutto lo sviluppo spirituale \u00e8 il ritorno alla vera relazione e inclusione nella vita. La spiritualit\u00e0 vi d\u00e0 la forza per unirvi. In <em>Segreti del Cielo<\/em>, impariamo che quando si ritorna a Dio, Dio chiede di aiutare gli altri a fare la stessa cosa. \u00c8 <em>il loro<\/em> ritorno a Dio che determina il vostro conseguimento nella vita, non solo quello vostro.<\/p>\n<p>Illuminazione e Trascendenza \u2013 anzich\u00e9 trovare una via d\u2019uscita dal mondo, trovate la vostra via del ritorno nel mondo, impegnandovi in una chiamata che ha lo scopo di servire la famiglia umana. La vostra ascensione \u00e8 attraverso il servizio. Gandhi, King, Teresa e gli altri ci hanno insegnato la vera novella del mondo della auto-scoperta attraverso il servizio. Anche il Buddha, dopo la sua illuminazione, dovette insegnare e servire per 40 anni.<\/p>\n<p><strong><em>Molti concetti New Age possono aver servito da iniziazione per quelli che si stavano svegliando a una realt\u00e0 pi\u00f9 grande, ma a un certo punto \u00e8 necessaria una maturazione dove perdiamo il nostro idealismo e il pensiero magico:<\/em><\/strong><\/p>\n<p>Previdenza spirituale \u2013 credere nella magia, miracoli e angeli che vi guidano in tutte le cose, \u00e8 una cosa che deve essere sostituita con la responsabilit\u00e0 sia per la vostra vita terrena che per quella spirituale. Il Cielo guarda verso coloro che sono in grado di costruire la propria vita olistica \u2013 fisica, mentale e spirituale.<\/p>\n<p>Ogni cosa serve un ordine divino \u2013 dobbiamo renderci conto che il caos \u00e8 parte della vita. Dobbiamo imparare a gestirlo mentre coltiviamo la nostra connessione spirituale e un cuore equilibrato.<\/p>\n<p>Creare la propria realt\u00e0 \u2013 credere di poter creare la propria realt\u00e0 vi pu\u00f2 condurre a un divorzio dalla realt\u00e0 intorno a voi. Dobbiamo invece consentire allo Spirito dentro di noi di creare la realt\u00e0 con noi in qualit\u00e0 di fedeli veicoli dell\u2019espressione. Senza questo concedersi e questo approccio aperto, saremo portati a creare una realt\u00e0 costruita intorno alle nostre paure, fantasie e convinzioni precedenti.<\/p>\n<p>Segui la tua estasi \u2013 in verit\u00e0, l\u2019avversit\u00e0 ci fa imparare, crescere e adattare. Senza la difficolt\u00e0, le persone si stagnano e non trovano mai la loro vera forza e le proprie capacit\u00e0. Un\u2019enfasi sul \u201cconosci te stesso\u201d \u00e8 discutibile se si evitano le bastonanti circostanze che porteranno in risalto le vostre pi\u00f9 profonde forze e qualit\u00e0. \u201cSegui la tua estasi\u201d e \u201ccrea la tua realt\u00e0\u201d sono diventate una moderna versione della religione di auto-arricchimento, il pensare che a prescindere dal movimento del mondo, puoi avere quello che personalmente vuoi. Ma allora che ne \u00e8 del resto del mondo?<\/p>\n<p>Venerazione del guru \u2013 le persone non crescono spiritualmente nella presenza dei maestri, ma andando l\u00e0 fuori nel mondo e diventando fondati, focalizzati ed efficaci qua. Seguire i maestri, venerare degli avatar, la clausura, rimuovere se stessi, fuggire, ritirarsi, meditare interminabilmente\u2014questo porta le persone via dalla prima linea del mondo reale dove l\u2019opportunit\u00e0 di realizzazione spirituale e azione ispirata aspetta l\u2019individuo.<\/p>\n<p>La religione del mosaico eclettico \u2013 quando rattoppiamo insieme un percorso spirituale [pescando] da molte differenti tradizioni, lo facciamo guidati dalle nostre preferenze personali, paure ed ansie. Seguire \u201cil mio percorso\u201d ci mantiene intrappolati nei circuiti roteanti dell\u2019io, del desiderio e dell\u2019atteggiamento. Se, dopo dieci anni di studio spirituale, state ancora lottando contro le stesse difficolt\u00e0 interiori, questo potrebbe essere un segnale del fatto che avete bisogno di intraprendere un percorso che non sia di vostra fabbricazione.<\/p>\n<p>La spiritualit\u00e0 dell\u2019arricchirsi in fretta \u2013 vi \u00e8 un genere di <em>spiritualit\u00e0 dell\u2019arricchirsi in fretta<\/em> che dice che potete essere, fare e avere qualsiasi cosa che volete. Che sarete radiosi, famosi e amati da tutti se siete in grado di attingere dal pozzo dell\u2019essenza. In verit\u00e0, il reale scopo spirituale pu\u00f2 avere un aspetto molto differente. Al posto di promettere abbondante ricchezza e esperienza romantica, <em>Segreti del Cielo<\/em> offre guida e saggezza senza tempo, offre connessione alla vita e originale impegno con il Divino.<\/p>\n<p>Spiritualit\u00e0 civica \u2013 coloro che si sono sviluppati spiritualmente dovrebbero essere tra i migliori, capaci di condurre e fare pionierismo in un nuovo mondo di sfide pi\u00f9 grandi. Lavoriamo per convertire la nostra pratica spirituale in leadership e potenziamento. Spiritualit\u00e0 per azione sociale \u00e8 enormemente necessaria nelle molte faccende che oggi sono polarizzanti. Il diritto religioso ha una forte piattaforma di fede per il proprio lavoro di apostolicit\u00e0. Ce l\u2019hanno, le persone della New Age\/Nuovo Pensiero\/Comunit\u00e0 Progressiva, una equivalente piattaforma di fede che \u00e8 forte abbastanza da sorreggerli in un mondo sempre pi\u00f9 polarizzato?<\/p>\n<p>La Rivoluzione del Sapere Interiore \u2013 noi riteniamo che ogni persona pu\u00f2 \u201cSapere\u201d e noi chiamiamo questa abilit\u00e0 \u201cSapere Interiore\u201d. Le persone spesso si riferiscono a ci\u00f2 parlando di intuizione, percezione \u201cdi pelle\u201d o anche semplicemente \u201cuna sensazione\u201d, ma noi riteniamo che sia qualcosa di molto pi\u00f9 grande e pi\u00f9 potente, che pu\u00f2 servire il mondo in modi notevoli. Vi \u00e8 una pi\u00f9 profonda mente spirituale nel centro di ognuno e ogni persona, a prescindere dalla sua fede, pu\u00f2 ottenere accesso ad essa con notevole effetto sulla propria vita, famiglia e comunit\u00e0. Tramite La Conoscenza e la sua espressione attraverso l\u2019individuo, vi \u00e8 una nuova speranza per il mondo.<\/p>\n<p>Relazioni di Scopo Superiore \u2013 al posto di relazioni idealizzate con nulla da fare, nessun luogo dove andare e nessuna vera fondazione per servizio e azione nel mondo, portiamo le relazioni nel contesto dello scopo. Che cosa possiamo fare insieme e dove possiamo andare in questa vita?<\/p>\n<p>Onest\u00e0 \u2013 vi \u00e8 una sete di spiritualit\u00e0 al di l\u00e0 delle usuali banalit\u00e0 e luoghi comuni. In un mondo storpiato dalla povert\u00e0, dalla violenza, e dalla distruzione ambientale, il \u201cva tutto bene\u201d e il \u201ccreate la vostra desiderata realt\u00e0\u201d incominciano a risuonare falsi dopo tutti questi anni.<\/p>\n<p>Pratica Spirituale l\u00e0 fuori, nella vita \u2013 che cosa succede quando si prova effettivamente a vivere le idee ispiratrici della New Age nel rumoroso, indaffarato, pazzo mondo? Funziona? Di quali arnesi si ha bisogno? Che cosa succede quando portate la vostra ispirazione spirituale nel mondo reale? Ora, quella \u00e8 una cosa esilarante! La Biblioteca della Nuova Conoscenza sta lavorando per inspirare questo grande \u201cesperimento spirituale\u201d nel mondo.<\/p>\n<p>La Spiritualit\u00e0 per prendere decisioni \u2013 in un mondo turbolento, come possiamo prendere decisioni sagge, vivere l\u2019esperienza di amore genuino, gratitudine e gioia, mentre affrontiamo le sfide del nostro tempo con occhi limpidi e contribuiamo alla famiglia umana con i nostri doni?<\/p>\n<p><strong><em>In un mondo turbolento, come possiamo prendere decisioni sagge, vivere l\u2019esperienza di amore genuino, gratitudine e gioia, mentre affrontiamo le sfide del nostro tempo con occhi limpidi e contribuiamo alla famiglia umana con i nostri doni?<\/em><\/strong><\/p>\n<p>La Spiritualit\u00e0 della Comunit\u00e0 Pi\u00f9 Grande \u2013 questa \u00e8 una spiritualit\u00e0 costruita sull\u2019esperienza traducibile della \u201cConoscenza\u201d, il momento originale della consapevolezza spirituale, che pu\u00f2 essere vissuta e condivisa da tutta la gente del mondo e da tutta la vita intelligente nell\u2019universo. Con pi\u00f9 persone che abbracciano questo nuovo approccio all\u2019unit\u00e0 spirituale, avremo la base per costruire unit\u00e0 pratica nel mondo. Se le persone si identificano ancora come membri di una trib\u00f9 scelta, una religione superiore o una vetta intellettuale, allora il potenziale per unit\u00e0, giustizia, pace e evoluzione \u00e8 tarpato.<\/p>\n<p>Ci siamo estesi al di l\u00e0 delle pareti della classica New Age e Nuovo Pensiero per raggiungere una nuova generazione di gente giovane che non si identifica con la New Age e anche per raggiungere gente a livello mondiale che rimane salda nell\u2019ambito della propria tradizione dell\u2019Islam, della Cristianit\u00e0 o del Buddismo, mentre cerca ispirazione e spunti freschi. Il nostro pubblico \u00e8 ora pienamente globale, con traduzioni del Nuovo Messaggio in 16 lingue, con webcast (trasmissioni via web) mensili a centinaia intorno al globo e eventi di comunit\u00e0 in 8 paesi nel 2012. Utilizziamo strumenti come meetup.com, facebook, reddit, google+ per unificare i nostri lettori e mobilitare il cambiamento nel mondo.<\/p>\n<p>I libri precedenti di Marshall Vian Summers hanno attratto molti lettori provenienti dalla cultura del New Age ma i suoi lavori pi\u00f9 nuovi,\u00a0<em>La Vita nell\u2019Universo<\/em>, i <em>Segreti del Cielo<\/em> di questo autunno e <em>Il Nuovo Dio<\/em>, del 2014, stanno trovando pi\u00f9 giovani lettori, provenienti sia da ambienti laici che da quelli religiosi. I giovani sembrano avere sete di una pi\u00f9 profonda verit\u00e0 che li possa guidare a trovare il loro destino in tempi tormentati, cos\u00ec come una visione del futuro che sia ispiratrice e perseguibile.<\/p>\n<p>I giovani oggi non stanno di fronte a un mondo di infinite promesse e possibilit\u00e0. Invece, loro affrontano debiti accademici, alta disoccupazione e forse anche tempi pi\u00f9 duri all\u2019orizzonte. Come faranno a farcela? Cosa li render\u00e0 forti? Noi riteniamo che La Conoscenza dentro di essi li far\u00e0 forti e li guider\u00e0 verso la loro chiamata nella vita, se sono in grado di intraprendere i \u201cPassi verso La Conoscenza\u201d. Quello \u00e8 il nostro messaggio ed ora \u00e8 in risonanza con un crescente pubblico, che condividiamo i <em>Segreti del Cielo<\/em> e le altre nostre pubblicazioni.<\/p>\n<p><strong>Questo \u00e8 un movimento <\/strong><strong>veramente<\/strong><strong> non-settario. Noi stiamo trovando che molte persone sono molto spiritualmente orientate ma incapaci di aggrapparsi a religioni che sposano convinzioni puerili.<\/strong><\/p>\n<p>[Il nostro impegno:]<\/p>\n<p>Pubblicare a persone che si sentono scomode, che hanno un senso di destino, che sanno che devono andare da qualche parte e trovare la loro gente, il loro luogo e scopo.<\/p>\n<p>Fornire gli strumenti e un percorso alla gente intorno al mondo, di qualsiasi tradizione \u2013 non solo all\u2019America benestante\/liberale.<\/p>\n<p>Fomentare una rivoluzione senza leader: non centrata su dei guru, saccenti, o leader carismatici. I demagoghi emergeranno nei tempi duri se la gente non svilupper\u00e0 il proprio auto-conoscere. \u00c8 tempo che questo abbia inizio, nel cuore di milioni.<\/p>\n<p>Introdurre la soglia dell\u2019Ambiente Mentale \u2014 influenza nella mente, influenza mentale di massa, manipolazione e [dall\u2019altra parte] libert\u00e0.<\/p>\n<p>Il nostro pubblico sta crescendo fino a includere molte persone che stanno vivendo una delusione verso il mondo, ansia circa il futuro, un senso di enorme cambiamento che incombe, un\u2019ansia indefinita e diffusa, disagio e profonda incertezza circa il futuro.<\/p>\n<p><strong>Gli interessi dei nostri lettori si stanno evolvendo fino a includere:<\/strong><\/p>\n<p>Cercare un approccio spirituale che sia pi\u00f9 parte del mondo reale e pi\u00f9 fondato.<\/p>\n<p>Disappunto verso gli alti ideali pubblicati e presentati negli anni recenti:<\/p>\n<ul>\n<li>Cosa succede se la <em>Legge dell\u2019Attrazione<\/em> non attrae?<\/li>\n<li>Cosa succede quando la realt\u00e0 che sto cercando di creare viene schiacciata dei cambiamenti che stanno avendo luogo nel mondo intorno a me?<\/li>\n<\/ul>\n<p>Le possibilit\u00e0 di contatto ET e le sue implicazioni spirituali e terrene: avanzamenti nelle teorie scientifiche, scoperta di mondi simili alla Terra. Quale \u00e8 la connessione spirituale? \u00c8 prosaico il contatto, o ha un significato e un\u2019implicazione spirituale per la mia vita?<\/p>\n<p>Il bisogno di un percorso di apprendimento e sviluppo spirituale, di sapere interiore e saggezza nelle decisioni di lavoro, soldi e relazioni.<\/p>\n<p>Noi troviamo che molti nel nostro pubblico stanno vivendo una transizione di enfasi: non cercano pi\u00f9 la felicit\u00e0 personale e l\u2019arricchimento, ma piuttosto un coinvolgimento significativo, una relazione significativa e uno scopo impegnato nel mondo. Le persone stanno trattando con un futuro reale che grava sul presente.<\/p>\n<p>Siamo al di l\u00e0 della New Age ora, nel 21esimo secolo. Siamo nella \u201cera della transizione\u201d, andando da un vecchio mondo di abbondanza, avidit\u00e0 e arricchimento personale a un nuovo mondo di risorse in diminuzione, distruzione ambientale, servizio unito, relazioni di scopo superiore e contatto con un universo di vita intelligente.<\/p>\n","protected":false},"excerpt":{"rendered":"<p>La New Knowledge Library (Biblioteca della Nuova Conoscenza) \u00e8 focalizzata sul connettere la spiritualit\u00e0 con il mondo reale \u2013 dopo il crash economico del 2008 e con la crescente instabilit\u00e0 dell\u2019ambiente, delle risorse e delle economie, i lettori del genere New Age sono obbligati a pensare al loro lavoro e al loro scopo spirituale nell\u2019ambito\u2026 <a class=\"read-more\" href=\"https:\/\/www.v6.newmessage.org\/it\/il-messaggio\/volume-6\/segreti-del-cielo\/segreti-del-cielo-introduzione\"><span>Read More<\/span><\/a><\/p>\n","protected":false},"author":22,"featured_media":0,"parent":13075,"menu_order":1,"comment_status":"closed","ping_status":"closed","template":"template-leftsidebar.php","meta":{"_monsterinsights_skip_tracking":false,"_monsterinsights_sitenote_active":false,"_monsterinsights_sitenote_note":"","_monsterinsights_sitenote_category":0,"footnotes":""},"categories":[76,77,499],"tags":[749,740,745,750,743,748,741,746,744,864,599,747,742],"_links":{"self":[{"href":"https:\/\/www.v6.newmessage.org\/it\/wp-json\/wp\/v2\/pages\/27420"}],"collection":[{"href":"https:\/\/www.v6.newmessage.org\/it\/wp-json\/wp\/v2\/pages"}],"about":[{"href":"https:\/\/www.v6.newmessage.org\/it\/wp-json\/wp\/v2\/types\/page"}],"author":[{"embeddable":true,"href":"https:\/\/www.v6.newmessage.org\/it\/wp-json\/wp\/v2\/users\/22"}],"replies":[{"embeddable":true,"href":"https:\/\/www.v6.newmessage.org\/it\/wp-json\/wp\/v2\/comments?post=27420"}],"version-history":[{"count":2,"href":"https:\/\/www.v6.newmessage.org\/it\/wp-json\/wp\/v2\/pages\/27420\/revisions"}],"predecessor-version":[{"id":27576,"href":"https:\/\/www.v6.newmessage.org\/it\/wp-json\/wp\/v2\/pages\/27420\/revisions\/27576"}],"up":[{"embeddable":true,"href":"https:\/\/www.v6.newmessage.org\/it\/wp-json\/wp\/v2\/pages\/13075"}],"wp:attachment":[{"href":"https:\/\/www.v6.newmessage.org\/it\/wp-json\/wp\/v2\/media?parent=27420"}],"wp:term":[{"taxonomy":"category","embeddable":true,"href":"https:\/\/www.v6.newmessage.org\/it\/wp-json\/wp\/v2\/categories?post=27420"},{"taxonomy":"post_tag","embeddable":true,"href":"https:\/\/www.v6.newmessage.org\/it\/wp-json\/wp\/v2\/tags?post=27420"}],"curies":[{"name":"wp","href":"https:\/\/api.w.org\/{rel}","templated":true}]}}