{"id":27394,"date":"2016-07-22T12:10:45","date_gmt":"2016-07-22T12:10:45","guid":{"rendered":"http:\/\/www.newmessage.org\/italian\/?page_id=27394"},"modified":"2020-12-04T05:47:12","modified_gmt":"2020-12-04T05:47:12","slug":"introduzione","status":"publish","type":"page","link":"https:\/\/www.v6.newmessage.org\/it\/il-messaggio\/volume-3\/passi-verso-la-conoscenza\/introduzione","title":{"rendered":"Introduzione"},"content":{"rendered":"<p><em>Passi verso La Conoscenza<\/em> \u00e8 il Libro del Sapere Interiore. Il suo curriculum di studi della durata di un anno \u00e8 suddiviso in 365 \u201cpassi\u201d o lezioni ed \u00e8 studiato per consentire agli studenti di imparare a vivere l\u2019esperienza della loro Conoscenza del S\u00e9, o Potere Spirituale, e applicarla nel mondo. <em>Passi verso La Conoscenza<\/em> si propone di realizzare questo compito secondo il criterio del \u201cpasso per passo\u201d, durante il quale gli studenti vengono introdotti alle idee e alle pratiche essenziali che rendono possibile un simile impegno. La pratica quotidiana fornisce un solido fondamento esperienziale e sviluppa il pensiero, la percezione e l\u2019auto-motivazione necessari sia per il successo nel mondo sia per l\u2019avanzamento spirituale.<\/p>\n<p>&nbsp;<\/p>\n<p>COS\u2019\u00c8 LA CONOSCENZA?<\/p>\n<p><em>Passi verso La Conoscenza<\/em> descrive La Conoscenza nel seguente modo:<\/p>\n<p>\u201cLa Conoscenza rappresenta il tuo Vero S\u00e9, la tua Vera Mente e le tue vere relazioni nell\u2019universo. Possiede anche la tua chiamata superiore nel mondo e un perfetto utilizzo della tua natura, di tutte le tue abilit\u00e0 e dei tuoi talenti innati, anche dei tuoi limiti\u2014il tutto per essere donato al mondo per il bene.\u201d (PASSO 2)<\/p>\n<p>La Conoscenza \u00e8 la mente spirituale pi\u00f9 profonda che il Creatore ha dato ad ogni persona. \u00c8 la fonte di tutte le azioni, i contributi e le relazioni significative. \u00c8 il nostro sistema naturale di Guida Interiore. La sua realt\u00e0 \u00e8 misteriosa, ma la sua Presenza pu\u00f2 essere vissuta in modo diretto. La Conoscenza \u00e8 notevolmente saggia ed efficace nel guidare ogni persona a trovare le giuste relazioni, il giusto lavoro ed il giusto contributo. \u00c8 allo stesso modo efficace nel preparare le persone a riconoscere i pericoli e gli inganni che esistono lungo la via. \u00c8 la base per vedere, sapere ed agire con certezza e con forza. \u00c8 il fondamento della vita.<\/p>\n<p>&nbsp;<\/p>\n<p>A CHI \u00c8 DESTINATO PASSI VERSO LA CONOSCENZA?<\/p>\n<p><em>Passi verso La Conoscenza<\/em> \u00e8 stato dato come Via per coloro che sentono che una chiamata spirituale, ed uno scopo, stanno emergendo nelle loro vite, ma che hanno bisogno di un approccio nuovo per comprendere pienamente il loro significato. Generalmente queste persone hanno sentito questo richiamo per molto tempo. <em>Passi <\/em>fornisce un fondamento sulla base del quale possono iniziare a rispondere a questa chiamata. L\u2019unico prerequisito per entrare \u00e8 la determinazione a conoscere il proprio scopo, il proprio significato e la propria direzione.<\/p>\n<p>&nbsp;<\/p>\n<p>CHE COSA \u00c8 STATO PROGETTATO PER COMPIERE?<\/p>\n<p><em>Passi verso La Conoscenza<\/em> rappresenta un cammino verso Dio ed anche un cammino di contribuzione al mondo. Impegna lo studente nel dare una risposta a due domande fondamentali della vita: \u201cChi sono?\u201d e \u201cPerch\u00e9 sono qui?\u201d <em>Passi<\/em> affronta queste domande nell\u2019ambito del contesto di scopo, relazioni e comunit\u00e0. <em>Passi<\/em> enfatizza il fatto che tutti nel mondo stanno cercando questo e che questa ricerca sta alla base di tutti i desideri e di tutti gli sforzi considerati significativi in questo luogo. L\u2019esperienza di scopo, unione nelle relazioni e comunit\u00e0, d\u00e0 ad ogni persona il proprio senso di significato e di identit\u00e0 in un dato momento. <em>Passi<\/em> indica il fatto che queste necessit\u00e0 sono intrinseche in ognuno di noi e che ognuno ha portato con s\u00e9 la risposta a queste necessit\u00e0 dalla propria Antica Casa. Dunque dice che ogni persona, inconsciamente, porta dentro di s\u00e9 la propria realizzazione, interiormente, in se stessa, nell\u2019intimo della propria Conoscenza di S\u00e9.<\/p>\n<p>Attraverso la pratica e la rivelazione, <em>Passi verso La Conoscenza<\/em> fornisce agli studenti la struttura necessaria a trovare La Conoscenza, ad impegnarsi nella Conoscenza ed a seguire La Conoscenza in ogni situazione. In questo modo, iniziano a trovare la loro vera direzione nella vita. Studiare ogni giorno costruisce la capacit\u00e0 e la sicurezza ottenibili solo attraverso una costante auto-applicazione.<\/p>\n<p>La riconquista e l\u2019applicazione della Conoscenza di S\u00e9 \u00e8 lo scopo di questo libro di pratica spirituale e dei suoi insegnamenti. La priorit\u00e0 in ogni passo \u00e8 sviluppare allo stesso tempo la vita interiore ed esteriore di ogni studente, perch\u00e9 La Conoscenza (Auto-Realizzazione) e La Saggezza (Auto-Applicazione) devono emergere insieme. Ne consegue che attraverso lo studio e l\u2019applicazione della Via per La Conoscenza, lo studente sviluppa naturalmente pazienza, oggettivit\u00e0, intuito, tolleranza ed un costante senso di autostima.<\/p>\n<p>&nbsp;<\/p>\n<p>COME \u00c8 STATO DATO<\/p>\n<p><em>Passi verso La Conoscenza<\/em> fu rivelato all&#8217;insegnante Marshall Vian Summers nella primavera del 1989. Fu ricevuto nel corso di un periodo di quattordici giorni in stato di rivelazione. <em>Passi verso La Conoscenza<\/em> fu dato da un gruppo di maestri spirituali non visibili (ndr: gli \u201cUnseen Ones\u201d, letteralmente \u201cQuelli Non Visti\u201d) che si descrivono come i Maestri della Comunit\u00e0 Pi\u00f9 Grande. Il loro messaggio \u00e8 universale ma i loro metodi sono specifici per il nostro tempo e il nostro mondo.<\/p>\n<p>&nbsp;<\/p>\n<p>PERCH\u00c9 E STATO SCRITTO<\/p>\n<p>Il nostro mondo si trova sulla soglia della propria manifestazione in una Comunit\u00e0 Pi\u00f9 Grande di vita intelligente nell\u2019universo circostante. Pertanto, in questo momento sono necessarie una comprensione pi\u00f9 universale ed una visione pi\u00f9 universale delle relazioni, della spiritualit\u00e0 e dell\u2019avanzamento del genere umano. <em>Passi verso La Conoscenza<\/em> \u00e8 destinato a coloro che si mostrano promettenti di essere i principali contributori durante il prossimo grande periodo della storia dell\u2019umanit\u00e0, nel quale l\u2019umanit\u00e0 inizia ad incontrare altre razze intelligenti provenienti dalla Comunit\u00e0 Pi\u00f9 Grande. Questa \u00e8 la pi\u00f9 importante soglia da noi mai varcata. \u00c8 tuttavia evidente, da un punto di vista della Comunit\u00e0 Pi\u00f9 Grande, che l\u2019umanit\u00e0 non \u00e8 pronta. Questo ha creato le premesse per far ricevere al mondo una nuova comprensione e formazione spirituale, perch\u00e9 il Creatore non ci abbandonerebbe soli ed impreparati nell\u2019emergere in questa Comunit\u00e0 Pi\u00f9 Grande. Ne consegue che ci \u00e8 stata impartita una preparazione spirituale di un genere davvero unico, che pu\u00f2 consentire a uomini e donne di ottenere la potenza, la misericordia e le capacit\u00e0 necessarie al fine di servire un mondo in transizione. Per preparare questi individui a trovare il loro richiamo pi\u00f9 importante nella loro vita, <em>Passi verso La Conoscenza<\/em> e gli altri libri di questa serie sono stati forniti come guida e come risorsa.<\/p>\n<p>&nbsp;<\/p>\n<p>COME LAVORARE CON <em>P<\/em><em>ASSI<\/em><\/p>\n<p>Considerate, per favore, le seguenti raccomandazioni per poter ricevere il massimo beneficio dal vostro studio di <em>Passi verso La Conoscenza:<\/em><\/p>\n<ul>\n<li><em>Passi verso La Conoscenza<\/em> \u00e8 un programma di studio completo. Ogni passo ti porta pi\u00f9 in alto e pi\u00f9 vicino alla scoperta di te stesso. Preparati pertanto ad andare fino in fondo. Se non ti fermerai andrai avanti.<\/li>\n<li>Anche se <em>Passi verso La Conoscenza<\/em> \u00e8 un programma autodidattico, ti raccomandiamo di trovare altre persone con le quali condividere i tuoi esercizi e le tue esperienze. Questo massimizza la tua opportunit\u00e0 di apprendimento e fornisce una valida base per formare nuove relazioni.<\/li>\n<li>Segui i \u201cpassi\u201d in <em>Passi verso La Conoscenza<\/em> esattamente come ti vengono dati. Non alterare in alcun modo le pratiche. Questo \u00e8 molto importante. Puoi rimanere su una lezione per pi\u00f9 di un giorno se lo desideri, ma non fermarti troppo tempo su una lezione perch\u00e9 perderesti il ritmo del curriculum.<\/li>\n<li>Non saltare avanti o alterare la sequenza al fine di esercitarti con lezioni che trovi pi\u00f9 allettanti. Ogni lezione \u00e8 studiata per farti procedere un passo alla volta. Questo assicura un passaggio sicuro e di successo, nel tuo approccio alla Conoscenza. Segui e utilizza il passo del giorno. \u00c8 perfetto per quel giorno.<\/li>\n<li>Leggi le lezioni la mattina quando ti svegli e pi\u00f9 tardi nel corso della giornata. Puoi anche leggere le lezioni utilizzando la prima persona singolare, in una di queste occasioni, se desideri personalizzare il messaggio per te.<\/li>\n<li><em>Passi verso La Conoscenza<\/em> ti insegner\u00e0 a praticare ed a sviluppare abitudini di studio efficaci. Troverai alle volte che seguire le pratiche pu\u00f2 essere piuttosto impegnativo. Ricorda per\u00f2 che <em>Passi<\/em> svilupper\u00e0 la tua forza e la tua consapevolezza di te stesso attraverso i suoi esercizi. Tu sei in grado di fare questi esercizi, e farli armonizzer\u00e0 e trasformer\u00e0 la tua vita.<\/li>\n<li>Riserva del tempo per praticare regolarmente ogni giorno. Non permettere alle circostanze di dettare la tua disponibilit\u00e0 a praticare. La pratica \u00e8 essenziale per costruire un ambiente dove La Conoscenza pu\u00f2 emergere. I periodi di pratica sono indicati alla fine di ogni passo per assisterti nell\u2019integrare la pratica nella tua giornata.<\/li>\n<li>Mantenere un diario \u00e8 una prassi estremamente valida al fine di seguire il tuo progresso e vedere come ogni passo gioca il suo ruolo nel servirti ogni giorno. Il diario \u00e8 uno strumento potente per scoprire te stesso e ti assister\u00e0 nell\u2019applicazione dei passi. Mantenere un diario ti aiuter\u00e0 molto anche nell\u2019utilizzare gli esercizi di RIPASSO che si incontrano nel corso del curriculum.<\/li>\n<li>Sii paziente e consenti ai passi di lavorare per te. \u00c8 incredibilmente potente se segui la sequenza dei passi nel modo in cui viene impartita. Ci vuole tempo. Un grande viaggio \u00e8 fatto di molti piccoli passi. Ognuno di essi \u00e8 necessario.<\/li>\n<li>Se manchi un giorno, semplicemente ritorna ai tuoi esercizi. Non fartene una colpa (o non farne al programma). Devi solo continuare nei <em>Passi<\/em> per riceverne il pieno beneficio.<\/li>\n<li><em>Passi verso La Conoscenza<\/em> potrebbe sfidare convinzioni e supposizioni alle quali sei attaccato. Se questo accade, accetta la sfida e vedi che cosa ti riserva. Devi vedere oltre un punto di vista limitato se vuoi ottenerne uno pi\u00f9 vasto. \u00c8 qui che si ottiene soddisfazione.<\/li>\n<li><em>Passi verso La Conoscenza<\/em> \u00e8 un dono che ti arriva da Dio attraverso i maestri invisibili che servono l\u2019umanit\u00e0. \u00c8 un dono a te affinch\u00e9 tu lo riceva e lo dia.<\/li>\n<\/ul>\n<p>&nbsp;<\/p>\n<p>IN CONCLUSIONE<\/p>\n<p>La forza ed il raggio d\u2019azione di <em>Passi verso La Conoscenza<\/em> \u00e8 grande come il suo scopo. La sua Fonte \u00e8 al di l\u00e0 di questo mondo. Insegna che il mondo sta per entrare a far parte di una Comunit\u00e0 Pi\u00f9 Grande di Mondi. Offre una nuova comprensione spirituale ed una preparazione che sono necessarie al fine di attivare i poteri spirituali di ogni persona e le loro capacit\u00e0 terrene. Questo redimer\u00e0 il loro passato e li preparer\u00e0 per il loro futuro. <em>Passi verso La Conoscenza<\/em> promuove un punto di vista che, nella comprensione di eventi nel mondo ed oltre, \u00e8 pi\u00f9 vasto di un punto di vista meramente umano. Sarebbe giusto dire che il curriculum di <em>Passi verso La Conoscenza<\/em> rappresenta La Saggezza Universale nel senso pi\u00f9 autentico.<\/p>\n<p>Come spesso indica <em>Passi<\/em>, la verit\u00e0, a prescindere da come viene concettualizzata, deve essere vissuta pienamente per poter essere compresa ed applicata correttamente. Questo \u00e8 un processo passo dopo passo. Per servire coloro che sono chiamati per realizzare il loro retaggio spirituale ed il loro scopo nel mondo in questo tempo, \u00e8 stato dato<em> Passi verso La Conoscenza<\/em>.<\/p>\n<p>&nbsp;<\/p>\n<p>NOTA DEI TRADUTTORI<\/p>\n<p><em>Tradurre una rivelazione impone al traduttore di limitare al minimo il suo intervento personale per eliminare ogni possibilit\u00e0 di inquinare o alterare anche impercettibilmente il significato dei Passi con la sua sensibilit\u00e0 ed il suo gusto personale. Pertanto non \u00e8 una traduzione libera, e la costruzione delle frasi e la scelta dei vocaboli originali \u00e8 stata mantenuta sempre, salvo in caso di espressioni idiomatiche peculiari dell&#8217;inglese che non potevano essere tradotte se non ricorrendo ad una corrispondente espressione italiana.<\/em><\/p>\n<p>&nbsp;<\/p>\n<p>STILLNESS<\/p>\n<p>La parola \u201cStillness\u201d utilizzata nel testo originale in inglese, \u00e8 stata tradotta con \u201cCalma\u201d. La parola inglese \u201cStillness\u201d racchiude in s\u00e9 anche le sfumature lessicali delle parole italiane \u201cQuiete\u201d, \u201cTranquillit\u00e0\u201d, \u201cImmobilit\u00e0\u201d, \u201cSilenzio\u201d e \u201cPace\u201d. \u00c8 importante sottolineare che \u201cStillness\u201d, tradotto in \u201cCalma\u201d nel presente testo, \u00e8 un concetto fondamentale all\u2019interno programma di preparazione e rappresenta lo stato di quiete interiore che \u00e8 la condizione ricercata nei periodi di pratica. \u00c8 un momento nel quale si ferma il \u201cchiacchierio\u201d mentale per lasciare spazio alla Mente Profonda.<\/p>\n<p>&nbsp;<\/p>\n<p style=\"text-align: center;\"><em>\u2026 \u201cIn Stillness all things can be known.\u201d \u2026<\/em><\/p>\n","protected":false},"excerpt":{"rendered":"<p>Passi verso La Conoscenza \u00e8 il Libro del Sapere Interiore. Il suo curriculum di studi della durata di un anno \u00e8 suddiviso in 365 \u201cpassi\u201d o lezioni ed \u00e8 studiato per consentire agli studenti di imparare a vivere l\u2019esperienza della loro Conoscenza del S\u00e9, o Potere Spirituale, e applicarla nel mondo. Passi verso La Conoscenza\u2026 <a class=\"read-more\" href=\"https:\/\/www.v6.newmessage.org\/it\/il-messaggio\/volume-3\/passi-verso-la-conoscenza\/introduzione\"><span>Read More<\/span><\/a><\/p>\n","protected":false},"author":22,"featured_media":0,"parent":13077,"menu_order":0,"comment_status":"closed","ping_status":"closed","template":"template-leftsidebar.php","meta":{"_monsterinsights_skip_tracking":false,"_monsterinsights_sitenote_active":false,"_monsterinsights_sitenote_note":"","_monsterinsights_sitenote_category":0,"footnotes":""},"categories":[117,76,335,30,77,470],"tags":[],"_links":{"self":[{"href":"https:\/\/www.v6.newmessage.org\/it\/wp-json\/wp\/v2\/pages\/27394"}],"collection":[{"href":"https:\/\/www.v6.newmessage.org\/it\/wp-json\/wp\/v2\/pages"}],"about":[{"href":"https:\/\/www.v6.newmessage.org\/it\/wp-json\/wp\/v2\/types\/page"}],"author":[{"embeddable":true,"href":"https:\/\/www.v6.newmessage.org\/it\/wp-json\/wp\/v2\/users\/22"}],"replies":[{"embeddable":true,"href":"https:\/\/www.v6.newmessage.org\/it\/wp-json\/wp\/v2\/comments?post=27394"}],"version-history":[{"count":4,"href":"https:\/\/www.v6.newmessage.org\/it\/wp-json\/wp\/v2\/pages\/27394\/revisions"}],"predecessor-version":[{"id":28778,"href":"https:\/\/www.v6.newmessage.org\/it\/wp-json\/wp\/v2\/pages\/27394\/revisions\/28778"}],"up":[{"embeddable":true,"href":"https:\/\/www.v6.newmessage.org\/it\/wp-json\/wp\/v2\/pages\/13077"}],"wp:attachment":[{"href":"https:\/\/www.v6.newmessage.org\/it\/wp-json\/wp\/v2\/media?parent=27394"}],"wp:term":[{"taxonomy":"category","embeddable":true,"href":"https:\/\/www.v6.newmessage.org\/it\/wp-json\/wp\/v2\/categories?post=27394"},{"taxonomy":"post_tag","embeddable":true,"href":"https:\/\/www.v6.newmessage.org\/it\/wp-json\/wp\/v2\/tags?post=27394"}],"curies":[{"name":"wp","href":"https:\/\/api.w.org\/{rel}","templated":true}]}}