{"id":25020,"date":"2015-10-17T00:26:30","date_gmt":"2015-10-17T00:26:30","guid":{"rendered":"http:\/\/www.newmessage.org\/?page_id=25020"},"modified":"2022-06-23T06:50:32","modified_gmt":"2022-06-23T06:50:32","slug":"muhammad-e-il-nuovo-messaggio-da-dio","status":"publish","type":"page","link":"https:\/\/www.v6.newmessage.org\/it\/il-messaggio\/volume-1\/il-tempo-della-rivelazione\/muhammad-e-il-nuovo-messaggio-da-dio","title":{"rendered":"Muhammad e il Nuovo Messaggio da Dio"},"content":{"rendered":"<div><!-- Version 3.1 Verse --><\/div>\n\n<div class=\"tabgroup \"><ul class=\"tabs\"><li><a href=\"#tabs-1\">Ascolta<\/a><\/li>\n<li><a href=\"#tabs-2\">Nota<\/a><\/li><\/ul>\n <div id=\"tabs-1\"><br \/>\nAscolta la Voce della Rivelazione Originale in Inglese:<\/p>\n<div id=\"jquery_jplayer_1\" class=\"jp-jplayer\"><\/div>\n\t\t\t\t<div id=\"jp_container_1\" class=\"jp-audio\">\n\t\t\t\t<div class=\"jp-type-single\"><div class=\"jp-control\"><a href=\"javascript:;\" class=\"jp-play\" tabindex=\"1\">play<\/a><a href=\"javascript:;\" class=\"jp-pause\" tabindex=\"1\">pause<\/a><\/div> <div class=\"jp-gui jp-interface\"><div class=\"jp-volume\"><div class=\"jp-volume-bar\"><div class=\"jp-volume-bar-value\"><\/div><\/div><\/div><div class=\"jp-progress\"><div class=\"jp-seek-bar\"><div class=\"jp-play-bar\"><\/div><\/div><\/div><\/div>\t\t\t\t\t<div class=\"jp-no-solution\"><span>Update Required<\/span>To play the media you will need to either update your browser to a recent version or update your <a href=\"http:\/\/get.adobe.com\/flashplayer\/\" target=\"_blank\">Flash plugin<\/a>.<\/div><\/div><\/div>\n\t\t\t<script type='text\/javascript'>\n\t\t\t\tjQuery(document).ready(function() {\n\t\t\t\t\tif (typeof (sermonMedia) == 'function') {\n\t\t\t\t\t\tsermonMedia.addAudio('', \"jquery_jplayer_1\");\n\t\t\t\t\t}\n\t\t\t\t\tjQuery.jPlayer.timeFormat.showHour = true;\n\t\t\t\t\tjQuery(\"#jquery_jplayer_1\").jPlayer({\n\t\t\t\t\t\tready: function(event) {\n\t\t\t\t\t\t\tjQuery(this).jPlayer(\"setMedia\", {mp3: 'https:\/\/www.newmessage.org\/av\/muhammad-and-the-new-message-from-god.mp3'});\n\t\t\t\t\t\t},\n\t\t\t\t\t\tplay: function() {\n\t\t\t\t\t\t\tjQuery(this).jPlayer(\"pauseOthers\");\n\t\t\t\t\t\t},\n\t\t\t\t\t\tswfPath: ThemeData.directory_uri+\"\/swf\",\n\t\t\t\t\t\tsolution: \"html, flash\",\n\t\t\t\t\t\tpreload: \"metadata\",\n\t\t\t\t\t\twmode: \"window\",\n\t\t\t\t\t\tsupplied: \"mp3\",\n\t\t\t\t\t\tcssSelectorAncestor: '#jp_container_1'\n\t\t\t\t\t});\n\t\t\t\t});\n\t\t\t<\/script><\/p>\n<p><a title=\"Muhammad and the New Message from God\" href=\"https:\/\/www.newmessage.org\/av\/muhammad-and-the-new-message-from-god.mp3\">Download<\/a> (clicca tasto destro del mouse)<\/p>\n<p><em>Come rivelato al Messaggero di Dio<br \/>\nMarshall Vian Summers<br \/>\nIl 19 Luglio 2014<br \/>\nin Boulder, Colorado<br \/>\n<\/em><\/p>\n<div class=\"toggle toggle-white\"><h4 class=\"trigger \"><span class=\"t_ico\"><\/span><a href=\"#\">Note riguardo a questa registrazione<\/a><\/h4><div class=\"toggle_container \"><br \/>\n<p>Quella che state sentendo in questa registrazione \u00e8 la voce della <u>Assemblea <\/u>Angelica che sta parlando tramite il <u>Messaggero <\/u>Marshall Vian Summers.<\/p>\n<p>Qua, la comunicazione originale di Dio, che esiste al di l\u00e0 delle parole, \u00e8 tradotta nel linguaggio e nella comprensione umana dall\u2019Assemblea Angelica che veglia sul mondo. Poi l\u2019Assemblea consegna il Messaggio di Dio tramite il Messaggero.<\/p>\n<p>In questo notevole processo, la Voce della Rivelazione sta parlando di nuovo. La Parola e il suono della Voce sono nel mondo. Per la prima volta nella storia, la registrazione dell\u2019originale rivelazione parlata \u00e8 disponibile affinch\u00e9 voi e il mondo la possiate sentire.<\/p>\n<p>Possiate voi essere i destinatari di questo dono di Rivelazione e possiate essere aperti a ricevere il suo Messaggio unico per voi e per la vostra vita.<\/p>\n<br \/>\n<\/div><\/div>\n<p><\/div>\n<div id=\"tabs-2\"><br \/>\n<em>Nota per il Lettore:<br \/>\nQuesta traduzione \u00e8 stata fornita a The Society da uno studente del Nuovo Messaggio che si \u00e8 offerto volontario per tradurre il testo originale in Inglese. Noi rendiamo questa traduzione disponibile al mondo in questa forma iniziale affinch\u00e9 le persone abbiano la possibilit\u00e0 di interagire con una porzione del Nuovo Messaggio nella propria lingua.<\/em><br \/>\n<\/div>\n\t\t\t\t<div align=\"right\">\n\t\t\t<div class=\"fb-like\" data-href=\"\" data-layout=\"button_count\" data-action=\"like\" data-show-faces=\"false\" data-share=\"false\"><\/div>\n\t\t\t<div class=\"fb-share-button\" data-layout=\"button_count\"> <\/div>\n\t\t\t<div class=\"fb_iframe_widget\"><a href=\"https:\/\/twitter.com\/godsnewmessage?ref_src=twsrc%5Etfw\" class=\"twitter-follow-button\" data-show-count=\"false\">Follow @godsnewmessage<\/a><script async src=\"https:\/\/platform.twitter.com\/widgets.js\" charset=\"utf-8\"><\/script><\/div>\n\t\t\t<\/div> <\/div> \n\n<p>Oggi Noi parleremo di Muhammad e il Nuovo Messaggio da Dio.<\/p>\n<p>\u00c8 importante per voi capire che tutti i grandi Messaggeri sono venuti dalla Assemblea Angelica. Loro sono venuti da questa unica grande Assemblea che \u00e8 incaricata di vegliare sul benessere e sul progresso dell\u2019umanit\u00e0.<\/p>\n<p>Se questo potesse essere capito, allora la guerra e il conflitto tra le religioni potrebbe forse essere cessato, perch\u00e9 questo deve avere luogo adesso in un mondo che affronta Grandi Onde di cambiamento.<\/p>\n<p>Muhammad fu uno dei grandi Messaggeri mandati dalla Assemblea Angelica per parlare a una parte del mondo che era destinata a emergere e ad avere un\u2019influenza globale. Ci\u00f2 fu dato in un tempo specifico nella storia dove tale possibilit\u00e0 poteva essere realizzata. Il tempo e il luogo furono essenziali per questo.<\/p>\n<p>Gli fu data la missione difficilissima di parlare a trib\u00f9 di persone che non avevano alcuna nozione di vera libert\u00e0 e sviluppo sociale al di l\u00e0 di quello a cui si erano abituati nel loro tempo, vivendo con tremende fatiche e constante conflitto. Non sapevano che un grande Messaggio per il mondo gli sarebbe arrivato nel loro tempo, nel tempo del Messaggero.<\/p>\n<p>La sua Rivelazione ad essi sarebbe stata molto semplice e molto impetuosa, perch\u00e9 loro capivano la potenza solo in quei termini, essendo ancora inconsapevoli delle pi\u00f9 grandi dimensioni delle loro vite.<\/p>\n<p>Il Messaggio di Muhammad era quello di costruire una societ\u00e0 basata sulla fede e su un pi\u00f9 grande sodalizio intorno alla Rivelazione stessa, una istituzione sociale mai vista prima in quella parte del mondo. Fu rivoluzionaria in talmente tanti modi, un grande movimento in avanti. Per\u00f2 come tutte le grandi tradizioni del passato, cadde sotto l\u2019egida di leader politici. Divent\u00f2 l\u2019istituzione. E ne consegu\u00ec che il suo mistero e la sua potenza furono rimosse.<\/p>\n<p>Muhammad ricevette la Parola di Dio per quelle persone in quel tempo, in un tempo molto differente dal tempo in cui state vivendo oggi. Fu un Messaggio per quel tempo, ma anche conteneva i semi di una pi\u00f9 grande saggezza e compassione, molta della quale fortunatamente \u00e8 stata preservata.<\/p>\n<p>Ma Muhammad non compil\u00f2 il Corano come gli fu incaricato di fare, perch\u00e9 egli per\u00ec e mor\u00ec prima che questo potesse essere completato. Esso, pertanto, fu assemblato da diversi individui che avevano diverse intenzioni, e i grandi Sura della rivelazione personale furono lasciati fuori. L\u2019Islam divent\u00f2 una religione di obbedienza e sottomissione, che erano cose necessarie specialmente in quel tempo. Ma le Rivelazioni di realizzazione personale e dell\u2019amore di Dio non furono incluse.<\/p>\n<p>\u00c8 un problema, vedete, una tragedia in se stessa, che le grandi religioni furono stabilite dopo il tempo della vita dei grandi Messaggeri, un problema che \u00e8 stato ripetuto molte volte con molte sfortunate conseguenze.<\/p>\n<p>Muhammad ebbe il difficilissimo compito di stabilire, costruire e proteggere un nuovo ordine sociale: una comunit\u00e0 di credenti, una comunit\u00e0 di aderenti, un comunit\u00e0 diversa da qualsiasi cosa che era mai stata vista prima in quella parte del mondo. Le sue prove comportavano stabilire questo affinch\u00e9 il suo Messaggio potesse essere in grado di diffondersi al di l\u00e0 della sua regione, cos\u00ec come ha fatto.<\/p>\n<p>\u00c8 una delle grandi Rivelazioni per l\u2019umanit\u00e0, ma \u00e8 incompleta. E molti errori furono commessi con essa. Per proteggerla, i suoi seguaci insistettero che egli fosse l\u2019ultimo profeta, e che non ci sarebbe stata nessuna ulteriore parola da Dio.<\/p>\n<p>In un senso, quello era vero per un certo tempo, ma non poteva essere vero per tutto il tempo. Perch\u00e9 Dio ha altro da dire al mondo. E in questi tempi di grande cambiamento e scompiglio nel mondo nel suo complesso, Dio ha dato una Nuova Rivelazione e ha spezzato il Sigillo dei Profeti, come fu previsto e sarebbe divenuto necessario quando sarebbe arrivato il tempo.<\/p>\n<p>Il Cielo comprende questo perfettamente, ovviamente, perch\u00e9 \u00e8 parte di un Progetto Superiore che \u00e8 al di l\u00e0 della comprensione umana\u2014un Piano non solo per questo mondo, ma per l\u2019universo stesso; un Piano per miliardi, miliardi, miliardi di razze e altre ancora, cos\u00ec diverse da voi, razze che vivono in ambienti diversi e in ogni stadio di evoluzione sociale e spirituale, in un universo talmente complesso che nessuna razza pu\u00f2 comprendere pienamente.<\/p>\n<p>Quello che \u00e8 importante che voi sappiate \u00e8 che Dio sta dando una serie di Rivelazioni progressive, ognuna che aggiunge qualcosa di essenziale alla costruzione e protezione della civilt\u00e0 umana\u2014non una nazione sola, non semplicemente una sola cultura o trib\u00f9, ma per l\u2019intero mondo, vedete.<\/p>\n<p>L\u2019Islam in definitiva era per l\u2019intero mondo, vedete, anche se non tutti sarebbero divenuti i suoi adepti. Ma il Cielo sa che tale sarebbe stato il caso. Non fu mai designata per essere l\u2019unica religione di questo mondo, perch\u00e9 il Cielo sa che quello non sarebbe mai il caso.<\/p>\n<p>Per cui Dio ha dato diverse Rivelazioni in punti di svolta per l\u2019umanit\u00e0, non solo per andare incontro ai bisogni di quei tempi, ma per andare incontro ai bisogni di tutti i tempi. Perch\u00e9 l\u2019umanit\u00e0 ha un pi\u00f9 grande destino nell\u2019universo, per il quale \u00e8 impreparata.<\/p>\n<p>Tutte le grandi religioni hanno dato all\u2019umanit\u00e0 l\u2019opportunit\u00e0 di costruire una pi\u00f9 alta fondazione morale ed etica, per imparare la moderazione, per imparare la reverenza, per imparare a vedere al di l\u00e0 della propria razza e trib\u00f9 e nazione. Perch\u00e9 voi siete destinati a diventare una unica umanit\u00e0\u2014una comunit\u00e0, una umanit\u00e0 unica con tutte le divergenze di cultura, razza, costume e via dicendo.<\/p>\n<p>Il Grande Piano \u00e8 per questo, un Piano per il quale l\u2019umanit\u00e0 in questo momento \u00e8 impreparata e inconsapevole.<\/p>\n<p>I sostenitori di Muhammad fecero l\u2019errore di dichiarare che egli era il finale e unico Profeta per il futuro, perch\u00e9 nessun uomo pu\u00f2 dire questo. Anche il Profeta, il Messaggero, non \u00e8 in grado di dire questo. Anche l\u2019assemblea Angelica, dalla quale tutti i Messaggeri sono emersi, non \u00e8 in grado di dire questo.<\/p>\n<p>Per cui Dio parla quando Dio lo vuole. E nessuno oltre a Dio pu\u00f2 dire altrimenti, o capire il momento e il tempo in cui una Grande Rivelazione sar\u00e0 data.<\/p>\n<p>I sostenitori di Muhammad in molti casi forzarono la religione sulle genti che erano soggiogate da essa, contro la volont\u00e0 del Messaggero. La trasmissione di leadership nella comunit\u00e0 fu consegnata a forze al di l\u00e0 della volont\u00e0 e la stipulazione del Messaggero.<\/p>\n<p>L\u2019Islam oggi sta soffrendo e anche declinando per via dei conflitti che sono emersi nel tempo\u2014le grandi spaccature dentro la religione e i suoi sostenitori, la grande discordia sociale, le grandi guerre, il grande degrado, la grande sofferenza.<\/p>\n<p>Quando la religione cade sotto il governo dello stato, allora la sua vera efficacia inizia a svanire, e cessa di avere la potenza con cui fu originariamente data.<\/p>\n<p>L\u2019Islam divent\u00f2 in molti tempi la religione dello stato, cosa che non fu mai l\u2019intenzione del Creatore. Anche se era necessario nel tempo di Muhammad stabilire la tradizione e l\u2019insegnamento, non fu mai intesa per essere il governo dello stato.<\/p>\n<p>Per cui la religione non deve mai governare. Deve solo incoraggiare, ispirare e consigliare, altrimenti sar\u00e0 corrotta da tutte le forze che hanno corrotto i governi, da tutte le forze che corrompono l\u2019umanit\u00e0, cercando potere e dominazione, cercando di proteggere la ricchezza e il privilegio.<\/p>\n<p>La vera essenza dell\u2019Islam \u00e8 stata tenuta viva da coloro che non sono governati da tali cose. La vera essenza di tutte le grandi tradizioni \u00e8 mantenuta viva da coloro che non sono governati da tali cose.<\/p>\n<p>Per cui l\u2019Islam consiste nel ritorno al mistero della vostra relazione con il Divino. Non \u00e8 meramente un codice di etica e comportamento per una condotta sociale o per stabilire uno schema di servizio religioso. Al di l\u00e0 di questo, \u00e8 designato a generare il ritorno a Dio attraverso grande servizio nel mondo, attraverso compassione, attraverso perdono, attraverso umilt\u00e0, attraverso coraggio.<\/p>\n<p>Non pu\u00f2 essere lo stendardo di guerra, perch\u00e9 non ci sono guerrieri sacri. Non ci sono guerre sacre. Tutta la guerra rappresenta un fallimento delle nazioni, trib\u00f9 e gruppi umani nel lavorare insieme per il reciproco beneficio e benessere.<\/p>\n<p>Non c\u2019\u00e8 nessuna guerra che \u00e8 \u201cjihad,\u201d perch\u00e9 \u201cjihad\u201d consiste nella auto-purificazione, non nel dichiarare guerra contro i vostri vicini o contro potenze straniere. Questo \u00e8 un errore che la Cristianit\u00e0 e l\u2019Islam ambedue hanno alimentato causando grande distruzione, un grande errore nella comprensione, il risultato della religione divenuta una istituzione, una istituzione politica con potere e dominio.<\/p>\n<p>L\u2019Islam e la Cristianit\u00e0 sono state tenute vive da coloro che non sono governati da queste forze.<\/p>\n<p>Muhammad divent\u00f2 un modello di leadership, ma non leadership politica. Egli divent\u00f2 un modello di servizio, ma egli fece errori, perch\u00e9 tutti i Messaggeri hanno commesso errori.<\/p>\n<p>Lo scopo dell\u2019Islam \u00e8 lo scopo di tutte le grandi religioni\u2014di portarvi vicino a quello che Dio ha messo dentro di voi da seguire, quello che noi chiamiamo \u201cConoscenza\u201d \u2014la vostra connessione Divina con Dio. Questo \u00e8 quello che vi permetter\u00e0 di rispondere e diventare fedeli. Senza questa Conoscenza, la fede sar\u00e0 forzata attraverso la minaccia dell\u2019inferno e della dannazione, attraverso la punizione da parte delle autorit\u00e0 umane, e anche la punizione da parte di Dio.<\/p>\n<p>Ma Dio non vi punir\u00e0, perch\u00e9 Dio sa che senza La Conoscenza a guidarvi, sareste nell\u2019errore. Fareste un errore dopo l\u2019altro. Vivreste in confusione e assumereste che le vostre convinzioni e ammonizioni siano la verit\u00e0 stessa, quando con la verit\u00e0 non siete neanche ingaggiati, la verit\u00e0 superiore che vi redimer\u00e0 verso voi stessi e verso l\u2019intero mondo.<\/p>\n<p>L\u2019enfasi sull\u2019inferno e la dannazione nelle antiche tradizioni era la convinzione e la supposizione che permeava l\u2019intero mondo antico. Perch\u00e9 le persone non sapevano della Conoscenza, eccetto per pochissimi prescienti individui. Tutti si convertivano sotto la minaccia di punizione. Tutti credevano, pensavano che avrebbero dovuto affrontare terribili conseguenze se non lo avessero fatto. Tutti si comportavano pensando che non solo il governo li punirebbe, ma che Dio li punirebbe\u2014il dio o gli dei.<\/p>\n<p>Per quello Dio \u00e8 presentato amorale nel primordio, un dio pi\u00f9 come te stesso\u2014gentile con coloro che sono d\u2019accordo con te e duro con coloro che non lo sono, una proiezione della psicologia umana, temperamento umano, rancore umano e natura umana.<\/p>\n<p>Ma come l\u2019umanit\u00e0 \u00e8 progredita nella propria evoluzione, cos\u00ec anche la comprensione di Dio. Perch\u00e9 Dio possa essere misericordioso, non ci pu\u00f2 essere l\u2019Inferno e la dannazione. Ma come pu\u00f2 Dio essere cos\u00ec misericordioso quando l\u2019umanit\u00e0 vive in tale errore e degrado?<\/p>\n<p>La risposta \u00e8 che Dio ha messo dentro ogni persona La Conoscenza, che attende di essere scoperta. E fino a quando non \u00e8 scoperta e incoraggiata, le persone vivranno nell\u2019errore, e la loro comprensione di Dio sar\u00e0 basata su convinzioni e tradizioni e su codici e leggi. Loro non hanno ancora trovato il vero impegno, un percorso superiore al di l\u00e0 di semplicemente seguire i precetti dell\u2019essere fedeli alla Parola, che in se stessa \u00e8 una sfida grande abbastanza.<\/p>\n<p>Ma Dio vi sta chiamando affinch\u00e9 ritorniate, non per lasciare il mondo, ma per diventare agenti di bene nel mondo. Per quello siete venuti. Per quello siete qua. Al di l\u00e0 del vostro bisogno di sopravvivenza, sicurezza e certezza, questo \u00e8 il pi\u00f9 grande bisogno dell\u2019Anima\u2014riconoscere questo e realizzarlo in questa vita.<\/p>\n<p>L\u2019Islam fece l\u2019errore di condannare coloro che avrebbero lasciato la fede per altre religioni, anche punibili con la morte in certe parti del mondo, anche oggi.<\/p>\n<p>Questa \u00e8 una invenzione umana. A Dio non importa quale sia la vostra tradizione di fede fintanto che la possiate utilizzare per ottenere accesso alla Conoscenza che Dio ha messo dentro di voi e diventare fedeli a lei, primariamente e fondamentalmente\u2014imparando a distinguerla da tutti gli impulsi della vostra mente; imparando a distinguerla dalla paura e dall\u2019avidit\u00e0, dall\u2019aggressione e dall\u2019ostilit\u00e0, dalla passione e dall\u2019inganno.<\/p>\n<p>Quando questa [La Conoscenza] \u00e8 persa dalla religione, la religione diventa lo stato. Non si cura di cosa significhi realt\u00e0 spirituale a livello individuale. Si cura solo di comandare e ordinare. Vuole eliminare le controversie. Vuole eliminare la contraddizione. Vuole sopprimere il dissenso, anche la naturale esplorazione che ogni persona spiritualmente ispirata intraprender\u00e0\u2014anche questo lo scoragger\u00e0 e lo negher\u00e0.<\/p>\n<p>Voi non potete amare un Dio che vi punir\u00e0 per i vostri naturali e inevitabili errori. Voi non potete amare un Dio al quale non potete essere vicino in qualche modo. Anche se Dio \u00e8 grande, pi\u00f9 grande anche di quanto vi possiate immaginare, la Conoscenza dentro di voi vi porta pi\u00f9 vicini a Dio e alla Volont\u00e0 di Dio, e mitiga tutti gli errori e le tendenze pericolose dentro la vostra mente e le vostre circostanze.<\/p>\n<p>In definitiva, sar\u00e0 la fine di ogni guerra e conflitto se abbastanza persone possono seguire questo.<\/p>\n<p>Muhammad ha giocato la sua essenziale parte nel muovere l\u2019umanit\u00e0 verso questa pi\u00f9 grande dimensione, questo pi\u00f9 grande destino, questo pi\u00f9 grande futuro.<\/p>\n<p>Se voi capite le Nostre parole, vedrete che non ci dovrebbe essere alcun conflitto tra le religioni del mondo. Non ci dovrebbe essere alcun conflitto neanche nell\u2019ambito delle religioni del mondo, sulla loro interpretazione, perch\u00e9 sempre ci sar\u00e0 una variet\u00e0 di interpretazioni.<\/p>\n<p>Quello che porta vera unit\u00e0 alle persone \u00e8 il potere della Conoscenza, perch\u00e9 quella \u00e8 la vera moralit\u00e0. Perch\u00e9 al livello della Conoscenza, voi non potete essere in conflitto con altri. Anche se loro hanno una diversa interpretazione o idee diverse, voi non potete veramente essere in conflitto con loro.<\/p>\n<p>Se voi non state usando la religione per ottenere potere o semplicemente per fuggire dalla vostra insicurezza, allora potete assumere la sua pi\u00f9 grande responsabilit\u00e0 e le sue pi\u00f9 grandi benedizioni.<\/p>\n<p>Dio adesso ha parlato di nuovo. I Sigilli dei Profeti adesso sono stati spezzati di nuovo perch\u00e9 una Nuova Rivelazione deve essere data al mondo. Deve essere data a un mondo che affronta le Grandi Onde di cambiamento ambientale, sociale ed economico che stanno adesso dinnanzi all\u2019intero mondo, tutte in una volta. Deve essere data adesso perch\u00e9 l\u2019umanit\u00e0 sta incontrando un universo pieno di vita intelligente.<\/p>\n<p>Due grandi soglie per le quali le antiche tradizioni non furono progettate per prepararvi. Anche se la loro saggezza \u00e8 veramente grande e pervasiva per ogni tempo, loro non sono in grado di prepararvi per la grande soglia sulla quale l\u2019umanit\u00e0 si sta adesso imbarcando.<\/p>\n<p>Le religioni sono divise e anche in contesa nel proprio ambito. Molte persone nel mondo oggi stanno voltando le spalle alla religione, pensando che la tecnologia sia la loro nuova religione. La religione sta generando sempre pi\u00f9 guerra e conflitto mentre arrivano le Grandi Onde del cambiamento\u2014diminuendo le risorse del mondo; cambiando il clima del mondo; creando crescente pressione, difficolt\u00e0 e incertezza.<\/p>\n<p>Tutto questo ha portato una Nuova Rivelazione da Dio, una Rivelazione non data a un mondo antico di persone illetterate che vivono soggiogate, ma data a un mondo moderno di comunicazione globale, di commercio globale e, per molti, di crescente consapevolezza globale. Dio sta dando una Rivelazione pi\u00f9 completa e pi\u00f9 dettagliata di qualsiasi cosa che sia mai stata data prima alla famiglia umana\u2014non per sostituire le religioni del mondo, ma per espanderle e per unirle, perch\u00e9 loro sono tutte parte del Piano di Dio, vedete.<\/p>\n<p>Tutte le tragedie e gli errori che sono stati creati nel nome della religione sono una invenzione umana, nati dall\u2019errore umano e dall\u2019incomprensione umana.<\/p>\n<p>Adesso l\u2019umanit\u00e0 ha raggiunto un livello di sviluppo sociale e di consapevolezza collettiva tale da poter capire il Dio dell\u2019intero universo e iniziare a rispondere a quello che Dio ha messo dentro di voi, che \u00e8 il pi\u00f9 grande dono di Dio a voi\u2014il potere e la presenza della Conoscenza, che \u00e8 pura e eterna e non pu\u00f2 essere corrotta dal mondo o da alcuna forza nell\u2019universo.<\/p>\n<p>Qua Islam diventa una Islam dell\u2019universo. Qua Cristianit\u00e0 e Islam diventano differenti espressioni dello stesso Potere, della stessa Forza e dello stesso Piano. Qua tutte le religioni del mondo adesso, a prescindere dalle differenze in praticantato e comprensione teologica, tutte provengono dalla stessa Fonte per servire lo sviluppo e la protezione della civilt\u00e0 umana, particolarmente adesso che affronta il declino ambientale e che affronta l\u2019intromissione dall\u2019universo intorno a voi, per il quale l\u2019umanit\u00e0 \u00e8 completamente impreparata.<\/p>\n<p>Se voi poteste capire la religione a questo livello, pi\u00f9 vicino alla comprensione del Cielo, potreste vedere tutte queste cose di cui Noi parliamo, ed esse sarebbero chiare come il giorno.<\/p>\n<p>Non avete bisogno di difendere la vostra fede, perch\u00e9 la vostra fede deve essere al di l\u00e0 delle idee, delle convinzioni e della tradizione. \u00c8 il vostro centrale impegno con la Conoscenza che Dio ha messo dentro di voi per guidarvi, per proteggervi e per condurvi a un pi\u00f9 grande livello di servizio e di realizzazione nel mondo\u2014in questo mondo, nel mondo sotto queste specifiche circostanze per le quali siete venuti.<\/p>\n<p>Allora onorerete tutte the religioni e riconoscerete gli errori che sono stati commessi da coloro che le seguivano e da coloro che le mantenevano nel tempo. Sareste in grado di vedere l\u2019essenza al di l\u00e0 della forma. Sareste in grado di discernere lo scopo al di l\u00e0 della manifestazione.<\/p>\n<p>Dio adesso vi sta dando la comprensione della religione al livello della Conoscenza, non solo dato a individui adepti, ma reso disponibile all\u2019intero mondo. Perch\u00e9 \u00e8 necessaria adesso a tante persone. \u00c8 necessaria adesso a tante persone se l\u2019umanit\u00e0 vuole sopravvivere le Grandi Onde del cambiamento e se vuole prepararsi per il suo ingaggio con la vita nell\u2019universo, la pi\u00f9 grande soglia che la famiglia umana abbia mai affrontato.<\/p>\n<p>La religione \u00e8 per portarvi pi\u00f9 vicini a Dio e pi\u00f9 vicini a quello che Dio ha messo dentro di voi da seguire\u2014ogni religione che \u00e8 vera ed efficace, ogni religione che \u00e8 nata dalle Grandi Rivelazioni date dal Creatore di tutta la vita, attraverso la Presenza Angelica, date presso grandi punti di svolta per l\u2019umanit\u00e0.<\/p>\n<p>Capite che ci sono secoli e millenni tra le Grandi Rivelazioni. Perch\u00e9 Dio parla all\u2019umanit\u00e0 nel suo complesso solo presso questi grandi punti di svolta e [adesso] fornisce la Grande Rivelazione che vi preparer\u00e0, per ripristinare il vostro mondo e per darvi la forza, il coraggio e l\u2019unit\u00e0 per affrontare un futuro che sar\u00e0 diverso dal passato.<\/p>\n<p>&nbsp;<\/p>\n","protected":false},"excerpt":{"rendered":"<p>Oggi Noi parleremo di Muhammad e il Nuovo Messaggio da Dio. \u00c8 importante per voi capire che tutti i grandi Messaggeri sono venuti dalla Assemblea Angelica. Loro sono venuti da questa unica grande Assemblea che \u00e8 incaricata di vegliare sul benessere e sul progresso dell\u2019umanit\u00e0. Se questo potesse essere capito, allora la guerra e il\u2026 <a class=\"read-more\" href=\"https:\/\/www.v6.newmessage.org\/it\/about-recording-shortcode\"><span>Read More<\/span><\/a><\/p>\n","protected":false},"author":32,"featured_media":0,"parent":29172,"menu_order":6,"comment_status":"closed","ping_status":"closed","template":"template-leftsidebar.php","meta":{"_monsterinsights_skip_tracking":false,"_monsterinsights_sitenote_active":false,"_monsterinsights_sitenote_note":"","_monsterinsights_sitenote_category":0,"footnotes":""},"categories":[117,118,76,1136,460],"tags":[749,740,745,750,743,748,741,746,744,747,742],"_links":{"self":[{"href":"https:\/\/www.v6.newmessage.org\/it\/wp-json\/wp\/v2\/pages\/25020"}],"collection":[{"href":"https:\/\/www.v6.newmessage.org\/it\/wp-json\/wp\/v2\/pages"}],"about":[{"href":"https:\/\/www.v6.newmessage.org\/it\/wp-json\/wp\/v2\/types\/page"}],"author":[{"embeddable":true,"href":"https:\/\/www.v6.newmessage.org\/it\/wp-json\/wp\/v2\/users\/32"}],"replies":[{"embeddable":true,"href":"https:\/\/www.v6.newmessage.org\/it\/wp-json\/wp\/v2\/comments?post=25020"}],"version-history":[{"count":17,"href":"https:\/\/www.v6.newmessage.org\/it\/wp-json\/wp\/v2\/pages\/25020\/revisions"}],"predecessor-version":[{"id":28137,"href":"https:\/\/www.v6.newmessage.org\/it\/wp-json\/wp\/v2\/pages\/25020\/revisions\/28137"}],"up":[{"embeddable":true,"href":"https:\/\/www.v6.newmessage.org\/it\/wp-json\/wp\/v2\/pages\/29172"}],"wp:attachment":[{"href":"https:\/\/www.v6.newmessage.org\/it\/wp-json\/wp\/v2\/media?parent=25020"}],"wp:term":[{"taxonomy":"category","embeddable":true,"href":"https:\/\/www.v6.newmessage.org\/it\/wp-json\/wp\/v2\/categories?post=25020"},{"taxonomy":"post_tag","embeddable":true,"href":"https:\/\/www.v6.newmessage.org\/it\/wp-json\/wp\/v2\/tags?post=25020"}],"curies":[{"name":"wp","href":"https:\/\/api.w.org\/{rel}","templated":true}]}}